











{"id":118876,"date":"2026-03-05T16:49:56","date_gmt":"2026-03-05T16:49:56","guid":{"rendered":"https:\/\/ses-creative.com\/?post_type=product&#038;p=118876"},"modified":"2026-03-06T07:01:57","modified_gmt":"2026-03-06T07:01:57","slug":"moulage-et-peinture-mega-coffret-licorne-et-sirene","status":"publish","type":"product","link":"https:\/\/ses-creative.com\/fr\/produit\/moulage-et-peinture-mega-coffret-licorne-et-sirene\/","title":{"rendered":"Moulage et peinture &#8211; M\u00e9ga coffret licorne et sir\u00e8ne"},"content":{"rendered":"<p>Moulez, peignez et laissez libre cours \u00e0 votre cr\u00e9ativit\u00e9 !<br \/>\nAvec le kit Moulage et peinture \u2013 Mega Box Licorne et sir\u00e8ne de SES Creative, vous pouvez cr\u00e9er vous-m\u00eame les plus belles figurines en pl\u00e2tre. Ce kit de pl\u00e2tre extra large contient deux grands sacs de pl\u00e2tre et trois moules qui vous permettent de cr\u00e9er pas moins de vingt-neuf figurines diff\u00e9rentes. Choisissez parmi trois th\u00e8mes amusants, tels que : les licornes, les sir\u00e8nes et les animaux marins et les papillons. <\/p>\n<p>Donnez ensuite de la couleur \u00e0 vos cr\u00e9ations avec douze couleurs de peinture diff\u00e9rentes. Pour la touche finale, vous pouvez les d\u00e9corer avec de la colle paillet\u00e9e dor\u00e9e et argent\u00e9e pour un effet magique. Le pl\u00e2tre blanc \u00e0 s\u00e9chage rapide permet d&rsquo;obtenir des r\u00e9sultats d\u00e9taill\u00e9s, afin que chaque figurine prenne vraiment vie.<\/p>\n<p>Ce qui rend ce kit g\u00e9nial :<br \/>\n\u2022 Kit de pl\u00e2tre extra large avec suffisamment de pl\u00e2tre pour mouler pas moins de 29 figurines \u00e0 la fois<br \/>\n\u2022 Trois th\u00e8mes amusants : licornes, papillons et fleurs, et sir\u00e8nes et animaux marins<br \/>\n\u2022 Douze pots de peinture pour peindre toutes les figurines \u00e0 votre guise<br \/>\n\u2022 D\u00e9corez vos \u0153uvres d&rsquo;art avec de la colle paillet\u00e9e dor\u00e9e et argent\u00e9e pour un r\u00e9sultat \u00e9tincelant<br \/>\n\u2022 Pl\u00e2tre blanc \u00e0 s\u00e9chage rapide pour des d\u00e9tails nets et des instructions claires pour une utilisation facile<\/p>\n<p>Du plaisir cr\u00e9atif avec une touche de magie<br \/>\nLe kit Moulage et peinture \u2013 Mega Box Licorne et sir\u00e8ne offre des heures de plaisir cr\u00e9atif. Les enfants apprennent \u00e0 mouler, peindre et d\u00e9corer tout en cr\u00e9ant fi\u00e8rement leurs propres \u0153uvres d&rsquo;art color\u00e9es. Ce kit combine cr\u00e9ativit\u00e9, concentration et motricit\u00e9 fine, et garantit un r\u00e9sultat magnifique dont les enfants peuvent \u00eatre fiers.<\/p>\n<p>Contenu du kit :<br \/>\n\u2022 2 sachets de pl\u00e2tre<br \/>\n\u2022 3 moules : papillons, licornes et animaux marins<br \/>\n\u2022 12 pots de peinture<br \/>\n\u2022 Pinceau<br \/>\n\u2022 Spatule pour m\u00e9langer et lisser<br \/>\n\u2022 Tube de colle paillet\u00e9e argent\u00e9e<br \/>\n\u2022 Tube de colle paillet\u00e9e dor\u00e9e<br \/>\n\u2022Pourquoi choisir SES Creative<\/p>\n<p>Chez SES Creative, nous accordons une grande importance \u00e0 la s\u00e9curit\u00e9 et \u00e0 la qualit\u00e9.<br \/>\nTous nos produits sont d\u00e9velopp\u00e9s et test\u00e9s avec soin dans notre propre usine aux Pays-Bas, conform\u00e9ment aux normes de s\u00e9curit\u00e9 europ\u00e9ennes les plus strictes. SES Creative est synonyme de cr\u00e9ativit\u00e9, de plaisir et de d\u00e9veloppement, afin que les enfants puissent \u00eatre fiers de ce qu&rsquo;ils cr\u00e9ent.<\/p>\n<p>Moulez, peignez et faites briller !<br \/>\nD\u00e9couvrez le plaisir de cr\u00e9er vos propres figurines en pl\u00e2tre avec le kit. Moulage et peinture \u2013 Mega Box Licorne et Sir\u00e8ne de SES Creative. Une combinaison magique de moulage, peinture et d\u00e9coration. Pour un plaisir cr\u00e9atif sans fin.<\/p>\n","protected":false},"excerpt":{"rendered":"<p>Moulez, peignez et laissez libre cours \u00e0 votre cr\u00e9ativit\u00e9 ! Avec le kit Moulage et peinture \u2013 Mega Box Licorne et sir\u00e8ne de SES Creative, vous pouvez cr\u00e9er vous-m\u00eame les plus belles figurines en pl\u00e2tre. Ce kit de pl\u00e2tre extra large contient deux grands sacs de pl\u00e2tre et trois moules qui vous permettent de cr\u00e9er [&hellip;]<\/p>\n","protected":false},"featured_media":118967,"comment_status":"closed","ping_status":"closed","template":"","meta":{"_acf_changed":false},"product_brand":[],"product_cat":[122],"product_tag":[],"class_list":{"0":"post-118876","1":"product","2":"type-product","3":"status-publish","4":"has-post-thumbnail","6":"product_cat-loisirs-creatifs","7":"pa_collecties-hobby-pink","8":"pa_leeftijd-filter-4-6-ans","9":"pa_leeftijd-filter-4-6-jahre","10":"pa_meest-populair-bij-filles","11":"pa_meest-populair-bij-maedchen","13":"first","14":"instock","15":"shipping-taxable","16":"product-type-simple"},"acf":[],"yoast_head":"<!-- This site is optimized with the Yoast SEO plugin v27.2 - https:\/\/yoast.com\/product\/yoast-seo-wordpress\/ -->\n<title>Moulage et peinture - M\u00e9ga coffret licorne et sir\u00e8ne - SES Creative<\/title>\n<meta name=\"robots\" content=\"index, follow, max-snippet:-1, max-image-preview:large, max-video-preview:-1\" \/>\n<link rel=\"canonical\" href=\"https:\/\/ses-creative.com\/fr\/produit\/moulage-et-peinture-mega-coffret-licorne-et-sirene\/\" \/>\n<meta property=\"og:locale\" content=\"fr_FR\" \/>\n<meta property=\"og:type\" content=\"article\" \/>\n<meta property=\"og:title\" content=\"Moulage et peinture - M\u00e9ga coffret licorne et sir\u00e8ne - SES Creative\" \/>\n<meta property=\"og:description\" content=\"Moulez, peignez et laissez libre cours \u00e0 votre cr\u00e9ativit\u00e9 ! Avec le kit Moulage et peinture \u2013 Mega Box Licorne et sir\u00e8ne de SES Creative, vous pouvez cr\u00e9er vous-m\u00eame les plus belles figurines en pl\u00e2tre. Ce kit de pl\u00e2tre extra large contient deux grands sacs de pl\u00e2tre et trois moules qui vous permettent de cr\u00e9er [&hellip;]\" \/>\n<meta property=\"og:url\" content=\"https:\/\/ses-creative.com\/fr\/produit\/moulage-et-peinture-mega-coffret-licorne-et-sirene\/\" \/>\n<meta property=\"og:site_name\" content=\"SES Creative\" \/>\n<meta property=\"article:modified_time\" content=\"2026-03-06T07:01:57+00:00\" \/>\n<meta name=\"twitter:card\" content=\"summary_large_image\" \/>\n<meta name=\"twitter:label1\" content=\"Dur\u00e9e de lecture estim\u00e9e\" \/>\n\t<meta name=\"twitter:data1\" content=\"2 minutes\" \/>\n<script type=\"application\/ld+json\" class=\"yoast-schema-graph\">{\"@context\":\"https:\/\/schema.org\",\"@graph\":[{\"@type\":\"WebPage\",\"@id\":\"https:\/\/ses-creative.com\/fr\/produit\/moulage-et-peinture-mega-coffret-licorne-et-sirene\/\",\"url\":\"https:\/\/ses-creative.com\/fr\/produit\/moulage-et-peinture-mega-coffret-licorne-et-sirene\/\",\"name\":\"Moulage et peinture - M\u00e9ga coffret licorne et sir\u00e8ne - SES Creative\",\"isPartOf\":{\"@id\":\"https:\/\/ses-creative.com\/#website\"},\"primaryImageOfPage\":{\"@id\":\"https:\/\/ses-creative.com\/fr\/produit\/moulage-et-peinture-mega-coffret-licorne-et-sirene\/#primaryimage\"},\"image\":{\"@id\":\"https:\/\/ses-creative.com\/fr\/produit\/moulage-et-peinture-mega-coffret-licorne-et-sirene\/#primaryimage\"},\"thumbnailUrl\":\"https:\/\/ses-creative.com\/wp-content\/uploads\/2026\/03\/013431.jpg\",\"datePublished\":\"2026-03-05T16:49:56+00:00\",\"dateModified\":\"2026-03-06T07:01:57+00:00\",\"breadcrumb\":{\"@id\":\"https:\/\/ses-creative.com\/fr\/produit\/moulage-et-peinture-mega-coffret-licorne-et-sirene\/#breadcrumb\"},\"inLanguage\":\"fr-FR\",\"potentialAction\":[{\"@type\":\"ReadAction\",\"target\":[\"https:\/\/ses-creative.com\/fr\/produit\/moulage-et-peinture-mega-coffret-licorne-et-sirene\/\"]}]},{\"@type\":\"ImageObject\",\"inLanguage\":\"fr-FR\",\"@id\":\"https:\/\/ses-creative.com\/fr\/produit\/moulage-et-peinture-mega-coffret-licorne-et-sirene\/#primaryimage\",\"url\":\"https:\/\/ses-creative.com\/wp-content\/uploads\/2026\/03\/013431.jpg\",\"contentUrl\":\"https:\/\/ses-creative.com\/wp-content\/uploads\/2026\/03\/013431.jpg\",\"width\":2000,\"height\":2000},{\"@type\":\"BreadcrumbList\",\"@id\":\"https:\/\/ses-creative.com\/fr\/produit\/moulage-et-peinture-mega-coffret-licorne-et-sirene\/#breadcrumb\",\"itemListElement\":[{\"@type\":\"ListItem\",\"position\":1,\"name\":\"Boutique\",\"item\":\"https:\/\/ses-creative.com\/fr\/boutique\/\"},{\"@type\":\"ListItem\",\"position\":2,\"name\":\"Knutselen\",\"item\":\"https:\/\/ses-creative.com\/product-categorie\/knutselen\/\"},{\"@type\":\"ListItem\",\"position\":3,\"name\":\"Moulage et peinture &#8211; M\u00e9ga coffret licorne et sir\u00e8ne\"}]},{\"@type\":\"WebSite\",\"@id\":\"https:\/\/ses-creative.com\/#website\",\"url\":\"https:\/\/ses-creative.com\/\",\"name\":\"SES Creative\",\"description\":\"\",\"publisher\":{\"@id\":\"https:\/\/ses-creative.com\/#organization\"},\"potentialAction\":[{\"@type\":\"SearchAction\",\"target\":{\"@type\":\"EntryPoint\",\"urlTemplate\":\"https:\/\/ses-creative.com\/?s={search_term_string}\"},\"query-input\":{\"@type\":\"PropertyValueSpecification\",\"valueRequired\":true,\"valueName\":\"search_term_string\"}}],\"inLanguage\":\"fr-FR\"},{\"@type\":\"Organization\",\"@id\":\"https:\/\/ses-creative.com\/#organization\",\"name\":\"SES Creative\",\"url\":\"https:\/\/ses-creative.com\/\",\"logo\":{\"@type\":\"ImageObject\",\"inLanguage\":\"fr-FR\",\"@id\":\"https:\/\/ses-creative.com\/#\/schema\/logo\/image\/\",\"url\":\"https:\/\/ses-creative.com\/wp-content\/uploads\/2025\/10\/ses-creative-logo.jpg\",\"contentUrl\":\"https:\/\/ses-creative.com\/wp-content\/uploads\/2025\/10\/ses-creative-logo.jpg\",\"width\":2037,\"height\":2037,\"caption\":\"SES Creative\"},\"image\":{\"@id\":\"https:\/\/ses-creative.com\/#\/schema\/logo\/image\/\"}}]}<\/script>\n<!-- \/ Yoast SEO plugin. -->","yoast_head_json":{"title":"Moulage et peinture - M\u00e9ga coffret licorne et sir\u00e8ne - SES Creative","robots":{"index":"index","follow":"follow","max-snippet":"max-snippet:-1","max-image-preview":"max-image-preview:large","max-video-preview":"max-video-preview:-1"},"canonical":"https:\/\/ses-creative.com\/fr\/produit\/moulage-et-peinture-mega-coffret-licorne-et-sirene\/","og_locale":"fr_FR","og_type":"article","og_title":"Moulage et peinture - M\u00e9ga coffret licorne et sir\u00e8ne - SES Creative","og_description":"Moulez, peignez et laissez libre cours \u00e0 votre cr\u00e9ativit\u00e9 ! Avec le kit Moulage et peinture \u2013 Mega Box Licorne et sir\u00e8ne de SES Creative, vous pouvez cr\u00e9er vous-m\u00eame les plus belles figurines en pl\u00e2tre. Ce kit de pl\u00e2tre extra large contient deux grands sacs de pl\u00e2tre et trois moules qui vous permettent de cr\u00e9er [&hellip;]","og_url":"https:\/\/ses-creative.com\/fr\/produit\/moulage-et-peinture-mega-coffret-licorne-et-sirene\/","og_site_name":"SES Creative","article_modified_time":"2026-03-06T07:01:57+00:00","twitter_card":"summary_large_image","twitter_misc":{"Dur\u00e9e de lecture estim\u00e9e":"2 minutes"},"schema":{"@context":"https:\/\/schema.org","@graph":[{"@type":"WebPage","@id":"https:\/\/ses-creative.com\/fr\/produit\/moulage-et-peinture-mega-coffret-licorne-et-sirene\/","url":"https:\/\/ses-creative.com\/fr\/produit\/moulage-et-peinture-mega-coffret-licorne-et-sirene\/","name":"Moulage et peinture - M\u00e9ga coffret licorne et sir\u00e8ne - SES Creative","isPartOf":{"@id":"https:\/\/ses-creative.com\/#website"},"primaryImageOfPage":{"@id":"https:\/\/ses-creative.com\/fr\/produit\/moulage-et-peinture-mega-coffret-licorne-et-sirene\/#primaryimage"},"image":{"@id":"https:\/\/ses-creative.com\/fr\/produit\/moulage-et-peinture-mega-coffret-licorne-et-sirene\/#primaryimage"},"thumbnailUrl":"https:\/\/ses-creative.com\/wp-content\/uploads\/2026\/03\/013431.jpg","datePublished":"2026-03-05T16:49:56+00:00","dateModified":"2026-03-06T07:01:57+00:00","breadcrumb":{"@id":"https:\/\/ses-creative.com\/fr\/produit\/moulage-et-peinture-mega-coffret-licorne-et-sirene\/#breadcrumb"},"inLanguage":"fr-FR","potentialAction":[{"@type":"ReadAction","target":["https:\/\/ses-creative.com\/fr\/produit\/moulage-et-peinture-mega-coffret-licorne-et-sirene\/"]}]},{"@type":"ImageObject","inLanguage":"fr-FR","@id":"https:\/\/ses-creative.com\/fr\/produit\/moulage-et-peinture-mega-coffret-licorne-et-sirene\/#primaryimage","url":"https:\/\/ses-creative.com\/wp-content\/uploads\/2026\/03\/013431.jpg","contentUrl":"https:\/\/ses-creative.com\/wp-content\/uploads\/2026\/03\/013431.jpg","width":2000,"height":2000},{"@type":"BreadcrumbList","@id":"https:\/\/ses-creative.com\/fr\/produit\/moulage-et-peinture-mega-coffret-licorne-et-sirene\/#breadcrumb","itemListElement":[{"@type":"ListItem","position":1,"name":"Boutique","item":"https:\/\/ses-creative.com\/fr\/boutique\/"},{"@type":"ListItem","position":2,"name":"Knutselen","item":"https:\/\/ses-creative.com\/product-categorie\/knutselen\/"},{"@type":"ListItem","position":3,"name":"Moulage et peinture &#8211; M\u00e9ga coffret licorne et sir\u00e8ne"}]},{"@type":"WebSite","@id":"https:\/\/ses-creative.com\/#website","url":"https:\/\/ses-creative.com\/","name":"SES Creative","description":"","publisher":{"@id":"https:\/\/ses-creative.com\/#organization"},"potentialAction":[{"@type":"SearchAction","target":{"@type":"EntryPoint","urlTemplate":"https:\/\/ses-creative.com\/?s={search_term_string}"},"query-input":{"@type":"PropertyValueSpecification","valueRequired":true,"valueName":"search_term_string"}}],"inLanguage":"fr-FR"},{"@type":"Organization","@id":"https:\/\/ses-creative.com\/#organization","name":"SES Creative","url":"https:\/\/ses-creative.com\/","logo":{"@type":"ImageObject","inLanguage":"fr-FR","@id":"https:\/\/ses-creative.com\/#\/schema\/logo\/image\/","url":"https:\/\/ses-creative.com\/wp-content\/uploads\/2025\/10\/ses-creative-logo.jpg","contentUrl":"https:\/\/ses-creative.com\/wp-content\/uploads\/2025\/10\/ses-creative-logo.jpg","width":2037,"height":2037,"caption":"SES Creative"},"image":{"@id":"https:\/\/ses-creative.com\/#\/schema\/logo\/image\/"}}]}},"_links":{"self":[{"href":"https:\/\/ses-creative.com\/fr\/wp-json\/wp\/v2\/product\/118876","targetHints":{"allow":["GET"]}}],"collection":[{"href":"https:\/\/ses-creative.com\/fr\/wp-json\/wp\/v2\/product"}],"about":[{"href":"https:\/\/ses-creative.com\/fr\/wp-json\/wp\/v2\/types\/product"}],"replies":[{"embeddable":true,"href":"https:\/\/ses-creative.com\/fr\/wp-json\/wp\/v2\/comments?post=118876"}],"wp:featuredmedia":[{"embeddable":true,"href":"https:\/\/ses-creative.com\/fr\/wp-json\/wp\/v2\/media\/118967"}],"wp:attachment":[{"href":"https:\/\/ses-creative.com\/fr\/wp-json\/wp\/v2\/media?parent=118876"}],"wp:term":[{"taxonomy":"product_brand","embeddable":true,"href":"https:\/\/ses-creative.com\/fr\/wp-json\/wp\/v2\/product_brand?post=118876"},{"taxonomy":"product_cat","embeddable":true,"href":"https:\/\/ses-creative.com\/fr\/wp-json\/wp\/v2\/product_cat?post=118876"},{"taxonomy":"product_tag","embeddable":true,"href":"https:\/\/ses-creative.com\/fr\/wp-json\/wp\/v2\/product_tag?post=118876"}],"curies":[{"name":"wp","href":"https:\/\/api.w.org\/{rel}","templated":true}]}}