











{"id":118875,"date":"2026-03-05T16:49:56","date_gmt":"2026-03-05T16:49:56","guid":{"rendered":"https:\/\/ses-creative.com\/?post_type=product&#038;p=118875"},"modified":"2026-03-06T07:01:57","modified_gmt":"2026-03-06T07:01:57","slug":"perles-a-repasser-mega-coffret-creatif","status":"publish","type":"product","link":"https:\/\/ses-creative.com\/fr\/produit\/perles-a-repasser-mega-coffret-creatif\/","title":{"rendered":"Perles \u00e0 repasser &#8211; M\u00e9ga coffret cr\u00e9atif"},"content":{"rendered":"<p>Des heures de plaisir et des possibilit\u00e9s infinies<br \/>\nPour les vrais fans de perles \u00e0 repasser, voici le kit de bricolage Mega Perles \u00e0 repasser de SES Creative ! Avec pas moins de 8 000 perles dans 28 couleurs magnifiques, 9 plateaux et toutes sortes d&rsquo;accessoires amusants, vous pouvez cr\u00e9er une infinit\u00e9 de figures color\u00e9es. Des paillettes aux perles phosphorescentes : ce kit a tout ce qu&rsquo;il faut pour des heures de plaisir cr\u00e9atif !<\/p>\n<p>Ce qui rend ce kit g\u00e9nial :<br \/>\n\u2022 Le kit de bricolage ultime avec 8 000 perles \u00e0 repasser dans 28 couleurs diff\u00e9rentes, dont des perles phosphorescentes et paillet\u00e9es<br \/>\n\u2022 9 plaques de diff\u00e9rentes formes et tailles<br \/>\n\u2022 Comprend 5 porte-cl\u00e9s, du fil et une grande feuille d&rsquo;autocollants<br \/>\n\u2022 Les perles \u00e0 repasser sont sans PVC et compatibles avec d&rsquo;autres marques<br \/>\n\u2022 Avec des instructions claires et des exemples inspirants<\/p>\n<p>Un monde plein de couleurs et d&rsquo;inspiration<br \/>\nAvec le m\u00e9ga kit de bricolage de SES Creative, les enfants peuvent laisser libre cours \u00e0 leur imagination. Des animaux joyeux aux formes audacieuses en passant par des personnages magiques, tout est possible ! Gr\u00e2ce aux nombreuses couleurs et accessoires, chaque cr\u00e9ation est unique. Id\u00e9al pour les enfants qui aiment cr\u00e9er, fabriquer et montrer leurs propres \u0153uvres d&rsquo;art \u00e0 l&rsquo;infini. De plus, cela stimule la motricit\u00e9 fine, la concentration et la cr\u00e9ativit\u00e9. Tout le monde y gagne !<\/p>\n<p>Contenu du kit<br \/>\n\u2022 8000 perles \u00e0 repasser en 28 couleurs diff\u00e9rentes<br \/>\n\u2022 Grande plaque carr\u00e9e<br \/>\n\u2022 Grande plaque hexagonale<br \/>\n\u2022 Plaque en forme de c\u0153ur<br \/>\n\u2022 Plaque ronde<br \/>\n\u2022 Plaque en forme d&rsquo;\u00e9toile<br \/>\n\u2022 Plaque mini chat<br \/>\n\u2022 Plaque mini c\u0153ur<br \/>\n\u2022 Plaque mini fleur<br \/>\n\u2022 Plaque mini\u2022 5\u2022 Fil violet<br \/>\n\u2022 Feuille d&rsquo;autocollants avec 82 autocollants<br \/>\n\u2022 Feuille \u00e0 repasser<\/p>\n<p>Pourquoi choisir SES Creative ?<br \/>\nChez SES Creative, nous accordons une grande importance \u00e0 la s\u00e9curit\u00e9 et \u00e0 la qualit\u00e9. Tous nos produits sont d\u00e9velopp\u00e9s et test\u00e9s avec soin dans notre propre usine aux Pays-Bas, conform\u00e9ment aux normes de s\u00e9curit\u00e9 europ\u00e9ennes les plus strictes. SES Creative est synonyme de cr\u00e9ativit\u00e9, de plaisir et de d\u00e9veloppement, afin que les enfants puissent \u00eatre fiers de ce qu&rsquo;ils cr\u00e9ent.<\/p>\n<p>Lancez-vous dans de grands projets !<br \/>\nD\u00e9couvrez les possibilit\u00e9s infinies de ce m\u00e9ga kit de bricolage et r\u00e9alisez les plus belles cr\u00e9ations. Le kit parfait pour les jeunes artistes qui ne se lassent pas de bricoler et de colorier !<\/p>\n","protected":false},"excerpt":{"rendered":"<p>Des heures de plaisir et des possibilit\u00e9s infinies Pour les vrais fans de perles \u00e0 repasser, voici le kit de bricolage Mega Perles \u00e0 repasser de SES Creative ! Avec pas moins de 8 000 perles dans 28 couleurs magnifiques, 9 plateaux et toutes sortes d&rsquo;accessoires amusants, vous pouvez cr\u00e9er une infinit\u00e9 de figures color\u00e9es. [&hellip;]<\/p>\n","protected":false},"featured_media":119143,"comment_status":"closed","ping_status":"closed","template":"","meta":{"_acf_changed":false},"product_brand":[],"product_cat":[125],"product_tag":[],"class_list":{"0":"post-118875","1":"product","2":"type-product","3":"status-publish","4":"has-post-thumbnail","6":"product_cat-perles-a-repasser","7":"pa_collecties-beedz","8":"pa_leeftijd-filter-4-6-ans","9":"pa_leeftijd-filter-4-6-jahre","10":"pa_meest-populair-bij-garcons-et-filles","12":"first","13":"instock","14":"shipping-taxable","15":"product-type-simple"},"acf":[],"yoast_head":"<!-- This site is optimized with the Yoast SEO plugin v27.2 - https:\/\/yoast.com\/product\/yoast-seo-wordpress\/ -->\n<title>Perles \u00e0 repasser - M\u00e9ga coffret cr\u00e9atif - SES Creative<\/title>\n<meta name=\"robots\" content=\"index, follow, max-snippet:-1, max-image-preview:large, max-video-preview:-1\" \/>\n<link rel=\"canonical\" href=\"https:\/\/ses-creative.com\/fr\/produit\/perles-a-repasser-mega-coffret-creatif\/\" \/>\n<meta property=\"og:locale\" content=\"fr_FR\" \/>\n<meta property=\"og:type\" content=\"article\" \/>\n<meta property=\"og:title\" content=\"Perles \u00e0 repasser - M\u00e9ga coffret cr\u00e9atif - SES Creative\" \/>\n<meta property=\"og:description\" content=\"Des heures de plaisir et des possibilit\u00e9s infinies Pour les vrais fans de perles \u00e0 repasser, voici le kit de bricolage Mega Perles \u00e0 repasser de SES Creative ! Avec pas moins de 8 000 perles dans 28 couleurs magnifiques, 9 plateaux et toutes sortes d&rsquo;accessoires amusants, vous pouvez cr\u00e9er une infinit\u00e9 de figures color\u00e9es. [&hellip;]\" \/>\n<meta property=\"og:url\" content=\"https:\/\/ses-creative.com\/fr\/produit\/perles-a-repasser-mega-coffret-creatif\/\" \/>\n<meta property=\"og:site_name\" content=\"SES Creative\" \/>\n<meta property=\"article:modified_time\" content=\"2026-03-06T07:01:57+00:00\" \/>\n<meta name=\"twitter:card\" content=\"summary_large_image\" \/>\n<meta name=\"twitter:label1\" content=\"Dur\u00e9e de lecture estim\u00e9e\" \/>\n\t<meta name=\"twitter:data1\" content=\"2 minutes\" \/>\n<script type=\"application\/ld+json\" class=\"yoast-schema-graph\">{\"@context\":\"https:\/\/schema.org\",\"@graph\":[{\"@type\":\"WebPage\",\"@id\":\"https:\/\/ses-creative.com\/fr\/produit\/perles-a-repasser-mega-coffret-creatif\/\",\"url\":\"https:\/\/ses-creative.com\/fr\/produit\/perles-a-repasser-mega-coffret-creatif\/\",\"name\":\"Perles \u00e0 repasser - M\u00e9ga coffret cr\u00e9atif - SES Creative\",\"isPartOf\":{\"@id\":\"https:\/\/ses-creative.com\/#website\"},\"primaryImageOfPage\":{\"@id\":\"https:\/\/ses-creative.com\/fr\/produit\/perles-a-repasser-mega-coffret-creatif\/#primaryimage\"},\"image\":{\"@id\":\"https:\/\/ses-creative.com\/fr\/produit\/perles-a-repasser-mega-coffret-creatif\/#primaryimage\"},\"thumbnailUrl\":\"https:\/\/ses-creative.com\/wp-content\/uploads\/2026\/03\/062341-1.jpg\",\"datePublished\":\"2026-03-05T16:49:56+00:00\",\"dateModified\":\"2026-03-06T07:01:57+00:00\",\"breadcrumb\":{\"@id\":\"https:\/\/ses-creative.com\/fr\/produit\/perles-a-repasser-mega-coffret-creatif\/#breadcrumb\"},\"inLanguage\":\"fr-FR\",\"potentialAction\":[{\"@type\":\"ReadAction\",\"target\":[\"https:\/\/ses-creative.com\/fr\/produit\/perles-a-repasser-mega-coffret-creatif\/\"]}]},{\"@type\":\"ImageObject\",\"inLanguage\":\"fr-FR\",\"@id\":\"https:\/\/ses-creative.com\/fr\/produit\/perles-a-repasser-mega-coffret-creatif\/#primaryimage\",\"url\":\"https:\/\/ses-creative.com\/wp-content\/uploads\/2026\/03\/062341-1.jpg\",\"contentUrl\":\"https:\/\/ses-creative.com\/wp-content\/uploads\/2026\/03\/062341-1.jpg\",\"width\":1000,\"height\":1000},{\"@type\":\"BreadcrumbList\",\"@id\":\"https:\/\/ses-creative.com\/fr\/produit\/perles-a-repasser-mega-coffret-creatif\/#breadcrumb\",\"itemListElement\":[{\"@type\":\"ListItem\",\"position\":1,\"name\":\"Boutique\",\"item\":\"https:\/\/ses-creative.com\/fr\/boutique\/\"},{\"@type\":\"ListItem\",\"position\":2,\"name\":\"Strijkkralen\",\"item\":\"https:\/\/ses-creative.com\/product-categorie\/strijkkralen\/\"},{\"@type\":\"ListItem\",\"position\":3,\"name\":\"Perles \u00e0 repasser &#8211; M\u00e9ga coffret cr\u00e9atif\"}]},{\"@type\":\"WebSite\",\"@id\":\"https:\/\/ses-creative.com\/#website\",\"url\":\"https:\/\/ses-creative.com\/\",\"name\":\"SES Creative\",\"description\":\"\",\"publisher\":{\"@id\":\"https:\/\/ses-creative.com\/#organization\"},\"potentialAction\":[{\"@type\":\"SearchAction\",\"target\":{\"@type\":\"EntryPoint\",\"urlTemplate\":\"https:\/\/ses-creative.com\/?s={search_term_string}\"},\"query-input\":{\"@type\":\"PropertyValueSpecification\",\"valueRequired\":true,\"valueName\":\"search_term_string\"}}],\"inLanguage\":\"fr-FR\"},{\"@type\":\"Organization\",\"@id\":\"https:\/\/ses-creative.com\/#organization\",\"name\":\"SES Creative\",\"url\":\"https:\/\/ses-creative.com\/\",\"logo\":{\"@type\":\"ImageObject\",\"inLanguage\":\"fr-FR\",\"@id\":\"https:\/\/ses-creative.com\/#\/schema\/logo\/image\/\",\"url\":\"https:\/\/ses-creative.com\/wp-content\/uploads\/2025\/10\/ses-creative-logo.jpg\",\"contentUrl\":\"https:\/\/ses-creative.com\/wp-content\/uploads\/2025\/10\/ses-creative-logo.jpg\",\"width\":2037,\"height\":2037,\"caption\":\"SES Creative\"},\"image\":{\"@id\":\"https:\/\/ses-creative.com\/#\/schema\/logo\/image\/\"}}]}<\/script>\n<!-- \/ Yoast SEO plugin. -->","yoast_head_json":{"title":"Perles \u00e0 repasser - M\u00e9ga coffret cr\u00e9atif - SES Creative","robots":{"index":"index","follow":"follow","max-snippet":"max-snippet:-1","max-image-preview":"max-image-preview:large","max-video-preview":"max-video-preview:-1"},"canonical":"https:\/\/ses-creative.com\/fr\/produit\/perles-a-repasser-mega-coffret-creatif\/","og_locale":"fr_FR","og_type":"article","og_title":"Perles \u00e0 repasser - M\u00e9ga coffret cr\u00e9atif - SES Creative","og_description":"Des heures de plaisir et des possibilit\u00e9s infinies Pour les vrais fans de perles \u00e0 repasser, voici le kit de bricolage Mega Perles \u00e0 repasser de SES Creative ! Avec pas moins de 8 000 perles dans 28 couleurs magnifiques, 9 plateaux et toutes sortes d&rsquo;accessoires amusants, vous pouvez cr\u00e9er une infinit\u00e9 de figures color\u00e9es. [&hellip;]","og_url":"https:\/\/ses-creative.com\/fr\/produit\/perles-a-repasser-mega-coffret-creatif\/","og_site_name":"SES Creative","article_modified_time":"2026-03-06T07:01:57+00:00","twitter_card":"summary_large_image","twitter_misc":{"Dur\u00e9e de lecture estim\u00e9e":"2 minutes"},"schema":{"@context":"https:\/\/schema.org","@graph":[{"@type":"WebPage","@id":"https:\/\/ses-creative.com\/fr\/produit\/perles-a-repasser-mega-coffret-creatif\/","url":"https:\/\/ses-creative.com\/fr\/produit\/perles-a-repasser-mega-coffret-creatif\/","name":"Perles \u00e0 repasser - M\u00e9ga coffret cr\u00e9atif - SES Creative","isPartOf":{"@id":"https:\/\/ses-creative.com\/#website"},"primaryImageOfPage":{"@id":"https:\/\/ses-creative.com\/fr\/produit\/perles-a-repasser-mega-coffret-creatif\/#primaryimage"},"image":{"@id":"https:\/\/ses-creative.com\/fr\/produit\/perles-a-repasser-mega-coffret-creatif\/#primaryimage"},"thumbnailUrl":"https:\/\/ses-creative.com\/wp-content\/uploads\/2026\/03\/062341-1.jpg","datePublished":"2026-03-05T16:49:56+00:00","dateModified":"2026-03-06T07:01:57+00:00","breadcrumb":{"@id":"https:\/\/ses-creative.com\/fr\/produit\/perles-a-repasser-mega-coffret-creatif\/#breadcrumb"},"inLanguage":"fr-FR","potentialAction":[{"@type":"ReadAction","target":["https:\/\/ses-creative.com\/fr\/produit\/perles-a-repasser-mega-coffret-creatif\/"]}]},{"@type":"ImageObject","inLanguage":"fr-FR","@id":"https:\/\/ses-creative.com\/fr\/produit\/perles-a-repasser-mega-coffret-creatif\/#primaryimage","url":"https:\/\/ses-creative.com\/wp-content\/uploads\/2026\/03\/062341-1.jpg","contentUrl":"https:\/\/ses-creative.com\/wp-content\/uploads\/2026\/03\/062341-1.jpg","width":1000,"height":1000},{"@type":"BreadcrumbList","@id":"https:\/\/ses-creative.com\/fr\/produit\/perles-a-repasser-mega-coffret-creatif\/#breadcrumb","itemListElement":[{"@type":"ListItem","position":1,"name":"Boutique","item":"https:\/\/ses-creative.com\/fr\/boutique\/"},{"@type":"ListItem","position":2,"name":"Strijkkralen","item":"https:\/\/ses-creative.com\/product-categorie\/strijkkralen\/"},{"@type":"ListItem","position":3,"name":"Perles \u00e0 repasser &#8211; M\u00e9ga coffret cr\u00e9atif"}]},{"@type":"WebSite","@id":"https:\/\/ses-creative.com\/#website","url":"https:\/\/ses-creative.com\/","name":"SES Creative","description":"","publisher":{"@id":"https:\/\/ses-creative.com\/#organization"},"potentialAction":[{"@type":"SearchAction","target":{"@type":"EntryPoint","urlTemplate":"https:\/\/ses-creative.com\/?s={search_term_string}"},"query-input":{"@type":"PropertyValueSpecification","valueRequired":true,"valueName":"search_term_string"}}],"inLanguage":"fr-FR"},{"@type":"Organization","@id":"https:\/\/ses-creative.com\/#organization","name":"SES Creative","url":"https:\/\/ses-creative.com\/","logo":{"@type":"ImageObject","inLanguage":"fr-FR","@id":"https:\/\/ses-creative.com\/#\/schema\/logo\/image\/","url":"https:\/\/ses-creative.com\/wp-content\/uploads\/2025\/10\/ses-creative-logo.jpg","contentUrl":"https:\/\/ses-creative.com\/wp-content\/uploads\/2025\/10\/ses-creative-logo.jpg","width":2037,"height":2037,"caption":"SES Creative"},"image":{"@id":"https:\/\/ses-creative.com\/#\/schema\/logo\/image\/"}}]}},"_links":{"self":[{"href":"https:\/\/ses-creative.com\/fr\/wp-json\/wp\/v2\/product\/118875","targetHints":{"allow":["GET"]}}],"collection":[{"href":"https:\/\/ses-creative.com\/fr\/wp-json\/wp\/v2\/product"}],"about":[{"href":"https:\/\/ses-creative.com\/fr\/wp-json\/wp\/v2\/types\/product"}],"replies":[{"embeddable":true,"href":"https:\/\/ses-creative.com\/fr\/wp-json\/wp\/v2\/comments?post=118875"}],"wp:featuredmedia":[{"embeddable":true,"href":"https:\/\/ses-creative.com\/fr\/wp-json\/wp\/v2\/media\/119143"}],"wp:attachment":[{"href":"https:\/\/ses-creative.com\/fr\/wp-json\/wp\/v2\/media?parent=118875"}],"wp:term":[{"taxonomy":"product_brand","embeddable":true,"href":"https:\/\/ses-creative.com\/fr\/wp-json\/wp\/v2\/product_brand?post=118875"},{"taxonomy":"product_cat","embeddable":true,"href":"https:\/\/ses-creative.com\/fr\/wp-json\/wp\/v2\/product_cat?post=118875"},{"taxonomy":"product_tag","embeddable":true,"href":"https:\/\/ses-creative.com\/fr\/wp-json\/wp\/v2\/product_tag?post=118875"}],"curies":[{"name":"wp","href":"https:\/\/api.w.org\/{rel}","templated":true}]}}