











{"id":118874,"date":"2026-03-05T16:49:56","date_gmt":"2026-03-05T16:49:56","guid":{"rendered":"https:\/\/ses-creative.com\/?post_type=product&#038;p=118874"},"modified":"2026-03-06T07:01:57","modified_gmt":"2026-03-06T07:01:57","slug":"perles-a-repasser-monde-des-licornes","status":"publish","type":"product","link":"https:\/\/ses-creative.com\/fr\/produit\/perles-a-repasser-monde-des-licornes\/","title":{"rendered":"Perles \u00e0 repasser &#8211; Monde des licornes"},"content":{"rendered":"<p>Cr\u00e9ez votre propre royaume magique arc-en-ciel !<br \/>\nDonnez vie \u00e0 l&rsquo;imagination de chaque petit r\u00eaveur avec le kit de perles \u00e0 repasser Unicorn World de SES Creative ! Avec 4 000 perles \u00e0 repasser aux couleurs vives, vous pouvez cr\u00e9er pas moins de 11 licornes enchant\u00e9es dans diff\u00e9rentes poses et couleurs. D\u00e9couvrez la magie du bricolage et donnez vie \u00e0 votre propre monde de licornes !<\/p>\n<p>Ce qui rend ce kit g\u00e9nial<br \/>\n\u2022 4 000 perles \u00e0 repasser dans un m\u00e9lange de couleurs parfaitement assorties pour cr\u00e9er 11 licornes uniques<br \/>\n\u2022 Grande plaque carr\u00e9e pour disposer et repasser les licornes dans diff\u00e9rentes poses et couleurs<br \/>\n\u2022 Instructions claires pour disposer toutes les figures incluses<br \/>\n\u2022 Les perles \u00e0 repasser SES Creative sont sans PVC et compatibles avec d&rsquo;autres marques<br \/>\n\u2022 Stimule la motricit\u00e9 fine, la concentration et la cr\u00e9ativit\u00e9<\/p>\n<p>Un arc-en-ciel de<br \/>\nAvec ce kit de perles \u00e0 repasser color\u00e9es, vous pouvez cr\u00e9er les plus belles licornes pleines de fantaisie et de couleurs. Chaque cr\u00e9ation est une nouvelle aventure pleine de paillettes et de gaiet\u00e9. Les enfants d\u00e9veloppent leur pr\u00e9cision et leur pers\u00e9v\u00e9rance tout en s&rsquo;amusant pendant des heures. Parfait pour les jeunes artistes qui aiment un peu de magie !<\/p>\n<p>Contenu du set<br \/>\n\u2022 Papier \u00e0 repasser<br \/>\n\u2022 Instructions<br \/>\n\u2022 Plateau carr\u00e9 pour perles \u00e0 repasser<br \/>\n\u2022 Sachet contenant 4000 perles \u00e0 repasser<\/p>\n<p>Pourquoi choisir SES Creative ?<br \/>\nChez SES Creative, nous accordons une grande importance \u00e0 la s\u00e9curit\u00e9 et \u00e0 la qualit\u00e9. Tous nos produits sont d\u00e9velopp\u00e9s et test\u00e9s avec soin dans notre propre usine aux Pays-Bas, conform\u00e9ment aux normes de s\u00e9curit\u00e9 europ\u00e9ennes les plus strictes. SES Creative est synonyme de cr\u00e9ativit\u00e9, de plaisir et de d\u00e9veloppement, afin que les enfants puissent \u00eatre fiers de ce qu&rsquo;ils cr\u00e9ent.<\/p>\n<p>Que la magie commence !<br \/>\nPlongez dans l&rsquo;univers arc-en-ciel des perles \u00e0 repasser et cr\u00e9ez vos propres licornes de r\u00eave. Un kit enchanteur pour des heures de bricolage cr\u00e9atif !<\/p>\n","protected":false},"excerpt":{"rendered":"<p>Cr\u00e9ez votre propre royaume magique arc-en-ciel ! Donnez vie \u00e0 l&rsquo;imagination de chaque petit r\u00eaveur avec le kit de perles \u00e0 repasser Unicorn World de SES Creative ! Avec 4 000 perles \u00e0 repasser aux couleurs vives, vous pouvez cr\u00e9er pas moins de 11 licornes enchant\u00e9es dans diff\u00e9rentes poses et couleurs. D\u00e9couvrez la magie du [&hellip;]<\/p>\n","protected":false},"featured_media":119063,"comment_status":"closed","ping_status":"closed","template":"","meta":{"_acf_changed":false},"product_brand":[],"product_cat":[125],"product_tag":[],"class_list":{"0":"post-118874","1":"product","2":"type-product","3":"status-publish","4":"has-post-thumbnail","6":"product_cat-perles-a-repasser","7":"pa_collecties-beedz","8":"pa_leeftijd-filter-4-6-ans","9":"pa_leeftijd-filter-4-6-jahre","10":"pa_meest-populair-bij-garcons-et-filles","12":"first","13":"instock","14":"shipping-taxable","15":"product-type-simple"},"acf":[],"yoast_head":"<!-- This site is optimized with the Yoast SEO plugin v27.2 - https:\/\/yoast.com\/product\/yoast-seo-wordpress\/ -->\n<title>Perles \u00e0 repasser - Monde des licornes - SES Creative<\/title>\n<meta name=\"robots\" content=\"index, follow, max-snippet:-1, max-image-preview:large, max-video-preview:-1\" \/>\n<link rel=\"canonical\" href=\"https:\/\/ses-creative.com\/fr\/produit\/perles-a-repasser-monde-des-licornes\/\" \/>\n<meta property=\"og:locale\" content=\"fr_FR\" \/>\n<meta property=\"og:type\" content=\"article\" \/>\n<meta property=\"og:title\" content=\"Perles \u00e0 repasser - Monde des licornes - SES Creative\" \/>\n<meta property=\"og:description\" content=\"Cr\u00e9ez votre propre royaume magique arc-en-ciel ! Donnez vie \u00e0 l&rsquo;imagination de chaque petit r\u00eaveur avec le kit de perles \u00e0 repasser Unicorn World de SES Creative ! Avec 4 000 perles \u00e0 repasser aux couleurs vives, vous pouvez cr\u00e9er pas moins de 11 licornes enchant\u00e9es dans diff\u00e9rentes poses et couleurs. D\u00e9couvrez la magie du [&hellip;]\" \/>\n<meta property=\"og:url\" content=\"https:\/\/ses-creative.com\/fr\/produit\/perles-a-repasser-monde-des-licornes\/\" \/>\n<meta property=\"og:site_name\" content=\"SES Creative\" \/>\n<meta property=\"article:modified_time\" content=\"2026-03-06T07:01:57+00:00\" \/>\n<meta name=\"twitter:card\" content=\"summary_large_image\" \/>\n<meta name=\"twitter:label1\" content=\"Dur\u00e9e de lecture estim\u00e9e\" \/>\n\t<meta name=\"twitter:data1\" content=\"2 minutes\" \/>\n<script type=\"application\/ld+json\" class=\"yoast-schema-graph\">{\"@context\":\"https:\/\/schema.org\",\"@graph\":[{\"@type\":\"WebPage\",\"@id\":\"https:\/\/ses-creative.com\/fr\/produit\/perles-a-repasser-monde-des-licornes\/\",\"url\":\"https:\/\/ses-creative.com\/fr\/produit\/perles-a-repasser-monde-des-licornes\/\",\"name\":\"Perles \u00e0 repasser - Monde des licornes - SES Creative\",\"isPartOf\":{\"@id\":\"https:\/\/ses-creative.com\/#website\"},\"primaryImageOfPage\":{\"@id\":\"https:\/\/ses-creative.com\/fr\/produit\/perles-a-repasser-monde-des-licornes\/#primaryimage\"},\"image\":{\"@id\":\"https:\/\/ses-creative.com\/fr\/produit\/perles-a-repasser-monde-des-licornes\/#primaryimage\"},\"thumbnailUrl\":\"https:\/\/ses-creative.com\/wp-content\/uploads\/2026\/03\/06233(1).jpg\",\"datePublished\":\"2026-03-05T16:49:56+00:00\",\"dateModified\":\"2026-03-06T07:01:57+00:00\",\"breadcrumb\":{\"@id\":\"https:\/\/ses-creative.com\/fr\/produit\/perles-a-repasser-monde-des-licornes\/#breadcrumb\"},\"inLanguage\":\"fr-FR\",\"potentialAction\":[{\"@type\":\"ReadAction\",\"target\":[\"https:\/\/ses-creative.com\/fr\/produit\/perles-a-repasser-monde-des-licornes\/\"]}]},{\"@type\":\"ImageObject\",\"inLanguage\":\"fr-FR\",\"@id\":\"https:\/\/ses-creative.com\/fr\/produit\/perles-a-repasser-monde-des-licornes\/#primaryimage\",\"url\":\"https:\/\/ses-creative.com\/wp-content\/uploads\/2026\/03\/06233(1).jpg\",\"contentUrl\":\"https:\/\/ses-creative.com\/wp-content\/uploads\/2026\/03\/06233(1).jpg\",\"width\":1000,\"height\":1000},{\"@type\":\"BreadcrumbList\",\"@id\":\"https:\/\/ses-creative.com\/fr\/produit\/perles-a-repasser-monde-des-licornes\/#breadcrumb\",\"itemListElement\":[{\"@type\":\"ListItem\",\"position\":1,\"name\":\"Boutique\",\"item\":\"https:\/\/ses-creative.com\/fr\/boutique\/\"},{\"@type\":\"ListItem\",\"position\":2,\"name\":\"Strijkkralen\",\"item\":\"https:\/\/ses-creative.com\/product-categorie\/strijkkralen\/\"},{\"@type\":\"ListItem\",\"position\":3,\"name\":\"Perles \u00e0 repasser &#8211; Monde des licornes\"}]},{\"@type\":\"WebSite\",\"@id\":\"https:\/\/ses-creative.com\/#website\",\"url\":\"https:\/\/ses-creative.com\/\",\"name\":\"SES Creative\",\"description\":\"\",\"publisher\":{\"@id\":\"https:\/\/ses-creative.com\/#organization\"},\"potentialAction\":[{\"@type\":\"SearchAction\",\"target\":{\"@type\":\"EntryPoint\",\"urlTemplate\":\"https:\/\/ses-creative.com\/?s={search_term_string}\"},\"query-input\":{\"@type\":\"PropertyValueSpecification\",\"valueRequired\":true,\"valueName\":\"search_term_string\"}}],\"inLanguage\":\"fr-FR\"},{\"@type\":\"Organization\",\"@id\":\"https:\/\/ses-creative.com\/#organization\",\"name\":\"SES Creative\",\"url\":\"https:\/\/ses-creative.com\/\",\"logo\":{\"@type\":\"ImageObject\",\"inLanguage\":\"fr-FR\",\"@id\":\"https:\/\/ses-creative.com\/#\/schema\/logo\/image\/\",\"url\":\"https:\/\/ses-creative.com\/wp-content\/uploads\/2025\/10\/ses-creative-logo.jpg\",\"contentUrl\":\"https:\/\/ses-creative.com\/wp-content\/uploads\/2025\/10\/ses-creative-logo.jpg\",\"width\":2037,\"height\":2037,\"caption\":\"SES Creative\"},\"image\":{\"@id\":\"https:\/\/ses-creative.com\/#\/schema\/logo\/image\/\"}}]}<\/script>\n<!-- \/ Yoast SEO plugin. -->","yoast_head_json":{"title":"Perles \u00e0 repasser - Monde des licornes - SES Creative","robots":{"index":"index","follow":"follow","max-snippet":"max-snippet:-1","max-image-preview":"max-image-preview:large","max-video-preview":"max-video-preview:-1"},"canonical":"https:\/\/ses-creative.com\/fr\/produit\/perles-a-repasser-monde-des-licornes\/","og_locale":"fr_FR","og_type":"article","og_title":"Perles \u00e0 repasser - Monde des licornes - SES Creative","og_description":"Cr\u00e9ez votre propre royaume magique arc-en-ciel ! Donnez vie \u00e0 l&rsquo;imagination de chaque petit r\u00eaveur avec le kit de perles \u00e0 repasser Unicorn World de SES Creative ! Avec 4 000 perles \u00e0 repasser aux couleurs vives, vous pouvez cr\u00e9er pas moins de 11 licornes enchant\u00e9es dans diff\u00e9rentes poses et couleurs. D\u00e9couvrez la magie du [&hellip;]","og_url":"https:\/\/ses-creative.com\/fr\/produit\/perles-a-repasser-monde-des-licornes\/","og_site_name":"SES Creative","article_modified_time":"2026-03-06T07:01:57+00:00","twitter_card":"summary_large_image","twitter_misc":{"Dur\u00e9e de lecture estim\u00e9e":"2 minutes"},"schema":{"@context":"https:\/\/schema.org","@graph":[{"@type":"WebPage","@id":"https:\/\/ses-creative.com\/fr\/produit\/perles-a-repasser-monde-des-licornes\/","url":"https:\/\/ses-creative.com\/fr\/produit\/perles-a-repasser-monde-des-licornes\/","name":"Perles \u00e0 repasser - Monde des licornes - SES Creative","isPartOf":{"@id":"https:\/\/ses-creative.com\/#website"},"primaryImageOfPage":{"@id":"https:\/\/ses-creative.com\/fr\/produit\/perles-a-repasser-monde-des-licornes\/#primaryimage"},"image":{"@id":"https:\/\/ses-creative.com\/fr\/produit\/perles-a-repasser-monde-des-licornes\/#primaryimage"},"thumbnailUrl":"https:\/\/ses-creative.com\/wp-content\/uploads\/2026\/03\/06233(1).jpg","datePublished":"2026-03-05T16:49:56+00:00","dateModified":"2026-03-06T07:01:57+00:00","breadcrumb":{"@id":"https:\/\/ses-creative.com\/fr\/produit\/perles-a-repasser-monde-des-licornes\/#breadcrumb"},"inLanguage":"fr-FR","potentialAction":[{"@type":"ReadAction","target":["https:\/\/ses-creative.com\/fr\/produit\/perles-a-repasser-monde-des-licornes\/"]}]},{"@type":"ImageObject","inLanguage":"fr-FR","@id":"https:\/\/ses-creative.com\/fr\/produit\/perles-a-repasser-monde-des-licornes\/#primaryimage","url":"https:\/\/ses-creative.com\/wp-content\/uploads\/2026\/03\/06233(1).jpg","contentUrl":"https:\/\/ses-creative.com\/wp-content\/uploads\/2026\/03\/06233(1).jpg","width":1000,"height":1000},{"@type":"BreadcrumbList","@id":"https:\/\/ses-creative.com\/fr\/produit\/perles-a-repasser-monde-des-licornes\/#breadcrumb","itemListElement":[{"@type":"ListItem","position":1,"name":"Boutique","item":"https:\/\/ses-creative.com\/fr\/boutique\/"},{"@type":"ListItem","position":2,"name":"Strijkkralen","item":"https:\/\/ses-creative.com\/product-categorie\/strijkkralen\/"},{"@type":"ListItem","position":3,"name":"Perles \u00e0 repasser &#8211; Monde des licornes"}]},{"@type":"WebSite","@id":"https:\/\/ses-creative.com\/#website","url":"https:\/\/ses-creative.com\/","name":"SES Creative","description":"","publisher":{"@id":"https:\/\/ses-creative.com\/#organization"},"potentialAction":[{"@type":"SearchAction","target":{"@type":"EntryPoint","urlTemplate":"https:\/\/ses-creative.com\/?s={search_term_string}"},"query-input":{"@type":"PropertyValueSpecification","valueRequired":true,"valueName":"search_term_string"}}],"inLanguage":"fr-FR"},{"@type":"Organization","@id":"https:\/\/ses-creative.com\/#organization","name":"SES Creative","url":"https:\/\/ses-creative.com\/","logo":{"@type":"ImageObject","inLanguage":"fr-FR","@id":"https:\/\/ses-creative.com\/#\/schema\/logo\/image\/","url":"https:\/\/ses-creative.com\/wp-content\/uploads\/2025\/10\/ses-creative-logo.jpg","contentUrl":"https:\/\/ses-creative.com\/wp-content\/uploads\/2025\/10\/ses-creative-logo.jpg","width":2037,"height":2037,"caption":"SES Creative"},"image":{"@id":"https:\/\/ses-creative.com\/#\/schema\/logo\/image\/"}}]}},"_links":{"self":[{"href":"https:\/\/ses-creative.com\/fr\/wp-json\/wp\/v2\/product\/118874","targetHints":{"allow":["GET"]}}],"collection":[{"href":"https:\/\/ses-creative.com\/fr\/wp-json\/wp\/v2\/product"}],"about":[{"href":"https:\/\/ses-creative.com\/fr\/wp-json\/wp\/v2\/types\/product"}],"replies":[{"embeddable":true,"href":"https:\/\/ses-creative.com\/fr\/wp-json\/wp\/v2\/comments?post=118874"}],"wp:featuredmedia":[{"embeddable":true,"href":"https:\/\/ses-creative.com\/fr\/wp-json\/wp\/v2\/media\/119063"}],"wp:attachment":[{"href":"https:\/\/ses-creative.com\/fr\/wp-json\/wp\/v2\/media?parent=118874"}],"wp:term":[{"taxonomy":"product_brand","embeddable":true,"href":"https:\/\/ses-creative.com\/fr\/wp-json\/wp\/v2\/product_brand?post=118874"},{"taxonomy":"product_cat","embeddable":true,"href":"https:\/\/ses-creative.com\/fr\/wp-json\/wp\/v2\/product_cat?post=118874"},{"taxonomy":"product_tag","embeddable":true,"href":"https:\/\/ses-creative.com\/fr\/wp-json\/wp\/v2\/product_tag?post=118874"}],"curies":[{"name":"wp","href":"https:\/\/api.w.org\/{rel}","templated":true}]}}