











{"id":118873,"date":"2026-03-05T16:49:56","date_gmt":"2026-03-05T16:49:56","guid":{"rendered":"https:\/\/ses-creative.com\/?post_type=product&#038;p=118873"},"modified":"2026-03-06T07:01:57","modified_gmt":"2026-03-06T07:01:57","slug":"perles-a-repasser-lunivers-des-sirenes","status":"publish","type":"product","link":"https:\/\/ses-creative.com\/fr\/produit\/perles-a-repasser-lunivers-des-sirenes\/","title":{"rendered":"Perles \u00e0 repasser &#8211; L&rsquo;univers des Sir\u00e8nes"},"content":{"rendered":"<p>Plongez dans un monde sous-marin magique !<br \/>\nLaissez libre cours \u00e0 votre imagination avec le kit de perles \u00e0 repasser Oc\u00e9an des sir\u00e8nes de SES Creative ! Avec pas moins de 4 000 perles \u00e0 repasser color\u00e9es, dont des perles \u00e0 repasser paillet\u00e9es et de magnifiques perles, vous pouvez cr\u00e9er les plus belles sir\u00e8nes, poissons et figures oc\u00e9aniques. D\u00e9couvrez la magie du monde sous-marin tout en bricolant, en jouant et en laissant libre cours \u00e0 votre cr\u00e9ativit\u00e9.<\/p>\n<p>Ce qui rend ce kit g\u00e9nial<br \/>\n\u2022 4 000 perles \u00e0 repasser dans un m\u00e9lange de couleurs \u00e9clatantes, y compris des perles \u00e0 repasser paillet\u00e9es<br \/>\n\u2022 Plateau sir\u00e8ne et plateau hexagonal pour cr\u00e9er diff\u00e9rentes cr\u00e9atures marines<br \/>\n\u2022 84 perles incluses pour faire briller vos cr\u00e9ations<br \/>\n\u2022 Cr\u00e9ez d&rsquo;innombrables personnages amusants gr\u00e2ce \u00e0 des instructions claires<br \/>\n\u2022 Les perles \u00e0 repasser SES Creative sont sans PVC et compatibles avec d&rsquo;autres<\/p>\n<p>De la magie sous les vagues<br \/>\nAvec cet ensemble de perles \u00e0 repasser enchanteur, transformez chaque apr\u00e8s-midi de bricolage en une aventure sous-marine. Que vous r\u00eaviez de sir\u00e8nes scintillantes ou de joyeux amis marins, cet ensemble vous permettra de tous les cr\u00e9er. Les enfants passeront des heures \u00e0 s&rsquo;amuser de mani\u00e8re cr\u00e9ative et exerceront leur motricit\u00e9 fine et leur concentration tout en jouant. Parfait pour les jeunes r\u00eaveurs qui aiment les couleurs, le glamour et l&rsquo;imaginaire !<\/p>\n<p>Contenu du kit<br \/>\n\u2022 Papier \u00e0 repasser<br \/>\n\u2022 84 perles autocollantes<br \/>\n\u2022 Instructions<br \/>\n\u2022 Plateau \u00e0 repasser sir\u00e8ne<br \/>\n\u2022 Plateau \u00e0 repasser hexagonal<br \/>\n\u2022 Sachet de 4000 perles \u00e0 repasser, y compris des perles \u00e0 repasser paillet\u00e9es<\/p>\n<p>Pourquoi choisir SES Creative ?<br \/>\nChez SES Creative, nous accordons une grande importance \u00e0 la s\u00e9curit\u00e9 et \u00e0 la qualit\u00e9. Tous nos produits sont d\u00e9velopp\u00e9s et test\u00e9s avec soin dans notre propre usine aux Pays-Bas, conform\u00e9ment aux normes de s\u00e9curit\u00e9 europ\u00e9ennes les plus strictes. SES Creative est synonyme de cr\u00e9ativit\u00e9, de plaisir et de d\u00e9veloppement, afin que les enfants puissent \u00eatre fiers de ce qu&rsquo;ils cr\u00e9ent.<\/p>\n<p>Que le plaisir sous-marin commence !<br \/>\nLancez-vous avec les perles \u00e0 repasser et d\u00e9couvrez \u00e0 quel point il est amusant de cr\u00e9er votre propre monde imaginaire. Pr\u00eat \u00e0 briller ?<\/p>\n","protected":false},"excerpt":{"rendered":"<p>Plongez dans un monde sous-marin magique ! Laissez libre cours \u00e0 votre imagination avec le kit de perles \u00e0 repasser Oc\u00e9an des sir\u00e8nes de SES Creative ! Avec pas moins de 4 000 perles \u00e0 repasser color\u00e9es, dont des perles \u00e0 repasser paillet\u00e9es et de magnifiques perles, vous pouvez cr\u00e9er les plus belles sir\u00e8nes, poissons [&hellip;]<\/p>\n","protected":false},"featured_media":119023,"comment_status":"closed","ping_status":"closed","template":"","meta":{"_acf_changed":false},"product_brand":[],"product_cat":[125],"product_tag":[],"class_list":{"0":"post-118873","1":"product","2":"type-product","3":"status-publish","4":"has-post-thumbnail","6":"product_cat-perles-a-repasser","7":"pa_collecties-beedz","8":"pa_leeftijd-filter-4-6-ans","9":"pa_leeftijd-filter-4-6-jahre","10":"pa_meest-populair-bij-garcons-et-filles","12":"first","13":"instock","14":"shipping-taxable","15":"product-type-simple"},"acf":[],"yoast_head":"<!-- This site is optimized with the Yoast SEO plugin v27.2 - https:\/\/yoast.com\/product\/yoast-seo-wordpress\/ -->\n<title>Perles \u00e0 repasser - L&#039;univers des Sir\u00e8nes - SES Creative<\/title>\n<meta name=\"robots\" content=\"index, follow, max-snippet:-1, max-image-preview:large, max-video-preview:-1\" \/>\n<link rel=\"canonical\" href=\"https:\/\/ses-creative.com\/fr\/produit\/perles-a-repasser-lunivers-des-sirenes\/\" \/>\n<meta property=\"og:locale\" content=\"fr_FR\" \/>\n<meta property=\"og:type\" content=\"article\" \/>\n<meta property=\"og:title\" content=\"Perles \u00e0 repasser - L&#039;univers des Sir\u00e8nes - SES Creative\" \/>\n<meta property=\"og:description\" content=\"Plongez dans un monde sous-marin magique ! Laissez libre cours \u00e0 votre imagination avec le kit de perles \u00e0 repasser Oc\u00e9an des sir\u00e8nes de SES Creative ! Avec pas moins de 4 000 perles \u00e0 repasser color\u00e9es, dont des perles \u00e0 repasser paillet\u00e9es et de magnifiques perles, vous pouvez cr\u00e9er les plus belles sir\u00e8nes, poissons [&hellip;]\" \/>\n<meta property=\"og:url\" content=\"https:\/\/ses-creative.com\/fr\/produit\/perles-a-repasser-lunivers-des-sirenes\/\" \/>\n<meta property=\"og:site_name\" content=\"SES Creative\" \/>\n<meta property=\"article:modified_time\" content=\"2026-03-06T07:01:57+00:00\" \/>\n<meta name=\"twitter:card\" content=\"summary_large_image\" \/>\n<meta name=\"twitter:label1\" content=\"Dur\u00e9e de lecture estim\u00e9e\" \/>\n\t<meta name=\"twitter:data1\" content=\"2 minutes\" \/>\n<script type=\"application\/ld+json\" class=\"yoast-schema-graph\">{\"@context\":\"https:\/\/schema.org\",\"@graph\":[{\"@type\":\"WebPage\",\"@id\":\"https:\/\/ses-creative.com\/fr\/produit\/perles-a-repasser-lunivers-des-sirenes\/\",\"url\":\"https:\/\/ses-creative.com\/fr\/produit\/perles-a-repasser-lunivers-des-sirenes\/\",\"name\":\"Perles \u00e0 repasser - L'univers des Sir\u00e8nes - SES Creative\",\"isPartOf\":{\"@id\":\"https:\/\/ses-creative.com\/#website\"},\"primaryImageOfPage\":{\"@id\":\"https:\/\/ses-creative.com\/fr\/produit\/perles-a-repasser-lunivers-des-sirenes\/#primaryimage\"},\"image\":{\"@id\":\"https:\/\/ses-creative.com\/fr\/produit\/perles-a-repasser-lunivers-des-sirenes\/#primaryimage\"},\"thumbnailUrl\":\"https:\/\/ses-creative.com\/wp-content\/uploads\/2026\/03\/062321-1.jpg\",\"datePublished\":\"2026-03-05T16:49:56+00:00\",\"dateModified\":\"2026-03-06T07:01:57+00:00\",\"breadcrumb\":{\"@id\":\"https:\/\/ses-creative.com\/fr\/produit\/perles-a-repasser-lunivers-des-sirenes\/#breadcrumb\"},\"inLanguage\":\"fr-FR\",\"potentialAction\":[{\"@type\":\"ReadAction\",\"target\":[\"https:\/\/ses-creative.com\/fr\/produit\/perles-a-repasser-lunivers-des-sirenes\/\"]}]},{\"@type\":\"ImageObject\",\"inLanguage\":\"fr-FR\",\"@id\":\"https:\/\/ses-creative.com\/fr\/produit\/perles-a-repasser-lunivers-des-sirenes\/#primaryimage\",\"url\":\"https:\/\/ses-creative.com\/wp-content\/uploads\/2026\/03\/062321-1.jpg\",\"contentUrl\":\"https:\/\/ses-creative.com\/wp-content\/uploads\/2026\/03\/062321-1.jpg\",\"width\":1000,\"height\":1000},{\"@type\":\"BreadcrumbList\",\"@id\":\"https:\/\/ses-creative.com\/fr\/produit\/perles-a-repasser-lunivers-des-sirenes\/#breadcrumb\",\"itemListElement\":[{\"@type\":\"ListItem\",\"position\":1,\"name\":\"Boutique\",\"item\":\"https:\/\/ses-creative.com\/fr\/boutique\/\"},{\"@type\":\"ListItem\",\"position\":2,\"name\":\"Strijkkralen\",\"item\":\"https:\/\/ses-creative.com\/product-categorie\/strijkkralen\/\"},{\"@type\":\"ListItem\",\"position\":3,\"name\":\"Perles \u00e0 repasser &#8211; L&#8217;univers des Sir\u00e8nes\"}]},{\"@type\":\"WebSite\",\"@id\":\"https:\/\/ses-creative.com\/#website\",\"url\":\"https:\/\/ses-creative.com\/\",\"name\":\"SES Creative\",\"description\":\"\",\"publisher\":{\"@id\":\"https:\/\/ses-creative.com\/#organization\"},\"potentialAction\":[{\"@type\":\"SearchAction\",\"target\":{\"@type\":\"EntryPoint\",\"urlTemplate\":\"https:\/\/ses-creative.com\/?s={search_term_string}\"},\"query-input\":{\"@type\":\"PropertyValueSpecification\",\"valueRequired\":true,\"valueName\":\"search_term_string\"}}],\"inLanguage\":\"fr-FR\"},{\"@type\":\"Organization\",\"@id\":\"https:\/\/ses-creative.com\/#organization\",\"name\":\"SES Creative\",\"url\":\"https:\/\/ses-creative.com\/\",\"logo\":{\"@type\":\"ImageObject\",\"inLanguage\":\"fr-FR\",\"@id\":\"https:\/\/ses-creative.com\/#\/schema\/logo\/image\/\",\"url\":\"https:\/\/ses-creative.com\/wp-content\/uploads\/2025\/10\/ses-creative-logo.jpg\",\"contentUrl\":\"https:\/\/ses-creative.com\/wp-content\/uploads\/2025\/10\/ses-creative-logo.jpg\",\"width\":2037,\"height\":2037,\"caption\":\"SES Creative\"},\"image\":{\"@id\":\"https:\/\/ses-creative.com\/#\/schema\/logo\/image\/\"}}]}<\/script>\n<!-- \/ Yoast SEO plugin. -->","yoast_head_json":{"title":"Perles \u00e0 repasser - L'univers des Sir\u00e8nes - SES Creative","robots":{"index":"index","follow":"follow","max-snippet":"max-snippet:-1","max-image-preview":"max-image-preview:large","max-video-preview":"max-video-preview:-1"},"canonical":"https:\/\/ses-creative.com\/fr\/produit\/perles-a-repasser-lunivers-des-sirenes\/","og_locale":"fr_FR","og_type":"article","og_title":"Perles \u00e0 repasser - L'univers des Sir\u00e8nes - SES Creative","og_description":"Plongez dans un monde sous-marin magique ! Laissez libre cours \u00e0 votre imagination avec le kit de perles \u00e0 repasser Oc\u00e9an des sir\u00e8nes de SES Creative ! Avec pas moins de 4 000 perles \u00e0 repasser color\u00e9es, dont des perles \u00e0 repasser paillet\u00e9es et de magnifiques perles, vous pouvez cr\u00e9er les plus belles sir\u00e8nes, poissons [&hellip;]","og_url":"https:\/\/ses-creative.com\/fr\/produit\/perles-a-repasser-lunivers-des-sirenes\/","og_site_name":"SES Creative","article_modified_time":"2026-03-06T07:01:57+00:00","twitter_card":"summary_large_image","twitter_misc":{"Dur\u00e9e de lecture estim\u00e9e":"2 minutes"},"schema":{"@context":"https:\/\/schema.org","@graph":[{"@type":"WebPage","@id":"https:\/\/ses-creative.com\/fr\/produit\/perles-a-repasser-lunivers-des-sirenes\/","url":"https:\/\/ses-creative.com\/fr\/produit\/perles-a-repasser-lunivers-des-sirenes\/","name":"Perles \u00e0 repasser - L'univers des Sir\u00e8nes - SES Creative","isPartOf":{"@id":"https:\/\/ses-creative.com\/#website"},"primaryImageOfPage":{"@id":"https:\/\/ses-creative.com\/fr\/produit\/perles-a-repasser-lunivers-des-sirenes\/#primaryimage"},"image":{"@id":"https:\/\/ses-creative.com\/fr\/produit\/perles-a-repasser-lunivers-des-sirenes\/#primaryimage"},"thumbnailUrl":"https:\/\/ses-creative.com\/wp-content\/uploads\/2026\/03\/062321-1.jpg","datePublished":"2026-03-05T16:49:56+00:00","dateModified":"2026-03-06T07:01:57+00:00","breadcrumb":{"@id":"https:\/\/ses-creative.com\/fr\/produit\/perles-a-repasser-lunivers-des-sirenes\/#breadcrumb"},"inLanguage":"fr-FR","potentialAction":[{"@type":"ReadAction","target":["https:\/\/ses-creative.com\/fr\/produit\/perles-a-repasser-lunivers-des-sirenes\/"]}]},{"@type":"ImageObject","inLanguage":"fr-FR","@id":"https:\/\/ses-creative.com\/fr\/produit\/perles-a-repasser-lunivers-des-sirenes\/#primaryimage","url":"https:\/\/ses-creative.com\/wp-content\/uploads\/2026\/03\/062321-1.jpg","contentUrl":"https:\/\/ses-creative.com\/wp-content\/uploads\/2026\/03\/062321-1.jpg","width":1000,"height":1000},{"@type":"BreadcrumbList","@id":"https:\/\/ses-creative.com\/fr\/produit\/perles-a-repasser-lunivers-des-sirenes\/#breadcrumb","itemListElement":[{"@type":"ListItem","position":1,"name":"Boutique","item":"https:\/\/ses-creative.com\/fr\/boutique\/"},{"@type":"ListItem","position":2,"name":"Strijkkralen","item":"https:\/\/ses-creative.com\/product-categorie\/strijkkralen\/"},{"@type":"ListItem","position":3,"name":"Perles \u00e0 repasser &#8211; L&#8217;univers des Sir\u00e8nes"}]},{"@type":"WebSite","@id":"https:\/\/ses-creative.com\/#website","url":"https:\/\/ses-creative.com\/","name":"SES Creative","description":"","publisher":{"@id":"https:\/\/ses-creative.com\/#organization"},"potentialAction":[{"@type":"SearchAction","target":{"@type":"EntryPoint","urlTemplate":"https:\/\/ses-creative.com\/?s={search_term_string}"},"query-input":{"@type":"PropertyValueSpecification","valueRequired":true,"valueName":"search_term_string"}}],"inLanguage":"fr-FR"},{"@type":"Organization","@id":"https:\/\/ses-creative.com\/#organization","name":"SES Creative","url":"https:\/\/ses-creative.com\/","logo":{"@type":"ImageObject","inLanguage":"fr-FR","@id":"https:\/\/ses-creative.com\/#\/schema\/logo\/image\/","url":"https:\/\/ses-creative.com\/wp-content\/uploads\/2025\/10\/ses-creative-logo.jpg","contentUrl":"https:\/\/ses-creative.com\/wp-content\/uploads\/2025\/10\/ses-creative-logo.jpg","width":2037,"height":2037,"caption":"SES Creative"},"image":{"@id":"https:\/\/ses-creative.com\/#\/schema\/logo\/image\/"}}]}},"_links":{"self":[{"href":"https:\/\/ses-creative.com\/fr\/wp-json\/wp\/v2\/product\/118873","targetHints":{"allow":["GET"]}}],"collection":[{"href":"https:\/\/ses-creative.com\/fr\/wp-json\/wp\/v2\/product"}],"about":[{"href":"https:\/\/ses-creative.com\/fr\/wp-json\/wp\/v2\/types\/product"}],"replies":[{"embeddable":true,"href":"https:\/\/ses-creative.com\/fr\/wp-json\/wp\/v2\/comments?post=118873"}],"wp:featuredmedia":[{"embeddable":true,"href":"https:\/\/ses-creative.com\/fr\/wp-json\/wp\/v2\/media\/119023"}],"wp:attachment":[{"href":"https:\/\/ses-creative.com\/fr\/wp-json\/wp\/v2\/media?parent=118873"}],"wp:term":[{"taxonomy":"product_brand","embeddable":true,"href":"https:\/\/ses-creative.com\/fr\/wp-json\/wp\/v2\/product_brand?post=118873"},{"taxonomy":"product_cat","embeddable":true,"href":"https:\/\/ses-creative.com\/fr\/wp-json\/wp\/v2\/product_cat?post=118873"},{"taxonomy":"product_tag","embeddable":true,"href":"https:\/\/ses-creative.com\/fr\/wp-json\/wp\/v2\/product_tag?post=118873"}],"curies":[{"name":"wp","href":"https:\/\/api.w.org\/{rel}","templated":true}]}}