











{"id":118872,"date":"2026-03-05T16:49:56","date_gmt":"2026-03-05T16:49:56","guid":{"rendered":"https:\/\/ses-creative.com\/?post_type=product&#038;p=118872"},"modified":"2026-03-06T07:01:57","modified_gmt":"2026-03-06T07:01:57","slug":"blow-airbrush-pens-power-pastel-et-parfum-12-pcs","status":"publish","type":"product","link":"https:\/\/ses-creative.com\/fr\/produit\/blow-airbrush-pens-power-pastel-et-parfum-12-pcs\/","title":{"rendered":"Blow airbrush pens &#8211; Power, pastel et parfum 12 pcs"},"content":{"rendered":"<p>Cr\u00e9ez de magnifiques \u0153uvres d&rsquo;art aux parfums agr\u00e9ables<br \/>\nAvec les stylos Blow Airbrush Pens \u2013 Power, les enfants \u00e0 partir de 5 ans peuvent cr\u00e9er de magnifiques \u0153uvres d&rsquo;art avec un effet a\u00e9rographe surprenant. Soufflez dans le stylo pour obtenir des cr\u00e9ations color\u00e9es ou tournez le capuchon et utilisez-les comme des feutres ordinaires. D\u00e9couvrez des couleurs parfum\u00e9es, vives et pastel pour des combinaisons infinies dans ce grand coffret.<\/p>\n<p>Ce qui rend ce set g\u00e9nial<br \/>\n\u2022 Trois types de stylos \u00e0 souffler : parfum\u00e9s, pastel et couleurs vives.<br \/>\n\u2022 Douze stylos pour des possibilit\u00e9s cr\u00e9atives infinies.<br \/>\n\u2022 Cr\u00e9ez de magnifiques d\u00e9grad\u00e9s de couleurs et des effets sp\u00e9ciaux.<br \/>\n\u2022 Cr\u00e9ez des \u0153uvres d&rsquo;art qui sentent bon la fraise, les agrumes, la pomme et la myrtille.<br \/>\n\u2022 Peut \u00eatre utilis\u00e9 comme stylo \u00e0 souffler ou comme stylo ordinaire.<\/p>\n<p>Couleur, parfum et cr\u00e9ativit\u00e9<br \/>\nAvec les stylos Blow Airbrush, chaque \u0153uvre d&rsquo;art est un r\u00e9gal pour les sens. Les couleurs vives ressortent du papier, les tons pastel apportent une touche de douceur et les stylos parfum\u00e9s ajoutent un \u00e9l\u00e9ment amusant. Que vous cr\u00e9iez des cartes, d\u00e9coriez des affiches ou exp\u00e9rimentiez des d\u00e9grad\u00e9s de couleurs, ce set vous offre toujours quelque chose de nouveau \u00e0 d\u00e9couvrir.<\/p>\n<p>Contenu du set<br \/>\n\u2022 Feutre airbrush rose, orange, turquoise, bleu<br \/>\n\u2022 Feutre airbrush parfum fraise rouge, citron jaune, pomme vert clair, violet parfum\u00e9 aux baies<br \/>\n\u2022 Feutre airbrush vert menthe pastel, lilas pastel, violet lavande pastel, rose saumon pastel<\/p>\n<p>Pourquoi choisir SES Creative<br \/>\nChez SES Creative, nous accordons une grande importance \u00e0 la s\u00e9curit\u00e9. C&rsquo;est pourquoi nos produits sont fabriqu\u00e9s et test\u00e9s dans notre usine aux Pays-Bas, conform\u00e9ment aux normes de s\u00e9curit\u00e9 europ\u00e9ennes les plus strictes. Les jouets SES Creative sont source de plaisir et permettent aux enfants d&rsquo;\u00eatre fiers de leur travail, ce qui stimule leur cr\u00e9ativit\u00e9 et leur d\u00e9veloppement.Soufflez, colorez et parfumez ! <\/p>\n<p>Donnez vie \u00e0 votre imagination avec les stylos a\u00e9rographes Blow !<\/p>\n","protected":false},"excerpt":{"rendered":"<p>Cr\u00e9ez de magnifiques \u0153uvres d&rsquo;art aux parfums agr\u00e9ables Avec les stylos Blow Airbrush Pens \u2013 Power, les enfants \u00e0 partir de 5 ans peuvent cr\u00e9er de magnifiques \u0153uvres d&rsquo;art avec un effet a\u00e9rographe surprenant. Soufflez dans le stylo pour obtenir des cr\u00e9ations color\u00e9es ou tournez le capuchon et utilisez-les comme des feutres ordinaires. D\u00e9couvrez des [&hellip;]<\/p>\n","protected":false},"featured_media":118903,"comment_status":"closed","ping_status":"closed","template":"","meta":{"_acf_changed":false},"product_brand":[],"product_cat":[122],"product_tag":[],"class_list":{"0":"post-118872","1":"product","2":"type-product","3":"status-publish","4":"has-post-thumbnail","6":"product_cat-loisirs-creatifs","7":"pa_collecties-colouring-and-painting","8":"pa_leeftijd-filter-4-6-ans","9":"pa_leeftijd-filter-4-6-jahre","10":"pa_meest-populair-bij-garcons-et-filles","12":"first","13":"instock","14":"shipping-taxable","15":"product-type-simple"},"acf":[],"yoast_head":"<!-- This site is optimized with the Yoast SEO plugin v27.2 - https:\/\/yoast.com\/product\/yoast-seo-wordpress\/ -->\n<title>Blow airbrush pens - Power, pastel et parfum 12 pcs - SES Creative<\/title>\n<meta name=\"robots\" content=\"index, follow, max-snippet:-1, max-image-preview:large, max-video-preview:-1\" \/>\n<link rel=\"canonical\" href=\"https:\/\/ses-creative.com\/fr\/produit\/blow-airbrush-pens-power-pastel-et-parfum-12-pcs\/\" \/>\n<meta property=\"og:locale\" content=\"fr_FR\" \/>\n<meta property=\"og:type\" content=\"article\" \/>\n<meta property=\"og:title\" content=\"Blow airbrush pens - Power, pastel et parfum 12 pcs - SES Creative\" \/>\n<meta property=\"og:description\" content=\"Cr\u00e9ez de magnifiques \u0153uvres d&rsquo;art aux parfums agr\u00e9ables Avec les stylos Blow Airbrush Pens \u2013 Power, les enfants \u00e0 partir de 5 ans peuvent cr\u00e9er de magnifiques \u0153uvres d&rsquo;art avec un effet a\u00e9rographe surprenant. Soufflez dans le stylo pour obtenir des cr\u00e9ations color\u00e9es ou tournez le capuchon et utilisez-les comme des feutres ordinaires. D\u00e9couvrez des [&hellip;]\" \/>\n<meta property=\"og:url\" content=\"https:\/\/ses-creative.com\/fr\/produit\/blow-airbrush-pens-power-pastel-et-parfum-12-pcs\/\" \/>\n<meta property=\"og:site_name\" content=\"SES Creative\" \/>\n<meta property=\"article:modified_time\" content=\"2026-03-06T07:01:57+00:00\" \/>\n<meta name=\"twitter:card\" content=\"summary_large_image\" \/>\n<meta name=\"twitter:label1\" content=\"Dur\u00e9e de lecture estim\u00e9e\" \/>\n\t<meta name=\"twitter:data1\" content=\"2 minutes\" \/>\n<script type=\"application\/ld+json\" class=\"yoast-schema-graph\">{\"@context\":\"https:\/\/schema.org\",\"@graph\":[{\"@type\":\"WebPage\",\"@id\":\"https:\/\/ses-creative.com\/fr\/produit\/blow-airbrush-pens-power-pastel-et-parfum-12-pcs\/\",\"url\":\"https:\/\/ses-creative.com\/fr\/produit\/blow-airbrush-pens-power-pastel-et-parfum-12-pcs\/\",\"name\":\"Blow airbrush pens - Power, pastel et parfum 12 pcs - SES Creative\",\"isPartOf\":{\"@id\":\"https:\/\/ses-creative.com\/#website\"},\"primaryImageOfPage\":{\"@id\":\"https:\/\/ses-creative.com\/fr\/produit\/blow-airbrush-pens-power-pastel-et-parfum-12-pcs\/#primaryimage\"},\"image\":{\"@id\":\"https:\/\/ses-creative.com\/fr\/produit\/blow-airbrush-pens-power-pastel-et-parfum-12-pcs\/#primaryimage\"},\"thumbnailUrl\":\"https:\/\/ses-creative.com\/wp-content\/uploads\/2026\/03\/002841-1.jpg\",\"datePublished\":\"2026-03-05T16:49:56+00:00\",\"dateModified\":\"2026-03-06T07:01:57+00:00\",\"breadcrumb\":{\"@id\":\"https:\/\/ses-creative.com\/fr\/produit\/blow-airbrush-pens-power-pastel-et-parfum-12-pcs\/#breadcrumb\"},\"inLanguage\":\"fr-FR\",\"potentialAction\":[{\"@type\":\"ReadAction\",\"target\":[\"https:\/\/ses-creative.com\/fr\/produit\/blow-airbrush-pens-power-pastel-et-parfum-12-pcs\/\"]}]},{\"@type\":\"ImageObject\",\"inLanguage\":\"fr-FR\",\"@id\":\"https:\/\/ses-creative.com\/fr\/produit\/blow-airbrush-pens-power-pastel-et-parfum-12-pcs\/#primaryimage\",\"url\":\"https:\/\/ses-creative.com\/wp-content\/uploads\/2026\/03\/002841-1.jpg\",\"contentUrl\":\"https:\/\/ses-creative.com\/wp-content\/uploads\/2026\/03\/002841-1.jpg\",\"width\":1000,\"height\":1000},{\"@type\":\"BreadcrumbList\",\"@id\":\"https:\/\/ses-creative.com\/fr\/produit\/blow-airbrush-pens-power-pastel-et-parfum-12-pcs\/#breadcrumb\",\"itemListElement\":[{\"@type\":\"ListItem\",\"position\":1,\"name\":\"Boutique\",\"item\":\"https:\/\/ses-creative.com\/fr\/boutique\/\"},{\"@type\":\"ListItem\",\"position\":2,\"name\":\"Knutselen\",\"item\":\"https:\/\/ses-creative.com\/product-categorie\/knutselen\/\"},{\"@type\":\"ListItem\",\"position\":3,\"name\":\"Blow airbrush pens &#8211; Power, pastel et parfum 12 pcs\"}]},{\"@type\":\"WebSite\",\"@id\":\"https:\/\/ses-creative.com\/#website\",\"url\":\"https:\/\/ses-creative.com\/\",\"name\":\"SES Creative\",\"description\":\"\",\"publisher\":{\"@id\":\"https:\/\/ses-creative.com\/#organization\"},\"potentialAction\":[{\"@type\":\"SearchAction\",\"target\":{\"@type\":\"EntryPoint\",\"urlTemplate\":\"https:\/\/ses-creative.com\/?s={search_term_string}\"},\"query-input\":{\"@type\":\"PropertyValueSpecification\",\"valueRequired\":true,\"valueName\":\"search_term_string\"}}],\"inLanguage\":\"fr-FR\"},{\"@type\":\"Organization\",\"@id\":\"https:\/\/ses-creative.com\/#organization\",\"name\":\"SES Creative\",\"url\":\"https:\/\/ses-creative.com\/\",\"logo\":{\"@type\":\"ImageObject\",\"inLanguage\":\"fr-FR\",\"@id\":\"https:\/\/ses-creative.com\/#\/schema\/logo\/image\/\",\"url\":\"https:\/\/ses-creative.com\/wp-content\/uploads\/2025\/10\/ses-creative-logo.jpg\",\"contentUrl\":\"https:\/\/ses-creative.com\/wp-content\/uploads\/2025\/10\/ses-creative-logo.jpg\",\"width\":2037,\"height\":2037,\"caption\":\"SES Creative\"},\"image\":{\"@id\":\"https:\/\/ses-creative.com\/#\/schema\/logo\/image\/\"}}]}<\/script>\n<!-- \/ Yoast SEO plugin. -->","yoast_head_json":{"title":"Blow airbrush pens - Power, pastel et parfum 12 pcs - SES Creative","robots":{"index":"index","follow":"follow","max-snippet":"max-snippet:-1","max-image-preview":"max-image-preview:large","max-video-preview":"max-video-preview:-1"},"canonical":"https:\/\/ses-creative.com\/fr\/produit\/blow-airbrush-pens-power-pastel-et-parfum-12-pcs\/","og_locale":"fr_FR","og_type":"article","og_title":"Blow airbrush pens - Power, pastel et parfum 12 pcs - SES Creative","og_description":"Cr\u00e9ez de magnifiques \u0153uvres d&rsquo;art aux parfums agr\u00e9ables Avec les stylos Blow Airbrush Pens \u2013 Power, les enfants \u00e0 partir de 5 ans peuvent cr\u00e9er de magnifiques \u0153uvres d&rsquo;art avec un effet a\u00e9rographe surprenant. Soufflez dans le stylo pour obtenir des cr\u00e9ations color\u00e9es ou tournez le capuchon et utilisez-les comme des feutres ordinaires. D\u00e9couvrez des [&hellip;]","og_url":"https:\/\/ses-creative.com\/fr\/produit\/blow-airbrush-pens-power-pastel-et-parfum-12-pcs\/","og_site_name":"SES Creative","article_modified_time":"2026-03-06T07:01:57+00:00","twitter_card":"summary_large_image","twitter_misc":{"Dur\u00e9e de lecture estim\u00e9e":"2 minutes"},"schema":{"@context":"https:\/\/schema.org","@graph":[{"@type":"WebPage","@id":"https:\/\/ses-creative.com\/fr\/produit\/blow-airbrush-pens-power-pastel-et-parfum-12-pcs\/","url":"https:\/\/ses-creative.com\/fr\/produit\/blow-airbrush-pens-power-pastel-et-parfum-12-pcs\/","name":"Blow airbrush pens - Power, pastel et parfum 12 pcs - SES Creative","isPartOf":{"@id":"https:\/\/ses-creative.com\/#website"},"primaryImageOfPage":{"@id":"https:\/\/ses-creative.com\/fr\/produit\/blow-airbrush-pens-power-pastel-et-parfum-12-pcs\/#primaryimage"},"image":{"@id":"https:\/\/ses-creative.com\/fr\/produit\/blow-airbrush-pens-power-pastel-et-parfum-12-pcs\/#primaryimage"},"thumbnailUrl":"https:\/\/ses-creative.com\/wp-content\/uploads\/2026\/03\/002841-1.jpg","datePublished":"2026-03-05T16:49:56+00:00","dateModified":"2026-03-06T07:01:57+00:00","breadcrumb":{"@id":"https:\/\/ses-creative.com\/fr\/produit\/blow-airbrush-pens-power-pastel-et-parfum-12-pcs\/#breadcrumb"},"inLanguage":"fr-FR","potentialAction":[{"@type":"ReadAction","target":["https:\/\/ses-creative.com\/fr\/produit\/blow-airbrush-pens-power-pastel-et-parfum-12-pcs\/"]}]},{"@type":"ImageObject","inLanguage":"fr-FR","@id":"https:\/\/ses-creative.com\/fr\/produit\/blow-airbrush-pens-power-pastel-et-parfum-12-pcs\/#primaryimage","url":"https:\/\/ses-creative.com\/wp-content\/uploads\/2026\/03\/002841-1.jpg","contentUrl":"https:\/\/ses-creative.com\/wp-content\/uploads\/2026\/03\/002841-1.jpg","width":1000,"height":1000},{"@type":"BreadcrumbList","@id":"https:\/\/ses-creative.com\/fr\/produit\/blow-airbrush-pens-power-pastel-et-parfum-12-pcs\/#breadcrumb","itemListElement":[{"@type":"ListItem","position":1,"name":"Boutique","item":"https:\/\/ses-creative.com\/fr\/boutique\/"},{"@type":"ListItem","position":2,"name":"Knutselen","item":"https:\/\/ses-creative.com\/product-categorie\/knutselen\/"},{"@type":"ListItem","position":3,"name":"Blow airbrush pens &#8211; Power, pastel et parfum 12 pcs"}]},{"@type":"WebSite","@id":"https:\/\/ses-creative.com\/#website","url":"https:\/\/ses-creative.com\/","name":"SES Creative","description":"","publisher":{"@id":"https:\/\/ses-creative.com\/#organization"},"potentialAction":[{"@type":"SearchAction","target":{"@type":"EntryPoint","urlTemplate":"https:\/\/ses-creative.com\/?s={search_term_string}"},"query-input":{"@type":"PropertyValueSpecification","valueRequired":true,"valueName":"search_term_string"}}],"inLanguage":"fr-FR"},{"@type":"Organization","@id":"https:\/\/ses-creative.com\/#organization","name":"SES Creative","url":"https:\/\/ses-creative.com\/","logo":{"@type":"ImageObject","inLanguage":"fr-FR","@id":"https:\/\/ses-creative.com\/#\/schema\/logo\/image\/","url":"https:\/\/ses-creative.com\/wp-content\/uploads\/2025\/10\/ses-creative-logo.jpg","contentUrl":"https:\/\/ses-creative.com\/wp-content\/uploads\/2025\/10\/ses-creative-logo.jpg","width":2037,"height":2037,"caption":"SES Creative"},"image":{"@id":"https:\/\/ses-creative.com\/#\/schema\/logo\/image\/"}}]}},"_links":{"self":[{"href":"https:\/\/ses-creative.com\/fr\/wp-json\/wp\/v2\/product\/118872","targetHints":{"allow":["GET"]}}],"collection":[{"href":"https:\/\/ses-creative.com\/fr\/wp-json\/wp\/v2\/product"}],"about":[{"href":"https:\/\/ses-creative.com\/fr\/wp-json\/wp\/v2\/types\/product"}],"replies":[{"embeddable":true,"href":"https:\/\/ses-creative.com\/fr\/wp-json\/wp\/v2\/comments?post=118872"}],"wp:featuredmedia":[{"embeddable":true,"href":"https:\/\/ses-creative.com\/fr\/wp-json\/wp\/v2\/media\/118903"}],"wp:attachment":[{"href":"https:\/\/ses-creative.com\/fr\/wp-json\/wp\/v2\/media?parent=118872"}],"wp:term":[{"taxonomy":"product_brand","embeddable":true,"href":"https:\/\/ses-creative.com\/fr\/wp-json\/wp\/v2\/product_brand?post=118872"},{"taxonomy":"product_cat","embeddable":true,"href":"https:\/\/ses-creative.com\/fr\/wp-json\/wp\/v2\/product_cat?post=118872"},{"taxonomy":"product_tag","embeddable":true,"href":"https:\/\/ses-creative.com\/fr\/wp-json\/wp\/v2\/product_tag?post=118872"}],"curies":[{"name":"wp","href":"https:\/\/api.w.org\/{rel}","templated":true}]}}