











{"id":118871,"date":"2026-03-05T16:34:24","date_gmt":"2026-03-05T16:34:24","guid":{"rendered":"https:\/\/ses-creative.com\/?post_type=product&#038;p=118871"},"modified":"2026-03-06T07:01:57","modified_gmt":"2026-03-06T07:01:57","slug":"squeegee-art-2","status":"publish","type":"product","link":"https:\/\/ses-creative.com\/fr\/produit\/squeegee-art-2\/","title":{"rendered":"Squeegee Art"},"content":{"rendered":"<p>Squeegee Art pour les petits<br \/>\nAvec Squeegee Art de SES Creative, les enfants \u00e0 partir de 5 ans cr\u00e9ent des \u0153uvres d&rsquo;art color\u00e9es aux motifs surprenants. Appliquez de la peinture sur le papier illustr\u00e9 et \u00e9talez-la \u00e0 l&rsquo;aide de l&rsquo;outil sp\u00e9cial squeegee pour obtenir un r\u00e9sultat unique et inattendu.<\/p>\n<p>Ce qui rend ce set g\u00e9nial<br \/>\n\u2022 Cr\u00e9ez des \u0153uvres d&rsquo;art surprenantes avec l&rsquo;outil flexible Squeegee.<br \/>\n\u2022 Simple : appliquez des points ou des rayures de peinture et \u00e9talez-les.<br \/>\n\u2022 Comprend des instructions claires pour diff\u00e9rents motifs.<br \/>\n\u2022 Grande vari\u00e9t\u00e9 avec diverses cartes et motifs de peinture.<br \/>\n\u2022 Outil r\u00e9utilisable et solide, peinture facilement lavable.<\/p>\n<p>Jouer cr\u00e9ativement avec la couleur<br \/>\nSqueegee Art donne \u00e0 chaque \u0153uvre d&rsquo;art son propre caract\u00e8re. Estomper la peinture est non seulement amusant, mais aussi toujours surprenant : aucune cr\u00e9ation ne se ressemble. Id\u00e9al pour les enfants qui aiment exp\u00e9rimenter avec la couleur et la forme, \u00e0 la maison ou en classe.<\/p>\n<p>Contenu du set<br \/>\n\u2022 Seringue \u00e0 peinture<br \/>\n\u2022 Colle paillet\u00e9e argent\u00e9e en tube<br \/>\n\u2022 16 cartes Squeegee Art<br \/>\n\u2022 Raclette<br \/>\n\u2022 Instructions<br \/>\n\u2022 Peinture verte, jaune, rose, orange, violette<\/p>\n<p>Pourquoi choisir SES Creative<br \/>\nChez SES Creative, nous accordons une grande importance \u00e0 la s\u00e9curit\u00e9. C&rsquo;est pourquoi nos produits sont fabriqu\u00e9s et test\u00e9s dans notre usine aux Pays-Bas, conform\u00e9ment aux normes de s\u00e9curit\u00e9 europ\u00e9ennes les plus strictes. Les jouets SES Creative sont source de plaisir et permettent aux enfants d&rsquo;\u00eatre fiers de leur travail, ce qui stimule leur cr\u00e9ativit\u00e9 et leur d\u00e9veloppement.<\/p>\n<p>D\u00e9couvrez des motifs et des combinaisons de couleurs surprenants avec Squeegee Art !<\/p>\n","protected":false},"excerpt":{"rendered":"<p>Squeegee Art pour les petits Avec Squeegee Art de SES Creative, les enfants \u00e0 partir de 5 ans cr\u00e9ent des \u0153uvres d&rsquo;art color\u00e9es aux motifs surprenants. Appliquez de la peinture sur le papier illustr\u00e9 et \u00e9talez-la \u00e0 l&rsquo;aide de l&rsquo;outil sp\u00e9cial squeegee pour obtenir un r\u00e9sultat unique et inattendu. Ce qui rend ce set g\u00e9nial [&hellip;]<\/p>\n","protected":false},"featured_media":90451,"comment_status":"open","ping_status":"closed","template":"","meta":{"_acf_changed":false},"product_brand":[],"product_cat":[122],"product_tag":[],"class_list":{"0":"post-118871","1":"product","2":"type-product","3":"status-publish","4":"has-post-thumbnail","6":"product_cat-loisirs-creatifs","7":"pa_collecties-hobby-pink","8":"pa_leeftijd-filter-4-6-ans","9":"pa_leeftijd-filter-4-6-jahre","10":"pa_meest-populair-bij-filles","11":"pa_meest-populair-bij-maedchen","13":"first","14":"instock","15":"shipping-taxable","16":"product-type-simple"},"acf":[],"yoast_head":"<!-- This site is optimized with the Yoast SEO plugin v27.2 - https:\/\/yoast.com\/product\/yoast-seo-wordpress\/ -->\n<title>Squeegee Art - SES Creative<\/title>\n<meta name=\"robots\" content=\"index, follow, max-snippet:-1, max-image-preview:large, max-video-preview:-1\" \/>\n<link rel=\"canonical\" href=\"https:\/\/ses-creative.com\/produit\/squeegee-art\/\" \/>\n<meta property=\"og:locale\" content=\"fr_FR\" \/>\n<meta property=\"og:type\" content=\"article\" \/>\n<meta property=\"og:title\" content=\"Squeegee Art - SES Creative\" \/>\n<meta property=\"og:description\" content=\"Squeegee Art pour les petits Avec Squeegee Art de SES Creative, les enfants \u00e0 partir de 5 ans cr\u00e9ent des \u0153uvres d&rsquo;art color\u00e9es aux motifs surprenants. Appliquez de la peinture sur le papier illustr\u00e9 et \u00e9talez-la \u00e0 l&rsquo;aide de l&rsquo;outil sp\u00e9cial squeegee pour obtenir un r\u00e9sultat unique et inattendu. Ce qui rend ce set g\u00e9nial [&hellip;]\" \/>\n<meta property=\"og:url\" content=\"https:\/\/ses-creative.com\/produit\/squeegee-art\/\" \/>\n<meta property=\"og:site_name\" content=\"SES Creative\" \/>\n<meta property=\"article:modified_time\" content=\"2026-03-06T07:01:57+00:00\" \/>\n<meta name=\"twitter:card\" content=\"summary_large_image\" \/>\n<meta name=\"twitter:label1\" content=\"Dur\u00e9e de lecture estim\u00e9e\" \/>\n\t<meta name=\"twitter:data1\" content=\"1 minute\" \/>\n<script type=\"application\/ld+json\" class=\"yoast-schema-graph\">{\"@context\":\"https:\/\/schema.org\",\"@graph\":[{\"@type\":\"WebPage\",\"@id\":\"https:\/\/ses-creative.com\/produit\/squeegee-art\/\",\"url\":\"https:\/\/ses-creative.com\/produit\/squeegee-art\/\",\"name\":\"Squeegee Art - SES Creative\",\"isPartOf\":{\"@id\":\"https:\/\/ses-creative.com\/#website\"},\"primaryImageOfPage\":{\"@id\":\"https:\/\/ses-creative.com\/produit\/squeegee-art\/#primaryimage\"},\"image\":{\"@id\":\"https:\/\/ses-creative.com\/produit\/squeegee-art\/#primaryimage\"},\"thumbnailUrl\":\"https:\/\/ses-creative.com\/wp-content\/uploads\/2025\/12\/14130(1).jpg\",\"datePublished\":\"2026-03-05T16:34:24+00:00\",\"dateModified\":\"2026-03-06T07:01:57+00:00\",\"breadcrumb\":{\"@id\":\"https:\/\/ses-creative.com\/produit\/squeegee-art\/#breadcrumb\"},\"inLanguage\":\"fr-FR\",\"potentialAction\":[{\"@type\":\"ReadAction\",\"target\":[\"https:\/\/ses-creative.com\/produit\/squeegee-art\/\"]}]},{\"@type\":\"ImageObject\",\"inLanguage\":\"fr-FR\",\"@id\":\"https:\/\/ses-creative.com\/produit\/squeegee-art\/#primaryimage\",\"url\":\"https:\/\/ses-creative.com\/wp-content\/uploads\/2025\/12\/14130(1).jpg\",\"contentUrl\":\"https:\/\/ses-creative.com\/wp-content\/uploads\/2025\/12\/14130(1).jpg\",\"width\":1000,\"height\":1000},{\"@type\":\"BreadcrumbList\",\"@id\":\"https:\/\/ses-creative.com\/produit\/squeegee-art\/#breadcrumb\",\"itemListElement\":[{\"@type\":\"ListItem\",\"position\":1,\"name\":\"Boutique\",\"item\":\"https:\/\/ses-creative.com\/fr\/boutique\/\"},{\"@type\":\"ListItem\",\"position\":2,\"name\":\"Knutselen\",\"item\":\"https:\/\/ses-creative.com\/product-categorie\/knutselen\/\"},{\"@type\":\"ListItem\",\"position\":3,\"name\":\"Squeegee Art\"}]},{\"@type\":\"WebSite\",\"@id\":\"https:\/\/ses-creative.com\/#website\",\"url\":\"https:\/\/ses-creative.com\/\",\"name\":\"SES Creative\",\"description\":\"\",\"publisher\":{\"@id\":\"https:\/\/ses-creative.com\/#organization\"},\"potentialAction\":[{\"@type\":\"SearchAction\",\"target\":{\"@type\":\"EntryPoint\",\"urlTemplate\":\"https:\/\/ses-creative.com\/?s={search_term_string}\"},\"query-input\":{\"@type\":\"PropertyValueSpecification\",\"valueRequired\":true,\"valueName\":\"search_term_string\"}}],\"inLanguage\":\"fr-FR\"},{\"@type\":\"Organization\",\"@id\":\"https:\/\/ses-creative.com\/#organization\",\"name\":\"SES Creative\",\"url\":\"https:\/\/ses-creative.com\/\",\"logo\":{\"@type\":\"ImageObject\",\"inLanguage\":\"fr-FR\",\"@id\":\"https:\/\/ses-creative.com\/#\/schema\/logo\/image\/\",\"url\":\"https:\/\/ses-creative.com\/wp-content\/uploads\/2025\/10\/ses-creative-logo.jpg\",\"contentUrl\":\"https:\/\/ses-creative.com\/wp-content\/uploads\/2025\/10\/ses-creative-logo.jpg\",\"width\":2037,\"height\":2037,\"caption\":\"SES Creative\"},\"image\":{\"@id\":\"https:\/\/ses-creative.com\/#\/schema\/logo\/image\/\"}}]}<\/script>\n<!-- \/ Yoast SEO plugin. -->","yoast_head_json":{"title":"Squeegee Art - SES Creative","robots":{"index":"index","follow":"follow","max-snippet":"max-snippet:-1","max-image-preview":"max-image-preview:large","max-video-preview":"max-video-preview:-1"},"canonical":"https:\/\/ses-creative.com\/produit\/squeegee-art\/","og_locale":"fr_FR","og_type":"article","og_title":"Squeegee Art - SES Creative","og_description":"Squeegee Art pour les petits Avec Squeegee Art de SES Creative, les enfants \u00e0 partir de 5 ans cr\u00e9ent des \u0153uvres d&rsquo;art color\u00e9es aux motifs surprenants. Appliquez de la peinture sur le papier illustr\u00e9 et \u00e9talez-la \u00e0 l&rsquo;aide de l&rsquo;outil sp\u00e9cial squeegee pour obtenir un r\u00e9sultat unique et inattendu. Ce qui rend ce set g\u00e9nial [&hellip;]","og_url":"https:\/\/ses-creative.com\/produit\/squeegee-art\/","og_site_name":"SES Creative","article_modified_time":"2026-03-06T07:01:57+00:00","twitter_card":"summary_large_image","twitter_misc":{"Dur\u00e9e de lecture estim\u00e9e":"1 minute"},"schema":{"@context":"https:\/\/schema.org","@graph":[{"@type":"WebPage","@id":"https:\/\/ses-creative.com\/produit\/squeegee-art\/","url":"https:\/\/ses-creative.com\/produit\/squeegee-art\/","name":"Squeegee Art - SES Creative","isPartOf":{"@id":"https:\/\/ses-creative.com\/#website"},"primaryImageOfPage":{"@id":"https:\/\/ses-creative.com\/produit\/squeegee-art\/#primaryimage"},"image":{"@id":"https:\/\/ses-creative.com\/produit\/squeegee-art\/#primaryimage"},"thumbnailUrl":"https:\/\/ses-creative.com\/wp-content\/uploads\/2025\/12\/14130(1).jpg","datePublished":"2026-03-05T16:34:24+00:00","dateModified":"2026-03-06T07:01:57+00:00","breadcrumb":{"@id":"https:\/\/ses-creative.com\/produit\/squeegee-art\/#breadcrumb"},"inLanguage":"fr-FR","potentialAction":[{"@type":"ReadAction","target":["https:\/\/ses-creative.com\/produit\/squeegee-art\/"]}]},{"@type":"ImageObject","inLanguage":"fr-FR","@id":"https:\/\/ses-creative.com\/produit\/squeegee-art\/#primaryimage","url":"https:\/\/ses-creative.com\/wp-content\/uploads\/2025\/12\/14130(1).jpg","contentUrl":"https:\/\/ses-creative.com\/wp-content\/uploads\/2025\/12\/14130(1).jpg","width":1000,"height":1000},{"@type":"BreadcrumbList","@id":"https:\/\/ses-creative.com\/produit\/squeegee-art\/#breadcrumb","itemListElement":[{"@type":"ListItem","position":1,"name":"Boutique","item":"https:\/\/ses-creative.com\/fr\/boutique\/"},{"@type":"ListItem","position":2,"name":"Knutselen","item":"https:\/\/ses-creative.com\/product-categorie\/knutselen\/"},{"@type":"ListItem","position":3,"name":"Squeegee Art"}]},{"@type":"WebSite","@id":"https:\/\/ses-creative.com\/#website","url":"https:\/\/ses-creative.com\/","name":"SES Creative","description":"","publisher":{"@id":"https:\/\/ses-creative.com\/#organization"},"potentialAction":[{"@type":"SearchAction","target":{"@type":"EntryPoint","urlTemplate":"https:\/\/ses-creative.com\/?s={search_term_string}"},"query-input":{"@type":"PropertyValueSpecification","valueRequired":true,"valueName":"search_term_string"}}],"inLanguage":"fr-FR"},{"@type":"Organization","@id":"https:\/\/ses-creative.com\/#organization","name":"SES Creative","url":"https:\/\/ses-creative.com\/","logo":{"@type":"ImageObject","inLanguage":"fr-FR","@id":"https:\/\/ses-creative.com\/#\/schema\/logo\/image\/","url":"https:\/\/ses-creative.com\/wp-content\/uploads\/2025\/10\/ses-creative-logo.jpg","contentUrl":"https:\/\/ses-creative.com\/wp-content\/uploads\/2025\/10\/ses-creative-logo.jpg","width":2037,"height":2037,"caption":"SES Creative"},"image":{"@id":"https:\/\/ses-creative.com\/#\/schema\/logo\/image\/"}}]}},"_links":{"self":[{"href":"https:\/\/ses-creative.com\/fr\/wp-json\/wp\/v2\/product\/118871","targetHints":{"allow":["GET"]}}],"collection":[{"href":"https:\/\/ses-creative.com\/fr\/wp-json\/wp\/v2\/product"}],"about":[{"href":"https:\/\/ses-creative.com\/fr\/wp-json\/wp\/v2\/types\/product"}],"replies":[{"embeddable":true,"href":"https:\/\/ses-creative.com\/fr\/wp-json\/wp\/v2\/comments?post=118871"}],"wp:featuredmedia":[{"embeddable":true,"href":"https:\/\/ses-creative.com\/fr\/wp-json\/wp\/v2\/media\/90451"}],"wp:attachment":[{"href":"https:\/\/ses-creative.com\/fr\/wp-json\/wp\/v2\/media?parent=118871"}],"wp:term":[{"taxonomy":"product_brand","embeddable":true,"href":"https:\/\/ses-creative.com\/fr\/wp-json\/wp\/v2\/product_brand?post=118871"},{"taxonomy":"product_cat","embeddable":true,"href":"https:\/\/ses-creative.com\/fr\/wp-json\/wp\/v2\/product_cat?post=118871"},{"taxonomy":"product_tag","embeddable":true,"href":"https:\/\/ses-creative.com\/fr\/wp-json\/wp\/v2\/product_tag?post=118871"}],"curies":[{"name":"wp","href":"https:\/\/api.w.org\/{rel}","templated":true}]}}