











{"id":118525,"date":"2026-02-12T10:10:04","date_gmt":"2026-02-12T10:10:04","guid":{"rendered":"https:\/\/ses-creative.com\/?post_type=product&#038;p=118525"},"modified":"2026-02-12T10:23:26","modified_gmt":"2026-02-12T10:23:26","slug":"porte-magique","status":"publish","type":"product","link":"https:\/\/ses-creative.com\/fr\/produit\/porte-magique\/","title":{"rendered":"Porte Magique"},"content":{"rendered":"<p>Quelle cr\u00e9ature vit dans votre jardin\u00a0?<br \/>\nD\u00e9couvrez le monde miniature mystique de votre jardin gr\u00e2ce \u00e0 cette porte magique. Cr\u00e9ez un monde ext\u00e9rieur miniature et d\u00e9corez-le avec des crayons et des autocollants. Les autocollants phosphorescents donnent au monde dans l&rsquo;obscurit\u00e9 un effet encore plus captivant, amusant pour petits et grands.<br \/>\nLes atouts de ce coffret\u00a0:<br \/>\n&#8211; Cr\u00e9ez un monde miniature mystique dans votre jardin<br \/>\n&#8211; Autocollants phosphorescents pour un effet mystique<br \/>\n&#8211; Pas besoin de colle<br \/>\n&#8211; D\u00e9corez avec 8 crayons pour un r\u00e9sultat unique<br \/>\n&#8211; Pi\u00e8ces en bois FSC \u00e0 planter dans le sol<br \/>\nPourquoi ce coffret est fait pour vous\u00a0?<br \/>\nAvec ce coffret, cr\u00e9ez un monde miniature fascinant pour l&rsquo;ext\u00e9rieur. Les pi\u00e8ces en bois sont con\u00e7ues pour \u00eatre facilement plant\u00e9es dans le sol et rester en place. Gr\u00e2ce aux autocollants, aucune colle n&rsquo;est n\u00e9cessaire. Personnalisez votre univers en d\u00e9corant les pi\u00e8ces avec les 8 crayons. Qui vient vous rendre visite\u00a0?<br \/>\nContenu du coffret\u00a0:<br \/>\n&#8211; Fil blanc<br \/>\n&#8211; 8 crayons<br \/>\n&#8211; Pi\u00e8ces en bois FSC<br \/>\n&#8211; Autocollants phosphorescents<br \/>\n&#8211; Manuel<br \/>\nPourquoi choisir SES Cr\u00e9atif\u00a0?<br \/>\nChez SES Creative, la s\u00e9curit\u00e9 est notre priorit\u00e9. C&rsquo;est pourquoi nos produits sont fabriqu\u00e9s et test\u00e9s dans notre usine aux Pays-Bas, conform\u00e9ment aux normes de s\u00e9curit\u00e9 europ\u00e9ennes les plus strictes. Les jouets SES Creative sont amusants et con\u00e7us pour rendre les enfants fiers de leur travail, stimulant ainsi leur cr\u00e9ativit\u00e9 et leur d\u00e9veloppement.<br \/>\nD\u00e9couvrez la magie dans votre jardin\u00a0!<br \/>\nCr\u00e9ez et d\u00e9corez un monde mystique pour votre jardin avec le coffret Porte Magique SES Creative.<\/p>\n","protected":false},"excerpt":{"rendered":"<p>Quelle cr\u00e9ature vit dans votre jardin\u00a0? D\u00e9couvrez le monde miniature mystique de votre jardin gr\u00e2ce \u00e0 cette porte magique. Cr\u00e9ez un monde ext\u00e9rieur miniature et d\u00e9corez-le avec des crayons et des autocollants. Les autocollants phosphorescents donnent au monde dans l&rsquo;obscurit\u00e9 un effet encore plus captivant, amusant pour petits et grands. Les atouts de ce coffret\u00a0: [&hellip;]<\/p>\n","protected":false},"featured_media":0,"comment_status":"closed","ping_status":"closed","template":"","meta":{"_acf_changed":false},"product_brand":[],"product_cat":[128],"product_tag":[],"class_list":{"0":"post-118525","1":"product","2":"type-product","3":"status-publish","5":"product_cat-decouvrir","6":"pa_leeftijd-filter-4-6-ans","7":"pa_meest-populair-bij-garcons-filles","9":"first","10":"instock","11":"shipping-taxable","12":"product-type-simple"},"acf":[],"yoast_head":"<!-- This site is optimized with the Yoast SEO plugin v27.4 - https:\/\/yoast.com\/product\/yoast-seo-wordpress\/ -->\n<title>Porte Magique - SES Creative<\/title>\n<meta name=\"robots\" content=\"index, follow, max-snippet:-1, max-image-preview:large, max-video-preview:-1\" \/>\n<link rel=\"canonical\" href=\"https:\/\/ses-creative.com\/fr\/produit\/porte-magique\/\" \/>\n<meta property=\"og:locale\" content=\"fr_FR\" \/>\n<meta property=\"og:type\" content=\"article\" \/>\n<meta property=\"og:title\" content=\"Porte Magique - SES Creative\" \/>\n<meta property=\"og:description\" content=\"Quelle cr\u00e9ature vit dans votre jardin\u00a0? D\u00e9couvrez le monde miniature mystique de votre jardin gr\u00e2ce \u00e0 cette porte magique. Cr\u00e9ez un monde ext\u00e9rieur miniature et d\u00e9corez-le avec des crayons et des autocollants. Les autocollants phosphorescents donnent au monde dans l&rsquo;obscurit\u00e9 un effet encore plus captivant, amusant pour petits et grands. Les atouts de ce coffret\u00a0: [&hellip;]\" \/>\n<meta property=\"og:url\" content=\"https:\/\/ses-creative.com\/fr\/produit\/porte-magique\/\" \/>\n<meta property=\"og:site_name\" content=\"SES Creative\" \/>\n<meta property=\"article:modified_time\" content=\"2026-02-12T10:23:26+00:00\" \/>\n<meta name=\"twitter:card\" content=\"summary_large_image\" \/>\n<meta name=\"twitter:label1\" content=\"Dur\u00e9e de lecture estim\u00e9e\" \/>\n\t<meta name=\"twitter:data1\" content=\"1 minute\" \/>\n<script type=\"application\/ld+json\" class=\"yoast-schema-graph\">{\"@context\":\"https:\\\/\\\/schema.org\",\"@graph\":[{\"@type\":\"WebPage\",\"@id\":\"https:\\\/\\\/ses-creative.com\\\/fr\\\/produit\\\/porte-magique\\\/\",\"url\":\"https:\\\/\\\/ses-creative.com\\\/fr\\\/produit\\\/porte-magique\\\/\",\"name\":\"Porte Magique - SES Creative\",\"isPartOf\":{\"@id\":\"https:\\\/\\\/ses-creative.com\\\/#website\"},\"datePublished\":\"2026-02-12T10:10:04+00:00\",\"dateModified\":\"2026-02-12T10:23:26+00:00\",\"breadcrumb\":{\"@id\":\"https:\\\/\\\/ses-creative.com\\\/fr\\\/produit\\\/porte-magique\\\/#breadcrumb\"},\"inLanguage\":\"fr-FR\",\"potentialAction\":[{\"@type\":\"ReadAction\",\"target\":[\"https:\\\/\\\/ses-creative.com\\\/fr\\\/produit\\\/porte-magique\\\/\"]}]},{\"@type\":\"BreadcrumbList\",\"@id\":\"https:\\\/\\\/ses-creative.com\\\/fr\\\/produit\\\/porte-magique\\\/#breadcrumb\",\"itemListElement\":[{\"@type\":\"ListItem\",\"position\":1,\"name\":\"Boutique\",\"item\":\"https:\\\/\\\/ses-creative.com\\\/fr\\\/boutique\\\/\"},{\"@type\":\"ListItem\",\"position\":2,\"name\":\"D\u00e9couvrir\",\"item\":\"https:\\\/\\\/ses-creative.com\\\/fr\\\/product-categorie\\\/decouvrir\\\/\"},{\"@type\":\"ListItem\",\"position\":3,\"name\":\"Porte Magique\"}]},{\"@type\":\"WebSite\",\"@id\":\"https:\\\/\\\/ses-creative.com\\\/#website\",\"url\":\"https:\\\/\\\/ses-creative.com\\\/\",\"name\":\"SES Creative\",\"description\":\"\",\"publisher\":{\"@id\":\"https:\\\/\\\/ses-creative.com\\\/#organization\"},\"potentialAction\":[{\"@type\":\"SearchAction\",\"target\":{\"@type\":\"EntryPoint\",\"urlTemplate\":\"https:\\\/\\\/ses-creative.com\\\/?s={search_term_string}\"},\"query-input\":{\"@type\":\"PropertyValueSpecification\",\"valueRequired\":true,\"valueName\":\"search_term_string\"}}],\"inLanguage\":\"fr-FR\"},{\"@type\":\"Organization\",\"@id\":\"https:\\\/\\\/ses-creative.com\\\/#organization\",\"name\":\"SES Creative\",\"url\":\"https:\\\/\\\/ses-creative.com\\\/\",\"logo\":{\"@type\":\"ImageObject\",\"inLanguage\":\"fr-FR\",\"@id\":\"https:\\\/\\\/ses-creative.com\\\/#\\\/schema\\\/logo\\\/image\\\/\",\"url\":\"https:\\\/\\\/ses-creative.com\\\/wp-content\\\/uploads\\\/2025\\\/10\\\/ses-creative-logo.jpg\",\"contentUrl\":\"https:\\\/\\\/ses-creative.com\\\/wp-content\\\/uploads\\\/2025\\\/10\\\/ses-creative-logo.jpg\",\"width\":2037,\"height\":2037,\"caption\":\"SES Creative\"},\"image\":{\"@id\":\"https:\\\/\\\/ses-creative.com\\\/#\\\/schema\\\/logo\\\/image\\\/\"}}]}<\/script>\n<!-- \/ Yoast SEO plugin. -->","yoast_head_json":{"title":"Porte Magique - SES Creative","robots":{"index":"index","follow":"follow","max-snippet":"max-snippet:-1","max-image-preview":"max-image-preview:large","max-video-preview":"max-video-preview:-1"},"canonical":"https:\/\/ses-creative.com\/fr\/produit\/porte-magique\/","og_locale":"fr_FR","og_type":"article","og_title":"Porte Magique - SES Creative","og_description":"Quelle cr\u00e9ature vit dans votre jardin\u00a0? D\u00e9couvrez le monde miniature mystique de votre jardin gr\u00e2ce \u00e0 cette porte magique. Cr\u00e9ez un monde ext\u00e9rieur miniature et d\u00e9corez-le avec des crayons et des autocollants. Les autocollants phosphorescents donnent au monde dans l&rsquo;obscurit\u00e9 un effet encore plus captivant, amusant pour petits et grands. Les atouts de ce coffret\u00a0: [&hellip;]","og_url":"https:\/\/ses-creative.com\/fr\/produit\/porte-magique\/","og_site_name":"SES Creative","article_modified_time":"2026-02-12T10:23:26+00:00","twitter_card":"summary_large_image","twitter_misc":{"Dur\u00e9e de lecture estim\u00e9e":"1 minute"},"schema":{"@context":"https:\/\/schema.org","@graph":[{"@type":"WebPage","@id":"https:\/\/ses-creative.com\/fr\/produit\/porte-magique\/","url":"https:\/\/ses-creative.com\/fr\/produit\/porte-magique\/","name":"Porte Magique - SES Creative","isPartOf":{"@id":"https:\/\/ses-creative.com\/#website"},"datePublished":"2026-02-12T10:10:04+00:00","dateModified":"2026-02-12T10:23:26+00:00","breadcrumb":{"@id":"https:\/\/ses-creative.com\/fr\/produit\/porte-magique\/#breadcrumb"},"inLanguage":"fr-FR","potentialAction":[{"@type":"ReadAction","target":["https:\/\/ses-creative.com\/fr\/produit\/porte-magique\/"]}]},{"@type":"BreadcrumbList","@id":"https:\/\/ses-creative.com\/fr\/produit\/porte-magique\/#breadcrumb","itemListElement":[{"@type":"ListItem","position":1,"name":"Boutique","item":"https:\/\/ses-creative.com\/fr\/boutique\/"},{"@type":"ListItem","position":2,"name":"D\u00e9couvrir","item":"https:\/\/ses-creative.com\/fr\/product-categorie\/decouvrir\/"},{"@type":"ListItem","position":3,"name":"Porte Magique"}]},{"@type":"WebSite","@id":"https:\/\/ses-creative.com\/#website","url":"https:\/\/ses-creative.com\/","name":"SES Creative","description":"","publisher":{"@id":"https:\/\/ses-creative.com\/#organization"},"potentialAction":[{"@type":"SearchAction","target":{"@type":"EntryPoint","urlTemplate":"https:\/\/ses-creative.com\/?s={search_term_string}"},"query-input":{"@type":"PropertyValueSpecification","valueRequired":true,"valueName":"search_term_string"}}],"inLanguage":"fr-FR"},{"@type":"Organization","@id":"https:\/\/ses-creative.com\/#organization","name":"SES Creative","url":"https:\/\/ses-creative.com\/","logo":{"@type":"ImageObject","inLanguage":"fr-FR","@id":"https:\/\/ses-creative.com\/#\/schema\/logo\/image\/","url":"https:\/\/ses-creative.com\/wp-content\/uploads\/2025\/10\/ses-creative-logo.jpg","contentUrl":"https:\/\/ses-creative.com\/wp-content\/uploads\/2025\/10\/ses-creative-logo.jpg","width":2037,"height":2037,"caption":"SES Creative"},"image":{"@id":"https:\/\/ses-creative.com\/#\/schema\/logo\/image\/"}}]}},"_links":{"self":[{"href":"https:\/\/ses-creative.com\/fr\/wp-json\/wp\/v2\/product\/118525","targetHints":{"allow":["GET"]}}],"collection":[{"href":"https:\/\/ses-creative.com\/fr\/wp-json\/wp\/v2\/product"}],"about":[{"href":"https:\/\/ses-creative.com\/fr\/wp-json\/wp\/v2\/types\/product"}],"replies":[{"embeddable":true,"href":"https:\/\/ses-creative.com\/fr\/wp-json\/wp\/v2\/comments?post=118525"}],"wp:attachment":[{"href":"https:\/\/ses-creative.com\/fr\/wp-json\/wp\/v2\/media?parent=118525"}],"wp:term":[{"taxonomy":"product_brand","embeddable":true,"href":"https:\/\/ses-creative.com\/fr\/wp-json\/wp\/v2\/product_brand?post=118525"},{"taxonomy":"product_cat","embeddable":true,"href":"https:\/\/ses-creative.com\/fr\/wp-json\/wp\/v2\/product_cat?post=118525"},{"taxonomy":"product_tag","embeddable":true,"href":"https:\/\/ses-creative.com\/fr\/wp-json\/wp\/v2\/product_tag?post=118525"}],"curies":[{"name":"wp","href":"https:\/\/api.w.org\/{rel}","templated":true}]}}