











{"id":118524,"date":"2026-02-12T10:10:04","date_gmt":"2026-02-12T10:10:04","guid":{"rendered":"https:\/\/ses-creative.com\/?post_type=product&#038;p=118524"},"modified":"2026-02-12T10:23:26","modified_gmt":"2026-02-12T10:23:26","slug":"nichoir","status":"publish","type":"product","link":"https:\/\/ses-creative.com\/fr\/produit\/nichoir\/","title":{"rendered":"Nichoir"},"content":{"rendered":"<p>Fabriquez et d\u00e9corez votre propre nichoir avec SES Creative !<br \/>\nOffrez un foyer aux oiseaux de votre jardin ou de votre balcon avec ces jolies nichoirs. Vous pouvez assembler et d\u00e9corer vous-m\u00eame le nichoir, ce qui rend chaque nichoir unique. Gr\u00e2ce aux instructions fournies, il est facile \u00e0 assembler. Le kit contient tout le n\u00e9cessaire. Offrez aux oiseaux un endroit agr\u00e9able dans votre jardin ou sur votre balcon.<br \/>\nCe qui rend ce kit g\u00e9nial<br \/>\n&#8211;    Construisez et d\u00e9corez votre propre nichoir<br \/>\n&#8211;    Accrochez la cabane \u00e0 oiseaux dans votre jardin, \u00e0 un arbre ou au mur, et d\u00e9couvrez quels oiseaux viennent dans votre jardin<br \/>\n&#8211;    Tout le n\u00e9cessaire pour construire le nichoir est inclus dans ce kit<br \/>\n&#8211;    Stimule la curiosit\u00e9 pour les oiseaux et la nature<br \/>\n&#8211;    Fabriqu\u00e9 en bois<br \/>\nPr\u00e9parez-vous \u00e0 plonger dans un monde de cr\u00e9ativit\u00e9 et de nature.<br \/>\nConstruire votre nichoir vous permet d&rsquo;am\u00e9liorer vos comp\u00e9tences manuelles tout en apprenant \u00e0 conna\u00eetre les oiseaux qui peuvent vous rendre visite. C&rsquo;est un m\u00e9lange parfait entre plaisir et \u00e9ducation. Ce kit contient tout ce dont vous avez besoin pour assembler et d\u00e9corer votre nichoir. Il est facile \u00e0 assembler et les autocollants color\u00e9s le rendent encore plus amusant. D\u00e9couvrez quels oiseaux vous rendent visite<br \/>\nContenu du kit<br \/>\n&#8211;    Pi\u00e8ces en bois pour construire le nichoir<br \/>\n&#8211;    Autocollants color\u00e9s<br \/>\n&#8211;    Colle avec pinceau<br \/>\n&#8211;    Instructions<br \/>\nPourquoi choisir SES Creative ?<br \/>\nChez SES Creative, nous accordons une grande importance \u00e0 la s\u00e9curit\u00e9. C&rsquo;est pourquoi nos produits sont fabriqu\u00e9s et test\u00e9s dans notre usine aux Pays-Bas, conform\u00e9ment aux normes de s\u00e9curit\u00e9 europ\u00e9ennes les plus strictes. Les jouets SES Creative sont source de plaisir et permettent aux enfants d&rsquo;\u00eatre fiers de leur travail, ce qui stimule leur cr\u00e9ativit\u00e9 et leur d\u00e9veloppement.<br \/>\nCommencez \u00e0 construire d\u00e8s maintenant !<br \/>\nAlors, qu&rsquo;attendez-vous ? Prenez le kit, retroussez vos manches et commencez d\u00e8s aujourd&rsquo;hui \u00e0 construire un nichoir. Vous ne faites pas seulement du bricolage, vous cr\u00e9ez un foyer et invitez la nature directement dans votre jardin. Rendez-le sp\u00e9cial, faites-en votre propre cr\u00e9ation !<\/p>\n","protected":false},"excerpt":{"rendered":"<p>Fabriquez et d\u00e9corez votre propre nichoir avec SES Creative ! Offrez un foyer aux oiseaux de votre jardin ou de votre balcon avec ces jolies nichoirs. Vous pouvez assembler et d\u00e9corer vous-m\u00eame le nichoir, ce qui rend chaque nichoir unique. Gr\u00e2ce aux instructions fournies, il est facile \u00e0 assembler. Le kit contient tout le n\u00e9cessaire. [&hellip;]<\/p>\n","protected":false},"featured_media":106556,"comment_status":"closed","ping_status":"closed","template":"","meta":{"_acf_changed":false},"product_brand":[],"product_cat":[128],"product_tag":[],"class_list":{"0":"post-118524","1":"product","2":"type-product","3":"status-publish","4":"has-post-thumbnail","6":"product_cat-decouvrir","7":"pa_leeftijd-filter-4-6-ans","8":"pa_meest-populair-bij-garcons-filles","10":"first","11":"instock","12":"shipping-taxable","13":"product-type-simple"},"acf":[],"yoast_head":"<!-- This site is optimized with the Yoast SEO plugin v27.4 - https:\/\/yoast.com\/product\/yoast-seo-wordpress\/ -->\n<title>Nichoir - SES Creative<\/title>\n<meta name=\"robots\" content=\"index, follow, max-snippet:-1, max-image-preview:large, max-video-preview:-1\" \/>\n<link rel=\"canonical\" href=\"https:\/\/ses-creative.com\/fr\/produit\/nichoir\/\" \/>\n<meta property=\"og:locale\" content=\"fr_FR\" \/>\n<meta property=\"og:type\" content=\"article\" \/>\n<meta property=\"og:title\" content=\"Nichoir - SES Creative\" \/>\n<meta property=\"og:description\" content=\"Fabriquez et d\u00e9corez votre propre nichoir avec SES Creative ! Offrez un foyer aux oiseaux de votre jardin ou de votre balcon avec ces jolies nichoirs. Vous pouvez assembler et d\u00e9corer vous-m\u00eame le nichoir, ce qui rend chaque nichoir unique. Gr\u00e2ce aux instructions fournies, il est facile \u00e0 assembler. Le kit contient tout le n\u00e9cessaire. [&hellip;]\" \/>\n<meta property=\"og:url\" content=\"https:\/\/ses-creative.com\/fr\/produit\/nichoir\/\" \/>\n<meta property=\"og:site_name\" content=\"SES Creative\" \/>\n<meta property=\"article:modified_time\" content=\"2026-02-12T10:23:26+00:00\" \/>\n<meta name=\"twitter:card\" content=\"summary_large_image\" \/>\n<meta name=\"twitter:label1\" content=\"Dur\u00e9e de lecture estim\u00e9e\" \/>\n\t<meta name=\"twitter:data1\" content=\"2 minutes\" \/>\n<script type=\"application\/ld+json\" class=\"yoast-schema-graph\">{\"@context\":\"https:\\\/\\\/schema.org\",\"@graph\":[{\"@type\":\"WebPage\",\"@id\":\"https:\\\/\\\/ses-creative.com\\\/fr\\\/produit\\\/nichoir\\\/\",\"url\":\"https:\\\/\\\/ses-creative.com\\\/fr\\\/produit\\\/nichoir\\\/\",\"name\":\"Nichoir - SES Creative\",\"isPartOf\":{\"@id\":\"https:\\\/\\\/ses-creative.com\\\/#website\"},\"primaryImageOfPage\":{\"@id\":\"https:\\\/\\\/ses-creative.com\\\/fr\\\/produit\\\/nichoir\\\/#primaryimage\"},\"image\":{\"@id\":\"https:\\\/\\\/ses-creative.com\\\/fr\\\/produit\\\/nichoir\\\/#primaryimage\"},\"thumbnailUrl\":\"https:\\\/\\\/ses-creative.com\\\/wp-content\\\/uploads\\\/2026\\\/01\\\/252091.jpg\",\"datePublished\":\"2026-02-12T10:10:04+00:00\",\"dateModified\":\"2026-02-12T10:23:26+00:00\",\"breadcrumb\":{\"@id\":\"https:\\\/\\\/ses-creative.com\\\/fr\\\/produit\\\/nichoir\\\/#breadcrumb\"},\"inLanguage\":\"fr-FR\",\"potentialAction\":[{\"@type\":\"ReadAction\",\"target\":[\"https:\\\/\\\/ses-creative.com\\\/fr\\\/produit\\\/nichoir\\\/\"]}]},{\"@type\":\"ImageObject\",\"inLanguage\":\"fr-FR\",\"@id\":\"https:\\\/\\\/ses-creative.com\\\/fr\\\/produit\\\/nichoir\\\/#primaryimage\",\"url\":\"https:\\\/\\\/ses-creative.com\\\/wp-content\\\/uploads\\\/2026\\\/01\\\/252091.jpg\",\"contentUrl\":\"https:\\\/\\\/ses-creative.com\\\/wp-content\\\/uploads\\\/2026\\\/01\\\/252091.jpg\",\"width\":1000,\"height\":1000},{\"@type\":\"BreadcrumbList\",\"@id\":\"https:\\\/\\\/ses-creative.com\\\/fr\\\/produit\\\/nichoir\\\/#breadcrumb\",\"itemListElement\":[{\"@type\":\"ListItem\",\"position\":1,\"name\":\"Boutique\",\"item\":\"https:\\\/\\\/ses-creative.com\\\/fr\\\/boutique\\\/\"},{\"@type\":\"ListItem\",\"position\":2,\"name\":\"D\u00e9couvrir\",\"item\":\"https:\\\/\\\/ses-creative.com\\\/fr\\\/product-categorie\\\/decouvrir\\\/\"},{\"@type\":\"ListItem\",\"position\":3,\"name\":\"Nichoir\"}]},{\"@type\":\"WebSite\",\"@id\":\"https:\\\/\\\/ses-creative.com\\\/#website\",\"url\":\"https:\\\/\\\/ses-creative.com\\\/\",\"name\":\"SES Creative\",\"description\":\"\",\"publisher\":{\"@id\":\"https:\\\/\\\/ses-creative.com\\\/#organization\"},\"potentialAction\":[{\"@type\":\"SearchAction\",\"target\":{\"@type\":\"EntryPoint\",\"urlTemplate\":\"https:\\\/\\\/ses-creative.com\\\/?s={search_term_string}\"},\"query-input\":{\"@type\":\"PropertyValueSpecification\",\"valueRequired\":true,\"valueName\":\"search_term_string\"}}],\"inLanguage\":\"fr-FR\"},{\"@type\":\"Organization\",\"@id\":\"https:\\\/\\\/ses-creative.com\\\/#organization\",\"name\":\"SES Creative\",\"url\":\"https:\\\/\\\/ses-creative.com\\\/\",\"logo\":{\"@type\":\"ImageObject\",\"inLanguage\":\"fr-FR\",\"@id\":\"https:\\\/\\\/ses-creative.com\\\/#\\\/schema\\\/logo\\\/image\\\/\",\"url\":\"https:\\\/\\\/ses-creative.com\\\/wp-content\\\/uploads\\\/2025\\\/10\\\/ses-creative-logo.jpg\",\"contentUrl\":\"https:\\\/\\\/ses-creative.com\\\/wp-content\\\/uploads\\\/2025\\\/10\\\/ses-creative-logo.jpg\",\"width\":2037,\"height\":2037,\"caption\":\"SES Creative\"},\"image\":{\"@id\":\"https:\\\/\\\/ses-creative.com\\\/#\\\/schema\\\/logo\\\/image\\\/\"}}]}<\/script>\n<!-- \/ Yoast SEO plugin. -->","yoast_head_json":{"title":"Nichoir - SES Creative","robots":{"index":"index","follow":"follow","max-snippet":"max-snippet:-1","max-image-preview":"max-image-preview:large","max-video-preview":"max-video-preview:-1"},"canonical":"https:\/\/ses-creative.com\/fr\/produit\/nichoir\/","og_locale":"fr_FR","og_type":"article","og_title":"Nichoir - SES Creative","og_description":"Fabriquez et d\u00e9corez votre propre nichoir avec SES Creative ! Offrez un foyer aux oiseaux de votre jardin ou de votre balcon avec ces jolies nichoirs. Vous pouvez assembler et d\u00e9corer vous-m\u00eame le nichoir, ce qui rend chaque nichoir unique. Gr\u00e2ce aux instructions fournies, il est facile \u00e0 assembler. Le kit contient tout le n\u00e9cessaire. [&hellip;]","og_url":"https:\/\/ses-creative.com\/fr\/produit\/nichoir\/","og_site_name":"SES Creative","article_modified_time":"2026-02-12T10:23:26+00:00","twitter_card":"summary_large_image","twitter_misc":{"Dur\u00e9e de lecture estim\u00e9e":"2 minutes"},"schema":{"@context":"https:\/\/schema.org","@graph":[{"@type":"WebPage","@id":"https:\/\/ses-creative.com\/fr\/produit\/nichoir\/","url":"https:\/\/ses-creative.com\/fr\/produit\/nichoir\/","name":"Nichoir - SES Creative","isPartOf":{"@id":"https:\/\/ses-creative.com\/#website"},"primaryImageOfPage":{"@id":"https:\/\/ses-creative.com\/fr\/produit\/nichoir\/#primaryimage"},"image":{"@id":"https:\/\/ses-creative.com\/fr\/produit\/nichoir\/#primaryimage"},"thumbnailUrl":"https:\/\/ses-creative.com\/wp-content\/uploads\/2026\/01\/252091.jpg","datePublished":"2026-02-12T10:10:04+00:00","dateModified":"2026-02-12T10:23:26+00:00","breadcrumb":{"@id":"https:\/\/ses-creative.com\/fr\/produit\/nichoir\/#breadcrumb"},"inLanguage":"fr-FR","potentialAction":[{"@type":"ReadAction","target":["https:\/\/ses-creative.com\/fr\/produit\/nichoir\/"]}]},{"@type":"ImageObject","inLanguage":"fr-FR","@id":"https:\/\/ses-creative.com\/fr\/produit\/nichoir\/#primaryimage","url":"https:\/\/ses-creative.com\/wp-content\/uploads\/2026\/01\/252091.jpg","contentUrl":"https:\/\/ses-creative.com\/wp-content\/uploads\/2026\/01\/252091.jpg","width":1000,"height":1000},{"@type":"BreadcrumbList","@id":"https:\/\/ses-creative.com\/fr\/produit\/nichoir\/#breadcrumb","itemListElement":[{"@type":"ListItem","position":1,"name":"Boutique","item":"https:\/\/ses-creative.com\/fr\/boutique\/"},{"@type":"ListItem","position":2,"name":"D\u00e9couvrir","item":"https:\/\/ses-creative.com\/fr\/product-categorie\/decouvrir\/"},{"@type":"ListItem","position":3,"name":"Nichoir"}]},{"@type":"WebSite","@id":"https:\/\/ses-creative.com\/#website","url":"https:\/\/ses-creative.com\/","name":"SES Creative","description":"","publisher":{"@id":"https:\/\/ses-creative.com\/#organization"},"potentialAction":[{"@type":"SearchAction","target":{"@type":"EntryPoint","urlTemplate":"https:\/\/ses-creative.com\/?s={search_term_string}"},"query-input":{"@type":"PropertyValueSpecification","valueRequired":true,"valueName":"search_term_string"}}],"inLanguage":"fr-FR"},{"@type":"Organization","@id":"https:\/\/ses-creative.com\/#organization","name":"SES Creative","url":"https:\/\/ses-creative.com\/","logo":{"@type":"ImageObject","inLanguage":"fr-FR","@id":"https:\/\/ses-creative.com\/#\/schema\/logo\/image\/","url":"https:\/\/ses-creative.com\/wp-content\/uploads\/2025\/10\/ses-creative-logo.jpg","contentUrl":"https:\/\/ses-creative.com\/wp-content\/uploads\/2025\/10\/ses-creative-logo.jpg","width":2037,"height":2037,"caption":"SES Creative"},"image":{"@id":"https:\/\/ses-creative.com\/#\/schema\/logo\/image\/"}}]}},"_links":{"self":[{"href":"https:\/\/ses-creative.com\/fr\/wp-json\/wp\/v2\/product\/118524","targetHints":{"allow":["GET"]}}],"collection":[{"href":"https:\/\/ses-creative.com\/fr\/wp-json\/wp\/v2\/product"}],"about":[{"href":"https:\/\/ses-creative.com\/fr\/wp-json\/wp\/v2\/types\/product"}],"replies":[{"embeddable":true,"href":"https:\/\/ses-creative.com\/fr\/wp-json\/wp\/v2\/comments?post=118524"}],"wp:featuredmedia":[{"embeddable":true,"href":"https:\/\/ses-creative.com\/fr\/wp-json\/wp\/v2\/media\/106556"}],"wp:attachment":[{"href":"https:\/\/ses-creative.com\/fr\/wp-json\/wp\/v2\/media?parent=118524"}],"wp:term":[{"taxonomy":"product_brand","embeddable":true,"href":"https:\/\/ses-creative.com\/fr\/wp-json\/wp\/v2\/product_brand?post=118524"},{"taxonomy":"product_cat","embeddable":true,"href":"https:\/\/ses-creative.com\/fr\/wp-json\/wp\/v2\/product_cat?post=118524"},{"taxonomy":"product_tag","embeddable":true,"href":"https:\/\/ses-creative.com\/fr\/wp-json\/wp\/v2\/product_tag?post=118524"}],"curies":[{"name":"wp","href":"https:\/\/api.w.org\/{rel}","templated":true}]}}