











{"id":118523,"date":"2026-02-12T10:10:04","date_gmt":"2026-02-12T10:10:04","guid":{"rendered":"https:\/\/ses-creative.com\/?post_type=product&#038;p=118523"},"modified":"2026-02-12T10:23:26","modified_gmt":"2026-02-12T10:23:26","slug":"observation-des-insectes","status":"publish","type":"product","link":"https:\/\/ses-creative.com\/fr\/produit\/observation-des-insectes\/","title":{"rendered":"Observation des insectes"},"content":{"rendered":"<p>Observation des insectes : explorez votre jardin !<br \/>\nD\u00e9couvrez la magie de la nature avec le coffret d&rsquo;observation des insectes de SES Creative. Assemblez vos observatoires, d\u00e9corez-les avec des autocollants et partez \u00e0 la recherche des petites cr\u00e9atures de votre r\u00e9gion. Gr\u00e2ce \u00e0 l&rsquo;outil sp\u00e9cial, attrapez-les facilement et placez-les dans la bo\u00eete d&rsquo;observation. La loupe vous permet de les observer de plus pr\u00e8s et les lignes de mesure aident \u00e0 d\u00e9terminer la taille de l&rsquo;animal. Rel\u00e2chez ensuite les animaux dans la nature !<br \/>\nLes atouts de ce coffret :<br \/>\n&#8211; Assemblez vous-m\u00eame les observatoires gr\u00e2ce \u00e0 des instructions claires.<br \/>\n&#8211; Outil pratique pour attraper et \u00e9tudier les petits insectes et autres cr\u00e9atures.<br \/>\n&#8211; D\u00e9corez vos observatoires avec des autocollants color\u00e9s.<br \/>\n&#8211; Des jouets STEM qui stimulent le jeu en plein air et la curiosit\u00e9 pour la nature.<br \/>\n&#8211; Un observatoire \u00e0 insectes avec une poign\u00e9e pour un transport facile.<br \/>\n\u00c0 l&rsquo;aventure dans le monde des insectes !<br \/>\nLa nature regorge de surprises, m\u00eame dans votre jardin ou dans la cour d&rsquo;\u00e9cole. Ce coffret est non seulement amusant pour en apprendre davantage sur la nature, mais avant de commencer, vous devrez d&rsquo;abord assembler et d\u00e9corer votre propre bo\u00eete d&rsquo;observation des insectes. C&rsquo;est parti ! La bo\u00eete d&rsquo;observation est dot\u00e9e d&rsquo;une boucle pratique pour un transport facile et de trous permettant aux animaux de prendre l&rsquo;air. Apr\u00e8s avoir observ\u00e9 les animaux, n&rsquo;oubliez pas de les rel\u00e2cher dans la nature.<br \/>\nContenu du coffret<br \/>\n&#8211; Pince pour attraper les insectes<br \/>\n&#8211; Loupe<br \/>\n&#8211; toutes les pi\u00e8ces pour 2 bo\u00eetes d&rsquo;observation<br \/>\n&#8211; Manuel d&rsquo;assemblage des bo\u00eetes d&rsquo;observation<br \/>\n&#8211; 16 autocollants insectes color\u00e9s<br \/>\nPourquoi choisir SES Creative\u00a0?<br \/>\nChez SES Creative, la s\u00e9curit\u00e9 est primordiale. C&rsquo;est pourquoi nos produits sont fabriqu\u00e9s et test\u00e9s dans notre usine aux Pays-Bas, conform\u00e9ment aux normes de s\u00e9curit\u00e9 europ\u00e9ennes les plus strictes. Les jouets SES Creative sont amusants et visent \u00e0 rendre les enfants fiers de leur travail, stimulant ainsi leur cr\u00e9ativit\u00e9 et leur d\u00e9veloppement.<br \/>\nD\u00e9couvrez les insectes de votre jardin\u00a0!<br \/>\nVous \u00eates curieux de d\u00e9couvrir les animaux qui vivent dans le monde qui vous entoure\u00a0? Construisez vos propres jumelles \u00e0 insectes et attrapez, observez et mesurez les insectes gr\u00e2ce au coffret d&rsquo;observation des insectes SES Creative.<\/p>\n","protected":false},"excerpt":{"rendered":"<p>Observation des insectes : explorez votre jardin ! D\u00e9couvrez la magie de la nature avec le coffret d&rsquo;observation des insectes de SES Creative. Assemblez vos observatoires, d\u00e9corez-les avec des autocollants et partez \u00e0 la recherche des petites cr\u00e9atures de votre r\u00e9gion. Gr\u00e2ce \u00e0 l&rsquo;outil sp\u00e9cial, attrapez-les facilement et placez-les dans la bo\u00eete d&rsquo;observation. La loupe [&hellip;]<\/p>\n","protected":false},"featured_media":106536,"comment_status":"closed","ping_status":"closed","template":"","meta":{"_acf_changed":false},"product_brand":[],"product_cat":[128],"product_tag":[],"class_list":{"0":"post-118523","1":"product","2":"type-product","3":"status-publish","4":"has-post-thumbnail","6":"product_cat-decouvrir","7":"pa_leeftijd-filter-4-6-ans","8":"pa_meest-populair-bij-garcons-filles","10":"first","11":"instock","12":"shipping-taxable","13":"product-type-simple"},"acf":[],"yoast_head":"<!-- This site is optimized with the Yoast SEO plugin v27.4 - https:\/\/yoast.com\/product\/yoast-seo-wordpress\/ -->\n<title>Observation des insectes - SES Creative<\/title>\n<meta name=\"robots\" content=\"index, follow, max-snippet:-1, max-image-preview:large, max-video-preview:-1\" \/>\n<link rel=\"canonical\" href=\"https:\/\/ses-creative.com\/fr\/produit\/observation-des-insectes\/\" \/>\n<meta property=\"og:locale\" content=\"fr_FR\" \/>\n<meta property=\"og:type\" content=\"article\" \/>\n<meta property=\"og:title\" content=\"Observation des insectes - SES Creative\" \/>\n<meta property=\"og:description\" content=\"Observation des insectes : explorez votre jardin ! D\u00e9couvrez la magie de la nature avec le coffret d&rsquo;observation des insectes de SES Creative. Assemblez vos observatoires, d\u00e9corez-les avec des autocollants et partez \u00e0 la recherche des petites cr\u00e9atures de votre r\u00e9gion. Gr\u00e2ce \u00e0 l&rsquo;outil sp\u00e9cial, attrapez-les facilement et placez-les dans la bo\u00eete d&rsquo;observation. La loupe [&hellip;]\" \/>\n<meta property=\"og:url\" content=\"https:\/\/ses-creative.com\/fr\/produit\/observation-des-insectes\/\" \/>\n<meta property=\"og:site_name\" content=\"SES Creative\" \/>\n<meta property=\"article:modified_time\" content=\"2026-02-12T10:23:26+00:00\" \/>\n<meta name=\"twitter:card\" content=\"summary_large_image\" \/>\n<meta name=\"twitter:label1\" content=\"Dur\u00e9e de lecture estim\u00e9e\" \/>\n\t<meta name=\"twitter:data1\" content=\"2 minutes\" \/>\n<script type=\"application\/ld+json\" class=\"yoast-schema-graph\">{\"@context\":\"https:\\\/\\\/schema.org\",\"@graph\":[{\"@type\":\"WebPage\",\"@id\":\"https:\\\/\\\/ses-creative.com\\\/fr\\\/produit\\\/observation-des-insectes\\\/\",\"url\":\"https:\\\/\\\/ses-creative.com\\\/fr\\\/produit\\\/observation-des-insectes\\\/\",\"name\":\"Observation des insectes - SES Creative\",\"isPartOf\":{\"@id\":\"https:\\\/\\\/ses-creative.com\\\/#website\"},\"primaryImageOfPage\":{\"@id\":\"https:\\\/\\\/ses-creative.com\\\/fr\\\/produit\\\/observation-des-insectes\\\/#primaryimage\"},\"image\":{\"@id\":\"https:\\\/\\\/ses-creative.com\\\/fr\\\/produit\\\/observation-des-insectes\\\/#primaryimage\"},\"thumbnailUrl\":\"https:\\\/\\\/ses-creative.com\\\/wp-content\\\/uploads\\\/2026\\\/01\\\/252081.jpg\",\"datePublished\":\"2026-02-12T10:10:04+00:00\",\"dateModified\":\"2026-02-12T10:23:26+00:00\",\"breadcrumb\":{\"@id\":\"https:\\\/\\\/ses-creative.com\\\/fr\\\/produit\\\/observation-des-insectes\\\/#breadcrumb\"},\"inLanguage\":\"fr-FR\",\"potentialAction\":[{\"@type\":\"ReadAction\",\"target\":[\"https:\\\/\\\/ses-creative.com\\\/fr\\\/produit\\\/observation-des-insectes\\\/\"]}]},{\"@type\":\"ImageObject\",\"inLanguage\":\"fr-FR\",\"@id\":\"https:\\\/\\\/ses-creative.com\\\/fr\\\/produit\\\/observation-des-insectes\\\/#primaryimage\",\"url\":\"https:\\\/\\\/ses-creative.com\\\/wp-content\\\/uploads\\\/2026\\\/01\\\/252081.jpg\",\"contentUrl\":\"https:\\\/\\\/ses-creative.com\\\/wp-content\\\/uploads\\\/2026\\\/01\\\/252081.jpg\",\"width\":1000,\"height\":1000},{\"@type\":\"BreadcrumbList\",\"@id\":\"https:\\\/\\\/ses-creative.com\\\/fr\\\/produit\\\/observation-des-insectes\\\/#breadcrumb\",\"itemListElement\":[{\"@type\":\"ListItem\",\"position\":1,\"name\":\"Boutique\",\"item\":\"https:\\\/\\\/ses-creative.com\\\/fr\\\/boutique\\\/\"},{\"@type\":\"ListItem\",\"position\":2,\"name\":\"D\u00e9couvrir\",\"item\":\"https:\\\/\\\/ses-creative.com\\\/fr\\\/product-categorie\\\/decouvrir\\\/\"},{\"@type\":\"ListItem\",\"position\":3,\"name\":\"Observation des insectes\"}]},{\"@type\":\"WebSite\",\"@id\":\"https:\\\/\\\/ses-creative.com\\\/#website\",\"url\":\"https:\\\/\\\/ses-creative.com\\\/\",\"name\":\"SES Creative\",\"description\":\"\",\"publisher\":{\"@id\":\"https:\\\/\\\/ses-creative.com\\\/#organization\"},\"potentialAction\":[{\"@type\":\"SearchAction\",\"target\":{\"@type\":\"EntryPoint\",\"urlTemplate\":\"https:\\\/\\\/ses-creative.com\\\/?s={search_term_string}\"},\"query-input\":{\"@type\":\"PropertyValueSpecification\",\"valueRequired\":true,\"valueName\":\"search_term_string\"}}],\"inLanguage\":\"fr-FR\"},{\"@type\":\"Organization\",\"@id\":\"https:\\\/\\\/ses-creative.com\\\/#organization\",\"name\":\"SES Creative\",\"url\":\"https:\\\/\\\/ses-creative.com\\\/\",\"logo\":{\"@type\":\"ImageObject\",\"inLanguage\":\"fr-FR\",\"@id\":\"https:\\\/\\\/ses-creative.com\\\/#\\\/schema\\\/logo\\\/image\\\/\",\"url\":\"https:\\\/\\\/ses-creative.com\\\/wp-content\\\/uploads\\\/2025\\\/10\\\/ses-creative-logo.jpg\",\"contentUrl\":\"https:\\\/\\\/ses-creative.com\\\/wp-content\\\/uploads\\\/2025\\\/10\\\/ses-creative-logo.jpg\",\"width\":2037,\"height\":2037,\"caption\":\"SES Creative\"},\"image\":{\"@id\":\"https:\\\/\\\/ses-creative.com\\\/#\\\/schema\\\/logo\\\/image\\\/\"}}]}<\/script>\n<!-- \/ Yoast SEO plugin. -->","yoast_head_json":{"title":"Observation des insectes - SES Creative","robots":{"index":"index","follow":"follow","max-snippet":"max-snippet:-1","max-image-preview":"max-image-preview:large","max-video-preview":"max-video-preview:-1"},"canonical":"https:\/\/ses-creative.com\/fr\/produit\/observation-des-insectes\/","og_locale":"fr_FR","og_type":"article","og_title":"Observation des insectes - SES Creative","og_description":"Observation des insectes : explorez votre jardin ! D\u00e9couvrez la magie de la nature avec le coffret d&rsquo;observation des insectes de SES Creative. Assemblez vos observatoires, d\u00e9corez-les avec des autocollants et partez \u00e0 la recherche des petites cr\u00e9atures de votre r\u00e9gion. Gr\u00e2ce \u00e0 l&rsquo;outil sp\u00e9cial, attrapez-les facilement et placez-les dans la bo\u00eete d&rsquo;observation. La loupe [&hellip;]","og_url":"https:\/\/ses-creative.com\/fr\/produit\/observation-des-insectes\/","og_site_name":"SES Creative","article_modified_time":"2026-02-12T10:23:26+00:00","twitter_card":"summary_large_image","twitter_misc":{"Dur\u00e9e de lecture estim\u00e9e":"2 minutes"},"schema":{"@context":"https:\/\/schema.org","@graph":[{"@type":"WebPage","@id":"https:\/\/ses-creative.com\/fr\/produit\/observation-des-insectes\/","url":"https:\/\/ses-creative.com\/fr\/produit\/observation-des-insectes\/","name":"Observation des insectes - SES Creative","isPartOf":{"@id":"https:\/\/ses-creative.com\/#website"},"primaryImageOfPage":{"@id":"https:\/\/ses-creative.com\/fr\/produit\/observation-des-insectes\/#primaryimage"},"image":{"@id":"https:\/\/ses-creative.com\/fr\/produit\/observation-des-insectes\/#primaryimage"},"thumbnailUrl":"https:\/\/ses-creative.com\/wp-content\/uploads\/2026\/01\/252081.jpg","datePublished":"2026-02-12T10:10:04+00:00","dateModified":"2026-02-12T10:23:26+00:00","breadcrumb":{"@id":"https:\/\/ses-creative.com\/fr\/produit\/observation-des-insectes\/#breadcrumb"},"inLanguage":"fr-FR","potentialAction":[{"@type":"ReadAction","target":["https:\/\/ses-creative.com\/fr\/produit\/observation-des-insectes\/"]}]},{"@type":"ImageObject","inLanguage":"fr-FR","@id":"https:\/\/ses-creative.com\/fr\/produit\/observation-des-insectes\/#primaryimage","url":"https:\/\/ses-creative.com\/wp-content\/uploads\/2026\/01\/252081.jpg","contentUrl":"https:\/\/ses-creative.com\/wp-content\/uploads\/2026\/01\/252081.jpg","width":1000,"height":1000},{"@type":"BreadcrumbList","@id":"https:\/\/ses-creative.com\/fr\/produit\/observation-des-insectes\/#breadcrumb","itemListElement":[{"@type":"ListItem","position":1,"name":"Boutique","item":"https:\/\/ses-creative.com\/fr\/boutique\/"},{"@type":"ListItem","position":2,"name":"D\u00e9couvrir","item":"https:\/\/ses-creative.com\/fr\/product-categorie\/decouvrir\/"},{"@type":"ListItem","position":3,"name":"Observation des insectes"}]},{"@type":"WebSite","@id":"https:\/\/ses-creative.com\/#website","url":"https:\/\/ses-creative.com\/","name":"SES Creative","description":"","publisher":{"@id":"https:\/\/ses-creative.com\/#organization"},"potentialAction":[{"@type":"SearchAction","target":{"@type":"EntryPoint","urlTemplate":"https:\/\/ses-creative.com\/?s={search_term_string}"},"query-input":{"@type":"PropertyValueSpecification","valueRequired":true,"valueName":"search_term_string"}}],"inLanguage":"fr-FR"},{"@type":"Organization","@id":"https:\/\/ses-creative.com\/#organization","name":"SES Creative","url":"https:\/\/ses-creative.com\/","logo":{"@type":"ImageObject","inLanguage":"fr-FR","@id":"https:\/\/ses-creative.com\/#\/schema\/logo\/image\/","url":"https:\/\/ses-creative.com\/wp-content\/uploads\/2025\/10\/ses-creative-logo.jpg","contentUrl":"https:\/\/ses-creative.com\/wp-content\/uploads\/2025\/10\/ses-creative-logo.jpg","width":2037,"height":2037,"caption":"SES Creative"},"image":{"@id":"https:\/\/ses-creative.com\/#\/schema\/logo\/image\/"}}]}},"_links":{"self":[{"href":"https:\/\/ses-creative.com\/fr\/wp-json\/wp\/v2\/product\/118523","targetHints":{"allow":["GET"]}}],"collection":[{"href":"https:\/\/ses-creative.com\/fr\/wp-json\/wp\/v2\/product"}],"about":[{"href":"https:\/\/ses-creative.com\/fr\/wp-json\/wp\/v2\/types\/product"}],"replies":[{"embeddable":true,"href":"https:\/\/ses-creative.com\/fr\/wp-json\/wp\/v2\/comments?post=118523"}],"wp:featuredmedia":[{"embeddable":true,"href":"https:\/\/ses-creative.com\/fr\/wp-json\/wp\/v2\/media\/106536"}],"wp:attachment":[{"href":"https:\/\/ses-creative.com\/fr\/wp-json\/wp\/v2\/media?parent=118523"}],"wp:term":[{"taxonomy":"product_brand","embeddable":true,"href":"https:\/\/ses-creative.com\/fr\/wp-json\/wp\/v2\/product_brand?post=118523"},{"taxonomy":"product_cat","embeddable":true,"href":"https:\/\/ses-creative.com\/fr\/wp-json\/wp\/v2\/product_cat?post=118523"},{"taxonomy":"product_tag","embeddable":true,"href":"https:\/\/ses-creative.com\/fr\/wp-json\/wp\/v2\/product_tag?post=118523"}],"curies":[{"name":"wp","href":"https:\/\/api.w.org\/{rel}","templated":true}]}}