











{"id":118522,"date":"2026-02-12T10:10:04","date_gmt":"2026-02-12T10:10:04","guid":{"rendered":"https:\/\/ses-creative.com\/?post_type=product&#038;p=118522"},"modified":"2026-02-12T10:23:26","modified_gmt":"2026-02-12T10:23:26","slug":"bombes-a-fleurs-pour-papillons","status":"publish","type":"product","link":"https:\/\/ses-creative.com\/fr\/produit\/bombes-a-fleurs-pour-papillons\/","title":{"rendered":"Bombes \u00e0 fleurs pour papillons"},"content":{"rendered":"<p>Attirez les papillons dans votre jardin\u00a0!<br \/>\nComment rendre le semis de fleurs encore plus amusant\u00a0? Avec les bombes \u00e0 fleurs papillon de SES Creative\u00a0! Fabriquez des boules d&rsquo;argile, de tablette de noix de coco et de graines de fleurs, jetez-les dans le jardin ou dans un pot et laissez-vous surprendre par les fleurs qui apparaissent. Quantit\u00e9 suffisante pour 10 bombes \u00e0 fleurs.<br \/>\nLes atouts de ce coffret\u00a0:<br \/>\n&#8211; Graines de 20\u00a0fleurs diff\u00e9rentes (dont pavot, lavande et aster d&rsquo;\u00e9t\u00e9)<br \/>\n&#8211; Avec le m\u00e9lange de fleurs, attirez les papillons dans votre jardin<br \/>\n&#8211; Les bombes \u00e0 fleurs sont faciles \u00e0 r\u00e9aliser gr\u00e2ce aux instructions claires<br \/>\n&#8211; Convient aux enfants et aux adultes, un cadeau amusant<br \/>\n&#8211; \u00c0 utiliser dans le jardin ou dans un pot de fleurs<br \/>\nExplosion de fleurs avec les bombes \u00e0 fleurs papillon de SES Creative<br \/>\nGr\u00e2ce aux instructions claires, r\u00e9alisez facilement environ 10 bombes \u00e0 fleurs avec des graines de 20\u00a0fleurs diff\u00e9rentes. Une activit\u00e9 amusante pour petits et grands. Le m\u00e9lange de fleurs est con\u00e7u pour attirer les papillons. Les bombes \u00e0 fleurs peuvent \u00eatre jet\u00e9es dans le jardin ou dans un pot.<br \/>\nContenu du coffret<br \/>\n&#8211; M\u00e9lange de graines pour papillons<br \/>\n&#8211; 2 pastilles de terreau \u00e0 la noix de coco<br \/>\n&#8211; 100 g d&rsquo;argile naturelle<br \/>\n&#8211; Manuel<br \/>\nPourquoi choisir SES Creative\u00a0?<br \/>\nChez SES Creative, la s\u00e9curit\u00e9 est notre priorit\u00e9. C&rsquo;est pourquoi nos produits sont fabriqu\u00e9s et test\u00e9s dans notre usine aux Pays-Bas, conform\u00e9ment aux normes de s\u00e9curit\u00e9 europ\u00e9ennes les plus strictes. Les jouets SES Creative sont amusants et visent \u00e0 rendre les enfants fiers de leur travail, stimulant ainsi leur cr\u00e9ativit\u00e9 et leur d\u00e9veloppement.<br \/>\n\u00c9gayez votre jardin avec les plus belles fleurs et papillons\u00a0!<br \/>\nAvec le coffret de bombes de fleurs papillons SES Creative, cr\u00e9ez un paradis de papillons color\u00e9 dans votre jardin.<\/p>\n","protected":false},"excerpt":{"rendered":"<p>Attirez les papillons dans votre jardin\u00a0! Comment rendre le semis de fleurs encore plus amusant\u00a0? Avec les bombes \u00e0 fleurs papillon de SES Creative\u00a0! Fabriquez des boules d&rsquo;argile, de tablette de noix de coco et de graines de fleurs, jetez-les dans le jardin ou dans un pot et laissez-vous surprendre par les fleurs qui apparaissent. [&hellip;]<\/p>\n","protected":false},"featured_media":106496,"comment_status":"closed","ping_status":"closed","template":"","meta":{"_acf_changed":false},"product_brand":[],"product_cat":[128],"product_tag":[],"class_list":{"0":"post-118522","1":"product","2":"type-product","3":"status-publish","4":"has-post-thumbnail","6":"product_cat-decouvrir","7":"pa_leeftijd-filter-4-6-ans","8":"pa_meest-populair-bij-garcons-filles","10":"first","11":"instock","12":"shipping-taxable","13":"product-type-simple"},"acf":[],"yoast_head":"<!-- This site is optimized with the Yoast SEO plugin v27.4 - https:\/\/yoast.com\/product\/yoast-seo-wordpress\/ -->\n<title>Bombes \u00e0 fleurs pour papillons - SES Creative<\/title>\n<meta name=\"robots\" content=\"index, follow, max-snippet:-1, max-image-preview:large, max-video-preview:-1\" \/>\n<link rel=\"canonical\" href=\"https:\/\/ses-creative.com\/fr\/produit\/bombes-a-fleurs-pour-papillons\/\" \/>\n<meta property=\"og:locale\" content=\"fr_FR\" \/>\n<meta property=\"og:type\" content=\"article\" \/>\n<meta property=\"og:title\" content=\"Bombes \u00e0 fleurs pour papillons - SES Creative\" \/>\n<meta property=\"og:description\" content=\"Attirez les papillons dans votre jardin\u00a0! Comment rendre le semis de fleurs encore plus amusant\u00a0? Avec les bombes \u00e0 fleurs papillon de SES Creative\u00a0! Fabriquez des boules d&rsquo;argile, de tablette de noix de coco et de graines de fleurs, jetez-les dans le jardin ou dans un pot et laissez-vous surprendre par les fleurs qui apparaissent. [&hellip;]\" \/>\n<meta property=\"og:url\" content=\"https:\/\/ses-creative.com\/fr\/produit\/bombes-a-fleurs-pour-papillons\/\" \/>\n<meta property=\"og:site_name\" content=\"SES Creative\" \/>\n<meta property=\"article:modified_time\" content=\"2026-02-12T10:23:26+00:00\" \/>\n<meta name=\"twitter:card\" content=\"summary_large_image\" \/>\n<meta name=\"twitter:label1\" content=\"Dur\u00e9e de lecture estim\u00e9e\" \/>\n\t<meta name=\"twitter:data1\" content=\"2 minutes\" \/>\n<script type=\"application\/ld+json\" class=\"yoast-schema-graph\">{\"@context\":\"https:\\\/\\\/schema.org\",\"@graph\":[{\"@type\":\"WebPage\",\"@id\":\"https:\\\/\\\/ses-creative.com\\\/fr\\\/produit\\\/bombes-a-fleurs-pour-papillons\\\/\",\"url\":\"https:\\\/\\\/ses-creative.com\\\/fr\\\/produit\\\/bombes-a-fleurs-pour-papillons\\\/\",\"name\":\"Bombes \u00e0 fleurs pour papillons - SES Creative\",\"isPartOf\":{\"@id\":\"https:\\\/\\\/ses-creative.com\\\/#website\"},\"primaryImageOfPage\":{\"@id\":\"https:\\\/\\\/ses-creative.com\\\/fr\\\/produit\\\/bombes-a-fleurs-pour-papillons\\\/#primaryimage\"},\"image\":{\"@id\":\"https:\\\/\\\/ses-creative.com\\\/fr\\\/produit\\\/bombes-a-fleurs-pour-papillons\\\/#primaryimage\"},\"thumbnailUrl\":\"https:\\\/\\\/ses-creative.com\\\/wp-content\\\/uploads\\\/2026\\\/01\\\/252071.jpg\",\"datePublished\":\"2026-02-12T10:10:04+00:00\",\"dateModified\":\"2026-02-12T10:23:26+00:00\",\"breadcrumb\":{\"@id\":\"https:\\\/\\\/ses-creative.com\\\/fr\\\/produit\\\/bombes-a-fleurs-pour-papillons\\\/#breadcrumb\"},\"inLanguage\":\"fr-FR\",\"potentialAction\":[{\"@type\":\"ReadAction\",\"target\":[\"https:\\\/\\\/ses-creative.com\\\/fr\\\/produit\\\/bombes-a-fleurs-pour-papillons\\\/\"]}]},{\"@type\":\"ImageObject\",\"inLanguage\":\"fr-FR\",\"@id\":\"https:\\\/\\\/ses-creative.com\\\/fr\\\/produit\\\/bombes-a-fleurs-pour-papillons\\\/#primaryimage\",\"url\":\"https:\\\/\\\/ses-creative.com\\\/wp-content\\\/uploads\\\/2026\\\/01\\\/252071.jpg\",\"contentUrl\":\"https:\\\/\\\/ses-creative.com\\\/wp-content\\\/uploads\\\/2026\\\/01\\\/252071.jpg\",\"width\":1000,\"height\":1000},{\"@type\":\"BreadcrumbList\",\"@id\":\"https:\\\/\\\/ses-creative.com\\\/fr\\\/produit\\\/bombes-a-fleurs-pour-papillons\\\/#breadcrumb\",\"itemListElement\":[{\"@type\":\"ListItem\",\"position\":1,\"name\":\"Boutique\",\"item\":\"https:\\\/\\\/ses-creative.com\\\/fr\\\/boutique\\\/\"},{\"@type\":\"ListItem\",\"position\":2,\"name\":\"D\u00e9couvrir\",\"item\":\"https:\\\/\\\/ses-creative.com\\\/fr\\\/product-categorie\\\/decouvrir\\\/\"},{\"@type\":\"ListItem\",\"position\":3,\"name\":\"Bombes \u00e0 fleurs pour papillons\"}]},{\"@type\":\"WebSite\",\"@id\":\"https:\\\/\\\/ses-creative.com\\\/#website\",\"url\":\"https:\\\/\\\/ses-creative.com\\\/\",\"name\":\"SES Creative\",\"description\":\"\",\"publisher\":{\"@id\":\"https:\\\/\\\/ses-creative.com\\\/#organization\"},\"potentialAction\":[{\"@type\":\"SearchAction\",\"target\":{\"@type\":\"EntryPoint\",\"urlTemplate\":\"https:\\\/\\\/ses-creative.com\\\/?s={search_term_string}\"},\"query-input\":{\"@type\":\"PropertyValueSpecification\",\"valueRequired\":true,\"valueName\":\"search_term_string\"}}],\"inLanguage\":\"fr-FR\"},{\"@type\":\"Organization\",\"@id\":\"https:\\\/\\\/ses-creative.com\\\/#organization\",\"name\":\"SES Creative\",\"url\":\"https:\\\/\\\/ses-creative.com\\\/\",\"logo\":{\"@type\":\"ImageObject\",\"inLanguage\":\"fr-FR\",\"@id\":\"https:\\\/\\\/ses-creative.com\\\/#\\\/schema\\\/logo\\\/image\\\/\",\"url\":\"https:\\\/\\\/ses-creative.com\\\/wp-content\\\/uploads\\\/2025\\\/10\\\/ses-creative-logo.jpg\",\"contentUrl\":\"https:\\\/\\\/ses-creative.com\\\/wp-content\\\/uploads\\\/2025\\\/10\\\/ses-creative-logo.jpg\",\"width\":2037,\"height\":2037,\"caption\":\"SES Creative\"},\"image\":{\"@id\":\"https:\\\/\\\/ses-creative.com\\\/#\\\/schema\\\/logo\\\/image\\\/\"}}]}<\/script>\n<!-- \/ Yoast SEO plugin. -->","yoast_head_json":{"title":"Bombes \u00e0 fleurs pour papillons - SES Creative","robots":{"index":"index","follow":"follow","max-snippet":"max-snippet:-1","max-image-preview":"max-image-preview:large","max-video-preview":"max-video-preview:-1"},"canonical":"https:\/\/ses-creative.com\/fr\/produit\/bombes-a-fleurs-pour-papillons\/","og_locale":"fr_FR","og_type":"article","og_title":"Bombes \u00e0 fleurs pour papillons - SES Creative","og_description":"Attirez les papillons dans votre jardin\u00a0! Comment rendre le semis de fleurs encore plus amusant\u00a0? Avec les bombes \u00e0 fleurs papillon de SES Creative\u00a0! Fabriquez des boules d&rsquo;argile, de tablette de noix de coco et de graines de fleurs, jetez-les dans le jardin ou dans un pot et laissez-vous surprendre par les fleurs qui apparaissent. [&hellip;]","og_url":"https:\/\/ses-creative.com\/fr\/produit\/bombes-a-fleurs-pour-papillons\/","og_site_name":"SES Creative","article_modified_time":"2026-02-12T10:23:26+00:00","twitter_card":"summary_large_image","twitter_misc":{"Dur\u00e9e de lecture estim\u00e9e":"2 minutes"},"schema":{"@context":"https:\/\/schema.org","@graph":[{"@type":"WebPage","@id":"https:\/\/ses-creative.com\/fr\/produit\/bombes-a-fleurs-pour-papillons\/","url":"https:\/\/ses-creative.com\/fr\/produit\/bombes-a-fleurs-pour-papillons\/","name":"Bombes \u00e0 fleurs pour papillons - SES Creative","isPartOf":{"@id":"https:\/\/ses-creative.com\/#website"},"primaryImageOfPage":{"@id":"https:\/\/ses-creative.com\/fr\/produit\/bombes-a-fleurs-pour-papillons\/#primaryimage"},"image":{"@id":"https:\/\/ses-creative.com\/fr\/produit\/bombes-a-fleurs-pour-papillons\/#primaryimage"},"thumbnailUrl":"https:\/\/ses-creative.com\/wp-content\/uploads\/2026\/01\/252071.jpg","datePublished":"2026-02-12T10:10:04+00:00","dateModified":"2026-02-12T10:23:26+00:00","breadcrumb":{"@id":"https:\/\/ses-creative.com\/fr\/produit\/bombes-a-fleurs-pour-papillons\/#breadcrumb"},"inLanguage":"fr-FR","potentialAction":[{"@type":"ReadAction","target":["https:\/\/ses-creative.com\/fr\/produit\/bombes-a-fleurs-pour-papillons\/"]}]},{"@type":"ImageObject","inLanguage":"fr-FR","@id":"https:\/\/ses-creative.com\/fr\/produit\/bombes-a-fleurs-pour-papillons\/#primaryimage","url":"https:\/\/ses-creative.com\/wp-content\/uploads\/2026\/01\/252071.jpg","contentUrl":"https:\/\/ses-creative.com\/wp-content\/uploads\/2026\/01\/252071.jpg","width":1000,"height":1000},{"@type":"BreadcrumbList","@id":"https:\/\/ses-creative.com\/fr\/produit\/bombes-a-fleurs-pour-papillons\/#breadcrumb","itemListElement":[{"@type":"ListItem","position":1,"name":"Boutique","item":"https:\/\/ses-creative.com\/fr\/boutique\/"},{"@type":"ListItem","position":2,"name":"D\u00e9couvrir","item":"https:\/\/ses-creative.com\/fr\/product-categorie\/decouvrir\/"},{"@type":"ListItem","position":3,"name":"Bombes \u00e0 fleurs pour papillons"}]},{"@type":"WebSite","@id":"https:\/\/ses-creative.com\/#website","url":"https:\/\/ses-creative.com\/","name":"SES Creative","description":"","publisher":{"@id":"https:\/\/ses-creative.com\/#organization"},"potentialAction":[{"@type":"SearchAction","target":{"@type":"EntryPoint","urlTemplate":"https:\/\/ses-creative.com\/?s={search_term_string}"},"query-input":{"@type":"PropertyValueSpecification","valueRequired":true,"valueName":"search_term_string"}}],"inLanguage":"fr-FR"},{"@type":"Organization","@id":"https:\/\/ses-creative.com\/#organization","name":"SES Creative","url":"https:\/\/ses-creative.com\/","logo":{"@type":"ImageObject","inLanguage":"fr-FR","@id":"https:\/\/ses-creative.com\/#\/schema\/logo\/image\/","url":"https:\/\/ses-creative.com\/wp-content\/uploads\/2025\/10\/ses-creative-logo.jpg","contentUrl":"https:\/\/ses-creative.com\/wp-content\/uploads\/2025\/10\/ses-creative-logo.jpg","width":2037,"height":2037,"caption":"SES Creative"},"image":{"@id":"https:\/\/ses-creative.com\/#\/schema\/logo\/image\/"}}]}},"_links":{"self":[{"href":"https:\/\/ses-creative.com\/fr\/wp-json\/wp\/v2\/product\/118522","targetHints":{"allow":["GET"]}}],"collection":[{"href":"https:\/\/ses-creative.com\/fr\/wp-json\/wp\/v2\/product"}],"about":[{"href":"https:\/\/ses-creative.com\/fr\/wp-json\/wp\/v2\/types\/product"}],"replies":[{"embeddable":true,"href":"https:\/\/ses-creative.com\/fr\/wp-json\/wp\/v2\/comments?post=118522"}],"wp:featuredmedia":[{"embeddable":true,"href":"https:\/\/ses-creative.com\/fr\/wp-json\/wp\/v2\/media\/106496"}],"wp:attachment":[{"href":"https:\/\/ses-creative.com\/fr\/wp-json\/wp\/v2\/media?parent=118522"}],"wp:term":[{"taxonomy":"product_brand","embeddable":true,"href":"https:\/\/ses-creative.com\/fr\/wp-json\/wp\/v2\/product_brand?post=118522"},{"taxonomy":"product_cat","embeddable":true,"href":"https:\/\/ses-creative.com\/fr\/wp-json\/wp\/v2\/product_cat?post=118522"},{"taxonomy":"product_tag","embeddable":true,"href":"https:\/\/ses-creative.com\/fr\/wp-json\/wp\/v2\/product_tag?post=118522"}],"curies":[{"name":"wp","href":"https:\/\/api.w.org\/{rel}","templated":true}]}}