











{"id":118521,"date":"2026-02-12T10:10:03","date_gmt":"2026-02-12T10:10:03","guid":{"rendered":"https:\/\/ses-creative.com\/?post_type=product&#038;p=118521"},"modified":"2026-02-12T10:23:26","modified_gmt":"2026-02-12T10:23:26","slug":"filtre-a-eau","status":"publish","type":"product","link":"https:\/\/ses-creative.com\/fr\/produit\/filtre-a-eau\/","title":{"rendered":"Filtre \u00e0 eau"},"content":{"rendered":"<p>Exp\u00e9rimentez avec le kit de filtration d&rsquo;eau !<br \/>\nD\u00e9couvrez comment filtrer l&rsquo;eau et construisez votre propre syst\u00e8me de filtration ! Ce kit vous montre \u00e9tape par \u00e9tape comment filtrer l&rsquo;eau \u00e0 l&rsquo;aide de diff\u00e9rents mat\u00e9riaux naturels tels que le sable, les cailloux et le charbon actif. Parfait pour les enfants curieux qui aiment exp\u00e9rimenter et veulent en savoir plus sur la nature et la science.<br \/>\nCe qui rend ce kit g\u00e9nial<br \/>\n&#8211;    Apprenez \u00e0 filtrer l&rsquo;eau avec ce kit<br \/>\n&#8211;    Tout le n\u00e9cessaire est fourni<br \/>\n&#8211;    Stimule la curiosit\u00e9 pour les sciences et la d\u00e9couverte de nouvelles choses<br \/>\n&#8211;    Gr\u00e2ce aux instructions fournies, il est facile de filtrer l&rsquo;eau<br \/>\n&#8211;    Convient aux enfants \u00e0 partir de 8 ans<br \/>\nApprenez \u00e0 purifier l&rsquo;eau !<br \/>\nGr\u00e2ce \u00e0 ce kit, les enfants peuvent apprendre de mani\u00e8re interactive comment fonctionne la purification de l&rsquo;eau. Ils d\u00e9couvrent comment diff\u00e9rentes couches de mat\u00e9riaux naturels peuvent filtrer les salet\u00e9s et les impuret\u00e9s de l&rsquo;eau, ce qui constitue une exp\u00e9rience fascinante et instructive.<br \/>\nContenu du kit<br \/>\n&#8211; Syst\u00e8me de filtration de l&rsquo;eau en 6 parties<br \/>\n&#8211;    Petits morceaux de granit<br \/>\n&#8211;    Sable<br \/>\n&#8211;    Charbon actif<br \/>\n&#8211;    Instructions<br \/>\nPourquoi choisir SES Creative ?<br \/>\nChez SES Creative, nous accordons une grande importance \u00e0 la s\u00e9curit\u00e9. C&rsquo;est pourquoi nos produits sont fabriqu\u00e9s et test\u00e9s dans notre usine aux Pays-Bas, conform\u00e9ment aux normes de s\u00e9curit\u00e9 europ\u00e9ennes les plus strictes. Les jouets SES Creative sont source de plaisir et permettent aux enfants d&rsquo;\u00eatre fiers de leur travail, ce qui stimule leur cr\u00e9ativit\u00e9 et leur d\u00e9veloppement.<br \/>\nCommencez \u00e0 exp\u00e9rimenter d\u00e8s aujourd&rsquo;hui !<br \/>\nFaites d\u00e9couvrir \u00e0 vos enfants le monde de la science avec le kit de filtration de l&rsquo;eau. Parfait pour les jeunes chercheurs curieux de savoir comment les choses fonctionnent !<\/p>\n","protected":false},"excerpt":{"rendered":"<p>Exp\u00e9rimentez avec le kit de filtration d&rsquo;eau ! D\u00e9couvrez comment filtrer l&rsquo;eau et construisez votre propre syst\u00e8me de filtration ! Ce kit vous montre \u00e9tape par \u00e9tape comment filtrer l&rsquo;eau \u00e0 l&rsquo;aide de diff\u00e9rents mat\u00e9riaux naturels tels que le sable, les cailloux et le charbon actif. Parfait pour les enfants curieux qui aiment exp\u00e9rimenter et [&hellip;]<\/p>\n","protected":false},"featured_media":106456,"comment_status":"closed","ping_status":"closed","template":"","meta":{"_acf_changed":false},"product_brand":[],"product_cat":[128],"product_tag":[],"class_list":{"0":"post-118521","1":"product","2":"type-product","3":"status-publish","4":"has-post-thumbnail","6":"product_cat-decouvrir","7":"pa_leeftijd-filter-6-ans","8":"pa_meest-populair-bij-garcons-filles","10":"first","11":"instock","12":"shipping-taxable","13":"product-type-simple"},"acf":[],"yoast_head":"<!-- This site is optimized with the Yoast SEO plugin v27.4 - https:\/\/yoast.com\/product\/yoast-seo-wordpress\/ -->\n<title>Filtre \u00e0 eau - SES Creative<\/title>\n<meta name=\"robots\" content=\"index, follow, max-snippet:-1, max-image-preview:large, max-video-preview:-1\" \/>\n<link rel=\"canonical\" href=\"https:\/\/ses-creative.com\/fr\/produit\/filtre-a-eau\/\" \/>\n<meta property=\"og:locale\" content=\"fr_FR\" \/>\n<meta property=\"og:type\" content=\"article\" \/>\n<meta property=\"og:title\" content=\"Filtre \u00e0 eau - SES Creative\" \/>\n<meta property=\"og:description\" content=\"Exp\u00e9rimentez avec le kit de filtration d&rsquo;eau ! D\u00e9couvrez comment filtrer l&rsquo;eau et construisez votre propre syst\u00e8me de filtration ! Ce kit vous montre \u00e9tape par \u00e9tape comment filtrer l&rsquo;eau \u00e0 l&rsquo;aide de diff\u00e9rents mat\u00e9riaux naturels tels que le sable, les cailloux et le charbon actif. Parfait pour les enfants curieux qui aiment exp\u00e9rimenter et [&hellip;]\" \/>\n<meta property=\"og:url\" content=\"https:\/\/ses-creative.com\/fr\/produit\/filtre-a-eau\/\" \/>\n<meta property=\"og:site_name\" content=\"SES Creative\" \/>\n<meta property=\"article:modified_time\" content=\"2026-02-12T10:23:26+00:00\" \/>\n<meta name=\"twitter:card\" content=\"summary_large_image\" \/>\n<meta name=\"twitter:label1\" content=\"Dur\u00e9e de lecture estim\u00e9e\" \/>\n\t<meta name=\"twitter:data1\" content=\"2 minutes\" \/>\n<script type=\"application\/ld+json\" class=\"yoast-schema-graph\">{\"@context\":\"https:\\\/\\\/schema.org\",\"@graph\":[{\"@type\":\"WebPage\",\"@id\":\"https:\\\/\\\/ses-creative.com\\\/fr\\\/produit\\\/filtre-a-eau\\\/\",\"url\":\"https:\\\/\\\/ses-creative.com\\\/fr\\\/produit\\\/filtre-a-eau\\\/\",\"name\":\"Filtre \u00e0 eau - SES Creative\",\"isPartOf\":{\"@id\":\"https:\\\/\\\/ses-creative.com\\\/#website\"},\"primaryImageOfPage\":{\"@id\":\"https:\\\/\\\/ses-creative.com\\\/fr\\\/produit\\\/filtre-a-eau\\\/#primaryimage\"},\"image\":{\"@id\":\"https:\\\/\\\/ses-creative.com\\\/fr\\\/produit\\\/filtre-a-eau\\\/#primaryimage\"},\"thumbnailUrl\":\"https:\\\/\\\/ses-creative.com\\\/wp-content\\\/uploads\\\/2026\\\/01\\\/252061.jpg\",\"datePublished\":\"2026-02-12T10:10:03+00:00\",\"dateModified\":\"2026-02-12T10:23:26+00:00\",\"breadcrumb\":{\"@id\":\"https:\\\/\\\/ses-creative.com\\\/fr\\\/produit\\\/filtre-a-eau\\\/#breadcrumb\"},\"inLanguage\":\"fr-FR\",\"potentialAction\":[{\"@type\":\"ReadAction\",\"target\":[\"https:\\\/\\\/ses-creative.com\\\/fr\\\/produit\\\/filtre-a-eau\\\/\"]}]},{\"@type\":\"ImageObject\",\"inLanguage\":\"fr-FR\",\"@id\":\"https:\\\/\\\/ses-creative.com\\\/fr\\\/produit\\\/filtre-a-eau\\\/#primaryimage\",\"url\":\"https:\\\/\\\/ses-creative.com\\\/wp-content\\\/uploads\\\/2026\\\/01\\\/252061.jpg\",\"contentUrl\":\"https:\\\/\\\/ses-creative.com\\\/wp-content\\\/uploads\\\/2026\\\/01\\\/252061.jpg\",\"width\":1000,\"height\":1000},{\"@type\":\"BreadcrumbList\",\"@id\":\"https:\\\/\\\/ses-creative.com\\\/fr\\\/produit\\\/filtre-a-eau\\\/#breadcrumb\",\"itemListElement\":[{\"@type\":\"ListItem\",\"position\":1,\"name\":\"Boutique\",\"item\":\"https:\\\/\\\/ses-creative.com\\\/fr\\\/boutique\\\/\"},{\"@type\":\"ListItem\",\"position\":2,\"name\":\"D\u00e9couvrir\",\"item\":\"https:\\\/\\\/ses-creative.com\\\/fr\\\/product-categorie\\\/decouvrir\\\/\"},{\"@type\":\"ListItem\",\"position\":3,\"name\":\"Filtre \u00e0 eau\"}]},{\"@type\":\"WebSite\",\"@id\":\"https:\\\/\\\/ses-creative.com\\\/#website\",\"url\":\"https:\\\/\\\/ses-creative.com\\\/\",\"name\":\"SES Creative\",\"description\":\"\",\"publisher\":{\"@id\":\"https:\\\/\\\/ses-creative.com\\\/#organization\"},\"potentialAction\":[{\"@type\":\"SearchAction\",\"target\":{\"@type\":\"EntryPoint\",\"urlTemplate\":\"https:\\\/\\\/ses-creative.com\\\/?s={search_term_string}\"},\"query-input\":{\"@type\":\"PropertyValueSpecification\",\"valueRequired\":true,\"valueName\":\"search_term_string\"}}],\"inLanguage\":\"fr-FR\"},{\"@type\":\"Organization\",\"@id\":\"https:\\\/\\\/ses-creative.com\\\/#organization\",\"name\":\"SES Creative\",\"url\":\"https:\\\/\\\/ses-creative.com\\\/\",\"logo\":{\"@type\":\"ImageObject\",\"inLanguage\":\"fr-FR\",\"@id\":\"https:\\\/\\\/ses-creative.com\\\/#\\\/schema\\\/logo\\\/image\\\/\",\"url\":\"https:\\\/\\\/ses-creative.com\\\/wp-content\\\/uploads\\\/2025\\\/10\\\/ses-creative-logo.jpg\",\"contentUrl\":\"https:\\\/\\\/ses-creative.com\\\/wp-content\\\/uploads\\\/2025\\\/10\\\/ses-creative-logo.jpg\",\"width\":2037,\"height\":2037,\"caption\":\"SES Creative\"},\"image\":{\"@id\":\"https:\\\/\\\/ses-creative.com\\\/#\\\/schema\\\/logo\\\/image\\\/\"}}]}<\/script>\n<!-- \/ Yoast SEO plugin. -->","yoast_head_json":{"title":"Filtre \u00e0 eau - SES Creative","robots":{"index":"index","follow":"follow","max-snippet":"max-snippet:-1","max-image-preview":"max-image-preview:large","max-video-preview":"max-video-preview:-1"},"canonical":"https:\/\/ses-creative.com\/fr\/produit\/filtre-a-eau\/","og_locale":"fr_FR","og_type":"article","og_title":"Filtre \u00e0 eau - SES Creative","og_description":"Exp\u00e9rimentez avec le kit de filtration d&rsquo;eau ! D\u00e9couvrez comment filtrer l&rsquo;eau et construisez votre propre syst\u00e8me de filtration ! Ce kit vous montre \u00e9tape par \u00e9tape comment filtrer l&rsquo;eau \u00e0 l&rsquo;aide de diff\u00e9rents mat\u00e9riaux naturels tels que le sable, les cailloux et le charbon actif. Parfait pour les enfants curieux qui aiment exp\u00e9rimenter et [&hellip;]","og_url":"https:\/\/ses-creative.com\/fr\/produit\/filtre-a-eau\/","og_site_name":"SES Creative","article_modified_time":"2026-02-12T10:23:26+00:00","twitter_card":"summary_large_image","twitter_misc":{"Dur\u00e9e de lecture estim\u00e9e":"2 minutes"},"schema":{"@context":"https:\/\/schema.org","@graph":[{"@type":"WebPage","@id":"https:\/\/ses-creative.com\/fr\/produit\/filtre-a-eau\/","url":"https:\/\/ses-creative.com\/fr\/produit\/filtre-a-eau\/","name":"Filtre \u00e0 eau - SES Creative","isPartOf":{"@id":"https:\/\/ses-creative.com\/#website"},"primaryImageOfPage":{"@id":"https:\/\/ses-creative.com\/fr\/produit\/filtre-a-eau\/#primaryimage"},"image":{"@id":"https:\/\/ses-creative.com\/fr\/produit\/filtre-a-eau\/#primaryimage"},"thumbnailUrl":"https:\/\/ses-creative.com\/wp-content\/uploads\/2026\/01\/252061.jpg","datePublished":"2026-02-12T10:10:03+00:00","dateModified":"2026-02-12T10:23:26+00:00","breadcrumb":{"@id":"https:\/\/ses-creative.com\/fr\/produit\/filtre-a-eau\/#breadcrumb"},"inLanguage":"fr-FR","potentialAction":[{"@type":"ReadAction","target":["https:\/\/ses-creative.com\/fr\/produit\/filtre-a-eau\/"]}]},{"@type":"ImageObject","inLanguage":"fr-FR","@id":"https:\/\/ses-creative.com\/fr\/produit\/filtre-a-eau\/#primaryimage","url":"https:\/\/ses-creative.com\/wp-content\/uploads\/2026\/01\/252061.jpg","contentUrl":"https:\/\/ses-creative.com\/wp-content\/uploads\/2026\/01\/252061.jpg","width":1000,"height":1000},{"@type":"BreadcrumbList","@id":"https:\/\/ses-creative.com\/fr\/produit\/filtre-a-eau\/#breadcrumb","itemListElement":[{"@type":"ListItem","position":1,"name":"Boutique","item":"https:\/\/ses-creative.com\/fr\/boutique\/"},{"@type":"ListItem","position":2,"name":"D\u00e9couvrir","item":"https:\/\/ses-creative.com\/fr\/product-categorie\/decouvrir\/"},{"@type":"ListItem","position":3,"name":"Filtre \u00e0 eau"}]},{"@type":"WebSite","@id":"https:\/\/ses-creative.com\/#website","url":"https:\/\/ses-creative.com\/","name":"SES Creative","description":"","publisher":{"@id":"https:\/\/ses-creative.com\/#organization"},"potentialAction":[{"@type":"SearchAction","target":{"@type":"EntryPoint","urlTemplate":"https:\/\/ses-creative.com\/?s={search_term_string}"},"query-input":{"@type":"PropertyValueSpecification","valueRequired":true,"valueName":"search_term_string"}}],"inLanguage":"fr-FR"},{"@type":"Organization","@id":"https:\/\/ses-creative.com\/#organization","name":"SES Creative","url":"https:\/\/ses-creative.com\/","logo":{"@type":"ImageObject","inLanguage":"fr-FR","@id":"https:\/\/ses-creative.com\/#\/schema\/logo\/image\/","url":"https:\/\/ses-creative.com\/wp-content\/uploads\/2025\/10\/ses-creative-logo.jpg","contentUrl":"https:\/\/ses-creative.com\/wp-content\/uploads\/2025\/10\/ses-creative-logo.jpg","width":2037,"height":2037,"caption":"SES Creative"},"image":{"@id":"https:\/\/ses-creative.com\/#\/schema\/logo\/image\/"}}]}},"_links":{"self":[{"href":"https:\/\/ses-creative.com\/fr\/wp-json\/wp\/v2\/product\/118521","targetHints":{"allow":["GET"]}}],"collection":[{"href":"https:\/\/ses-creative.com\/fr\/wp-json\/wp\/v2\/product"}],"about":[{"href":"https:\/\/ses-creative.com\/fr\/wp-json\/wp\/v2\/types\/product"}],"replies":[{"embeddable":true,"href":"https:\/\/ses-creative.com\/fr\/wp-json\/wp\/v2\/comments?post=118521"}],"wp:featuredmedia":[{"embeddable":true,"href":"https:\/\/ses-creative.com\/fr\/wp-json\/wp\/v2\/media\/106456"}],"wp:attachment":[{"href":"https:\/\/ses-creative.com\/fr\/wp-json\/wp\/v2\/media?parent=118521"}],"wp:term":[{"taxonomy":"product_brand","embeddable":true,"href":"https:\/\/ses-creative.com\/fr\/wp-json\/wp\/v2\/product_brand?post=118521"},{"taxonomy":"product_cat","embeddable":true,"href":"https:\/\/ses-creative.com\/fr\/wp-json\/wp\/v2\/product_cat?post=118521"},{"taxonomy":"product_tag","embeddable":true,"href":"https:\/\/ses-creative.com\/fr\/wp-json\/wp\/v2\/product_tag?post=118521"}],"curies":[{"name":"wp","href":"https:\/\/api.w.org\/{rel}","templated":true}]}}