











{"id":118520,"date":"2026-02-12T10:10:03","date_gmt":"2026-02-12T10:10:03","guid":{"rendered":"https:\/\/ses-creative.com\/?post_type=product&#038;p=118520"},"modified":"2026-02-12T10:23:26","modified_gmt":"2026-02-12T10:23:26","slug":"trouver-et-remplir-le-kaleidoscope","status":"publish","type":"product","link":"https:\/\/ses-creative.com\/fr\/produit\/trouver-et-remplir-le-kaleidoscope\/","title":{"rendered":"Trouver et remplir le kal\u00e9idoscope"},"content":{"rendered":"<p>D\u00e9couvrez la magie des couleurs et des motifs avec le kal\u00e9idoscope \u00ab Trouvez et remplissez \u00bb !<br \/>\nWooow ! Quels motifs ! Les voyez-vous aussi ? Les miroirs \u00e0 l&rsquo;int\u00e9rieur du kal\u00e9idoscope font appara\u00eetre les motifs les plus fous. Avec SES Creative, vous pouvez cr\u00e9er vos propres motifs \u00e0 l&rsquo;aide du kal\u00e9idoscope. Remplissez-le de toutes sortes de tr\u00e9sors trouv\u00e9s dans la nature, tels que des p\u00e9tales de fleurs, des petits cailloux ou des feuilles color\u00e9es, et d\u00e9couvrez sans cesse de nouveaux motifs et couleurs. Une fa\u00e7on fantastique de combiner la cr\u00e9ativit\u00e9 et la d\u00e9couverte de la nature, et d&rsquo;\u00e9merveiller les enfants avec tous ces motifs extraordinaires.<br \/>\nCe qui rend ce set g\u00e9nial<br \/>\n&#8211;    Remplissez le kal\u00e9idoscope avec vos propres mat\u00e9riaux trouv\u00e9s dans la nature<br \/>\n&#8211; D\u00e9couvrez les motifs les plus amusants<br \/>\n&#8211; Stimule la cr\u00e9ativit\u00e9 et la curiosit\u00e9 pour la nature<br \/>\n&#8211;    Un plaisir de jeu infini avec les diff\u00e9rents motifs qui ne cessent de vous \u00e9merveiller<br \/>\n&#8211;    Convient aux enfants \u00e0 partir de 3 ans<br \/>\nExplorez le monde avec votre propre kal\u00e9idoscope<br \/>\nAvec ce kal\u00e9idoscope, les enfants peuvent laisser libre cours \u00e0 leur imagination en le remplissant de toutes sortes de mat\u00e9riaux naturels. Chaque rotation du kal\u00e9idoscope r\u00e9v\u00e8le de nouveaux motifs color\u00e9s qui stimulent la curiosit\u00e9 et la cr\u00e9ativit\u00e9 des enfants.<br \/>\nContenu du set<br \/>\n&#8211;    Kal\u00e9idoscope<br \/>\n&#8211;    Capuchon transparent<br \/>\nPourquoi choisir SES Creative ?<br \/>\nChez SES Creative, nous accordons une grande importance \u00e0 la s\u00e9curit\u00e9. C&rsquo;est pourquoi nos produits sont fabriqu\u00e9s et test\u00e9s dans notre usine aux Pays-Bas, conform\u00e9ment aux normes de s\u00e9curit\u00e9 europ\u00e9ennes les plus strictes. Les jouets SES Creative sont source de plaisir et permettent aux enfants d&rsquo;\u00eatre fiers de leur travail, ce qui stimule leur cr\u00e9ativit\u00e9 et leur d\u00e9veloppement.<br \/>\nCommencez d\u00e8s aujourd&rsquo;hui \u00e0 explorer les couleurs et les motifs !<br \/>\nDonnez \u00e0 vos enfants l&rsquo;occasion de voir le monde d&rsquo;une nouvelle mani\u00e8re avec le kal\u00e9idoscope \u00ab Trouve et remplis \u00bb. Parfait pour les petits explorateurs qui aiment les couleurs et les formes !<\/p>\n","protected":false},"excerpt":{"rendered":"<p>D\u00e9couvrez la magie des couleurs et des motifs avec le kal\u00e9idoscope \u00ab Trouvez et remplissez \u00bb ! Wooow ! Quels motifs ! Les voyez-vous aussi ? Les miroirs \u00e0 l&rsquo;int\u00e9rieur du kal\u00e9idoscope font appara\u00eetre les motifs les plus fous. Avec SES Creative, vous pouvez cr\u00e9er vos propres motifs \u00e0 l&rsquo;aide du kal\u00e9idoscope. Remplissez-le de toutes [&hellip;]<\/p>\n","protected":false},"featured_media":106436,"comment_status":"closed","ping_status":"closed","template":"","meta":{"_acf_changed":false},"product_brand":[],"product_cat":[128],"product_tag":[],"class_list":{"0":"post-118520","1":"product","2":"type-product","3":"status-publish","4":"has-post-thumbnail","6":"product_cat-decouvrir","7":"pa_leeftijd-filter-3-4-ans","8":"pa_meest-populair-bij-garcons-filles","10":"first","11":"instock","12":"shipping-taxable","13":"product-type-simple"},"acf":[],"yoast_head":"<!-- This site is optimized with the Yoast SEO plugin v27.4 - https:\/\/yoast.com\/product\/yoast-seo-wordpress\/ -->\n<title>Trouver et remplir le kal\u00e9idoscope - SES Creative<\/title>\n<meta name=\"robots\" content=\"index, follow, max-snippet:-1, max-image-preview:large, max-video-preview:-1\" \/>\n<link rel=\"canonical\" href=\"https:\/\/ses-creative.com\/fr\/produit\/trouver-et-remplir-le-kaleidoscope\/\" \/>\n<meta property=\"og:locale\" content=\"fr_FR\" \/>\n<meta property=\"og:type\" content=\"article\" \/>\n<meta property=\"og:title\" content=\"Trouver et remplir le kal\u00e9idoscope - SES Creative\" \/>\n<meta property=\"og:description\" content=\"D\u00e9couvrez la magie des couleurs et des motifs avec le kal\u00e9idoscope \u00ab Trouvez et remplissez \u00bb ! Wooow ! Quels motifs ! Les voyez-vous aussi ? Les miroirs \u00e0 l&rsquo;int\u00e9rieur du kal\u00e9idoscope font appara\u00eetre les motifs les plus fous. Avec SES Creative, vous pouvez cr\u00e9er vos propres motifs \u00e0 l&rsquo;aide du kal\u00e9idoscope. Remplissez-le de toutes [&hellip;]\" \/>\n<meta property=\"og:url\" content=\"https:\/\/ses-creative.com\/fr\/produit\/trouver-et-remplir-le-kaleidoscope\/\" \/>\n<meta property=\"og:site_name\" content=\"SES Creative\" \/>\n<meta property=\"article:modified_time\" content=\"2026-02-12T10:23:26+00:00\" \/>\n<meta name=\"twitter:card\" content=\"summary_large_image\" \/>\n<meta name=\"twitter:label1\" content=\"Dur\u00e9e de lecture estim\u00e9e\" \/>\n\t<meta name=\"twitter:data1\" content=\"2 minutes\" \/>\n<script type=\"application\/ld+json\" class=\"yoast-schema-graph\">{\"@context\":\"https:\\\/\\\/schema.org\",\"@graph\":[{\"@type\":\"WebPage\",\"@id\":\"https:\\\/\\\/ses-creative.com\\\/fr\\\/produit\\\/trouver-et-remplir-le-kaleidoscope\\\/\",\"url\":\"https:\\\/\\\/ses-creative.com\\\/fr\\\/produit\\\/trouver-et-remplir-le-kaleidoscope\\\/\",\"name\":\"Trouver et remplir le kal\u00e9idoscope - SES Creative\",\"isPartOf\":{\"@id\":\"https:\\\/\\\/ses-creative.com\\\/#website\"},\"primaryImageOfPage\":{\"@id\":\"https:\\\/\\\/ses-creative.com\\\/fr\\\/produit\\\/trouver-et-remplir-le-kaleidoscope\\\/#primaryimage\"},\"image\":{\"@id\":\"https:\\\/\\\/ses-creative.com\\\/fr\\\/produit\\\/trouver-et-remplir-le-kaleidoscope\\\/#primaryimage\"},\"thumbnailUrl\":\"https:\\\/\\\/ses-creative.com\\\/wp-content\\\/uploads\\\/2026\\\/01\\\/252051.jpg\",\"datePublished\":\"2026-02-12T10:10:03+00:00\",\"dateModified\":\"2026-02-12T10:23:26+00:00\",\"breadcrumb\":{\"@id\":\"https:\\\/\\\/ses-creative.com\\\/fr\\\/produit\\\/trouver-et-remplir-le-kaleidoscope\\\/#breadcrumb\"},\"inLanguage\":\"fr-FR\",\"potentialAction\":[{\"@type\":\"ReadAction\",\"target\":[\"https:\\\/\\\/ses-creative.com\\\/fr\\\/produit\\\/trouver-et-remplir-le-kaleidoscope\\\/\"]}]},{\"@type\":\"ImageObject\",\"inLanguage\":\"fr-FR\",\"@id\":\"https:\\\/\\\/ses-creative.com\\\/fr\\\/produit\\\/trouver-et-remplir-le-kaleidoscope\\\/#primaryimage\",\"url\":\"https:\\\/\\\/ses-creative.com\\\/wp-content\\\/uploads\\\/2026\\\/01\\\/252051.jpg\",\"contentUrl\":\"https:\\\/\\\/ses-creative.com\\\/wp-content\\\/uploads\\\/2026\\\/01\\\/252051.jpg\",\"width\":1000,\"height\":1000},{\"@type\":\"BreadcrumbList\",\"@id\":\"https:\\\/\\\/ses-creative.com\\\/fr\\\/produit\\\/trouver-et-remplir-le-kaleidoscope\\\/#breadcrumb\",\"itemListElement\":[{\"@type\":\"ListItem\",\"position\":1,\"name\":\"Boutique\",\"item\":\"https:\\\/\\\/ses-creative.com\\\/fr\\\/boutique\\\/\"},{\"@type\":\"ListItem\",\"position\":2,\"name\":\"D\u00e9couvrir\",\"item\":\"https:\\\/\\\/ses-creative.com\\\/fr\\\/product-categorie\\\/decouvrir\\\/\"},{\"@type\":\"ListItem\",\"position\":3,\"name\":\"Trouver et remplir le kal\u00e9idoscope\"}]},{\"@type\":\"WebSite\",\"@id\":\"https:\\\/\\\/ses-creative.com\\\/#website\",\"url\":\"https:\\\/\\\/ses-creative.com\\\/\",\"name\":\"SES Creative\",\"description\":\"\",\"publisher\":{\"@id\":\"https:\\\/\\\/ses-creative.com\\\/#organization\"},\"potentialAction\":[{\"@type\":\"SearchAction\",\"target\":{\"@type\":\"EntryPoint\",\"urlTemplate\":\"https:\\\/\\\/ses-creative.com\\\/?s={search_term_string}\"},\"query-input\":{\"@type\":\"PropertyValueSpecification\",\"valueRequired\":true,\"valueName\":\"search_term_string\"}}],\"inLanguage\":\"fr-FR\"},{\"@type\":\"Organization\",\"@id\":\"https:\\\/\\\/ses-creative.com\\\/#organization\",\"name\":\"SES Creative\",\"url\":\"https:\\\/\\\/ses-creative.com\\\/\",\"logo\":{\"@type\":\"ImageObject\",\"inLanguage\":\"fr-FR\",\"@id\":\"https:\\\/\\\/ses-creative.com\\\/#\\\/schema\\\/logo\\\/image\\\/\",\"url\":\"https:\\\/\\\/ses-creative.com\\\/wp-content\\\/uploads\\\/2025\\\/10\\\/ses-creative-logo.jpg\",\"contentUrl\":\"https:\\\/\\\/ses-creative.com\\\/wp-content\\\/uploads\\\/2025\\\/10\\\/ses-creative-logo.jpg\",\"width\":2037,\"height\":2037,\"caption\":\"SES Creative\"},\"image\":{\"@id\":\"https:\\\/\\\/ses-creative.com\\\/#\\\/schema\\\/logo\\\/image\\\/\"}}]}<\/script>\n<!-- \/ Yoast SEO plugin. -->","yoast_head_json":{"title":"Trouver et remplir le kal\u00e9idoscope - SES Creative","robots":{"index":"index","follow":"follow","max-snippet":"max-snippet:-1","max-image-preview":"max-image-preview:large","max-video-preview":"max-video-preview:-1"},"canonical":"https:\/\/ses-creative.com\/fr\/produit\/trouver-et-remplir-le-kaleidoscope\/","og_locale":"fr_FR","og_type":"article","og_title":"Trouver et remplir le kal\u00e9idoscope - SES Creative","og_description":"D\u00e9couvrez la magie des couleurs et des motifs avec le kal\u00e9idoscope \u00ab Trouvez et remplissez \u00bb ! Wooow ! Quels motifs ! Les voyez-vous aussi ? Les miroirs \u00e0 l&rsquo;int\u00e9rieur du kal\u00e9idoscope font appara\u00eetre les motifs les plus fous. Avec SES Creative, vous pouvez cr\u00e9er vos propres motifs \u00e0 l&rsquo;aide du kal\u00e9idoscope. Remplissez-le de toutes [&hellip;]","og_url":"https:\/\/ses-creative.com\/fr\/produit\/trouver-et-remplir-le-kaleidoscope\/","og_site_name":"SES Creative","article_modified_time":"2026-02-12T10:23:26+00:00","twitter_card":"summary_large_image","twitter_misc":{"Dur\u00e9e de lecture estim\u00e9e":"2 minutes"},"schema":{"@context":"https:\/\/schema.org","@graph":[{"@type":"WebPage","@id":"https:\/\/ses-creative.com\/fr\/produit\/trouver-et-remplir-le-kaleidoscope\/","url":"https:\/\/ses-creative.com\/fr\/produit\/trouver-et-remplir-le-kaleidoscope\/","name":"Trouver et remplir le kal\u00e9idoscope - SES Creative","isPartOf":{"@id":"https:\/\/ses-creative.com\/#website"},"primaryImageOfPage":{"@id":"https:\/\/ses-creative.com\/fr\/produit\/trouver-et-remplir-le-kaleidoscope\/#primaryimage"},"image":{"@id":"https:\/\/ses-creative.com\/fr\/produit\/trouver-et-remplir-le-kaleidoscope\/#primaryimage"},"thumbnailUrl":"https:\/\/ses-creative.com\/wp-content\/uploads\/2026\/01\/252051.jpg","datePublished":"2026-02-12T10:10:03+00:00","dateModified":"2026-02-12T10:23:26+00:00","breadcrumb":{"@id":"https:\/\/ses-creative.com\/fr\/produit\/trouver-et-remplir-le-kaleidoscope\/#breadcrumb"},"inLanguage":"fr-FR","potentialAction":[{"@type":"ReadAction","target":["https:\/\/ses-creative.com\/fr\/produit\/trouver-et-remplir-le-kaleidoscope\/"]}]},{"@type":"ImageObject","inLanguage":"fr-FR","@id":"https:\/\/ses-creative.com\/fr\/produit\/trouver-et-remplir-le-kaleidoscope\/#primaryimage","url":"https:\/\/ses-creative.com\/wp-content\/uploads\/2026\/01\/252051.jpg","contentUrl":"https:\/\/ses-creative.com\/wp-content\/uploads\/2026\/01\/252051.jpg","width":1000,"height":1000},{"@type":"BreadcrumbList","@id":"https:\/\/ses-creative.com\/fr\/produit\/trouver-et-remplir-le-kaleidoscope\/#breadcrumb","itemListElement":[{"@type":"ListItem","position":1,"name":"Boutique","item":"https:\/\/ses-creative.com\/fr\/boutique\/"},{"@type":"ListItem","position":2,"name":"D\u00e9couvrir","item":"https:\/\/ses-creative.com\/fr\/product-categorie\/decouvrir\/"},{"@type":"ListItem","position":3,"name":"Trouver et remplir le kal\u00e9idoscope"}]},{"@type":"WebSite","@id":"https:\/\/ses-creative.com\/#website","url":"https:\/\/ses-creative.com\/","name":"SES Creative","description":"","publisher":{"@id":"https:\/\/ses-creative.com\/#organization"},"potentialAction":[{"@type":"SearchAction","target":{"@type":"EntryPoint","urlTemplate":"https:\/\/ses-creative.com\/?s={search_term_string}"},"query-input":{"@type":"PropertyValueSpecification","valueRequired":true,"valueName":"search_term_string"}}],"inLanguage":"fr-FR"},{"@type":"Organization","@id":"https:\/\/ses-creative.com\/#organization","name":"SES Creative","url":"https:\/\/ses-creative.com\/","logo":{"@type":"ImageObject","inLanguage":"fr-FR","@id":"https:\/\/ses-creative.com\/#\/schema\/logo\/image\/","url":"https:\/\/ses-creative.com\/wp-content\/uploads\/2025\/10\/ses-creative-logo.jpg","contentUrl":"https:\/\/ses-creative.com\/wp-content\/uploads\/2025\/10\/ses-creative-logo.jpg","width":2037,"height":2037,"caption":"SES Creative"},"image":{"@id":"https:\/\/ses-creative.com\/#\/schema\/logo\/image\/"}}]}},"_links":{"self":[{"href":"https:\/\/ses-creative.com\/fr\/wp-json\/wp\/v2\/product\/118520","targetHints":{"allow":["GET"]}}],"collection":[{"href":"https:\/\/ses-creative.com\/fr\/wp-json\/wp\/v2\/product"}],"about":[{"href":"https:\/\/ses-creative.com\/fr\/wp-json\/wp\/v2\/types\/product"}],"replies":[{"embeddable":true,"href":"https:\/\/ses-creative.com\/fr\/wp-json\/wp\/v2\/comments?post=118520"}],"wp:featuredmedia":[{"embeddable":true,"href":"https:\/\/ses-creative.com\/fr\/wp-json\/wp\/v2\/media\/106436"}],"wp:attachment":[{"href":"https:\/\/ses-creative.com\/fr\/wp-json\/wp\/v2\/media?parent=118520"}],"wp:term":[{"taxonomy":"product_brand","embeddable":true,"href":"https:\/\/ses-creative.com\/fr\/wp-json\/wp\/v2\/product_brand?post=118520"},{"taxonomy":"product_cat","embeddable":true,"href":"https:\/\/ses-creative.com\/fr\/wp-json\/wp\/v2\/product_cat?post=118520"},{"taxonomy":"product_tag","embeddable":true,"href":"https:\/\/ses-creative.com\/fr\/wp-json\/wp\/v2\/product_tag?post=118520"}],"curies":[{"name":"wp","href":"https:\/\/api.w.org\/{rel}","templated":true}]}}