











{"id":118519,"date":"2026-02-12T10:10:03","date_gmt":"2026-02-12T10:10:03","guid":{"rendered":"https:\/\/ses-creative.com\/?post_type=product&#038;p=118519"},"modified":"2026-02-12T10:23:26","modified_gmt":"2026-02-12T10:23:26","slug":"hotel-de-papillons","status":"publish","type":"product","link":"https:\/\/ses-creative.com\/fr\/produit\/hotel-de-papillons\/","title":{"rendered":"H\u00f4tel de papillons"},"content":{"rendered":"<p>Faites d\u00e9couvrir \u00e0 votre enfant la magie de la nature avec ce kit H\u00f4tel \u00e0 Papillons SES Creative \u00e0 construire soi-m\u00eame. Ce coffret \u00e9ducatif complet permet de monter un abri en bois pour les papillons, favorisant la biodiversit\u00e9 dans le jardin tout en d\u00e9veloppant la motricit\u00e9, la patience et la curiosit\u00e9 scientifique. Facile \u00e0 assembler gr\u00e2ce aux pi\u00e8ces en bois pr\u00e9fabriqu\u00e9es, ce jouet nature invite les enfants \u00e0 remplir l\u2019int\u00e9rieur avec des mat\u00e9riaux naturels et \u00e0 le d\u00e9corer \u00e0 l\u2019aide des stickers fournis. En ajoutant un peu de sirop sucr\u00e9, l\u2019enfant pourra attirer de vrais papillons et observer leur comportement de pr\u00e8s. Ce jeu \u00e9ducatif scientifique stimule l\u2019apprentissage des \u00e9cosyst\u00e8mes, sensibilise \u00e0 l\u2019importance des insectes pollinisateurs et initie \u00e0 l\u2019\u00e9cologie d\u00e8s le plus jeune \u00e2ge. Fabriqu\u00e9 aux Pays-Bas, ce jouet durable est parfait pour les activit\u00e9s en plein air, les ateliers \u00e9ducatifs ou comme id\u00e9e cadeau originale. Une exp\u00e9rience immersive et ludique pour les petits amoureux de la nature<\/p>\n","protected":false},"excerpt":{"rendered":"<p>Faites d\u00e9couvrir \u00e0 votre enfant la magie de la nature avec ce kit H\u00f4tel \u00e0 Papillons SES Creative \u00e0 construire soi-m\u00eame. Ce coffret \u00e9ducatif complet permet de monter un abri en bois pour les papillons, favorisant la biodiversit\u00e9 dans le jardin tout en d\u00e9veloppant la motricit\u00e9, la patience et la curiosit\u00e9 scientifique. Facile \u00e0 assembler [&hellip;]<\/p>\n","protected":false},"featured_media":106416,"comment_status":"closed","ping_status":"closed","template":"","meta":{"_acf_changed":false},"product_brand":[],"product_cat":[128],"product_tag":[],"class_list":{"0":"post-118519","1":"product","2":"type-product","3":"status-publish","4":"has-post-thumbnail","6":"product_cat-decouvrir","7":"pa_leeftijd-filter-4-6-ans","8":"pa_meest-populair-bij-garcons-filles","10":"first","11":"instock","12":"shipping-taxable","13":"product-type-simple"},"acf":[],"yoast_head":"<!-- This site is optimized with the Yoast SEO plugin v27.4 - https:\/\/yoast.com\/product\/yoast-seo-wordpress\/ -->\n<title>H\u00f4tel de papillons - SES Creative<\/title>\n<meta name=\"robots\" content=\"index, follow, max-snippet:-1, max-image-preview:large, max-video-preview:-1\" \/>\n<link rel=\"canonical\" href=\"https:\/\/ses-creative.com\/fr\/produit\/hotel-de-papillons\/\" \/>\n<meta property=\"og:locale\" content=\"fr_FR\" \/>\n<meta property=\"og:type\" content=\"article\" \/>\n<meta property=\"og:title\" content=\"H\u00f4tel de papillons - SES Creative\" \/>\n<meta property=\"og:description\" content=\"Faites d\u00e9couvrir \u00e0 votre enfant la magie de la nature avec ce kit H\u00f4tel \u00e0 Papillons SES Creative \u00e0 construire soi-m\u00eame. Ce coffret \u00e9ducatif complet permet de monter un abri en bois pour les papillons, favorisant la biodiversit\u00e9 dans le jardin tout en d\u00e9veloppant la motricit\u00e9, la patience et la curiosit\u00e9 scientifique. Facile \u00e0 assembler [&hellip;]\" \/>\n<meta property=\"og:url\" content=\"https:\/\/ses-creative.com\/fr\/produit\/hotel-de-papillons\/\" \/>\n<meta property=\"og:site_name\" content=\"SES Creative\" \/>\n<meta property=\"article:modified_time\" content=\"2026-02-12T10:23:26+00:00\" \/>\n<meta name=\"twitter:card\" content=\"summary_large_image\" \/>\n<meta name=\"twitter:label1\" content=\"Dur\u00e9e de lecture estim\u00e9e\" \/>\n\t<meta name=\"twitter:data1\" content=\"1 minute\" \/>\n<script type=\"application\/ld+json\" class=\"yoast-schema-graph\">{\"@context\":\"https:\\\/\\\/schema.org\",\"@graph\":[{\"@type\":\"WebPage\",\"@id\":\"https:\\\/\\\/ses-creative.com\\\/fr\\\/produit\\\/hotel-de-papillons\\\/\",\"url\":\"https:\\\/\\\/ses-creative.com\\\/fr\\\/produit\\\/hotel-de-papillons\\\/\",\"name\":\"H\u00f4tel de papillons - SES Creative\",\"isPartOf\":{\"@id\":\"https:\\\/\\\/ses-creative.com\\\/#website\"},\"primaryImageOfPage\":{\"@id\":\"https:\\\/\\\/ses-creative.com\\\/fr\\\/produit\\\/hotel-de-papillons\\\/#primaryimage\"},\"image\":{\"@id\":\"https:\\\/\\\/ses-creative.com\\\/fr\\\/produit\\\/hotel-de-papillons\\\/#primaryimage\"},\"thumbnailUrl\":\"https:\\\/\\\/ses-creative.com\\\/wp-content\\\/uploads\\\/2026\\\/01\\\/252041.jpg\",\"datePublished\":\"2026-02-12T10:10:03+00:00\",\"dateModified\":\"2026-02-12T10:23:26+00:00\",\"breadcrumb\":{\"@id\":\"https:\\\/\\\/ses-creative.com\\\/fr\\\/produit\\\/hotel-de-papillons\\\/#breadcrumb\"},\"inLanguage\":\"fr-FR\",\"potentialAction\":[{\"@type\":\"ReadAction\",\"target\":[\"https:\\\/\\\/ses-creative.com\\\/fr\\\/produit\\\/hotel-de-papillons\\\/\"]}]},{\"@type\":\"ImageObject\",\"inLanguage\":\"fr-FR\",\"@id\":\"https:\\\/\\\/ses-creative.com\\\/fr\\\/produit\\\/hotel-de-papillons\\\/#primaryimage\",\"url\":\"https:\\\/\\\/ses-creative.com\\\/wp-content\\\/uploads\\\/2026\\\/01\\\/252041.jpg\",\"contentUrl\":\"https:\\\/\\\/ses-creative.com\\\/wp-content\\\/uploads\\\/2026\\\/01\\\/252041.jpg\",\"width\":1000,\"height\":1000},{\"@type\":\"BreadcrumbList\",\"@id\":\"https:\\\/\\\/ses-creative.com\\\/fr\\\/produit\\\/hotel-de-papillons\\\/#breadcrumb\",\"itemListElement\":[{\"@type\":\"ListItem\",\"position\":1,\"name\":\"Boutique\",\"item\":\"https:\\\/\\\/ses-creative.com\\\/fr\\\/boutique\\\/\"},{\"@type\":\"ListItem\",\"position\":2,\"name\":\"D\u00e9couvrir\",\"item\":\"https:\\\/\\\/ses-creative.com\\\/fr\\\/product-categorie\\\/decouvrir\\\/\"},{\"@type\":\"ListItem\",\"position\":3,\"name\":\"H\u00f4tel de papillons\"}]},{\"@type\":\"WebSite\",\"@id\":\"https:\\\/\\\/ses-creative.com\\\/#website\",\"url\":\"https:\\\/\\\/ses-creative.com\\\/\",\"name\":\"SES Creative\",\"description\":\"\",\"publisher\":{\"@id\":\"https:\\\/\\\/ses-creative.com\\\/#organization\"},\"potentialAction\":[{\"@type\":\"SearchAction\",\"target\":{\"@type\":\"EntryPoint\",\"urlTemplate\":\"https:\\\/\\\/ses-creative.com\\\/?s={search_term_string}\"},\"query-input\":{\"@type\":\"PropertyValueSpecification\",\"valueRequired\":true,\"valueName\":\"search_term_string\"}}],\"inLanguage\":\"fr-FR\"},{\"@type\":\"Organization\",\"@id\":\"https:\\\/\\\/ses-creative.com\\\/#organization\",\"name\":\"SES Creative\",\"url\":\"https:\\\/\\\/ses-creative.com\\\/\",\"logo\":{\"@type\":\"ImageObject\",\"inLanguage\":\"fr-FR\",\"@id\":\"https:\\\/\\\/ses-creative.com\\\/#\\\/schema\\\/logo\\\/image\\\/\",\"url\":\"https:\\\/\\\/ses-creative.com\\\/wp-content\\\/uploads\\\/2025\\\/10\\\/ses-creative-logo.jpg\",\"contentUrl\":\"https:\\\/\\\/ses-creative.com\\\/wp-content\\\/uploads\\\/2025\\\/10\\\/ses-creative-logo.jpg\",\"width\":2037,\"height\":2037,\"caption\":\"SES Creative\"},\"image\":{\"@id\":\"https:\\\/\\\/ses-creative.com\\\/#\\\/schema\\\/logo\\\/image\\\/\"}}]}<\/script>\n<!-- \/ Yoast SEO plugin. -->","yoast_head_json":{"title":"H\u00f4tel de papillons - SES Creative","robots":{"index":"index","follow":"follow","max-snippet":"max-snippet:-1","max-image-preview":"max-image-preview:large","max-video-preview":"max-video-preview:-1"},"canonical":"https:\/\/ses-creative.com\/fr\/produit\/hotel-de-papillons\/","og_locale":"fr_FR","og_type":"article","og_title":"H\u00f4tel de papillons - SES Creative","og_description":"Faites d\u00e9couvrir \u00e0 votre enfant la magie de la nature avec ce kit H\u00f4tel \u00e0 Papillons SES Creative \u00e0 construire soi-m\u00eame. Ce coffret \u00e9ducatif complet permet de monter un abri en bois pour les papillons, favorisant la biodiversit\u00e9 dans le jardin tout en d\u00e9veloppant la motricit\u00e9, la patience et la curiosit\u00e9 scientifique. Facile \u00e0 assembler [&hellip;]","og_url":"https:\/\/ses-creative.com\/fr\/produit\/hotel-de-papillons\/","og_site_name":"SES Creative","article_modified_time":"2026-02-12T10:23:26+00:00","twitter_card":"summary_large_image","twitter_misc":{"Dur\u00e9e de lecture estim\u00e9e":"1 minute"},"schema":{"@context":"https:\/\/schema.org","@graph":[{"@type":"WebPage","@id":"https:\/\/ses-creative.com\/fr\/produit\/hotel-de-papillons\/","url":"https:\/\/ses-creative.com\/fr\/produit\/hotel-de-papillons\/","name":"H\u00f4tel de papillons - SES Creative","isPartOf":{"@id":"https:\/\/ses-creative.com\/#website"},"primaryImageOfPage":{"@id":"https:\/\/ses-creative.com\/fr\/produit\/hotel-de-papillons\/#primaryimage"},"image":{"@id":"https:\/\/ses-creative.com\/fr\/produit\/hotel-de-papillons\/#primaryimage"},"thumbnailUrl":"https:\/\/ses-creative.com\/wp-content\/uploads\/2026\/01\/252041.jpg","datePublished":"2026-02-12T10:10:03+00:00","dateModified":"2026-02-12T10:23:26+00:00","breadcrumb":{"@id":"https:\/\/ses-creative.com\/fr\/produit\/hotel-de-papillons\/#breadcrumb"},"inLanguage":"fr-FR","potentialAction":[{"@type":"ReadAction","target":["https:\/\/ses-creative.com\/fr\/produit\/hotel-de-papillons\/"]}]},{"@type":"ImageObject","inLanguage":"fr-FR","@id":"https:\/\/ses-creative.com\/fr\/produit\/hotel-de-papillons\/#primaryimage","url":"https:\/\/ses-creative.com\/wp-content\/uploads\/2026\/01\/252041.jpg","contentUrl":"https:\/\/ses-creative.com\/wp-content\/uploads\/2026\/01\/252041.jpg","width":1000,"height":1000},{"@type":"BreadcrumbList","@id":"https:\/\/ses-creative.com\/fr\/produit\/hotel-de-papillons\/#breadcrumb","itemListElement":[{"@type":"ListItem","position":1,"name":"Boutique","item":"https:\/\/ses-creative.com\/fr\/boutique\/"},{"@type":"ListItem","position":2,"name":"D\u00e9couvrir","item":"https:\/\/ses-creative.com\/fr\/product-categorie\/decouvrir\/"},{"@type":"ListItem","position":3,"name":"H\u00f4tel de papillons"}]},{"@type":"WebSite","@id":"https:\/\/ses-creative.com\/#website","url":"https:\/\/ses-creative.com\/","name":"SES Creative","description":"","publisher":{"@id":"https:\/\/ses-creative.com\/#organization"},"potentialAction":[{"@type":"SearchAction","target":{"@type":"EntryPoint","urlTemplate":"https:\/\/ses-creative.com\/?s={search_term_string}"},"query-input":{"@type":"PropertyValueSpecification","valueRequired":true,"valueName":"search_term_string"}}],"inLanguage":"fr-FR"},{"@type":"Organization","@id":"https:\/\/ses-creative.com\/#organization","name":"SES Creative","url":"https:\/\/ses-creative.com\/","logo":{"@type":"ImageObject","inLanguage":"fr-FR","@id":"https:\/\/ses-creative.com\/#\/schema\/logo\/image\/","url":"https:\/\/ses-creative.com\/wp-content\/uploads\/2025\/10\/ses-creative-logo.jpg","contentUrl":"https:\/\/ses-creative.com\/wp-content\/uploads\/2025\/10\/ses-creative-logo.jpg","width":2037,"height":2037,"caption":"SES Creative"},"image":{"@id":"https:\/\/ses-creative.com\/#\/schema\/logo\/image\/"}}]}},"_links":{"self":[{"href":"https:\/\/ses-creative.com\/fr\/wp-json\/wp\/v2\/product\/118519","targetHints":{"allow":["GET"]}}],"collection":[{"href":"https:\/\/ses-creative.com\/fr\/wp-json\/wp\/v2\/product"}],"about":[{"href":"https:\/\/ses-creative.com\/fr\/wp-json\/wp\/v2\/types\/product"}],"replies":[{"embeddable":true,"href":"https:\/\/ses-creative.com\/fr\/wp-json\/wp\/v2\/comments?post=118519"}],"wp:featuredmedia":[{"embeddable":true,"href":"https:\/\/ses-creative.com\/fr\/wp-json\/wp\/v2\/media\/106416"}],"wp:attachment":[{"href":"https:\/\/ses-creative.com\/fr\/wp-json\/wp\/v2\/media?parent=118519"}],"wp:term":[{"taxonomy":"product_brand","embeddable":true,"href":"https:\/\/ses-creative.com\/fr\/wp-json\/wp\/v2\/product_brand?post=118519"},{"taxonomy":"product_cat","embeddable":true,"href":"https:\/\/ses-creative.com\/fr\/wp-json\/wp\/v2\/product_cat?post=118519"},{"taxonomy":"product_tag","embeddable":true,"href":"https:\/\/ses-creative.com\/fr\/wp-json\/wp\/v2\/product_tag?post=118519"}],"curies":[{"name":"wp","href":"https:\/\/api.w.org\/{rel}","templated":true}]}}