











{"id":118518,"date":"2026-02-12T10:10:03","date_gmt":"2026-02-12T10:10:03","guid":{"rendered":"https:\/\/ses-creative.com\/?post_type=product&#038;p=118518"},"modified":"2026-02-12T10:23:25","modified_gmt":"2026-02-12T10:23:25","slug":"serre-a-legumes","status":"publish","type":"product","link":"https:\/\/ses-creative.com\/fr\/produit\/serre-a-legumes\/","title":{"rendered":"Serre \u00e0 l\u00e9gumes"},"content":{"rendered":"<p>Cultivez vos propres l\u00e9gumes avec une serre !<br \/>\nVous souhaitez cultiver vos propres tomates, concombres et basilic ? C&rsquo;est possible gr\u00e2ce \u00e0 ce kit de culture ! Cr\u00e9ez votre propre mini-jardin et apprenez de mani\u00e8re ludique et pratique comment poussent les plantes. Parfait pour les jeunes jardiniers qui aiment s&rsquo;occuper de la nature. Observez comment vos graines se transforment en d\u00e9licieux l\u00e9gumes et herbes aromatiques !<br \/>\nCe qui rend ce kit g\u00e9nial<br \/>\n&#8211;    Cr\u00e9ez votre propre mini-serre et cultivez des l\u00e9gumes et des herbes aromatiques<br \/>\n&#8211;    Ce kit contient des graines pour 3 l\u00e9gumes et herbes aromatiques diff\u00e9rents<br \/>\n&#8211;    Tout ce dont vous avez besoin pour cultiver vos l\u00e9gumes et construire votre serre est inclus dans ce kit<br \/>\n&#8211;    Stimule l&rsquo;int\u00e9r\u00eat pour la nature et le jardinage. D\u00e9couvrez comment vos graines se transforment en plantes<br \/>\n&#8211;    Parfait pour les enfants \u00e0 partir de 5 ans<br \/>\nD\u00e9couvrez et cultivez avec la serre<br \/>\nAvec ce kit, les enfants peuvent cultiver leurs propres l\u00e9gumes et herbes aromatiques dans une mini-serre. Suivez la croissance de la graine jusqu&rsquo;\u00e0 la plante et apprenez les diff\u00e9rentes \u00e9tapes de la croissance des plantes. Une fa\u00e7on amusante et instructive d&rsquo;en savoir plus sur le jardinage et l&rsquo;alimentation saine. Ce kit est id\u00e9al pour les parents qui souhaitent initier leurs enfants au jardinage et \u00e0 des habitudes alimentaires saines. Il propose une activit\u00e9 ludique et \u00e9ducative qui encourage les enfants \u00e0 jouer dehors et \u00e0 en apprendre davantage sur la nature.<br \/>\nContenu du kit<br \/>\n&#8211;    Pi\u00e8ces en bois pour la serre<br \/>\n&#8211;    Feuilles transparentes pour les fen\u00eatres<br \/>\n&#8211;    3 graines diff\u00e9rentes (tomate, concombre, basilic)<br \/>\n&#8211;    Terreau<br \/>\n&#8211;    Mode d&#8217;emploi<br \/>\nPourquoi choisir SES Creative ?<br \/>\nChez SES Creative, nous accordons une grande importance \u00e0 la s\u00e9curit\u00e9. C&rsquo;est pourquoi nos produits sont fabriqu\u00e9s et test\u00e9s dans notre usine aux Pays-Bas, conform\u00e9ment aux normes de s\u00e9curit\u00e9 europ\u00e9ennes les plus strictes. Les jouets SES Creative sont source de plaisir et permettent aux enfants d&rsquo;\u00eatre fiers de leur travail, ce qui stimule leur cr\u00e9ativit\u00e9 et leur d\u00e9veloppement.<br \/>\nCommencez d\u00e8s aujourd&rsquo;hui \u00e0 cultiver vos propres l\u00e9gumes<br \/>\nD\u00e9couvrez le plaisir du jardinage et observez la croissance de vos propres l\u00e9gumes et herbes aromatiques. Ce fantastique kit de serre est parfait pour des heures d&rsquo;apprentissage et de jeu !<\/p>\n","protected":false},"excerpt":{"rendered":"<p>Cultivez vos propres l\u00e9gumes avec une serre ! Vous souhaitez cultiver vos propres tomates, concombres et basilic ? C&rsquo;est possible gr\u00e2ce \u00e0 ce kit de culture ! Cr\u00e9ez votre propre mini-jardin et apprenez de mani\u00e8re ludique et pratique comment poussent les plantes. Parfait pour les jeunes jardiniers qui aiment s&rsquo;occuper de la nature. Observez comment [&hellip;]<\/p>\n","protected":false},"featured_media":106396,"comment_status":"closed","ping_status":"closed","template":"","meta":{"_acf_changed":false},"product_brand":[],"product_cat":[128],"product_tag":[],"class_list":{"0":"post-118518","1":"product","2":"type-product","3":"status-publish","4":"has-post-thumbnail","6":"product_cat-decouvrir","7":"pa_leeftijd-filter-4-6-ans","8":"pa_meest-populair-bij-garcons-filles","10":"first","11":"instock","12":"shipping-taxable","13":"product-type-simple"},"acf":[],"yoast_head":"<!-- This site is optimized with the Yoast SEO plugin v27.4 - https:\/\/yoast.com\/product\/yoast-seo-wordpress\/ -->\n<title>Serre \u00e0 l\u00e9gumes - SES Creative<\/title>\n<meta name=\"robots\" content=\"index, follow, max-snippet:-1, max-image-preview:large, max-video-preview:-1\" \/>\n<link rel=\"canonical\" href=\"https:\/\/ses-creative.com\/fr\/produit\/serre-a-legumes\/\" \/>\n<meta property=\"og:locale\" content=\"fr_FR\" \/>\n<meta property=\"og:type\" content=\"article\" \/>\n<meta property=\"og:title\" content=\"Serre \u00e0 l\u00e9gumes - SES Creative\" \/>\n<meta property=\"og:description\" content=\"Cultivez vos propres l\u00e9gumes avec une serre ! Vous souhaitez cultiver vos propres tomates, concombres et basilic ? C&rsquo;est possible gr\u00e2ce \u00e0 ce kit de culture ! Cr\u00e9ez votre propre mini-jardin et apprenez de mani\u00e8re ludique et pratique comment poussent les plantes. Parfait pour les jeunes jardiniers qui aiment s&rsquo;occuper de la nature. Observez comment [&hellip;]\" \/>\n<meta property=\"og:url\" content=\"https:\/\/ses-creative.com\/fr\/produit\/serre-a-legumes\/\" \/>\n<meta property=\"og:site_name\" content=\"SES Creative\" \/>\n<meta property=\"article:modified_time\" content=\"2026-02-12T10:23:25+00:00\" \/>\n<meta name=\"twitter:card\" content=\"summary_large_image\" \/>\n<meta name=\"twitter:label1\" content=\"Dur\u00e9e de lecture estim\u00e9e\" \/>\n\t<meta name=\"twitter:data1\" content=\"2 minutes\" \/>\n<script type=\"application\/ld+json\" class=\"yoast-schema-graph\">{\"@context\":\"https:\\\/\\\/schema.org\",\"@graph\":[{\"@type\":\"WebPage\",\"@id\":\"https:\\\/\\\/ses-creative.com\\\/fr\\\/produit\\\/serre-a-legumes\\\/\",\"url\":\"https:\\\/\\\/ses-creative.com\\\/fr\\\/produit\\\/serre-a-legumes\\\/\",\"name\":\"Serre \u00e0 l\u00e9gumes - SES Creative\",\"isPartOf\":{\"@id\":\"https:\\\/\\\/ses-creative.com\\\/#website\"},\"primaryImageOfPage\":{\"@id\":\"https:\\\/\\\/ses-creative.com\\\/fr\\\/produit\\\/serre-a-legumes\\\/#primaryimage\"},\"image\":{\"@id\":\"https:\\\/\\\/ses-creative.com\\\/fr\\\/produit\\\/serre-a-legumes\\\/#primaryimage\"},\"thumbnailUrl\":\"https:\\\/\\\/ses-creative.com\\\/wp-content\\\/uploads\\\/2026\\\/01\\\/252031.jpg\",\"datePublished\":\"2026-02-12T10:10:03+00:00\",\"dateModified\":\"2026-02-12T10:23:25+00:00\",\"breadcrumb\":{\"@id\":\"https:\\\/\\\/ses-creative.com\\\/fr\\\/produit\\\/serre-a-legumes\\\/#breadcrumb\"},\"inLanguage\":\"fr-FR\",\"potentialAction\":[{\"@type\":\"ReadAction\",\"target\":[\"https:\\\/\\\/ses-creative.com\\\/fr\\\/produit\\\/serre-a-legumes\\\/\"]}]},{\"@type\":\"ImageObject\",\"inLanguage\":\"fr-FR\",\"@id\":\"https:\\\/\\\/ses-creative.com\\\/fr\\\/produit\\\/serre-a-legumes\\\/#primaryimage\",\"url\":\"https:\\\/\\\/ses-creative.com\\\/wp-content\\\/uploads\\\/2026\\\/01\\\/252031.jpg\",\"contentUrl\":\"https:\\\/\\\/ses-creative.com\\\/wp-content\\\/uploads\\\/2026\\\/01\\\/252031.jpg\",\"width\":1000,\"height\":1000},{\"@type\":\"BreadcrumbList\",\"@id\":\"https:\\\/\\\/ses-creative.com\\\/fr\\\/produit\\\/serre-a-legumes\\\/#breadcrumb\",\"itemListElement\":[{\"@type\":\"ListItem\",\"position\":1,\"name\":\"Boutique\",\"item\":\"https:\\\/\\\/ses-creative.com\\\/fr\\\/boutique\\\/\"},{\"@type\":\"ListItem\",\"position\":2,\"name\":\"D\u00e9couvrir\",\"item\":\"https:\\\/\\\/ses-creative.com\\\/fr\\\/product-categorie\\\/decouvrir\\\/\"},{\"@type\":\"ListItem\",\"position\":3,\"name\":\"Serre \u00e0 l\u00e9gumes\"}]},{\"@type\":\"WebSite\",\"@id\":\"https:\\\/\\\/ses-creative.com\\\/#website\",\"url\":\"https:\\\/\\\/ses-creative.com\\\/\",\"name\":\"SES Creative\",\"description\":\"\",\"publisher\":{\"@id\":\"https:\\\/\\\/ses-creative.com\\\/#organization\"},\"potentialAction\":[{\"@type\":\"SearchAction\",\"target\":{\"@type\":\"EntryPoint\",\"urlTemplate\":\"https:\\\/\\\/ses-creative.com\\\/?s={search_term_string}\"},\"query-input\":{\"@type\":\"PropertyValueSpecification\",\"valueRequired\":true,\"valueName\":\"search_term_string\"}}],\"inLanguage\":\"fr-FR\"},{\"@type\":\"Organization\",\"@id\":\"https:\\\/\\\/ses-creative.com\\\/#organization\",\"name\":\"SES Creative\",\"url\":\"https:\\\/\\\/ses-creative.com\\\/\",\"logo\":{\"@type\":\"ImageObject\",\"inLanguage\":\"fr-FR\",\"@id\":\"https:\\\/\\\/ses-creative.com\\\/#\\\/schema\\\/logo\\\/image\\\/\",\"url\":\"https:\\\/\\\/ses-creative.com\\\/wp-content\\\/uploads\\\/2025\\\/10\\\/ses-creative-logo.jpg\",\"contentUrl\":\"https:\\\/\\\/ses-creative.com\\\/wp-content\\\/uploads\\\/2025\\\/10\\\/ses-creative-logo.jpg\",\"width\":2037,\"height\":2037,\"caption\":\"SES Creative\"},\"image\":{\"@id\":\"https:\\\/\\\/ses-creative.com\\\/#\\\/schema\\\/logo\\\/image\\\/\"}}]}<\/script>\n<!-- \/ Yoast SEO plugin. -->","yoast_head_json":{"title":"Serre \u00e0 l\u00e9gumes - SES Creative","robots":{"index":"index","follow":"follow","max-snippet":"max-snippet:-1","max-image-preview":"max-image-preview:large","max-video-preview":"max-video-preview:-1"},"canonical":"https:\/\/ses-creative.com\/fr\/produit\/serre-a-legumes\/","og_locale":"fr_FR","og_type":"article","og_title":"Serre \u00e0 l\u00e9gumes - SES Creative","og_description":"Cultivez vos propres l\u00e9gumes avec une serre ! Vous souhaitez cultiver vos propres tomates, concombres et basilic ? C&rsquo;est possible gr\u00e2ce \u00e0 ce kit de culture ! Cr\u00e9ez votre propre mini-jardin et apprenez de mani\u00e8re ludique et pratique comment poussent les plantes. Parfait pour les jeunes jardiniers qui aiment s&rsquo;occuper de la nature. Observez comment [&hellip;]","og_url":"https:\/\/ses-creative.com\/fr\/produit\/serre-a-legumes\/","og_site_name":"SES Creative","article_modified_time":"2026-02-12T10:23:25+00:00","twitter_card":"summary_large_image","twitter_misc":{"Dur\u00e9e de lecture estim\u00e9e":"2 minutes"},"schema":{"@context":"https:\/\/schema.org","@graph":[{"@type":"WebPage","@id":"https:\/\/ses-creative.com\/fr\/produit\/serre-a-legumes\/","url":"https:\/\/ses-creative.com\/fr\/produit\/serre-a-legumes\/","name":"Serre \u00e0 l\u00e9gumes - SES Creative","isPartOf":{"@id":"https:\/\/ses-creative.com\/#website"},"primaryImageOfPage":{"@id":"https:\/\/ses-creative.com\/fr\/produit\/serre-a-legumes\/#primaryimage"},"image":{"@id":"https:\/\/ses-creative.com\/fr\/produit\/serre-a-legumes\/#primaryimage"},"thumbnailUrl":"https:\/\/ses-creative.com\/wp-content\/uploads\/2026\/01\/252031.jpg","datePublished":"2026-02-12T10:10:03+00:00","dateModified":"2026-02-12T10:23:25+00:00","breadcrumb":{"@id":"https:\/\/ses-creative.com\/fr\/produit\/serre-a-legumes\/#breadcrumb"},"inLanguage":"fr-FR","potentialAction":[{"@type":"ReadAction","target":["https:\/\/ses-creative.com\/fr\/produit\/serre-a-legumes\/"]}]},{"@type":"ImageObject","inLanguage":"fr-FR","@id":"https:\/\/ses-creative.com\/fr\/produit\/serre-a-legumes\/#primaryimage","url":"https:\/\/ses-creative.com\/wp-content\/uploads\/2026\/01\/252031.jpg","contentUrl":"https:\/\/ses-creative.com\/wp-content\/uploads\/2026\/01\/252031.jpg","width":1000,"height":1000},{"@type":"BreadcrumbList","@id":"https:\/\/ses-creative.com\/fr\/produit\/serre-a-legumes\/#breadcrumb","itemListElement":[{"@type":"ListItem","position":1,"name":"Boutique","item":"https:\/\/ses-creative.com\/fr\/boutique\/"},{"@type":"ListItem","position":2,"name":"D\u00e9couvrir","item":"https:\/\/ses-creative.com\/fr\/product-categorie\/decouvrir\/"},{"@type":"ListItem","position":3,"name":"Serre \u00e0 l\u00e9gumes"}]},{"@type":"WebSite","@id":"https:\/\/ses-creative.com\/#website","url":"https:\/\/ses-creative.com\/","name":"SES Creative","description":"","publisher":{"@id":"https:\/\/ses-creative.com\/#organization"},"potentialAction":[{"@type":"SearchAction","target":{"@type":"EntryPoint","urlTemplate":"https:\/\/ses-creative.com\/?s={search_term_string}"},"query-input":{"@type":"PropertyValueSpecification","valueRequired":true,"valueName":"search_term_string"}}],"inLanguage":"fr-FR"},{"@type":"Organization","@id":"https:\/\/ses-creative.com\/#organization","name":"SES Creative","url":"https:\/\/ses-creative.com\/","logo":{"@type":"ImageObject","inLanguage":"fr-FR","@id":"https:\/\/ses-creative.com\/#\/schema\/logo\/image\/","url":"https:\/\/ses-creative.com\/wp-content\/uploads\/2025\/10\/ses-creative-logo.jpg","contentUrl":"https:\/\/ses-creative.com\/wp-content\/uploads\/2025\/10\/ses-creative-logo.jpg","width":2037,"height":2037,"caption":"SES Creative"},"image":{"@id":"https:\/\/ses-creative.com\/#\/schema\/logo\/image\/"}}]}},"_links":{"self":[{"href":"https:\/\/ses-creative.com\/fr\/wp-json\/wp\/v2\/product\/118518","targetHints":{"allow":["GET"]}}],"collection":[{"href":"https:\/\/ses-creative.com\/fr\/wp-json\/wp\/v2\/product"}],"about":[{"href":"https:\/\/ses-creative.com\/fr\/wp-json\/wp\/v2\/types\/product"}],"replies":[{"embeddable":true,"href":"https:\/\/ses-creative.com\/fr\/wp-json\/wp\/v2\/comments?post=118518"}],"wp:featuredmedia":[{"embeddable":true,"href":"https:\/\/ses-creative.com\/fr\/wp-json\/wp\/v2\/media\/106396"}],"wp:attachment":[{"href":"https:\/\/ses-creative.com\/fr\/wp-json\/wp\/v2\/media?parent=118518"}],"wp:term":[{"taxonomy":"product_brand","embeddable":true,"href":"https:\/\/ses-creative.com\/fr\/wp-json\/wp\/v2\/product_brand?post=118518"},{"taxonomy":"product_cat","embeddable":true,"href":"https:\/\/ses-creative.com\/fr\/wp-json\/wp\/v2\/product_cat?post=118518"},{"taxonomy":"product_tag","embeddable":true,"href":"https:\/\/ses-creative.com\/fr\/wp-json\/wp\/v2\/product_tag?post=118518"}],"curies":[{"name":"wp","href":"https:\/\/api.w.org\/{rel}","templated":true}]}}