











{"id":118517,"date":"2026-02-12T10:10:03","date_gmt":"2026-02-12T10:10:03","guid":{"rendered":"https:\/\/ses-creative.com\/?post_type=product&#038;p=118517"},"modified":"2026-02-12T10:23:25","modified_gmt":"2026-02-12T10:23:25","slug":"jardin-de-la-cabane-dans-les-arbres","status":"publish","type":"product","link":"https:\/\/ses-creative.com\/fr\/produit\/jardin-de-la-cabane-dans-les-arbres\/","title":{"rendered":"Jardin de la cabane dans les arbres"},"content":{"rendered":"<p>Faites entrer la verdure dans votre int\u00e9rieur avec le mini potager cabane dans les arbres<br \/>\nImaginez que vous ayez votre propre cabane magique o\u00f9 vous pouvez cultiver des herbes aromatiques fra\u00eeches et les voir pousser ! Avec le kit Cabane dans les arbres Jardin d&rsquo;herbes aromatiques, vous pouvez cr\u00e9er une cabane magique et cultiver trois herbes diff\u00e9rentes : cresson, persil et jeunes pousses. La cabane est parfaite pour mettre les plantes en valeur et apporte une touche d\u00e9corative \u00e0 votre chambre, votre salon ou votre jardin.<br \/>\nCe qui rend ce kit g\u00e9nial<br \/>\n&#8211;    Cultivez vos propres plantes dans votre mini potager<br \/>\n&#8211;    Joli mini potager dans une cabane dans les arbres<br \/>\n&#8211;    Assemblez vous-m\u00eame la cabane dans les arbres et d\u00e9corez-la avec des autocollants<br \/>\n&#8211;    Stimule la curiosit\u00e9 pour la nature et le jardinage. D\u00e9couvrez le processus de germination et de croissance des plantes<br \/>\n&#8211;    Une cabane dans les arbres pleine de charme qui apporte une touche suppl\u00e9mentaire \u00e0 votre chambre, votre salon ou votre jardin<br \/>\nConstruisez votre propre cabane dans les arbres<br \/>\nCommencez par assembler les plaques de bois pour construire votre cabane dans les arbres. D\u00e9corez-la avec les autocollants amusants et pr\u00e9parez-vous \u00e0 planter vos herbes aromatiques. Placez les pastilles de coco dans les pots, ajoutez de l&rsquo;eau pour qu&rsquo;elles gonflent, puis plantez vos graines. Utilisez la pipette pour arroser vos plantes et regardez-les pousser dans votre cabane dans les arbres !<br \/>\nCette activit\u00e9 apporte non seulement la joie du jardinage, mais enseigne \u00e9galement la patience et la responsabilit\u00e9. Imaginez comme ce sera passionnant de voir vos herbes germer et pousser, puis de les utiliser dans vos plats pr\u00e9f\u00e9r\u00e9s.<br \/>\nContenu du kit<br \/>\n&#8211;    Kit de construction de cabane dans les arbres<br \/>\n&#8211;    Feuille d&rsquo;autocollants<br \/>\n&#8211;    Graines de cresson, persil et jeunes pousses<br \/>\n&#8211;    Comprim\u00e9s de coco et pots<br \/>\n&#8211;    Instructions<br \/>\nPourquoi choisir SES Creative ?<br \/>\nChez SES Creative, nous accordons une grande importance \u00e0 la s\u00e9curit\u00e9. C&rsquo;est pourquoi nos produits sont fabriqu\u00e9s et test\u00e9s dans notre usine aux Pays-Bas, conform\u00e9ment aux normes de s\u00e9curit\u00e9 europ\u00e9ennes les plus strictes. Les jouets SES Creative sont source de plaisir et permettent aux enfants d&rsquo;\u00eatre fiers de leur travail, ce qui stimule leur cr\u00e9ativit\u00e9 et leur d\u00e9veloppement.<br \/>\nPlongez dans le monde du jardinage et de la cr\u00e9ativit\u00e9 avec la cabane dans les arbres Herb Garden<br \/>\nConstruisez, plantez et entretenez vos herbes aromatiques et profitez de l&rsquo;exp\u00e9rience magique de voir votre jardin s&rsquo;\u00e9panouir. Voyons voir quelles merveilleuses cr\u00e9ations vertes vous pouvez cultiver aujourd&rsquo;hui !<\/p>\n","protected":false},"excerpt":{"rendered":"<p>Faites entrer la verdure dans votre int\u00e9rieur avec le mini potager cabane dans les arbres Imaginez que vous ayez votre propre cabane magique o\u00f9 vous pouvez cultiver des herbes aromatiques fra\u00eeches et les voir pousser ! Avec le kit Cabane dans les arbres Jardin d&rsquo;herbes aromatiques, vous pouvez cr\u00e9er une cabane magique et cultiver trois [&hellip;]<\/p>\n","protected":false},"featured_media":106376,"comment_status":"closed","ping_status":"closed","template":"","meta":{"_acf_changed":false},"product_brand":[],"product_cat":[128],"product_tag":[],"class_list":{"0":"post-118517","1":"product","2":"type-product","3":"status-publish","4":"has-post-thumbnail","6":"product_cat-decouvrir","7":"pa_leeftijd-filter-4-6-ans","8":"pa_meest-populair-bij-garcons-filles","10":"first","11":"instock","12":"shipping-taxable","13":"product-type-simple"},"acf":[],"yoast_head":"<!-- This site is optimized with the Yoast SEO plugin v27.4 - https:\/\/yoast.com\/product\/yoast-seo-wordpress\/ -->\n<title>Jardin de la cabane dans les arbres - SES Creative<\/title>\n<meta name=\"robots\" content=\"index, follow, max-snippet:-1, max-image-preview:large, max-video-preview:-1\" \/>\n<link rel=\"canonical\" href=\"https:\/\/ses-creative.com\/fr\/produit\/jardin-de-la-cabane-dans-les-arbres\/\" \/>\n<meta property=\"og:locale\" content=\"fr_FR\" \/>\n<meta property=\"og:type\" content=\"article\" \/>\n<meta property=\"og:title\" content=\"Jardin de la cabane dans les arbres - SES Creative\" \/>\n<meta property=\"og:description\" content=\"Faites entrer la verdure dans votre int\u00e9rieur avec le mini potager cabane dans les arbres Imaginez que vous ayez votre propre cabane magique o\u00f9 vous pouvez cultiver des herbes aromatiques fra\u00eeches et les voir pousser ! Avec le kit Cabane dans les arbres Jardin d&rsquo;herbes aromatiques, vous pouvez cr\u00e9er une cabane magique et cultiver trois [&hellip;]\" \/>\n<meta property=\"og:url\" content=\"https:\/\/ses-creative.com\/fr\/produit\/jardin-de-la-cabane-dans-les-arbres\/\" \/>\n<meta property=\"og:site_name\" content=\"SES Creative\" \/>\n<meta property=\"article:modified_time\" content=\"2026-02-12T10:23:25+00:00\" \/>\n<meta name=\"twitter:card\" content=\"summary_large_image\" \/>\n<meta name=\"twitter:label1\" content=\"Dur\u00e9e de lecture estim\u00e9e\" \/>\n\t<meta name=\"twitter:data1\" content=\"2 minutes\" \/>\n<script type=\"application\/ld+json\" class=\"yoast-schema-graph\">{\"@context\":\"https:\\\/\\\/schema.org\",\"@graph\":[{\"@type\":\"WebPage\",\"@id\":\"https:\\\/\\\/ses-creative.com\\\/fr\\\/produit\\\/jardin-de-la-cabane-dans-les-arbres\\\/\",\"url\":\"https:\\\/\\\/ses-creative.com\\\/fr\\\/produit\\\/jardin-de-la-cabane-dans-les-arbres\\\/\",\"name\":\"Jardin de la cabane dans les arbres - SES Creative\",\"isPartOf\":{\"@id\":\"https:\\\/\\\/ses-creative.com\\\/#website\"},\"primaryImageOfPage\":{\"@id\":\"https:\\\/\\\/ses-creative.com\\\/fr\\\/produit\\\/jardin-de-la-cabane-dans-les-arbres\\\/#primaryimage\"},\"image\":{\"@id\":\"https:\\\/\\\/ses-creative.com\\\/fr\\\/produit\\\/jardin-de-la-cabane-dans-les-arbres\\\/#primaryimage\"},\"thumbnailUrl\":\"https:\\\/\\\/ses-creative.com\\\/wp-content\\\/uploads\\\/2026\\\/01\\\/252021.jpg\",\"datePublished\":\"2026-02-12T10:10:03+00:00\",\"dateModified\":\"2026-02-12T10:23:25+00:00\",\"breadcrumb\":{\"@id\":\"https:\\\/\\\/ses-creative.com\\\/fr\\\/produit\\\/jardin-de-la-cabane-dans-les-arbres\\\/#breadcrumb\"},\"inLanguage\":\"fr-FR\",\"potentialAction\":[{\"@type\":\"ReadAction\",\"target\":[\"https:\\\/\\\/ses-creative.com\\\/fr\\\/produit\\\/jardin-de-la-cabane-dans-les-arbres\\\/\"]}]},{\"@type\":\"ImageObject\",\"inLanguage\":\"fr-FR\",\"@id\":\"https:\\\/\\\/ses-creative.com\\\/fr\\\/produit\\\/jardin-de-la-cabane-dans-les-arbres\\\/#primaryimage\",\"url\":\"https:\\\/\\\/ses-creative.com\\\/wp-content\\\/uploads\\\/2026\\\/01\\\/252021.jpg\",\"contentUrl\":\"https:\\\/\\\/ses-creative.com\\\/wp-content\\\/uploads\\\/2026\\\/01\\\/252021.jpg\",\"width\":1000,\"height\":1000},{\"@type\":\"BreadcrumbList\",\"@id\":\"https:\\\/\\\/ses-creative.com\\\/fr\\\/produit\\\/jardin-de-la-cabane-dans-les-arbres\\\/#breadcrumb\",\"itemListElement\":[{\"@type\":\"ListItem\",\"position\":1,\"name\":\"Boutique\",\"item\":\"https:\\\/\\\/ses-creative.com\\\/fr\\\/boutique\\\/\"},{\"@type\":\"ListItem\",\"position\":2,\"name\":\"D\u00e9couvrir\",\"item\":\"https:\\\/\\\/ses-creative.com\\\/fr\\\/product-categorie\\\/decouvrir\\\/\"},{\"@type\":\"ListItem\",\"position\":3,\"name\":\"Jardin de la cabane dans les arbres\"}]},{\"@type\":\"WebSite\",\"@id\":\"https:\\\/\\\/ses-creative.com\\\/#website\",\"url\":\"https:\\\/\\\/ses-creative.com\\\/\",\"name\":\"SES Creative\",\"description\":\"\",\"publisher\":{\"@id\":\"https:\\\/\\\/ses-creative.com\\\/#organization\"},\"potentialAction\":[{\"@type\":\"SearchAction\",\"target\":{\"@type\":\"EntryPoint\",\"urlTemplate\":\"https:\\\/\\\/ses-creative.com\\\/?s={search_term_string}\"},\"query-input\":{\"@type\":\"PropertyValueSpecification\",\"valueRequired\":true,\"valueName\":\"search_term_string\"}}],\"inLanguage\":\"fr-FR\"},{\"@type\":\"Organization\",\"@id\":\"https:\\\/\\\/ses-creative.com\\\/#organization\",\"name\":\"SES Creative\",\"url\":\"https:\\\/\\\/ses-creative.com\\\/\",\"logo\":{\"@type\":\"ImageObject\",\"inLanguage\":\"fr-FR\",\"@id\":\"https:\\\/\\\/ses-creative.com\\\/#\\\/schema\\\/logo\\\/image\\\/\",\"url\":\"https:\\\/\\\/ses-creative.com\\\/wp-content\\\/uploads\\\/2025\\\/10\\\/ses-creative-logo.jpg\",\"contentUrl\":\"https:\\\/\\\/ses-creative.com\\\/wp-content\\\/uploads\\\/2025\\\/10\\\/ses-creative-logo.jpg\",\"width\":2037,\"height\":2037,\"caption\":\"SES Creative\"},\"image\":{\"@id\":\"https:\\\/\\\/ses-creative.com\\\/#\\\/schema\\\/logo\\\/image\\\/\"}}]}<\/script>\n<!-- \/ Yoast SEO plugin. -->","yoast_head_json":{"title":"Jardin de la cabane dans les arbres - SES Creative","robots":{"index":"index","follow":"follow","max-snippet":"max-snippet:-1","max-image-preview":"max-image-preview:large","max-video-preview":"max-video-preview:-1"},"canonical":"https:\/\/ses-creative.com\/fr\/produit\/jardin-de-la-cabane-dans-les-arbres\/","og_locale":"fr_FR","og_type":"article","og_title":"Jardin de la cabane dans les arbres - SES Creative","og_description":"Faites entrer la verdure dans votre int\u00e9rieur avec le mini potager cabane dans les arbres Imaginez que vous ayez votre propre cabane magique o\u00f9 vous pouvez cultiver des herbes aromatiques fra\u00eeches et les voir pousser ! Avec le kit Cabane dans les arbres Jardin d&rsquo;herbes aromatiques, vous pouvez cr\u00e9er une cabane magique et cultiver trois [&hellip;]","og_url":"https:\/\/ses-creative.com\/fr\/produit\/jardin-de-la-cabane-dans-les-arbres\/","og_site_name":"SES Creative","article_modified_time":"2026-02-12T10:23:25+00:00","twitter_card":"summary_large_image","twitter_misc":{"Dur\u00e9e de lecture estim\u00e9e":"2 minutes"},"schema":{"@context":"https:\/\/schema.org","@graph":[{"@type":"WebPage","@id":"https:\/\/ses-creative.com\/fr\/produit\/jardin-de-la-cabane-dans-les-arbres\/","url":"https:\/\/ses-creative.com\/fr\/produit\/jardin-de-la-cabane-dans-les-arbres\/","name":"Jardin de la cabane dans les arbres - SES Creative","isPartOf":{"@id":"https:\/\/ses-creative.com\/#website"},"primaryImageOfPage":{"@id":"https:\/\/ses-creative.com\/fr\/produit\/jardin-de-la-cabane-dans-les-arbres\/#primaryimage"},"image":{"@id":"https:\/\/ses-creative.com\/fr\/produit\/jardin-de-la-cabane-dans-les-arbres\/#primaryimage"},"thumbnailUrl":"https:\/\/ses-creative.com\/wp-content\/uploads\/2026\/01\/252021.jpg","datePublished":"2026-02-12T10:10:03+00:00","dateModified":"2026-02-12T10:23:25+00:00","breadcrumb":{"@id":"https:\/\/ses-creative.com\/fr\/produit\/jardin-de-la-cabane-dans-les-arbres\/#breadcrumb"},"inLanguage":"fr-FR","potentialAction":[{"@type":"ReadAction","target":["https:\/\/ses-creative.com\/fr\/produit\/jardin-de-la-cabane-dans-les-arbres\/"]}]},{"@type":"ImageObject","inLanguage":"fr-FR","@id":"https:\/\/ses-creative.com\/fr\/produit\/jardin-de-la-cabane-dans-les-arbres\/#primaryimage","url":"https:\/\/ses-creative.com\/wp-content\/uploads\/2026\/01\/252021.jpg","contentUrl":"https:\/\/ses-creative.com\/wp-content\/uploads\/2026\/01\/252021.jpg","width":1000,"height":1000},{"@type":"BreadcrumbList","@id":"https:\/\/ses-creative.com\/fr\/produit\/jardin-de-la-cabane-dans-les-arbres\/#breadcrumb","itemListElement":[{"@type":"ListItem","position":1,"name":"Boutique","item":"https:\/\/ses-creative.com\/fr\/boutique\/"},{"@type":"ListItem","position":2,"name":"D\u00e9couvrir","item":"https:\/\/ses-creative.com\/fr\/product-categorie\/decouvrir\/"},{"@type":"ListItem","position":3,"name":"Jardin de la cabane dans les arbres"}]},{"@type":"WebSite","@id":"https:\/\/ses-creative.com\/#website","url":"https:\/\/ses-creative.com\/","name":"SES Creative","description":"","publisher":{"@id":"https:\/\/ses-creative.com\/#organization"},"potentialAction":[{"@type":"SearchAction","target":{"@type":"EntryPoint","urlTemplate":"https:\/\/ses-creative.com\/?s={search_term_string}"},"query-input":{"@type":"PropertyValueSpecification","valueRequired":true,"valueName":"search_term_string"}}],"inLanguage":"fr-FR"},{"@type":"Organization","@id":"https:\/\/ses-creative.com\/#organization","name":"SES Creative","url":"https:\/\/ses-creative.com\/","logo":{"@type":"ImageObject","inLanguage":"fr-FR","@id":"https:\/\/ses-creative.com\/#\/schema\/logo\/image\/","url":"https:\/\/ses-creative.com\/wp-content\/uploads\/2025\/10\/ses-creative-logo.jpg","contentUrl":"https:\/\/ses-creative.com\/wp-content\/uploads\/2025\/10\/ses-creative-logo.jpg","width":2037,"height":2037,"caption":"SES Creative"},"image":{"@id":"https:\/\/ses-creative.com\/#\/schema\/logo\/image\/"}}]}},"_links":{"self":[{"href":"https:\/\/ses-creative.com\/fr\/wp-json\/wp\/v2\/product\/118517","targetHints":{"allow":["GET"]}}],"collection":[{"href":"https:\/\/ses-creative.com\/fr\/wp-json\/wp\/v2\/product"}],"about":[{"href":"https:\/\/ses-creative.com\/fr\/wp-json\/wp\/v2\/types\/product"}],"replies":[{"embeddable":true,"href":"https:\/\/ses-creative.com\/fr\/wp-json\/wp\/v2\/comments?post=118517"}],"wp:featuredmedia":[{"embeddable":true,"href":"https:\/\/ses-creative.com\/fr\/wp-json\/wp\/v2\/media\/106376"}],"wp:attachment":[{"href":"https:\/\/ses-creative.com\/fr\/wp-json\/wp\/v2\/media?parent=118517"}],"wp:term":[{"taxonomy":"product_brand","embeddable":true,"href":"https:\/\/ses-creative.com\/fr\/wp-json\/wp\/v2\/product_brand?post=118517"},{"taxonomy":"product_cat","embeddable":true,"href":"https:\/\/ses-creative.com\/fr\/wp-json\/wp\/v2\/product_cat?post=118517"},{"taxonomy":"product_tag","embeddable":true,"href":"https:\/\/ses-creative.com\/fr\/wp-json\/wp\/v2\/product_tag?post=118517"}],"curies":[{"name":"wp","href":"https:\/\/api.w.org\/{rel}","templated":true}]}}