











{"id":118513,"date":"2026-02-12T10:10:02","date_gmt":"2026-02-12T10:10:02","guid":{"rendered":"https:\/\/ses-creative.com\/?post_type=product&#038;p=118513"},"modified":"2026-02-12T10:23:25","modified_gmt":"2026-02-12T10:23:25","slug":"studio-laboratoire-a-slime","status":"publish","type":"product","link":"https:\/\/ses-creative.com\/fr\/produit\/studio-laboratoire-a-slime\/","title":{"rendered":"Studio Laboratoire \u00e0 slime"},"content":{"rendered":"<p>Fabriquez votre propre slime !<br \/>\nPlongez dans le monde de la science et du slime avec le Girly Science &#8211; Slime Studio Lab ! Ce superbe kit vous permet de cr\u00e9er et de m\u00e9langer votre propre slime, avec cinq jolis flacons de conservation que vous pouvez d\u00e9corer avec des autocollants paillet\u00e9s. Le processus de fabrication du slime est non seulement amusant, mais aussi instructif. Vous d\u00e9couvrirez la science qui se cache derri\u00e8re le slime et d\u00e9velopperez vos comp\u00e9tences cr\u00e9atives et votre capacit\u00e9 \u00e0 r\u00e9soudre des probl\u00e8mes en exp\u00e9rimentant diff\u00e9rentes combinaisons. Ajoutez un peu d&rsquo;Aqualine jaune pour donner un coup de pouce \u00e0 la couleur et faire briller votre slime !<br \/>\nCe qui rend ce kit g\u00e9nial<br \/>\n&#8211;    D\u00e9couvrez \u00e0 quel point il est amusant de fabriquer soi-m\u00eame du slime<br \/>\n&#8211;    Fabriquez du slime de diff\u00e9rentes mani\u00e8res et d\u00e9corez-le comme vous le souhaitez<br \/>\n&#8211;    Stimule la curiosit\u00e9 pour l&rsquo;exp\u00e9rimentation et la science<br \/>\n&#8211;    Disponible en diff\u00e9rentes couleurs et avec des autocollants amusants pour le d\u00e9corer<br \/>\n&#8211;    Jouet cr\u00e9atif<br \/>\nExp\u00e9rimentez \u00e0 volont\u00e9 avec le Slime Studio Lab<br \/>\nAvec ce kit, vous pouvez cr\u00e9er votre propre slime et conserver vos cr\u00e9ations en toute s\u00e9curit\u00e9 dans les flacons en forme d&rsquo;\u00e9toile avec bouchon rose. Il est super lavable, donc pas d&rsquo;inqui\u00e9tude si vous en mettez partout ! Le Slime Studio Lab est parfait pour tous ceux qui aiment bricoler et exp\u00e9rimenter. Ce n&rsquo;est pas seulement un kit de bricolage, c&rsquo;est une aventure qui vous apprend \u00e0 fabriquer et \u00e0 personnaliser votre propre slime. Du slime rose paillet\u00e9 au slime bleu transparent, les possibilit\u00e9s sont infinies !<br \/>\nContenu du kit<br \/>\n&#8211;    Pots de conservation en forme d&rsquo;\u00e9toile<br \/>\n&#8211;    Slime de diff\u00e9rentes couleurs et d\u00e9corations<br \/>\n&#8211;    Autocollants<br \/>\n&#8211;    Tout le n\u00e9cessaire pour fabriquer du slime et des instructions<br \/>\nPourquoi choisir SES Creative ?<br \/>\nChez SES Creative, nous accordons une grande importance \u00e0 la s\u00e9curit\u00e9. C&rsquo;est pourquoi nos produits sont fabriqu\u00e9s et test\u00e9s dans notre usine aux Pays-Bas, conform\u00e9ment aux normes de s\u00e9curit\u00e9 europ\u00e9ennes les plus strictes. Les jouets SES Creative sont source de plaisir et permettent aux enfants d&rsquo;\u00eatre fiers de leur travail, ce qui stimule leur cr\u00e9ativit\u00e9 et leur d\u00e9veloppement.<br \/>\nCommencez d\u00e8s aujourd&rsquo;hui \u00e0 fabriquer votre propre slime et laissez libre cours \u00e0 votre cr\u00e9ativit\u00e9 !<br \/>\nD\u00e9couvrez \u00e0 quel point il est amusant et facile de cr\u00e9er votre propre slime avec le Girly Science &#8211; Slime Studio Lab. Cr\u00e9ez, m\u00e9langez et conservez vos cr\u00e9ations de slime et profitez d&rsquo;un plaisir sans fin !<\/p>\n","protected":false},"excerpt":{"rendered":"<p>Fabriquez votre propre slime ! Plongez dans le monde de la science et du slime avec le Girly Science &#8211; Slime Studio Lab ! Ce superbe kit vous permet de cr\u00e9er et de m\u00e9langer votre propre slime, avec cinq jolis flacons de conservation que vous pouvez d\u00e9corer avec des autocollants paillet\u00e9s. Le processus de fabrication [&hellip;]<\/p>\n","protected":false},"featured_media":106296,"comment_status":"closed","ping_status":"closed","template":"","meta":{"_acf_changed":false},"product_brand":[],"product_cat":[128],"product_tag":[],"class_list":{"0":"post-118513","1":"product","2":"type-product","3":"status-publish","4":"has-post-thumbnail","6":"product_cat-decouvrir","7":"pa_collecties-studio-lab","8":"pa_leeftijd-filter-4-6-ans","9":"pa_meest-populair-bij-garcons-filles","11":"first","12":"instock","13":"shipping-taxable","14":"product-type-simple"},"acf":[],"yoast_head":"<!-- This site is optimized with the Yoast SEO plugin v27.4 - https:\/\/yoast.com\/product\/yoast-seo-wordpress\/ -->\n<title>Studio Laboratoire \u00e0 slime - SES Creative<\/title>\n<meta name=\"robots\" content=\"index, follow, max-snippet:-1, max-image-preview:large, max-video-preview:-1\" \/>\n<link rel=\"canonical\" href=\"https:\/\/ses-creative.com\/fr\/produit\/studio-laboratoire-a-slime\/\" \/>\n<meta property=\"og:locale\" content=\"fr_FR\" \/>\n<meta property=\"og:type\" content=\"article\" \/>\n<meta property=\"og:title\" content=\"Studio Laboratoire \u00e0 slime - SES Creative\" \/>\n<meta property=\"og:description\" content=\"Fabriquez votre propre slime ! Plongez dans le monde de la science et du slime avec le Girly Science &#8211; Slime Studio Lab ! Ce superbe kit vous permet de cr\u00e9er et de m\u00e9langer votre propre slime, avec cinq jolis flacons de conservation que vous pouvez d\u00e9corer avec des autocollants paillet\u00e9s. Le processus de fabrication [&hellip;]\" \/>\n<meta property=\"og:url\" content=\"https:\/\/ses-creative.com\/fr\/produit\/studio-laboratoire-a-slime\/\" \/>\n<meta property=\"og:site_name\" content=\"SES Creative\" \/>\n<meta property=\"article:modified_time\" content=\"2026-02-12T10:23:25+00:00\" \/>\n<meta name=\"twitter:card\" content=\"summary_large_image\" \/>\n<meta name=\"twitter:label1\" content=\"Dur\u00e9e de lecture estim\u00e9e\" \/>\n\t<meta name=\"twitter:data1\" content=\"2 minutes\" \/>\n<script type=\"application\/ld+json\" class=\"yoast-schema-graph\">{\"@context\":\"https:\\\/\\\/schema.org\",\"@graph\":[{\"@type\":\"WebPage\",\"@id\":\"https:\\\/\\\/ses-creative.com\\\/fr\\\/produit\\\/studio-laboratoire-a-slime\\\/\",\"url\":\"https:\\\/\\\/ses-creative.com\\\/fr\\\/produit\\\/studio-laboratoire-a-slime\\\/\",\"name\":\"Studio Laboratoire \u00e0 slime - SES Creative\",\"isPartOf\":{\"@id\":\"https:\\\/\\\/ses-creative.com\\\/#website\"},\"primaryImageOfPage\":{\"@id\":\"https:\\\/\\\/ses-creative.com\\\/fr\\\/produit\\\/studio-laboratoire-a-slime\\\/#primaryimage\"},\"image\":{\"@id\":\"https:\\\/\\\/ses-creative.com\\\/fr\\\/produit\\\/studio-laboratoire-a-slime\\\/#primaryimage\"},\"thumbnailUrl\":\"https:\\\/\\\/ses-creative.com\\\/wp-content\\\/uploads\\\/2026\\\/01\\\/251431.jpg\",\"datePublished\":\"2026-02-12T10:10:02+00:00\",\"dateModified\":\"2026-02-12T10:23:25+00:00\",\"breadcrumb\":{\"@id\":\"https:\\\/\\\/ses-creative.com\\\/fr\\\/produit\\\/studio-laboratoire-a-slime\\\/#breadcrumb\"},\"inLanguage\":\"fr-FR\",\"potentialAction\":[{\"@type\":\"ReadAction\",\"target\":[\"https:\\\/\\\/ses-creative.com\\\/fr\\\/produit\\\/studio-laboratoire-a-slime\\\/\"]}]},{\"@type\":\"ImageObject\",\"inLanguage\":\"fr-FR\",\"@id\":\"https:\\\/\\\/ses-creative.com\\\/fr\\\/produit\\\/studio-laboratoire-a-slime\\\/#primaryimage\",\"url\":\"https:\\\/\\\/ses-creative.com\\\/wp-content\\\/uploads\\\/2026\\\/01\\\/251431.jpg\",\"contentUrl\":\"https:\\\/\\\/ses-creative.com\\\/wp-content\\\/uploads\\\/2026\\\/01\\\/251431.jpg\",\"width\":1000,\"height\":1000},{\"@type\":\"BreadcrumbList\",\"@id\":\"https:\\\/\\\/ses-creative.com\\\/fr\\\/produit\\\/studio-laboratoire-a-slime\\\/#breadcrumb\",\"itemListElement\":[{\"@type\":\"ListItem\",\"position\":1,\"name\":\"Boutique\",\"item\":\"https:\\\/\\\/ses-creative.com\\\/fr\\\/boutique\\\/\"},{\"@type\":\"ListItem\",\"position\":2,\"name\":\"D\u00e9couvrir\",\"item\":\"https:\\\/\\\/ses-creative.com\\\/fr\\\/product-categorie\\\/decouvrir\\\/\"},{\"@type\":\"ListItem\",\"position\":3,\"name\":\"Studio Laboratoire \u00e0 slime\"}]},{\"@type\":\"WebSite\",\"@id\":\"https:\\\/\\\/ses-creative.com\\\/#website\",\"url\":\"https:\\\/\\\/ses-creative.com\\\/\",\"name\":\"SES Creative\",\"description\":\"\",\"publisher\":{\"@id\":\"https:\\\/\\\/ses-creative.com\\\/#organization\"},\"potentialAction\":[{\"@type\":\"SearchAction\",\"target\":{\"@type\":\"EntryPoint\",\"urlTemplate\":\"https:\\\/\\\/ses-creative.com\\\/?s={search_term_string}\"},\"query-input\":{\"@type\":\"PropertyValueSpecification\",\"valueRequired\":true,\"valueName\":\"search_term_string\"}}],\"inLanguage\":\"fr-FR\"},{\"@type\":\"Organization\",\"@id\":\"https:\\\/\\\/ses-creative.com\\\/#organization\",\"name\":\"SES Creative\",\"url\":\"https:\\\/\\\/ses-creative.com\\\/\",\"logo\":{\"@type\":\"ImageObject\",\"inLanguage\":\"fr-FR\",\"@id\":\"https:\\\/\\\/ses-creative.com\\\/#\\\/schema\\\/logo\\\/image\\\/\",\"url\":\"https:\\\/\\\/ses-creative.com\\\/wp-content\\\/uploads\\\/2025\\\/10\\\/ses-creative-logo.jpg\",\"contentUrl\":\"https:\\\/\\\/ses-creative.com\\\/wp-content\\\/uploads\\\/2025\\\/10\\\/ses-creative-logo.jpg\",\"width\":2037,\"height\":2037,\"caption\":\"SES Creative\"},\"image\":{\"@id\":\"https:\\\/\\\/ses-creative.com\\\/#\\\/schema\\\/logo\\\/image\\\/\"}}]}<\/script>\n<!-- \/ Yoast SEO plugin. -->","yoast_head_json":{"title":"Studio Laboratoire \u00e0 slime - SES Creative","robots":{"index":"index","follow":"follow","max-snippet":"max-snippet:-1","max-image-preview":"max-image-preview:large","max-video-preview":"max-video-preview:-1"},"canonical":"https:\/\/ses-creative.com\/fr\/produit\/studio-laboratoire-a-slime\/","og_locale":"fr_FR","og_type":"article","og_title":"Studio Laboratoire \u00e0 slime - SES Creative","og_description":"Fabriquez votre propre slime ! Plongez dans le monde de la science et du slime avec le Girly Science &#8211; Slime Studio Lab ! Ce superbe kit vous permet de cr\u00e9er et de m\u00e9langer votre propre slime, avec cinq jolis flacons de conservation que vous pouvez d\u00e9corer avec des autocollants paillet\u00e9s. Le processus de fabrication [&hellip;]","og_url":"https:\/\/ses-creative.com\/fr\/produit\/studio-laboratoire-a-slime\/","og_site_name":"SES Creative","article_modified_time":"2026-02-12T10:23:25+00:00","twitter_card":"summary_large_image","twitter_misc":{"Dur\u00e9e de lecture estim\u00e9e":"2 minutes"},"schema":{"@context":"https:\/\/schema.org","@graph":[{"@type":"WebPage","@id":"https:\/\/ses-creative.com\/fr\/produit\/studio-laboratoire-a-slime\/","url":"https:\/\/ses-creative.com\/fr\/produit\/studio-laboratoire-a-slime\/","name":"Studio Laboratoire \u00e0 slime - SES Creative","isPartOf":{"@id":"https:\/\/ses-creative.com\/#website"},"primaryImageOfPage":{"@id":"https:\/\/ses-creative.com\/fr\/produit\/studio-laboratoire-a-slime\/#primaryimage"},"image":{"@id":"https:\/\/ses-creative.com\/fr\/produit\/studio-laboratoire-a-slime\/#primaryimage"},"thumbnailUrl":"https:\/\/ses-creative.com\/wp-content\/uploads\/2026\/01\/251431.jpg","datePublished":"2026-02-12T10:10:02+00:00","dateModified":"2026-02-12T10:23:25+00:00","breadcrumb":{"@id":"https:\/\/ses-creative.com\/fr\/produit\/studio-laboratoire-a-slime\/#breadcrumb"},"inLanguage":"fr-FR","potentialAction":[{"@type":"ReadAction","target":["https:\/\/ses-creative.com\/fr\/produit\/studio-laboratoire-a-slime\/"]}]},{"@type":"ImageObject","inLanguage":"fr-FR","@id":"https:\/\/ses-creative.com\/fr\/produit\/studio-laboratoire-a-slime\/#primaryimage","url":"https:\/\/ses-creative.com\/wp-content\/uploads\/2026\/01\/251431.jpg","contentUrl":"https:\/\/ses-creative.com\/wp-content\/uploads\/2026\/01\/251431.jpg","width":1000,"height":1000},{"@type":"BreadcrumbList","@id":"https:\/\/ses-creative.com\/fr\/produit\/studio-laboratoire-a-slime\/#breadcrumb","itemListElement":[{"@type":"ListItem","position":1,"name":"Boutique","item":"https:\/\/ses-creative.com\/fr\/boutique\/"},{"@type":"ListItem","position":2,"name":"D\u00e9couvrir","item":"https:\/\/ses-creative.com\/fr\/product-categorie\/decouvrir\/"},{"@type":"ListItem","position":3,"name":"Studio Laboratoire \u00e0 slime"}]},{"@type":"WebSite","@id":"https:\/\/ses-creative.com\/#website","url":"https:\/\/ses-creative.com\/","name":"SES Creative","description":"","publisher":{"@id":"https:\/\/ses-creative.com\/#organization"},"potentialAction":[{"@type":"SearchAction","target":{"@type":"EntryPoint","urlTemplate":"https:\/\/ses-creative.com\/?s={search_term_string}"},"query-input":{"@type":"PropertyValueSpecification","valueRequired":true,"valueName":"search_term_string"}}],"inLanguage":"fr-FR"},{"@type":"Organization","@id":"https:\/\/ses-creative.com\/#organization","name":"SES Creative","url":"https:\/\/ses-creative.com\/","logo":{"@type":"ImageObject","inLanguage":"fr-FR","@id":"https:\/\/ses-creative.com\/#\/schema\/logo\/image\/","url":"https:\/\/ses-creative.com\/wp-content\/uploads\/2025\/10\/ses-creative-logo.jpg","contentUrl":"https:\/\/ses-creative.com\/wp-content\/uploads\/2025\/10\/ses-creative-logo.jpg","width":2037,"height":2037,"caption":"SES Creative"},"image":{"@id":"https:\/\/ses-creative.com\/#\/schema\/logo\/image\/"}}]}},"_links":{"self":[{"href":"https:\/\/ses-creative.com\/fr\/wp-json\/wp\/v2\/product\/118513","targetHints":{"allow":["GET"]}}],"collection":[{"href":"https:\/\/ses-creative.com\/fr\/wp-json\/wp\/v2\/product"}],"about":[{"href":"https:\/\/ses-creative.com\/fr\/wp-json\/wp\/v2\/types\/product"}],"replies":[{"embeddable":true,"href":"https:\/\/ses-creative.com\/fr\/wp-json\/wp\/v2\/comments?post=118513"}],"wp:featuredmedia":[{"embeddable":true,"href":"https:\/\/ses-creative.com\/fr\/wp-json\/wp\/v2\/media\/106296"}],"wp:attachment":[{"href":"https:\/\/ses-creative.com\/fr\/wp-json\/wp\/v2\/media?parent=118513"}],"wp:term":[{"taxonomy":"product_brand","embeddable":true,"href":"https:\/\/ses-creative.com\/fr\/wp-json\/wp\/v2\/product_brand?post=118513"},{"taxonomy":"product_cat","embeddable":true,"href":"https:\/\/ses-creative.com\/fr\/wp-json\/wp\/v2\/product_cat?post=118513"},{"taxonomy":"product_tag","embeddable":true,"href":"https:\/\/ses-creative.com\/fr\/wp-json\/wp\/v2\/product_tag?post=118513"}],"curies":[{"name":"wp","href":"https:\/\/api.w.org\/{rel}","templated":true}]}}