











{"id":118512,"date":"2026-02-12T10:10:01","date_gmt":"2026-02-12T10:10:01","guid":{"rendered":"https:\/\/ses-creative.com\/?post_type=product&#038;p=118512"},"modified":"2026-02-12T10:23:25","modified_gmt":"2026-02-12T10:23:25","slug":"studio-laboratoire-des-savons","status":"publish","type":"product","link":"https:\/\/ses-creative.com\/fr\/produit\/studio-laboratoire-des-savons\/","title":{"rendered":"Studio Laboratoire des savons"},"content":{"rendered":"<p>Fabriquez vos propres savons !<br \/>\nEntrez dans le monde des scientifiques et fabriquez votre propre savon avec le Soap Studio Lab ! Ce fantastique kit vous permet de fabriquer trois types de savon : du savon en gel, du savon solide et du savon liquide, tous \u00e0 partir d&rsquo;un seul ingr\u00e9dient de base. De plus, vous pouvez les conserver dans un adorable flacon en forme de c\u0153ur avec bouchon. C&rsquo;est l&rsquo;activit\u00e9 parfaite pour tous ceux qui aiment exp\u00e9rimenter et fabriquer leurs propres produits de bain.<br \/>\nCe qui rend ce kit g\u00e9nial<br \/>\n&#8211;    D\u00e9couvrez le plaisir de fabriquer vos propres savons<br \/>\n&#8211;    Fabriquez diff\u00e9rents types de savons avec ce kit : savon gel, savon solide ou savon liquide<br \/>\n&#8211;    Stimule la curiosit\u00e9 pour les exp\u00e9riences et la science<br \/>\n&#8211;    Combinez les diff\u00e9rentes couleurs pour cr\u00e9er vos propres savons uniques<br \/>\n&#8211;    Jouet cr\u00e9atif<br \/>\nExp\u00e9rimentez avec le laboratoire de savon<br \/>\nCommencez par faire fondre les cubes de savon et ajoutez votre parfum pr\u00e9f\u00e9r\u00e9. Versez le savon fondu dans les moules pour cr\u00e9er des formes amusantes, ou m\u00e9langez-le avec de l&rsquo;eau pour cr\u00e9er du savon gel ou liquide. Utilisez le b\u00e2tonnet et la pipette pour obtenir la consistance parfaite et conservez vos cr\u00e9ations dans l&rsquo;adorable flacon en forme de c\u0153ur.<br \/>\nContenu du kit<br \/>\n&#8211;    Diff\u00e9rents moules \u00e0 savon<br \/>\n&#8211;    Diff\u00e9rentes couleurs et parfums pour cr\u00e9er les savons les plus amusants<br \/>\n&#8211;    Bloc de savon<br \/>\n&#8211;    Flacon de conservation<br \/>\n&#8211;    Tout le n\u00e9cessaire et les instructions pour cr\u00e9er des savons<br \/>\nPourquoi choisir SES Creative ?<br \/>\nChez SES Creative, nous accordons une grande importance \u00e0 la s\u00e9curit\u00e9. C&rsquo;est pourquoi nos produits sont fabriqu\u00e9s et test\u00e9s dans notre usine aux Pays-Bas, conform\u00e9ment aux normes de s\u00e9curit\u00e9 europ\u00e9ennes les plus strictes. Les jouets SES Creative sont source de plaisir et permettent aux enfants d&rsquo;\u00eatre fiers de leur travail, ce qui stimule leur cr\u00e9ativit\u00e9 et leur d\u00e9veloppement.<br \/>\nPlongez dans l&rsquo;univers de la fabrication de savon avec le Soap Studio Lab<br \/>\nCr\u00e9ez, exp\u00e9rimentez et profitez de la satisfaction de fabriquer et d&rsquo;utiliser vos propres savons. Voyons voir quels magnifiques chefs-d&rsquo;\u0153uvre vous pouvez cr\u00e9er aujourd&rsquo;hui !<\/p>\n","protected":false},"excerpt":{"rendered":"<p>Fabriquez vos propres savons ! Entrez dans le monde des scientifiques et fabriquez votre propre savon avec le Soap Studio Lab ! Ce fantastique kit vous permet de fabriquer trois types de savon : du savon en gel, du savon solide et du savon liquide, tous \u00e0 partir d&rsquo;un seul ingr\u00e9dient de base. De plus, [&hellip;]<\/p>\n","protected":false},"featured_media":106276,"comment_status":"closed","ping_status":"closed","template":"","meta":{"_acf_changed":false},"product_brand":[],"product_cat":[128],"product_tag":[],"class_list":{"0":"post-118512","1":"product","2":"type-product","3":"status-publish","4":"has-post-thumbnail","6":"product_cat-decouvrir","7":"pa_collecties-studio-lab","8":"pa_leeftijd-filter-6-ans","9":"pa_meest-populair-bij-garcons-filles","11":"first","12":"instock","13":"shipping-taxable","14":"product-type-simple"},"acf":[],"yoast_head":"<!-- This site is optimized with the Yoast SEO plugin v27.4 - https:\/\/yoast.com\/product\/yoast-seo-wordpress\/ -->\n<title>Studio Laboratoire des savons - SES Creative<\/title>\n<meta name=\"robots\" content=\"index, follow, max-snippet:-1, max-image-preview:large, max-video-preview:-1\" \/>\n<link rel=\"canonical\" href=\"https:\/\/ses-creative.com\/fr\/produit\/studio-laboratoire-des-savons\/\" \/>\n<meta property=\"og:locale\" content=\"fr_FR\" \/>\n<meta property=\"og:type\" content=\"article\" \/>\n<meta property=\"og:title\" content=\"Studio Laboratoire des savons - SES Creative\" \/>\n<meta property=\"og:description\" content=\"Fabriquez vos propres savons ! Entrez dans le monde des scientifiques et fabriquez votre propre savon avec le Soap Studio Lab ! Ce fantastique kit vous permet de fabriquer trois types de savon : du savon en gel, du savon solide et du savon liquide, tous \u00e0 partir d&rsquo;un seul ingr\u00e9dient de base. De plus, [&hellip;]\" \/>\n<meta property=\"og:url\" content=\"https:\/\/ses-creative.com\/fr\/produit\/studio-laboratoire-des-savons\/\" \/>\n<meta property=\"og:site_name\" content=\"SES Creative\" \/>\n<meta property=\"article:modified_time\" content=\"2026-02-12T10:23:25+00:00\" \/>\n<meta name=\"twitter:card\" content=\"summary_large_image\" \/>\n<meta name=\"twitter:label1\" content=\"Dur\u00e9e de lecture estim\u00e9e\" \/>\n\t<meta name=\"twitter:data1\" content=\"2 minutes\" \/>\n<script type=\"application\/ld+json\" class=\"yoast-schema-graph\">{\"@context\":\"https:\\\/\\\/schema.org\",\"@graph\":[{\"@type\":\"WebPage\",\"@id\":\"https:\\\/\\\/ses-creative.com\\\/fr\\\/produit\\\/studio-laboratoire-des-savons\\\/\",\"url\":\"https:\\\/\\\/ses-creative.com\\\/fr\\\/produit\\\/studio-laboratoire-des-savons\\\/\",\"name\":\"Studio Laboratoire des savons - SES Creative\",\"isPartOf\":{\"@id\":\"https:\\\/\\\/ses-creative.com\\\/#website\"},\"primaryImageOfPage\":{\"@id\":\"https:\\\/\\\/ses-creative.com\\\/fr\\\/produit\\\/studio-laboratoire-des-savons\\\/#primaryimage\"},\"image\":{\"@id\":\"https:\\\/\\\/ses-creative.com\\\/fr\\\/produit\\\/studio-laboratoire-des-savons\\\/#primaryimage\"},\"thumbnailUrl\":\"https:\\\/\\\/ses-creative.com\\\/wp-content\\\/uploads\\\/2026\\\/01\\\/251421.jpg\",\"datePublished\":\"2026-02-12T10:10:01+00:00\",\"dateModified\":\"2026-02-12T10:23:25+00:00\",\"breadcrumb\":{\"@id\":\"https:\\\/\\\/ses-creative.com\\\/fr\\\/produit\\\/studio-laboratoire-des-savons\\\/#breadcrumb\"},\"inLanguage\":\"fr-FR\",\"potentialAction\":[{\"@type\":\"ReadAction\",\"target\":[\"https:\\\/\\\/ses-creative.com\\\/fr\\\/produit\\\/studio-laboratoire-des-savons\\\/\"]}]},{\"@type\":\"ImageObject\",\"inLanguage\":\"fr-FR\",\"@id\":\"https:\\\/\\\/ses-creative.com\\\/fr\\\/produit\\\/studio-laboratoire-des-savons\\\/#primaryimage\",\"url\":\"https:\\\/\\\/ses-creative.com\\\/wp-content\\\/uploads\\\/2026\\\/01\\\/251421.jpg\",\"contentUrl\":\"https:\\\/\\\/ses-creative.com\\\/wp-content\\\/uploads\\\/2026\\\/01\\\/251421.jpg\",\"width\":1000,\"height\":1000},{\"@type\":\"BreadcrumbList\",\"@id\":\"https:\\\/\\\/ses-creative.com\\\/fr\\\/produit\\\/studio-laboratoire-des-savons\\\/#breadcrumb\",\"itemListElement\":[{\"@type\":\"ListItem\",\"position\":1,\"name\":\"Boutique\",\"item\":\"https:\\\/\\\/ses-creative.com\\\/fr\\\/boutique\\\/\"},{\"@type\":\"ListItem\",\"position\":2,\"name\":\"D\u00e9couvrir\",\"item\":\"https:\\\/\\\/ses-creative.com\\\/fr\\\/product-categorie\\\/decouvrir\\\/\"},{\"@type\":\"ListItem\",\"position\":3,\"name\":\"Studio Laboratoire des savons\"}]},{\"@type\":\"WebSite\",\"@id\":\"https:\\\/\\\/ses-creative.com\\\/#website\",\"url\":\"https:\\\/\\\/ses-creative.com\\\/\",\"name\":\"SES Creative\",\"description\":\"\",\"publisher\":{\"@id\":\"https:\\\/\\\/ses-creative.com\\\/#organization\"},\"potentialAction\":[{\"@type\":\"SearchAction\",\"target\":{\"@type\":\"EntryPoint\",\"urlTemplate\":\"https:\\\/\\\/ses-creative.com\\\/?s={search_term_string}\"},\"query-input\":{\"@type\":\"PropertyValueSpecification\",\"valueRequired\":true,\"valueName\":\"search_term_string\"}}],\"inLanguage\":\"fr-FR\"},{\"@type\":\"Organization\",\"@id\":\"https:\\\/\\\/ses-creative.com\\\/#organization\",\"name\":\"SES Creative\",\"url\":\"https:\\\/\\\/ses-creative.com\\\/\",\"logo\":{\"@type\":\"ImageObject\",\"inLanguage\":\"fr-FR\",\"@id\":\"https:\\\/\\\/ses-creative.com\\\/#\\\/schema\\\/logo\\\/image\\\/\",\"url\":\"https:\\\/\\\/ses-creative.com\\\/wp-content\\\/uploads\\\/2025\\\/10\\\/ses-creative-logo.jpg\",\"contentUrl\":\"https:\\\/\\\/ses-creative.com\\\/wp-content\\\/uploads\\\/2025\\\/10\\\/ses-creative-logo.jpg\",\"width\":2037,\"height\":2037,\"caption\":\"SES Creative\"},\"image\":{\"@id\":\"https:\\\/\\\/ses-creative.com\\\/#\\\/schema\\\/logo\\\/image\\\/\"}}]}<\/script>\n<!-- \/ Yoast SEO plugin. -->","yoast_head_json":{"title":"Studio Laboratoire des savons - SES Creative","robots":{"index":"index","follow":"follow","max-snippet":"max-snippet:-1","max-image-preview":"max-image-preview:large","max-video-preview":"max-video-preview:-1"},"canonical":"https:\/\/ses-creative.com\/fr\/produit\/studio-laboratoire-des-savons\/","og_locale":"fr_FR","og_type":"article","og_title":"Studio Laboratoire des savons - SES Creative","og_description":"Fabriquez vos propres savons ! Entrez dans le monde des scientifiques et fabriquez votre propre savon avec le Soap Studio Lab ! Ce fantastique kit vous permet de fabriquer trois types de savon : du savon en gel, du savon solide et du savon liquide, tous \u00e0 partir d&rsquo;un seul ingr\u00e9dient de base. De plus, [&hellip;]","og_url":"https:\/\/ses-creative.com\/fr\/produit\/studio-laboratoire-des-savons\/","og_site_name":"SES Creative","article_modified_time":"2026-02-12T10:23:25+00:00","twitter_card":"summary_large_image","twitter_misc":{"Dur\u00e9e de lecture estim\u00e9e":"2 minutes"},"schema":{"@context":"https:\/\/schema.org","@graph":[{"@type":"WebPage","@id":"https:\/\/ses-creative.com\/fr\/produit\/studio-laboratoire-des-savons\/","url":"https:\/\/ses-creative.com\/fr\/produit\/studio-laboratoire-des-savons\/","name":"Studio Laboratoire des savons - SES Creative","isPartOf":{"@id":"https:\/\/ses-creative.com\/#website"},"primaryImageOfPage":{"@id":"https:\/\/ses-creative.com\/fr\/produit\/studio-laboratoire-des-savons\/#primaryimage"},"image":{"@id":"https:\/\/ses-creative.com\/fr\/produit\/studio-laboratoire-des-savons\/#primaryimage"},"thumbnailUrl":"https:\/\/ses-creative.com\/wp-content\/uploads\/2026\/01\/251421.jpg","datePublished":"2026-02-12T10:10:01+00:00","dateModified":"2026-02-12T10:23:25+00:00","breadcrumb":{"@id":"https:\/\/ses-creative.com\/fr\/produit\/studio-laboratoire-des-savons\/#breadcrumb"},"inLanguage":"fr-FR","potentialAction":[{"@type":"ReadAction","target":["https:\/\/ses-creative.com\/fr\/produit\/studio-laboratoire-des-savons\/"]}]},{"@type":"ImageObject","inLanguage":"fr-FR","@id":"https:\/\/ses-creative.com\/fr\/produit\/studio-laboratoire-des-savons\/#primaryimage","url":"https:\/\/ses-creative.com\/wp-content\/uploads\/2026\/01\/251421.jpg","contentUrl":"https:\/\/ses-creative.com\/wp-content\/uploads\/2026\/01\/251421.jpg","width":1000,"height":1000},{"@type":"BreadcrumbList","@id":"https:\/\/ses-creative.com\/fr\/produit\/studio-laboratoire-des-savons\/#breadcrumb","itemListElement":[{"@type":"ListItem","position":1,"name":"Boutique","item":"https:\/\/ses-creative.com\/fr\/boutique\/"},{"@type":"ListItem","position":2,"name":"D\u00e9couvrir","item":"https:\/\/ses-creative.com\/fr\/product-categorie\/decouvrir\/"},{"@type":"ListItem","position":3,"name":"Studio Laboratoire des savons"}]},{"@type":"WebSite","@id":"https:\/\/ses-creative.com\/#website","url":"https:\/\/ses-creative.com\/","name":"SES Creative","description":"","publisher":{"@id":"https:\/\/ses-creative.com\/#organization"},"potentialAction":[{"@type":"SearchAction","target":{"@type":"EntryPoint","urlTemplate":"https:\/\/ses-creative.com\/?s={search_term_string}"},"query-input":{"@type":"PropertyValueSpecification","valueRequired":true,"valueName":"search_term_string"}}],"inLanguage":"fr-FR"},{"@type":"Organization","@id":"https:\/\/ses-creative.com\/#organization","name":"SES Creative","url":"https:\/\/ses-creative.com\/","logo":{"@type":"ImageObject","inLanguage":"fr-FR","@id":"https:\/\/ses-creative.com\/#\/schema\/logo\/image\/","url":"https:\/\/ses-creative.com\/wp-content\/uploads\/2025\/10\/ses-creative-logo.jpg","contentUrl":"https:\/\/ses-creative.com\/wp-content\/uploads\/2025\/10\/ses-creative-logo.jpg","width":2037,"height":2037,"caption":"SES Creative"},"image":{"@id":"https:\/\/ses-creative.com\/#\/schema\/logo\/image\/"}}]}},"_links":{"self":[{"href":"https:\/\/ses-creative.com\/fr\/wp-json\/wp\/v2\/product\/118512","targetHints":{"allow":["GET"]}}],"collection":[{"href":"https:\/\/ses-creative.com\/fr\/wp-json\/wp\/v2\/product"}],"about":[{"href":"https:\/\/ses-creative.com\/fr\/wp-json\/wp\/v2\/types\/product"}],"replies":[{"embeddable":true,"href":"https:\/\/ses-creative.com\/fr\/wp-json\/wp\/v2\/comments?post=118512"}],"wp:featuredmedia":[{"embeddable":true,"href":"https:\/\/ses-creative.com\/fr\/wp-json\/wp\/v2\/media\/106276"}],"wp:attachment":[{"href":"https:\/\/ses-creative.com\/fr\/wp-json\/wp\/v2\/media?parent=118512"}],"wp:term":[{"taxonomy":"product_brand","embeddable":true,"href":"https:\/\/ses-creative.com\/fr\/wp-json\/wp\/v2\/product_brand?post=118512"},{"taxonomy":"product_cat","embeddable":true,"href":"https:\/\/ses-creative.com\/fr\/wp-json\/wp\/v2\/product_cat?post=118512"},{"taxonomy":"product_tag","embeddable":true,"href":"https:\/\/ses-creative.com\/fr\/wp-json\/wp\/v2\/product_tag?post=118512"}],"curies":[{"name":"wp","href":"https:\/\/api.w.org\/{rel}","templated":true}]}}