











{"id":118511,"date":"2026-02-12T10:10:01","date_gmt":"2026-02-12T10:10:01","guid":{"rendered":"https:\/\/ses-creative.com\/?post_type=product&#038;p=118511"},"modified":"2026-02-12T10:23:25","modified_gmt":"2026-02-12T10:23:25","slug":"studio-laboratoire-des-ongles","status":"publish","type":"product","link":"https:\/\/ses-creative.com\/fr\/produit\/studio-laboratoire-des-ongles\/","title":{"rendered":"Studio Laboratoire des ongles"},"content":{"rendered":"<p>Cr\u00e9ez votre propre vernis \u00e0 ongles !<br \/>\nD\u00e9couvrez la magie de la science et de la beaut\u00e9 avec le Girly Science &#8211; Nail Studio Lab ! Ce kit passionnant vous permet de cr\u00e9er votre propre vernis \u00e0 ongles, de m\u00e9langer les couleurs et de fabriquer du vernis \u00e0 paillettes. Tout ce dont vous avez besoin pour votre propre salon de manucure est inclus. Ce n&rsquo;est pas seulement amusant, c&rsquo;est aussi un excellent moyen de d\u00e9velopper vos comp\u00e9tences cr\u00e9atives. M\u00e9langez les couleurs, ajoutez des paillettes et cr\u00e9ez votre propre vernis \u00e0 ongles unique.<br \/>\nCe qui rend ce kit g\u00e9nial<br \/>\n&#8211;    Exp\u00e9rimentez avec le Nail Studio Lab et cr\u00e9ez votre propre vernis \u00e0 ongles<br \/>\n&#8211;    M\u00e9langez les diff\u00e9rentes couleurs pour cr\u00e9er votre propre vernis \u00e0 ongles unique<br \/>\n&#8211;    Ce kit encourage la curiosit\u00e9 scientifique et l&rsquo;exp\u00e9rimentation<br \/>\n&#8211;    Comprend des autocollants color\u00e9s et des paillettes bio<br \/>\n&#8211;    Vernis \u00e0 ongles super lavable et peel-off<br \/>\nExp\u00e9rimentez avec votre propre studio de manucure<br \/>\nLe Nail Studio Lab combine le monde de la science et celui de la beaut\u00e9. Il ne s&rsquo;agit pas simplement de bricolage, mais d&rsquo;une aventure au cours de laquelle vous apprendrez \u00e0 cr\u00e9er votre propre vernis \u00e0 ongles, \u00e0 m\u00e9langer les couleurs et \u00e0 r\u00e9aliser de magnifiques cr\u00e9ations scintillantes. Pour tous ceux qui aiment les beaux ongles, c&rsquo;est le kit id\u00e9al ! Le vernis \u00e0 ongles super lavable et pelable vous permet de retirer facilement vos cr\u00e9ations et de recommencer.<br \/>\nContenu du kit<br \/>\n&#8211;    5 pots de vernis \u00e0 ongles<br \/>\n&#8211;    Diff\u00e9rentes couleurs pour cr\u00e9er du vernis \u00e0 ongles<br \/>\n&#8211;    Vernis \u00e0 ongles paillet\u00e9<br \/>\n&#8211;    Autocollants<br \/>\n&#8211;    Mat\u00e9riel n\u00e9cessaire pour la fabrication et instructions<br \/>\nPourquoi choisir SES Creative ?<br \/>\nChez SES Creative, nous accordons une grande importance \u00e0 la s\u00e9curit\u00e9. C&rsquo;est pourquoi nos produits sont fabriqu\u00e9s et test\u00e9s dans notre usine aux Pays-Bas, conform\u00e9ment aux normes de s\u00e9curit\u00e9 europ\u00e9ennes les plus strictes. Les jouets SES Creative sont source de plaisir et permettent aux enfants d&rsquo;\u00eatre fiers de leur travail, ce qui stimule leur cr\u00e9ativit\u00e9 et leur d\u00e9veloppement.<br \/>\nCommencez d\u00e8s aujourd&rsquo;hui \u00e0 cr\u00e9er votre propre vernis \u00e0 ongles et faites briller vos ongles !<br \/>\nD\u00e9couvrez \u00e0 quel point il est amusant et facile de cr\u00e9er vos propres produits de beaut\u00e9 avec le Girly Science &#8211; Nail Studio Lab. Laissez libre cours \u00e0 votre cr\u00e9ativit\u00e9 et transformez vos ongles en \u0153uvres d&rsquo;art !<\/p>\n","protected":false},"excerpt":{"rendered":"<p>Cr\u00e9ez votre propre vernis \u00e0 ongles ! D\u00e9couvrez la magie de la science et de la beaut\u00e9 avec le Girly Science &#8211; Nail Studio Lab ! Ce kit passionnant vous permet de cr\u00e9er votre propre vernis \u00e0 ongles, de m\u00e9langer les couleurs et de fabriquer du vernis \u00e0 paillettes. Tout ce dont vous avez besoin [&hellip;]<\/p>\n","protected":false},"featured_media":106256,"comment_status":"closed","ping_status":"closed","template":"","meta":{"_acf_changed":false},"product_brand":[],"product_cat":[128],"product_tag":[],"class_list":{"0":"post-118511","1":"product","2":"type-product","3":"status-publish","4":"has-post-thumbnail","6":"product_cat-decouvrir","7":"pa_collecties-studio-lab","8":"pa_leeftijd-filter-6-ans","9":"pa_meest-populair-bij-garcons-filles","11":"first","12":"instock","13":"shipping-taxable","14":"product-type-simple"},"acf":[],"yoast_head":"<!-- This site is optimized with the Yoast SEO plugin v27.4 - https:\/\/yoast.com\/product\/yoast-seo-wordpress\/ -->\n<title>Studio Laboratoire des ongles - SES Creative<\/title>\n<meta name=\"robots\" content=\"index, follow, max-snippet:-1, max-image-preview:large, max-video-preview:-1\" \/>\n<link rel=\"canonical\" href=\"https:\/\/ses-creative.com\/fr\/produit\/studio-laboratoire-des-ongles\/\" \/>\n<meta property=\"og:locale\" content=\"fr_FR\" \/>\n<meta property=\"og:type\" content=\"article\" \/>\n<meta property=\"og:title\" content=\"Studio Laboratoire des ongles - SES Creative\" \/>\n<meta property=\"og:description\" content=\"Cr\u00e9ez votre propre vernis \u00e0 ongles ! D\u00e9couvrez la magie de la science et de la beaut\u00e9 avec le Girly Science &#8211; Nail Studio Lab ! Ce kit passionnant vous permet de cr\u00e9er votre propre vernis \u00e0 ongles, de m\u00e9langer les couleurs et de fabriquer du vernis \u00e0 paillettes. Tout ce dont vous avez besoin [&hellip;]\" \/>\n<meta property=\"og:url\" content=\"https:\/\/ses-creative.com\/fr\/produit\/studio-laboratoire-des-ongles\/\" \/>\n<meta property=\"og:site_name\" content=\"SES Creative\" \/>\n<meta property=\"article:modified_time\" content=\"2026-02-12T10:23:25+00:00\" \/>\n<meta name=\"twitter:card\" content=\"summary_large_image\" \/>\n<meta name=\"twitter:label1\" content=\"Dur\u00e9e de lecture estim\u00e9e\" \/>\n\t<meta name=\"twitter:data1\" content=\"2 minutes\" \/>\n<script type=\"application\/ld+json\" class=\"yoast-schema-graph\">{\"@context\":\"https:\\\/\\\/schema.org\",\"@graph\":[{\"@type\":\"WebPage\",\"@id\":\"https:\\\/\\\/ses-creative.com\\\/fr\\\/produit\\\/studio-laboratoire-des-ongles\\\/\",\"url\":\"https:\\\/\\\/ses-creative.com\\\/fr\\\/produit\\\/studio-laboratoire-des-ongles\\\/\",\"name\":\"Studio Laboratoire des ongles - SES Creative\",\"isPartOf\":{\"@id\":\"https:\\\/\\\/ses-creative.com\\\/#website\"},\"primaryImageOfPage\":{\"@id\":\"https:\\\/\\\/ses-creative.com\\\/fr\\\/produit\\\/studio-laboratoire-des-ongles\\\/#primaryimage\"},\"image\":{\"@id\":\"https:\\\/\\\/ses-creative.com\\\/fr\\\/produit\\\/studio-laboratoire-des-ongles\\\/#primaryimage\"},\"thumbnailUrl\":\"https:\\\/\\\/ses-creative.com\\\/wp-content\\\/uploads\\\/2026\\\/01\\\/251411.jpg\",\"datePublished\":\"2026-02-12T10:10:01+00:00\",\"dateModified\":\"2026-02-12T10:23:25+00:00\",\"breadcrumb\":{\"@id\":\"https:\\\/\\\/ses-creative.com\\\/fr\\\/produit\\\/studio-laboratoire-des-ongles\\\/#breadcrumb\"},\"inLanguage\":\"fr-FR\",\"potentialAction\":[{\"@type\":\"ReadAction\",\"target\":[\"https:\\\/\\\/ses-creative.com\\\/fr\\\/produit\\\/studio-laboratoire-des-ongles\\\/\"]}]},{\"@type\":\"ImageObject\",\"inLanguage\":\"fr-FR\",\"@id\":\"https:\\\/\\\/ses-creative.com\\\/fr\\\/produit\\\/studio-laboratoire-des-ongles\\\/#primaryimage\",\"url\":\"https:\\\/\\\/ses-creative.com\\\/wp-content\\\/uploads\\\/2026\\\/01\\\/251411.jpg\",\"contentUrl\":\"https:\\\/\\\/ses-creative.com\\\/wp-content\\\/uploads\\\/2026\\\/01\\\/251411.jpg\",\"width\":1000,\"height\":1000},{\"@type\":\"BreadcrumbList\",\"@id\":\"https:\\\/\\\/ses-creative.com\\\/fr\\\/produit\\\/studio-laboratoire-des-ongles\\\/#breadcrumb\",\"itemListElement\":[{\"@type\":\"ListItem\",\"position\":1,\"name\":\"Boutique\",\"item\":\"https:\\\/\\\/ses-creative.com\\\/fr\\\/boutique\\\/\"},{\"@type\":\"ListItem\",\"position\":2,\"name\":\"D\u00e9couvrir\",\"item\":\"https:\\\/\\\/ses-creative.com\\\/fr\\\/product-categorie\\\/decouvrir\\\/\"},{\"@type\":\"ListItem\",\"position\":3,\"name\":\"Studio Laboratoire des ongles\"}]},{\"@type\":\"WebSite\",\"@id\":\"https:\\\/\\\/ses-creative.com\\\/#website\",\"url\":\"https:\\\/\\\/ses-creative.com\\\/\",\"name\":\"SES Creative\",\"description\":\"\",\"publisher\":{\"@id\":\"https:\\\/\\\/ses-creative.com\\\/#organization\"},\"potentialAction\":[{\"@type\":\"SearchAction\",\"target\":{\"@type\":\"EntryPoint\",\"urlTemplate\":\"https:\\\/\\\/ses-creative.com\\\/?s={search_term_string}\"},\"query-input\":{\"@type\":\"PropertyValueSpecification\",\"valueRequired\":true,\"valueName\":\"search_term_string\"}}],\"inLanguage\":\"fr-FR\"},{\"@type\":\"Organization\",\"@id\":\"https:\\\/\\\/ses-creative.com\\\/#organization\",\"name\":\"SES Creative\",\"url\":\"https:\\\/\\\/ses-creative.com\\\/\",\"logo\":{\"@type\":\"ImageObject\",\"inLanguage\":\"fr-FR\",\"@id\":\"https:\\\/\\\/ses-creative.com\\\/#\\\/schema\\\/logo\\\/image\\\/\",\"url\":\"https:\\\/\\\/ses-creative.com\\\/wp-content\\\/uploads\\\/2025\\\/10\\\/ses-creative-logo.jpg\",\"contentUrl\":\"https:\\\/\\\/ses-creative.com\\\/wp-content\\\/uploads\\\/2025\\\/10\\\/ses-creative-logo.jpg\",\"width\":2037,\"height\":2037,\"caption\":\"SES Creative\"},\"image\":{\"@id\":\"https:\\\/\\\/ses-creative.com\\\/#\\\/schema\\\/logo\\\/image\\\/\"}}]}<\/script>\n<!-- \/ Yoast SEO plugin. -->","yoast_head_json":{"title":"Studio Laboratoire des ongles - SES Creative","robots":{"index":"index","follow":"follow","max-snippet":"max-snippet:-1","max-image-preview":"max-image-preview:large","max-video-preview":"max-video-preview:-1"},"canonical":"https:\/\/ses-creative.com\/fr\/produit\/studio-laboratoire-des-ongles\/","og_locale":"fr_FR","og_type":"article","og_title":"Studio Laboratoire des ongles - SES Creative","og_description":"Cr\u00e9ez votre propre vernis \u00e0 ongles ! D\u00e9couvrez la magie de la science et de la beaut\u00e9 avec le Girly Science &#8211; Nail Studio Lab ! Ce kit passionnant vous permet de cr\u00e9er votre propre vernis \u00e0 ongles, de m\u00e9langer les couleurs et de fabriquer du vernis \u00e0 paillettes. Tout ce dont vous avez besoin [&hellip;]","og_url":"https:\/\/ses-creative.com\/fr\/produit\/studio-laboratoire-des-ongles\/","og_site_name":"SES Creative","article_modified_time":"2026-02-12T10:23:25+00:00","twitter_card":"summary_large_image","twitter_misc":{"Dur\u00e9e de lecture estim\u00e9e":"2 minutes"},"schema":{"@context":"https:\/\/schema.org","@graph":[{"@type":"WebPage","@id":"https:\/\/ses-creative.com\/fr\/produit\/studio-laboratoire-des-ongles\/","url":"https:\/\/ses-creative.com\/fr\/produit\/studio-laboratoire-des-ongles\/","name":"Studio Laboratoire des ongles - SES Creative","isPartOf":{"@id":"https:\/\/ses-creative.com\/#website"},"primaryImageOfPage":{"@id":"https:\/\/ses-creative.com\/fr\/produit\/studio-laboratoire-des-ongles\/#primaryimage"},"image":{"@id":"https:\/\/ses-creative.com\/fr\/produit\/studio-laboratoire-des-ongles\/#primaryimage"},"thumbnailUrl":"https:\/\/ses-creative.com\/wp-content\/uploads\/2026\/01\/251411.jpg","datePublished":"2026-02-12T10:10:01+00:00","dateModified":"2026-02-12T10:23:25+00:00","breadcrumb":{"@id":"https:\/\/ses-creative.com\/fr\/produit\/studio-laboratoire-des-ongles\/#breadcrumb"},"inLanguage":"fr-FR","potentialAction":[{"@type":"ReadAction","target":["https:\/\/ses-creative.com\/fr\/produit\/studio-laboratoire-des-ongles\/"]}]},{"@type":"ImageObject","inLanguage":"fr-FR","@id":"https:\/\/ses-creative.com\/fr\/produit\/studio-laboratoire-des-ongles\/#primaryimage","url":"https:\/\/ses-creative.com\/wp-content\/uploads\/2026\/01\/251411.jpg","contentUrl":"https:\/\/ses-creative.com\/wp-content\/uploads\/2026\/01\/251411.jpg","width":1000,"height":1000},{"@type":"BreadcrumbList","@id":"https:\/\/ses-creative.com\/fr\/produit\/studio-laboratoire-des-ongles\/#breadcrumb","itemListElement":[{"@type":"ListItem","position":1,"name":"Boutique","item":"https:\/\/ses-creative.com\/fr\/boutique\/"},{"@type":"ListItem","position":2,"name":"D\u00e9couvrir","item":"https:\/\/ses-creative.com\/fr\/product-categorie\/decouvrir\/"},{"@type":"ListItem","position":3,"name":"Studio Laboratoire des ongles"}]},{"@type":"WebSite","@id":"https:\/\/ses-creative.com\/#website","url":"https:\/\/ses-creative.com\/","name":"SES Creative","description":"","publisher":{"@id":"https:\/\/ses-creative.com\/#organization"},"potentialAction":[{"@type":"SearchAction","target":{"@type":"EntryPoint","urlTemplate":"https:\/\/ses-creative.com\/?s={search_term_string}"},"query-input":{"@type":"PropertyValueSpecification","valueRequired":true,"valueName":"search_term_string"}}],"inLanguage":"fr-FR"},{"@type":"Organization","@id":"https:\/\/ses-creative.com\/#organization","name":"SES Creative","url":"https:\/\/ses-creative.com\/","logo":{"@type":"ImageObject","inLanguage":"fr-FR","@id":"https:\/\/ses-creative.com\/#\/schema\/logo\/image\/","url":"https:\/\/ses-creative.com\/wp-content\/uploads\/2025\/10\/ses-creative-logo.jpg","contentUrl":"https:\/\/ses-creative.com\/wp-content\/uploads\/2025\/10\/ses-creative-logo.jpg","width":2037,"height":2037,"caption":"SES Creative"},"image":{"@id":"https:\/\/ses-creative.com\/#\/schema\/logo\/image\/"}}]}},"_links":{"self":[{"href":"https:\/\/ses-creative.com\/fr\/wp-json\/wp\/v2\/product\/118511","targetHints":{"allow":["GET"]}}],"collection":[{"href":"https:\/\/ses-creative.com\/fr\/wp-json\/wp\/v2\/product"}],"about":[{"href":"https:\/\/ses-creative.com\/fr\/wp-json\/wp\/v2\/types\/product"}],"replies":[{"embeddable":true,"href":"https:\/\/ses-creative.com\/fr\/wp-json\/wp\/v2\/comments?post=118511"}],"wp:featuredmedia":[{"embeddable":true,"href":"https:\/\/ses-creative.com\/fr\/wp-json\/wp\/v2\/media\/106256"}],"wp:attachment":[{"href":"https:\/\/ses-creative.com\/fr\/wp-json\/wp\/v2\/media?parent=118511"}],"wp:term":[{"taxonomy":"product_brand","embeddable":true,"href":"https:\/\/ses-creative.com\/fr\/wp-json\/wp\/v2\/product_brand?post=118511"},{"taxonomy":"product_cat","embeddable":true,"href":"https:\/\/ses-creative.com\/fr\/wp-json\/wp\/v2\/product_cat?post=118511"},{"taxonomy":"product_tag","embeddable":true,"href":"https:\/\/ses-creative.com\/fr\/wp-json\/wp\/v2\/product_tag?post=118511"}],"curies":[{"name":"wp","href":"https:\/\/api.w.org\/{rel}","templated":true}]}}