











{"id":118509,"date":"2026-02-12T10:10:01","date_gmt":"2026-02-12T10:10:01","guid":{"rendered":"https:\/\/ses-creative.com\/?post_type=product&#038;p=118509"},"modified":"2026-02-12T10:23:24","modified_gmt":"2026-02-12T10:23:24","slug":"dinosaures-luisants","status":"publish","type":"product","link":"https:\/\/ses-creative.com\/fr\/produit\/dinosaures-luisants\/","title":{"rendered":"Dinosaures luisants"},"content":{"rendered":"<p>Faites entrer l\u2019univers fascinant des dinosaures dans la chambre de votre enfant avec ce coffret de dinosaures phosphorescents SES Creative. Parfait d\u00e8s 5 ans, ce set comprend 24 dinosaures lumineux \u00e0 coller facilement au mur ou au plafond gr\u00e2ce \u00e0 des autocollants double-face inclus. Il contient 6 grands dinosaures, 18 petits, ainsi qu\u2019une planche d\u2019autocollants d\u00e9coratifs avec des \u00e9toiles et des plantes. Ce jouet dinosaure lumineux aide les enfants \u00e0 d\u00e9velopper leur imagination tout en cr\u00e9ant une atmosph\u00e8re rassurante la nuit. Fabriqu\u00e9s en plastique robuste et hypoallerg\u00e9nique, les \u00e9l\u00e9ments sont sans PVC et respectent les normes europ\u00e9ennes EN-71. En plus d\u2019\u00eatre une activit\u00e9 enfant chambre amusante et simple, ce kit offre aussi une superbe d\u00e9coration personnalis\u00e9e. Id\u00e9al comme id\u00e9e cadeau gar\u00e7on 5 ans, il combine plaisir cr\u00e9atif et ambiance magique. Les enfants peuvent cr\u00e9er un d\u00e9cor pr\u00e9historique f\u00e9erique tout en s\u2019amusant, seul ou en famille, pour un moment de partage cr\u00e9atif inoubliable.<\/p>\n","protected":false},"excerpt":{"rendered":"<p>Faites entrer l\u2019univers fascinant des dinosaures dans la chambre de votre enfant avec ce coffret de dinosaures phosphorescents SES Creative. Parfait d\u00e8s 5 ans, ce set comprend 24 dinosaures lumineux \u00e0 coller facilement au mur ou au plafond gr\u00e2ce \u00e0 des autocollants double-face inclus. Il contient 6 grands dinosaures, 18 petits, ainsi qu\u2019une planche d\u2019autocollants [&hellip;]<\/p>\n","protected":false},"featured_media":107648,"comment_status":"closed","ping_status":"closed","template":"","meta":{"_acf_changed":false},"product_brand":[],"product_cat":[128],"product_tag":[],"class_list":{"0":"post-118509","1":"product","2":"type-product","3":"status-publish","4":"has-post-thumbnail","6":"product_cat-decouvrir","7":"pa_leeftijd-filter-4-6-ans","8":"pa_meest-populair-bij-garcons-filles","10":"first","11":"instock","12":"shipping-taxable","13":"product-type-simple"},"acf":[],"yoast_head":"<!-- This site is optimized with the Yoast SEO plugin v27.4 - https:\/\/yoast.com\/product\/yoast-seo-wordpress\/ -->\n<title>Dinosaures luisants - SES Creative<\/title>\n<meta name=\"robots\" content=\"index, follow, max-snippet:-1, max-image-preview:large, max-video-preview:-1\" \/>\n<link rel=\"canonical\" href=\"https:\/\/ses-creative.com\/fr\/produit\/dinosaures-luisants\/\" \/>\n<meta property=\"og:locale\" content=\"fr_FR\" \/>\n<meta property=\"og:type\" content=\"article\" \/>\n<meta property=\"og:title\" content=\"Dinosaures luisants - SES Creative\" \/>\n<meta property=\"og:description\" content=\"Faites entrer l\u2019univers fascinant des dinosaures dans la chambre de votre enfant avec ce coffret de dinosaures phosphorescents SES Creative. Parfait d\u00e8s 5 ans, ce set comprend 24 dinosaures lumineux \u00e0 coller facilement au mur ou au plafond gr\u00e2ce \u00e0 des autocollants double-face inclus. Il contient 6 grands dinosaures, 18 petits, ainsi qu\u2019une planche d\u2019autocollants [&hellip;]\" \/>\n<meta property=\"og:url\" content=\"https:\/\/ses-creative.com\/fr\/produit\/dinosaures-luisants\/\" \/>\n<meta property=\"og:site_name\" content=\"SES Creative\" \/>\n<meta property=\"article:modified_time\" content=\"2026-02-12T10:23:24+00:00\" \/>\n<meta name=\"twitter:card\" content=\"summary_large_image\" \/>\n<meta name=\"twitter:label1\" content=\"Dur\u00e9e de lecture estim\u00e9e\" \/>\n\t<meta name=\"twitter:data1\" content=\"1 minute\" \/>\n<script type=\"application\/ld+json\" class=\"yoast-schema-graph\">{\"@context\":\"https:\\\/\\\/schema.org\",\"@graph\":[{\"@type\":\"WebPage\",\"@id\":\"https:\\\/\\\/ses-creative.com\\\/fr\\\/produit\\\/dinosaures-luisants\\\/\",\"url\":\"https:\\\/\\\/ses-creative.com\\\/fr\\\/produit\\\/dinosaures-luisants\\\/\",\"name\":\"Dinosaures luisants - SES Creative\",\"isPartOf\":{\"@id\":\"https:\\\/\\\/ses-creative.com\\\/#website\"},\"primaryImageOfPage\":{\"@id\":\"https:\\\/\\\/ses-creative.com\\\/fr\\\/produit\\\/dinosaures-luisants\\\/#primaryimage\"},\"image\":{\"@id\":\"https:\\\/\\\/ses-creative.com\\\/fr\\\/produit\\\/dinosaures-luisants\\\/#primaryimage\"},\"thumbnailUrl\":\"https:\\\/\\\/ses-creative.com\\\/wp-content\\\/uploads\\\/2026\\\/01\\\/251271-1.jpg\",\"datePublished\":\"2026-02-12T10:10:01+00:00\",\"dateModified\":\"2026-02-12T10:23:24+00:00\",\"breadcrumb\":{\"@id\":\"https:\\\/\\\/ses-creative.com\\\/fr\\\/produit\\\/dinosaures-luisants\\\/#breadcrumb\"},\"inLanguage\":\"fr-FR\",\"potentialAction\":[{\"@type\":\"ReadAction\",\"target\":[\"https:\\\/\\\/ses-creative.com\\\/fr\\\/produit\\\/dinosaures-luisants\\\/\"]}]},{\"@type\":\"ImageObject\",\"inLanguage\":\"fr-FR\",\"@id\":\"https:\\\/\\\/ses-creative.com\\\/fr\\\/produit\\\/dinosaures-luisants\\\/#primaryimage\",\"url\":\"https:\\\/\\\/ses-creative.com\\\/wp-content\\\/uploads\\\/2026\\\/01\\\/251271-1.jpg\",\"contentUrl\":\"https:\\\/\\\/ses-creative.com\\\/wp-content\\\/uploads\\\/2026\\\/01\\\/251271-1.jpg\",\"width\":1000,\"height\":1000},{\"@type\":\"BreadcrumbList\",\"@id\":\"https:\\\/\\\/ses-creative.com\\\/fr\\\/produit\\\/dinosaures-luisants\\\/#breadcrumb\",\"itemListElement\":[{\"@type\":\"ListItem\",\"position\":1,\"name\":\"Boutique\",\"item\":\"https:\\\/\\\/ses-creative.com\\\/fr\\\/boutique\\\/\"},{\"@type\":\"ListItem\",\"position\":2,\"name\":\"D\u00e9couvrir\",\"item\":\"https:\\\/\\\/ses-creative.com\\\/fr\\\/product-categorie\\\/decouvrir\\\/\"},{\"@type\":\"ListItem\",\"position\":3,\"name\":\"Dinosaures luisants\"}]},{\"@type\":\"WebSite\",\"@id\":\"https:\\\/\\\/ses-creative.com\\\/#website\",\"url\":\"https:\\\/\\\/ses-creative.com\\\/\",\"name\":\"SES Creative\",\"description\":\"\",\"publisher\":{\"@id\":\"https:\\\/\\\/ses-creative.com\\\/#organization\"},\"potentialAction\":[{\"@type\":\"SearchAction\",\"target\":{\"@type\":\"EntryPoint\",\"urlTemplate\":\"https:\\\/\\\/ses-creative.com\\\/?s={search_term_string}\"},\"query-input\":{\"@type\":\"PropertyValueSpecification\",\"valueRequired\":true,\"valueName\":\"search_term_string\"}}],\"inLanguage\":\"fr-FR\"},{\"@type\":\"Organization\",\"@id\":\"https:\\\/\\\/ses-creative.com\\\/#organization\",\"name\":\"SES Creative\",\"url\":\"https:\\\/\\\/ses-creative.com\\\/\",\"logo\":{\"@type\":\"ImageObject\",\"inLanguage\":\"fr-FR\",\"@id\":\"https:\\\/\\\/ses-creative.com\\\/#\\\/schema\\\/logo\\\/image\\\/\",\"url\":\"https:\\\/\\\/ses-creative.com\\\/wp-content\\\/uploads\\\/2025\\\/10\\\/ses-creative-logo.jpg\",\"contentUrl\":\"https:\\\/\\\/ses-creative.com\\\/wp-content\\\/uploads\\\/2025\\\/10\\\/ses-creative-logo.jpg\",\"width\":2037,\"height\":2037,\"caption\":\"SES Creative\"},\"image\":{\"@id\":\"https:\\\/\\\/ses-creative.com\\\/#\\\/schema\\\/logo\\\/image\\\/\"}}]}<\/script>\n<!-- \/ Yoast SEO plugin. -->","yoast_head_json":{"title":"Dinosaures luisants - SES Creative","robots":{"index":"index","follow":"follow","max-snippet":"max-snippet:-1","max-image-preview":"max-image-preview:large","max-video-preview":"max-video-preview:-1"},"canonical":"https:\/\/ses-creative.com\/fr\/produit\/dinosaures-luisants\/","og_locale":"fr_FR","og_type":"article","og_title":"Dinosaures luisants - SES Creative","og_description":"Faites entrer l\u2019univers fascinant des dinosaures dans la chambre de votre enfant avec ce coffret de dinosaures phosphorescents SES Creative. Parfait d\u00e8s 5 ans, ce set comprend 24 dinosaures lumineux \u00e0 coller facilement au mur ou au plafond gr\u00e2ce \u00e0 des autocollants double-face inclus. Il contient 6 grands dinosaures, 18 petits, ainsi qu\u2019une planche d\u2019autocollants [&hellip;]","og_url":"https:\/\/ses-creative.com\/fr\/produit\/dinosaures-luisants\/","og_site_name":"SES Creative","article_modified_time":"2026-02-12T10:23:24+00:00","twitter_card":"summary_large_image","twitter_misc":{"Dur\u00e9e de lecture estim\u00e9e":"1 minute"},"schema":{"@context":"https:\/\/schema.org","@graph":[{"@type":"WebPage","@id":"https:\/\/ses-creative.com\/fr\/produit\/dinosaures-luisants\/","url":"https:\/\/ses-creative.com\/fr\/produit\/dinosaures-luisants\/","name":"Dinosaures luisants - SES Creative","isPartOf":{"@id":"https:\/\/ses-creative.com\/#website"},"primaryImageOfPage":{"@id":"https:\/\/ses-creative.com\/fr\/produit\/dinosaures-luisants\/#primaryimage"},"image":{"@id":"https:\/\/ses-creative.com\/fr\/produit\/dinosaures-luisants\/#primaryimage"},"thumbnailUrl":"https:\/\/ses-creative.com\/wp-content\/uploads\/2026\/01\/251271-1.jpg","datePublished":"2026-02-12T10:10:01+00:00","dateModified":"2026-02-12T10:23:24+00:00","breadcrumb":{"@id":"https:\/\/ses-creative.com\/fr\/produit\/dinosaures-luisants\/#breadcrumb"},"inLanguage":"fr-FR","potentialAction":[{"@type":"ReadAction","target":["https:\/\/ses-creative.com\/fr\/produit\/dinosaures-luisants\/"]}]},{"@type":"ImageObject","inLanguage":"fr-FR","@id":"https:\/\/ses-creative.com\/fr\/produit\/dinosaures-luisants\/#primaryimage","url":"https:\/\/ses-creative.com\/wp-content\/uploads\/2026\/01\/251271-1.jpg","contentUrl":"https:\/\/ses-creative.com\/wp-content\/uploads\/2026\/01\/251271-1.jpg","width":1000,"height":1000},{"@type":"BreadcrumbList","@id":"https:\/\/ses-creative.com\/fr\/produit\/dinosaures-luisants\/#breadcrumb","itemListElement":[{"@type":"ListItem","position":1,"name":"Boutique","item":"https:\/\/ses-creative.com\/fr\/boutique\/"},{"@type":"ListItem","position":2,"name":"D\u00e9couvrir","item":"https:\/\/ses-creative.com\/fr\/product-categorie\/decouvrir\/"},{"@type":"ListItem","position":3,"name":"Dinosaures luisants"}]},{"@type":"WebSite","@id":"https:\/\/ses-creative.com\/#website","url":"https:\/\/ses-creative.com\/","name":"SES Creative","description":"","publisher":{"@id":"https:\/\/ses-creative.com\/#organization"},"potentialAction":[{"@type":"SearchAction","target":{"@type":"EntryPoint","urlTemplate":"https:\/\/ses-creative.com\/?s={search_term_string}"},"query-input":{"@type":"PropertyValueSpecification","valueRequired":true,"valueName":"search_term_string"}}],"inLanguage":"fr-FR"},{"@type":"Organization","@id":"https:\/\/ses-creative.com\/#organization","name":"SES Creative","url":"https:\/\/ses-creative.com\/","logo":{"@type":"ImageObject","inLanguage":"fr-FR","@id":"https:\/\/ses-creative.com\/#\/schema\/logo\/image\/","url":"https:\/\/ses-creative.com\/wp-content\/uploads\/2025\/10\/ses-creative-logo.jpg","contentUrl":"https:\/\/ses-creative.com\/wp-content\/uploads\/2025\/10\/ses-creative-logo.jpg","width":2037,"height":2037,"caption":"SES Creative"},"image":{"@id":"https:\/\/ses-creative.com\/#\/schema\/logo\/image\/"}}]}},"_links":{"self":[{"href":"https:\/\/ses-creative.com\/fr\/wp-json\/wp\/v2\/product\/118509","targetHints":{"allow":["GET"]}}],"collection":[{"href":"https:\/\/ses-creative.com\/fr\/wp-json\/wp\/v2\/product"}],"about":[{"href":"https:\/\/ses-creative.com\/fr\/wp-json\/wp\/v2\/types\/product"}],"replies":[{"embeddable":true,"href":"https:\/\/ses-creative.com\/fr\/wp-json\/wp\/v2\/comments?post=118509"}],"wp:featuredmedia":[{"embeddable":true,"href":"https:\/\/ses-creative.com\/fr\/wp-json\/wp\/v2\/media\/107648"}],"wp:attachment":[{"href":"https:\/\/ses-creative.com\/fr\/wp-json\/wp\/v2\/media?parent=118509"}],"wp:term":[{"taxonomy":"product_brand","embeddable":true,"href":"https:\/\/ses-creative.com\/fr\/wp-json\/wp\/v2\/product_brand?post=118509"},{"taxonomy":"product_cat","embeddable":true,"href":"https:\/\/ses-creative.com\/fr\/wp-json\/wp\/v2\/product_cat?post=118509"},{"taxonomy":"product_tag","embeddable":true,"href":"https:\/\/ses-creative.com\/fr\/wp-json\/wp\/v2\/product_tag?post=118509"}],"curies":[{"name":"wp","href":"https:\/\/api.w.org\/{rel}","templated":true}]}}