











{"id":118507,"date":"2026-02-12T10:10:00","date_gmt":"2026-02-12T10:10:00","guid":{"rendered":"https:\/\/ses-creative.com\/?post_type=product&#038;p=118507"},"modified":"2026-02-12T10:23:24","modified_gmt":"2026-02-12T10:23:24","slug":"bombe-de-bain-dinosaure-surprise","status":"publish","type":"product","link":"https:\/\/ses-creative.com\/fr\/produit\/bombe-de-bain-dinosaure-surprise\/","title":{"rendered":"Bombe de bain dinosaure surprise"},"content":{"rendered":"<p>Une surprise dans le bain avec la bombe de bain Dino !<br \/>\nTransformez l&rsquo;heure du bain en f\u00eate avec cette boule effervescente Dino ! Lorsque vous la plongez dans l&rsquo;eau, elle p\u00e9tille et colore l&rsquo;eau. Mais ce n&rsquo;est pas tout : elle cache aussi une surprise ! Au fur et \u00e0 mesure que la boule se dissout, un petit dinosaure appara\u00eet. Parfait pour les jeunes aventuriers qui aiment les surprises et les dinosaures !<br \/>\nCe qui rend ce set g\u00e9nial<br \/>\n&#8211; D\u00e9couvrez quel dinosaure sortira de votre \u0153uf<br \/>\n&#8211;    Stimule la curiosit\u00e9 et procure du plaisir dans le bain<br \/>\n&#8211;    Lorsque la boule effervescente se dissout, un dinosaure surprise appara\u00eet<br \/>\n&#8211;    Parfait pour les enfants \u00e0 partir de 3 ans<br \/>\n&#8211;    Avec la boule effervescente dinosaure, l&rsquo;heure du bain devient encore plus amusante. Laissez la boule dans l&rsquo;eau et d\u00e9couvrez les parfums et les couleurs qui apparaissent<br \/>\nProfitez d&rsquo;une aventure effervescente dans le bain<br \/>\nAvec cette boule effervescente, chaque bain devient une aventure passionnante. Laissez la boule effervescer, observez l&rsquo;eau changer de couleur et d\u00e9couvrez quel dinosaure se cache \u00e0 l&rsquo;int\u00e9rieur. Une excellente fa\u00e7on de rendre le bain encore plus amusant tout en stimulant la curiosit\u00e9 et l&rsquo;envie de jouer. Ce set est id\u00e9al pour les parents qui souhaitent offrir \u00e0 leurs enfants une exp\u00e9rience de bain amusante et surprenante. Il offre un moyen s\u00fbr et passionnant de jouer et de d\u00e9couvrir pendant le bain.<br \/>\nContenu du set<br \/>\n&#8211;    Boule effervescente pour le bain, couleur orange\/bleu<br \/>\n&#8211;    Jouet surprise en plastique en forme de dinosaure<br \/>\nPourquoi choisir SES Creative ?<br \/>\nChez SES Creative, nous accordons une grande importance \u00e0 la s\u00e9curit\u00e9. C&rsquo;est pourquoi nos produits sont fabriqu\u00e9s et test\u00e9s dans notre usine aux Pays-Bas, conform\u00e9ment aux normes de s\u00e9curit\u00e9 europ\u00e9ennes les plus strictes. Les jouets SES Creative sont source de plaisir et permettent aux enfants d&rsquo;\u00eatre fiers de leur travail, ce qui stimule leur cr\u00e9ativit\u00e9 et leur d\u00e9veloppement.<br \/>\nCommencez d\u00e8s aujourd&rsquo;hui \u00e0 profiter des joies du bain effervescent<br \/>\nD\u00e9couvrez le plaisir des boules effervescentes et des surprises avec cette boule effervescente dinosaure pour le bain. Parfaite pour un bain plein d&rsquo;aventures et de plaisir !<\/p>\n","protected":false},"excerpt":{"rendered":"<p>Une surprise dans le bain avec la bombe de bain Dino ! Transformez l&rsquo;heure du bain en f\u00eate avec cette boule effervescente Dino ! Lorsque vous la plongez dans l&rsquo;eau, elle p\u00e9tille et colore l&rsquo;eau. Mais ce n&rsquo;est pas tout : elle cache aussi une surprise ! Au fur et \u00e0 mesure que la boule [&hellip;]<\/p>\n","protected":false},"featured_media":106176,"comment_status":"closed","ping_status":"closed","template":"","meta":{"_acf_changed":false},"product_brand":[],"product_cat":[128],"product_tag":[],"class_list":{"0":"post-118507","1":"product","2":"type-product","3":"status-publish","4":"has-post-thumbnail","6":"product_cat-decouvrir","7":"pa_leeftijd-filter-3-4-ans","8":"pa_meest-populair-bij-garcons-filles","10":"first","11":"instock","12":"shipping-taxable","13":"product-type-simple"},"acf":[],"yoast_head":"<!-- This site is optimized with the Yoast SEO plugin v27.4 - https:\/\/yoast.com\/product\/yoast-seo-wordpress\/ -->\n<title>Bombe de bain dinosaure surprise - SES Creative<\/title>\n<meta name=\"robots\" content=\"index, follow, max-snippet:-1, max-image-preview:large, max-video-preview:-1\" \/>\n<link rel=\"canonical\" href=\"https:\/\/ses-creative.com\/fr\/produit\/bombe-de-bain-dinosaure-surprise\/\" \/>\n<meta property=\"og:locale\" content=\"fr_FR\" \/>\n<meta property=\"og:type\" content=\"article\" \/>\n<meta property=\"og:title\" content=\"Bombe de bain dinosaure surprise - SES Creative\" \/>\n<meta property=\"og:description\" content=\"Une surprise dans le bain avec la bombe de bain Dino ! Transformez l&rsquo;heure du bain en f\u00eate avec cette boule effervescente Dino ! Lorsque vous la plongez dans l&rsquo;eau, elle p\u00e9tille et colore l&rsquo;eau. Mais ce n&rsquo;est pas tout : elle cache aussi une surprise ! Au fur et \u00e0 mesure que la boule [&hellip;]\" \/>\n<meta property=\"og:url\" content=\"https:\/\/ses-creative.com\/fr\/produit\/bombe-de-bain-dinosaure-surprise\/\" \/>\n<meta property=\"og:site_name\" content=\"SES Creative\" \/>\n<meta property=\"article:modified_time\" content=\"2026-02-12T10:23:24+00:00\" \/>\n<meta name=\"twitter:card\" content=\"summary_large_image\" \/>\n<meta name=\"twitter:label1\" content=\"Dur\u00e9e de lecture estim\u00e9e\" \/>\n\t<meta name=\"twitter:data1\" content=\"2 minutes\" \/>\n<script type=\"application\/ld+json\" class=\"yoast-schema-graph\">{\"@context\":\"https:\\\/\\\/schema.org\",\"@graph\":[{\"@type\":\"WebPage\",\"@id\":\"https:\\\/\\\/ses-creative.com\\\/fr\\\/produit\\\/bombe-de-bain-dinosaure-surprise\\\/\",\"url\":\"https:\\\/\\\/ses-creative.com\\\/fr\\\/produit\\\/bombe-de-bain-dinosaure-surprise\\\/\",\"name\":\"Bombe de bain dinosaure surprise - SES Creative\",\"isPartOf\":{\"@id\":\"https:\\\/\\\/ses-creative.com\\\/#website\"},\"primaryImageOfPage\":{\"@id\":\"https:\\\/\\\/ses-creative.com\\\/fr\\\/produit\\\/bombe-de-bain-dinosaure-surprise\\\/#primaryimage\"},\"image\":{\"@id\":\"https:\\\/\\\/ses-creative.com\\\/fr\\\/produit\\\/bombe-de-bain-dinosaure-surprise\\\/#primaryimage\"},\"thumbnailUrl\":\"https:\\\/\\\/ses-creative.com\\\/wp-content\\\/uploads\\\/2026\\\/01\\\/251251.jpg\",\"datePublished\":\"2026-02-12T10:10:00+00:00\",\"dateModified\":\"2026-02-12T10:23:24+00:00\",\"breadcrumb\":{\"@id\":\"https:\\\/\\\/ses-creative.com\\\/fr\\\/produit\\\/bombe-de-bain-dinosaure-surprise\\\/#breadcrumb\"},\"inLanguage\":\"fr-FR\",\"potentialAction\":[{\"@type\":\"ReadAction\",\"target\":[\"https:\\\/\\\/ses-creative.com\\\/fr\\\/produit\\\/bombe-de-bain-dinosaure-surprise\\\/\"]}]},{\"@type\":\"ImageObject\",\"inLanguage\":\"fr-FR\",\"@id\":\"https:\\\/\\\/ses-creative.com\\\/fr\\\/produit\\\/bombe-de-bain-dinosaure-surprise\\\/#primaryimage\",\"url\":\"https:\\\/\\\/ses-creative.com\\\/wp-content\\\/uploads\\\/2026\\\/01\\\/251251.jpg\",\"contentUrl\":\"https:\\\/\\\/ses-creative.com\\\/wp-content\\\/uploads\\\/2026\\\/01\\\/251251.jpg\",\"width\":1000,\"height\":1000},{\"@type\":\"BreadcrumbList\",\"@id\":\"https:\\\/\\\/ses-creative.com\\\/fr\\\/produit\\\/bombe-de-bain-dinosaure-surprise\\\/#breadcrumb\",\"itemListElement\":[{\"@type\":\"ListItem\",\"position\":1,\"name\":\"Boutique\",\"item\":\"https:\\\/\\\/ses-creative.com\\\/fr\\\/boutique\\\/\"},{\"@type\":\"ListItem\",\"position\":2,\"name\":\"D\u00e9couvrir\",\"item\":\"https:\\\/\\\/ses-creative.com\\\/fr\\\/product-categorie\\\/decouvrir\\\/\"},{\"@type\":\"ListItem\",\"position\":3,\"name\":\"Bombe de bain dinosaure surprise\"}]},{\"@type\":\"WebSite\",\"@id\":\"https:\\\/\\\/ses-creative.com\\\/#website\",\"url\":\"https:\\\/\\\/ses-creative.com\\\/\",\"name\":\"SES Creative\",\"description\":\"\",\"publisher\":{\"@id\":\"https:\\\/\\\/ses-creative.com\\\/#organization\"},\"potentialAction\":[{\"@type\":\"SearchAction\",\"target\":{\"@type\":\"EntryPoint\",\"urlTemplate\":\"https:\\\/\\\/ses-creative.com\\\/?s={search_term_string}\"},\"query-input\":{\"@type\":\"PropertyValueSpecification\",\"valueRequired\":true,\"valueName\":\"search_term_string\"}}],\"inLanguage\":\"fr-FR\"},{\"@type\":\"Organization\",\"@id\":\"https:\\\/\\\/ses-creative.com\\\/#organization\",\"name\":\"SES Creative\",\"url\":\"https:\\\/\\\/ses-creative.com\\\/\",\"logo\":{\"@type\":\"ImageObject\",\"inLanguage\":\"fr-FR\",\"@id\":\"https:\\\/\\\/ses-creative.com\\\/#\\\/schema\\\/logo\\\/image\\\/\",\"url\":\"https:\\\/\\\/ses-creative.com\\\/wp-content\\\/uploads\\\/2025\\\/10\\\/ses-creative-logo.jpg\",\"contentUrl\":\"https:\\\/\\\/ses-creative.com\\\/wp-content\\\/uploads\\\/2025\\\/10\\\/ses-creative-logo.jpg\",\"width\":2037,\"height\":2037,\"caption\":\"SES Creative\"},\"image\":{\"@id\":\"https:\\\/\\\/ses-creative.com\\\/#\\\/schema\\\/logo\\\/image\\\/\"}}]}<\/script>\n<!-- \/ Yoast SEO plugin. -->","yoast_head_json":{"title":"Bombe de bain dinosaure surprise - SES Creative","robots":{"index":"index","follow":"follow","max-snippet":"max-snippet:-1","max-image-preview":"max-image-preview:large","max-video-preview":"max-video-preview:-1"},"canonical":"https:\/\/ses-creative.com\/fr\/produit\/bombe-de-bain-dinosaure-surprise\/","og_locale":"fr_FR","og_type":"article","og_title":"Bombe de bain dinosaure surprise - SES Creative","og_description":"Une surprise dans le bain avec la bombe de bain Dino ! Transformez l&rsquo;heure du bain en f\u00eate avec cette boule effervescente Dino ! Lorsque vous la plongez dans l&rsquo;eau, elle p\u00e9tille et colore l&rsquo;eau. Mais ce n&rsquo;est pas tout : elle cache aussi une surprise ! Au fur et \u00e0 mesure que la boule [&hellip;]","og_url":"https:\/\/ses-creative.com\/fr\/produit\/bombe-de-bain-dinosaure-surprise\/","og_site_name":"SES Creative","article_modified_time":"2026-02-12T10:23:24+00:00","twitter_card":"summary_large_image","twitter_misc":{"Dur\u00e9e de lecture estim\u00e9e":"2 minutes"},"schema":{"@context":"https:\/\/schema.org","@graph":[{"@type":"WebPage","@id":"https:\/\/ses-creative.com\/fr\/produit\/bombe-de-bain-dinosaure-surprise\/","url":"https:\/\/ses-creative.com\/fr\/produit\/bombe-de-bain-dinosaure-surprise\/","name":"Bombe de bain dinosaure surprise - SES Creative","isPartOf":{"@id":"https:\/\/ses-creative.com\/#website"},"primaryImageOfPage":{"@id":"https:\/\/ses-creative.com\/fr\/produit\/bombe-de-bain-dinosaure-surprise\/#primaryimage"},"image":{"@id":"https:\/\/ses-creative.com\/fr\/produit\/bombe-de-bain-dinosaure-surprise\/#primaryimage"},"thumbnailUrl":"https:\/\/ses-creative.com\/wp-content\/uploads\/2026\/01\/251251.jpg","datePublished":"2026-02-12T10:10:00+00:00","dateModified":"2026-02-12T10:23:24+00:00","breadcrumb":{"@id":"https:\/\/ses-creative.com\/fr\/produit\/bombe-de-bain-dinosaure-surprise\/#breadcrumb"},"inLanguage":"fr-FR","potentialAction":[{"@type":"ReadAction","target":["https:\/\/ses-creative.com\/fr\/produit\/bombe-de-bain-dinosaure-surprise\/"]}]},{"@type":"ImageObject","inLanguage":"fr-FR","@id":"https:\/\/ses-creative.com\/fr\/produit\/bombe-de-bain-dinosaure-surprise\/#primaryimage","url":"https:\/\/ses-creative.com\/wp-content\/uploads\/2026\/01\/251251.jpg","contentUrl":"https:\/\/ses-creative.com\/wp-content\/uploads\/2026\/01\/251251.jpg","width":1000,"height":1000},{"@type":"BreadcrumbList","@id":"https:\/\/ses-creative.com\/fr\/produit\/bombe-de-bain-dinosaure-surprise\/#breadcrumb","itemListElement":[{"@type":"ListItem","position":1,"name":"Boutique","item":"https:\/\/ses-creative.com\/fr\/boutique\/"},{"@type":"ListItem","position":2,"name":"D\u00e9couvrir","item":"https:\/\/ses-creative.com\/fr\/product-categorie\/decouvrir\/"},{"@type":"ListItem","position":3,"name":"Bombe de bain dinosaure surprise"}]},{"@type":"WebSite","@id":"https:\/\/ses-creative.com\/#website","url":"https:\/\/ses-creative.com\/","name":"SES Creative","description":"","publisher":{"@id":"https:\/\/ses-creative.com\/#organization"},"potentialAction":[{"@type":"SearchAction","target":{"@type":"EntryPoint","urlTemplate":"https:\/\/ses-creative.com\/?s={search_term_string}"},"query-input":{"@type":"PropertyValueSpecification","valueRequired":true,"valueName":"search_term_string"}}],"inLanguage":"fr-FR"},{"@type":"Organization","@id":"https:\/\/ses-creative.com\/#organization","name":"SES Creative","url":"https:\/\/ses-creative.com\/","logo":{"@type":"ImageObject","inLanguage":"fr-FR","@id":"https:\/\/ses-creative.com\/#\/schema\/logo\/image\/","url":"https:\/\/ses-creative.com\/wp-content\/uploads\/2025\/10\/ses-creative-logo.jpg","contentUrl":"https:\/\/ses-creative.com\/wp-content\/uploads\/2025\/10\/ses-creative-logo.jpg","width":2037,"height":2037,"caption":"SES Creative"},"image":{"@id":"https:\/\/ses-creative.com\/#\/schema\/logo\/image\/"}}]}},"_links":{"self":[{"href":"https:\/\/ses-creative.com\/fr\/wp-json\/wp\/v2\/product\/118507","targetHints":{"allow":["GET"]}}],"collection":[{"href":"https:\/\/ses-creative.com\/fr\/wp-json\/wp\/v2\/product"}],"about":[{"href":"https:\/\/ses-creative.com\/fr\/wp-json\/wp\/v2\/types\/product"}],"replies":[{"embeddable":true,"href":"https:\/\/ses-creative.com\/fr\/wp-json\/wp\/v2\/comments?post=118507"}],"wp:featuredmedia":[{"embeddable":true,"href":"https:\/\/ses-creative.com\/fr\/wp-json\/wp\/v2\/media\/106176"}],"wp:attachment":[{"href":"https:\/\/ses-creative.com\/fr\/wp-json\/wp\/v2\/media?parent=118507"}],"wp:term":[{"taxonomy":"product_brand","embeddable":true,"href":"https:\/\/ses-creative.com\/fr\/wp-json\/wp\/v2\/product_brand?post=118507"},{"taxonomy":"product_cat","embeddable":true,"href":"https:\/\/ses-creative.com\/fr\/wp-json\/wp\/v2\/product_cat?post=118507"},{"taxonomy":"product_tag","embeddable":true,"href":"https:\/\/ses-creative.com\/fr\/wp-json\/wp\/v2\/product_tag?post=118507"}],"curies":[{"name":"wp","href":"https:\/\/api.w.org\/{rel}","templated":true}]}}