











{"id":118506,"date":"2026-02-12T10:10:00","date_gmt":"2026-02-12T10:10:00","guid":{"rendered":"https:\/\/ses-creative.com\/?post_type=product&#038;p=118506"},"modified":"2026-02-12T10:23:24","modified_gmt":"2026-02-12T10:23:24","slug":"systeme-solaire-brillant","status":"publish","type":"product","link":"https:\/\/ses-creative.com\/fr\/produit\/systeme-solaire-brillant\/","title":{"rendered":"Syst\u00e8me solaire brillant"},"content":{"rendered":"<p>D\u00e9couvrez l&rsquo;univers avec le syst\u00e8me solaire lumineux !<br \/>\nVous r\u00eavez des plan\u00e8tes et vous aimeriez toutes les voir ? Avec ce kit Glow in the dark Zonnestelsel, vous pouvez cr\u00e9er votre propre syst\u00e8me solaire dans votre chambre. Accrochez les plan\u00e8tes et regardez-les briller dans la nuit gr\u00e2ce \u00e0 l&rsquo;effet phosphorescent. C&rsquo;est une fa\u00e7on magique d&rsquo;en apprendre davantage sur notre syst\u00e8me solaire et l&rsquo;espace.<br \/>\nCe qui rend ce kit g\u00e9nial<br \/>\n&#8211;    D\u00e9couvrez les 9 plan\u00e8tes de notre syst\u00e8me solaire<br \/>\n&#8211;    La fiche d&rsquo;information sur le syst\u00e8me solaire vous aide \u00e0 en savoir plus sur le syst\u00e8me solaire et l&rsquo;espace<br \/>\n&#8211;    Effet phosphorescent pour une ambiance f\u00e9\u00e9rique<br \/>\n&#8211;    Facile \u00e0 appliquer sur les murs et les plafonds<br \/>\n&#8211;    Convient aux enfants \u00e0 partir de 5 ans<br \/>\nApportez le syst\u00e8me solaire dans votre chambre<br \/>\nAvec ce kit, les enfants peuvent cr\u00e9er leur propre syst\u00e8me solaire et profiter la nuit d&rsquo;un spectacle magnifique de plan\u00e8tes et d&rsquo;\u00e9toiles. L&rsquo;effet phosphorescent rend l&rsquo;apprentissage de l&rsquo;espace encore plus amusant et inspirant.<br \/>\nContenu du kit<br \/>\n&#8211; 9 plan\u00e8tes<br \/>\n&#8211;    46 \u00e9toiles autocollantes phosphorescentes<br \/>\n&#8211;    Fiche d&rsquo;information sur le syst\u00e8me solaire pour apprendre et reproduire<br \/>\nPourquoi choisir SES Creative ?<br \/>\nChez SES Creative, nous accordons une grande importance \u00e0 la s\u00e9curit\u00e9. C&rsquo;est pourquoi nos produits sont fabriqu\u00e9s et test\u00e9s dans notre usine aux Pays-Bas, conform\u00e9ment aux normes de s\u00e9curit\u00e9 europ\u00e9ennes les plus strictes. Les jouets SES Creative sont source de plaisir et permettent aux enfants d&rsquo;\u00eatre fiers de leur travail, ce qui stimule leur cr\u00e9ativit\u00e9 et leur d\u00e9veloppement.<br \/>\nIlluminez votre chambre avec le syst\u00e8me solaire lumineux !<br \/>\nCr\u00e9ez une exp\u00e9rience spatiale magique dans votre propre chambre et d\u00e9couvrez les merveilles de notre syst\u00e8me solaire. Parfait pour les jeunes astronomes et les amateurs d&rsquo;espace !<\/p>\n","protected":false},"excerpt":{"rendered":"<p>D\u00e9couvrez l&rsquo;univers avec le syst\u00e8me solaire lumineux ! Vous r\u00eavez des plan\u00e8tes et vous aimeriez toutes les voir ? Avec ce kit Glow in the dark Zonnestelsel, vous pouvez cr\u00e9er votre propre syst\u00e8me solaire dans votre chambre. Accrochez les plan\u00e8tes et regardez-les briller dans la nuit gr\u00e2ce \u00e0 l&rsquo;effet phosphorescent. C&rsquo;est une fa\u00e7on magique d&rsquo;en [&hellip;]<\/p>\n","protected":false},"featured_media":106156,"comment_status":"closed","ping_status":"closed","template":"","meta":{"_acf_changed":false},"product_brand":[],"product_cat":[128],"product_tag":[],"class_list":{"0":"post-118506","1":"product","2":"type-product","3":"status-publish","4":"has-post-thumbnail","6":"product_cat-decouvrir","7":"pa_leeftijd-filter-4-6-ans","8":"pa_meest-populair-bij-garcons-filles","10":"first","11":"instock","12":"shipping-taxable","13":"product-type-simple"},"acf":[],"yoast_head":"<!-- This site is optimized with the Yoast SEO plugin v27.4 - https:\/\/yoast.com\/product\/yoast-seo-wordpress\/ -->\n<title>Syst\u00e8me solaire brillant - SES Creative<\/title>\n<meta name=\"robots\" content=\"index, follow, max-snippet:-1, max-image-preview:large, max-video-preview:-1\" \/>\n<link rel=\"canonical\" href=\"https:\/\/ses-creative.com\/fr\/produit\/systeme-solaire-brillant\/\" \/>\n<meta property=\"og:locale\" content=\"fr_FR\" \/>\n<meta property=\"og:type\" content=\"article\" \/>\n<meta property=\"og:title\" content=\"Syst\u00e8me solaire brillant - SES Creative\" \/>\n<meta property=\"og:description\" content=\"D\u00e9couvrez l&rsquo;univers avec le syst\u00e8me solaire lumineux ! Vous r\u00eavez des plan\u00e8tes et vous aimeriez toutes les voir ? Avec ce kit Glow in the dark Zonnestelsel, vous pouvez cr\u00e9er votre propre syst\u00e8me solaire dans votre chambre. Accrochez les plan\u00e8tes et regardez-les briller dans la nuit gr\u00e2ce \u00e0 l&rsquo;effet phosphorescent. C&rsquo;est une fa\u00e7on magique d&rsquo;en [&hellip;]\" \/>\n<meta property=\"og:url\" content=\"https:\/\/ses-creative.com\/fr\/produit\/systeme-solaire-brillant\/\" \/>\n<meta property=\"og:site_name\" content=\"SES Creative\" \/>\n<meta property=\"article:modified_time\" content=\"2026-02-12T10:23:24+00:00\" \/>\n<meta name=\"twitter:card\" content=\"summary_large_image\" \/>\n<meta name=\"twitter:label1\" content=\"Dur\u00e9e de lecture estim\u00e9e\" \/>\n\t<meta name=\"twitter:data1\" content=\"2 minutes\" \/>\n<script type=\"application\/ld+json\" class=\"yoast-schema-graph\">{\"@context\":\"https:\\\/\\\/schema.org\",\"@graph\":[{\"@type\":\"WebPage\",\"@id\":\"https:\\\/\\\/ses-creative.com\\\/fr\\\/produit\\\/systeme-solaire-brillant\\\/\",\"url\":\"https:\\\/\\\/ses-creative.com\\\/fr\\\/produit\\\/systeme-solaire-brillant\\\/\",\"name\":\"Syst\u00e8me solaire brillant - SES Creative\",\"isPartOf\":{\"@id\":\"https:\\\/\\\/ses-creative.com\\\/#website\"},\"primaryImageOfPage\":{\"@id\":\"https:\\\/\\\/ses-creative.com\\\/fr\\\/produit\\\/systeme-solaire-brillant\\\/#primaryimage\"},\"image\":{\"@id\":\"https:\\\/\\\/ses-creative.com\\\/fr\\\/produit\\\/systeme-solaire-brillant\\\/#primaryimage\"},\"thumbnailUrl\":\"https:\\\/\\\/ses-creative.com\\\/wp-content\\\/uploads\\\/2026\\\/01\\\/251231.jpg\",\"datePublished\":\"2026-02-12T10:10:00+00:00\",\"dateModified\":\"2026-02-12T10:23:24+00:00\",\"breadcrumb\":{\"@id\":\"https:\\\/\\\/ses-creative.com\\\/fr\\\/produit\\\/systeme-solaire-brillant\\\/#breadcrumb\"},\"inLanguage\":\"fr-FR\",\"potentialAction\":[{\"@type\":\"ReadAction\",\"target\":[\"https:\\\/\\\/ses-creative.com\\\/fr\\\/produit\\\/systeme-solaire-brillant\\\/\"]}]},{\"@type\":\"ImageObject\",\"inLanguage\":\"fr-FR\",\"@id\":\"https:\\\/\\\/ses-creative.com\\\/fr\\\/produit\\\/systeme-solaire-brillant\\\/#primaryimage\",\"url\":\"https:\\\/\\\/ses-creative.com\\\/wp-content\\\/uploads\\\/2026\\\/01\\\/251231.jpg\",\"contentUrl\":\"https:\\\/\\\/ses-creative.com\\\/wp-content\\\/uploads\\\/2026\\\/01\\\/251231.jpg\",\"width\":1000,\"height\":1000},{\"@type\":\"BreadcrumbList\",\"@id\":\"https:\\\/\\\/ses-creative.com\\\/fr\\\/produit\\\/systeme-solaire-brillant\\\/#breadcrumb\",\"itemListElement\":[{\"@type\":\"ListItem\",\"position\":1,\"name\":\"Boutique\",\"item\":\"https:\\\/\\\/ses-creative.com\\\/fr\\\/boutique\\\/\"},{\"@type\":\"ListItem\",\"position\":2,\"name\":\"D\u00e9couvrir\",\"item\":\"https:\\\/\\\/ses-creative.com\\\/fr\\\/product-categorie\\\/decouvrir\\\/\"},{\"@type\":\"ListItem\",\"position\":3,\"name\":\"Syst\u00e8me solaire brillant\"}]},{\"@type\":\"WebSite\",\"@id\":\"https:\\\/\\\/ses-creative.com\\\/#website\",\"url\":\"https:\\\/\\\/ses-creative.com\\\/\",\"name\":\"SES Creative\",\"description\":\"\",\"publisher\":{\"@id\":\"https:\\\/\\\/ses-creative.com\\\/#organization\"},\"potentialAction\":[{\"@type\":\"SearchAction\",\"target\":{\"@type\":\"EntryPoint\",\"urlTemplate\":\"https:\\\/\\\/ses-creative.com\\\/?s={search_term_string}\"},\"query-input\":{\"@type\":\"PropertyValueSpecification\",\"valueRequired\":true,\"valueName\":\"search_term_string\"}}],\"inLanguage\":\"fr-FR\"},{\"@type\":\"Organization\",\"@id\":\"https:\\\/\\\/ses-creative.com\\\/#organization\",\"name\":\"SES Creative\",\"url\":\"https:\\\/\\\/ses-creative.com\\\/\",\"logo\":{\"@type\":\"ImageObject\",\"inLanguage\":\"fr-FR\",\"@id\":\"https:\\\/\\\/ses-creative.com\\\/#\\\/schema\\\/logo\\\/image\\\/\",\"url\":\"https:\\\/\\\/ses-creative.com\\\/wp-content\\\/uploads\\\/2025\\\/10\\\/ses-creative-logo.jpg\",\"contentUrl\":\"https:\\\/\\\/ses-creative.com\\\/wp-content\\\/uploads\\\/2025\\\/10\\\/ses-creative-logo.jpg\",\"width\":2037,\"height\":2037,\"caption\":\"SES Creative\"},\"image\":{\"@id\":\"https:\\\/\\\/ses-creative.com\\\/#\\\/schema\\\/logo\\\/image\\\/\"}}]}<\/script>\n<!-- \/ Yoast SEO plugin. -->","yoast_head_json":{"title":"Syst\u00e8me solaire brillant - SES Creative","robots":{"index":"index","follow":"follow","max-snippet":"max-snippet:-1","max-image-preview":"max-image-preview:large","max-video-preview":"max-video-preview:-1"},"canonical":"https:\/\/ses-creative.com\/fr\/produit\/systeme-solaire-brillant\/","og_locale":"fr_FR","og_type":"article","og_title":"Syst\u00e8me solaire brillant - SES Creative","og_description":"D\u00e9couvrez l&rsquo;univers avec le syst\u00e8me solaire lumineux ! Vous r\u00eavez des plan\u00e8tes et vous aimeriez toutes les voir ? Avec ce kit Glow in the dark Zonnestelsel, vous pouvez cr\u00e9er votre propre syst\u00e8me solaire dans votre chambre. Accrochez les plan\u00e8tes et regardez-les briller dans la nuit gr\u00e2ce \u00e0 l&rsquo;effet phosphorescent. C&rsquo;est une fa\u00e7on magique d&rsquo;en [&hellip;]","og_url":"https:\/\/ses-creative.com\/fr\/produit\/systeme-solaire-brillant\/","og_site_name":"SES Creative","article_modified_time":"2026-02-12T10:23:24+00:00","twitter_card":"summary_large_image","twitter_misc":{"Dur\u00e9e de lecture estim\u00e9e":"2 minutes"},"schema":{"@context":"https:\/\/schema.org","@graph":[{"@type":"WebPage","@id":"https:\/\/ses-creative.com\/fr\/produit\/systeme-solaire-brillant\/","url":"https:\/\/ses-creative.com\/fr\/produit\/systeme-solaire-brillant\/","name":"Syst\u00e8me solaire brillant - SES Creative","isPartOf":{"@id":"https:\/\/ses-creative.com\/#website"},"primaryImageOfPage":{"@id":"https:\/\/ses-creative.com\/fr\/produit\/systeme-solaire-brillant\/#primaryimage"},"image":{"@id":"https:\/\/ses-creative.com\/fr\/produit\/systeme-solaire-brillant\/#primaryimage"},"thumbnailUrl":"https:\/\/ses-creative.com\/wp-content\/uploads\/2026\/01\/251231.jpg","datePublished":"2026-02-12T10:10:00+00:00","dateModified":"2026-02-12T10:23:24+00:00","breadcrumb":{"@id":"https:\/\/ses-creative.com\/fr\/produit\/systeme-solaire-brillant\/#breadcrumb"},"inLanguage":"fr-FR","potentialAction":[{"@type":"ReadAction","target":["https:\/\/ses-creative.com\/fr\/produit\/systeme-solaire-brillant\/"]}]},{"@type":"ImageObject","inLanguage":"fr-FR","@id":"https:\/\/ses-creative.com\/fr\/produit\/systeme-solaire-brillant\/#primaryimage","url":"https:\/\/ses-creative.com\/wp-content\/uploads\/2026\/01\/251231.jpg","contentUrl":"https:\/\/ses-creative.com\/wp-content\/uploads\/2026\/01\/251231.jpg","width":1000,"height":1000},{"@type":"BreadcrumbList","@id":"https:\/\/ses-creative.com\/fr\/produit\/systeme-solaire-brillant\/#breadcrumb","itemListElement":[{"@type":"ListItem","position":1,"name":"Boutique","item":"https:\/\/ses-creative.com\/fr\/boutique\/"},{"@type":"ListItem","position":2,"name":"D\u00e9couvrir","item":"https:\/\/ses-creative.com\/fr\/product-categorie\/decouvrir\/"},{"@type":"ListItem","position":3,"name":"Syst\u00e8me solaire brillant"}]},{"@type":"WebSite","@id":"https:\/\/ses-creative.com\/#website","url":"https:\/\/ses-creative.com\/","name":"SES Creative","description":"","publisher":{"@id":"https:\/\/ses-creative.com\/#organization"},"potentialAction":[{"@type":"SearchAction","target":{"@type":"EntryPoint","urlTemplate":"https:\/\/ses-creative.com\/?s={search_term_string}"},"query-input":{"@type":"PropertyValueSpecification","valueRequired":true,"valueName":"search_term_string"}}],"inLanguage":"fr-FR"},{"@type":"Organization","@id":"https:\/\/ses-creative.com\/#organization","name":"SES Creative","url":"https:\/\/ses-creative.com\/","logo":{"@type":"ImageObject","inLanguage":"fr-FR","@id":"https:\/\/ses-creative.com\/#\/schema\/logo\/image\/","url":"https:\/\/ses-creative.com\/wp-content\/uploads\/2025\/10\/ses-creative-logo.jpg","contentUrl":"https:\/\/ses-creative.com\/wp-content\/uploads\/2025\/10\/ses-creative-logo.jpg","width":2037,"height":2037,"caption":"SES Creative"},"image":{"@id":"https:\/\/ses-creative.com\/#\/schema\/logo\/image\/"}}]}},"_links":{"self":[{"href":"https:\/\/ses-creative.com\/fr\/wp-json\/wp\/v2\/product\/118506","targetHints":{"allow":["GET"]}}],"collection":[{"href":"https:\/\/ses-creative.com\/fr\/wp-json\/wp\/v2\/product"}],"about":[{"href":"https:\/\/ses-creative.com\/fr\/wp-json\/wp\/v2\/types\/product"}],"replies":[{"embeddable":true,"href":"https:\/\/ses-creative.com\/fr\/wp-json\/wp\/v2\/comments?post=118506"}],"wp:featuredmedia":[{"embeddable":true,"href":"https:\/\/ses-creative.com\/fr\/wp-json\/wp\/v2\/media\/106156"}],"wp:attachment":[{"href":"https:\/\/ses-creative.com\/fr\/wp-json\/wp\/v2\/media?parent=118506"}],"wp:term":[{"taxonomy":"product_brand","embeddable":true,"href":"https:\/\/ses-creative.com\/fr\/wp-json\/wp\/v2\/product_brand?post=118506"},{"taxonomy":"product_cat","embeddable":true,"href":"https:\/\/ses-creative.com\/fr\/wp-json\/wp\/v2\/product_cat?post=118506"},{"taxonomy":"product_tag","embeddable":true,"href":"https:\/\/ses-creative.com\/fr\/wp-json\/wp\/v2\/product_tag?post=118506"}],"curies":[{"name":"wp","href":"https:\/\/api.w.org\/{rel}","templated":true}]}}