











{"id":118503,"date":"2026-02-12T10:09:59","date_gmt":"2026-02-12T10:09:59","guid":{"rendered":"https:\/\/ses-creative.com\/?post_type=product&#038;p=118503"},"modified":"2026-02-12T10:23:24","modified_gmt":"2026-02-12T10:23:24","slug":"dragon-pret-a-eclore","status":"publish","type":"product","link":"https:\/\/ses-creative.com\/fr\/produit\/dragon-pret-a-eclore\/","title":{"rendered":"Dragon pr\u00eat \u00e0 \u00e9clore"},"content":{"rendered":"<p>Incubation de dragon : d\u00e9couvrez votre propre dragon magique !<br \/>\nAvec l&rsquo;\u0153uf de dragon de SES Creative, vivez une aventure magique ! Cet \u0153uf de dragon myst\u00e9rieux cache un dragon tr\u00e8s sp\u00e9cial. Placez l&rsquo;\u0153uf de dragon dans un r\u00e9cipient rempli d&rsquo;eau et attendez. Au bout de quelques jours, la coquille se fissurera lentement et votre dragon appara\u00eetra ! Prenez soin de votre nouveau dragon et laissez-le grandir. C&rsquo;est un processus passionnant qui fascinera les enfants \u00e0 chaque fois. Parfait pour les enfants \u00e0 partir de 5 ans qui aiment l&rsquo;imaginaire et l&rsquo;aventure !<br \/>\nCe qui rend ce set g\u00e9nial<br \/>\n&#8211;    L&rsquo;\u00e9closion de l&rsquo;\u0153uf est un processus passionnant. Quand l&rsquo;\u0153uf va-t-il \u00e9clore ?<br \/>\n&#8211;    Facile \u00e0 r\u00e9aliser. Seulement de l&rsquo;eau est n\u00e9cessaire<br \/>\n&#8211; Testez la patience de votre enfant en faisant \u00e9clore l&rsquo;\u0153uf<br \/>\n&#8211;    C&rsquo;est une surprise de d\u00e9couvrir quel dragon se cache dans votre \u0153uf<br \/>\n&#8211;    Le dragon peut atteindre une taille 10 fois sup\u00e9rieure<br \/>\nUne aventure magique \u00e0 d\u00e9couvrir<br \/>\nLe kit d&rsquo;\u00e9closion du dragon offre une aventure passionnante et magique. Les enfants peuvent placer leur \u0153uf de dragon dans l&rsquo;eau et voir le dragon appara\u00eetre petit \u00e0 petit. Ce processus dure quelques jours, ce qui ne fait qu&rsquo;augmenter l&rsquo;excitation et la curiosit\u00e9. L&rsquo;\u00e9closion du dragon est une exp\u00e9rience \u00e9ducative qui apprend aux enfants \u00e0 \u00eatre patients et qui les r\u00e9compense par une surprise magique. Chaque \u0153uf contient un dragon unique, ce qui en fait une aventure surprenante !<br \/>\nContenu du set<br \/>\n&#8211;    \u0152uf de dragon avec dragon surprise<br \/>\nPourquoi choisir SES Creative ?<br \/>\nChez SES Creative, nous accordons une grande importance \u00e0 la s\u00e9curit\u00e9. C&rsquo;est pourquoi nos produits sont fabriqu\u00e9s et test\u00e9s dans notre usine aux Pays-Bas, conform\u00e9ment aux normes de s\u00e9curit\u00e9 europ\u00e9ennes les plus strictes. Les jouets SES Creative sont source de plaisir et permettent aux enfants d&rsquo;\u00eatre fiers de leur travail, ce qui stimule leur cr\u00e9ativit\u00e9 et leur d\u00e9veloppement.<br \/>\nPr\u00eat \u00e0 d\u00e9couvrir votre propre dragon ?<br \/>\nProcurez-vous le kit d&rsquo;\u00e9closion de dragon de SES Creative et commencez d\u00e8s aujourd&rsquo;hui votre propre aventure magique. D\u00e9couvrez quel dragon se cache dans votre \u0153uf et veillez \u00e0 ce qu&rsquo;il \u00e9clot. Qu&rsquo;attendez-vous ? Que l&rsquo;aventure commence !<\/p>\n","protected":false},"excerpt":{"rendered":"<p>Incubation de dragon : d\u00e9couvrez votre propre dragon magique ! Avec l&rsquo;\u0153uf de dragon de SES Creative, vivez une aventure magique ! Cet \u0153uf de dragon myst\u00e9rieux cache un dragon tr\u00e8s sp\u00e9cial. Placez l&rsquo;\u0153uf de dragon dans un r\u00e9cipient rempli d&rsquo;eau et attendez. Au bout de quelques jours, la coquille se fissurera lentement et votre [&hellip;]<\/p>\n","protected":false},"featured_media":106096,"comment_status":"closed","ping_status":"closed","template":"","meta":{"_acf_changed":false},"product_brand":[],"product_cat":[128],"product_tag":[],"class_list":{"0":"post-118503","1":"product","2":"type-product","3":"status-publish","4":"has-post-thumbnail","6":"product_cat-decouvrir","7":"pa_leeftijd-filter-4-6-ans","8":"pa_meest-populair-bij-garcons-filles","10":"first","11":"instock","12":"shipping-taxable","13":"product-type-simple"},"acf":[],"yoast_head":"<!-- This site is optimized with the Yoast SEO plugin v27.4 - https:\/\/yoast.com\/product\/yoast-seo-wordpress\/ -->\n<title>Dragon pr\u00eat \u00e0 \u00e9clore - SES Creative<\/title>\n<meta name=\"robots\" content=\"index, follow, max-snippet:-1, max-image-preview:large, max-video-preview:-1\" \/>\n<link rel=\"canonical\" href=\"https:\/\/ses-creative.com\/fr\/produit\/dragon-pret-a-eclore\/\" \/>\n<meta property=\"og:locale\" content=\"fr_FR\" \/>\n<meta property=\"og:type\" content=\"article\" \/>\n<meta property=\"og:title\" content=\"Dragon pr\u00eat \u00e0 \u00e9clore - SES Creative\" \/>\n<meta property=\"og:description\" content=\"Incubation de dragon : d\u00e9couvrez votre propre dragon magique ! Avec l&rsquo;\u0153uf de dragon de SES Creative, vivez une aventure magique ! Cet \u0153uf de dragon myst\u00e9rieux cache un dragon tr\u00e8s sp\u00e9cial. Placez l&rsquo;\u0153uf de dragon dans un r\u00e9cipient rempli d&rsquo;eau et attendez. Au bout de quelques jours, la coquille se fissurera lentement et votre [&hellip;]\" \/>\n<meta property=\"og:url\" content=\"https:\/\/ses-creative.com\/fr\/produit\/dragon-pret-a-eclore\/\" \/>\n<meta property=\"og:site_name\" content=\"SES Creative\" \/>\n<meta property=\"article:modified_time\" content=\"2026-02-12T10:23:24+00:00\" \/>\n<meta name=\"twitter:card\" content=\"summary_large_image\" \/>\n<meta name=\"twitter:label1\" content=\"Dur\u00e9e de lecture estim\u00e9e\" \/>\n\t<meta name=\"twitter:data1\" content=\"2 minutes\" \/>\n<script type=\"application\/ld+json\" class=\"yoast-schema-graph\">{\"@context\":\"https:\\\/\\\/schema.org\",\"@graph\":[{\"@type\":\"WebPage\",\"@id\":\"https:\\\/\\\/ses-creative.com\\\/fr\\\/produit\\\/dragon-pret-a-eclore\\\/\",\"url\":\"https:\\\/\\\/ses-creative.com\\\/fr\\\/produit\\\/dragon-pret-a-eclore\\\/\",\"name\":\"Dragon pr\u00eat \u00e0 \u00e9clore - SES Creative\",\"isPartOf\":{\"@id\":\"https:\\\/\\\/ses-creative.com\\\/#website\"},\"primaryImageOfPage\":{\"@id\":\"https:\\\/\\\/ses-creative.com\\\/fr\\\/produit\\\/dragon-pret-a-eclore\\\/#primaryimage\"},\"image\":{\"@id\":\"https:\\\/\\\/ses-creative.com\\\/fr\\\/produit\\\/dragon-pret-a-eclore\\\/#primaryimage\"},\"thumbnailUrl\":\"https:\\\/\\\/ses-creative.com\\\/wp-content\\\/uploads\\\/2026\\\/01\\\/251201.jpg\",\"datePublished\":\"2026-02-12T10:09:59+00:00\",\"dateModified\":\"2026-02-12T10:23:24+00:00\",\"breadcrumb\":{\"@id\":\"https:\\\/\\\/ses-creative.com\\\/fr\\\/produit\\\/dragon-pret-a-eclore\\\/#breadcrumb\"},\"inLanguage\":\"fr-FR\",\"potentialAction\":[{\"@type\":\"ReadAction\",\"target\":[\"https:\\\/\\\/ses-creative.com\\\/fr\\\/produit\\\/dragon-pret-a-eclore\\\/\"]}]},{\"@type\":\"ImageObject\",\"inLanguage\":\"fr-FR\",\"@id\":\"https:\\\/\\\/ses-creative.com\\\/fr\\\/produit\\\/dragon-pret-a-eclore\\\/#primaryimage\",\"url\":\"https:\\\/\\\/ses-creative.com\\\/wp-content\\\/uploads\\\/2026\\\/01\\\/251201.jpg\",\"contentUrl\":\"https:\\\/\\\/ses-creative.com\\\/wp-content\\\/uploads\\\/2026\\\/01\\\/251201.jpg\",\"width\":1000,\"height\":1000},{\"@type\":\"BreadcrumbList\",\"@id\":\"https:\\\/\\\/ses-creative.com\\\/fr\\\/produit\\\/dragon-pret-a-eclore\\\/#breadcrumb\",\"itemListElement\":[{\"@type\":\"ListItem\",\"position\":1,\"name\":\"Boutique\",\"item\":\"https:\\\/\\\/ses-creative.com\\\/fr\\\/boutique\\\/\"},{\"@type\":\"ListItem\",\"position\":2,\"name\":\"D\u00e9couvrir\",\"item\":\"https:\\\/\\\/ses-creative.com\\\/fr\\\/product-categorie\\\/decouvrir\\\/\"},{\"@type\":\"ListItem\",\"position\":3,\"name\":\"Dragon pr\u00eat \u00e0 \u00e9clore\"}]},{\"@type\":\"WebSite\",\"@id\":\"https:\\\/\\\/ses-creative.com\\\/#website\",\"url\":\"https:\\\/\\\/ses-creative.com\\\/\",\"name\":\"SES Creative\",\"description\":\"\",\"publisher\":{\"@id\":\"https:\\\/\\\/ses-creative.com\\\/#organization\"},\"potentialAction\":[{\"@type\":\"SearchAction\",\"target\":{\"@type\":\"EntryPoint\",\"urlTemplate\":\"https:\\\/\\\/ses-creative.com\\\/?s={search_term_string}\"},\"query-input\":{\"@type\":\"PropertyValueSpecification\",\"valueRequired\":true,\"valueName\":\"search_term_string\"}}],\"inLanguage\":\"fr-FR\"},{\"@type\":\"Organization\",\"@id\":\"https:\\\/\\\/ses-creative.com\\\/#organization\",\"name\":\"SES Creative\",\"url\":\"https:\\\/\\\/ses-creative.com\\\/\",\"logo\":{\"@type\":\"ImageObject\",\"inLanguage\":\"fr-FR\",\"@id\":\"https:\\\/\\\/ses-creative.com\\\/#\\\/schema\\\/logo\\\/image\\\/\",\"url\":\"https:\\\/\\\/ses-creative.com\\\/wp-content\\\/uploads\\\/2025\\\/10\\\/ses-creative-logo.jpg\",\"contentUrl\":\"https:\\\/\\\/ses-creative.com\\\/wp-content\\\/uploads\\\/2025\\\/10\\\/ses-creative-logo.jpg\",\"width\":2037,\"height\":2037,\"caption\":\"SES Creative\"},\"image\":{\"@id\":\"https:\\\/\\\/ses-creative.com\\\/#\\\/schema\\\/logo\\\/image\\\/\"}}]}<\/script>\n<!-- \/ Yoast SEO plugin. -->","yoast_head_json":{"title":"Dragon pr\u00eat \u00e0 \u00e9clore - SES Creative","robots":{"index":"index","follow":"follow","max-snippet":"max-snippet:-1","max-image-preview":"max-image-preview:large","max-video-preview":"max-video-preview:-1"},"canonical":"https:\/\/ses-creative.com\/fr\/produit\/dragon-pret-a-eclore\/","og_locale":"fr_FR","og_type":"article","og_title":"Dragon pr\u00eat \u00e0 \u00e9clore - SES Creative","og_description":"Incubation de dragon : d\u00e9couvrez votre propre dragon magique ! Avec l&rsquo;\u0153uf de dragon de SES Creative, vivez une aventure magique ! Cet \u0153uf de dragon myst\u00e9rieux cache un dragon tr\u00e8s sp\u00e9cial. Placez l&rsquo;\u0153uf de dragon dans un r\u00e9cipient rempli d&rsquo;eau et attendez. Au bout de quelques jours, la coquille se fissurera lentement et votre [&hellip;]","og_url":"https:\/\/ses-creative.com\/fr\/produit\/dragon-pret-a-eclore\/","og_site_name":"SES Creative","article_modified_time":"2026-02-12T10:23:24+00:00","twitter_card":"summary_large_image","twitter_misc":{"Dur\u00e9e de lecture estim\u00e9e":"2 minutes"},"schema":{"@context":"https:\/\/schema.org","@graph":[{"@type":"WebPage","@id":"https:\/\/ses-creative.com\/fr\/produit\/dragon-pret-a-eclore\/","url":"https:\/\/ses-creative.com\/fr\/produit\/dragon-pret-a-eclore\/","name":"Dragon pr\u00eat \u00e0 \u00e9clore - SES Creative","isPartOf":{"@id":"https:\/\/ses-creative.com\/#website"},"primaryImageOfPage":{"@id":"https:\/\/ses-creative.com\/fr\/produit\/dragon-pret-a-eclore\/#primaryimage"},"image":{"@id":"https:\/\/ses-creative.com\/fr\/produit\/dragon-pret-a-eclore\/#primaryimage"},"thumbnailUrl":"https:\/\/ses-creative.com\/wp-content\/uploads\/2026\/01\/251201.jpg","datePublished":"2026-02-12T10:09:59+00:00","dateModified":"2026-02-12T10:23:24+00:00","breadcrumb":{"@id":"https:\/\/ses-creative.com\/fr\/produit\/dragon-pret-a-eclore\/#breadcrumb"},"inLanguage":"fr-FR","potentialAction":[{"@type":"ReadAction","target":["https:\/\/ses-creative.com\/fr\/produit\/dragon-pret-a-eclore\/"]}]},{"@type":"ImageObject","inLanguage":"fr-FR","@id":"https:\/\/ses-creative.com\/fr\/produit\/dragon-pret-a-eclore\/#primaryimage","url":"https:\/\/ses-creative.com\/wp-content\/uploads\/2026\/01\/251201.jpg","contentUrl":"https:\/\/ses-creative.com\/wp-content\/uploads\/2026\/01\/251201.jpg","width":1000,"height":1000},{"@type":"BreadcrumbList","@id":"https:\/\/ses-creative.com\/fr\/produit\/dragon-pret-a-eclore\/#breadcrumb","itemListElement":[{"@type":"ListItem","position":1,"name":"Boutique","item":"https:\/\/ses-creative.com\/fr\/boutique\/"},{"@type":"ListItem","position":2,"name":"D\u00e9couvrir","item":"https:\/\/ses-creative.com\/fr\/product-categorie\/decouvrir\/"},{"@type":"ListItem","position":3,"name":"Dragon pr\u00eat \u00e0 \u00e9clore"}]},{"@type":"WebSite","@id":"https:\/\/ses-creative.com\/#website","url":"https:\/\/ses-creative.com\/","name":"SES Creative","description":"","publisher":{"@id":"https:\/\/ses-creative.com\/#organization"},"potentialAction":[{"@type":"SearchAction","target":{"@type":"EntryPoint","urlTemplate":"https:\/\/ses-creative.com\/?s={search_term_string}"},"query-input":{"@type":"PropertyValueSpecification","valueRequired":true,"valueName":"search_term_string"}}],"inLanguage":"fr-FR"},{"@type":"Organization","@id":"https:\/\/ses-creative.com\/#organization","name":"SES Creative","url":"https:\/\/ses-creative.com\/","logo":{"@type":"ImageObject","inLanguage":"fr-FR","@id":"https:\/\/ses-creative.com\/#\/schema\/logo\/image\/","url":"https:\/\/ses-creative.com\/wp-content\/uploads\/2025\/10\/ses-creative-logo.jpg","contentUrl":"https:\/\/ses-creative.com\/wp-content\/uploads\/2025\/10\/ses-creative-logo.jpg","width":2037,"height":2037,"caption":"SES Creative"},"image":{"@id":"https:\/\/ses-creative.com\/#\/schema\/logo\/image\/"}}]}},"_links":{"self":[{"href":"https:\/\/ses-creative.com\/fr\/wp-json\/wp\/v2\/product\/118503","targetHints":{"allow":["GET"]}}],"collection":[{"href":"https:\/\/ses-creative.com\/fr\/wp-json\/wp\/v2\/product"}],"about":[{"href":"https:\/\/ses-creative.com\/fr\/wp-json\/wp\/v2\/types\/product"}],"replies":[{"embeddable":true,"href":"https:\/\/ses-creative.com\/fr\/wp-json\/wp\/v2\/comments?post=118503"}],"wp:featuredmedia":[{"embeddable":true,"href":"https:\/\/ses-creative.com\/fr\/wp-json\/wp\/v2\/media\/106096"}],"wp:attachment":[{"href":"https:\/\/ses-creative.com\/fr\/wp-json\/wp\/v2\/media?parent=118503"}],"wp:term":[{"taxonomy":"product_brand","embeddable":true,"href":"https:\/\/ses-creative.com\/fr\/wp-json\/wp\/v2\/product_brand?post=118503"},{"taxonomy":"product_cat","embeddable":true,"href":"https:\/\/ses-creative.com\/fr\/wp-json\/wp\/v2\/product_cat?post=118503"},{"taxonomy":"product_tag","embeddable":true,"href":"https:\/\/ses-creative.com\/fr\/wp-json\/wp\/v2\/product_tag?post=118503"}],"curies":[{"name":"wp","href":"https:\/\/api.w.org\/{rel}","templated":true}]}}