











{"id":118502,"date":"2026-02-12T10:09:59","date_gmt":"2026-02-12T10:09:59","guid":{"rendered":"https:\/\/ses-creative.com\/?post_type=product&#038;p=118502"},"modified":"2026-02-12T10:23:24","modified_gmt":"2026-02-12T10:23:24","slug":"explorateur-dinsectes","status":"publish","type":"product","link":"https:\/\/ses-creative.com\/fr\/produit\/explorateur-dinsectes\/","title":{"rendered":"Explorateur d&rsquo;insectes"},"content":{"rendered":"<p>Partez \u00e0 l&rsquo;aventure avec l&rsquo;Insect Explorer !<br \/>\nPrenez votre Insect Explorer et partez \u00e0 la d\u00e9couverte de la nature ! Gr\u00e2ce \u00e0 ce kit complet, les enfants peuvent explorer le monde fascinant des insectes. Que vous partiez \u00e0 la recherche de petites b\u00eates rampantes dans le jardin, au parc ou lors d&rsquo;une promenade en for\u00eat, ce kit vous offre tout ce dont vous avez besoin pour observer et \u00e9tudier la nature de pr\u00e8s.<br \/>\nCe qui rend ce kit g\u00e9nial<br \/>\n&#8211;    Sac pratique avec fermeture \u00e9clair solide et joli imprim\u00e9 pour ranger toutes vos affaires<br \/>\n&#8211;    Complet avec tous les outils n\u00e9cessaires pour d\u00e9couvrir les insectes<br \/>\n&#8211;    Stimule la curiosit\u00e9 et l&rsquo;amour de la nature<br \/>\n&#8211;    Parfait pour les jeunes explorateurs \u00e0 partir de 5 ans<br \/>\n&#8211;    Id\u00e9al pour les activit\u00e9s de plein air et l&rsquo;apprentissage ludique<br \/>\nD\u00e9couvrez le monde des petits animaux<br \/>\nCe kit est id\u00e9al pour les enfants curieux de nature et avides d&rsquo;aventure. Les pinces \u00e0 insectes leur permettent de capturer les insectes en toute s\u00e9curit\u00e9 et de les observer dans les bo\u00eetes de P\u00e9tri. La loupe les aide \u00e0 d\u00e9couvrir les moindres d\u00e9tails et \u00e0 en apprendre davantage sur les diff\u00e9rentes esp\u00e8ces d&rsquo;insectes qu&rsquo;ils rencontrent.<br \/>\nLe sac en tissu pratique avec fermeture \u00e9clair permet d&#8217;emporter facilement le kit partout. Que vous fassiez une promenade dans les bois ou que vous jouiez dans le jardin, ce kit offre des possibilit\u00e9s infinies de d\u00e9couvertes et de plaisir \u00e9ducatif.<br \/>\nContenu du kit<br \/>\n&#8211;    Sac en tissu avec fermeture \u00e9clair<br \/>\n&#8211;    Pince \u00e0 insectes, filet et spatule<br \/>\n&#8211;    Loupe et pincette<br \/>\n&#8211;    Bo\u00eetes de Petri<br \/>\nPourquoi choisir SES Creative ?<br \/>\nChez SES Creative, nous accordons une grande importance \u00e0 la s\u00e9curit\u00e9. C&rsquo;est pourquoi nos produits sont fabriqu\u00e9s et test\u00e9s dans notre usine aux Pays-Bas, conform\u00e9ment aux normes de s\u00e9curit\u00e9 europ\u00e9ennes les plus strictes. Les jouets SES Creative sont source de plaisir et permettent aux enfants d&rsquo;\u00eatre fiers de leur travail, ce qui stimule leur cr\u00e9ativit\u00e9 et leur d\u00e9veloppement.<br \/>\nPartez d\u00e8s aujourd&rsquo;hui \u00e0 la d\u00e9couverte avec l&rsquo;Insect Explorer !<br \/>\nLe kit Insect Explorer vous permet d&rsquo;explorer la nature de pr\u00e8s et d&rsquo;en apprendre davantage sur le monde fascinant des insectes. Pr\u00e9parez votre valise et partez \u00e0 l&rsquo;aventure dans la nature !<\/p>\n","protected":false},"excerpt":{"rendered":"<p>Partez \u00e0 l&rsquo;aventure avec l&rsquo;Insect Explorer ! Prenez votre Insect Explorer et partez \u00e0 la d\u00e9couverte de la nature ! Gr\u00e2ce \u00e0 ce kit complet, les enfants peuvent explorer le monde fascinant des insectes. Que vous partiez \u00e0 la recherche de petites b\u00eates rampantes dans le jardin, au parc ou lors d&rsquo;une promenade en for\u00eat, [&hellip;]<\/p>\n","protected":false},"featured_media":106076,"comment_status":"closed","ping_status":"closed","template":"","meta":{"_acf_changed":false},"product_brand":[],"product_cat":[128],"product_tag":[],"class_list":{"0":"post-118502","1":"product","2":"type-product","3":"status-publish","4":"has-post-thumbnail","6":"product_cat-decouvrir","7":"pa_leeftijd-filter-4-6-ans","8":"pa_meest-populair-bij-garcons-filles","10":"first","11":"instock","12":"shipping-taxable","13":"product-type-simple"},"acf":[],"yoast_head":"<!-- This site is optimized with the Yoast SEO plugin v27.4 - https:\/\/yoast.com\/product\/yoast-seo-wordpress\/ -->\n<title>Explorateur d&#039;insectes - SES Creative<\/title>\n<meta name=\"robots\" content=\"index, follow, max-snippet:-1, max-image-preview:large, max-video-preview:-1\" \/>\n<link rel=\"canonical\" href=\"https:\/\/ses-creative.com\/fr\/produit\/explorateur-dinsectes\/\" \/>\n<meta property=\"og:locale\" content=\"fr_FR\" \/>\n<meta property=\"og:type\" content=\"article\" \/>\n<meta property=\"og:title\" content=\"Explorateur d&#039;insectes - SES Creative\" \/>\n<meta property=\"og:description\" content=\"Partez \u00e0 l&rsquo;aventure avec l&rsquo;Insect Explorer ! Prenez votre Insect Explorer et partez \u00e0 la d\u00e9couverte de la nature ! Gr\u00e2ce \u00e0 ce kit complet, les enfants peuvent explorer le monde fascinant des insectes. Que vous partiez \u00e0 la recherche de petites b\u00eates rampantes dans le jardin, au parc ou lors d&rsquo;une promenade en for\u00eat, [&hellip;]\" \/>\n<meta property=\"og:url\" content=\"https:\/\/ses-creative.com\/fr\/produit\/explorateur-dinsectes\/\" \/>\n<meta property=\"og:site_name\" content=\"SES Creative\" \/>\n<meta property=\"article:modified_time\" content=\"2026-02-12T10:23:24+00:00\" \/>\n<meta name=\"twitter:card\" content=\"summary_large_image\" \/>\n<meta name=\"twitter:label1\" content=\"Dur\u00e9e de lecture estim\u00e9e\" \/>\n\t<meta name=\"twitter:data1\" content=\"2 minutes\" \/>\n<script type=\"application\/ld+json\" class=\"yoast-schema-graph\">{\"@context\":\"https:\\\/\\\/schema.org\",\"@graph\":[{\"@type\":\"WebPage\",\"@id\":\"https:\\\/\\\/ses-creative.com\\\/fr\\\/produit\\\/explorateur-dinsectes\\\/\",\"url\":\"https:\\\/\\\/ses-creative.com\\\/fr\\\/produit\\\/explorateur-dinsectes\\\/\",\"name\":\"Explorateur d'insectes - SES Creative\",\"isPartOf\":{\"@id\":\"https:\\\/\\\/ses-creative.com\\\/#website\"},\"primaryImageOfPage\":{\"@id\":\"https:\\\/\\\/ses-creative.com\\\/fr\\\/produit\\\/explorateur-dinsectes\\\/#primaryimage\"},\"image\":{\"@id\":\"https:\\\/\\\/ses-creative.com\\\/fr\\\/produit\\\/explorateur-dinsectes\\\/#primaryimage\"},\"thumbnailUrl\":\"https:\\\/\\\/ses-creative.com\\\/wp-content\\\/uploads\\\/2026\\\/01\\\/251161.jpg\",\"datePublished\":\"2026-02-12T10:09:59+00:00\",\"dateModified\":\"2026-02-12T10:23:24+00:00\",\"breadcrumb\":{\"@id\":\"https:\\\/\\\/ses-creative.com\\\/fr\\\/produit\\\/explorateur-dinsectes\\\/#breadcrumb\"},\"inLanguage\":\"fr-FR\",\"potentialAction\":[{\"@type\":\"ReadAction\",\"target\":[\"https:\\\/\\\/ses-creative.com\\\/fr\\\/produit\\\/explorateur-dinsectes\\\/\"]}]},{\"@type\":\"ImageObject\",\"inLanguage\":\"fr-FR\",\"@id\":\"https:\\\/\\\/ses-creative.com\\\/fr\\\/produit\\\/explorateur-dinsectes\\\/#primaryimage\",\"url\":\"https:\\\/\\\/ses-creative.com\\\/wp-content\\\/uploads\\\/2026\\\/01\\\/251161.jpg\",\"contentUrl\":\"https:\\\/\\\/ses-creative.com\\\/wp-content\\\/uploads\\\/2026\\\/01\\\/251161.jpg\",\"width\":1000,\"height\":1000},{\"@type\":\"BreadcrumbList\",\"@id\":\"https:\\\/\\\/ses-creative.com\\\/fr\\\/produit\\\/explorateur-dinsectes\\\/#breadcrumb\",\"itemListElement\":[{\"@type\":\"ListItem\",\"position\":1,\"name\":\"Boutique\",\"item\":\"https:\\\/\\\/ses-creative.com\\\/fr\\\/boutique\\\/\"},{\"@type\":\"ListItem\",\"position\":2,\"name\":\"D\u00e9couvrir\",\"item\":\"https:\\\/\\\/ses-creative.com\\\/fr\\\/product-categorie\\\/decouvrir\\\/\"},{\"@type\":\"ListItem\",\"position\":3,\"name\":\"Explorateur d&#8217;insectes\"}]},{\"@type\":\"WebSite\",\"@id\":\"https:\\\/\\\/ses-creative.com\\\/#website\",\"url\":\"https:\\\/\\\/ses-creative.com\\\/\",\"name\":\"SES Creative\",\"description\":\"\",\"publisher\":{\"@id\":\"https:\\\/\\\/ses-creative.com\\\/#organization\"},\"potentialAction\":[{\"@type\":\"SearchAction\",\"target\":{\"@type\":\"EntryPoint\",\"urlTemplate\":\"https:\\\/\\\/ses-creative.com\\\/?s={search_term_string}\"},\"query-input\":{\"@type\":\"PropertyValueSpecification\",\"valueRequired\":true,\"valueName\":\"search_term_string\"}}],\"inLanguage\":\"fr-FR\"},{\"@type\":\"Organization\",\"@id\":\"https:\\\/\\\/ses-creative.com\\\/#organization\",\"name\":\"SES Creative\",\"url\":\"https:\\\/\\\/ses-creative.com\\\/\",\"logo\":{\"@type\":\"ImageObject\",\"inLanguage\":\"fr-FR\",\"@id\":\"https:\\\/\\\/ses-creative.com\\\/#\\\/schema\\\/logo\\\/image\\\/\",\"url\":\"https:\\\/\\\/ses-creative.com\\\/wp-content\\\/uploads\\\/2025\\\/10\\\/ses-creative-logo.jpg\",\"contentUrl\":\"https:\\\/\\\/ses-creative.com\\\/wp-content\\\/uploads\\\/2025\\\/10\\\/ses-creative-logo.jpg\",\"width\":2037,\"height\":2037,\"caption\":\"SES Creative\"},\"image\":{\"@id\":\"https:\\\/\\\/ses-creative.com\\\/#\\\/schema\\\/logo\\\/image\\\/\"}}]}<\/script>\n<!-- \/ Yoast SEO plugin. -->","yoast_head_json":{"title":"Explorateur d'insectes - SES Creative","robots":{"index":"index","follow":"follow","max-snippet":"max-snippet:-1","max-image-preview":"max-image-preview:large","max-video-preview":"max-video-preview:-1"},"canonical":"https:\/\/ses-creative.com\/fr\/produit\/explorateur-dinsectes\/","og_locale":"fr_FR","og_type":"article","og_title":"Explorateur d'insectes - SES Creative","og_description":"Partez \u00e0 l&rsquo;aventure avec l&rsquo;Insect Explorer ! Prenez votre Insect Explorer et partez \u00e0 la d\u00e9couverte de la nature ! Gr\u00e2ce \u00e0 ce kit complet, les enfants peuvent explorer le monde fascinant des insectes. Que vous partiez \u00e0 la recherche de petites b\u00eates rampantes dans le jardin, au parc ou lors d&rsquo;une promenade en for\u00eat, [&hellip;]","og_url":"https:\/\/ses-creative.com\/fr\/produit\/explorateur-dinsectes\/","og_site_name":"SES Creative","article_modified_time":"2026-02-12T10:23:24+00:00","twitter_card":"summary_large_image","twitter_misc":{"Dur\u00e9e de lecture estim\u00e9e":"2 minutes"},"schema":{"@context":"https:\/\/schema.org","@graph":[{"@type":"WebPage","@id":"https:\/\/ses-creative.com\/fr\/produit\/explorateur-dinsectes\/","url":"https:\/\/ses-creative.com\/fr\/produit\/explorateur-dinsectes\/","name":"Explorateur d'insectes - SES Creative","isPartOf":{"@id":"https:\/\/ses-creative.com\/#website"},"primaryImageOfPage":{"@id":"https:\/\/ses-creative.com\/fr\/produit\/explorateur-dinsectes\/#primaryimage"},"image":{"@id":"https:\/\/ses-creative.com\/fr\/produit\/explorateur-dinsectes\/#primaryimage"},"thumbnailUrl":"https:\/\/ses-creative.com\/wp-content\/uploads\/2026\/01\/251161.jpg","datePublished":"2026-02-12T10:09:59+00:00","dateModified":"2026-02-12T10:23:24+00:00","breadcrumb":{"@id":"https:\/\/ses-creative.com\/fr\/produit\/explorateur-dinsectes\/#breadcrumb"},"inLanguage":"fr-FR","potentialAction":[{"@type":"ReadAction","target":["https:\/\/ses-creative.com\/fr\/produit\/explorateur-dinsectes\/"]}]},{"@type":"ImageObject","inLanguage":"fr-FR","@id":"https:\/\/ses-creative.com\/fr\/produit\/explorateur-dinsectes\/#primaryimage","url":"https:\/\/ses-creative.com\/wp-content\/uploads\/2026\/01\/251161.jpg","contentUrl":"https:\/\/ses-creative.com\/wp-content\/uploads\/2026\/01\/251161.jpg","width":1000,"height":1000},{"@type":"BreadcrumbList","@id":"https:\/\/ses-creative.com\/fr\/produit\/explorateur-dinsectes\/#breadcrumb","itemListElement":[{"@type":"ListItem","position":1,"name":"Boutique","item":"https:\/\/ses-creative.com\/fr\/boutique\/"},{"@type":"ListItem","position":2,"name":"D\u00e9couvrir","item":"https:\/\/ses-creative.com\/fr\/product-categorie\/decouvrir\/"},{"@type":"ListItem","position":3,"name":"Explorateur d&#8217;insectes"}]},{"@type":"WebSite","@id":"https:\/\/ses-creative.com\/#website","url":"https:\/\/ses-creative.com\/","name":"SES Creative","description":"","publisher":{"@id":"https:\/\/ses-creative.com\/#organization"},"potentialAction":[{"@type":"SearchAction","target":{"@type":"EntryPoint","urlTemplate":"https:\/\/ses-creative.com\/?s={search_term_string}"},"query-input":{"@type":"PropertyValueSpecification","valueRequired":true,"valueName":"search_term_string"}}],"inLanguage":"fr-FR"},{"@type":"Organization","@id":"https:\/\/ses-creative.com\/#organization","name":"SES Creative","url":"https:\/\/ses-creative.com\/","logo":{"@type":"ImageObject","inLanguage":"fr-FR","@id":"https:\/\/ses-creative.com\/#\/schema\/logo\/image\/","url":"https:\/\/ses-creative.com\/wp-content\/uploads\/2025\/10\/ses-creative-logo.jpg","contentUrl":"https:\/\/ses-creative.com\/wp-content\/uploads\/2025\/10\/ses-creative-logo.jpg","width":2037,"height":2037,"caption":"SES Creative"},"image":{"@id":"https:\/\/ses-creative.com\/#\/schema\/logo\/image\/"}}]}},"_links":{"self":[{"href":"https:\/\/ses-creative.com\/fr\/wp-json\/wp\/v2\/product\/118502","targetHints":{"allow":["GET"]}}],"collection":[{"href":"https:\/\/ses-creative.com\/fr\/wp-json\/wp\/v2\/product"}],"about":[{"href":"https:\/\/ses-creative.com\/fr\/wp-json\/wp\/v2\/types\/product"}],"replies":[{"embeddable":true,"href":"https:\/\/ses-creative.com\/fr\/wp-json\/wp\/v2\/comments?post=118502"}],"wp:featuredmedia":[{"embeddable":true,"href":"https:\/\/ses-creative.com\/fr\/wp-json\/wp\/v2\/media\/106076"}],"wp:attachment":[{"href":"https:\/\/ses-creative.com\/fr\/wp-json\/wp\/v2\/media?parent=118502"}],"wp:term":[{"taxonomy":"product_brand","embeddable":true,"href":"https:\/\/ses-creative.com\/fr\/wp-json\/wp\/v2\/product_brand?post=118502"},{"taxonomy":"product_cat","embeddable":true,"href":"https:\/\/ses-creative.com\/fr\/wp-json\/wp\/v2\/product_cat?post=118502"},{"taxonomy":"product_tag","embeddable":true,"href":"https:\/\/ses-creative.com\/fr\/wp-json\/wp\/v2\/product_tag?post=118502"}],"curies":[{"name":"wp","href":"https:\/\/api.w.org\/{rel}","templated":true}]}}