











{"id":118501,"date":"2026-02-12T10:09:59","date_gmt":"2026-02-12T10:09:59","guid":{"rendered":"https:\/\/ses-creative.com\/?post_type=product&#038;p=118501"},"modified":"2026-02-12T10:23:23","modified_gmt":"2026-02-12T10:23:23","slug":"cree-des-cristaux-et-des-pierres-precieuses","status":"publish","type":"product","link":"https:\/\/ses-creative.com\/fr\/produit\/cree-des-cristaux-et-des-pierres-precieuses\/","title":{"rendered":"Cr\u00e9e des cristaux et des pierres pr\u00e9cieuses"},"content":{"rendered":"<p>Cr\u00e9ez vos propres cristaux et pierres pr\u00e9cieuses !<br \/>\nAvec ce kit magique, vous pouvez faire pousser vos propres cristaux et pierres pr\u00e9cieuses. Id\u00e9al pour les enfants curieux qui aiment exp\u00e9rimenter et d\u00e9couvrir. Avec un peu de patience et la bonne technique, vous verrez comment des pierres ordinaires se transforment en cristaux \u00e9tincelants.<br \/>\nCe qui rend ce kit g\u00e9nial<br \/>\n&#8211;    Faites pousser facilement vos propres cristaux<br \/>\n&#8211;    Contient tout ce dont vous avez besoin<br \/>\n&#8211;    D\u00e9veloppe la curiosit\u00e9 scientifique<br \/>\n&#8211;    Parfait pour les enfants \u00e0 partir de 8 ans<br \/>\n&#8211;    Encourage l&rsquo;exp\u00e9rimentation<br \/>\nCr\u00e9ez vos propres cristaux<br \/>\nCe kit permet aux enfants de faire pousser leurs propres cristaux de mani\u00e8re ludique et \u00e9ducative. Gr\u00e2ce \u00e0 l&rsquo;alun et aux pierres fournis, ils peuvent exp\u00e9rimenter et observer la formation progressive des cristaux. Le processus est facile \u00e0 suivre gr\u00e2ce au mode d&#8217;emploi clair. Ce kit est id\u00e9al pour les enfants qui s&rsquo;int\u00e9ressent \u00e0 la science et \u00e0 la nature. Il offre une occasion unique d&rsquo;apprendre la cristallisation et la chimie de mani\u00e8re pratique et captivante. Parfait pour occuper les enfants et stimuler leur curiosit\u00e9 scientifique.<br \/>\nContenu du kit<br \/>\n&#8211;    Pierre verte, rose et blanche<br \/>\n&#8211;    Alun<br \/>\n&#8211;    Baguettes<br \/>\n&#8211;    Mode d&#8217;emploi<br \/>\nPourquoi choisir SES Creative ?<br \/>\nChez SES Creative, nous accordons une grande importance \u00e0 la s\u00e9curit\u00e9. C&rsquo;est pourquoi nos produits sont fabriqu\u00e9s et test\u00e9s dans notre usine aux Pays-Bas, conform\u00e9ment aux normes de s\u00e9curit\u00e9 europ\u00e9ennes les plus strictes. Les jouets SES Creative sont source de plaisir et permettent aux enfants d&rsquo;\u00eatre fiers de leur travail, ce qui stimule leur cr\u00e9ativit\u00e9 et leur d\u00e9veloppement.<br \/>\nCommencez d\u00e8s aujourd&rsquo;hui \u00e0 faire pousser des cristaux<br \/>\nD\u00e9couvrez le processus magique de la culture des cristaux et cr\u00e9ez vos propres pierres pr\u00e9cieuses \u00e9tincelantes. Parfait pour des heures de jeu et d&rsquo;apprentissage !<\/p>\n","protected":false},"excerpt":{"rendered":"<p>Cr\u00e9ez vos propres cristaux et pierres pr\u00e9cieuses ! Avec ce kit magique, vous pouvez faire pousser vos propres cristaux et pierres pr\u00e9cieuses. Id\u00e9al pour les enfants curieux qui aiment exp\u00e9rimenter et d\u00e9couvrir. Avec un peu de patience et la bonne technique, vous verrez comment des pierres ordinaires se transforment en cristaux \u00e9tincelants. Ce qui rend [&hellip;]<\/p>\n","protected":false},"featured_media":106056,"comment_status":"closed","ping_status":"closed","template":"","meta":{"_acf_changed":false},"product_brand":[],"product_cat":[128],"product_tag":[],"class_list":{"0":"post-118501","1":"product","2":"type-product","3":"status-publish","4":"has-post-thumbnail","6":"product_cat-decouvrir","7":"pa_leeftijd-filter-6-ans","8":"pa_meest-populair-bij-garcons-filles","10":"first","11":"instock","12":"shipping-taxable","13":"product-type-simple"},"acf":[],"yoast_head":"<!-- This site is optimized with the Yoast SEO plugin v27.4 - https:\/\/yoast.com\/product\/yoast-seo-wordpress\/ -->\n<title>Cr\u00e9e des cristaux et des pierres pr\u00e9cieuses - SES Creative<\/title>\n<meta name=\"robots\" content=\"index, follow, max-snippet:-1, max-image-preview:large, max-video-preview:-1\" \/>\n<link rel=\"canonical\" href=\"https:\/\/ses-creative.com\/fr\/produit\/cree-des-cristaux-et-des-pierres-precieuses\/\" \/>\n<meta property=\"og:locale\" content=\"fr_FR\" \/>\n<meta property=\"og:type\" content=\"article\" \/>\n<meta property=\"og:title\" content=\"Cr\u00e9e des cristaux et des pierres pr\u00e9cieuses - SES Creative\" \/>\n<meta property=\"og:description\" content=\"Cr\u00e9ez vos propres cristaux et pierres pr\u00e9cieuses ! Avec ce kit magique, vous pouvez faire pousser vos propres cristaux et pierres pr\u00e9cieuses. Id\u00e9al pour les enfants curieux qui aiment exp\u00e9rimenter et d\u00e9couvrir. Avec un peu de patience et la bonne technique, vous verrez comment des pierres ordinaires se transforment en cristaux \u00e9tincelants. Ce qui rend [&hellip;]\" \/>\n<meta property=\"og:url\" content=\"https:\/\/ses-creative.com\/fr\/produit\/cree-des-cristaux-et-des-pierres-precieuses\/\" \/>\n<meta property=\"og:site_name\" content=\"SES Creative\" \/>\n<meta property=\"article:modified_time\" content=\"2026-02-12T10:23:23+00:00\" \/>\n<meta name=\"twitter:card\" content=\"summary_large_image\" \/>\n<meta name=\"twitter:label1\" content=\"Dur\u00e9e de lecture estim\u00e9e\" \/>\n\t<meta name=\"twitter:data1\" content=\"2 minutes\" \/>\n<script type=\"application\/ld+json\" class=\"yoast-schema-graph\">{\"@context\":\"https:\\\/\\\/schema.org\",\"@graph\":[{\"@type\":\"WebPage\",\"@id\":\"https:\\\/\\\/ses-creative.com\\\/fr\\\/produit\\\/cree-des-cristaux-et-des-pierres-precieuses\\\/\",\"url\":\"https:\\\/\\\/ses-creative.com\\\/fr\\\/produit\\\/cree-des-cristaux-et-des-pierres-precieuses\\\/\",\"name\":\"Cr\u00e9e des cristaux et des pierres pr\u00e9cieuses - SES Creative\",\"isPartOf\":{\"@id\":\"https:\\\/\\\/ses-creative.com\\\/#website\"},\"primaryImageOfPage\":{\"@id\":\"https:\\\/\\\/ses-creative.com\\\/fr\\\/produit\\\/cree-des-cristaux-et-des-pierres-precieuses\\\/#primaryimage\"},\"image\":{\"@id\":\"https:\\\/\\\/ses-creative.com\\\/fr\\\/produit\\\/cree-des-cristaux-et-des-pierres-precieuses\\\/#primaryimage\"},\"thumbnailUrl\":\"https:\\\/\\\/ses-creative.com\\\/wp-content\\\/uploads\\\/2026\\\/01\\\/251151.jpg\",\"datePublished\":\"2026-02-12T10:09:59+00:00\",\"dateModified\":\"2026-02-12T10:23:23+00:00\",\"breadcrumb\":{\"@id\":\"https:\\\/\\\/ses-creative.com\\\/fr\\\/produit\\\/cree-des-cristaux-et-des-pierres-precieuses\\\/#breadcrumb\"},\"inLanguage\":\"fr-FR\",\"potentialAction\":[{\"@type\":\"ReadAction\",\"target\":[\"https:\\\/\\\/ses-creative.com\\\/fr\\\/produit\\\/cree-des-cristaux-et-des-pierres-precieuses\\\/\"]}]},{\"@type\":\"ImageObject\",\"inLanguage\":\"fr-FR\",\"@id\":\"https:\\\/\\\/ses-creative.com\\\/fr\\\/produit\\\/cree-des-cristaux-et-des-pierres-precieuses\\\/#primaryimage\",\"url\":\"https:\\\/\\\/ses-creative.com\\\/wp-content\\\/uploads\\\/2026\\\/01\\\/251151.jpg\",\"contentUrl\":\"https:\\\/\\\/ses-creative.com\\\/wp-content\\\/uploads\\\/2026\\\/01\\\/251151.jpg\",\"width\":1000,\"height\":1000},{\"@type\":\"BreadcrumbList\",\"@id\":\"https:\\\/\\\/ses-creative.com\\\/fr\\\/produit\\\/cree-des-cristaux-et-des-pierres-precieuses\\\/#breadcrumb\",\"itemListElement\":[{\"@type\":\"ListItem\",\"position\":1,\"name\":\"Boutique\",\"item\":\"https:\\\/\\\/ses-creative.com\\\/fr\\\/boutique\\\/\"},{\"@type\":\"ListItem\",\"position\":2,\"name\":\"D\u00e9couvrir\",\"item\":\"https:\\\/\\\/ses-creative.com\\\/fr\\\/product-categorie\\\/decouvrir\\\/\"},{\"@type\":\"ListItem\",\"position\":3,\"name\":\"Cr\u00e9e des cristaux et des pierres pr\u00e9cieuses\"}]},{\"@type\":\"WebSite\",\"@id\":\"https:\\\/\\\/ses-creative.com\\\/#website\",\"url\":\"https:\\\/\\\/ses-creative.com\\\/\",\"name\":\"SES Creative\",\"description\":\"\",\"publisher\":{\"@id\":\"https:\\\/\\\/ses-creative.com\\\/#organization\"},\"potentialAction\":[{\"@type\":\"SearchAction\",\"target\":{\"@type\":\"EntryPoint\",\"urlTemplate\":\"https:\\\/\\\/ses-creative.com\\\/?s={search_term_string}\"},\"query-input\":{\"@type\":\"PropertyValueSpecification\",\"valueRequired\":true,\"valueName\":\"search_term_string\"}}],\"inLanguage\":\"fr-FR\"},{\"@type\":\"Organization\",\"@id\":\"https:\\\/\\\/ses-creative.com\\\/#organization\",\"name\":\"SES Creative\",\"url\":\"https:\\\/\\\/ses-creative.com\\\/\",\"logo\":{\"@type\":\"ImageObject\",\"inLanguage\":\"fr-FR\",\"@id\":\"https:\\\/\\\/ses-creative.com\\\/#\\\/schema\\\/logo\\\/image\\\/\",\"url\":\"https:\\\/\\\/ses-creative.com\\\/wp-content\\\/uploads\\\/2025\\\/10\\\/ses-creative-logo.jpg\",\"contentUrl\":\"https:\\\/\\\/ses-creative.com\\\/wp-content\\\/uploads\\\/2025\\\/10\\\/ses-creative-logo.jpg\",\"width\":2037,\"height\":2037,\"caption\":\"SES Creative\"},\"image\":{\"@id\":\"https:\\\/\\\/ses-creative.com\\\/#\\\/schema\\\/logo\\\/image\\\/\"}}]}<\/script>\n<!-- \/ Yoast SEO plugin. -->","yoast_head_json":{"title":"Cr\u00e9e des cristaux et des pierres pr\u00e9cieuses - SES Creative","robots":{"index":"index","follow":"follow","max-snippet":"max-snippet:-1","max-image-preview":"max-image-preview:large","max-video-preview":"max-video-preview:-1"},"canonical":"https:\/\/ses-creative.com\/fr\/produit\/cree-des-cristaux-et-des-pierres-precieuses\/","og_locale":"fr_FR","og_type":"article","og_title":"Cr\u00e9e des cristaux et des pierres pr\u00e9cieuses - SES Creative","og_description":"Cr\u00e9ez vos propres cristaux et pierres pr\u00e9cieuses ! Avec ce kit magique, vous pouvez faire pousser vos propres cristaux et pierres pr\u00e9cieuses. Id\u00e9al pour les enfants curieux qui aiment exp\u00e9rimenter et d\u00e9couvrir. Avec un peu de patience et la bonne technique, vous verrez comment des pierres ordinaires se transforment en cristaux \u00e9tincelants. Ce qui rend [&hellip;]","og_url":"https:\/\/ses-creative.com\/fr\/produit\/cree-des-cristaux-et-des-pierres-precieuses\/","og_site_name":"SES Creative","article_modified_time":"2026-02-12T10:23:23+00:00","twitter_card":"summary_large_image","twitter_misc":{"Dur\u00e9e de lecture estim\u00e9e":"2 minutes"},"schema":{"@context":"https:\/\/schema.org","@graph":[{"@type":"WebPage","@id":"https:\/\/ses-creative.com\/fr\/produit\/cree-des-cristaux-et-des-pierres-precieuses\/","url":"https:\/\/ses-creative.com\/fr\/produit\/cree-des-cristaux-et-des-pierres-precieuses\/","name":"Cr\u00e9e des cristaux et des pierres pr\u00e9cieuses - SES Creative","isPartOf":{"@id":"https:\/\/ses-creative.com\/#website"},"primaryImageOfPage":{"@id":"https:\/\/ses-creative.com\/fr\/produit\/cree-des-cristaux-et-des-pierres-precieuses\/#primaryimage"},"image":{"@id":"https:\/\/ses-creative.com\/fr\/produit\/cree-des-cristaux-et-des-pierres-precieuses\/#primaryimage"},"thumbnailUrl":"https:\/\/ses-creative.com\/wp-content\/uploads\/2026\/01\/251151.jpg","datePublished":"2026-02-12T10:09:59+00:00","dateModified":"2026-02-12T10:23:23+00:00","breadcrumb":{"@id":"https:\/\/ses-creative.com\/fr\/produit\/cree-des-cristaux-et-des-pierres-precieuses\/#breadcrumb"},"inLanguage":"fr-FR","potentialAction":[{"@type":"ReadAction","target":["https:\/\/ses-creative.com\/fr\/produit\/cree-des-cristaux-et-des-pierres-precieuses\/"]}]},{"@type":"ImageObject","inLanguage":"fr-FR","@id":"https:\/\/ses-creative.com\/fr\/produit\/cree-des-cristaux-et-des-pierres-precieuses\/#primaryimage","url":"https:\/\/ses-creative.com\/wp-content\/uploads\/2026\/01\/251151.jpg","contentUrl":"https:\/\/ses-creative.com\/wp-content\/uploads\/2026\/01\/251151.jpg","width":1000,"height":1000},{"@type":"BreadcrumbList","@id":"https:\/\/ses-creative.com\/fr\/produit\/cree-des-cristaux-et-des-pierres-precieuses\/#breadcrumb","itemListElement":[{"@type":"ListItem","position":1,"name":"Boutique","item":"https:\/\/ses-creative.com\/fr\/boutique\/"},{"@type":"ListItem","position":2,"name":"D\u00e9couvrir","item":"https:\/\/ses-creative.com\/fr\/product-categorie\/decouvrir\/"},{"@type":"ListItem","position":3,"name":"Cr\u00e9e des cristaux et des pierres pr\u00e9cieuses"}]},{"@type":"WebSite","@id":"https:\/\/ses-creative.com\/#website","url":"https:\/\/ses-creative.com\/","name":"SES Creative","description":"","publisher":{"@id":"https:\/\/ses-creative.com\/#organization"},"potentialAction":[{"@type":"SearchAction","target":{"@type":"EntryPoint","urlTemplate":"https:\/\/ses-creative.com\/?s={search_term_string}"},"query-input":{"@type":"PropertyValueSpecification","valueRequired":true,"valueName":"search_term_string"}}],"inLanguage":"fr-FR"},{"@type":"Organization","@id":"https:\/\/ses-creative.com\/#organization","name":"SES Creative","url":"https:\/\/ses-creative.com\/","logo":{"@type":"ImageObject","inLanguage":"fr-FR","@id":"https:\/\/ses-creative.com\/#\/schema\/logo\/image\/","url":"https:\/\/ses-creative.com\/wp-content\/uploads\/2025\/10\/ses-creative-logo.jpg","contentUrl":"https:\/\/ses-creative.com\/wp-content\/uploads\/2025\/10\/ses-creative-logo.jpg","width":2037,"height":2037,"caption":"SES Creative"},"image":{"@id":"https:\/\/ses-creative.com\/#\/schema\/logo\/image\/"}}]}},"_links":{"self":[{"href":"https:\/\/ses-creative.com\/fr\/wp-json\/wp\/v2\/product\/118501","targetHints":{"allow":["GET"]}}],"collection":[{"href":"https:\/\/ses-creative.com\/fr\/wp-json\/wp\/v2\/product"}],"about":[{"href":"https:\/\/ses-creative.com\/fr\/wp-json\/wp\/v2\/types\/product"}],"replies":[{"embeddable":true,"href":"https:\/\/ses-creative.com\/fr\/wp-json\/wp\/v2\/comments?post=118501"}],"wp:featuredmedia":[{"embeddable":true,"href":"https:\/\/ses-creative.com\/fr\/wp-json\/wp\/v2\/media\/106056"}],"wp:attachment":[{"href":"https:\/\/ses-creative.com\/fr\/wp-json\/wp\/v2\/media?parent=118501"}],"wp:term":[{"taxonomy":"product_brand","embeddable":true,"href":"https:\/\/ses-creative.com\/fr\/wp-json\/wp\/v2\/product_brand?post=118501"},{"taxonomy":"product_cat","embeddable":true,"href":"https:\/\/ses-creative.com\/fr\/wp-json\/wp\/v2\/product_cat?post=118501"},{"taxonomy":"product_tag","embeddable":true,"href":"https:\/\/ses-creative.com\/fr\/wp-json\/wp\/v2\/product_tag?post=118501"}],"curies":[{"name":"wp","href":"https:\/\/api.w.org\/{rel}","templated":true}]}}