











{"id":118500,"date":"2026-02-12T10:09:59","date_gmt":"2026-02-12T10:09:59","guid":{"rendered":"https:\/\/ses-creative.com\/?post_type=product&#038;p=118500"},"modified":"2026-02-12T10:23:23","modified_gmt":"2026-02-12T10:23:23","slug":"mangeoire-pour-oiseaux","status":"publish","type":"product","link":"https:\/\/ses-creative.com\/fr\/produit\/mangeoire-pour-oiseaux\/","title":{"rendered":"Mangeoire pour oiseaux"},"content":{"rendered":"<p>Construisez votre propre mangeoire \u00e0 oiseaux !<br \/>\nC&rsquo;est g\u00e9nial ! Vous pouvez d\u00e9sormais construire votre propre mangeoire en bois et g\u00e2ter les oiseaux de votre jardin. Ce kit contient toutes les pi\u00e8ces en bois dont vous avez besoin pour fabriquer une mangeoire solide et esth\u00e9tique. Accrochez-la dans votre jardin ou sur votre balcon et profitez du spectacle des oiseaux qui viennent se r\u00e9galer de la nourriture que vous leur avez pr\u00e9par\u00e9e.<br \/>\nCe qui rend ce kit g\u00e9nial<br \/>\n&#8211;    Fabriqu\u00e9 en bois v\u00e9ritable<br \/>\n&#8211;    Agr\u00e9able \u00e0 assembler. Construction simple<br \/>\n&#8211;    Aspect naturel qui s&rsquo;int\u00e8gre parfaitement dans n&rsquo;importe quel jardin<br \/>\n&#8211;    Convient aux enfants \u00e0 partir de 5 ans<br \/>\n&#8211; D\u00e9couvrez les oiseaux dans votre jardin<br \/>\nFaites une diff\u00e9rence pour les oiseaux de votre jardin<br \/>\nAvec ce kit, les enfants peuvent construire, d\u00e9corer et suspendre leur propre mangeoire \u00e0 oiseaux. Non seulement c&rsquo;est amusant, mais cela aide aussi les oiseaux de votre r\u00e9gion en leur offrant un endroit o\u00f9 ils peuvent manger en toute s\u00e9curit\u00e9. Parfait pour les jeunes amoureux de la nature !<br \/>\nContenu du kit<br \/>\n&#8211;    Pi\u00e8ces en bois<br \/>\n&#8211;    Fil de coton<br \/>\n&#8211;    Colle<br \/>\n&#8211;    Perles en bois pour la d\u00e9coration<br \/>\nPourquoi choisir SES Creative ?<br \/>\nChez SES Creative, nous accordons une grande importance \u00e0 la s\u00e9curit\u00e9. C&rsquo;est pourquoi nos produits sont fabriqu\u00e9s et test\u00e9s dans notre usine aux Pays-Bas, conform\u00e9ment aux normes de s\u00e9curit\u00e9 europ\u00e9ennes les plus strictes. Les jouets SES Creative sont source de plaisir et permettent aux enfants d&rsquo;\u00eatre fiers de leur travail, ce qui stimule leur cr\u00e9ativit\u00e9 et leur d\u00e9veloppement.<br \/>\nCommencez d\u00e8s aujourd&rsquo;hui \u00e0 construire votre mangeoire \u00e0 oiseaux !<br \/>\nOffrez aux oiseaux de votre jardin un endroit sp\u00e9cial avec cette mangeoire faite maison. Une excellente fa\u00e7on d&rsquo;\u00eatre cr\u00e9atif tout en aidant la nature !<\/p>\n","protected":false},"excerpt":{"rendered":"<p>Construisez votre propre mangeoire \u00e0 oiseaux ! C&rsquo;est g\u00e9nial ! Vous pouvez d\u00e9sormais construire votre propre mangeoire en bois et g\u00e2ter les oiseaux de votre jardin. Ce kit contient toutes les pi\u00e8ces en bois dont vous avez besoin pour fabriquer une mangeoire solide et esth\u00e9tique. Accrochez-la dans votre jardin ou sur votre balcon et profitez [&hellip;]<\/p>\n","protected":false},"featured_media":107638,"comment_status":"closed","ping_status":"closed","template":"","meta":{"_acf_changed":false},"product_brand":[],"product_cat":[114],"product_tag":[],"class_list":{"0":"post-118500","1":"product","2":"type-product","3":"status-publish","4":"has-post-thumbnail","6":"product_cat-ontdekken","7":"pa_leeftijd-filter-4-6-ans","8":"pa_meest-populair-bij-garcons-filles","10":"first","11":"instock","12":"shipping-taxable","13":"product-type-simple"},"acf":[],"yoast_head":"<!-- This site is optimized with the Yoast SEO plugin v27.4 - https:\/\/yoast.com\/product\/yoast-seo-wordpress\/ -->\n<title>Mangeoire pour oiseaux - SES Creative<\/title>\n<meta name=\"robots\" content=\"index, follow, max-snippet:-1, max-image-preview:large, max-video-preview:-1\" \/>\n<link rel=\"canonical\" href=\"https:\/\/ses-creative.com\/fr\/produit\/mangeoire-pour-oiseaux\/\" \/>\n<meta property=\"og:locale\" content=\"fr_FR\" \/>\n<meta property=\"og:type\" content=\"article\" \/>\n<meta property=\"og:title\" content=\"Mangeoire pour oiseaux - SES Creative\" \/>\n<meta property=\"og:description\" content=\"Construisez votre propre mangeoire \u00e0 oiseaux ! C&rsquo;est g\u00e9nial ! Vous pouvez d\u00e9sormais construire votre propre mangeoire en bois et g\u00e2ter les oiseaux de votre jardin. Ce kit contient toutes les pi\u00e8ces en bois dont vous avez besoin pour fabriquer une mangeoire solide et esth\u00e9tique. Accrochez-la dans votre jardin ou sur votre balcon et profitez [&hellip;]\" \/>\n<meta property=\"og:url\" content=\"https:\/\/ses-creative.com\/fr\/produit\/mangeoire-pour-oiseaux\/\" \/>\n<meta property=\"og:site_name\" content=\"SES Creative\" \/>\n<meta property=\"article:modified_time\" content=\"2026-02-12T10:23:23+00:00\" \/>\n<meta name=\"twitter:card\" content=\"summary_large_image\" \/>\n<meta name=\"twitter:label1\" content=\"Dur\u00e9e de lecture estim\u00e9e\" \/>\n\t<meta name=\"twitter:data1\" content=\"2 minutes\" \/>\n<script type=\"application\/ld+json\" class=\"yoast-schema-graph\">{\"@context\":\"https:\\\/\\\/schema.org\",\"@graph\":[{\"@type\":\"WebPage\",\"@id\":\"https:\\\/\\\/ses-creative.com\\\/fr\\\/produit\\\/mangeoire-pour-oiseaux\\\/\",\"url\":\"https:\\\/\\\/ses-creative.com\\\/fr\\\/produit\\\/mangeoire-pour-oiseaux\\\/\",\"name\":\"Mangeoire pour oiseaux - SES Creative\",\"isPartOf\":{\"@id\":\"https:\\\/\\\/ses-creative.com\\\/#website\"},\"primaryImageOfPage\":{\"@id\":\"https:\\\/\\\/ses-creative.com\\\/fr\\\/produit\\\/mangeoire-pour-oiseaux\\\/#primaryimage\"},\"image\":{\"@id\":\"https:\\\/\\\/ses-creative.com\\\/fr\\\/produit\\\/mangeoire-pour-oiseaux\\\/#primaryimage\"},\"thumbnailUrl\":\"https:\\\/\\\/ses-creative.com\\\/wp-content\\\/uploads\\\/2026\\\/01\\\/251141-1.jpg\",\"datePublished\":\"2026-02-12T10:09:59+00:00\",\"dateModified\":\"2026-02-12T10:23:23+00:00\",\"breadcrumb\":{\"@id\":\"https:\\\/\\\/ses-creative.com\\\/fr\\\/produit\\\/mangeoire-pour-oiseaux\\\/#breadcrumb\"},\"inLanguage\":\"fr-FR\",\"potentialAction\":[{\"@type\":\"ReadAction\",\"target\":[\"https:\\\/\\\/ses-creative.com\\\/fr\\\/produit\\\/mangeoire-pour-oiseaux\\\/\"]}]},{\"@type\":\"ImageObject\",\"inLanguage\":\"fr-FR\",\"@id\":\"https:\\\/\\\/ses-creative.com\\\/fr\\\/produit\\\/mangeoire-pour-oiseaux\\\/#primaryimage\",\"url\":\"https:\\\/\\\/ses-creative.com\\\/wp-content\\\/uploads\\\/2026\\\/01\\\/251141-1.jpg\",\"contentUrl\":\"https:\\\/\\\/ses-creative.com\\\/wp-content\\\/uploads\\\/2026\\\/01\\\/251141-1.jpg\",\"width\":1000,\"height\":1000},{\"@type\":\"BreadcrumbList\",\"@id\":\"https:\\\/\\\/ses-creative.com\\\/fr\\\/produit\\\/mangeoire-pour-oiseaux\\\/#breadcrumb\",\"itemListElement\":[{\"@type\":\"ListItem\",\"position\":1,\"name\":\"Boutique\",\"item\":\"https:\\\/\\\/ses-creative.com\\\/fr\\\/boutique\\\/\"},{\"@type\":\"ListItem\",\"position\":2,\"name\":\"Ontdekken\",\"item\":\"https:\\\/\\\/ses-creative.com\\\/product-categorie\\\/ontdekken\\\/\"},{\"@type\":\"ListItem\",\"position\":3,\"name\":\"Mangeoire pour oiseaux\"}]},{\"@type\":\"WebSite\",\"@id\":\"https:\\\/\\\/ses-creative.com\\\/#website\",\"url\":\"https:\\\/\\\/ses-creative.com\\\/\",\"name\":\"SES Creative\",\"description\":\"\",\"publisher\":{\"@id\":\"https:\\\/\\\/ses-creative.com\\\/#organization\"},\"potentialAction\":[{\"@type\":\"SearchAction\",\"target\":{\"@type\":\"EntryPoint\",\"urlTemplate\":\"https:\\\/\\\/ses-creative.com\\\/?s={search_term_string}\"},\"query-input\":{\"@type\":\"PropertyValueSpecification\",\"valueRequired\":true,\"valueName\":\"search_term_string\"}}],\"inLanguage\":\"fr-FR\"},{\"@type\":\"Organization\",\"@id\":\"https:\\\/\\\/ses-creative.com\\\/#organization\",\"name\":\"SES Creative\",\"url\":\"https:\\\/\\\/ses-creative.com\\\/\",\"logo\":{\"@type\":\"ImageObject\",\"inLanguage\":\"fr-FR\",\"@id\":\"https:\\\/\\\/ses-creative.com\\\/#\\\/schema\\\/logo\\\/image\\\/\",\"url\":\"https:\\\/\\\/ses-creative.com\\\/wp-content\\\/uploads\\\/2025\\\/10\\\/ses-creative-logo.jpg\",\"contentUrl\":\"https:\\\/\\\/ses-creative.com\\\/wp-content\\\/uploads\\\/2025\\\/10\\\/ses-creative-logo.jpg\",\"width\":2037,\"height\":2037,\"caption\":\"SES Creative\"},\"image\":{\"@id\":\"https:\\\/\\\/ses-creative.com\\\/#\\\/schema\\\/logo\\\/image\\\/\"}}]}<\/script>\n<!-- \/ Yoast SEO plugin. -->","yoast_head_json":{"title":"Mangeoire pour oiseaux - SES Creative","robots":{"index":"index","follow":"follow","max-snippet":"max-snippet:-1","max-image-preview":"max-image-preview:large","max-video-preview":"max-video-preview:-1"},"canonical":"https:\/\/ses-creative.com\/fr\/produit\/mangeoire-pour-oiseaux\/","og_locale":"fr_FR","og_type":"article","og_title":"Mangeoire pour oiseaux - SES Creative","og_description":"Construisez votre propre mangeoire \u00e0 oiseaux ! C&rsquo;est g\u00e9nial ! Vous pouvez d\u00e9sormais construire votre propre mangeoire en bois et g\u00e2ter les oiseaux de votre jardin. Ce kit contient toutes les pi\u00e8ces en bois dont vous avez besoin pour fabriquer une mangeoire solide et esth\u00e9tique. Accrochez-la dans votre jardin ou sur votre balcon et profitez [&hellip;]","og_url":"https:\/\/ses-creative.com\/fr\/produit\/mangeoire-pour-oiseaux\/","og_site_name":"SES Creative","article_modified_time":"2026-02-12T10:23:23+00:00","twitter_card":"summary_large_image","twitter_misc":{"Dur\u00e9e de lecture estim\u00e9e":"2 minutes"},"schema":{"@context":"https:\/\/schema.org","@graph":[{"@type":"WebPage","@id":"https:\/\/ses-creative.com\/fr\/produit\/mangeoire-pour-oiseaux\/","url":"https:\/\/ses-creative.com\/fr\/produit\/mangeoire-pour-oiseaux\/","name":"Mangeoire pour oiseaux - SES Creative","isPartOf":{"@id":"https:\/\/ses-creative.com\/#website"},"primaryImageOfPage":{"@id":"https:\/\/ses-creative.com\/fr\/produit\/mangeoire-pour-oiseaux\/#primaryimage"},"image":{"@id":"https:\/\/ses-creative.com\/fr\/produit\/mangeoire-pour-oiseaux\/#primaryimage"},"thumbnailUrl":"https:\/\/ses-creative.com\/wp-content\/uploads\/2026\/01\/251141-1.jpg","datePublished":"2026-02-12T10:09:59+00:00","dateModified":"2026-02-12T10:23:23+00:00","breadcrumb":{"@id":"https:\/\/ses-creative.com\/fr\/produit\/mangeoire-pour-oiseaux\/#breadcrumb"},"inLanguage":"fr-FR","potentialAction":[{"@type":"ReadAction","target":["https:\/\/ses-creative.com\/fr\/produit\/mangeoire-pour-oiseaux\/"]}]},{"@type":"ImageObject","inLanguage":"fr-FR","@id":"https:\/\/ses-creative.com\/fr\/produit\/mangeoire-pour-oiseaux\/#primaryimage","url":"https:\/\/ses-creative.com\/wp-content\/uploads\/2026\/01\/251141-1.jpg","contentUrl":"https:\/\/ses-creative.com\/wp-content\/uploads\/2026\/01\/251141-1.jpg","width":1000,"height":1000},{"@type":"BreadcrumbList","@id":"https:\/\/ses-creative.com\/fr\/produit\/mangeoire-pour-oiseaux\/#breadcrumb","itemListElement":[{"@type":"ListItem","position":1,"name":"Boutique","item":"https:\/\/ses-creative.com\/fr\/boutique\/"},{"@type":"ListItem","position":2,"name":"Ontdekken","item":"https:\/\/ses-creative.com\/product-categorie\/ontdekken\/"},{"@type":"ListItem","position":3,"name":"Mangeoire pour oiseaux"}]},{"@type":"WebSite","@id":"https:\/\/ses-creative.com\/#website","url":"https:\/\/ses-creative.com\/","name":"SES Creative","description":"","publisher":{"@id":"https:\/\/ses-creative.com\/#organization"},"potentialAction":[{"@type":"SearchAction","target":{"@type":"EntryPoint","urlTemplate":"https:\/\/ses-creative.com\/?s={search_term_string}"},"query-input":{"@type":"PropertyValueSpecification","valueRequired":true,"valueName":"search_term_string"}}],"inLanguage":"fr-FR"},{"@type":"Organization","@id":"https:\/\/ses-creative.com\/#organization","name":"SES Creative","url":"https:\/\/ses-creative.com\/","logo":{"@type":"ImageObject","inLanguage":"fr-FR","@id":"https:\/\/ses-creative.com\/#\/schema\/logo\/image\/","url":"https:\/\/ses-creative.com\/wp-content\/uploads\/2025\/10\/ses-creative-logo.jpg","contentUrl":"https:\/\/ses-creative.com\/wp-content\/uploads\/2025\/10\/ses-creative-logo.jpg","width":2037,"height":2037,"caption":"SES Creative"},"image":{"@id":"https:\/\/ses-creative.com\/#\/schema\/logo\/image\/"}}]}},"_links":{"self":[{"href":"https:\/\/ses-creative.com\/fr\/wp-json\/wp\/v2\/product\/118500","targetHints":{"allow":["GET"]}}],"collection":[{"href":"https:\/\/ses-creative.com\/fr\/wp-json\/wp\/v2\/product"}],"about":[{"href":"https:\/\/ses-creative.com\/fr\/wp-json\/wp\/v2\/types\/product"}],"replies":[{"embeddable":true,"href":"https:\/\/ses-creative.com\/fr\/wp-json\/wp\/v2\/comments?post=118500"}],"wp:featuredmedia":[{"embeddable":true,"href":"https:\/\/ses-creative.com\/fr\/wp-json\/wp\/v2\/media\/107638"}],"wp:attachment":[{"href":"https:\/\/ses-creative.com\/fr\/wp-json\/wp\/v2\/media?parent=118500"}],"wp:term":[{"taxonomy":"product_brand","embeddable":true,"href":"https:\/\/ses-creative.com\/fr\/wp-json\/wp\/v2\/product_brand?post=118500"},{"taxonomy":"product_cat","embeddable":true,"href":"https:\/\/ses-creative.com\/fr\/wp-json\/wp\/v2\/product_cat?post=118500"},{"taxonomy":"product_tag","embeddable":true,"href":"https:\/\/ses-creative.com\/fr\/wp-json\/wp\/v2\/product_tag?post=118500"}],"curies":[{"name":"wp","href":"https:\/\/api.w.org\/{rel}","templated":true}]}}