











{"id":118499,"date":"2026-02-12T10:09:58","date_gmt":"2026-02-12T10:09:58","guid":{"rendered":"https:\/\/ses-creative.com\/?post_type=product&#038;p=118499"},"modified":"2026-02-12T10:23:22","modified_gmt":"2026-02-12T10:23:22","slug":"recherche-ton-dinosaures-et-de-squelettes-2-en-1-stegosaur","status":"publish","type":"product","link":"https:\/\/ses-creative.com\/fr\/produit\/recherche-ton-dinosaures-et-de-squelettes-2-en-1-stegosaur\/","title":{"rendered":"Recherche ton dinosaures et de squelettes 2 en 1 &#8211; St\u00e9gosaur"},"content":{"rendered":"<p>Creusez et d\u00e9couvrez : aventure St\u00e9gosaure 2 en 1 !<br \/>\nLib\u00e9rez l&rsquo;arch\u00e9ologue qui sommeille en vous avec ce set 2 en 1 passionnant ! Creusez pour d\u00e9couvrir un impressionnant squelette de st\u00e9gosaure, puis d\u00e9couvrez une superbe figurine de st\u00e9gosaure. Ce set offre deux fois plus de plaisir aux jeunes explorateurs qui aiment les dinosaures et l&rsquo;aventure. Une fa\u00e7on parfaite d&rsquo;apprendre en s&rsquo;amusant et de profiter d&rsquo;une fouille passionnante !<br \/>\nCe qui rend ce set g\u00e9nial<br \/>\n&#8211;    Set 2 en 1 avec squelette de st\u00e9gosaure et figurine<br \/>\n&#8211;    Combine fouilles et jeu<br \/>\n&#8211;    Stimule la curiosit\u00e9 et les capacit\u00e9s motrices<br \/>\n&#8211;    Comprend tous les outils n\u00e9cessaires<br \/>\n&#8211;    Parfait pour les enfants \u00e0 partir de 5 ans<br \/>\nD\u00e9couvrez le plaisir de fouiller et de jouer<br \/>\nAvec ce kit, les enfants peuvent d&rsquo;abord fouiller pour d\u00e9couvrir le squelette du st\u00e9gosaure, puis s&rsquo;amuser avec la figurine du st\u00e9gosaure. Une combinaison g\u00e9niale d&rsquo;apprentissage et de jeu qui inspire les jeunes pal\u00e9ontologues. Ce kit est id\u00e9al pour les parents qui souhaitent faire profiter leurs enfants d&rsquo;une activit\u00e9 \u00e9ducative et aventureuse. Il offre une fa\u00e7on amusante de jouer et d&rsquo;apprendre, tout en stimulant la motricit\u00e9 fine et l&rsquo;imagination de votre enfant.<br \/>\nContenu du set<br \/>\n&#8211;    Figurine Stegosaurus<br \/>\n&#8211;    Bloc de b\u00fbches avec squelette de st\u00e9gosaure<br \/>\n&#8211;    Marteau et burin en bois<br \/>\nPourquoi choisir SES Creative ?<br \/>\nChez SES Creative, nous accordons une grande importance \u00e0 la s\u00e9curit\u00e9. C&rsquo;est pourquoi nos produits sont fabriqu\u00e9s et test\u00e9s dans notre usine aux Pays-Bas, conform\u00e9ment aux normes de s\u00e9curit\u00e9 europ\u00e9ennes les plus strictes. Les jouets SES Creative sont source de plaisir et permettent aux enfants d&rsquo;\u00eatre fiers de leur travail, ce qui stimule leur cr\u00e9ativit\u00e9 et leur d\u00e9veloppement.<br \/>\nCommencez d\u00e8s aujourd&rsquo;hui \u00e0 fouiller et \u00e0 jouer<br \/>\nD\u00e9couvrez le plaisir de l&rsquo;arch\u00e9ologie et de l&rsquo;aventure avec ce set 2 en 1 St\u00e9gosaure. Parfait pour des heures d&rsquo;apprentissage et de jeu !<\/p>\n","protected":false},"excerpt":{"rendered":"<p>Creusez et d\u00e9couvrez : aventure St\u00e9gosaure 2 en 1 ! Lib\u00e9rez l&rsquo;arch\u00e9ologue qui sommeille en vous avec ce set 2 en 1 passionnant ! Creusez pour d\u00e9couvrir un impressionnant squelette de st\u00e9gosaure, puis d\u00e9couvrez une superbe figurine de st\u00e9gosaure. Ce set offre deux fois plus de plaisir aux jeunes explorateurs qui aiment les dinosaures et [&hellip;]<\/p>\n","protected":false},"featured_media":107633,"comment_status":"closed","ping_status":"closed","template":"","meta":{"_acf_changed":false},"product_brand":[],"product_cat":[128],"product_tag":[],"class_list":{"0":"post-118499","1":"product","2":"type-product","3":"status-publish","4":"has-post-thumbnail","6":"product_cat-decouvrir","7":"pa_leeftijd-filter-4-6-ans","8":"pa_meest-populair-bij-garcons-filles","10":"first","11":"instock","12":"shipping-taxable","13":"product-type-simple"},"acf":[],"yoast_head":"<!-- This site is optimized with the Yoast SEO plugin v27.4 - https:\/\/yoast.com\/product\/yoast-seo-wordpress\/ -->\n<title>Recherche ton dinosaures et de squelettes 2 en 1 - St\u00e9gosaur - SES Creative<\/title>\n<meta name=\"robots\" content=\"index, follow, max-snippet:-1, max-image-preview:large, max-video-preview:-1\" \/>\n<link rel=\"canonical\" href=\"https:\/\/ses-creative.com\/fr\/produit\/recherche-ton-dinosaures-et-de-squelettes-2-en-1-stegosaur\/\" \/>\n<meta property=\"og:locale\" content=\"fr_FR\" \/>\n<meta property=\"og:type\" content=\"article\" \/>\n<meta property=\"og:title\" content=\"Recherche ton dinosaures et de squelettes 2 en 1 - St\u00e9gosaur - SES Creative\" \/>\n<meta property=\"og:description\" content=\"Creusez et d\u00e9couvrez : aventure St\u00e9gosaure 2 en 1 ! Lib\u00e9rez l&rsquo;arch\u00e9ologue qui sommeille en vous avec ce set 2 en 1 passionnant ! Creusez pour d\u00e9couvrir un impressionnant squelette de st\u00e9gosaure, puis d\u00e9couvrez une superbe figurine de st\u00e9gosaure. Ce set offre deux fois plus de plaisir aux jeunes explorateurs qui aiment les dinosaures et [&hellip;]\" \/>\n<meta property=\"og:url\" content=\"https:\/\/ses-creative.com\/fr\/produit\/recherche-ton-dinosaures-et-de-squelettes-2-en-1-stegosaur\/\" \/>\n<meta property=\"og:site_name\" content=\"SES Creative\" \/>\n<meta property=\"article:modified_time\" content=\"2026-02-12T10:23:22+00:00\" \/>\n<meta name=\"twitter:card\" content=\"summary_large_image\" \/>\n<meta name=\"twitter:label1\" content=\"Dur\u00e9e de lecture estim\u00e9e\" \/>\n\t<meta name=\"twitter:data1\" content=\"2 minutes\" \/>\n<script type=\"application\/ld+json\" class=\"yoast-schema-graph\">{\"@context\":\"https:\\\/\\\/schema.org\",\"@graph\":[{\"@type\":\"WebPage\",\"@id\":\"https:\\\/\\\/ses-creative.com\\\/fr\\\/produit\\\/recherche-ton-dinosaures-et-de-squelettes-2-en-1-stegosaur\\\/\",\"url\":\"https:\\\/\\\/ses-creative.com\\\/fr\\\/produit\\\/recherche-ton-dinosaures-et-de-squelettes-2-en-1-stegosaur\\\/\",\"name\":\"Recherche ton dinosaures et de squelettes 2 en 1 - St\u00e9gosaur - SES Creative\",\"isPartOf\":{\"@id\":\"https:\\\/\\\/ses-creative.com\\\/#website\"},\"primaryImageOfPage\":{\"@id\":\"https:\\\/\\\/ses-creative.com\\\/fr\\\/produit\\\/recherche-ton-dinosaures-et-de-squelettes-2-en-1-stegosaur\\\/#primaryimage\"},\"image\":{\"@id\":\"https:\\\/\\\/ses-creative.com\\\/fr\\\/produit\\\/recherche-ton-dinosaures-et-de-squelettes-2-en-1-stegosaur\\\/#primaryimage\"},\"thumbnailUrl\":\"https:\\\/\\\/ses-creative.com\\\/wp-content\\\/uploads\\\/2026\\\/01\\\/250941-1.jpg\",\"datePublished\":\"2026-02-12T10:09:58+00:00\",\"dateModified\":\"2026-02-12T10:23:22+00:00\",\"breadcrumb\":{\"@id\":\"https:\\\/\\\/ses-creative.com\\\/fr\\\/produit\\\/recherche-ton-dinosaures-et-de-squelettes-2-en-1-stegosaur\\\/#breadcrumb\"},\"inLanguage\":\"fr-FR\",\"potentialAction\":[{\"@type\":\"ReadAction\",\"target\":[\"https:\\\/\\\/ses-creative.com\\\/fr\\\/produit\\\/recherche-ton-dinosaures-et-de-squelettes-2-en-1-stegosaur\\\/\"]}]},{\"@type\":\"ImageObject\",\"inLanguage\":\"fr-FR\",\"@id\":\"https:\\\/\\\/ses-creative.com\\\/fr\\\/produit\\\/recherche-ton-dinosaures-et-de-squelettes-2-en-1-stegosaur\\\/#primaryimage\",\"url\":\"https:\\\/\\\/ses-creative.com\\\/wp-content\\\/uploads\\\/2026\\\/01\\\/250941-1.jpg\",\"contentUrl\":\"https:\\\/\\\/ses-creative.com\\\/wp-content\\\/uploads\\\/2026\\\/01\\\/250941-1.jpg\",\"width\":1000,\"height\":1000},{\"@type\":\"BreadcrumbList\",\"@id\":\"https:\\\/\\\/ses-creative.com\\\/fr\\\/produit\\\/recherche-ton-dinosaures-et-de-squelettes-2-en-1-stegosaur\\\/#breadcrumb\",\"itemListElement\":[{\"@type\":\"ListItem\",\"position\":1,\"name\":\"Boutique\",\"item\":\"https:\\\/\\\/ses-creative.com\\\/fr\\\/boutique\\\/\"},{\"@type\":\"ListItem\",\"position\":2,\"name\":\"D\u00e9couvrir\",\"item\":\"https:\\\/\\\/ses-creative.com\\\/fr\\\/product-categorie\\\/decouvrir\\\/\"},{\"@type\":\"ListItem\",\"position\":3,\"name\":\"Recherche ton dinosaures et de squelettes 2 en 1 &#8211; St\u00e9gosaur\"}]},{\"@type\":\"WebSite\",\"@id\":\"https:\\\/\\\/ses-creative.com\\\/#website\",\"url\":\"https:\\\/\\\/ses-creative.com\\\/\",\"name\":\"SES Creative\",\"description\":\"\",\"publisher\":{\"@id\":\"https:\\\/\\\/ses-creative.com\\\/#organization\"},\"potentialAction\":[{\"@type\":\"SearchAction\",\"target\":{\"@type\":\"EntryPoint\",\"urlTemplate\":\"https:\\\/\\\/ses-creative.com\\\/?s={search_term_string}\"},\"query-input\":{\"@type\":\"PropertyValueSpecification\",\"valueRequired\":true,\"valueName\":\"search_term_string\"}}],\"inLanguage\":\"fr-FR\"},{\"@type\":\"Organization\",\"@id\":\"https:\\\/\\\/ses-creative.com\\\/#organization\",\"name\":\"SES Creative\",\"url\":\"https:\\\/\\\/ses-creative.com\\\/\",\"logo\":{\"@type\":\"ImageObject\",\"inLanguage\":\"fr-FR\",\"@id\":\"https:\\\/\\\/ses-creative.com\\\/#\\\/schema\\\/logo\\\/image\\\/\",\"url\":\"https:\\\/\\\/ses-creative.com\\\/wp-content\\\/uploads\\\/2025\\\/10\\\/ses-creative-logo.jpg\",\"contentUrl\":\"https:\\\/\\\/ses-creative.com\\\/wp-content\\\/uploads\\\/2025\\\/10\\\/ses-creative-logo.jpg\",\"width\":2037,\"height\":2037,\"caption\":\"SES Creative\"},\"image\":{\"@id\":\"https:\\\/\\\/ses-creative.com\\\/#\\\/schema\\\/logo\\\/image\\\/\"}}]}<\/script>\n<!-- \/ Yoast SEO plugin. -->","yoast_head_json":{"title":"Recherche ton dinosaures et de squelettes 2 en 1 - St\u00e9gosaur - SES Creative","robots":{"index":"index","follow":"follow","max-snippet":"max-snippet:-1","max-image-preview":"max-image-preview:large","max-video-preview":"max-video-preview:-1"},"canonical":"https:\/\/ses-creative.com\/fr\/produit\/recherche-ton-dinosaures-et-de-squelettes-2-en-1-stegosaur\/","og_locale":"fr_FR","og_type":"article","og_title":"Recherche ton dinosaures et de squelettes 2 en 1 - St\u00e9gosaur - SES Creative","og_description":"Creusez et d\u00e9couvrez : aventure St\u00e9gosaure 2 en 1 ! Lib\u00e9rez l&rsquo;arch\u00e9ologue qui sommeille en vous avec ce set 2 en 1 passionnant ! Creusez pour d\u00e9couvrir un impressionnant squelette de st\u00e9gosaure, puis d\u00e9couvrez une superbe figurine de st\u00e9gosaure. Ce set offre deux fois plus de plaisir aux jeunes explorateurs qui aiment les dinosaures et [&hellip;]","og_url":"https:\/\/ses-creative.com\/fr\/produit\/recherche-ton-dinosaures-et-de-squelettes-2-en-1-stegosaur\/","og_site_name":"SES Creative","article_modified_time":"2026-02-12T10:23:22+00:00","twitter_card":"summary_large_image","twitter_misc":{"Dur\u00e9e de lecture estim\u00e9e":"2 minutes"},"schema":{"@context":"https:\/\/schema.org","@graph":[{"@type":"WebPage","@id":"https:\/\/ses-creative.com\/fr\/produit\/recherche-ton-dinosaures-et-de-squelettes-2-en-1-stegosaur\/","url":"https:\/\/ses-creative.com\/fr\/produit\/recherche-ton-dinosaures-et-de-squelettes-2-en-1-stegosaur\/","name":"Recherche ton dinosaures et de squelettes 2 en 1 - St\u00e9gosaur - SES Creative","isPartOf":{"@id":"https:\/\/ses-creative.com\/#website"},"primaryImageOfPage":{"@id":"https:\/\/ses-creative.com\/fr\/produit\/recherche-ton-dinosaures-et-de-squelettes-2-en-1-stegosaur\/#primaryimage"},"image":{"@id":"https:\/\/ses-creative.com\/fr\/produit\/recherche-ton-dinosaures-et-de-squelettes-2-en-1-stegosaur\/#primaryimage"},"thumbnailUrl":"https:\/\/ses-creative.com\/wp-content\/uploads\/2026\/01\/250941-1.jpg","datePublished":"2026-02-12T10:09:58+00:00","dateModified":"2026-02-12T10:23:22+00:00","breadcrumb":{"@id":"https:\/\/ses-creative.com\/fr\/produit\/recherche-ton-dinosaures-et-de-squelettes-2-en-1-stegosaur\/#breadcrumb"},"inLanguage":"fr-FR","potentialAction":[{"@type":"ReadAction","target":["https:\/\/ses-creative.com\/fr\/produit\/recherche-ton-dinosaures-et-de-squelettes-2-en-1-stegosaur\/"]}]},{"@type":"ImageObject","inLanguage":"fr-FR","@id":"https:\/\/ses-creative.com\/fr\/produit\/recherche-ton-dinosaures-et-de-squelettes-2-en-1-stegosaur\/#primaryimage","url":"https:\/\/ses-creative.com\/wp-content\/uploads\/2026\/01\/250941-1.jpg","contentUrl":"https:\/\/ses-creative.com\/wp-content\/uploads\/2026\/01\/250941-1.jpg","width":1000,"height":1000},{"@type":"BreadcrumbList","@id":"https:\/\/ses-creative.com\/fr\/produit\/recherche-ton-dinosaures-et-de-squelettes-2-en-1-stegosaur\/#breadcrumb","itemListElement":[{"@type":"ListItem","position":1,"name":"Boutique","item":"https:\/\/ses-creative.com\/fr\/boutique\/"},{"@type":"ListItem","position":2,"name":"D\u00e9couvrir","item":"https:\/\/ses-creative.com\/fr\/product-categorie\/decouvrir\/"},{"@type":"ListItem","position":3,"name":"Recherche ton dinosaures et de squelettes 2 en 1 &#8211; St\u00e9gosaur"}]},{"@type":"WebSite","@id":"https:\/\/ses-creative.com\/#website","url":"https:\/\/ses-creative.com\/","name":"SES Creative","description":"","publisher":{"@id":"https:\/\/ses-creative.com\/#organization"},"potentialAction":[{"@type":"SearchAction","target":{"@type":"EntryPoint","urlTemplate":"https:\/\/ses-creative.com\/?s={search_term_string}"},"query-input":{"@type":"PropertyValueSpecification","valueRequired":true,"valueName":"search_term_string"}}],"inLanguage":"fr-FR"},{"@type":"Organization","@id":"https:\/\/ses-creative.com\/#organization","name":"SES Creative","url":"https:\/\/ses-creative.com\/","logo":{"@type":"ImageObject","inLanguage":"fr-FR","@id":"https:\/\/ses-creative.com\/#\/schema\/logo\/image\/","url":"https:\/\/ses-creative.com\/wp-content\/uploads\/2025\/10\/ses-creative-logo.jpg","contentUrl":"https:\/\/ses-creative.com\/wp-content\/uploads\/2025\/10\/ses-creative-logo.jpg","width":2037,"height":2037,"caption":"SES Creative"},"image":{"@id":"https:\/\/ses-creative.com\/#\/schema\/logo\/image\/"}}]}},"_links":{"self":[{"href":"https:\/\/ses-creative.com\/fr\/wp-json\/wp\/v2\/product\/118499","targetHints":{"allow":["GET"]}}],"collection":[{"href":"https:\/\/ses-creative.com\/fr\/wp-json\/wp\/v2\/product"}],"about":[{"href":"https:\/\/ses-creative.com\/fr\/wp-json\/wp\/v2\/types\/product"}],"replies":[{"embeddable":true,"href":"https:\/\/ses-creative.com\/fr\/wp-json\/wp\/v2\/comments?post=118499"}],"wp:featuredmedia":[{"embeddable":true,"href":"https:\/\/ses-creative.com\/fr\/wp-json\/wp\/v2\/media\/107633"}],"wp:attachment":[{"href":"https:\/\/ses-creative.com\/fr\/wp-json\/wp\/v2\/media?parent=118499"}],"wp:term":[{"taxonomy":"product_brand","embeddable":true,"href":"https:\/\/ses-creative.com\/fr\/wp-json\/wp\/v2\/product_brand?post=118499"},{"taxonomy":"product_cat","embeddable":true,"href":"https:\/\/ses-creative.com\/fr\/wp-json\/wp\/v2\/product_cat?post=118499"},{"taxonomy":"product_tag","embeddable":true,"href":"https:\/\/ses-creative.com\/fr\/wp-json\/wp\/v2\/product_tag?post=118499"}],"curies":[{"name":"wp","href":"https:\/\/api.w.org\/{rel}","templated":true}]}}