











{"id":118496,"date":"2026-02-12T10:09:57","date_gmt":"2026-02-12T10:09:57","guid":{"rendered":"https:\/\/ses-creative.com\/?post_type=product&#038;p=118496"},"modified":"2026-02-12T10:23:22","modified_gmt":"2026-02-12T10:23:22","slug":"geodes-a-ouvrir","status":"publish","type":"product","link":"https:\/\/ses-creative.com\/fr\/produit\/geodes-a-ouvrir\/","title":{"rendered":"G\u00e9odes \u00e0 ouvrir"},"content":{"rendered":"<p>Ce coffret SES Creative permet aux enfants de d\u00e9couvrir la beaut\u00e9 cach\u00e9e des pierres naturelles en ouvrant de v\u00e9ritables g\u00e9odes. Il comprend 3 pierres \u00e0 briser, un sac de s\u00e9curit\u00e9 et une notice explicative. L\u2019activit\u00e9 consiste \u00e0 ins\u00e9rer une g\u00e9ode dans le sac fourni puis \u00e0 la casser avec un marteau domestique (non inclus), r\u00e9v\u00e9lant des cristaux uniques \u00e0 l\u2019int\u00e9rieur. Chaque pierre est diff\u00e9rente, offrant une surprise visuelle et tactile \u00e0 chaque ouverture. Ce jeu favorise l\u2019\u00e9veil scientifique, stimule l\u2019observation, la motricit\u00e9 fine et l\u2019int\u00e9r\u00eat pour la nature. Fabriqu\u00e9 \u00e0 Enschede, aux Pays-Bas, ce produit est 100 % neutre en CO\u2082 et con\u00e7u dans le respect des normes de qualit\u00e9 SES Creative.<\/p>\n","protected":false},"excerpt":{"rendered":"<p>Ce coffret SES Creative permet aux enfants de d\u00e9couvrir la beaut\u00e9 cach\u00e9e des pierres naturelles en ouvrant de v\u00e9ritables g\u00e9odes. Il comprend 3 pierres \u00e0 briser, un sac de s\u00e9curit\u00e9 et une notice explicative. L\u2019activit\u00e9 consiste \u00e0 ins\u00e9rer une g\u00e9ode dans le sac fourni puis \u00e0 la casser avec un marteau domestique (non inclus), r\u00e9v\u00e9lant [&hellip;]<\/p>\n","protected":false},"featured_media":105956,"comment_status":"closed","ping_status":"closed","template":"","meta":{"_acf_changed":false},"product_brand":[],"product_cat":[128],"product_tag":[],"class_list":{"0":"post-118496","1":"product","2":"type-product","3":"status-publish","4":"has-post-thumbnail","6":"product_cat-decouvrir","7":"pa_leeftijd-filter-6-ans","8":"pa_meest-populair-bij-garcons-filles","10":"first","11":"instock","12":"shipping-taxable","13":"product-type-simple"},"acf":[],"yoast_head":"<!-- This site is optimized with the Yoast SEO plugin v27.4 - https:\/\/yoast.com\/product\/yoast-seo-wordpress\/ -->\n<title>G\u00e9odes \u00e0 ouvrir - SES Creative<\/title>\n<meta name=\"robots\" content=\"index, follow, max-snippet:-1, max-image-preview:large, max-video-preview:-1\" \/>\n<link rel=\"canonical\" href=\"https:\/\/ses-creative.com\/fr\/produit\/geodes-a-ouvrir\/\" \/>\n<meta property=\"og:locale\" content=\"fr_FR\" \/>\n<meta property=\"og:type\" content=\"article\" \/>\n<meta property=\"og:title\" content=\"G\u00e9odes \u00e0 ouvrir - SES Creative\" \/>\n<meta property=\"og:description\" content=\"Ce coffret SES Creative permet aux enfants de d\u00e9couvrir la beaut\u00e9 cach\u00e9e des pierres naturelles en ouvrant de v\u00e9ritables g\u00e9odes. Il comprend 3 pierres \u00e0 briser, un sac de s\u00e9curit\u00e9 et une notice explicative. L\u2019activit\u00e9 consiste \u00e0 ins\u00e9rer une g\u00e9ode dans le sac fourni puis \u00e0 la casser avec un marteau domestique (non inclus), r\u00e9v\u00e9lant [&hellip;]\" \/>\n<meta property=\"og:url\" content=\"https:\/\/ses-creative.com\/fr\/produit\/geodes-a-ouvrir\/\" \/>\n<meta property=\"og:site_name\" content=\"SES Creative\" \/>\n<meta property=\"article:modified_time\" content=\"2026-02-12T10:23:22+00:00\" \/>\n<meta name=\"twitter:card\" content=\"summary_large_image\" \/>\n<meta name=\"twitter:label1\" content=\"Dur\u00e9e de lecture estim\u00e9e\" \/>\n\t<meta name=\"twitter:data1\" content=\"1 minute\" \/>\n<script type=\"application\/ld+json\" class=\"yoast-schema-graph\">{\"@context\":\"https:\\\/\\\/schema.org\",\"@graph\":[{\"@type\":\"WebPage\",\"@id\":\"https:\\\/\\\/ses-creative.com\\\/fr\\\/produit\\\/geodes-a-ouvrir\\\/\",\"url\":\"https:\\\/\\\/ses-creative.com\\\/fr\\\/produit\\\/geodes-a-ouvrir\\\/\",\"name\":\"G\u00e9odes \u00e0 ouvrir - SES Creative\",\"isPartOf\":{\"@id\":\"https:\\\/\\\/ses-creative.com\\\/#website\"},\"primaryImageOfPage\":{\"@id\":\"https:\\\/\\\/ses-creative.com\\\/fr\\\/produit\\\/geodes-a-ouvrir\\\/#primaryimage\"},\"image\":{\"@id\":\"https:\\\/\\\/ses-creative.com\\\/fr\\\/produit\\\/geodes-a-ouvrir\\\/#primaryimage\"},\"thumbnailUrl\":\"https:\\\/\\\/ses-creative.com\\\/wp-content\\\/uploads\\\/2026\\\/01\\\/250791.jpg\",\"datePublished\":\"2026-02-12T10:09:57+00:00\",\"dateModified\":\"2026-02-12T10:23:22+00:00\",\"breadcrumb\":{\"@id\":\"https:\\\/\\\/ses-creative.com\\\/fr\\\/produit\\\/geodes-a-ouvrir\\\/#breadcrumb\"},\"inLanguage\":\"fr-FR\",\"potentialAction\":[{\"@type\":\"ReadAction\",\"target\":[\"https:\\\/\\\/ses-creative.com\\\/fr\\\/produit\\\/geodes-a-ouvrir\\\/\"]}]},{\"@type\":\"ImageObject\",\"inLanguage\":\"fr-FR\",\"@id\":\"https:\\\/\\\/ses-creative.com\\\/fr\\\/produit\\\/geodes-a-ouvrir\\\/#primaryimage\",\"url\":\"https:\\\/\\\/ses-creative.com\\\/wp-content\\\/uploads\\\/2026\\\/01\\\/250791.jpg\",\"contentUrl\":\"https:\\\/\\\/ses-creative.com\\\/wp-content\\\/uploads\\\/2026\\\/01\\\/250791.jpg\",\"width\":1000,\"height\":1000},{\"@type\":\"BreadcrumbList\",\"@id\":\"https:\\\/\\\/ses-creative.com\\\/fr\\\/produit\\\/geodes-a-ouvrir\\\/#breadcrumb\",\"itemListElement\":[{\"@type\":\"ListItem\",\"position\":1,\"name\":\"Boutique\",\"item\":\"https:\\\/\\\/ses-creative.com\\\/fr\\\/boutique\\\/\"},{\"@type\":\"ListItem\",\"position\":2,\"name\":\"D\u00e9couvrir\",\"item\":\"https:\\\/\\\/ses-creative.com\\\/fr\\\/product-categorie\\\/decouvrir\\\/\"},{\"@type\":\"ListItem\",\"position\":3,\"name\":\"G\u00e9odes \u00e0 ouvrir\"}]},{\"@type\":\"WebSite\",\"@id\":\"https:\\\/\\\/ses-creative.com\\\/#website\",\"url\":\"https:\\\/\\\/ses-creative.com\\\/\",\"name\":\"SES Creative\",\"description\":\"\",\"publisher\":{\"@id\":\"https:\\\/\\\/ses-creative.com\\\/#organization\"},\"potentialAction\":[{\"@type\":\"SearchAction\",\"target\":{\"@type\":\"EntryPoint\",\"urlTemplate\":\"https:\\\/\\\/ses-creative.com\\\/?s={search_term_string}\"},\"query-input\":{\"@type\":\"PropertyValueSpecification\",\"valueRequired\":true,\"valueName\":\"search_term_string\"}}],\"inLanguage\":\"fr-FR\"},{\"@type\":\"Organization\",\"@id\":\"https:\\\/\\\/ses-creative.com\\\/#organization\",\"name\":\"SES Creative\",\"url\":\"https:\\\/\\\/ses-creative.com\\\/\",\"logo\":{\"@type\":\"ImageObject\",\"inLanguage\":\"fr-FR\",\"@id\":\"https:\\\/\\\/ses-creative.com\\\/#\\\/schema\\\/logo\\\/image\\\/\",\"url\":\"https:\\\/\\\/ses-creative.com\\\/wp-content\\\/uploads\\\/2025\\\/10\\\/ses-creative-logo.jpg\",\"contentUrl\":\"https:\\\/\\\/ses-creative.com\\\/wp-content\\\/uploads\\\/2025\\\/10\\\/ses-creative-logo.jpg\",\"width\":2037,\"height\":2037,\"caption\":\"SES Creative\"},\"image\":{\"@id\":\"https:\\\/\\\/ses-creative.com\\\/#\\\/schema\\\/logo\\\/image\\\/\"}}]}<\/script>\n<!-- \/ Yoast SEO plugin. -->","yoast_head_json":{"title":"G\u00e9odes \u00e0 ouvrir - SES Creative","robots":{"index":"index","follow":"follow","max-snippet":"max-snippet:-1","max-image-preview":"max-image-preview:large","max-video-preview":"max-video-preview:-1"},"canonical":"https:\/\/ses-creative.com\/fr\/produit\/geodes-a-ouvrir\/","og_locale":"fr_FR","og_type":"article","og_title":"G\u00e9odes \u00e0 ouvrir - SES Creative","og_description":"Ce coffret SES Creative permet aux enfants de d\u00e9couvrir la beaut\u00e9 cach\u00e9e des pierres naturelles en ouvrant de v\u00e9ritables g\u00e9odes. Il comprend 3 pierres \u00e0 briser, un sac de s\u00e9curit\u00e9 et une notice explicative. L\u2019activit\u00e9 consiste \u00e0 ins\u00e9rer une g\u00e9ode dans le sac fourni puis \u00e0 la casser avec un marteau domestique (non inclus), r\u00e9v\u00e9lant [&hellip;]","og_url":"https:\/\/ses-creative.com\/fr\/produit\/geodes-a-ouvrir\/","og_site_name":"SES Creative","article_modified_time":"2026-02-12T10:23:22+00:00","twitter_card":"summary_large_image","twitter_misc":{"Dur\u00e9e de lecture estim\u00e9e":"1 minute"},"schema":{"@context":"https:\/\/schema.org","@graph":[{"@type":"WebPage","@id":"https:\/\/ses-creative.com\/fr\/produit\/geodes-a-ouvrir\/","url":"https:\/\/ses-creative.com\/fr\/produit\/geodes-a-ouvrir\/","name":"G\u00e9odes \u00e0 ouvrir - SES Creative","isPartOf":{"@id":"https:\/\/ses-creative.com\/#website"},"primaryImageOfPage":{"@id":"https:\/\/ses-creative.com\/fr\/produit\/geodes-a-ouvrir\/#primaryimage"},"image":{"@id":"https:\/\/ses-creative.com\/fr\/produit\/geodes-a-ouvrir\/#primaryimage"},"thumbnailUrl":"https:\/\/ses-creative.com\/wp-content\/uploads\/2026\/01\/250791.jpg","datePublished":"2026-02-12T10:09:57+00:00","dateModified":"2026-02-12T10:23:22+00:00","breadcrumb":{"@id":"https:\/\/ses-creative.com\/fr\/produit\/geodes-a-ouvrir\/#breadcrumb"},"inLanguage":"fr-FR","potentialAction":[{"@type":"ReadAction","target":["https:\/\/ses-creative.com\/fr\/produit\/geodes-a-ouvrir\/"]}]},{"@type":"ImageObject","inLanguage":"fr-FR","@id":"https:\/\/ses-creative.com\/fr\/produit\/geodes-a-ouvrir\/#primaryimage","url":"https:\/\/ses-creative.com\/wp-content\/uploads\/2026\/01\/250791.jpg","contentUrl":"https:\/\/ses-creative.com\/wp-content\/uploads\/2026\/01\/250791.jpg","width":1000,"height":1000},{"@type":"BreadcrumbList","@id":"https:\/\/ses-creative.com\/fr\/produit\/geodes-a-ouvrir\/#breadcrumb","itemListElement":[{"@type":"ListItem","position":1,"name":"Boutique","item":"https:\/\/ses-creative.com\/fr\/boutique\/"},{"@type":"ListItem","position":2,"name":"D\u00e9couvrir","item":"https:\/\/ses-creative.com\/fr\/product-categorie\/decouvrir\/"},{"@type":"ListItem","position":3,"name":"G\u00e9odes \u00e0 ouvrir"}]},{"@type":"WebSite","@id":"https:\/\/ses-creative.com\/#website","url":"https:\/\/ses-creative.com\/","name":"SES Creative","description":"","publisher":{"@id":"https:\/\/ses-creative.com\/#organization"},"potentialAction":[{"@type":"SearchAction","target":{"@type":"EntryPoint","urlTemplate":"https:\/\/ses-creative.com\/?s={search_term_string}"},"query-input":{"@type":"PropertyValueSpecification","valueRequired":true,"valueName":"search_term_string"}}],"inLanguage":"fr-FR"},{"@type":"Organization","@id":"https:\/\/ses-creative.com\/#organization","name":"SES Creative","url":"https:\/\/ses-creative.com\/","logo":{"@type":"ImageObject","inLanguage":"fr-FR","@id":"https:\/\/ses-creative.com\/#\/schema\/logo\/image\/","url":"https:\/\/ses-creative.com\/wp-content\/uploads\/2025\/10\/ses-creative-logo.jpg","contentUrl":"https:\/\/ses-creative.com\/wp-content\/uploads\/2025\/10\/ses-creative-logo.jpg","width":2037,"height":2037,"caption":"SES Creative"},"image":{"@id":"https:\/\/ses-creative.com\/#\/schema\/logo\/image\/"}}]}},"_links":{"self":[{"href":"https:\/\/ses-creative.com\/fr\/wp-json\/wp\/v2\/product\/118496","targetHints":{"allow":["GET"]}}],"collection":[{"href":"https:\/\/ses-creative.com\/fr\/wp-json\/wp\/v2\/product"}],"about":[{"href":"https:\/\/ses-creative.com\/fr\/wp-json\/wp\/v2\/types\/product"}],"replies":[{"embeddable":true,"href":"https:\/\/ses-creative.com\/fr\/wp-json\/wp\/v2\/comments?post=118496"}],"wp:featuredmedia":[{"embeddable":true,"href":"https:\/\/ses-creative.com\/fr\/wp-json\/wp\/v2\/media\/105956"}],"wp:attachment":[{"href":"https:\/\/ses-creative.com\/fr\/wp-json\/wp\/v2\/media?parent=118496"}],"wp:term":[{"taxonomy":"product_brand","embeddable":true,"href":"https:\/\/ses-creative.com\/fr\/wp-json\/wp\/v2\/product_brand?post=118496"},{"taxonomy":"product_cat","embeddable":true,"href":"https:\/\/ses-creative.com\/fr\/wp-json\/wp\/v2\/product_cat?post=118496"},{"taxonomy":"product_tag","embeddable":true,"href":"https:\/\/ses-creative.com\/fr\/wp-json\/wp\/v2\/product_tag?post=118496"}],"curies":[{"name":"wp","href":"https:\/\/api.w.org\/{rel}","templated":true}]}}