











{"id":118495,"date":"2026-02-12T10:09:57","date_gmt":"2026-02-12T10:09:57","guid":{"rendered":"https:\/\/ses-creative.com\/?post_type=product&#038;p=118495"},"modified":"2026-02-12T10:23:22","modified_gmt":"2026-02-12T10:23:22","slug":"fossiles-de-dinosaures","status":"publish","type":"product","link":"https:\/\/ses-creative.com\/fr\/produit\/fossiles-de-dinosaures\/","title":{"rendered":"Fossiles de dinosaures"},"content":{"rendered":"<p>D\u00e9couvrez les fossiles de dinosaures !<br \/>\nY a-t-il un v\u00e9ritable arch\u00e9ologue qui sommeille en toi ? Avec ce kit, tu peux cr\u00e9er et d\u00e9couvrir tes propres fossiles de dinosaures. Verse le pl\u00e2tre dans les moules, attends qu&rsquo;il s\u00e8che, retire tes fossiles du moule, puis peins-les. Cr\u00e9e ainsi tes propres fossiles de dinosaures uniques. Une excellente fa\u00e7on d&rsquo;en apprendre davantage sur les dinosaures tout en constituant ta propre collection. Parfait pour les jeunes explorateurs qui adorent les dinosaures !<br \/>\nCe qui rend ce kit g\u00e9nial<br \/>\n&#8211;    De jolies figurines de dinosaures pour un r\u00e9sultat magnifique<br \/>\n&#8211;    Pl\u00e2tre \u00e0 s\u00e9chage rapide pour des r\u00e9sultats rapides<br \/>\n&#8211;    Peinture aux couleurs r\u00e9alistes des dinosaures et facilement lavable sur les v\u00eatements et la peau<br \/>\n&#8211; Stimule la curiosit\u00e9 et les capacit\u00e9s motrices<br \/>\n&#8211;    Parfait pour les enfants \u00e0 partir de 5 ans<br \/>\nD\u00e9couvrez le plaisir des dinosaures<br \/>\nAvec ce kit, les enfants peuvent cr\u00e9er et d\u00e9terrer leurs propres fossiles de dinosaures. Le processus de moulage, de s\u00e9chage et de peinture rend l&rsquo;activit\u00e9 passionnante et \u00e9ducative, tout en leur permettant d&rsquo;en apprendre davantage sur le monde fascinant des dinosaures.<br \/>\nPourquoi ce produit est-il parfait pour vous ?<br \/>\nCe kit est id\u00e9al pour les parents qui souhaitent faire profiter leurs enfants d&rsquo;une activit\u00e9 \u00e9ducative et aventureuse. Il offre un moyen ludique de jouer et d&rsquo;apprendre, tout en stimulant la motricit\u00e9 fine et l&rsquo;imagination de votre enfant.<br \/>\nContenu du kit<br \/>\n&#8211; Quatre figurines de dinosaures en plastique<br \/>\n&#8211;    Pl\u00e2tre<br \/>\n&#8211;    6 couleurs de peinture<br \/>\n&#8211;    Pinceau<br \/>\n&#8211;    P\u00e2te \u00e0 modeler pour r\u00e9aliser les moules<br \/>\nPourquoi choisir SES Creative ?<br \/>\nChez SES Creative, nous accordons une grande importance \u00e0 la s\u00e9curit\u00e9. C&rsquo;est pourquoi nos produits sont fabriqu\u00e9s et test\u00e9s dans notre usine aux Pays-Bas, conform\u00e9ment aux normes de s\u00e9curit\u00e9 europ\u00e9ennes les plus strictes. Les jouets SES Creative sont source de plaisir et permettent aux enfants d&rsquo;\u00eatre fiers de leur travail, ce qui stimule leur cr\u00e9ativit\u00e9 et leur d\u00e9veloppement.<br \/>\nCommencez d\u00e8s aujourd&rsquo;hui \u00e0 d\u00e9terrer des fossiles<br \/>\nD\u00e9couvrez les joies de l&rsquo;arch\u00e9ologie et d\u00e9terrez vos propres fossiles de dinosaures avec ce kit passionnant. Parfait pour des heures d&rsquo;apprentissage et de jeu !<\/p>\n","protected":false},"excerpt":{"rendered":"<p>D\u00e9couvrez les fossiles de dinosaures ! Y a-t-il un v\u00e9ritable arch\u00e9ologue qui sommeille en toi ? Avec ce kit, tu peux cr\u00e9er et d\u00e9couvrir tes propres fossiles de dinosaures. Verse le pl\u00e2tre dans les moules, attends qu&rsquo;il s\u00e8che, retire tes fossiles du moule, puis peins-les. Cr\u00e9e ainsi tes propres fossiles de dinosaures uniques. Une excellente [&hellip;]<\/p>\n","protected":false},"featured_media":105936,"comment_status":"closed","ping_status":"closed","template":"","meta":{"_acf_changed":false},"product_brand":[],"product_cat":[128],"product_tag":[],"class_list":{"0":"post-118495","1":"product","2":"type-product","3":"status-publish","4":"has-post-thumbnail","6":"product_cat-decouvrir","7":"pa_leeftijd-filter-4-6-ans","8":"pa_meest-populair-bij-garcons-filles","10":"first","11":"instock","12":"shipping-taxable","13":"product-type-simple"},"acf":[],"yoast_head":"<!-- This site is optimized with the Yoast SEO plugin v27.4 - https:\/\/yoast.com\/product\/yoast-seo-wordpress\/ -->\n<title>Fossiles de dinosaures - SES Creative<\/title>\n<meta name=\"robots\" content=\"index, follow, max-snippet:-1, max-image-preview:large, max-video-preview:-1\" \/>\n<link rel=\"canonical\" href=\"https:\/\/ses-creative.com\/fr\/produit\/fossiles-de-dinosaures\/\" \/>\n<meta property=\"og:locale\" content=\"fr_FR\" \/>\n<meta property=\"og:type\" content=\"article\" \/>\n<meta property=\"og:title\" content=\"Fossiles de dinosaures - SES Creative\" \/>\n<meta property=\"og:description\" content=\"D\u00e9couvrez les fossiles de dinosaures ! Y a-t-il un v\u00e9ritable arch\u00e9ologue qui sommeille en toi ? Avec ce kit, tu peux cr\u00e9er et d\u00e9couvrir tes propres fossiles de dinosaures. Verse le pl\u00e2tre dans les moules, attends qu&rsquo;il s\u00e8che, retire tes fossiles du moule, puis peins-les. Cr\u00e9e ainsi tes propres fossiles de dinosaures uniques. Une excellente [&hellip;]\" \/>\n<meta property=\"og:url\" content=\"https:\/\/ses-creative.com\/fr\/produit\/fossiles-de-dinosaures\/\" \/>\n<meta property=\"og:site_name\" content=\"SES Creative\" \/>\n<meta property=\"article:modified_time\" content=\"2026-02-12T10:23:22+00:00\" \/>\n<meta name=\"twitter:card\" content=\"summary_large_image\" \/>\n<meta name=\"twitter:label1\" content=\"Dur\u00e9e de lecture estim\u00e9e\" \/>\n\t<meta name=\"twitter:data1\" content=\"2 minutes\" \/>\n<script type=\"application\/ld+json\" class=\"yoast-schema-graph\">{\"@context\":\"https:\\\/\\\/schema.org\",\"@graph\":[{\"@type\":\"WebPage\",\"@id\":\"https:\\\/\\\/ses-creative.com\\\/fr\\\/produit\\\/fossiles-de-dinosaures\\\/\",\"url\":\"https:\\\/\\\/ses-creative.com\\\/fr\\\/produit\\\/fossiles-de-dinosaures\\\/\",\"name\":\"Fossiles de dinosaures - SES Creative\",\"isPartOf\":{\"@id\":\"https:\\\/\\\/ses-creative.com\\\/#website\"},\"primaryImageOfPage\":{\"@id\":\"https:\\\/\\\/ses-creative.com\\\/fr\\\/produit\\\/fossiles-de-dinosaures\\\/#primaryimage\"},\"image\":{\"@id\":\"https:\\\/\\\/ses-creative.com\\\/fr\\\/produit\\\/fossiles-de-dinosaures\\\/#primaryimage\"},\"thumbnailUrl\":\"https:\\\/\\\/ses-creative.com\\\/wp-content\\\/uploads\\\/2026\\\/01\\\/250771.jpg\",\"datePublished\":\"2026-02-12T10:09:57+00:00\",\"dateModified\":\"2026-02-12T10:23:22+00:00\",\"breadcrumb\":{\"@id\":\"https:\\\/\\\/ses-creative.com\\\/fr\\\/produit\\\/fossiles-de-dinosaures\\\/#breadcrumb\"},\"inLanguage\":\"fr-FR\",\"potentialAction\":[{\"@type\":\"ReadAction\",\"target\":[\"https:\\\/\\\/ses-creative.com\\\/fr\\\/produit\\\/fossiles-de-dinosaures\\\/\"]}]},{\"@type\":\"ImageObject\",\"inLanguage\":\"fr-FR\",\"@id\":\"https:\\\/\\\/ses-creative.com\\\/fr\\\/produit\\\/fossiles-de-dinosaures\\\/#primaryimage\",\"url\":\"https:\\\/\\\/ses-creative.com\\\/wp-content\\\/uploads\\\/2026\\\/01\\\/250771.jpg\",\"contentUrl\":\"https:\\\/\\\/ses-creative.com\\\/wp-content\\\/uploads\\\/2026\\\/01\\\/250771.jpg\",\"width\":1000,\"height\":1000},{\"@type\":\"BreadcrumbList\",\"@id\":\"https:\\\/\\\/ses-creative.com\\\/fr\\\/produit\\\/fossiles-de-dinosaures\\\/#breadcrumb\",\"itemListElement\":[{\"@type\":\"ListItem\",\"position\":1,\"name\":\"Boutique\",\"item\":\"https:\\\/\\\/ses-creative.com\\\/fr\\\/boutique\\\/\"},{\"@type\":\"ListItem\",\"position\":2,\"name\":\"D\u00e9couvrir\",\"item\":\"https:\\\/\\\/ses-creative.com\\\/fr\\\/product-categorie\\\/decouvrir\\\/\"},{\"@type\":\"ListItem\",\"position\":3,\"name\":\"Fossiles de dinosaures\"}]},{\"@type\":\"WebSite\",\"@id\":\"https:\\\/\\\/ses-creative.com\\\/#website\",\"url\":\"https:\\\/\\\/ses-creative.com\\\/\",\"name\":\"SES Creative\",\"description\":\"\",\"publisher\":{\"@id\":\"https:\\\/\\\/ses-creative.com\\\/#organization\"},\"potentialAction\":[{\"@type\":\"SearchAction\",\"target\":{\"@type\":\"EntryPoint\",\"urlTemplate\":\"https:\\\/\\\/ses-creative.com\\\/?s={search_term_string}\"},\"query-input\":{\"@type\":\"PropertyValueSpecification\",\"valueRequired\":true,\"valueName\":\"search_term_string\"}}],\"inLanguage\":\"fr-FR\"},{\"@type\":\"Organization\",\"@id\":\"https:\\\/\\\/ses-creative.com\\\/#organization\",\"name\":\"SES Creative\",\"url\":\"https:\\\/\\\/ses-creative.com\\\/\",\"logo\":{\"@type\":\"ImageObject\",\"inLanguage\":\"fr-FR\",\"@id\":\"https:\\\/\\\/ses-creative.com\\\/#\\\/schema\\\/logo\\\/image\\\/\",\"url\":\"https:\\\/\\\/ses-creative.com\\\/wp-content\\\/uploads\\\/2025\\\/10\\\/ses-creative-logo.jpg\",\"contentUrl\":\"https:\\\/\\\/ses-creative.com\\\/wp-content\\\/uploads\\\/2025\\\/10\\\/ses-creative-logo.jpg\",\"width\":2037,\"height\":2037,\"caption\":\"SES Creative\"},\"image\":{\"@id\":\"https:\\\/\\\/ses-creative.com\\\/#\\\/schema\\\/logo\\\/image\\\/\"}}]}<\/script>\n<!-- \/ Yoast SEO plugin. -->","yoast_head_json":{"title":"Fossiles de dinosaures - SES Creative","robots":{"index":"index","follow":"follow","max-snippet":"max-snippet:-1","max-image-preview":"max-image-preview:large","max-video-preview":"max-video-preview:-1"},"canonical":"https:\/\/ses-creative.com\/fr\/produit\/fossiles-de-dinosaures\/","og_locale":"fr_FR","og_type":"article","og_title":"Fossiles de dinosaures - SES Creative","og_description":"D\u00e9couvrez les fossiles de dinosaures ! Y a-t-il un v\u00e9ritable arch\u00e9ologue qui sommeille en toi ? Avec ce kit, tu peux cr\u00e9er et d\u00e9couvrir tes propres fossiles de dinosaures. Verse le pl\u00e2tre dans les moules, attends qu&rsquo;il s\u00e8che, retire tes fossiles du moule, puis peins-les. Cr\u00e9e ainsi tes propres fossiles de dinosaures uniques. Une excellente [&hellip;]","og_url":"https:\/\/ses-creative.com\/fr\/produit\/fossiles-de-dinosaures\/","og_site_name":"SES Creative","article_modified_time":"2026-02-12T10:23:22+00:00","twitter_card":"summary_large_image","twitter_misc":{"Dur\u00e9e de lecture estim\u00e9e":"2 minutes"},"schema":{"@context":"https:\/\/schema.org","@graph":[{"@type":"WebPage","@id":"https:\/\/ses-creative.com\/fr\/produit\/fossiles-de-dinosaures\/","url":"https:\/\/ses-creative.com\/fr\/produit\/fossiles-de-dinosaures\/","name":"Fossiles de dinosaures - SES Creative","isPartOf":{"@id":"https:\/\/ses-creative.com\/#website"},"primaryImageOfPage":{"@id":"https:\/\/ses-creative.com\/fr\/produit\/fossiles-de-dinosaures\/#primaryimage"},"image":{"@id":"https:\/\/ses-creative.com\/fr\/produit\/fossiles-de-dinosaures\/#primaryimage"},"thumbnailUrl":"https:\/\/ses-creative.com\/wp-content\/uploads\/2026\/01\/250771.jpg","datePublished":"2026-02-12T10:09:57+00:00","dateModified":"2026-02-12T10:23:22+00:00","breadcrumb":{"@id":"https:\/\/ses-creative.com\/fr\/produit\/fossiles-de-dinosaures\/#breadcrumb"},"inLanguage":"fr-FR","potentialAction":[{"@type":"ReadAction","target":["https:\/\/ses-creative.com\/fr\/produit\/fossiles-de-dinosaures\/"]}]},{"@type":"ImageObject","inLanguage":"fr-FR","@id":"https:\/\/ses-creative.com\/fr\/produit\/fossiles-de-dinosaures\/#primaryimage","url":"https:\/\/ses-creative.com\/wp-content\/uploads\/2026\/01\/250771.jpg","contentUrl":"https:\/\/ses-creative.com\/wp-content\/uploads\/2026\/01\/250771.jpg","width":1000,"height":1000},{"@type":"BreadcrumbList","@id":"https:\/\/ses-creative.com\/fr\/produit\/fossiles-de-dinosaures\/#breadcrumb","itemListElement":[{"@type":"ListItem","position":1,"name":"Boutique","item":"https:\/\/ses-creative.com\/fr\/boutique\/"},{"@type":"ListItem","position":2,"name":"D\u00e9couvrir","item":"https:\/\/ses-creative.com\/fr\/product-categorie\/decouvrir\/"},{"@type":"ListItem","position":3,"name":"Fossiles de dinosaures"}]},{"@type":"WebSite","@id":"https:\/\/ses-creative.com\/#website","url":"https:\/\/ses-creative.com\/","name":"SES Creative","description":"","publisher":{"@id":"https:\/\/ses-creative.com\/#organization"},"potentialAction":[{"@type":"SearchAction","target":{"@type":"EntryPoint","urlTemplate":"https:\/\/ses-creative.com\/?s={search_term_string}"},"query-input":{"@type":"PropertyValueSpecification","valueRequired":true,"valueName":"search_term_string"}}],"inLanguage":"fr-FR"},{"@type":"Organization","@id":"https:\/\/ses-creative.com\/#organization","name":"SES Creative","url":"https:\/\/ses-creative.com\/","logo":{"@type":"ImageObject","inLanguage":"fr-FR","@id":"https:\/\/ses-creative.com\/#\/schema\/logo\/image\/","url":"https:\/\/ses-creative.com\/wp-content\/uploads\/2025\/10\/ses-creative-logo.jpg","contentUrl":"https:\/\/ses-creative.com\/wp-content\/uploads\/2025\/10\/ses-creative-logo.jpg","width":2037,"height":2037,"caption":"SES Creative"},"image":{"@id":"https:\/\/ses-creative.com\/#\/schema\/logo\/image\/"}}]}},"_links":{"self":[{"href":"https:\/\/ses-creative.com\/fr\/wp-json\/wp\/v2\/product\/118495","targetHints":{"allow":["GET"]}}],"collection":[{"href":"https:\/\/ses-creative.com\/fr\/wp-json\/wp\/v2\/product"}],"about":[{"href":"https:\/\/ses-creative.com\/fr\/wp-json\/wp\/v2\/types\/product"}],"replies":[{"embeddable":true,"href":"https:\/\/ses-creative.com\/fr\/wp-json\/wp\/v2\/comments?post=118495"}],"wp:featuredmedia":[{"embeddable":true,"href":"https:\/\/ses-creative.com\/fr\/wp-json\/wp\/v2\/media\/105936"}],"wp:attachment":[{"href":"https:\/\/ses-creative.com\/fr\/wp-json\/wp\/v2\/media?parent=118495"}],"wp:term":[{"taxonomy":"product_brand","embeddable":true,"href":"https:\/\/ses-creative.com\/fr\/wp-json\/wp\/v2\/product_brand?post=118495"},{"taxonomy":"product_cat","embeddable":true,"href":"https:\/\/ses-creative.com\/fr\/wp-json\/wp\/v2\/product_cat?post=118495"},{"taxonomy":"product_tag","embeddable":true,"href":"https:\/\/ses-creative.com\/fr\/wp-json\/wp\/v2\/product_tag?post=118495"}],"curies":[{"name":"wp","href":"https:\/\/api.w.org\/{rel}","templated":true}]}}