











{"id":118494,"date":"2026-02-12T10:09:57","date_gmt":"2026-02-12T10:09:57","guid":{"rendered":"https:\/\/ses-creative.com\/?post_type=product&#038;p=118494"},"modified":"2026-02-12T10:23:22","modified_gmt":"2026-02-12T10:23:22","slug":"dinosaure-pret-a-eclore","status":"publish","type":"product","link":"https:\/\/ses-creative.com\/fr\/produit\/dinosaure-pret-a-eclore\/","title":{"rendered":"Dinosaure pr\u00eat \u00e0 \u00e9clore"},"content":{"rendered":"<p>Que ferais-tu si tu d\u00e9couvrais un \u0153uf de dinosaure ? Avec ce jouet fascinant de SES Creative, tu peux le voir \u00e9clore sous tes yeux ! Il suffit de plonger l&rsquo;\u0153uf dans de l\u2019eau et d\u2019attendre. Au fil des jours, le b\u00e9b\u00e9 dinosaure grandira lentement \u00e0 l\u2019int\u00e9rieur jusqu\u2019\u00e0 ce que la coquille se brise, r\u00e9v\u00e9lant une cr\u00e9ature surprenante. Un v\u00e9ritable spectacle d\u2019\u00e9closion qui \u00e9merveille les enfants !<\/p>\n<p>Ce jouet \u00e9ducatif stimule la patience et la curiosit\u00e9 scientifique des plus jeunes. Il leur permet d\u2019observer un ph\u00e9nom\u00e8ne naturel tout en profitant d\u2019une activit\u00e9 ludique et interactive. Parfait pour \u00e9veiller l\u2019imagination et apprendre en s\u2019amusant.<\/p>\n<p>\u2705 **Contenu du kit:**<br \/>\n&#8211; Un \u0153uf surprise contenant un dinosaure qui grandit avec le temps<\/p>\n<p>Une id\u00e9e cadeau originale pour les enfants d\u00e8s 4 ans, id\u00e9ale pour les amateurs de dinosaures et les petits explorateurs en herbe !<\/p>\n","protected":false},"excerpt":{"rendered":"<p>Que ferais-tu si tu d\u00e9couvrais un \u0153uf de dinosaure ? Avec ce jouet fascinant de SES Creative, tu peux le voir \u00e9clore sous tes yeux ! Il suffit de plonger l&rsquo;\u0153uf dans de l\u2019eau et d\u2019attendre. Au fil des jours, le b\u00e9b\u00e9 dinosaure grandira lentement \u00e0 l\u2019int\u00e9rieur jusqu\u2019\u00e0 ce que la coquille se brise, r\u00e9v\u00e9lant [&hellip;]<\/p>\n","protected":false},"featured_media":105916,"comment_status":"closed","ping_status":"closed","template":"","meta":{"_acf_changed":false},"product_brand":[],"product_cat":[128],"product_tag":[],"class_list":{"0":"post-118494","1":"product","2":"type-product","3":"status-publish","4":"has-post-thumbnail","6":"product_cat-decouvrir","7":"pa_leeftijd-filter-4-6-ans","8":"pa_meest-populair-bij-garcons-filles","10":"first","11":"instock","12":"shipping-taxable","13":"product-type-simple"},"acf":[],"yoast_head":"<!-- This site is optimized with the Yoast SEO plugin v27.4 - https:\/\/yoast.com\/product\/yoast-seo-wordpress\/ -->\n<title>Dinosaure pr\u00eat \u00e0 \u00e9clore - SES Creative<\/title>\n<meta name=\"robots\" content=\"index, follow, max-snippet:-1, max-image-preview:large, max-video-preview:-1\" \/>\n<link rel=\"canonical\" href=\"https:\/\/ses-creative.com\/fr\/produit\/dinosaure-pret-a-eclore\/\" \/>\n<meta property=\"og:locale\" content=\"fr_FR\" \/>\n<meta property=\"og:type\" content=\"article\" \/>\n<meta property=\"og:title\" content=\"Dinosaure pr\u00eat \u00e0 \u00e9clore - SES Creative\" \/>\n<meta property=\"og:description\" content=\"Que ferais-tu si tu d\u00e9couvrais un \u0153uf de dinosaure ? Avec ce jouet fascinant de SES Creative, tu peux le voir \u00e9clore sous tes yeux ! Il suffit de plonger l&rsquo;\u0153uf dans de l\u2019eau et d\u2019attendre. Au fil des jours, le b\u00e9b\u00e9 dinosaure grandira lentement \u00e0 l\u2019int\u00e9rieur jusqu\u2019\u00e0 ce que la coquille se brise, r\u00e9v\u00e9lant [&hellip;]\" \/>\n<meta property=\"og:url\" content=\"https:\/\/ses-creative.com\/fr\/produit\/dinosaure-pret-a-eclore\/\" \/>\n<meta property=\"og:site_name\" content=\"SES Creative\" \/>\n<meta property=\"article:modified_time\" content=\"2026-02-12T10:23:22+00:00\" \/>\n<meta name=\"twitter:card\" content=\"summary_large_image\" \/>\n<meta name=\"twitter:label1\" content=\"Dur\u00e9e de lecture estim\u00e9e\" \/>\n\t<meta name=\"twitter:data1\" content=\"1 minute\" \/>\n<script type=\"application\/ld+json\" class=\"yoast-schema-graph\">{\"@context\":\"https:\\\/\\\/schema.org\",\"@graph\":[{\"@type\":\"WebPage\",\"@id\":\"https:\\\/\\\/ses-creative.com\\\/fr\\\/produit\\\/dinosaure-pret-a-eclore\\\/\",\"url\":\"https:\\\/\\\/ses-creative.com\\\/fr\\\/produit\\\/dinosaure-pret-a-eclore\\\/\",\"name\":\"Dinosaure pr\u00eat \u00e0 \u00e9clore - SES Creative\",\"isPartOf\":{\"@id\":\"https:\\\/\\\/ses-creative.com\\\/#website\"},\"primaryImageOfPage\":{\"@id\":\"https:\\\/\\\/ses-creative.com\\\/fr\\\/produit\\\/dinosaure-pret-a-eclore\\\/#primaryimage\"},\"image\":{\"@id\":\"https:\\\/\\\/ses-creative.com\\\/fr\\\/produit\\\/dinosaure-pret-a-eclore\\\/#primaryimage\"},\"thumbnailUrl\":\"https:\\\/\\\/ses-creative.com\\\/wp-content\\\/uploads\\\/2026\\\/01\\\/250631.jpg\",\"datePublished\":\"2026-02-12T10:09:57+00:00\",\"dateModified\":\"2026-02-12T10:23:22+00:00\",\"breadcrumb\":{\"@id\":\"https:\\\/\\\/ses-creative.com\\\/fr\\\/produit\\\/dinosaure-pret-a-eclore\\\/#breadcrumb\"},\"inLanguage\":\"fr-FR\",\"potentialAction\":[{\"@type\":\"ReadAction\",\"target\":[\"https:\\\/\\\/ses-creative.com\\\/fr\\\/produit\\\/dinosaure-pret-a-eclore\\\/\"]}]},{\"@type\":\"ImageObject\",\"inLanguage\":\"fr-FR\",\"@id\":\"https:\\\/\\\/ses-creative.com\\\/fr\\\/produit\\\/dinosaure-pret-a-eclore\\\/#primaryimage\",\"url\":\"https:\\\/\\\/ses-creative.com\\\/wp-content\\\/uploads\\\/2026\\\/01\\\/250631.jpg\",\"contentUrl\":\"https:\\\/\\\/ses-creative.com\\\/wp-content\\\/uploads\\\/2026\\\/01\\\/250631.jpg\",\"width\":1000,\"height\":1000},{\"@type\":\"BreadcrumbList\",\"@id\":\"https:\\\/\\\/ses-creative.com\\\/fr\\\/produit\\\/dinosaure-pret-a-eclore\\\/#breadcrumb\",\"itemListElement\":[{\"@type\":\"ListItem\",\"position\":1,\"name\":\"Boutique\",\"item\":\"https:\\\/\\\/ses-creative.com\\\/fr\\\/boutique\\\/\"},{\"@type\":\"ListItem\",\"position\":2,\"name\":\"D\u00e9couvrir\",\"item\":\"https:\\\/\\\/ses-creative.com\\\/fr\\\/product-categorie\\\/decouvrir\\\/\"},{\"@type\":\"ListItem\",\"position\":3,\"name\":\"Dinosaure pr\u00eat \u00e0 \u00e9clore\"}]},{\"@type\":\"WebSite\",\"@id\":\"https:\\\/\\\/ses-creative.com\\\/#website\",\"url\":\"https:\\\/\\\/ses-creative.com\\\/\",\"name\":\"SES Creative\",\"description\":\"\",\"publisher\":{\"@id\":\"https:\\\/\\\/ses-creative.com\\\/#organization\"},\"potentialAction\":[{\"@type\":\"SearchAction\",\"target\":{\"@type\":\"EntryPoint\",\"urlTemplate\":\"https:\\\/\\\/ses-creative.com\\\/?s={search_term_string}\"},\"query-input\":{\"@type\":\"PropertyValueSpecification\",\"valueRequired\":true,\"valueName\":\"search_term_string\"}}],\"inLanguage\":\"fr-FR\"},{\"@type\":\"Organization\",\"@id\":\"https:\\\/\\\/ses-creative.com\\\/#organization\",\"name\":\"SES Creative\",\"url\":\"https:\\\/\\\/ses-creative.com\\\/\",\"logo\":{\"@type\":\"ImageObject\",\"inLanguage\":\"fr-FR\",\"@id\":\"https:\\\/\\\/ses-creative.com\\\/#\\\/schema\\\/logo\\\/image\\\/\",\"url\":\"https:\\\/\\\/ses-creative.com\\\/wp-content\\\/uploads\\\/2025\\\/10\\\/ses-creative-logo.jpg\",\"contentUrl\":\"https:\\\/\\\/ses-creative.com\\\/wp-content\\\/uploads\\\/2025\\\/10\\\/ses-creative-logo.jpg\",\"width\":2037,\"height\":2037,\"caption\":\"SES Creative\"},\"image\":{\"@id\":\"https:\\\/\\\/ses-creative.com\\\/#\\\/schema\\\/logo\\\/image\\\/\"}}]}<\/script>\n<!-- \/ Yoast SEO plugin. -->","yoast_head_json":{"title":"Dinosaure pr\u00eat \u00e0 \u00e9clore - SES Creative","robots":{"index":"index","follow":"follow","max-snippet":"max-snippet:-1","max-image-preview":"max-image-preview:large","max-video-preview":"max-video-preview:-1"},"canonical":"https:\/\/ses-creative.com\/fr\/produit\/dinosaure-pret-a-eclore\/","og_locale":"fr_FR","og_type":"article","og_title":"Dinosaure pr\u00eat \u00e0 \u00e9clore - SES Creative","og_description":"Que ferais-tu si tu d\u00e9couvrais un \u0153uf de dinosaure ? Avec ce jouet fascinant de SES Creative, tu peux le voir \u00e9clore sous tes yeux ! Il suffit de plonger l&rsquo;\u0153uf dans de l\u2019eau et d\u2019attendre. Au fil des jours, le b\u00e9b\u00e9 dinosaure grandira lentement \u00e0 l\u2019int\u00e9rieur jusqu\u2019\u00e0 ce que la coquille se brise, r\u00e9v\u00e9lant [&hellip;]","og_url":"https:\/\/ses-creative.com\/fr\/produit\/dinosaure-pret-a-eclore\/","og_site_name":"SES Creative","article_modified_time":"2026-02-12T10:23:22+00:00","twitter_card":"summary_large_image","twitter_misc":{"Dur\u00e9e de lecture estim\u00e9e":"1 minute"},"schema":{"@context":"https:\/\/schema.org","@graph":[{"@type":"WebPage","@id":"https:\/\/ses-creative.com\/fr\/produit\/dinosaure-pret-a-eclore\/","url":"https:\/\/ses-creative.com\/fr\/produit\/dinosaure-pret-a-eclore\/","name":"Dinosaure pr\u00eat \u00e0 \u00e9clore - SES Creative","isPartOf":{"@id":"https:\/\/ses-creative.com\/#website"},"primaryImageOfPage":{"@id":"https:\/\/ses-creative.com\/fr\/produit\/dinosaure-pret-a-eclore\/#primaryimage"},"image":{"@id":"https:\/\/ses-creative.com\/fr\/produit\/dinosaure-pret-a-eclore\/#primaryimage"},"thumbnailUrl":"https:\/\/ses-creative.com\/wp-content\/uploads\/2026\/01\/250631.jpg","datePublished":"2026-02-12T10:09:57+00:00","dateModified":"2026-02-12T10:23:22+00:00","breadcrumb":{"@id":"https:\/\/ses-creative.com\/fr\/produit\/dinosaure-pret-a-eclore\/#breadcrumb"},"inLanguage":"fr-FR","potentialAction":[{"@type":"ReadAction","target":["https:\/\/ses-creative.com\/fr\/produit\/dinosaure-pret-a-eclore\/"]}]},{"@type":"ImageObject","inLanguage":"fr-FR","@id":"https:\/\/ses-creative.com\/fr\/produit\/dinosaure-pret-a-eclore\/#primaryimage","url":"https:\/\/ses-creative.com\/wp-content\/uploads\/2026\/01\/250631.jpg","contentUrl":"https:\/\/ses-creative.com\/wp-content\/uploads\/2026\/01\/250631.jpg","width":1000,"height":1000},{"@type":"BreadcrumbList","@id":"https:\/\/ses-creative.com\/fr\/produit\/dinosaure-pret-a-eclore\/#breadcrumb","itemListElement":[{"@type":"ListItem","position":1,"name":"Boutique","item":"https:\/\/ses-creative.com\/fr\/boutique\/"},{"@type":"ListItem","position":2,"name":"D\u00e9couvrir","item":"https:\/\/ses-creative.com\/fr\/product-categorie\/decouvrir\/"},{"@type":"ListItem","position":3,"name":"Dinosaure pr\u00eat \u00e0 \u00e9clore"}]},{"@type":"WebSite","@id":"https:\/\/ses-creative.com\/#website","url":"https:\/\/ses-creative.com\/","name":"SES Creative","description":"","publisher":{"@id":"https:\/\/ses-creative.com\/#organization"},"potentialAction":[{"@type":"SearchAction","target":{"@type":"EntryPoint","urlTemplate":"https:\/\/ses-creative.com\/?s={search_term_string}"},"query-input":{"@type":"PropertyValueSpecification","valueRequired":true,"valueName":"search_term_string"}}],"inLanguage":"fr-FR"},{"@type":"Organization","@id":"https:\/\/ses-creative.com\/#organization","name":"SES Creative","url":"https:\/\/ses-creative.com\/","logo":{"@type":"ImageObject","inLanguage":"fr-FR","@id":"https:\/\/ses-creative.com\/#\/schema\/logo\/image\/","url":"https:\/\/ses-creative.com\/wp-content\/uploads\/2025\/10\/ses-creative-logo.jpg","contentUrl":"https:\/\/ses-creative.com\/wp-content\/uploads\/2025\/10\/ses-creative-logo.jpg","width":2037,"height":2037,"caption":"SES Creative"},"image":{"@id":"https:\/\/ses-creative.com\/#\/schema\/logo\/image\/"}}]}},"_links":{"self":[{"href":"https:\/\/ses-creative.com\/fr\/wp-json\/wp\/v2\/product\/118494","targetHints":{"allow":["GET"]}}],"collection":[{"href":"https:\/\/ses-creative.com\/fr\/wp-json\/wp\/v2\/product"}],"about":[{"href":"https:\/\/ses-creative.com\/fr\/wp-json\/wp\/v2\/types\/product"}],"replies":[{"embeddable":true,"href":"https:\/\/ses-creative.com\/fr\/wp-json\/wp\/v2\/comments?post=118494"}],"wp:featuredmedia":[{"embeddable":true,"href":"https:\/\/ses-creative.com\/fr\/wp-json\/wp\/v2\/media\/105916"}],"wp:attachment":[{"href":"https:\/\/ses-creative.com\/fr\/wp-json\/wp\/v2\/media?parent=118494"}],"wp:term":[{"taxonomy":"product_brand","embeddable":true,"href":"https:\/\/ses-creative.com\/fr\/wp-json\/wp\/v2\/product_brand?post=118494"},{"taxonomy":"product_cat","embeddable":true,"href":"https:\/\/ses-creative.com\/fr\/wp-json\/wp\/v2\/product_cat?post=118494"},{"taxonomy":"product_tag","embeddable":true,"href":"https:\/\/ses-creative.com\/fr\/wp-json\/wp\/v2\/product_tag?post=118494"}],"curies":[{"name":"wp","href":"https:\/\/api.w.org\/{rel}","templated":true}]}}