











{"id":118492,"date":"2026-02-12T10:09:57","date_gmt":"2026-02-12T10:09:57","guid":{"rendered":"https:\/\/ses-creative.com\/?post_type=product&#038;p=118492"},"modified":"2026-02-12T10:23:21","modified_gmt":"2026-02-12T10:23:21","slug":"hotel-pour-insectes","status":"publish","type":"product","link":"https:\/\/ses-creative.com\/fr\/produit\/hotel-pour-insectes\/","title":{"rendered":"H\u00f4tel pour insectes"},"content":{"rendered":"<p>Fabriquez votre propre h\u00f4tel \u00e0 insectes !<\/p>\n<p>Avec le kit Explore H\u00f4tel \u00e0 insectes de SES Creative, vous construisez \u00e9tape par \u00e9tape un v\u00e9ritable h\u00f4tel \u00e0 insectes en bois. Une activit\u00e9 cr\u00e9ative et \u00e9ducative qui permet aux enfants de d\u00e9couvrir l&rsquo;importance des insectes pour notre nature. Parfait pour les jeunes explorateurs qui aiment jouer dehors et prendre soin de leur petit coin de nature.<\/p>\n<p>Que contient la bo\u00eete ?<\/p>\n<p>Kit en bois pour h\u00f4tel \u00e0 insectes<\/p>\n<p>Peinture<\/p>\n<p>Pinceau<\/p>\n<p>Colle<\/p>\n<p>Propri\u00e9t\u00e9s uniques<\/p>\n<p>H\u00f4tel comprenant plusieurs chambres pour diff\u00e9rents types d&rsquo;insectes<\/p>\n<p>Allez dans la nature et ramassez vous-m\u00eame des mat\u00e9riaux naturels pour remplir l&rsquo;h\u00f4tel<\/p>\n<p>Stimule l&rsquo;int\u00e9r\u00eat pour la nature, la science et l&rsquo;environnement<\/p>\n<p>Favorise la cr\u00e9ativit\u00e9, la motricit\u00e9 fine et les jeux en plein air<\/p>\n<p>Comprend tout le mat\u00e9riel n\u00e9cessaire et est adapt\u00e9 aux enfants<\/p>\n<p>Convient aux enfants \u00e0 partir de 5 ans<\/p>\n<p>Construisez, d\u00e9corez et d\u00e9couvrez<\/p>\n<p>Gr\u00e2ce aux pi\u00e8ces et aux instructions claires, les enfants peuvent facilement construire leur propre h\u00f4tel \u00e0 insectes. Ils peuvent ensuite le d\u00e9corer avec de la peinture et y apporter leur touche personnelle. Une fois termin\u00e9, placez l&rsquo;h\u00f4tel \u00e0 insectes dans le jardin ou sur le balcon. Remplissez-le de mat\u00e9riaux naturels tels que des brindilles, des feuilles et des pommes de pin, et observez quels insectes y trouvent refuge.<\/p>\n<p>\u00c9ducatif et amusant<\/p>\n<p>Ce projet allie cr\u00e9ativit\u00e9 et \u00e9ducation. Les enfants apprennent de mani\u00e8re ludique l&rsquo;importance des insectes, tels que les abeilles, les coccinelles et les papillons, et leur contribution \u00e0 une nature saine. L&rsquo;h\u00f4tel \u00e0 insectes devient ainsi un v\u00e9ritable lieu d&rsquo;apprentissage dans votre propre jardin.<\/p>\n<p>Pourquoi ce projet est-il parfait pour vous ?<\/p>\n<p>Id\u00e9al pour les parents qui souhaitent initier leurs enfants \u00e0 la nature de mani\u00e8re ludique.<\/p>\n<p>Encourage les jeux en plein air et stimule la curiosit\u00e9 pour l&rsquo;environnement<\/p>\n<p>Une combinaison amusante d&rsquo;activit\u00e9s manuelles, d&rsquo;apprentissage et de d\u00e9couverte<\/p>\n<p>Un projet qui rend les enfants fiers lorsqu&rsquo;ils voient leur h\u00f4tel \u00e0 insectes se peupler<\/p>\n<p>Commencez \u00e0 construire d\u00e8s aujourd&rsquo;hui<\/p>\n<p>Mettez-vous au travail ensemble et d\u00e9couvrez \u00e0 quel point il est amusant et instructif de cr\u00e9er votre propre h\u00f4tel \u00e0 insectes. Avec ce kit Explore de SES Creative, vous rapprochez la nature et offrez un refuge s\u00fbr aux insectes.<\/p>\n","protected":false},"excerpt":{"rendered":"<p>Fabriquez votre propre h\u00f4tel \u00e0 insectes ! Avec le kit Explore H\u00f4tel \u00e0 insectes de SES Creative, vous construisez \u00e9tape par \u00e9tape un v\u00e9ritable h\u00f4tel \u00e0 insectes en bois. Une activit\u00e9 cr\u00e9ative et \u00e9ducative qui permet aux enfants de d\u00e9couvrir l&rsquo;importance des insectes pour notre nature. Parfait pour les jeunes explorateurs qui aiment jouer dehors [&hellip;]<\/p>\n","protected":false},"featured_media":105876,"comment_status":"closed","ping_status":"closed","template":"","meta":{"_acf_changed":false},"product_brand":[],"product_cat":[128],"product_tag":[],"class_list":{"0":"post-118492","1":"product","2":"type-product","3":"status-publish","4":"has-post-thumbnail","6":"product_cat-decouvrir","7":"pa_leeftijd-filter-4-6-ans","8":"pa_meest-populair-bij-garcons-filles","10":"first","11":"instock","12":"shipping-taxable","13":"product-type-simple"},"acf":[],"yoast_head":"<!-- This site is optimized with the Yoast SEO plugin v27.4 - https:\/\/yoast.com\/product\/yoast-seo-wordpress\/ -->\n<title>H\u00f4tel pour insectes - SES Creative<\/title>\n<meta name=\"robots\" content=\"index, follow, max-snippet:-1, max-image-preview:large, max-video-preview:-1\" \/>\n<link rel=\"canonical\" href=\"https:\/\/ses-creative.com\/fr\/produit\/hotel-pour-insectes\/\" \/>\n<meta property=\"og:locale\" content=\"fr_FR\" \/>\n<meta property=\"og:type\" content=\"article\" \/>\n<meta property=\"og:title\" content=\"H\u00f4tel pour insectes - SES Creative\" \/>\n<meta property=\"og:description\" content=\"Fabriquez votre propre h\u00f4tel \u00e0 insectes ! Avec le kit Explore H\u00f4tel \u00e0 insectes de SES Creative, vous construisez \u00e9tape par \u00e9tape un v\u00e9ritable h\u00f4tel \u00e0 insectes en bois. Une activit\u00e9 cr\u00e9ative et \u00e9ducative qui permet aux enfants de d\u00e9couvrir l&rsquo;importance des insectes pour notre nature. Parfait pour les jeunes explorateurs qui aiment jouer dehors [&hellip;]\" \/>\n<meta property=\"og:url\" content=\"https:\/\/ses-creative.com\/fr\/produit\/hotel-pour-insectes\/\" \/>\n<meta property=\"og:site_name\" content=\"SES Creative\" \/>\n<meta property=\"article:modified_time\" content=\"2026-02-12T10:23:21+00:00\" \/>\n<meta name=\"twitter:card\" content=\"summary_large_image\" \/>\n<meta name=\"twitter:label1\" content=\"Dur\u00e9e de lecture estim\u00e9e\" \/>\n\t<meta name=\"twitter:data1\" content=\"2 minutes\" \/>\n<script type=\"application\/ld+json\" class=\"yoast-schema-graph\">{\"@context\":\"https:\\\/\\\/schema.org\",\"@graph\":[{\"@type\":\"WebPage\",\"@id\":\"https:\\\/\\\/ses-creative.com\\\/fr\\\/produit\\\/hotel-pour-insectes\\\/\",\"url\":\"https:\\\/\\\/ses-creative.com\\\/fr\\\/produit\\\/hotel-pour-insectes\\\/\",\"name\":\"H\u00f4tel pour insectes - SES Creative\",\"isPartOf\":{\"@id\":\"https:\\\/\\\/ses-creative.com\\\/#website\"},\"primaryImageOfPage\":{\"@id\":\"https:\\\/\\\/ses-creative.com\\\/fr\\\/produit\\\/hotel-pour-insectes\\\/#primaryimage\"},\"image\":{\"@id\":\"https:\\\/\\\/ses-creative.com\\\/fr\\\/produit\\\/hotel-pour-insectes\\\/#primaryimage\"},\"thumbnailUrl\":\"https:\\\/\\\/ses-creative.com\\\/wp-content\\\/uploads\\\/2026\\\/01\\\/250081.jpg\",\"datePublished\":\"2026-02-12T10:09:57+00:00\",\"dateModified\":\"2026-02-12T10:23:21+00:00\",\"breadcrumb\":{\"@id\":\"https:\\\/\\\/ses-creative.com\\\/fr\\\/produit\\\/hotel-pour-insectes\\\/#breadcrumb\"},\"inLanguage\":\"fr-FR\",\"potentialAction\":[{\"@type\":\"ReadAction\",\"target\":[\"https:\\\/\\\/ses-creative.com\\\/fr\\\/produit\\\/hotel-pour-insectes\\\/\"]}]},{\"@type\":\"ImageObject\",\"inLanguage\":\"fr-FR\",\"@id\":\"https:\\\/\\\/ses-creative.com\\\/fr\\\/produit\\\/hotel-pour-insectes\\\/#primaryimage\",\"url\":\"https:\\\/\\\/ses-creative.com\\\/wp-content\\\/uploads\\\/2026\\\/01\\\/250081.jpg\",\"contentUrl\":\"https:\\\/\\\/ses-creative.com\\\/wp-content\\\/uploads\\\/2026\\\/01\\\/250081.jpg\",\"width\":1000,\"height\":1000},{\"@type\":\"BreadcrumbList\",\"@id\":\"https:\\\/\\\/ses-creative.com\\\/fr\\\/produit\\\/hotel-pour-insectes\\\/#breadcrumb\",\"itemListElement\":[{\"@type\":\"ListItem\",\"position\":1,\"name\":\"Boutique\",\"item\":\"https:\\\/\\\/ses-creative.com\\\/fr\\\/boutique\\\/\"},{\"@type\":\"ListItem\",\"position\":2,\"name\":\"D\u00e9couvrir\",\"item\":\"https:\\\/\\\/ses-creative.com\\\/fr\\\/product-categorie\\\/decouvrir\\\/\"},{\"@type\":\"ListItem\",\"position\":3,\"name\":\"H\u00f4tel pour insectes\"}]},{\"@type\":\"WebSite\",\"@id\":\"https:\\\/\\\/ses-creative.com\\\/#website\",\"url\":\"https:\\\/\\\/ses-creative.com\\\/\",\"name\":\"SES Creative\",\"description\":\"\",\"publisher\":{\"@id\":\"https:\\\/\\\/ses-creative.com\\\/#organization\"},\"potentialAction\":[{\"@type\":\"SearchAction\",\"target\":{\"@type\":\"EntryPoint\",\"urlTemplate\":\"https:\\\/\\\/ses-creative.com\\\/?s={search_term_string}\"},\"query-input\":{\"@type\":\"PropertyValueSpecification\",\"valueRequired\":true,\"valueName\":\"search_term_string\"}}],\"inLanguage\":\"fr-FR\"},{\"@type\":\"Organization\",\"@id\":\"https:\\\/\\\/ses-creative.com\\\/#organization\",\"name\":\"SES Creative\",\"url\":\"https:\\\/\\\/ses-creative.com\\\/\",\"logo\":{\"@type\":\"ImageObject\",\"inLanguage\":\"fr-FR\",\"@id\":\"https:\\\/\\\/ses-creative.com\\\/#\\\/schema\\\/logo\\\/image\\\/\",\"url\":\"https:\\\/\\\/ses-creative.com\\\/wp-content\\\/uploads\\\/2025\\\/10\\\/ses-creative-logo.jpg\",\"contentUrl\":\"https:\\\/\\\/ses-creative.com\\\/wp-content\\\/uploads\\\/2025\\\/10\\\/ses-creative-logo.jpg\",\"width\":2037,\"height\":2037,\"caption\":\"SES Creative\"},\"image\":{\"@id\":\"https:\\\/\\\/ses-creative.com\\\/#\\\/schema\\\/logo\\\/image\\\/\"}}]}<\/script>\n<!-- \/ Yoast SEO plugin. -->","yoast_head_json":{"title":"H\u00f4tel pour insectes - SES Creative","robots":{"index":"index","follow":"follow","max-snippet":"max-snippet:-1","max-image-preview":"max-image-preview:large","max-video-preview":"max-video-preview:-1"},"canonical":"https:\/\/ses-creative.com\/fr\/produit\/hotel-pour-insectes\/","og_locale":"fr_FR","og_type":"article","og_title":"H\u00f4tel pour insectes - SES Creative","og_description":"Fabriquez votre propre h\u00f4tel \u00e0 insectes ! Avec le kit Explore H\u00f4tel \u00e0 insectes de SES Creative, vous construisez \u00e9tape par \u00e9tape un v\u00e9ritable h\u00f4tel \u00e0 insectes en bois. Une activit\u00e9 cr\u00e9ative et \u00e9ducative qui permet aux enfants de d\u00e9couvrir l&rsquo;importance des insectes pour notre nature. Parfait pour les jeunes explorateurs qui aiment jouer dehors [&hellip;]","og_url":"https:\/\/ses-creative.com\/fr\/produit\/hotel-pour-insectes\/","og_site_name":"SES Creative","article_modified_time":"2026-02-12T10:23:21+00:00","twitter_card":"summary_large_image","twitter_misc":{"Dur\u00e9e de lecture estim\u00e9e":"2 minutes"},"schema":{"@context":"https:\/\/schema.org","@graph":[{"@type":"WebPage","@id":"https:\/\/ses-creative.com\/fr\/produit\/hotel-pour-insectes\/","url":"https:\/\/ses-creative.com\/fr\/produit\/hotel-pour-insectes\/","name":"H\u00f4tel pour insectes - SES Creative","isPartOf":{"@id":"https:\/\/ses-creative.com\/#website"},"primaryImageOfPage":{"@id":"https:\/\/ses-creative.com\/fr\/produit\/hotel-pour-insectes\/#primaryimage"},"image":{"@id":"https:\/\/ses-creative.com\/fr\/produit\/hotel-pour-insectes\/#primaryimage"},"thumbnailUrl":"https:\/\/ses-creative.com\/wp-content\/uploads\/2026\/01\/250081.jpg","datePublished":"2026-02-12T10:09:57+00:00","dateModified":"2026-02-12T10:23:21+00:00","breadcrumb":{"@id":"https:\/\/ses-creative.com\/fr\/produit\/hotel-pour-insectes\/#breadcrumb"},"inLanguage":"fr-FR","potentialAction":[{"@type":"ReadAction","target":["https:\/\/ses-creative.com\/fr\/produit\/hotel-pour-insectes\/"]}]},{"@type":"ImageObject","inLanguage":"fr-FR","@id":"https:\/\/ses-creative.com\/fr\/produit\/hotel-pour-insectes\/#primaryimage","url":"https:\/\/ses-creative.com\/wp-content\/uploads\/2026\/01\/250081.jpg","contentUrl":"https:\/\/ses-creative.com\/wp-content\/uploads\/2026\/01\/250081.jpg","width":1000,"height":1000},{"@type":"BreadcrumbList","@id":"https:\/\/ses-creative.com\/fr\/produit\/hotel-pour-insectes\/#breadcrumb","itemListElement":[{"@type":"ListItem","position":1,"name":"Boutique","item":"https:\/\/ses-creative.com\/fr\/boutique\/"},{"@type":"ListItem","position":2,"name":"D\u00e9couvrir","item":"https:\/\/ses-creative.com\/fr\/product-categorie\/decouvrir\/"},{"@type":"ListItem","position":3,"name":"H\u00f4tel pour insectes"}]},{"@type":"WebSite","@id":"https:\/\/ses-creative.com\/#website","url":"https:\/\/ses-creative.com\/","name":"SES Creative","description":"","publisher":{"@id":"https:\/\/ses-creative.com\/#organization"},"potentialAction":[{"@type":"SearchAction","target":{"@type":"EntryPoint","urlTemplate":"https:\/\/ses-creative.com\/?s={search_term_string}"},"query-input":{"@type":"PropertyValueSpecification","valueRequired":true,"valueName":"search_term_string"}}],"inLanguage":"fr-FR"},{"@type":"Organization","@id":"https:\/\/ses-creative.com\/#organization","name":"SES Creative","url":"https:\/\/ses-creative.com\/","logo":{"@type":"ImageObject","inLanguage":"fr-FR","@id":"https:\/\/ses-creative.com\/#\/schema\/logo\/image\/","url":"https:\/\/ses-creative.com\/wp-content\/uploads\/2025\/10\/ses-creative-logo.jpg","contentUrl":"https:\/\/ses-creative.com\/wp-content\/uploads\/2025\/10\/ses-creative-logo.jpg","width":2037,"height":2037,"caption":"SES Creative"},"image":{"@id":"https:\/\/ses-creative.com\/#\/schema\/logo\/image\/"}}]}},"_links":{"self":[{"href":"https:\/\/ses-creative.com\/fr\/wp-json\/wp\/v2\/product\/118492","targetHints":{"allow":["GET"]}}],"collection":[{"href":"https:\/\/ses-creative.com\/fr\/wp-json\/wp\/v2\/product"}],"about":[{"href":"https:\/\/ses-creative.com\/fr\/wp-json\/wp\/v2\/types\/product"}],"replies":[{"embeddable":true,"href":"https:\/\/ses-creative.com\/fr\/wp-json\/wp\/v2\/comments?post=118492"}],"wp:featuredmedia":[{"embeddable":true,"href":"https:\/\/ses-creative.com\/fr\/wp-json\/wp\/v2\/media\/105876"}],"wp:attachment":[{"href":"https:\/\/ses-creative.com\/fr\/wp-json\/wp\/v2\/media?parent=118492"}],"wp:term":[{"taxonomy":"product_brand","embeddable":true,"href":"https:\/\/ses-creative.com\/fr\/wp-json\/wp\/v2\/product_brand?post=118492"},{"taxonomy":"product_cat","embeddable":true,"href":"https:\/\/ses-creative.com\/fr\/wp-json\/wp\/v2\/product_cat?post=118492"},{"taxonomy":"product_tag","embeddable":true,"href":"https:\/\/ses-creative.com\/fr\/wp-json\/wp\/v2\/product_tag?post=118492"}],"curies":[{"name":"wp","href":"https:\/\/api.w.org\/{rel}","templated":true}]}}