











{"id":118491,"date":"2026-02-12T10:09:56","date_gmt":"2026-02-12T10:09:56","guid":{"rendered":"https:\/\/ses-creative.com\/?post_type=product&#038;p=118491"},"modified":"2026-02-12T10:23:21","modified_gmt":"2026-02-12T10:23:21","slug":"eco-peinture-a-doigts-4-couleurs-x-110ml","status":"publish","type":"product","link":"https:\/\/ses-creative.com\/fr\/produit\/eco-peinture-a-doigts-4-couleurs-x-110ml\/","title":{"rendered":"Eco Peinture \u00e0 doigts 4 couleurs x 110ml"},"content":{"rendered":"<p>D\u00e9couvrez la peinture \u00e0 doigts enfants SES ECO, une peinture de qualit\u00e9 id\u00e9ale pour \u00e9veiller la cr\u00e9ativit\u00e9 des tout-petits d\u00e8s 2 ans. Cette peinture \u00e9cologique sans gluten est fabriqu\u00e9e avec des mat\u00e9riaux respectueux de l\u2019environnement et conditionn\u00e9e dans un emballage recycl\u00e9. Gr\u00e2ce \u00e0 sa texture agr\u00e9able et sa grande facilit\u00e9 d\u2019application, cette activit\u00e9 cr\u00e9ative peinture b\u00e9b\u00e9 permet aux enfants d\u2019explorer librement les couleurs et de cr\u00e9er leurs premi\u00e8res \u0153uvres d\u2019art. Cette peinture lavable hypoallerg\u00e9nique se nettoie facilement des mains et des textiles, garantissant une activit\u00e9 propre et sans souci. M\u00e9langeable et s\u2019\u00e9talant parfaitement, elle favorise la motricit\u00e9 fine et stimule l\u2019imagination des tout-petits. Fabriqu\u00e9e aux Pays-Bas, elle r\u00e9pond aux normes de s\u00e9curit\u00e9 les plus strictes pour une utilisation en toute confiance. Offrez un set de peinture \u00e0 doigts 2 ans con\u00e7u pour les jeunes artistes en herbe, parfait pour une exp\u00e9rience sensorielle et artistique enrichissante. Avec quatre couleurs vives et un emballage con\u00e7u dans une d\u00e9marche \u00e9coresponsable, cette peinture \u00e0 doigts allie plaisir et respect de la plan\u00e8te. Id\u00e9ale pour des moments de jeu cr\u00e9atif \u00e0 la maison ou \u00e0 l&rsquo;\u00e9cole, elle permet aux enfants de s\u2019amuser tout en d\u00e9veloppant leur expression artistique. Gr\u00e2ce \u00e0 ses composants non toxiques, elle est adapt\u00e9e aux petites mains curieuses et garantit une activit\u00e9 en toute s\u00e9curit\u00e9.<\/p>\n","protected":false},"excerpt":{"rendered":"<p>D\u00e9couvrez la peinture \u00e0 doigts enfants SES ECO, une peinture de qualit\u00e9 id\u00e9ale pour \u00e9veiller la cr\u00e9ativit\u00e9 des tout-petits d\u00e8s 2 ans. Cette peinture \u00e9cologique sans gluten est fabriqu\u00e9e avec des mat\u00e9riaux respectueux de l\u2019environnement et conditionn\u00e9e dans un emballage recycl\u00e9. Gr\u00e2ce \u00e0 sa texture agr\u00e9able et sa grande facilit\u00e9 d\u2019application, cette activit\u00e9 cr\u00e9ative peinture [&hellip;]<\/p>\n","protected":false},"featured_media":105856,"comment_status":"closed","ping_status":"closed","template":"","meta":{"_acf_changed":false},"product_brand":[],"product_cat":[122],"product_tag":[],"class_list":{"0":"post-118491","1":"product","2":"type-product","3":"status-publish","4":"has-post-thumbnail","6":"product_cat-loisirs-creatifs","7":"pa_leeftijd-filter-0-2-ans","8":"pa_meest-populair-bij-garcons-filles","10":"first","11":"instock","12":"shipping-taxable","13":"product-type-simple"},"acf":[],"yoast_head":"<!-- This site is optimized with the Yoast SEO plugin v27.2 - https:\/\/yoast.com\/product\/yoast-seo-wordpress\/ -->\n<title>Eco Peinture \u00e0 doigts 4 couleurs x 110ml - SES Creative<\/title>\n<meta name=\"robots\" content=\"index, follow, max-snippet:-1, max-image-preview:large, max-video-preview:-1\" \/>\n<link rel=\"canonical\" href=\"https:\/\/ses-creative.com\/fr\/produit\/eco-peinture-a-doigts-4-couleurs-x-110ml\/\" \/>\n<meta property=\"og:locale\" content=\"fr_FR\" \/>\n<meta property=\"og:type\" content=\"article\" \/>\n<meta property=\"og:title\" content=\"Eco Peinture \u00e0 doigts 4 couleurs x 110ml - SES Creative\" \/>\n<meta property=\"og:description\" content=\"D\u00e9couvrez la peinture \u00e0 doigts enfants SES ECO, une peinture de qualit\u00e9 id\u00e9ale pour \u00e9veiller la cr\u00e9ativit\u00e9 des tout-petits d\u00e8s 2 ans. Cette peinture \u00e9cologique sans gluten est fabriqu\u00e9e avec des mat\u00e9riaux respectueux de l\u2019environnement et conditionn\u00e9e dans un emballage recycl\u00e9. Gr\u00e2ce \u00e0 sa texture agr\u00e9able et sa grande facilit\u00e9 d\u2019application, cette activit\u00e9 cr\u00e9ative peinture [&hellip;]\" \/>\n<meta property=\"og:url\" content=\"https:\/\/ses-creative.com\/fr\/produit\/eco-peinture-a-doigts-4-couleurs-x-110ml\/\" \/>\n<meta property=\"og:site_name\" content=\"SES Creative\" \/>\n<meta property=\"article:modified_time\" content=\"2026-02-12T10:23:21+00:00\" \/>\n<meta name=\"twitter:card\" content=\"summary_large_image\" \/>\n<meta name=\"twitter:label1\" content=\"Dur\u00e9e de lecture estim\u00e9e\" \/>\n\t<meta name=\"twitter:data1\" content=\"1 minute\" \/>\n<script type=\"application\/ld+json\" class=\"yoast-schema-graph\">{\"@context\":\"https:\/\/schema.org\",\"@graph\":[{\"@type\":\"WebPage\",\"@id\":\"https:\/\/ses-creative.com\/fr\/produit\/eco-peinture-a-doigts-4-couleurs-x-110ml\/\",\"url\":\"https:\/\/ses-creative.com\/fr\/produit\/eco-peinture-a-doigts-4-couleurs-x-110ml\/\",\"name\":\"Eco Peinture \u00e0 doigts 4 couleurs x 110ml - SES Creative\",\"isPartOf\":{\"@id\":\"https:\/\/ses-creative.com\/#website\"},\"primaryImageOfPage\":{\"@id\":\"https:\/\/ses-creative.com\/fr\/produit\/eco-peinture-a-doigts-4-couleurs-x-110ml\/#primaryimage\"},\"image\":{\"@id\":\"https:\/\/ses-creative.com\/fr\/produit\/eco-peinture-a-doigts-4-couleurs-x-110ml\/#primaryimage\"},\"thumbnailUrl\":\"https:\/\/ses-creative.com\/wp-content\/uploads\/2026\/01\/249261.jpg\",\"datePublished\":\"2026-02-12T10:09:56+00:00\",\"dateModified\":\"2026-02-12T10:23:21+00:00\",\"breadcrumb\":{\"@id\":\"https:\/\/ses-creative.com\/fr\/produit\/eco-peinture-a-doigts-4-couleurs-x-110ml\/#breadcrumb\"},\"inLanguage\":\"fr-FR\",\"potentialAction\":[{\"@type\":\"ReadAction\",\"target\":[\"https:\/\/ses-creative.com\/fr\/produit\/eco-peinture-a-doigts-4-couleurs-x-110ml\/\"]}]},{\"@type\":\"ImageObject\",\"inLanguage\":\"fr-FR\",\"@id\":\"https:\/\/ses-creative.com\/fr\/produit\/eco-peinture-a-doigts-4-couleurs-x-110ml\/#primaryimage\",\"url\":\"https:\/\/ses-creative.com\/wp-content\/uploads\/2026\/01\/249261.jpg\",\"contentUrl\":\"https:\/\/ses-creative.com\/wp-content\/uploads\/2026\/01\/249261.jpg\",\"width\":1000,\"height\":1000},{\"@type\":\"BreadcrumbList\",\"@id\":\"https:\/\/ses-creative.com\/fr\/produit\/eco-peinture-a-doigts-4-couleurs-x-110ml\/#breadcrumb\",\"itemListElement\":[{\"@type\":\"ListItem\",\"position\":1,\"name\":\"Boutique\",\"item\":\"https:\/\/ses-creative.com\/fr\/boutique\/\"},{\"@type\":\"ListItem\",\"position\":2,\"name\":\"Loisirs cr\u00e9atifs\",\"item\":\"https:\/\/ses-creative.com\/fr\/product-categorie\/loisirs-creatifs\/\"},{\"@type\":\"ListItem\",\"position\":3,\"name\":\"Eco Peinture \u00e0 doigts 4 couleurs x 110ml\"}]},{\"@type\":\"WebSite\",\"@id\":\"https:\/\/ses-creative.com\/#website\",\"url\":\"https:\/\/ses-creative.com\/\",\"name\":\"SES Creative\",\"description\":\"\",\"publisher\":{\"@id\":\"https:\/\/ses-creative.com\/#organization\"},\"potentialAction\":[{\"@type\":\"SearchAction\",\"target\":{\"@type\":\"EntryPoint\",\"urlTemplate\":\"https:\/\/ses-creative.com\/?s={search_term_string}\"},\"query-input\":{\"@type\":\"PropertyValueSpecification\",\"valueRequired\":true,\"valueName\":\"search_term_string\"}}],\"inLanguage\":\"fr-FR\"},{\"@type\":\"Organization\",\"@id\":\"https:\/\/ses-creative.com\/#organization\",\"name\":\"SES Creative\",\"url\":\"https:\/\/ses-creative.com\/\",\"logo\":{\"@type\":\"ImageObject\",\"inLanguage\":\"fr-FR\",\"@id\":\"https:\/\/ses-creative.com\/#\/schema\/logo\/image\/\",\"url\":\"https:\/\/ses-creative.com\/wp-content\/uploads\/2025\/10\/ses-creative-logo.jpg\",\"contentUrl\":\"https:\/\/ses-creative.com\/wp-content\/uploads\/2025\/10\/ses-creative-logo.jpg\",\"width\":2037,\"height\":2037,\"caption\":\"SES Creative\"},\"image\":{\"@id\":\"https:\/\/ses-creative.com\/#\/schema\/logo\/image\/\"}}]}<\/script>\n<!-- \/ Yoast SEO plugin. -->","yoast_head_json":{"title":"Eco Peinture \u00e0 doigts 4 couleurs x 110ml - SES Creative","robots":{"index":"index","follow":"follow","max-snippet":"max-snippet:-1","max-image-preview":"max-image-preview:large","max-video-preview":"max-video-preview:-1"},"canonical":"https:\/\/ses-creative.com\/fr\/produit\/eco-peinture-a-doigts-4-couleurs-x-110ml\/","og_locale":"fr_FR","og_type":"article","og_title":"Eco Peinture \u00e0 doigts 4 couleurs x 110ml - SES Creative","og_description":"D\u00e9couvrez la peinture \u00e0 doigts enfants SES ECO, une peinture de qualit\u00e9 id\u00e9ale pour \u00e9veiller la cr\u00e9ativit\u00e9 des tout-petits d\u00e8s 2 ans. Cette peinture \u00e9cologique sans gluten est fabriqu\u00e9e avec des mat\u00e9riaux respectueux de l\u2019environnement et conditionn\u00e9e dans un emballage recycl\u00e9. Gr\u00e2ce \u00e0 sa texture agr\u00e9able et sa grande facilit\u00e9 d\u2019application, cette activit\u00e9 cr\u00e9ative peinture [&hellip;]","og_url":"https:\/\/ses-creative.com\/fr\/produit\/eco-peinture-a-doigts-4-couleurs-x-110ml\/","og_site_name":"SES Creative","article_modified_time":"2026-02-12T10:23:21+00:00","twitter_card":"summary_large_image","twitter_misc":{"Dur\u00e9e de lecture estim\u00e9e":"1 minute"},"schema":{"@context":"https:\/\/schema.org","@graph":[{"@type":"WebPage","@id":"https:\/\/ses-creative.com\/fr\/produit\/eco-peinture-a-doigts-4-couleurs-x-110ml\/","url":"https:\/\/ses-creative.com\/fr\/produit\/eco-peinture-a-doigts-4-couleurs-x-110ml\/","name":"Eco Peinture \u00e0 doigts 4 couleurs x 110ml - SES Creative","isPartOf":{"@id":"https:\/\/ses-creative.com\/#website"},"primaryImageOfPage":{"@id":"https:\/\/ses-creative.com\/fr\/produit\/eco-peinture-a-doigts-4-couleurs-x-110ml\/#primaryimage"},"image":{"@id":"https:\/\/ses-creative.com\/fr\/produit\/eco-peinture-a-doigts-4-couleurs-x-110ml\/#primaryimage"},"thumbnailUrl":"https:\/\/ses-creative.com\/wp-content\/uploads\/2026\/01\/249261.jpg","datePublished":"2026-02-12T10:09:56+00:00","dateModified":"2026-02-12T10:23:21+00:00","breadcrumb":{"@id":"https:\/\/ses-creative.com\/fr\/produit\/eco-peinture-a-doigts-4-couleurs-x-110ml\/#breadcrumb"},"inLanguage":"fr-FR","potentialAction":[{"@type":"ReadAction","target":["https:\/\/ses-creative.com\/fr\/produit\/eco-peinture-a-doigts-4-couleurs-x-110ml\/"]}]},{"@type":"ImageObject","inLanguage":"fr-FR","@id":"https:\/\/ses-creative.com\/fr\/produit\/eco-peinture-a-doigts-4-couleurs-x-110ml\/#primaryimage","url":"https:\/\/ses-creative.com\/wp-content\/uploads\/2026\/01\/249261.jpg","contentUrl":"https:\/\/ses-creative.com\/wp-content\/uploads\/2026\/01\/249261.jpg","width":1000,"height":1000},{"@type":"BreadcrumbList","@id":"https:\/\/ses-creative.com\/fr\/produit\/eco-peinture-a-doigts-4-couleurs-x-110ml\/#breadcrumb","itemListElement":[{"@type":"ListItem","position":1,"name":"Boutique","item":"https:\/\/ses-creative.com\/fr\/boutique\/"},{"@type":"ListItem","position":2,"name":"Loisirs cr\u00e9atifs","item":"https:\/\/ses-creative.com\/fr\/product-categorie\/loisirs-creatifs\/"},{"@type":"ListItem","position":3,"name":"Eco Peinture \u00e0 doigts 4 couleurs x 110ml"}]},{"@type":"WebSite","@id":"https:\/\/ses-creative.com\/#website","url":"https:\/\/ses-creative.com\/","name":"SES Creative","description":"","publisher":{"@id":"https:\/\/ses-creative.com\/#organization"},"potentialAction":[{"@type":"SearchAction","target":{"@type":"EntryPoint","urlTemplate":"https:\/\/ses-creative.com\/?s={search_term_string}"},"query-input":{"@type":"PropertyValueSpecification","valueRequired":true,"valueName":"search_term_string"}}],"inLanguage":"fr-FR"},{"@type":"Organization","@id":"https:\/\/ses-creative.com\/#organization","name":"SES Creative","url":"https:\/\/ses-creative.com\/","logo":{"@type":"ImageObject","inLanguage":"fr-FR","@id":"https:\/\/ses-creative.com\/#\/schema\/logo\/image\/","url":"https:\/\/ses-creative.com\/wp-content\/uploads\/2025\/10\/ses-creative-logo.jpg","contentUrl":"https:\/\/ses-creative.com\/wp-content\/uploads\/2025\/10\/ses-creative-logo.jpg","width":2037,"height":2037,"caption":"SES Creative"},"image":{"@id":"https:\/\/ses-creative.com\/#\/schema\/logo\/image\/"}}]}},"_links":{"self":[{"href":"https:\/\/ses-creative.com\/fr\/wp-json\/wp\/v2\/product\/118491","targetHints":{"allow":["GET"]}}],"collection":[{"href":"https:\/\/ses-creative.com\/fr\/wp-json\/wp\/v2\/product"}],"about":[{"href":"https:\/\/ses-creative.com\/fr\/wp-json\/wp\/v2\/types\/product"}],"replies":[{"embeddable":true,"href":"https:\/\/ses-creative.com\/fr\/wp-json\/wp\/v2\/comments?post=118491"}],"wp:featuredmedia":[{"embeddable":true,"href":"https:\/\/ses-creative.com\/fr\/wp-json\/wp\/v2\/media\/105856"}],"wp:attachment":[{"href":"https:\/\/ses-creative.com\/fr\/wp-json\/wp\/v2\/media?parent=118491"}],"wp:term":[{"taxonomy":"product_brand","embeddable":true,"href":"https:\/\/ses-creative.com\/fr\/wp-json\/wp\/v2\/product_brand?post=118491"},{"taxonomy":"product_cat","embeddable":true,"href":"https:\/\/ses-creative.com\/fr\/wp-json\/wp\/v2\/product_cat?post=118491"},{"taxonomy":"product_tag","embeddable":true,"href":"https:\/\/ses-creative.com\/fr\/wp-json\/wp\/v2\/product_tag?post=118491"}],"curies":[{"name":"wp","href":"https:\/\/api.w.org\/{rel}","templated":true}]}}