











{"id":118490,"date":"2026-02-12T10:09:56","date_gmt":"2026-02-12T10:09:56","guid":{"rendered":"https:\/\/ses-creative.com\/?post_type=product&#038;p=118490"},"modified":"2026-02-12T10:23:21","modified_gmt":"2026-02-12T10:23:21","slug":"cartes-de-peinture-au-doigt-eco","status":"publish","type":"product","link":"https:\/\/ses-creative.com\/fr\/produit\/cartes-de-peinture-au-doigt-eco\/","title":{"rendered":"Cartes de peinture au doigt Eco"},"content":{"rendered":"<p>Cartes \u00e0 peindre au doigt Eco : peindre de mani\u00e8re cr\u00e9ative tout en respectant la nature !<br \/>\nAvec le set de cartes \u00e0 peindre au doigt Eco de SES Creative, les jeunes enfants peuvent laisser libre cours \u00e0 leur cr\u00e9ativit\u00e9 avec de la peinture au doigt sur des cartes recycl\u00e9es. Ce set est id\u00e9al pour les petits artistes \u00e0 partir de 2 ans, qui font leurs premi\u00e8res exp\u00e9riences de peinture de mani\u00e8re ludique. Les cartes sont 100 % recycl\u00e9es, ce qui vous permet d&rsquo;\u00eatre non seulement cr\u00e9atif, mais aussi respectueux de l&rsquo;environnement !<br \/>\nPourquoi ce kit est-il g\u00e9nial ?<br \/>\n&#8211;    Le set de cartes \u00e0 peindre au doigt Eco combine plaisir cr\u00e9atif et bricolage respectueux de l&rsquo;environnement.<br \/>\n&#8211; La peinture est facilement lavable et sans danger pour les jeunes enfants.<br \/>\n&#8211;    Les cartes recycl\u00e9es garantissent une exp\u00e9rience cr\u00e9ative durable.<br \/>\n&#8211;    Ce set aide les enfants \u00e0 d\u00e9velopper leur motricit\u00e9 fine.<br \/>\n&#8211; Il constitue une excellente initiation \u00e0 la peinture.<br \/>\nPeindre sur du papier recycl\u00e9<br \/>\nAvec ce kit, les enfants peuvent cr\u00e9er des \u0153uvres d&rsquo;art color\u00e9es en utilisant leurs mains et leurs doigts. Les cartes pr\u00e9imprim\u00e9es sont fabriqu\u00e9es \u00e0 partir de papier recycl\u00e9 et comportent de jolies images qui stimulent l&rsquo;imagination des jeunes enfants. Gr\u00e2ce \u00e0 la peinture lavable, c&rsquo;est un moyen s\u00fbr et facile de jouer de mani\u00e8re cr\u00e9ative sans faire de salissures !<br \/>\nComment \u00e7a marche ?<br \/>\nChoisissez l&rsquo;une des cartes recycl\u00e9es et utilisez la peinture au doigt pour colorier les images. Laissez libre cours \u00e0 votre cr\u00e9ativit\u00e9 et cr\u00e9ez de magnifiques \u0153uvres d&rsquo;art de vos propres mains !<br \/>\nContenu de l&#8217;emballage<br \/>\n&#8211;    8 cartes pr\u00e9imprim\u00e9es (100 % recycl\u00e9es)<br \/>\n&#8211;    8 pots de peinture au doigt<br \/>\nPourquoi choisir SES Creative ?<br \/>\nChez SES Creative, nous accordons une grande importance \u00e0 la s\u00e9curit\u00e9. C&rsquo;est pourquoi nos produits sont fabriqu\u00e9s et test\u00e9s dans notre usine aux Pays-Bas, conform\u00e9ment aux normes de s\u00e9curit\u00e9 europ\u00e9ennes les plus strictes. Les jouets SES Creative sont source de plaisir et permettent aux enfants d&rsquo;\u00eatre fiers de leur travail, ce qui stimule leur cr\u00e9ativit\u00e9 et leur d\u00e9veloppement.<br \/>\nPr\u00eat \u00e0 cr\u00e9er des \u0153uvres d&rsquo;art color\u00e9es ?<br \/>\nProcurez-vous le set de cartes \u00e0 peindre au doigt Eco de SES Creative et laissez votre enfant exprimer sa cr\u00e9ativit\u00e9 de mani\u00e8re ludique et \u00e9cologique. Qu&rsquo;attendez-vous ? Commencez d\u00e8s aujourd&rsquo;hui \u00e0 cr\u00e9er de magnifiques \u0153uvres d&rsquo;art color\u00e9es !<\/p>\n","protected":false},"excerpt":{"rendered":"<p>Cartes \u00e0 peindre au doigt Eco : peindre de mani\u00e8re cr\u00e9ative tout en respectant la nature ! Avec le set de cartes \u00e0 peindre au doigt Eco de SES Creative, les jeunes enfants peuvent laisser libre cours \u00e0 leur cr\u00e9ativit\u00e9 avec de la peinture au doigt sur des cartes recycl\u00e9es. Ce set est id\u00e9al pour [&hellip;]<\/p>\n","protected":false},"featured_media":107613,"comment_status":"closed","ping_status":"closed","template":"","meta":{"_acf_changed":false},"product_brand":[],"product_cat":[122],"product_tag":[],"class_list":{"0":"post-118490","1":"product","2":"type-product","3":"status-publish","4":"has-post-thumbnail","6":"product_cat-loisirs-creatifs","7":"pa_leeftijd-filter-0-2-ans","8":"pa_meest-populair-bij-garcons-filles","10":"first","11":"instock","12":"shipping-taxable","13":"product-type-simple"},"acf":[],"yoast_head":"<!-- This site is optimized with the Yoast SEO plugin v27.2 - https:\/\/yoast.com\/product\/yoast-seo-wordpress\/ -->\n<title>Cartes de peinture au doigt Eco - SES Creative<\/title>\n<meta name=\"robots\" content=\"index, follow, max-snippet:-1, max-image-preview:large, max-video-preview:-1\" \/>\n<link rel=\"canonical\" href=\"https:\/\/ses-creative.com\/fr\/produit\/cartes-de-peinture-au-doigt-eco\/\" \/>\n<meta property=\"og:locale\" content=\"fr_FR\" \/>\n<meta property=\"og:type\" content=\"article\" \/>\n<meta property=\"og:title\" content=\"Cartes de peinture au doigt Eco - SES Creative\" \/>\n<meta property=\"og:description\" content=\"Cartes \u00e0 peindre au doigt Eco : peindre de mani\u00e8re cr\u00e9ative tout en respectant la nature ! Avec le set de cartes \u00e0 peindre au doigt Eco de SES Creative, les jeunes enfants peuvent laisser libre cours \u00e0 leur cr\u00e9ativit\u00e9 avec de la peinture au doigt sur des cartes recycl\u00e9es. Ce set est id\u00e9al pour [&hellip;]\" \/>\n<meta property=\"og:url\" content=\"https:\/\/ses-creative.com\/fr\/produit\/cartes-de-peinture-au-doigt-eco\/\" \/>\n<meta property=\"og:site_name\" content=\"SES Creative\" \/>\n<meta property=\"article:modified_time\" content=\"2026-02-12T10:23:21+00:00\" \/>\n<meta name=\"twitter:card\" content=\"summary_large_image\" \/>\n<meta name=\"twitter:label1\" content=\"Dur\u00e9e de lecture estim\u00e9e\" \/>\n\t<meta name=\"twitter:data1\" content=\"2 minutes\" \/>\n<script type=\"application\/ld+json\" class=\"yoast-schema-graph\">{\"@context\":\"https:\/\/schema.org\",\"@graph\":[{\"@type\":\"WebPage\",\"@id\":\"https:\/\/ses-creative.com\/fr\/produit\/cartes-de-peinture-au-doigt-eco\/\",\"url\":\"https:\/\/ses-creative.com\/fr\/produit\/cartes-de-peinture-au-doigt-eco\/\",\"name\":\"Cartes de peinture au doigt Eco - SES Creative\",\"isPartOf\":{\"@id\":\"https:\/\/ses-creative.com\/#website\"},\"primaryImageOfPage\":{\"@id\":\"https:\/\/ses-creative.com\/fr\/produit\/cartes-de-peinture-au-doigt-eco\/#primaryimage\"},\"image\":{\"@id\":\"https:\/\/ses-creative.com\/fr\/produit\/cartes-de-peinture-au-doigt-eco\/#primaryimage\"},\"thumbnailUrl\":\"https:\/\/ses-creative.com\/wp-content\/uploads\/2026\/01\/249251-1.jpg\",\"datePublished\":\"2026-02-12T10:09:56+00:00\",\"dateModified\":\"2026-02-12T10:23:21+00:00\",\"breadcrumb\":{\"@id\":\"https:\/\/ses-creative.com\/fr\/produit\/cartes-de-peinture-au-doigt-eco\/#breadcrumb\"},\"inLanguage\":\"fr-FR\",\"potentialAction\":[{\"@type\":\"ReadAction\",\"target\":[\"https:\/\/ses-creative.com\/fr\/produit\/cartes-de-peinture-au-doigt-eco\/\"]}]},{\"@type\":\"ImageObject\",\"inLanguage\":\"fr-FR\",\"@id\":\"https:\/\/ses-creative.com\/fr\/produit\/cartes-de-peinture-au-doigt-eco\/#primaryimage\",\"url\":\"https:\/\/ses-creative.com\/wp-content\/uploads\/2026\/01\/249251-1.jpg\",\"contentUrl\":\"https:\/\/ses-creative.com\/wp-content\/uploads\/2026\/01\/249251-1.jpg\",\"width\":1000,\"height\":1000},{\"@type\":\"BreadcrumbList\",\"@id\":\"https:\/\/ses-creative.com\/fr\/produit\/cartes-de-peinture-au-doigt-eco\/#breadcrumb\",\"itemListElement\":[{\"@type\":\"ListItem\",\"position\":1,\"name\":\"Boutique\",\"item\":\"https:\/\/ses-creative.com\/fr\/boutique\/\"},{\"@type\":\"ListItem\",\"position\":2,\"name\":\"Loisirs cr\u00e9atifs\",\"item\":\"https:\/\/ses-creative.com\/fr\/product-categorie\/loisirs-creatifs\/\"},{\"@type\":\"ListItem\",\"position\":3,\"name\":\"Cartes de peinture au doigt Eco\"}]},{\"@type\":\"WebSite\",\"@id\":\"https:\/\/ses-creative.com\/#website\",\"url\":\"https:\/\/ses-creative.com\/\",\"name\":\"SES Creative\",\"description\":\"\",\"publisher\":{\"@id\":\"https:\/\/ses-creative.com\/#organization\"},\"potentialAction\":[{\"@type\":\"SearchAction\",\"target\":{\"@type\":\"EntryPoint\",\"urlTemplate\":\"https:\/\/ses-creative.com\/?s={search_term_string}\"},\"query-input\":{\"@type\":\"PropertyValueSpecification\",\"valueRequired\":true,\"valueName\":\"search_term_string\"}}],\"inLanguage\":\"fr-FR\"},{\"@type\":\"Organization\",\"@id\":\"https:\/\/ses-creative.com\/#organization\",\"name\":\"SES Creative\",\"url\":\"https:\/\/ses-creative.com\/\",\"logo\":{\"@type\":\"ImageObject\",\"inLanguage\":\"fr-FR\",\"@id\":\"https:\/\/ses-creative.com\/#\/schema\/logo\/image\/\",\"url\":\"https:\/\/ses-creative.com\/wp-content\/uploads\/2025\/10\/ses-creative-logo.jpg\",\"contentUrl\":\"https:\/\/ses-creative.com\/wp-content\/uploads\/2025\/10\/ses-creative-logo.jpg\",\"width\":2037,\"height\":2037,\"caption\":\"SES Creative\"},\"image\":{\"@id\":\"https:\/\/ses-creative.com\/#\/schema\/logo\/image\/\"}}]}<\/script>\n<!-- \/ Yoast SEO plugin. -->","yoast_head_json":{"title":"Cartes de peinture au doigt Eco - SES Creative","robots":{"index":"index","follow":"follow","max-snippet":"max-snippet:-1","max-image-preview":"max-image-preview:large","max-video-preview":"max-video-preview:-1"},"canonical":"https:\/\/ses-creative.com\/fr\/produit\/cartes-de-peinture-au-doigt-eco\/","og_locale":"fr_FR","og_type":"article","og_title":"Cartes de peinture au doigt Eco - SES Creative","og_description":"Cartes \u00e0 peindre au doigt Eco : peindre de mani\u00e8re cr\u00e9ative tout en respectant la nature ! Avec le set de cartes \u00e0 peindre au doigt Eco de SES Creative, les jeunes enfants peuvent laisser libre cours \u00e0 leur cr\u00e9ativit\u00e9 avec de la peinture au doigt sur des cartes recycl\u00e9es. Ce set est id\u00e9al pour [&hellip;]","og_url":"https:\/\/ses-creative.com\/fr\/produit\/cartes-de-peinture-au-doigt-eco\/","og_site_name":"SES Creative","article_modified_time":"2026-02-12T10:23:21+00:00","twitter_card":"summary_large_image","twitter_misc":{"Dur\u00e9e de lecture estim\u00e9e":"2 minutes"},"schema":{"@context":"https:\/\/schema.org","@graph":[{"@type":"WebPage","@id":"https:\/\/ses-creative.com\/fr\/produit\/cartes-de-peinture-au-doigt-eco\/","url":"https:\/\/ses-creative.com\/fr\/produit\/cartes-de-peinture-au-doigt-eco\/","name":"Cartes de peinture au doigt Eco - SES Creative","isPartOf":{"@id":"https:\/\/ses-creative.com\/#website"},"primaryImageOfPage":{"@id":"https:\/\/ses-creative.com\/fr\/produit\/cartes-de-peinture-au-doigt-eco\/#primaryimage"},"image":{"@id":"https:\/\/ses-creative.com\/fr\/produit\/cartes-de-peinture-au-doigt-eco\/#primaryimage"},"thumbnailUrl":"https:\/\/ses-creative.com\/wp-content\/uploads\/2026\/01\/249251-1.jpg","datePublished":"2026-02-12T10:09:56+00:00","dateModified":"2026-02-12T10:23:21+00:00","breadcrumb":{"@id":"https:\/\/ses-creative.com\/fr\/produit\/cartes-de-peinture-au-doigt-eco\/#breadcrumb"},"inLanguage":"fr-FR","potentialAction":[{"@type":"ReadAction","target":["https:\/\/ses-creative.com\/fr\/produit\/cartes-de-peinture-au-doigt-eco\/"]}]},{"@type":"ImageObject","inLanguage":"fr-FR","@id":"https:\/\/ses-creative.com\/fr\/produit\/cartes-de-peinture-au-doigt-eco\/#primaryimage","url":"https:\/\/ses-creative.com\/wp-content\/uploads\/2026\/01\/249251-1.jpg","contentUrl":"https:\/\/ses-creative.com\/wp-content\/uploads\/2026\/01\/249251-1.jpg","width":1000,"height":1000},{"@type":"BreadcrumbList","@id":"https:\/\/ses-creative.com\/fr\/produit\/cartes-de-peinture-au-doigt-eco\/#breadcrumb","itemListElement":[{"@type":"ListItem","position":1,"name":"Boutique","item":"https:\/\/ses-creative.com\/fr\/boutique\/"},{"@type":"ListItem","position":2,"name":"Loisirs cr\u00e9atifs","item":"https:\/\/ses-creative.com\/fr\/product-categorie\/loisirs-creatifs\/"},{"@type":"ListItem","position":3,"name":"Cartes de peinture au doigt Eco"}]},{"@type":"WebSite","@id":"https:\/\/ses-creative.com\/#website","url":"https:\/\/ses-creative.com\/","name":"SES Creative","description":"","publisher":{"@id":"https:\/\/ses-creative.com\/#organization"},"potentialAction":[{"@type":"SearchAction","target":{"@type":"EntryPoint","urlTemplate":"https:\/\/ses-creative.com\/?s={search_term_string}"},"query-input":{"@type":"PropertyValueSpecification","valueRequired":true,"valueName":"search_term_string"}}],"inLanguage":"fr-FR"},{"@type":"Organization","@id":"https:\/\/ses-creative.com\/#organization","name":"SES Creative","url":"https:\/\/ses-creative.com\/","logo":{"@type":"ImageObject","inLanguage":"fr-FR","@id":"https:\/\/ses-creative.com\/#\/schema\/logo\/image\/","url":"https:\/\/ses-creative.com\/wp-content\/uploads\/2025\/10\/ses-creative-logo.jpg","contentUrl":"https:\/\/ses-creative.com\/wp-content\/uploads\/2025\/10\/ses-creative-logo.jpg","width":2037,"height":2037,"caption":"SES Creative"},"image":{"@id":"https:\/\/ses-creative.com\/#\/schema\/logo\/image\/"}}]}},"_links":{"self":[{"href":"https:\/\/ses-creative.com\/fr\/wp-json\/wp\/v2\/product\/118490","targetHints":{"allow":["GET"]}}],"collection":[{"href":"https:\/\/ses-creative.com\/fr\/wp-json\/wp\/v2\/product"}],"about":[{"href":"https:\/\/ses-creative.com\/fr\/wp-json\/wp\/v2\/types\/product"}],"replies":[{"embeddable":true,"href":"https:\/\/ses-creative.com\/fr\/wp-json\/wp\/v2\/comments?post=118490"}],"wp:featuredmedia":[{"embeddable":true,"href":"https:\/\/ses-creative.com\/fr\/wp-json\/wp\/v2\/media\/107613"}],"wp:attachment":[{"href":"https:\/\/ses-creative.com\/fr\/wp-json\/wp\/v2\/media?parent=118490"}],"wp:term":[{"taxonomy":"product_brand","embeddable":true,"href":"https:\/\/ses-creative.com\/fr\/wp-json\/wp\/v2\/product_brand?post=118490"},{"taxonomy":"product_cat","embeddable":true,"href":"https:\/\/ses-creative.com\/fr\/wp-json\/wp\/v2\/product_cat?post=118490"},{"taxonomy":"product_tag","embeddable":true,"href":"https:\/\/ses-creative.com\/fr\/wp-json\/wp\/v2\/product_tag?post=118490"}],"curies":[{"name":"wp","href":"https:\/\/api.w.org\/{rel}","templated":true}]}}