











{"id":118489,"date":"2026-02-12T10:09:56","date_gmt":"2026-02-12T10:09:56","guid":{"rendered":"https:\/\/ses-creative.com\/?post_type=product&#038;p=118489"},"modified":"2026-02-12T10:23:21","modified_gmt":"2026-02-12T10:23:21","slug":"kit-de-peinture-au-doigt-avec-tablier-eco-100-recycle","status":"publish","type":"product","link":"https:\/\/ses-creative.com\/fr\/produit\/kit-de-peinture-au-doigt-avec-tablier-eco-100-recycle\/","title":{"rendered":"Kit de peinture au doigt avec tablier Eco &#8211; 100% recycl\u00e9"},"content":{"rendered":"<p>Laissez votre enfant exprimer sa cr\u00e9ativit\u00e9 tout en prenant soin de la plan\u00e8te !<\/p>\n<p>Avec le kit de peinture au doigt SES Eco, les enfants peuvent s&rsquo;amuser avec de la peinture, tandis que vous \u00eates s\u00fbr de faire un choix durable et s\u00fbr. Ce kit complet contient 4 couleurs vives de peinture au doigt, un rouleau de papier extra long et un tablier sp\u00e9cial fabriqu\u00e9 \u00e0 partir de bouteilles en PET 100 % recycl\u00e9es. Parfait pour les petits artistes qui aiment d\u00e9couvrir, bricoler et exp\u00e9rimenter avec les couleurs, et id\u00e9al pour les parents qui accordent de l&rsquo;importance \u00e0 la durabilit\u00e9.<\/p>\n<p> Contenu de l&#8217;emballage :<\/p>\n<p>Tablier anti-taches \u00e9cologique (100 % R-PET, taille 2-4 ans)<\/p>\n<p>4 pots de peinture au doigt s\u00fbre et \u00e9cologique<\/p>\n<p>Rouleau de papier extra long pour peindre directement dessus<\/p>\n<p>Mode d&#8217;emploi clair<\/p>\n<p> Caract\u00e9ristiques uniques :<\/p>\n<p>Tablier fabriqu\u00e9 \u00e0 partir de bouteilles en PET recycl\u00e9es : durable et pratique<\/p>\n<p>Peinture au doigt s\u00fbre et respectueuse de l&rsquo;environnement, sp\u00e9cialement con\u00e7ue pour les jeunes enfants<\/p>\n<p>Facilement lavable : pas de souci pour les taches<\/p>\n<p>Stimule la cr\u00e9ativit\u00e9, la motricit\u00e9 et le d\u00e9veloppement sensoriel<\/p>\n<p>Convient aux enfants \u00e0 partir de 1 an<\/p>\n<p>Peinture cr\u00e9ative et durable<\/p>\n<p>Avec ce kit, les enfants peuvent s&rsquo;adonner librement \u00e0 la peinture sur une grande feuille de papier. Le tablier prot\u00e8ge les v\u00eatements, tandis que les mat\u00e9riaux durables contribuent \u00e0 un avenir plus vert. Ce kit unique allie ainsi plaisir, cr\u00e9ativit\u00e9 et durabilit\u00e9.<\/p>\n<p>Pourquoi ce produit est-il parfait pour vous ?<\/p>\n<p>Ce kit \u00e9cologique est id\u00e9al pour les parents qui souhaitent faire d\u00e9couvrir l&rsquo;art et la cr\u00e9ativit\u00e9 \u00e0 leurs enfants, tout en faisant un choix conscient et durable. Il montre que jouer et prendre soin de la plan\u00e8te peuvent tr\u00e8s bien aller de pair.<\/p>\n<p> Commencez d\u00e8s aujourd&rsquo;hui \u00e0 peindre de mani\u00e8re \u00e9cologique<\/p>\n<p>Avec le kit de peinture au doigt SES Eco, vous offrez \u00e0 vos enfants une exp\u00e9rience cr\u00e9ative formidable tout en contribuant \u00e0 un monde meilleur. Un cadeau responsable qui allie plaisir, apprentissage et durabilit\u00e9 !<\/p>\n","protected":false},"excerpt":{"rendered":"<p>Laissez votre enfant exprimer sa cr\u00e9ativit\u00e9 tout en prenant soin de la plan\u00e8te ! Avec le kit de peinture au doigt SES Eco, les enfants peuvent s&rsquo;amuser avec de la peinture, tandis que vous \u00eates s\u00fbr de faire un choix durable et s\u00fbr. Ce kit complet contient 4 couleurs vives de peinture au doigt, un [&hellip;]<\/p>\n","protected":false},"featured_media":107608,"comment_status":"closed","ping_status":"closed","template":"","meta":{"_acf_changed":false},"product_brand":[],"product_cat":[122],"product_tag":[],"class_list":{"0":"post-118489","1":"product","2":"type-product","3":"status-publish","4":"has-post-thumbnail","6":"product_cat-loisirs-creatifs","7":"pa_leeftijd-filter-0-2-ans","8":"pa_meest-populair-bij-garcons-filles","10":"first","11":"instock","12":"shipping-taxable","13":"product-type-simple"},"acf":[],"yoast_head":"<!-- This site is optimized with the Yoast SEO plugin v27.2 - https:\/\/yoast.com\/product\/yoast-seo-wordpress\/ -->\n<title>Kit de peinture au doigt avec tablier Eco - 100% recycl\u00e9 - SES Creative<\/title>\n<meta name=\"robots\" content=\"index, follow, max-snippet:-1, max-image-preview:large, max-video-preview:-1\" \/>\n<link rel=\"canonical\" href=\"https:\/\/ses-creative.com\/fr\/produit\/kit-de-peinture-au-doigt-avec-tablier-eco-100-recycle\/\" \/>\n<meta property=\"og:locale\" content=\"fr_FR\" \/>\n<meta property=\"og:type\" content=\"article\" \/>\n<meta property=\"og:title\" content=\"Kit de peinture au doigt avec tablier Eco - 100% recycl\u00e9 - SES Creative\" \/>\n<meta property=\"og:description\" content=\"Laissez votre enfant exprimer sa cr\u00e9ativit\u00e9 tout en prenant soin de la plan\u00e8te ! Avec le kit de peinture au doigt SES Eco, les enfants peuvent s&rsquo;amuser avec de la peinture, tandis que vous \u00eates s\u00fbr de faire un choix durable et s\u00fbr. Ce kit complet contient 4 couleurs vives de peinture au doigt, un [&hellip;]\" \/>\n<meta property=\"og:url\" content=\"https:\/\/ses-creative.com\/fr\/produit\/kit-de-peinture-au-doigt-avec-tablier-eco-100-recycle\/\" \/>\n<meta property=\"og:site_name\" content=\"SES Creative\" \/>\n<meta property=\"article:modified_time\" content=\"2026-02-12T10:23:21+00:00\" \/>\n<meta name=\"twitter:card\" content=\"summary_large_image\" \/>\n<meta name=\"twitter:label1\" content=\"Dur\u00e9e de lecture estim\u00e9e\" \/>\n\t<meta name=\"twitter:data1\" content=\"2 minutes\" \/>\n<script type=\"application\/ld+json\" class=\"yoast-schema-graph\">{\"@context\":\"https:\/\/schema.org\",\"@graph\":[{\"@type\":\"WebPage\",\"@id\":\"https:\/\/ses-creative.com\/fr\/produit\/kit-de-peinture-au-doigt-avec-tablier-eco-100-recycle\/\",\"url\":\"https:\/\/ses-creative.com\/fr\/produit\/kit-de-peinture-au-doigt-avec-tablier-eco-100-recycle\/\",\"name\":\"Kit de peinture au doigt avec tablier Eco - 100% recycl\u00e9 - SES Creative\",\"isPartOf\":{\"@id\":\"https:\/\/ses-creative.com\/#website\"},\"primaryImageOfPage\":{\"@id\":\"https:\/\/ses-creative.com\/fr\/produit\/kit-de-peinture-au-doigt-avec-tablier-eco-100-recycle\/#primaryimage\"},\"image\":{\"@id\":\"https:\/\/ses-creative.com\/fr\/produit\/kit-de-peinture-au-doigt-avec-tablier-eco-100-recycle\/#primaryimage\"},\"thumbnailUrl\":\"https:\/\/ses-creative.com\/wp-content\/uploads\/2026\/01\/249241-1.jpg\",\"datePublished\":\"2026-02-12T10:09:56+00:00\",\"dateModified\":\"2026-02-12T10:23:21+00:00\",\"breadcrumb\":{\"@id\":\"https:\/\/ses-creative.com\/fr\/produit\/kit-de-peinture-au-doigt-avec-tablier-eco-100-recycle\/#breadcrumb\"},\"inLanguage\":\"fr-FR\",\"potentialAction\":[{\"@type\":\"ReadAction\",\"target\":[\"https:\/\/ses-creative.com\/fr\/produit\/kit-de-peinture-au-doigt-avec-tablier-eco-100-recycle\/\"]}]},{\"@type\":\"ImageObject\",\"inLanguage\":\"fr-FR\",\"@id\":\"https:\/\/ses-creative.com\/fr\/produit\/kit-de-peinture-au-doigt-avec-tablier-eco-100-recycle\/#primaryimage\",\"url\":\"https:\/\/ses-creative.com\/wp-content\/uploads\/2026\/01\/249241-1.jpg\",\"contentUrl\":\"https:\/\/ses-creative.com\/wp-content\/uploads\/2026\/01\/249241-1.jpg\",\"width\":1000,\"height\":1000},{\"@type\":\"BreadcrumbList\",\"@id\":\"https:\/\/ses-creative.com\/fr\/produit\/kit-de-peinture-au-doigt-avec-tablier-eco-100-recycle\/#breadcrumb\",\"itemListElement\":[{\"@type\":\"ListItem\",\"position\":1,\"name\":\"Boutique\",\"item\":\"https:\/\/ses-creative.com\/fr\/boutique\/\"},{\"@type\":\"ListItem\",\"position\":2,\"name\":\"Loisirs cr\u00e9atifs\",\"item\":\"https:\/\/ses-creative.com\/fr\/product-categorie\/loisirs-creatifs\/\"},{\"@type\":\"ListItem\",\"position\":3,\"name\":\"Kit de peinture au doigt avec tablier Eco &#8211; 100% recycl\u00e9\"}]},{\"@type\":\"WebSite\",\"@id\":\"https:\/\/ses-creative.com\/#website\",\"url\":\"https:\/\/ses-creative.com\/\",\"name\":\"SES Creative\",\"description\":\"\",\"publisher\":{\"@id\":\"https:\/\/ses-creative.com\/#organization\"},\"potentialAction\":[{\"@type\":\"SearchAction\",\"target\":{\"@type\":\"EntryPoint\",\"urlTemplate\":\"https:\/\/ses-creative.com\/?s={search_term_string}\"},\"query-input\":{\"@type\":\"PropertyValueSpecification\",\"valueRequired\":true,\"valueName\":\"search_term_string\"}}],\"inLanguage\":\"fr-FR\"},{\"@type\":\"Organization\",\"@id\":\"https:\/\/ses-creative.com\/#organization\",\"name\":\"SES Creative\",\"url\":\"https:\/\/ses-creative.com\/\",\"logo\":{\"@type\":\"ImageObject\",\"inLanguage\":\"fr-FR\",\"@id\":\"https:\/\/ses-creative.com\/#\/schema\/logo\/image\/\",\"url\":\"https:\/\/ses-creative.com\/wp-content\/uploads\/2025\/10\/ses-creative-logo.jpg\",\"contentUrl\":\"https:\/\/ses-creative.com\/wp-content\/uploads\/2025\/10\/ses-creative-logo.jpg\",\"width\":2037,\"height\":2037,\"caption\":\"SES Creative\"},\"image\":{\"@id\":\"https:\/\/ses-creative.com\/#\/schema\/logo\/image\/\"}}]}<\/script>\n<!-- \/ Yoast SEO plugin. -->","yoast_head_json":{"title":"Kit de peinture au doigt avec tablier Eco - 100% recycl\u00e9 - SES Creative","robots":{"index":"index","follow":"follow","max-snippet":"max-snippet:-1","max-image-preview":"max-image-preview:large","max-video-preview":"max-video-preview:-1"},"canonical":"https:\/\/ses-creative.com\/fr\/produit\/kit-de-peinture-au-doigt-avec-tablier-eco-100-recycle\/","og_locale":"fr_FR","og_type":"article","og_title":"Kit de peinture au doigt avec tablier Eco - 100% recycl\u00e9 - SES Creative","og_description":"Laissez votre enfant exprimer sa cr\u00e9ativit\u00e9 tout en prenant soin de la plan\u00e8te ! Avec le kit de peinture au doigt SES Eco, les enfants peuvent s&rsquo;amuser avec de la peinture, tandis que vous \u00eates s\u00fbr de faire un choix durable et s\u00fbr. Ce kit complet contient 4 couleurs vives de peinture au doigt, un [&hellip;]","og_url":"https:\/\/ses-creative.com\/fr\/produit\/kit-de-peinture-au-doigt-avec-tablier-eco-100-recycle\/","og_site_name":"SES Creative","article_modified_time":"2026-02-12T10:23:21+00:00","twitter_card":"summary_large_image","twitter_misc":{"Dur\u00e9e de lecture estim\u00e9e":"2 minutes"},"schema":{"@context":"https:\/\/schema.org","@graph":[{"@type":"WebPage","@id":"https:\/\/ses-creative.com\/fr\/produit\/kit-de-peinture-au-doigt-avec-tablier-eco-100-recycle\/","url":"https:\/\/ses-creative.com\/fr\/produit\/kit-de-peinture-au-doigt-avec-tablier-eco-100-recycle\/","name":"Kit de peinture au doigt avec tablier Eco - 100% recycl\u00e9 - SES Creative","isPartOf":{"@id":"https:\/\/ses-creative.com\/#website"},"primaryImageOfPage":{"@id":"https:\/\/ses-creative.com\/fr\/produit\/kit-de-peinture-au-doigt-avec-tablier-eco-100-recycle\/#primaryimage"},"image":{"@id":"https:\/\/ses-creative.com\/fr\/produit\/kit-de-peinture-au-doigt-avec-tablier-eco-100-recycle\/#primaryimage"},"thumbnailUrl":"https:\/\/ses-creative.com\/wp-content\/uploads\/2026\/01\/249241-1.jpg","datePublished":"2026-02-12T10:09:56+00:00","dateModified":"2026-02-12T10:23:21+00:00","breadcrumb":{"@id":"https:\/\/ses-creative.com\/fr\/produit\/kit-de-peinture-au-doigt-avec-tablier-eco-100-recycle\/#breadcrumb"},"inLanguage":"fr-FR","potentialAction":[{"@type":"ReadAction","target":["https:\/\/ses-creative.com\/fr\/produit\/kit-de-peinture-au-doigt-avec-tablier-eco-100-recycle\/"]}]},{"@type":"ImageObject","inLanguage":"fr-FR","@id":"https:\/\/ses-creative.com\/fr\/produit\/kit-de-peinture-au-doigt-avec-tablier-eco-100-recycle\/#primaryimage","url":"https:\/\/ses-creative.com\/wp-content\/uploads\/2026\/01\/249241-1.jpg","contentUrl":"https:\/\/ses-creative.com\/wp-content\/uploads\/2026\/01\/249241-1.jpg","width":1000,"height":1000},{"@type":"BreadcrumbList","@id":"https:\/\/ses-creative.com\/fr\/produit\/kit-de-peinture-au-doigt-avec-tablier-eco-100-recycle\/#breadcrumb","itemListElement":[{"@type":"ListItem","position":1,"name":"Boutique","item":"https:\/\/ses-creative.com\/fr\/boutique\/"},{"@type":"ListItem","position":2,"name":"Loisirs cr\u00e9atifs","item":"https:\/\/ses-creative.com\/fr\/product-categorie\/loisirs-creatifs\/"},{"@type":"ListItem","position":3,"name":"Kit de peinture au doigt avec tablier Eco &#8211; 100% recycl\u00e9"}]},{"@type":"WebSite","@id":"https:\/\/ses-creative.com\/#website","url":"https:\/\/ses-creative.com\/","name":"SES Creative","description":"","publisher":{"@id":"https:\/\/ses-creative.com\/#organization"},"potentialAction":[{"@type":"SearchAction","target":{"@type":"EntryPoint","urlTemplate":"https:\/\/ses-creative.com\/?s={search_term_string}"},"query-input":{"@type":"PropertyValueSpecification","valueRequired":true,"valueName":"search_term_string"}}],"inLanguage":"fr-FR"},{"@type":"Organization","@id":"https:\/\/ses-creative.com\/#organization","name":"SES Creative","url":"https:\/\/ses-creative.com\/","logo":{"@type":"ImageObject","inLanguage":"fr-FR","@id":"https:\/\/ses-creative.com\/#\/schema\/logo\/image\/","url":"https:\/\/ses-creative.com\/wp-content\/uploads\/2025\/10\/ses-creative-logo.jpg","contentUrl":"https:\/\/ses-creative.com\/wp-content\/uploads\/2025\/10\/ses-creative-logo.jpg","width":2037,"height":2037,"caption":"SES Creative"},"image":{"@id":"https:\/\/ses-creative.com\/#\/schema\/logo\/image\/"}}]}},"_links":{"self":[{"href":"https:\/\/ses-creative.com\/fr\/wp-json\/wp\/v2\/product\/118489","targetHints":{"allow":["GET"]}}],"collection":[{"href":"https:\/\/ses-creative.com\/fr\/wp-json\/wp\/v2\/product"}],"about":[{"href":"https:\/\/ses-creative.com\/fr\/wp-json\/wp\/v2\/types\/product"}],"replies":[{"embeddable":true,"href":"https:\/\/ses-creative.com\/fr\/wp-json\/wp\/v2\/comments?post=118489"}],"wp:featuredmedia":[{"embeddable":true,"href":"https:\/\/ses-creative.com\/fr\/wp-json\/wp\/v2\/media\/107608"}],"wp:attachment":[{"href":"https:\/\/ses-creative.com\/fr\/wp-json\/wp\/v2\/media?parent=118489"}],"wp:term":[{"taxonomy":"product_brand","embeddable":true,"href":"https:\/\/ses-creative.com\/fr\/wp-json\/wp\/v2\/product_brand?post=118489"},{"taxonomy":"product_cat","embeddable":true,"href":"https:\/\/ses-creative.com\/fr\/wp-json\/wp\/v2\/product_cat?post=118489"},{"taxonomy":"product_tag","embeddable":true,"href":"https:\/\/ses-creative.com\/fr\/wp-json\/wp\/v2\/product_tag?post=118489"}],"curies":[{"name":"wp","href":"https:\/\/api.w.org\/{rel}","templated":true}]}}