











{"id":118488,"date":"2026-02-12T10:09:56","date_gmt":"2026-02-12T10:09:56","guid":{"rendered":"https:\/\/ses-creative.com\/?post_type=product&#038;p=118488"},"modified":"2026-02-12T10:23:21","modified_gmt":"2026-02-12T10:23:21","slug":"kit-de-pate-a-modeler-geant-ecologique-7x90-g-avec-outils","status":"publish","type":"product","link":"https:\/\/ses-creative.com\/fr\/produit\/kit-de-pate-a-modeler-geant-ecologique-7x90-g-avec-outils\/","title":{"rendered":"Kit de p\u00e2te \u00e0 modeler g\u00e9ant \u00e9cologique (7&#215;90\u00a0g avec outils)"},"content":{"rendered":"<p>Le SES Eco Dough Mega Set est un coffret \u00e9cologique complet con\u00e7u pour les enfants d\u00e8s 2 ans. Il comprend sept pots de p\u00e2te \u00e0 modeler color\u00e9e (90\u202fg chacun), un rouleau en bois et plusieurs emporte-pi\u00e8ces inspir\u00e9s de la ferme, fabriqu\u00e9s \u00e0 partir de plastique recycl\u00e9. La p\u00e2te est douce, mall\u00e9able et conserve sa texture sans s\u00e9cher pendant le jeu. Gr\u00e2ce \u00e0 sa forte teneur en sel, elle dissuade l\u2019ingestion accidentelle tout en restant sans danger. Elle est hypoallerg\u00e9nique, lavable et con\u00e7ue pour \u00eatre confortable \u00e0 manipuler par les petites mains. Ce set favorise la motricit\u00e9 fine, l\u2019imagination et la cr\u00e9ativit\u00e9 \u00e0 travers des activit\u00e9s sensorielles vari\u00e9es. Son emballage en carton recycl\u00e9 et sa fabrication neutre en CO2 aux Pays-Bas t\u00e9moignent d\u2019un engagement \u00e9cologique. La p\u00e2te se conserve facilement dans ses pots refermables pour un usage prolong\u00e9. Un jouet durable, \u00e9ducatif et fiable.<\/p>\n","protected":false},"excerpt":{"rendered":"<p>Le SES Eco Dough Mega Set est un coffret \u00e9cologique complet con\u00e7u pour les enfants d\u00e8s 2 ans. Il comprend sept pots de p\u00e2te \u00e0 modeler color\u00e9e (90\u202fg chacun), un rouleau en bois et plusieurs emporte-pi\u00e8ces inspir\u00e9s de la ferme, fabriqu\u00e9s \u00e0 partir de plastique recycl\u00e9. La p\u00e2te est douce, mall\u00e9able et conserve sa texture [&hellip;]<\/p>\n","protected":false},"featured_media":107603,"comment_status":"closed","ping_status":"closed","template":"","meta":{"_acf_changed":false},"product_brand":[],"product_cat":[124],"product_tag":[],"class_list":{"0":"post-118488","1":"product","2":"type-product","3":"status-publish","4":"has-post-thumbnail","6":"product_cat-pate-a-modeler","7":"pa_leeftijd-filter-0-2-ans","8":"pa_meest-populair-bij-garcons-filles","10":"first","11":"instock","12":"shipping-taxable","13":"product-type-simple"},"acf":[],"yoast_head":"<!-- This site is optimized with the Yoast SEO plugin v27.4 - https:\/\/yoast.com\/product\/yoast-seo-wordpress\/ -->\n<title>Kit de p\u00e2te \u00e0 modeler g\u00e9ant \u00e9cologique (7x90\u00a0g avec outils) - SES Creative<\/title>\n<meta name=\"robots\" content=\"index, follow, max-snippet:-1, max-image-preview:large, max-video-preview:-1\" \/>\n<link rel=\"canonical\" href=\"https:\/\/ses-creative.com\/fr\/produit\/kit-de-pate-a-modeler-geant-ecologique-7x90-g-avec-outils\/\" \/>\n<meta property=\"og:locale\" content=\"fr_FR\" \/>\n<meta property=\"og:type\" content=\"article\" \/>\n<meta property=\"og:title\" content=\"Kit de p\u00e2te \u00e0 modeler g\u00e9ant \u00e9cologique (7x90\u00a0g avec outils) - SES Creative\" \/>\n<meta property=\"og:description\" content=\"Le SES Eco Dough Mega Set est un coffret \u00e9cologique complet con\u00e7u pour les enfants d\u00e8s 2 ans. Il comprend sept pots de p\u00e2te \u00e0 modeler color\u00e9e (90\u202fg chacun), un rouleau en bois et plusieurs emporte-pi\u00e8ces inspir\u00e9s de la ferme, fabriqu\u00e9s \u00e0 partir de plastique recycl\u00e9. La p\u00e2te est douce, mall\u00e9able et conserve sa texture [&hellip;]\" \/>\n<meta property=\"og:url\" content=\"https:\/\/ses-creative.com\/fr\/produit\/kit-de-pate-a-modeler-geant-ecologique-7x90-g-avec-outils\/\" \/>\n<meta property=\"og:site_name\" content=\"SES Creative\" \/>\n<meta property=\"article:modified_time\" content=\"2026-02-12T10:23:21+00:00\" \/>\n<meta name=\"twitter:card\" content=\"summary_large_image\" \/>\n<meta name=\"twitter:label1\" content=\"Dur\u00e9e de lecture estim\u00e9e\" \/>\n\t<meta name=\"twitter:data1\" content=\"1 minute\" \/>\n<script type=\"application\/ld+json\" class=\"yoast-schema-graph\">{\"@context\":\"https:\\\/\\\/schema.org\",\"@graph\":[{\"@type\":\"WebPage\",\"@id\":\"https:\\\/\\\/ses-creative.com\\\/fr\\\/produit\\\/kit-de-pate-a-modeler-geant-ecologique-7x90-g-avec-outils\\\/\",\"url\":\"https:\\\/\\\/ses-creative.com\\\/fr\\\/produit\\\/kit-de-pate-a-modeler-geant-ecologique-7x90-g-avec-outils\\\/\",\"name\":\"Kit de p\u00e2te \u00e0 modeler g\u00e9ant \u00e9cologique (7x90\u00a0g avec outils) - SES Creative\",\"isPartOf\":{\"@id\":\"https:\\\/\\\/ses-creative.com\\\/#website\"},\"primaryImageOfPage\":{\"@id\":\"https:\\\/\\\/ses-creative.com\\\/fr\\\/produit\\\/kit-de-pate-a-modeler-geant-ecologique-7x90-g-avec-outils\\\/#primaryimage\"},\"image\":{\"@id\":\"https:\\\/\\\/ses-creative.com\\\/fr\\\/produit\\\/kit-de-pate-a-modeler-geant-ecologique-7x90-g-avec-outils\\\/#primaryimage\"},\"thumbnailUrl\":\"https:\\\/\\\/ses-creative.com\\\/wp-content\\\/uploads\\\/2026\\\/01\\\/249191-1.jpg\",\"datePublished\":\"2026-02-12T10:09:56+00:00\",\"dateModified\":\"2026-02-12T10:23:21+00:00\",\"breadcrumb\":{\"@id\":\"https:\\\/\\\/ses-creative.com\\\/fr\\\/produit\\\/kit-de-pate-a-modeler-geant-ecologique-7x90-g-avec-outils\\\/#breadcrumb\"},\"inLanguage\":\"fr-FR\",\"potentialAction\":[{\"@type\":\"ReadAction\",\"target\":[\"https:\\\/\\\/ses-creative.com\\\/fr\\\/produit\\\/kit-de-pate-a-modeler-geant-ecologique-7x90-g-avec-outils\\\/\"]}]},{\"@type\":\"ImageObject\",\"inLanguage\":\"fr-FR\",\"@id\":\"https:\\\/\\\/ses-creative.com\\\/fr\\\/produit\\\/kit-de-pate-a-modeler-geant-ecologique-7x90-g-avec-outils\\\/#primaryimage\",\"url\":\"https:\\\/\\\/ses-creative.com\\\/wp-content\\\/uploads\\\/2026\\\/01\\\/249191-1.jpg\",\"contentUrl\":\"https:\\\/\\\/ses-creative.com\\\/wp-content\\\/uploads\\\/2026\\\/01\\\/249191-1.jpg\",\"width\":1000,\"height\":1000},{\"@type\":\"BreadcrumbList\",\"@id\":\"https:\\\/\\\/ses-creative.com\\\/fr\\\/produit\\\/kit-de-pate-a-modeler-geant-ecologique-7x90-g-avec-outils\\\/#breadcrumb\",\"itemListElement\":[{\"@type\":\"ListItem\",\"position\":1,\"name\":\"Boutique\",\"item\":\"https:\\\/\\\/ses-creative.com\\\/fr\\\/boutique\\\/\"},{\"@type\":\"ListItem\",\"position\":2,\"name\":\"P\u00e2te \u00e0 modeler\",\"item\":\"https:\\\/\\\/ses-creative.com\\\/fr\\\/product-categorie\\\/pate-a-modeler\\\/\"},{\"@type\":\"ListItem\",\"position\":3,\"name\":\"Kit de p\u00e2te \u00e0 modeler g\u00e9ant \u00e9cologique (7&#215;90\u00a0g avec outils)\"}]},{\"@type\":\"WebSite\",\"@id\":\"https:\\\/\\\/ses-creative.com\\\/#website\",\"url\":\"https:\\\/\\\/ses-creative.com\\\/\",\"name\":\"SES Creative\",\"description\":\"\",\"publisher\":{\"@id\":\"https:\\\/\\\/ses-creative.com\\\/#organization\"},\"potentialAction\":[{\"@type\":\"SearchAction\",\"target\":{\"@type\":\"EntryPoint\",\"urlTemplate\":\"https:\\\/\\\/ses-creative.com\\\/?s={search_term_string}\"},\"query-input\":{\"@type\":\"PropertyValueSpecification\",\"valueRequired\":true,\"valueName\":\"search_term_string\"}}],\"inLanguage\":\"fr-FR\"},{\"@type\":\"Organization\",\"@id\":\"https:\\\/\\\/ses-creative.com\\\/#organization\",\"name\":\"SES Creative\",\"url\":\"https:\\\/\\\/ses-creative.com\\\/\",\"logo\":{\"@type\":\"ImageObject\",\"inLanguage\":\"fr-FR\",\"@id\":\"https:\\\/\\\/ses-creative.com\\\/#\\\/schema\\\/logo\\\/image\\\/\",\"url\":\"https:\\\/\\\/ses-creative.com\\\/wp-content\\\/uploads\\\/2025\\\/10\\\/ses-creative-logo.jpg\",\"contentUrl\":\"https:\\\/\\\/ses-creative.com\\\/wp-content\\\/uploads\\\/2025\\\/10\\\/ses-creative-logo.jpg\",\"width\":2037,\"height\":2037,\"caption\":\"SES Creative\"},\"image\":{\"@id\":\"https:\\\/\\\/ses-creative.com\\\/#\\\/schema\\\/logo\\\/image\\\/\"}}]}<\/script>\n<!-- \/ Yoast SEO plugin. -->","yoast_head_json":{"title":"Kit de p\u00e2te \u00e0 modeler g\u00e9ant \u00e9cologique (7x90\u00a0g avec outils) - SES Creative","robots":{"index":"index","follow":"follow","max-snippet":"max-snippet:-1","max-image-preview":"max-image-preview:large","max-video-preview":"max-video-preview:-1"},"canonical":"https:\/\/ses-creative.com\/fr\/produit\/kit-de-pate-a-modeler-geant-ecologique-7x90-g-avec-outils\/","og_locale":"fr_FR","og_type":"article","og_title":"Kit de p\u00e2te \u00e0 modeler g\u00e9ant \u00e9cologique (7x90\u00a0g avec outils) - SES Creative","og_description":"Le SES Eco Dough Mega Set est un coffret \u00e9cologique complet con\u00e7u pour les enfants d\u00e8s 2 ans. Il comprend sept pots de p\u00e2te \u00e0 modeler color\u00e9e (90\u202fg chacun), un rouleau en bois et plusieurs emporte-pi\u00e8ces inspir\u00e9s de la ferme, fabriqu\u00e9s \u00e0 partir de plastique recycl\u00e9. La p\u00e2te est douce, mall\u00e9able et conserve sa texture [&hellip;]","og_url":"https:\/\/ses-creative.com\/fr\/produit\/kit-de-pate-a-modeler-geant-ecologique-7x90-g-avec-outils\/","og_site_name":"SES Creative","article_modified_time":"2026-02-12T10:23:21+00:00","twitter_card":"summary_large_image","twitter_misc":{"Dur\u00e9e de lecture estim\u00e9e":"1 minute"},"schema":{"@context":"https:\/\/schema.org","@graph":[{"@type":"WebPage","@id":"https:\/\/ses-creative.com\/fr\/produit\/kit-de-pate-a-modeler-geant-ecologique-7x90-g-avec-outils\/","url":"https:\/\/ses-creative.com\/fr\/produit\/kit-de-pate-a-modeler-geant-ecologique-7x90-g-avec-outils\/","name":"Kit de p\u00e2te \u00e0 modeler g\u00e9ant \u00e9cologique (7x90\u00a0g avec outils) - SES Creative","isPartOf":{"@id":"https:\/\/ses-creative.com\/#website"},"primaryImageOfPage":{"@id":"https:\/\/ses-creative.com\/fr\/produit\/kit-de-pate-a-modeler-geant-ecologique-7x90-g-avec-outils\/#primaryimage"},"image":{"@id":"https:\/\/ses-creative.com\/fr\/produit\/kit-de-pate-a-modeler-geant-ecologique-7x90-g-avec-outils\/#primaryimage"},"thumbnailUrl":"https:\/\/ses-creative.com\/wp-content\/uploads\/2026\/01\/249191-1.jpg","datePublished":"2026-02-12T10:09:56+00:00","dateModified":"2026-02-12T10:23:21+00:00","breadcrumb":{"@id":"https:\/\/ses-creative.com\/fr\/produit\/kit-de-pate-a-modeler-geant-ecologique-7x90-g-avec-outils\/#breadcrumb"},"inLanguage":"fr-FR","potentialAction":[{"@type":"ReadAction","target":["https:\/\/ses-creative.com\/fr\/produit\/kit-de-pate-a-modeler-geant-ecologique-7x90-g-avec-outils\/"]}]},{"@type":"ImageObject","inLanguage":"fr-FR","@id":"https:\/\/ses-creative.com\/fr\/produit\/kit-de-pate-a-modeler-geant-ecologique-7x90-g-avec-outils\/#primaryimage","url":"https:\/\/ses-creative.com\/wp-content\/uploads\/2026\/01\/249191-1.jpg","contentUrl":"https:\/\/ses-creative.com\/wp-content\/uploads\/2026\/01\/249191-1.jpg","width":1000,"height":1000},{"@type":"BreadcrumbList","@id":"https:\/\/ses-creative.com\/fr\/produit\/kit-de-pate-a-modeler-geant-ecologique-7x90-g-avec-outils\/#breadcrumb","itemListElement":[{"@type":"ListItem","position":1,"name":"Boutique","item":"https:\/\/ses-creative.com\/fr\/boutique\/"},{"@type":"ListItem","position":2,"name":"P\u00e2te \u00e0 modeler","item":"https:\/\/ses-creative.com\/fr\/product-categorie\/pate-a-modeler\/"},{"@type":"ListItem","position":3,"name":"Kit de p\u00e2te \u00e0 modeler g\u00e9ant \u00e9cologique (7&#215;90\u00a0g avec outils)"}]},{"@type":"WebSite","@id":"https:\/\/ses-creative.com\/#website","url":"https:\/\/ses-creative.com\/","name":"SES Creative","description":"","publisher":{"@id":"https:\/\/ses-creative.com\/#organization"},"potentialAction":[{"@type":"SearchAction","target":{"@type":"EntryPoint","urlTemplate":"https:\/\/ses-creative.com\/?s={search_term_string}"},"query-input":{"@type":"PropertyValueSpecification","valueRequired":true,"valueName":"search_term_string"}}],"inLanguage":"fr-FR"},{"@type":"Organization","@id":"https:\/\/ses-creative.com\/#organization","name":"SES Creative","url":"https:\/\/ses-creative.com\/","logo":{"@type":"ImageObject","inLanguage":"fr-FR","@id":"https:\/\/ses-creative.com\/#\/schema\/logo\/image\/","url":"https:\/\/ses-creative.com\/wp-content\/uploads\/2025\/10\/ses-creative-logo.jpg","contentUrl":"https:\/\/ses-creative.com\/wp-content\/uploads\/2025\/10\/ses-creative-logo.jpg","width":2037,"height":2037,"caption":"SES Creative"},"image":{"@id":"https:\/\/ses-creative.com\/#\/schema\/logo\/image\/"}}]}},"_links":{"self":[{"href":"https:\/\/ses-creative.com\/fr\/wp-json\/wp\/v2\/product\/118488","targetHints":{"allow":["GET"]}}],"collection":[{"href":"https:\/\/ses-creative.com\/fr\/wp-json\/wp\/v2\/product"}],"about":[{"href":"https:\/\/ses-creative.com\/fr\/wp-json\/wp\/v2\/types\/product"}],"replies":[{"embeddable":true,"href":"https:\/\/ses-creative.com\/fr\/wp-json\/wp\/v2\/comments?post=118488"}],"wp:featuredmedia":[{"embeddable":true,"href":"https:\/\/ses-creative.com\/fr\/wp-json\/wp\/v2\/media\/107603"}],"wp:attachment":[{"href":"https:\/\/ses-creative.com\/fr\/wp-json\/wp\/v2\/media?parent=118488"}],"wp:term":[{"taxonomy":"product_brand","embeddable":true,"href":"https:\/\/ses-creative.com\/fr\/wp-json\/wp\/v2\/product_brand?post=118488"},{"taxonomy":"product_cat","embeddable":true,"href":"https:\/\/ses-creative.com\/fr\/wp-json\/wp\/v2\/product_cat?post=118488"},{"taxonomy":"product_tag","embeddable":true,"href":"https:\/\/ses-creative.com\/fr\/wp-json\/wp\/v2\/product_tag?post=118488"}],"curies":[{"name":"wp","href":"https:\/\/api.w.org\/{rel}","templated":true}]}}