











{"id":118486,"date":"2026-02-12T10:09:55","date_gmt":"2026-02-12T10:09:55","guid":{"rendered":"https:\/\/ses-creative.com\/?post_type=product&#038;p=118486"},"modified":"2026-02-12T10:23:21","modified_gmt":"2026-02-12T10:23:21","slug":"pate-a-modeler-ecologique-4x90-g","status":"publish","type":"product","link":"https:\/\/ses-creative.com\/fr\/produit\/pate-a-modeler-ecologique-4x90-g\/","title":{"rendered":"P\u00e2te \u00e0 modeler \u00e9cologique 4&#215;90\u00a0g"},"content":{"rendered":"<p>Eco Clay &#8211; Couleurs de base Pour un plaisir durable !<\/p>\n<p>Modeler de la p\u00e2te \u00e0 modeler tout en faisant un geste pour l&rsquo;environnement ? C&rsquo;est possible avec le set Eco Clay &#8211; Couleurs de base de SES Creative ! Quatre couleurs gaies dans des pots refermables, fabriqu\u00e9s \u00e0 partir d&rsquo;ingr\u00e9dients naturels, garantissent des heures de plaisir cr\u00e9atif en toute s\u00e9curit\u00e9. Id\u00e9al pour les enfants qui aiment colorier, modeler et bricoler.<\/p>\n<p>Ce qui rend ce kit g\u00e9nial<\/p>\n<p>Fabriqu\u00e9 \u00e0 partir d&rsquo;un pourcentage \u00e9lev\u00e9 de mati\u00e8res premi\u00e8res naturelles<br \/>\nP\u00e2te \u00e0 modeler \u00e9cologique, s\u00fbre et sans gluten<br \/>\nLes pots refermables permettent de conserver la p\u00e2te plus longtemps<br \/>\nP\u00e2te ultra-douce, parfaite pour les petites mains<br \/>\nConvient aux enfants \u00e0 partir de 2 ans<\/p>\n<p>Laissez libre cours \u00e0 votre cr\u00e9ativit\u00e9 avec Eco Clay<\/p>\n<p>Avec ce kit de base joyeux, les enfants peuvent donner vie \u00e0 leur imagination chaque jour. Un soleil, un animal, une fleur : les possibilit\u00e9s sont infinies ! La texture douce et les couleurs vives rendent le modelage non seulement amusant, mais aussi \u00e9ducatif. Et gr\u00e2ce aux pots refermables, la p\u00e2te reste longtemps en bon \u00e9tat.<\/p>\n<p>Contenu du kit<\/p>\n<p>4 pots de p\u00e2te \u00e0 modeler \u00e9cologique dans les couleurs rouge, vert, bleu et jaune<\/p>\n<p>Pourquoi choisir SES Creative ?<\/p>\n<p>Chez SES Creative, nous accordons une grande importance \u00e0 la s\u00e9curit\u00e9. C&rsquo;est pourquoi nos produits sont fabriqu\u00e9s et test\u00e9s dans notre usine aux Pays-Bas, conform\u00e9ment aux normes de s\u00e9curit\u00e9 europ\u00e9ennes les plus strictes. Les jouets SES Creative sont source de plaisir et permettent aux enfants d&rsquo;\u00eatre fiers de leur travail, ce qui stimule leur cr\u00e9ativit\u00e9 et leur d\u00e9veloppement.<\/p>\n<p>Commencez d\u00e8s aujourd&rsquo;hui \u00e0 profiter d&rsquo;un plaisir durable !<\/p>\n<p>Le modelage devient encore plus amusant avec la p\u00e2te \u00e0 modeler Eco Clay de SES Creative. Alliez cr\u00e9ativit\u00e9 et conscience environnementale dans un seul kit color\u00e9, pour des heures de bricolage responsables !<\/p>\n","protected":false},"excerpt":{"rendered":"<p>Eco Clay &#8211; Couleurs de base Pour un plaisir durable ! Modeler de la p\u00e2te \u00e0 modeler tout en faisant un geste pour l&rsquo;environnement ? C&rsquo;est possible avec le set Eco Clay &#8211; Couleurs de base de SES Creative ! Quatre couleurs gaies dans des pots refermables, fabriqu\u00e9s \u00e0 partir d&rsquo;ingr\u00e9dients naturels, garantissent des heures [&hellip;]<\/p>\n","protected":false},"featured_media":107598,"comment_status":"closed","ping_status":"closed","template":"","meta":{"_acf_changed":false},"product_brand":[],"product_cat":[124],"product_tag":[],"class_list":{"0":"post-118486","1":"product","2":"type-product","3":"status-publish","4":"has-post-thumbnail","6":"product_cat-pate-a-modeler","7":"pa_leeftijd-filter-0-2-ans","8":"pa_meest-populair-bij-garcons-filles","10":"first","11":"instock","12":"shipping-taxable","13":"product-type-simple"},"acf":[],"yoast_head":"<!-- This site is optimized with the Yoast SEO plugin v27.4 - https:\/\/yoast.com\/product\/yoast-seo-wordpress\/ -->\n<title>P\u00e2te \u00e0 modeler \u00e9cologique 4x90\u00a0g - SES Creative<\/title>\n<meta name=\"robots\" content=\"index, follow, max-snippet:-1, max-image-preview:large, max-video-preview:-1\" \/>\n<link rel=\"canonical\" href=\"https:\/\/ses-creative.com\/fr\/produit\/pate-a-modeler-ecologique-4x90-g\/\" \/>\n<meta property=\"og:locale\" content=\"fr_FR\" \/>\n<meta property=\"og:type\" content=\"article\" \/>\n<meta property=\"og:title\" content=\"P\u00e2te \u00e0 modeler \u00e9cologique 4x90\u00a0g - SES Creative\" \/>\n<meta property=\"og:description\" content=\"Eco Clay &#8211; Couleurs de base Pour un plaisir durable ! Modeler de la p\u00e2te \u00e0 modeler tout en faisant un geste pour l&rsquo;environnement ? C&rsquo;est possible avec le set Eco Clay &#8211; Couleurs de base de SES Creative ! Quatre couleurs gaies dans des pots refermables, fabriqu\u00e9s \u00e0 partir d&rsquo;ingr\u00e9dients naturels, garantissent des heures [&hellip;]\" \/>\n<meta property=\"og:url\" content=\"https:\/\/ses-creative.com\/fr\/produit\/pate-a-modeler-ecologique-4x90-g\/\" \/>\n<meta property=\"og:site_name\" content=\"SES Creative\" \/>\n<meta property=\"article:modified_time\" content=\"2026-02-12T10:23:21+00:00\" \/>\n<meta name=\"twitter:card\" content=\"summary_large_image\" \/>\n<meta name=\"twitter:label1\" content=\"Dur\u00e9e de lecture estim\u00e9e\" \/>\n\t<meta name=\"twitter:data1\" content=\"2 minutes\" \/>\n<script type=\"application\/ld+json\" class=\"yoast-schema-graph\">{\"@context\":\"https:\\\/\\\/schema.org\",\"@graph\":[{\"@type\":\"WebPage\",\"@id\":\"https:\\\/\\\/ses-creative.com\\\/fr\\\/produit\\\/pate-a-modeler-ecologique-4x90-g\\\/\",\"url\":\"https:\\\/\\\/ses-creative.com\\\/fr\\\/produit\\\/pate-a-modeler-ecologique-4x90-g\\\/\",\"name\":\"P\u00e2te \u00e0 modeler \u00e9cologique 4x90\u00a0g - SES Creative\",\"isPartOf\":{\"@id\":\"https:\\\/\\\/ses-creative.com\\\/#website\"},\"primaryImageOfPage\":{\"@id\":\"https:\\\/\\\/ses-creative.com\\\/fr\\\/produit\\\/pate-a-modeler-ecologique-4x90-g\\\/#primaryimage\"},\"image\":{\"@id\":\"https:\\\/\\\/ses-creative.com\\\/fr\\\/produit\\\/pate-a-modeler-ecologique-4x90-g\\\/#primaryimage\"},\"thumbnailUrl\":\"https:\\\/\\\/ses-creative.com\\\/wp-content\\\/uploads\\\/2026\\\/01\\\/249111-1.jpg\",\"datePublished\":\"2026-02-12T10:09:55+00:00\",\"dateModified\":\"2026-02-12T10:23:21+00:00\",\"breadcrumb\":{\"@id\":\"https:\\\/\\\/ses-creative.com\\\/fr\\\/produit\\\/pate-a-modeler-ecologique-4x90-g\\\/#breadcrumb\"},\"inLanguage\":\"fr-FR\",\"potentialAction\":[{\"@type\":\"ReadAction\",\"target\":[\"https:\\\/\\\/ses-creative.com\\\/fr\\\/produit\\\/pate-a-modeler-ecologique-4x90-g\\\/\"]}]},{\"@type\":\"ImageObject\",\"inLanguage\":\"fr-FR\",\"@id\":\"https:\\\/\\\/ses-creative.com\\\/fr\\\/produit\\\/pate-a-modeler-ecologique-4x90-g\\\/#primaryimage\",\"url\":\"https:\\\/\\\/ses-creative.com\\\/wp-content\\\/uploads\\\/2026\\\/01\\\/249111-1.jpg\",\"contentUrl\":\"https:\\\/\\\/ses-creative.com\\\/wp-content\\\/uploads\\\/2026\\\/01\\\/249111-1.jpg\",\"width\":1000,\"height\":1000},{\"@type\":\"BreadcrumbList\",\"@id\":\"https:\\\/\\\/ses-creative.com\\\/fr\\\/produit\\\/pate-a-modeler-ecologique-4x90-g\\\/#breadcrumb\",\"itemListElement\":[{\"@type\":\"ListItem\",\"position\":1,\"name\":\"Boutique\",\"item\":\"https:\\\/\\\/ses-creative.com\\\/fr\\\/boutique\\\/\"},{\"@type\":\"ListItem\",\"position\":2,\"name\":\"P\u00e2te \u00e0 modeler\",\"item\":\"https:\\\/\\\/ses-creative.com\\\/fr\\\/product-categorie\\\/pate-a-modeler\\\/\"},{\"@type\":\"ListItem\",\"position\":3,\"name\":\"P\u00e2te \u00e0 modeler \u00e9cologique 4&#215;90\u00a0g\"}]},{\"@type\":\"WebSite\",\"@id\":\"https:\\\/\\\/ses-creative.com\\\/#website\",\"url\":\"https:\\\/\\\/ses-creative.com\\\/\",\"name\":\"SES Creative\",\"description\":\"\",\"publisher\":{\"@id\":\"https:\\\/\\\/ses-creative.com\\\/#organization\"},\"potentialAction\":[{\"@type\":\"SearchAction\",\"target\":{\"@type\":\"EntryPoint\",\"urlTemplate\":\"https:\\\/\\\/ses-creative.com\\\/?s={search_term_string}\"},\"query-input\":{\"@type\":\"PropertyValueSpecification\",\"valueRequired\":true,\"valueName\":\"search_term_string\"}}],\"inLanguage\":\"fr-FR\"},{\"@type\":\"Organization\",\"@id\":\"https:\\\/\\\/ses-creative.com\\\/#organization\",\"name\":\"SES Creative\",\"url\":\"https:\\\/\\\/ses-creative.com\\\/\",\"logo\":{\"@type\":\"ImageObject\",\"inLanguage\":\"fr-FR\",\"@id\":\"https:\\\/\\\/ses-creative.com\\\/#\\\/schema\\\/logo\\\/image\\\/\",\"url\":\"https:\\\/\\\/ses-creative.com\\\/wp-content\\\/uploads\\\/2025\\\/10\\\/ses-creative-logo.jpg\",\"contentUrl\":\"https:\\\/\\\/ses-creative.com\\\/wp-content\\\/uploads\\\/2025\\\/10\\\/ses-creative-logo.jpg\",\"width\":2037,\"height\":2037,\"caption\":\"SES Creative\"},\"image\":{\"@id\":\"https:\\\/\\\/ses-creative.com\\\/#\\\/schema\\\/logo\\\/image\\\/\"}}]}<\/script>\n<!-- \/ Yoast SEO plugin. -->","yoast_head_json":{"title":"P\u00e2te \u00e0 modeler \u00e9cologique 4x90\u00a0g - SES Creative","robots":{"index":"index","follow":"follow","max-snippet":"max-snippet:-1","max-image-preview":"max-image-preview:large","max-video-preview":"max-video-preview:-1"},"canonical":"https:\/\/ses-creative.com\/fr\/produit\/pate-a-modeler-ecologique-4x90-g\/","og_locale":"fr_FR","og_type":"article","og_title":"P\u00e2te \u00e0 modeler \u00e9cologique 4x90\u00a0g - SES Creative","og_description":"Eco Clay &#8211; Couleurs de base Pour un plaisir durable ! Modeler de la p\u00e2te \u00e0 modeler tout en faisant un geste pour l&rsquo;environnement ? C&rsquo;est possible avec le set Eco Clay &#8211; Couleurs de base de SES Creative ! Quatre couleurs gaies dans des pots refermables, fabriqu\u00e9s \u00e0 partir d&rsquo;ingr\u00e9dients naturels, garantissent des heures [&hellip;]","og_url":"https:\/\/ses-creative.com\/fr\/produit\/pate-a-modeler-ecologique-4x90-g\/","og_site_name":"SES Creative","article_modified_time":"2026-02-12T10:23:21+00:00","twitter_card":"summary_large_image","twitter_misc":{"Dur\u00e9e de lecture estim\u00e9e":"2 minutes"},"schema":{"@context":"https:\/\/schema.org","@graph":[{"@type":"WebPage","@id":"https:\/\/ses-creative.com\/fr\/produit\/pate-a-modeler-ecologique-4x90-g\/","url":"https:\/\/ses-creative.com\/fr\/produit\/pate-a-modeler-ecologique-4x90-g\/","name":"P\u00e2te \u00e0 modeler \u00e9cologique 4x90\u00a0g - SES Creative","isPartOf":{"@id":"https:\/\/ses-creative.com\/#website"},"primaryImageOfPage":{"@id":"https:\/\/ses-creative.com\/fr\/produit\/pate-a-modeler-ecologique-4x90-g\/#primaryimage"},"image":{"@id":"https:\/\/ses-creative.com\/fr\/produit\/pate-a-modeler-ecologique-4x90-g\/#primaryimage"},"thumbnailUrl":"https:\/\/ses-creative.com\/wp-content\/uploads\/2026\/01\/249111-1.jpg","datePublished":"2026-02-12T10:09:55+00:00","dateModified":"2026-02-12T10:23:21+00:00","breadcrumb":{"@id":"https:\/\/ses-creative.com\/fr\/produit\/pate-a-modeler-ecologique-4x90-g\/#breadcrumb"},"inLanguage":"fr-FR","potentialAction":[{"@type":"ReadAction","target":["https:\/\/ses-creative.com\/fr\/produit\/pate-a-modeler-ecologique-4x90-g\/"]}]},{"@type":"ImageObject","inLanguage":"fr-FR","@id":"https:\/\/ses-creative.com\/fr\/produit\/pate-a-modeler-ecologique-4x90-g\/#primaryimage","url":"https:\/\/ses-creative.com\/wp-content\/uploads\/2026\/01\/249111-1.jpg","contentUrl":"https:\/\/ses-creative.com\/wp-content\/uploads\/2026\/01\/249111-1.jpg","width":1000,"height":1000},{"@type":"BreadcrumbList","@id":"https:\/\/ses-creative.com\/fr\/produit\/pate-a-modeler-ecologique-4x90-g\/#breadcrumb","itemListElement":[{"@type":"ListItem","position":1,"name":"Boutique","item":"https:\/\/ses-creative.com\/fr\/boutique\/"},{"@type":"ListItem","position":2,"name":"P\u00e2te \u00e0 modeler","item":"https:\/\/ses-creative.com\/fr\/product-categorie\/pate-a-modeler\/"},{"@type":"ListItem","position":3,"name":"P\u00e2te \u00e0 modeler \u00e9cologique 4&#215;90\u00a0g"}]},{"@type":"WebSite","@id":"https:\/\/ses-creative.com\/#website","url":"https:\/\/ses-creative.com\/","name":"SES Creative","description":"","publisher":{"@id":"https:\/\/ses-creative.com\/#organization"},"potentialAction":[{"@type":"SearchAction","target":{"@type":"EntryPoint","urlTemplate":"https:\/\/ses-creative.com\/?s={search_term_string}"},"query-input":{"@type":"PropertyValueSpecification","valueRequired":true,"valueName":"search_term_string"}}],"inLanguage":"fr-FR"},{"@type":"Organization","@id":"https:\/\/ses-creative.com\/#organization","name":"SES Creative","url":"https:\/\/ses-creative.com\/","logo":{"@type":"ImageObject","inLanguage":"fr-FR","@id":"https:\/\/ses-creative.com\/#\/schema\/logo\/image\/","url":"https:\/\/ses-creative.com\/wp-content\/uploads\/2025\/10\/ses-creative-logo.jpg","contentUrl":"https:\/\/ses-creative.com\/wp-content\/uploads\/2025\/10\/ses-creative-logo.jpg","width":2037,"height":2037,"caption":"SES Creative"},"image":{"@id":"https:\/\/ses-creative.com\/#\/schema\/logo\/image\/"}}]}},"_links":{"self":[{"href":"https:\/\/ses-creative.com\/fr\/wp-json\/wp\/v2\/product\/118486","targetHints":{"allow":["GET"]}}],"collection":[{"href":"https:\/\/ses-creative.com\/fr\/wp-json\/wp\/v2\/product"}],"about":[{"href":"https:\/\/ses-creative.com\/fr\/wp-json\/wp\/v2\/types\/product"}],"replies":[{"embeddable":true,"href":"https:\/\/ses-creative.com\/fr\/wp-json\/wp\/v2\/comments?post=118486"}],"wp:featuredmedia":[{"embeddable":true,"href":"https:\/\/ses-creative.com\/fr\/wp-json\/wp\/v2\/media\/107598"}],"wp:attachment":[{"href":"https:\/\/ses-creative.com\/fr\/wp-json\/wp\/v2\/media?parent=118486"}],"wp:term":[{"taxonomy":"product_brand","embeddable":true,"href":"https:\/\/ses-creative.com\/fr\/wp-json\/wp\/v2\/product_brand?post=118486"},{"taxonomy":"product_cat","embeddable":true,"href":"https:\/\/ses-creative.com\/fr\/wp-json\/wp\/v2\/product_cat?post=118486"},{"taxonomy":"product_tag","embeddable":true,"href":"https:\/\/ses-creative.com\/fr\/wp-json\/wp\/v2\/product_tag?post=118486"}],"curies":[{"name":"wp","href":"https:\/\/api.w.org\/{rel}","templated":true}]}}