











{"id":118484,"date":"2026-02-12T10:09:55","date_gmt":"2026-02-12T10:09:55","guid":{"rendered":"https:\/\/ses-creative.com\/?post_type=product&#038;p=118484"},"modified":"2026-02-12T10:23:20","modified_gmt":"2026-02-12T10:23:20","slug":"stethoscope","status":"publish","type":"product","link":"https:\/\/ses-creative.com\/fr\/produit\/stethoscope\/","title":{"rendered":"St\u00e9thoscope"},"content":{"rendered":"<p>Joue au docteur comme un vrai avec le st\u00e9thoscope Petits Pretenders de SES Creative ! Ce st\u00e9thoscope fonctionnel permet aux enfants d&rsquo;\u00e9couter les battements du c\u0153ur, la respiration et d&rsquo;autres sons corporels, comme dans un h\u00f4pital. Parfait pour les enfants curieux \u00e0 partir de 3 ans qui aiment prendre soin des autres et veulent en savoir plus sur le corps humain.<\/p>\n<p>Contenu du set :<br \/>\n St\u00e9thoscope fonctionnel<\/p>\n<p>Pourquoi choisir ce set ?<br \/>\n Permet aux enfants d&rsquo;\u00e9couter les battements du c\u0153ur et la respiration, comme un vrai m\u00e9decin.<\/p>\n<p> Id\u00e9al pour les jeux de r\u00f4le imaginatifs et les aventures m\u00e9dicales<\/p>\n<p> \u00c9couteurs confortables, sp\u00e9cialement con\u00e7us pour les enfants<\/p>\n<p> \u00c9ducatif : stimule la connaissance du corps humain<\/p>\n<p> Favorise l&#8217;empathie, la bienveillance et les comp\u00e9tences sociales<\/p>\n<p>Avec ce st\u00e9thoscope, les enfants peuvent d\u00e9couvrir ce que c&rsquo;est que de travailler comme un vrai m\u00e9decin. \u00c9coutez les battements du c\u0153ur, examinez vos patients et apprenez-en davantage sur le corps tout en jouant. La combinaison parfaite entre plaisir et \u00e9ducation !<\/p>\n","protected":false},"excerpt":{"rendered":"<p>Joue au docteur comme un vrai avec le st\u00e9thoscope Petits Pretenders de SES Creative ! Ce st\u00e9thoscope fonctionnel permet aux enfants d&rsquo;\u00e9couter les battements du c\u0153ur, la respiration et d&rsquo;autres sons corporels, comme dans un h\u00f4pital. Parfait pour les enfants curieux \u00e0 partir de 3 ans qui aiment prendre soin des autres et veulent en [&hellip;]<\/p>\n","protected":false},"featured_media":107588,"comment_status":"closed","ping_status":"closed","template":"","meta":{"_acf_changed":false},"product_brand":[],"product_cat":[128],"product_tag":[],"class_list":{"0":"post-118484","1":"product","2":"type-product","3":"status-publish","4":"has-post-thumbnail","6":"product_cat-decouvrir","7":"pa_leeftijd-filter-3-4-ans","8":"pa_meest-populair-bij-garcons-filles","10":"first","11":"instock","12":"shipping-taxable","13":"product-type-simple"},"acf":[],"yoast_head":"<!-- This site is optimized with the Yoast SEO plugin v27.4 - https:\/\/yoast.com\/product\/yoast-seo-wordpress\/ -->\n<title>St\u00e9thoscope - SES Creative<\/title>\n<meta name=\"robots\" content=\"index, follow, max-snippet:-1, max-image-preview:large, max-video-preview:-1\" \/>\n<link rel=\"canonical\" href=\"https:\/\/ses-creative.com\/fr\/produit\/stethoscope\/\" \/>\n<meta property=\"og:locale\" content=\"fr_FR\" \/>\n<meta property=\"og:type\" content=\"article\" \/>\n<meta property=\"og:title\" content=\"St\u00e9thoscope - SES Creative\" \/>\n<meta property=\"og:description\" content=\"Joue au docteur comme un vrai avec le st\u00e9thoscope Petits Pretenders de SES Creative ! Ce st\u00e9thoscope fonctionnel permet aux enfants d&rsquo;\u00e9couter les battements du c\u0153ur, la respiration et d&rsquo;autres sons corporels, comme dans un h\u00f4pital. Parfait pour les enfants curieux \u00e0 partir de 3 ans qui aiment prendre soin des autres et veulent en [&hellip;]\" \/>\n<meta property=\"og:url\" content=\"https:\/\/ses-creative.com\/fr\/produit\/stethoscope\/\" \/>\n<meta property=\"og:site_name\" content=\"SES Creative\" \/>\n<meta property=\"article:modified_time\" content=\"2026-02-12T10:23:20+00:00\" \/>\n<meta name=\"twitter:card\" content=\"summary_large_image\" \/>\n<meta name=\"twitter:label1\" content=\"Dur\u00e9e de lecture estim\u00e9e\" \/>\n\t<meta name=\"twitter:data1\" content=\"1 minute\" \/>\n<script type=\"application\/ld+json\" class=\"yoast-schema-graph\">{\"@context\":\"https:\\\/\\\/schema.org\",\"@graph\":[{\"@type\":\"WebPage\",\"@id\":\"https:\\\/\\\/ses-creative.com\\\/fr\\\/produit\\\/stethoscope\\\/\",\"url\":\"https:\\\/\\\/ses-creative.com\\\/fr\\\/produit\\\/stethoscope\\\/\",\"name\":\"St\u00e9thoscope - SES Creative\",\"isPartOf\":{\"@id\":\"https:\\\/\\\/ses-creative.com\\\/#website\"},\"primaryImageOfPage\":{\"@id\":\"https:\\\/\\\/ses-creative.com\\\/fr\\\/produit\\\/stethoscope\\\/#primaryimage\"},\"image\":{\"@id\":\"https:\\\/\\\/ses-creative.com\\\/fr\\\/produit\\\/stethoscope\\\/#primaryimage\"},\"thumbnailUrl\":\"https:\\\/\\\/ses-creative.com\\\/wp-content\\\/uploads\\\/2026\\\/01\\\/180051-1.jpg\",\"datePublished\":\"2026-02-12T10:09:55+00:00\",\"dateModified\":\"2026-02-12T10:23:20+00:00\",\"breadcrumb\":{\"@id\":\"https:\\\/\\\/ses-creative.com\\\/fr\\\/produit\\\/stethoscope\\\/#breadcrumb\"},\"inLanguage\":\"fr-FR\",\"potentialAction\":[{\"@type\":\"ReadAction\",\"target\":[\"https:\\\/\\\/ses-creative.com\\\/fr\\\/produit\\\/stethoscope\\\/\"]}]},{\"@type\":\"ImageObject\",\"inLanguage\":\"fr-FR\",\"@id\":\"https:\\\/\\\/ses-creative.com\\\/fr\\\/produit\\\/stethoscope\\\/#primaryimage\",\"url\":\"https:\\\/\\\/ses-creative.com\\\/wp-content\\\/uploads\\\/2026\\\/01\\\/180051-1.jpg\",\"contentUrl\":\"https:\\\/\\\/ses-creative.com\\\/wp-content\\\/uploads\\\/2026\\\/01\\\/180051-1.jpg\",\"width\":1000,\"height\":1000},{\"@type\":\"BreadcrumbList\",\"@id\":\"https:\\\/\\\/ses-creative.com\\\/fr\\\/produit\\\/stethoscope\\\/#breadcrumb\",\"itemListElement\":[{\"@type\":\"ListItem\",\"position\":1,\"name\":\"Boutique\",\"item\":\"https:\\\/\\\/ses-creative.com\\\/fr\\\/boutique\\\/\"},{\"@type\":\"ListItem\",\"position\":2,\"name\":\"D\u00e9couvrir\",\"item\":\"https:\\\/\\\/ses-creative.com\\\/fr\\\/product-categorie\\\/decouvrir\\\/\"},{\"@type\":\"ListItem\",\"position\":3,\"name\":\"St\u00e9thoscope\"}]},{\"@type\":\"WebSite\",\"@id\":\"https:\\\/\\\/ses-creative.com\\\/#website\",\"url\":\"https:\\\/\\\/ses-creative.com\\\/\",\"name\":\"SES Creative\",\"description\":\"\",\"publisher\":{\"@id\":\"https:\\\/\\\/ses-creative.com\\\/#organization\"},\"potentialAction\":[{\"@type\":\"SearchAction\",\"target\":{\"@type\":\"EntryPoint\",\"urlTemplate\":\"https:\\\/\\\/ses-creative.com\\\/?s={search_term_string}\"},\"query-input\":{\"@type\":\"PropertyValueSpecification\",\"valueRequired\":true,\"valueName\":\"search_term_string\"}}],\"inLanguage\":\"fr-FR\"},{\"@type\":\"Organization\",\"@id\":\"https:\\\/\\\/ses-creative.com\\\/#organization\",\"name\":\"SES Creative\",\"url\":\"https:\\\/\\\/ses-creative.com\\\/\",\"logo\":{\"@type\":\"ImageObject\",\"inLanguage\":\"fr-FR\",\"@id\":\"https:\\\/\\\/ses-creative.com\\\/#\\\/schema\\\/logo\\\/image\\\/\",\"url\":\"https:\\\/\\\/ses-creative.com\\\/wp-content\\\/uploads\\\/2025\\\/10\\\/ses-creative-logo.jpg\",\"contentUrl\":\"https:\\\/\\\/ses-creative.com\\\/wp-content\\\/uploads\\\/2025\\\/10\\\/ses-creative-logo.jpg\",\"width\":2037,\"height\":2037,\"caption\":\"SES Creative\"},\"image\":{\"@id\":\"https:\\\/\\\/ses-creative.com\\\/#\\\/schema\\\/logo\\\/image\\\/\"}}]}<\/script>\n<!-- \/ Yoast SEO plugin. -->","yoast_head_json":{"title":"St\u00e9thoscope - SES Creative","robots":{"index":"index","follow":"follow","max-snippet":"max-snippet:-1","max-image-preview":"max-image-preview:large","max-video-preview":"max-video-preview:-1"},"canonical":"https:\/\/ses-creative.com\/fr\/produit\/stethoscope\/","og_locale":"fr_FR","og_type":"article","og_title":"St\u00e9thoscope - SES Creative","og_description":"Joue au docteur comme un vrai avec le st\u00e9thoscope Petits Pretenders de SES Creative ! Ce st\u00e9thoscope fonctionnel permet aux enfants d&rsquo;\u00e9couter les battements du c\u0153ur, la respiration et d&rsquo;autres sons corporels, comme dans un h\u00f4pital. Parfait pour les enfants curieux \u00e0 partir de 3 ans qui aiment prendre soin des autres et veulent en [&hellip;]","og_url":"https:\/\/ses-creative.com\/fr\/produit\/stethoscope\/","og_site_name":"SES Creative","article_modified_time":"2026-02-12T10:23:20+00:00","twitter_card":"summary_large_image","twitter_misc":{"Dur\u00e9e de lecture estim\u00e9e":"1 minute"},"schema":{"@context":"https:\/\/schema.org","@graph":[{"@type":"WebPage","@id":"https:\/\/ses-creative.com\/fr\/produit\/stethoscope\/","url":"https:\/\/ses-creative.com\/fr\/produit\/stethoscope\/","name":"St\u00e9thoscope - SES Creative","isPartOf":{"@id":"https:\/\/ses-creative.com\/#website"},"primaryImageOfPage":{"@id":"https:\/\/ses-creative.com\/fr\/produit\/stethoscope\/#primaryimage"},"image":{"@id":"https:\/\/ses-creative.com\/fr\/produit\/stethoscope\/#primaryimage"},"thumbnailUrl":"https:\/\/ses-creative.com\/wp-content\/uploads\/2026\/01\/180051-1.jpg","datePublished":"2026-02-12T10:09:55+00:00","dateModified":"2026-02-12T10:23:20+00:00","breadcrumb":{"@id":"https:\/\/ses-creative.com\/fr\/produit\/stethoscope\/#breadcrumb"},"inLanguage":"fr-FR","potentialAction":[{"@type":"ReadAction","target":["https:\/\/ses-creative.com\/fr\/produit\/stethoscope\/"]}]},{"@type":"ImageObject","inLanguage":"fr-FR","@id":"https:\/\/ses-creative.com\/fr\/produit\/stethoscope\/#primaryimage","url":"https:\/\/ses-creative.com\/wp-content\/uploads\/2026\/01\/180051-1.jpg","contentUrl":"https:\/\/ses-creative.com\/wp-content\/uploads\/2026\/01\/180051-1.jpg","width":1000,"height":1000},{"@type":"BreadcrumbList","@id":"https:\/\/ses-creative.com\/fr\/produit\/stethoscope\/#breadcrumb","itemListElement":[{"@type":"ListItem","position":1,"name":"Boutique","item":"https:\/\/ses-creative.com\/fr\/boutique\/"},{"@type":"ListItem","position":2,"name":"D\u00e9couvrir","item":"https:\/\/ses-creative.com\/fr\/product-categorie\/decouvrir\/"},{"@type":"ListItem","position":3,"name":"St\u00e9thoscope"}]},{"@type":"WebSite","@id":"https:\/\/ses-creative.com\/#website","url":"https:\/\/ses-creative.com\/","name":"SES Creative","description":"","publisher":{"@id":"https:\/\/ses-creative.com\/#organization"},"potentialAction":[{"@type":"SearchAction","target":{"@type":"EntryPoint","urlTemplate":"https:\/\/ses-creative.com\/?s={search_term_string}"},"query-input":{"@type":"PropertyValueSpecification","valueRequired":true,"valueName":"search_term_string"}}],"inLanguage":"fr-FR"},{"@type":"Organization","@id":"https:\/\/ses-creative.com\/#organization","name":"SES Creative","url":"https:\/\/ses-creative.com\/","logo":{"@type":"ImageObject","inLanguage":"fr-FR","@id":"https:\/\/ses-creative.com\/#\/schema\/logo\/image\/","url":"https:\/\/ses-creative.com\/wp-content\/uploads\/2025\/10\/ses-creative-logo.jpg","contentUrl":"https:\/\/ses-creative.com\/wp-content\/uploads\/2025\/10\/ses-creative-logo.jpg","width":2037,"height":2037,"caption":"SES Creative"},"image":{"@id":"https:\/\/ses-creative.com\/#\/schema\/logo\/image\/"}}]}},"_links":{"self":[{"href":"https:\/\/ses-creative.com\/fr\/wp-json\/wp\/v2\/product\/118484","targetHints":{"allow":["GET"]}}],"collection":[{"href":"https:\/\/ses-creative.com\/fr\/wp-json\/wp\/v2\/product"}],"about":[{"href":"https:\/\/ses-creative.com\/fr\/wp-json\/wp\/v2\/types\/product"}],"replies":[{"embeddable":true,"href":"https:\/\/ses-creative.com\/fr\/wp-json\/wp\/v2\/comments?post=118484"}],"wp:featuredmedia":[{"embeddable":true,"href":"https:\/\/ses-creative.com\/fr\/wp-json\/wp\/v2\/media\/107588"}],"wp:attachment":[{"href":"https:\/\/ses-creative.com\/fr\/wp-json\/wp\/v2\/media?parent=118484"}],"wp:term":[{"taxonomy":"product_brand","embeddable":true,"href":"https:\/\/ses-creative.com\/fr\/wp-json\/wp\/v2\/product_brand?post=118484"},{"taxonomy":"product_cat","embeddable":true,"href":"https:\/\/ses-creative.com\/fr\/wp-json\/wp\/v2\/product_cat?post=118484"},{"taxonomy":"product_tag","embeddable":true,"href":"https:\/\/ses-creative.com\/fr\/wp-json\/wp\/v2\/product_tag?post=118484"}],"curies":[{"name":"wp","href":"https:\/\/api.w.org\/{rel}","templated":true}]}}