











{"id":118483,"date":"2026-02-12T10:09:55","date_gmt":"2026-02-12T10:09:55","guid":{"rendered":"https:\/\/ses-creative.com\/?post_type=product&#038;p=118483"},"modified":"2026-02-12T10:23:20","modified_gmt":"2026-02-12T10:23:20","slug":"mallette-de-docteur","status":"publish","type":"product","link":"https:\/\/ses-creative.com\/fr\/produit\/mallette-de-docteur\/","title":{"rendered":"Mallette de docteur"},"content":{"rendered":"<p>Joue et soigne comme un vrai m\u00e9decin avec la mallette de docteur Petits Pretenders de SES Creative ! Cette mallette solide contient des accessoires m\u00e9dicaux r\u00e9alistes qui permettent aux enfants de vivre leurs propres aventures \u00e0 l&rsquo;h\u00f4pital. Qu&rsquo;il s&rsquo;agisse d&rsquo;un ours en peluche malade ou d&rsquo;une poup\u00e9e bless\u00e9e, tu as tout ce qu&rsquo;il faut pour les soigner.<\/p>\n<p>Contenu du set :<br \/>\n Mallette de m\u00e9decin solide<\/p>\n<p>Pansements et sparadrap<br \/>\n Deux seringues<\/p>\n<p>Trois flacons de m\u00e9dicaments<\/p>\n<p> Pince \u00e0 \u00e9piler et spatules<\/p>\n<p>Pourquoi choisir ce set ?<br \/>\nStimule les jeux de r\u00f4le imaginatifs et la cr\u00e9ativit\u00e9<\/p>\n<p> Convient aux enfants \u00e0 partir de 3 ans<\/p>\n<p> Comprend des accessoires r\u00e9alistes pour une exp\u00e9rience m\u00e9dicale authentique<\/p>\n<p> Aide \u00e0 d\u00e9velopper l&#8217;empathie et les comp\u00e9tences sociales<\/p>\n<p>Favorise la motricit\u00e9 fine et la coordination \u0153il-main<\/p>\n<p>Avec cette mallette de m\u00e9decin, chaque patient est entre de bonnes mains. Prends tes instruments, pose le bon diagnostic et veille \u00e0 ce que tout le monde se sente rapidement mieux. Tu es le m\u00e9decin, et tes patients comptent sur toi !<\/p>\n","protected":false},"excerpt":{"rendered":"<p>Joue et soigne comme un vrai m\u00e9decin avec la mallette de docteur Petits Pretenders de SES Creative ! Cette mallette solide contient des accessoires m\u00e9dicaux r\u00e9alistes qui permettent aux enfants de vivre leurs propres aventures \u00e0 l&rsquo;h\u00f4pital. Qu&rsquo;il s&rsquo;agisse d&rsquo;un ours en peluche malade ou d&rsquo;une poup\u00e9e bless\u00e9e, tu as tout ce qu&rsquo;il faut pour [&hellip;]<\/p>\n","protected":false},"featured_media":107583,"comment_status":"closed","ping_status":"closed","template":"","meta":{"_acf_changed":false},"product_brand":[],"product_cat":[128],"product_tag":[],"class_list":{"0":"post-118483","1":"product","2":"type-product","3":"status-publish","4":"has-post-thumbnail","6":"product_cat-decouvrir","7":"pa_leeftijd-filter-3-4-ans","8":"pa_meest-populair-bij-garcons-filles","10":"first","11":"instock","12":"shipping-taxable","13":"product-type-simple"},"acf":[],"yoast_head":"<!-- This site is optimized with the Yoast SEO plugin v27.4 - https:\/\/yoast.com\/product\/yoast-seo-wordpress\/ -->\n<title>Mallette de docteur - SES Creative<\/title>\n<meta name=\"robots\" content=\"index, follow, max-snippet:-1, max-image-preview:large, max-video-preview:-1\" \/>\n<link rel=\"canonical\" href=\"https:\/\/ses-creative.com\/fr\/produit\/mallette-de-docteur\/\" \/>\n<meta property=\"og:locale\" content=\"fr_FR\" \/>\n<meta property=\"og:type\" content=\"article\" \/>\n<meta property=\"og:title\" content=\"Mallette de docteur - SES Creative\" \/>\n<meta property=\"og:description\" content=\"Joue et soigne comme un vrai m\u00e9decin avec la mallette de docteur Petits Pretenders de SES Creative ! Cette mallette solide contient des accessoires m\u00e9dicaux r\u00e9alistes qui permettent aux enfants de vivre leurs propres aventures \u00e0 l&rsquo;h\u00f4pital. Qu&rsquo;il s&rsquo;agisse d&rsquo;un ours en peluche malade ou d&rsquo;une poup\u00e9e bless\u00e9e, tu as tout ce qu&rsquo;il faut pour [&hellip;]\" \/>\n<meta property=\"og:url\" content=\"https:\/\/ses-creative.com\/fr\/produit\/mallette-de-docteur\/\" \/>\n<meta property=\"og:site_name\" content=\"SES Creative\" \/>\n<meta property=\"article:modified_time\" content=\"2026-02-12T10:23:20+00:00\" \/>\n<meta name=\"twitter:card\" content=\"summary_large_image\" \/>\n<meta name=\"twitter:label1\" content=\"Dur\u00e9e de lecture estim\u00e9e\" \/>\n\t<meta name=\"twitter:data1\" content=\"1 minute\" \/>\n<script type=\"application\/ld+json\" class=\"yoast-schema-graph\">{\"@context\":\"https:\\\/\\\/schema.org\",\"@graph\":[{\"@type\":\"WebPage\",\"@id\":\"https:\\\/\\\/ses-creative.com\\\/fr\\\/produit\\\/mallette-de-docteur\\\/\",\"url\":\"https:\\\/\\\/ses-creative.com\\\/fr\\\/produit\\\/mallette-de-docteur\\\/\",\"name\":\"Mallette de docteur - SES Creative\",\"isPartOf\":{\"@id\":\"https:\\\/\\\/ses-creative.com\\\/#website\"},\"primaryImageOfPage\":{\"@id\":\"https:\\\/\\\/ses-creative.com\\\/fr\\\/produit\\\/mallette-de-docteur\\\/#primaryimage\"},\"image\":{\"@id\":\"https:\\\/\\\/ses-creative.com\\\/fr\\\/produit\\\/mallette-de-docteur\\\/#primaryimage\"},\"thumbnailUrl\":\"https:\\\/\\\/ses-creative.com\\\/wp-content\\\/uploads\\\/2026\\\/01\\\/180041-1.jpg\",\"datePublished\":\"2026-02-12T10:09:55+00:00\",\"dateModified\":\"2026-02-12T10:23:20+00:00\",\"breadcrumb\":{\"@id\":\"https:\\\/\\\/ses-creative.com\\\/fr\\\/produit\\\/mallette-de-docteur\\\/#breadcrumb\"},\"inLanguage\":\"fr-FR\",\"potentialAction\":[{\"@type\":\"ReadAction\",\"target\":[\"https:\\\/\\\/ses-creative.com\\\/fr\\\/produit\\\/mallette-de-docteur\\\/\"]}]},{\"@type\":\"ImageObject\",\"inLanguage\":\"fr-FR\",\"@id\":\"https:\\\/\\\/ses-creative.com\\\/fr\\\/produit\\\/mallette-de-docteur\\\/#primaryimage\",\"url\":\"https:\\\/\\\/ses-creative.com\\\/wp-content\\\/uploads\\\/2026\\\/01\\\/180041-1.jpg\",\"contentUrl\":\"https:\\\/\\\/ses-creative.com\\\/wp-content\\\/uploads\\\/2026\\\/01\\\/180041-1.jpg\",\"width\":1000,\"height\":1000},{\"@type\":\"BreadcrumbList\",\"@id\":\"https:\\\/\\\/ses-creative.com\\\/fr\\\/produit\\\/mallette-de-docteur\\\/#breadcrumb\",\"itemListElement\":[{\"@type\":\"ListItem\",\"position\":1,\"name\":\"Boutique\",\"item\":\"https:\\\/\\\/ses-creative.com\\\/fr\\\/boutique\\\/\"},{\"@type\":\"ListItem\",\"position\":2,\"name\":\"D\u00e9couvrir\",\"item\":\"https:\\\/\\\/ses-creative.com\\\/fr\\\/product-categorie\\\/decouvrir\\\/\"},{\"@type\":\"ListItem\",\"position\":3,\"name\":\"Mallette de docteur\"}]},{\"@type\":\"WebSite\",\"@id\":\"https:\\\/\\\/ses-creative.com\\\/#website\",\"url\":\"https:\\\/\\\/ses-creative.com\\\/\",\"name\":\"SES Creative\",\"description\":\"\",\"publisher\":{\"@id\":\"https:\\\/\\\/ses-creative.com\\\/#organization\"},\"potentialAction\":[{\"@type\":\"SearchAction\",\"target\":{\"@type\":\"EntryPoint\",\"urlTemplate\":\"https:\\\/\\\/ses-creative.com\\\/?s={search_term_string}\"},\"query-input\":{\"@type\":\"PropertyValueSpecification\",\"valueRequired\":true,\"valueName\":\"search_term_string\"}}],\"inLanguage\":\"fr-FR\"},{\"@type\":\"Organization\",\"@id\":\"https:\\\/\\\/ses-creative.com\\\/#organization\",\"name\":\"SES Creative\",\"url\":\"https:\\\/\\\/ses-creative.com\\\/\",\"logo\":{\"@type\":\"ImageObject\",\"inLanguage\":\"fr-FR\",\"@id\":\"https:\\\/\\\/ses-creative.com\\\/#\\\/schema\\\/logo\\\/image\\\/\",\"url\":\"https:\\\/\\\/ses-creative.com\\\/wp-content\\\/uploads\\\/2025\\\/10\\\/ses-creative-logo.jpg\",\"contentUrl\":\"https:\\\/\\\/ses-creative.com\\\/wp-content\\\/uploads\\\/2025\\\/10\\\/ses-creative-logo.jpg\",\"width\":2037,\"height\":2037,\"caption\":\"SES Creative\"},\"image\":{\"@id\":\"https:\\\/\\\/ses-creative.com\\\/#\\\/schema\\\/logo\\\/image\\\/\"}}]}<\/script>\n<!-- \/ Yoast SEO plugin. -->","yoast_head_json":{"title":"Mallette de docteur - SES Creative","robots":{"index":"index","follow":"follow","max-snippet":"max-snippet:-1","max-image-preview":"max-image-preview:large","max-video-preview":"max-video-preview:-1"},"canonical":"https:\/\/ses-creative.com\/fr\/produit\/mallette-de-docteur\/","og_locale":"fr_FR","og_type":"article","og_title":"Mallette de docteur - SES Creative","og_description":"Joue et soigne comme un vrai m\u00e9decin avec la mallette de docteur Petits Pretenders de SES Creative ! Cette mallette solide contient des accessoires m\u00e9dicaux r\u00e9alistes qui permettent aux enfants de vivre leurs propres aventures \u00e0 l&rsquo;h\u00f4pital. Qu&rsquo;il s&rsquo;agisse d&rsquo;un ours en peluche malade ou d&rsquo;une poup\u00e9e bless\u00e9e, tu as tout ce qu&rsquo;il faut pour [&hellip;]","og_url":"https:\/\/ses-creative.com\/fr\/produit\/mallette-de-docteur\/","og_site_name":"SES Creative","article_modified_time":"2026-02-12T10:23:20+00:00","twitter_card":"summary_large_image","twitter_misc":{"Dur\u00e9e de lecture estim\u00e9e":"1 minute"},"schema":{"@context":"https:\/\/schema.org","@graph":[{"@type":"WebPage","@id":"https:\/\/ses-creative.com\/fr\/produit\/mallette-de-docteur\/","url":"https:\/\/ses-creative.com\/fr\/produit\/mallette-de-docteur\/","name":"Mallette de docteur - SES Creative","isPartOf":{"@id":"https:\/\/ses-creative.com\/#website"},"primaryImageOfPage":{"@id":"https:\/\/ses-creative.com\/fr\/produit\/mallette-de-docteur\/#primaryimage"},"image":{"@id":"https:\/\/ses-creative.com\/fr\/produit\/mallette-de-docteur\/#primaryimage"},"thumbnailUrl":"https:\/\/ses-creative.com\/wp-content\/uploads\/2026\/01\/180041-1.jpg","datePublished":"2026-02-12T10:09:55+00:00","dateModified":"2026-02-12T10:23:20+00:00","breadcrumb":{"@id":"https:\/\/ses-creative.com\/fr\/produit\/mallette-de-docteur\/#breadcrumb"},"inLanguage":"fr-FR","potentialAction":[{"@type":"ReadAction","target":["https:\/\/ses-creative.com\/fr\/produit\/mallette-de-docteur\/"]}]},{"@type":"ImageObject","inLanguage":"fr-FR","@id":"https:\/\/ses-creative.com\/fr\/produit\/mallette-de-docteur\/#primaryimage","url":"https:\/\/ses-creative.com\/wp-content\/uploads\/2026\/01\/180041-1.jpg","contentUrl":"https:\/\/ses-creative.com\/wp-content\/uploads\/2026\/01\/180041-1.jpg","width":1000,"height":1000},{"@type":"BreadcrumbList","@id":"https:\/\/ses-creative.com\/fr\/produit\/mallette-de-docteur\/#breadcrumb","itemListElement":[{"@type":"ListItem","position":1,"name":"Boutique","item":"https:\/\/ses-creative.com\/fr\/boutique\/"},{"@type":"ListItem","position":2,"name":"D\u00e9couvrir","item":"https:\/\/ses-creative.com\/fr\/product-categorie\/decouvrir\/"},{"@type":"ListItem","position":3,"name":"Mallette de docteur"}]},{"@type":"WebSite","@id":"https:\/\/ses-creative.com\/#website","url":"https:\/\/ses-creative.com\/","name":"SES Creative","description":"","publisher":{"@id":"https:\/\/ses-creative.com\/#organization"},"potentialAction":[{"@type":"SearchAction","target":{"@type":"EntryPoint","urlTemplate":"https:\/\/ses-creative.com\/?s={search_term_string}"},"query-input":{"@type":"PropertyValueSpecification","valueRequired":true,"valueName":"search_term_string"}}],"inLanguage":"fr-FR"},{"@type":"Organization","@id":"https:\/\/ses-creative.com\/#organization","name":"SES Creative","url":"https:\/\/ses-creative.com\/","logo":{"@type":"ImageObject","inLanguage":"fr-FR","@id":"https:\/\/ses-creative.com\/#\/schema\/logo\/image\/","url":"https:\/\/ses-creative.com\/wp-content\/uploads\/2025\/10\/ses-creative-logo.jpg","contentUrl":"https:\/\/ses-creative.com\/wp-content\/uploads\/2025\/10\/ses-creative-logo.jpg","width":2037,"height":2037,"caption":"SES Creative"},"image":{"@id":"https:\/\/ses-creative.com\/#\/schema\/logo\/image\/"}}]}},"_links":{"self":[{"href":"https:\/\/ses-creative.com\/fr\/wp-json\/wp\/v2\/product\/118483","targetHints":{"allow":["GET"]}}],"collection":[{"href":"https:\/\/ses-creative.com\/fr\/wp-json\/wp\/v2\/product"}],"about":[{"href":"https:\/\/ses-creative.com\/fr\/wp-json\/wp\/v2\/types\/product"}],"replies":[{"embeddable":true,"href":"https:\/\/ses-creative.com\/fr\/wp-json\/wp\/v2\/comments?post=118483"}],"wp:featuredmedia":[{"embeddable":true,"href":"https:\/\/ses-creative.com\/fr\/wp-json\/wp\/v2\/media\/107583"}],"wp:attachment":[{"href":"https:\/\/ses-creative.com\/fr\/wp-json\/wp\/v2\/media?parent=118483"}],"wp:term":[{"taxonomy":"product_brand","embeddable":true,"href":"https:\/\/ses-creative.com\/fr\/wp-json\/wp\/v2\/product_brand?post=118483"},{"taxonomy":"product_cat","embeddable":true,"href":"https:\/\/ses-creative.com\/fr\/wp-json\/wp\/v2\/product_cat?post=118483"},{"taxonomy":"product_tag","embeddable":true,"href":"https:\/\/ses-creative.com\/fr\/wp-json\/wp\/v2\/product_tag?post=118483"}],"curies":[{"name":"wp","href":"https:\/\/api.w.org\/{rel}","templated":true}]}}