











{"id":118482,"date":"2026-02-12T10:09:54","date_gmt":"2026-02-12T10:09:54","guid":{"rendered":"https:\/\/ses-creative.com\/?post_type=product&#038;p=118482"},"modified":"2026-02-12T10:23:20","modified_gmt":"2026-02-12T10:23:20","slug":"ensemble-de-deguisement-de-docteur","status":"publish","type":"product","link":"https:\/\/ses-creative.com\/fr\/produit\/ensemble-de-deguisement-de-docteur\/","title":{"rendered":"Ensemble de d\u00e9guisement de docteur"},"content":{"rendered":"<p>Devenez le meilleur m\u00e9decin du quartier avec le kit de d\u00e9guisement Docteur de SES Creative ! Que ce soit pour votre ours en peluche pr\u00e9f\u00e9r\u00e9 ou une poup\u00e9e malade, avec ce kit, vous \u00eates pr\u00eat pour un examen m\u00e9dical.<\/p>\n<p>Contenu du kit :<br \/>\n Blouse de m\u00e9decin r\u00e9aliste<\/p>\n<p> Thermom\u00e8tre de jeu<\/p>\n<p> Pince en plastique<\/p>\n<p> Deux abaisse-langues<\/p>\n<p>Seringue jouet<\/p>\n<p>Pourquoi ce kit est g\u00e9nial :<br \/>\nParfait pour les d\u00e9guisements et les jeux de r\u00f4le<\/p>\n<p> Stimule la cr\u00e9ativit\u00e9, l&rsquo;imagination et les comp\u00e9tences sociales<br \/>\n Convient aux enfants \u00e0 partir de 3 ans<\/p>\n<p> \u00c0 combiner avec d&rsquo;autres kits m\u00e9dicaux de la collection Petits Pretenders<\/p>\n<p>Enfilez votre blouse blanche, prenez vos instruments et soignez vos patients comme si vous \u00e9tiez un vrai m\u00e9decin. Du diagnostic au traitement, vous avez tout ce qu&rsquo;il faut pour gu\u00e9rir tout le monde !<\/p>\n","protected":false},"excerpt":{"rendered":"<p>Devenez le meilleur m\u00e9decin du quartier avec le kit de d\u00e9guisement Docteur de SES Creative ! Que ce soit pour votre ours en peluche pr\u00e9f\u00e9r\u00e9 ou une poup\u00e9e malade, avec ce kit, vous \u00eates pr\u00eat pour un examen m\u00e9dical. Contenu du kit : Blouse de m\u00e9decin r\u00e9aliste Thermom\u00e8tre de jeu Pince en plastique Deux abaisse-langues [&hellip;]<\/p>\n","protected":false},"featured_media":107578,"comment_status":"closed","ping_status":"closed","template":"","meta":{"_acf_changed":false},"product_brand":[],"product_cat":[128],"product_tag":[],"class_list":{"0":"post-118482","1":"product","2":"type-product","3":"status-publish","4":"has-post-thumbnail","6":"product_cat-decouvrir","7":"pa_leeftijd-filter-3-4-ans","8":"pa_meest-populair-bij-garcons-filles","10":"first","11":"instock","12":"shipping-taxable","13":"product-type-simple"},"acf":[],"yoast_head":"<!-- This site is optimized with the Yoast SEO plugin v27.4 - https:\/\/yoast.com\/product\/yoast-seo-wordpress\/ -->\n<title>Ensemble de d\u00e9guisement de docteur - SES Creative<\/title>\n<meta name=\"robots\" content=\"index, follow, max-snippet:-1, max-image-preview:large, max-video-preview:-1\" \/>\n<link rel=\"canonical\" href=\"https:\/\/ses-creative.com\/fr\/produit\/ensemble-de-deguisement-de-docteur\/\" \/>\n<meta property=\"og:locale\" content=\"fr_FR\" \/>\n<meta property=\"og:type\" content=\"article\" \/>\n<meta property=\"og:title\" content=\"Ensemble de d\u00e9guisement de docteur - SES Creative\" \/>\n<meta property=\"og:description\" content=\"Devenez le meilleur m\u00e9decin du quartier avec le kit de d\u00e9guisement Docteur de SES Creative ! Que ce soit pour votre ours en peluche pr\u00e9f\u00e9r\u00e9 ou une poup\u00e9e malade, avec ce kit, vous \u00eates pr\u00eat pour un examen m\u00e9dical. Contenu du kit : Blouse de m\u00e9decin r\u00e9aliste Thermom\u00e8tre de jeu Pince en plastique Deux abaisse-langues [&hellip;]\" \/>\n<meta property=\"og:url\" content=\"https:\/\/ses-creative.com\/fr\/produit\/ensemble-de-deguisement-de-docteur\/\" \/>\n<meta property=\"og:site_name\" content=\"SES Creative\" \/>\n<meta property=\"article:modified_time\" content=\"2026-02-12T10:23:20+00:00\" \/>\n<meta name=\"twitter:card\" content=\"summary_large_image\" \/>\n<meta name=\"twitter:label1\" content=\"Dur\u00e9e de lecture estim\u00e9e\" \/>\n\t<meta name=\"twitter:data1\" content=\"1 minute\" \/>\n<script type=\"application\/ld+json\" class=\"yoast-schema-graph\">{\"@context\":\"https:\\\/\\\/schema.org\",\"@graph\":[{\"@type\":\"WebPage\",\"@id\":\"https:\\\/\\\/ses-creative.com\\\/fr\\\/produit\\\/ensemble-de-deguisement-de-docteur\\\/\",\"url\":\"https:\\\/\\\/ses-creative.com\\\/fr\\\/produit\\\/ensemble-de-deguisement-de-docteur\\\/\",\"name\":\"Ensemble de d\u00e9guisement de docteur - SES Creative\",\"isPartOf\":{\"@id\":\"https:\\\/\\\/ses-creative.com\\\/#website\"},\"primaryImageOfPage\":{\"@id\":\"https:\\\/\\\/ses-creative.com\\\/fr\\\/produit\\\/ensemble-de-deguisement-de-docteur\\\/#primaryimage\"},\"image\":{\"@id\":\"https:\\\/\\\/ses-creative.com\\\/fr\\\/produit\\\/ensemble-de-deguisement-de-docteur\\\/#primaryimage\"},\"thumbnailUrl\":\"https:\\\/\\\/ses-creative.com\\\/wp-content\\\/uploads\\\/2026\\\/01\\\/180011-1.jpg\",\"datePublished\":\"2026-02-12T10:09:54+00:00\",\"dateModified\":\"2026-02-12T10:23:20+00:00\",\"breadcrumb\":{\"@id\":\"https:\\\/\\\/ses-creative.com\\\/fr\\\/produit\\\/ensemble-de-deguisement-de-docteur\\\/#breadcrumb\"},\"inLanguage\":\"fr-FR\",\"potentialAction\":[{\"@type\":\"ReadAction\",\"target\":[\"https:\\\/\\\/ses-creative.com\\\/fr\\\/produit\\\/ensemble-de-deguisement-de-docteur\\\/\"]}]},{\"@type\":\"ImageObject\",\"inLanguage\":\"fr-FR\",\"@id\":\"https:\\\/\\\/ses-creative.com\\\/fr\\\/produit\\\/ensemble-de-deguisement-de-docteur\\\/#primaryimage\",\"url\":\"https:\\\/\\\/ses-creative.com\\\/wp-content\\\/uploads\\\/2026\\\/01\\\/180011-1.jpg\",\"contentUrl\":\"https:\\\/\\\/ses-creative.com\\\/wp-content\\\/uploads\\\/2026\\\/01\\\/180011-1.jpg\",\"width\":1000,\"height\":1000},{\"@type\":\"BreadcrumbList\",\"@id\":\"https:\\\/\\\/ses-creative.com\\\/fr\\\/produit\\\/ensemble-de-deguisement-de-docteur\\\/#breadcrumb\",\"itemListElement\":[{\"@type\":\"ListItem\",\"position\":1,\"name\":\"Boutique\",\"item\":\"https:\\\/\\\/ses-creative.com\\\/fr\\\/boutique\\\/\"},{\"@type\":\"ListItem\",\"position\":2,\"name\":\"D\u00e9couvrir\",\"item\":\"https:\\\/\\\/ses-creative.com\\\/fr\\\/product-categorie\\\/decouvrir\\\/\"},{\"@type\":\"ListItem\",\"position\":3,\"name\":\"Ensemble de d\u00e9guisement de docteur\"}]},{\"@type\":\"WebSite\",\"@id\":\"https:\\\/\\\/ses-creative.com\\\/#website\",\"url\":\"https:\\\/\\\/ses-creative.com\\\/\",\"name\":\"SES Creative\",\"description\":\"\",\"publisher\":{\"@id\":\"https:\\\/\\\/ses-creative.com\\\/#organization\"},\"potentialAction\":[{\"@type\":\"SearchAction\",\"target\":{\"@type\":\"EntryPoint\",\"urlTemplate\":\"https:\\\/\\\/ses-creative.com\\\/?s={search_term_string}\"},\"query-input\":{\"@type\":\"PropertyValueSpecification\",\"valueRequired\":true,\"valueName\":\"search_term_string\"}}],\"inLanguage\":\"fr-FR\"},{\"@type\":\"Organization\",\"@id\":\"https:\\\/\\\/ses-creative.com\\\/#organization\",\"name\":\"SES Creative\",\"url\":\"https:\\\/\\\/ses-creative.com\\\/\",\"logo\":{\"@type\":\"ImageObject\",\"inLanguage\":\"fr-FR\",\"@id\":\"https:\\\/\\\/ses-creative.com\\\/#\\\/schema\\\/logo\\\/image\\\/\",\"url\":\"https:\\\/\\\/ses-creative.com\\\/wp-content\\\/uploads\\\/2025\\\/10\\\/ses-creative-logo.jpg\",\"contentUrl\":\"https:\\\/\\\/ses-creative.com\\\/wp-content\\\/uploads\\\/2025\\\/10\\\/ses-creative-logo.jpg\",\"width\":2037,\"height\":2037,\"caption\":\"SES Creative\"},\"image\":{\"@id\":\"https:\\\/\\\/ses-creative.com\\\/#\\\/schema\\\/logo\\\/image\\\/\"}}]}<\/script>\n<!-- \/ Yoast SEO plugin. -->","yoast_head_json":{"title":"Ensemble de d\u00e9guisement de docteur - SES Creative","robots":{"index":"index","follow":"follow","max-snippet":"max-snippet:-1","max-image-preview":"max-image-preview:large","max-video-preview":"max-video-preview:-1"},"canonical":"https:\/\/ses-creative.com\/fr\/produit\/ensemble-de-deguisement-de-docteur\/","og_locale":"fr_FR","og_type":"article","og_title":"Ensemble de d\u00e9guisement de docteur - SES Creative","og_description":"Devenez le meilleur m\u00e9decin du quartier avec le kit de d\u00e9guisement Docteur de SES Creative ! Que ce soit pour votre ours en peluche pr\u00e9f\u00e9r\u00e9 ou une poup\u00e9e malade, avec ce kit, vous \u00eates pr\u00eat pour un examen m\u00e9dical. Contenu du kit : Blouse de m\u00e9decin r\u00e9aliste Thermom\u00e8tre de jeu Pince en plastique Deux abaisse-langues [&hellip;]","og_url":"https:\/\/ses-creative.com\/fr\/produit\/ensemble-de-deguisement-de-docteur\/","og_site_name":"SES Creative","article_modified_time":"2026-02-12T10:23:20+00:00","twitter_card":"summary_large_image","twitter_misc":{"Dur\u00e9e de lecture estim\u00e9e":"1 minute"},"schema":{"@context":"https:\/\/schema.org","@graph":[{"@type":"WebPage","@id":"https:\/\/ses-creative.com\/fr\/produit\/ensemble-de-deguisement-de-docteur\/","url":"https:\/\/ses-creative.com\/fr\/produit\/ensemble-de-deguisement-de-docteur\/","name":"Ensemble de d\u00e9guisement de docteur - SES Creative","isPartOf":{"@id":"https:\/\/ses-creative.com\/#website"},"primaryImageOfPage":{"@id":"https:\/\/ses-creative.com\/fr\/produit\/ensemble-de-deguisement-de-docteur\/#primaryimage"},"image":{"@id":"https:\/\/ses-creative.com\/fr\/produit\/ensemble-de-deguisement-de-docteur\/#primaryimage"},"thumbnailUrl":"https:\/\/ses-creative.com\/wp-content\/uploads\/2026\/01\/180011-1.jpg","datePublished":"2026-02-12T10:09:54+00:00","dateModified":"2026-02-12T10:23:20+00:00","breadcrumb":{"@id":"https:\/\/ses-creative.com\/fr\/produit\/ensemble-de-deguisement-de-docteur\/#breadcrumb"},"inLanguage":"fr-FR","potentialAction":[{"@type":"ReadAction","target":["https:\/\/ses-creative.com\/fr\/produit\/ensemble-de-deguisement-de-docteur\/"]}]},{"@type":"ImageObject","inLanguage":"fr-FR","@id":"https:\/\/ses-creative.com\/fr\/produit\/ensemble-de-deguisement-de-docteur\/#primaryimage","url":"https:\/\/ses-creative.com\/wp-content\/uploads\/2026\/01\/180011-1.jpg","contentUrl":"https:\/\/ses-creative.com\/wp-content\/uploads\/2026\/01\/180011-1.jpg","width":1000,"height":1000},{"@type":"BreadcrumbList","@id":"https:\/\/ses-creative.com\/fr\/produit\/ensemble-de-deguisement-de-docteur\/#breadcrumb","itemListElement":[{"@type":"ListItem","position":1,"name":"Boutique","item":"https:\/\/ses-creative.com\/fr\/boutique\/"},{"@type":"ListItem","position":2,"name":"D\u00e9couvrir","item":"https:\/\/ses-creative.com\/fr\/product-categorie\/decouvrir\/"},{"@type":"ListItem","position":3,"name":"Ensemble de d\u00e9guisement de docteur"}]},{"@type":"WebSite","@id":"https:\/\/ses-creative.com\/#website","url":"https:\/\/ses-creative.com\/","name":"SES Creative","description":"","publisher":{"@id":"https:\/\/ses-creative.com\/#organization"},"potentialAction":[{"@type":"SearchAction","target":{"@type":"EntryPoint","urlTemplate":"https:\/\/ses-creative.com\/?s={search_term_string}"},"query-input":{"@type":"PropertyValueSpecification","valueRequired":true,"valueName":"search_term_string"}}],"inLanguage":"fr-FR"},{"@type":"Organization","@id":"https:\/\/ses-creative.com\/#organization","name":"SES Creative","url":"https:\/\/ses-creative.com\/","logo":{"@type":"ImageObject","inLanguage":"fr-FR","@id":"https:\/\/ses-creative.com\/#\/schema\/logo\/image\/","url":"https:\/\/ses-creative.com\/wp-content\/uploads\/2025\/10\/ses-creative-logo.jpg","contentUrl":"https:\/\/ses-creative.com\/wp-content\/uploads\/2025\/10\/ses-creative-logo.jpg","width":2037,"height":2037,"caption":"SES Creative"},"image":{"@id":"https:\/\/ses-creative.com\/#\/schema\/logo\/image\/"}}]}},"_links":{"self":[{"href":"https:\/\/ses-creative.com\/fr\/wp-json\/wp\/v2\/product\/118482","targetHints":{"allow":["GET"]}}],"collection":[{"href":"https:\/\/ses-creative.com\/fr\/wp-json\/wp\/v2\/product"}],"about":[{"href":"https:\/\/ses-creative.com\/fr\/wp-json\/wp\/v2\/types\/product"}],"replies":[{"embeddable":true,"href":"https:\/\/ses-creative.com\/fr\/wp-json\/wp\/v2\/comments?post=118482"}],"wp:featuredmedia":[{"embeddable":true,"href":"https:\/\/ses-creative.com\/fr\/wp-json\/wp\/v2\/media\/107578"}],"wp:attachment":[{"href":"https:\/\/ses-creative.com\/fr\/wp-json\/wp\/v2\/media?parent=118482"}],"wp:term":[{"taxonomy":"product_brand","embeddable":true,"href":"https:\/\/ses-creative.com\/fr\/wp-json\/wp\/v2\/product_brand?post=118482"},{"taxonomy":"product_cat","embeddable":true,"href":"https:\/\/ses-creative.com\/fr\/wp-json\/wp\/v2\/product_cat?post=118482"},{"taxonomy":"product_tag","embeddable":true,"href":"https:\/\/ses-creative.com\/fr\/wp-json\/wp\/v2\/product_tag?post=118482"}],"curies":[{"name":"wp","href":"https:\/\/api.w.org\/{rel}","templated":true}]}}