











{"id":118480,"date":"2026-02-12T10:09:54","date_gmt":"2026-02-12T10:09:54","guid":{"rendered":"https:\/\/ses-creative.com\/?post_type=product&#038;p=118480"},"modified":"2026-02-12T10:23:20","modified_gmt":"2026-02-12T10:23:20","slug":"shake-a-slime-candy-shop-200-g-2","status":"publish","type":"product","link":"https:\/\/ses-creative.com\/fr\/produit\/shake-a-slime-candy-shop-200-g-2\/","title":{"rendered":"Shake-a-Slime &#8211; Candy shop 200 g"},"content":{"rendered":"<p>M\u00e9langez, secouez, slimez<br \/>\nPrenez le shaker et m\u00e9langez le slime avec le coffret Shake a Slime de SES Creative ! Avec le shaker et les perles, cr\u00e9ez les meilleures combinaisons de slime. D\u00e9couvrez comment les perles se d\u00e9placent dans le slime. Cette variante \u00ab\u00a0Magasin de bonbons\u00a0\u00bb propose de d\u00e9licieuses couleurs jaunes et des vermicelles de bonbons. Bon app\u00e9tit\u00a0!<br \/>\nLes atouts de ce coffret<br \/>\n&#8211; Avec un gobelet shaker pour m\u00e9langer le slime avec les diff\u00e9rentes perles et vermicelles<br \/>\n&#8211; Perles et perles color\u00e9es sur le th\u00e8me \u00ab\u00a0Magasin de bonbons\u00a0\u00bb<br \/>\n&#8211; M\u00e9langez et d\u00e9corez le slime avec des perles<br \/>\n&#8211; Le slime est sans danger pour les enfants<br \/>\n&#8211; Slime pr\u00eat \u00e0 l&#8217;emploi et sans gluten<br \/>\nUn gobelet de slime amusant<br \/>\nGr\u00e2ce au gobelet shaker sp\u00e9cial, les perles se m\u00e9langent parfaitement. Mettez le slime pr\u00eat \u00e0 l&#8217;emploi et les perles dans le gobelet et m\u00e9langez\u00a0! Avec ce slime Candy, r\u00e9alisez vos plus belles cr\u00e9ations.<br \/>\nContenu du coffret<br \/>\n&#8211; Slime jaune fluo pr\u00eat \u00e0 l&#8217;emploi<br \/>\n&#8211; Gobelet transparent Mix it<br \/>\n&#8211; M\u00e9lange de perles de 11 couleurs et vermicelles<br \/>\nPourquoi choisir SES Creative\u00a0?<br \/>\nChez SES Creative, la s\u00e9curit\u00e9 est notre priorit\u00e9. C&rsquo;est pourquoi nos produits sont fabriqu\u00e9s et test\u00e9s dans notre usine aux Pays-Bas, conform\u00e9ment aux normes de s\u00e9curit\u00e9 europ\u00e9ennes les plus strictes. Les jouets SES Creative sont amusants et visent \u00e0 rendre les enfants fiers de leur travail, stimulant ainsi leur cr\u00e9ativit\u00e9 et leur d\u00e9veloppement.<br \/>\nCommencez votre aventure Shake a Slime d\u00e8s aujourd&rsquo;hui.<br \/>\nM\u00e9langez, secouez et laissez libre cours \u00e0 votre imagination\u00a0! Amusez-vous avec le coffret Shake a Slime Candy Shop.<\/p>\n","protected":false},"excerpt":{"rendered":"<p>M\u00e9langez, secouez, slimez Prenez le shaker et m\u00e9langez le slime avec le coffret Shake a Slime de SES Creative ! Avec le shaker et les perles, cr\u00e9ez les meilleures combinaisons de slime. D\u00e9couvrez comment les perles se d\u00e9placent dans le slime. Cette variante \u00ab\u00a0Magasin de bonbons\u00a0\u00bb propose de d\u00e9licieuses couleurs jaunes et des vermicelles de [&hellip;]<\/p>\n","protected":false},"featured_media":0,"comment_status":"closed","ping_status":"closed","template":"","meta":{"_acf_changed":false},"product_brand":[],"product_cat":[127],"product_tag":[],"class_list":{"0":"post-118480","1":"product","2":"type-product","3":"status-publish","5":"product_cat-slime","6":"pa_collecties-shake-a-slime","7":"pa_leeftijd-filter-4-6-ans","8":"pa_meest-populair-bij-garcons-filles","10":"first","11":"instock","12":"shipping-taxable","13":"product-type-simple"},"acf":[],"yoast_head":"<!-- This site is optimized with the Yoast SEO plugin v27.4 - https:\/\/yoast.com\/product\/yoast-seo-wordpress\/ -->\n<title>Shake-a-Slime - Candy shop 200 g - SES Creative<\/title>\n<meta name=\"robots\" content=\"index, follow, max-snippet:-1, max-image-preview:large, max-video-preview:-1\" \/>\n<link rel=\"canonical\" href=\"https:\/\/ses-creative.com\/fr\/produit\/shake-a-slime-candy-shop-200-g-2\/\" \/>\n<meta property=\"og:locale\" content=\"fr_FR\" \/>\n<meta property=\"og:type\" content=\"article\" \/>\n<meta property=\"og:title\" content=\"Shake-a-Slime - Candy shop 200 g - SES Creative\" \/>\n<meta property=\"og:description\" content=\"M\u00e9langez, secouez, slimez Prenez le shaker et m\u00e9langez le slime avec le coffret Shake a Slime de SES Creative ! Avec le shaker et les perles, cr\u00e9ez les meilleures combinaisons de slime. D\u00e9couvrez comment les perles se d\u00e9placent dans le slime. Cette variante \u00ab\u00a0Magasin de bonbons\u00a0\u00bb propose de d\u00e9licieuses couleurs jaunes et des vermicelles de [&hellip;]\" \/>\n<meta property=\"og:url\" content=\"https:\/\/ses-creative.com\/fr\/produit\/shake-a-slime-candy-shop-200-g-2\/\" \/>\n<meta property=\"og:site_name\" content=\"SES Creative\" \/>\n<meta property=\"article:modified_time\" content=\"2026-02-12T10:23:20+00:00\" \/>\n<meta name=\"twitter:card\" content=\"summary_large_image\" \/>\n<meta name=\"twitter:label1\" content=\"Dur\u00e9e de lecture estim\u00e9e\" \/>\n\t<meta name=\"twitter:data1\" content=\"1 minute\" \/>\n<script type=\"application\/ld+json\" class=\"yoast-schema-graph\">{\"@context\":\"https:\\\/\\\/schema.org\",\"@graph\":[{\"@type\":\"WebPage\",\"@id\":\"https:\\\/\\\/ses-creative.com\\\/fr\\\/produit\\\/shake-a-slime-candy-shop-200-g-2\\\/\",\"url\":\"https:\\\/\\\/ses-creative.com\\\/fr\\\/produit\\\/shake-a-slime-candy-shop-200-g-2\\\/\",\"name\":\"Shake-a-Slime - Candy shop 200 g - SES Creative\",\"isPartOf\":{\"@id\":\"https:\\\/\\\/ses-creative.com\\\/#website\"},\"datePublished\":\"2026-02-12T10:09:54+00:00\",\"dateModified\":\"2026-02-12T10:23:20+00:00\",\"breadcrumb\":{\"@id\":\"https:\\\/\\\/ses-creative.com\\\/fr\\\/produit\\\/shake-a-slime-candy-shop-200-g-2\\\/#breadcrumb\"},\"inLanguage\":\"fr-FR\",\"potentialAction\":[{\"@type\":\"ReadAction\",\"target\":[\"https:\\\/\\\/ses-creative.com\\\/fr\\\/produit\\\/shake-a-slime-candy-shop-200-g-2\\\/\"]}]},{\"@type\":\"BreadcrumbList\",\"@id\":\"https:\\\/\\\/ses-creative.com\\\/fr\\\/produit\\\/shake-a-slime-candy-shop-200-g-2\\\/#breadcrumb\",\"itemListElement\":[{\"@type\":\"ListItem\",\"position\":1,\"name\":\"Boutique\",\"item\":\"https:\\\/\\\/ses-creative.com\\\/fr\\\/boutique\\\/\"},{\"@type\":\"ListItem\",\"position\":2,\"name\":\"Slime\",\"item\":\"https:\\\/\\\/ses-creative.com\\\/fr\\\/product-categorie\\\/slime\\\/\"},{\"@type\":\"ListItem\",\"position\":3,\"name\":\"Shake-a-Slime &#8211; Candy shop 200 g\"}]},{\"@type\":\"WebSite\",\"@id\":\"https:\\\/\\\/ses-creative.com\\\/#website\",\"url\":\"https:\\\/\\\/ses-creative.com\\\/\",\"name\":\"SES Creative\",\"description\":\"\",\"publisher\":{\"@id\":\"https:\\\/\\\/ses-creative.com\\\/#organization\"},\"potentialAction\":[{\"@type\":\"SearchAction\",\"target\":{\"@type\":\"EntryPoint\",\"urlTemplate\":\"https:\\\/\\\/ses-creative.com\\\/?s={search_term_string}\"},\"query-input\":{\"@type\":\"PropertyValueSpecification\",\"valueRequired\":true,\"valueName\":\"search_term_string\"}}],\"inLanguage\":\"fr-FR\"},{\"@type\":\"Organization\",\"@id\":\"https:\\\/\\\/ses-creative.com\\\/#organization\",\"name\":\"SES Creative\",\"url\":\"https:\\\/\\\/ses-creative.com\\\/\",\"logo\":{\"@type\":\"ImageObject\",\"inLanguage\":\"fr-FR\",\"@id\":\"https:\\\/\\\/ses-creative.com\\\/#\\\/schema\\\/logo\\\/image\\\/\",\"url\":\"https:\\\/\\\/ses-creative.com\\\/wp-content\\\/uploads\\\/2025\\\/10\\\/ses-creative-logo.jpg\",\"contentUrl\":\"https:\\\/\\\/ses-creative.com\\\/wp-content\\\/uploads\\\/2025\\\/10\\\/ses-creative-logo.jpg\",\"width\":2037,\"height\":2037,\"caption\":\"SES Creative\"},\"image\":{\"@id\":\"https:\\\/\\\/ses-creative.com\\\/#\\\/schema\\\/logo\\\/image\\\/\"}}]}<\/script>\n<!-- \/ Yoast SEO plugin. -->","yoast_head_json":{"title":"Shake-a-Slime - Candy shop 200 g - SES Creative","robots":{"index":"index","follow":"follow","max-snippet":"max-snippet:-1","max-image-preview":"max-image-preview:large","max-video-preview":"max-video-preview:-1"},"canonical":"https:\/\/ses-creative.com\/fr\/produit\/shake-a-slime-candy-shop-200-g-2\/","og_locale":"fr_FR","og_type":"article","og_title":"Shake-a-Slime - Candy shop 200 g - SES Creative","og_description":"M\u00e9langez, secouez, slimez Prenez le shaker et m\u00e9langez le slime avec le coffret Shake a Slime de SES Creative ! Avec le shaker et les perles, cr\u00e9ez les meilleures combinaisons de slime. D\u00e9couvrez comment les perles se d\u00e9placent dans le slime. Cette variante \u00ab\u00a0Magasin de bonbons\u00a0\u00bb propose de d\u00e9licieuses couleurs jaunes et des vermicelles de [&hellip;]","og_url":"https:\/\/ses-creative.com\/fr\/produit\/shake-a-slime-candy-shop-200-g-2\/","og_site_name":"SES Creative","article_modified_time":"2026-02-12T10:23:20+00:00","twitter_card":"summary_large_image","twitter_misc":{"Dur\u00e9e de lecture estim\u00e9e":"1 minute"},"schema":{"@context":"https:\/\/schema.org","@graph":[{"@type":"WebPage","@id":"https:\/\/ses-creative.com\/fr\/produit\/shake-a-slime-candy-shop-200-g-2\/","url":"https:\/\/ses-creative.com\/fr\/produit\/shake-a-slime-candy-shop-200-g-2\/","name":"Shake-a-Slime - Candy shop 200 g - SES Creative","isPartOf":{"@id":"https:\/\/ses-creative.com\/#website"},"datePublished":"2026-02-12T10:09:54+00:00","dateModified":"2026-02-12T10:23:20+00:00","breadcrumb":{"@id":"https:\/\/ses-creative.com\/fr\/produit\/shake-a-slime-candy-shop-200-g-2\/#breadcrumb"},"inLanguage":"fr-FR","potentialAction":[{"@type":"ReadAction","target":["https:\/\/ses-creative.com\/fr\/produit\/shake-a-slime-candy-shop-200-g-2\/"]}]},{"@type":"BreadcrumbList","@id":"https:\/\/ses-creative.com\/fr\/produit\/shake-a-slime-candy-shop-200-g-2\/#breadcrumb","itemListElement":[{"@type":"ListItem","position":1,"name":"Boutique","item":"https:\/\/ses-creative.com\/fr\/boutique\/"},{"@type":"ListItem","position":2,"name":"Slime","item":"https:\/\/ses-creative.com\/fr\/product-categorie\/slime\/"},{"@type":"ListItem","position":3,"name":"Shake-a-Slime &#8211; Candy shop 200 g"}]},{"@type":"WebSite","@id":"https:\/\/ses-creative.com\/#website","url":"https:\/\/ses-creative.com\/","name":"SES Creative","description":"","publisher":{"@id":"https:\/\/ses-creative.com\/#organization"},"potentialAction":[{"@type":"SearchAction","target":{"@type":"EntryPoint","urlTemplate":"https:\/\/ses-creative.com\/?s={search_term_string}"},"query-input":{"@type":"PropertyValueSpecification","valueRequired":true,"valueName":"search_term_string"}}],"inLanguage":"fr-FR"},{"@type":"Organization","@id":"https:\/\/ses-creative.com\/#organization","name":"SES Creative","url":"https:\/\/ses-creative.com\/","logo":{"@type":"ImageObject","inLanguage":"fr-FR","@id":"https:\/\/ses-creative.com\/#\/schema\/logo\/image\/","url":"https:\/\/ses-creative.com\/wp-content\/uploads\/2025\/10\/ses-creative-logo.jpg","contentUrl":"https:\/\/ses-creative.com\/wp-content\/uploads\/2025\/10\/ses-creative-logo.jpg","width":2037,"height":2037,"caption":"SES Creative"},"image":{"@id":"https:\/\/ses-creative.com\/#\/schema\/logo\/image\/"}}]}},"_links":{"self":[{"href":"https:\/\/ses-creative.com\/fr\/wp-json\/wp\/v2\/product\/118480","targetHints":{"allow":["GET"]}}],"collection":[{"href":"https:\/\/ses-creative.com\/fr\/wp-json\/wp\/v2\/product"}],"about":[{"href":"https:\/\/ses-creative.com\/fr\/wp-json\/wp\/v2\/types\/product"}],"replies":[{"embeddable":true,"href":"https:\/\/ses-creative.com\/fr\/wp-json\/wp\/v2\/comments?post=118480"}],"wp:attachment":[{"href":"https:\/\/ses-creative.com\/fr\/wp-json\/wp\/v2\/media?parent=118480"}],"wp:term":[{"taxonomy":"product_brand","embeddable":true,"href":"https:\/\/ses-creative.com\/fr\/wp-json\/wp\/v2\/product_brand?post=118480"},{"taxonomy":"product_cat","embeddable":true,"href":"https:\/\/ses-creative.com\/fr\/wp-json\/wp\/v2\/product_cat?post=118480"},{"taxonomy":"product_tag","embeddable":true,"href":"https:\/\/ses-creative.com\/fr\/wp-json\/wp\/v2\/product_tag?post=118480"}],"curies":[{"name":"wp","href":"https:\/\/api.w.org\/{rel}","templated":true}]}}