











{"id":118475,"date":"2026-02-12T10:09:53","date_gmt":"2026-02-12T10:09:53","guid":{"rendered":"https:\/\/ses-creative.com\/?post_type=product&#038;p=118475"},"modified":"2026-02-12T10:23:19","modified_gmt":"2026-02-12T10:23:19","slug":"shake-a-slime-juicy-studio-2","status":"publish","type":"product","link":"https:\/\/ses-creative.com\/fr\/produit\/shake-a-slime-juicy-studio-2\/","title":{"rendered":"Shake-a-Slime &#8211; Juicy studio"},"content":{"rendered":"<p>M\u00e9langer du slime n&rsquo;a jamais \u00e9t\u00e9 aussi amusant\u00a0: cr\u00e9ez des slimes super cool avec le Shake a slime juicy studio\u00a0!<br \/>\nAvec le studio Shake a Slime de SES Creative, devenez un v\u00e9ritable chef du slime\u00a0! Choisissez vos couleurs de slime pr\u00e9f\u00e9r\u00e9es, prenez les plus belles d\u00e9corations dans les plateaux de tri pratiques et secouez-les dans le shaker super cool\u00a0!<br \/>\nEnvie d&rsquo;une nouvelle combinaison de slime\u00a0? Utilisez le shaker pour tamiser les d\u00e9corations et recommencez. M\u00e9langez, secouez, remixez\u00a0: la recette pour un plaisir sans fin\u00a0!<br \/>\nLes atouts de ce coffret\u00a0:<br \/>\n&#8211; Studio de slime cool avec fonction de rangement pratique et plateaux de tri<br \/>\n&#8211; Shaker pour m\u00e9langer diff\u00e9rents slimes<br \/>\n&#8211; Slime pr\u00eat \u00e0 l&#8217;emploi, s\u00fbr, sans gluten et lavable<br \/>\n&#8211; Pas de colle salissante<br \/>\n&#8211; Plein de d\u00e9corations sensorielles diff\u00e9rentes<br \/>\nPourquoi ce kit est parfait pour vous\u00a0?<br \/>\nAvec le shake a slime juicy studio de SES Creative, vous pouvez cr\u00e9er diff\u00e9rents types de slime avec des d\u00e9corations sensorielles, ce qui stimule la cr\u00e9ativit\u00e9 et le d\u00e9veloppement sensoriel. Le slime est lavable, sans gluten et ne n\u00e9cessite aucune colle pour un plaisir sans danger.<br \/>\nContenu du coffret<br \/>\n&#8211; Studio de slime et Gobelet \u00e0 slime<br \/>\n&#8211; Diff\u00e9rentes couleurs de slime\u00a0: jaune fluo, violet, rose fluo et bleu<br \/>\n&#8211; Diff\u00e9rentes couleurs de perles, de perles et de vermicelles. 5 d\u00e9corations diff\u00e9rentes<br \/>\nPourquoi choisir SES Creative\u00a0?<br \/>\nChez SES Creative, la s\u00e9curit\u00e9 est primordiale. C\u2019est pourquoi les produits sont fabriqu\u00e9s et test\u00e9s dans notre usine aux Pays-Bas, conform\u00e9ment aux normes de s\u00e9curit\u00e9 europ\u00e9ennes les plus strictes. Les jouets SES Creative sont amusants et visent \u00e0 rendre les enfants fiers de leur travail, ce qui stimule la cr\u00e9ativit\u00e9 et le d\u00e9veloppement.<br \/>\nCr\u00e9ez votre propre studio de slime\u00a0!<br \/>\nM\u00e9langez\u00a0! Secouez\u00a0! Cr\u00e9ez du slime\u00a0! R\u00e9alisez vos propres cr\u00e9ations de slime encore et encore et laissez libre cours \u00e0 votre imagination. Le studio \u00e0 slime est l\u2019endroit o\u00f9 d\u00e9corations, couleurs et slime se rencontrent pour une f\u00eate cr\u00e9ative g\u00e9ante\u00a0!<\/p>\n","protected":false},"excerpt":{"rendered":"<p>M\u00e9langer du slime n&rsquo;a jamais \u00e9t\u00e9 aussi amusant\u00a0: cr\u00e9ez des slimes super cool avec le Shake a slime juicy studio\u00a0! Avec le studio Shake a Slime de SES Creative, devenez un v\u00e9ritable chef du slime\u00a0! Choisissez vos couleurs de slime pr\u00e9f\u00e9r\u00e9es, prenez les plus belles d\u00e9corations dans les plateaux de tri pratiques et secouez-les dans [&hellip;]<\/p>\n","protected":false},"featured_media":0,"comment_status":"closed","ping_status":"closed","template":"","meta":{"_acf_changed":false},"product_brand":[],"product_cat":[127],"product_tag":[],"class_list":{"0":"post-118475","1":"product","2":"type-product","3":"status-publish","5":"product_cat-slime","6":"pa_collecties-shake-a-slime","7":"pa_leeftijd-filter-4-6-ans","8":"pa_meest-populair-bij-garcons-filles","10":"first","11":"instock","12":"shipping-taxable","13":"product-type-simple"},"acf":[],"yoast_head":"<!-- This site is optimized with the Yoast SEO plugin v27.4 - https:\/\/yoast.com\/product\/yoast-seo-wordpress\/ -->\n<title>Shake-a-Slime - Juicy studio - SES Creative<\/title>\n<meta name=\"robots\" content=\"index, follow, max-snippet:-1, max-image-preview:large, max-video-preview:-1\" \/>\n<link rel=\"canonical\" href=\"https:\/\/ses-creative.com\/fr\/produit\/shake-a-slime-juicy-studio-2\/\" \/>\n<meta property=\"og:locale\" content=\"fr_FR\" \/>\n<meta property=\"og:type\" content=\"article\" \/>\n<meta property=\"og:title\" content=\"Shake-a-Slime - Juicy studio - SES Creative\" \/>\n<meta property=\"og:description\" content=\"M\u00e9langer du slime n&rsquo;a jamais \u00e9t\u00e9 aussi amusant\u00a0: cr\u00e9ez des slimes super cool avec le Shake a slime juicy studio\u00a0! Avec le studio Shake a Slime de SES Creative, devenez un v\u00e9ritable chef du slime\u00a0! Choisissez vos couleurs de slime pr\u00e9f\u00e9r\u00e9es, prenez les plus belles d\u00e9corations dans les plateaux de tri pratiques et secouez-les dans [&hellip;]\" \/>\n<meta property=\"og:url\" content=\"https:\/\/ses-creative.com\/fr\/produit\/shake-a-slime-juicy-studio-2\/\" \/>\n<meta property=\"og:site_name\" content=\"SES Creative\" \/>\n<meta property=\"article:modified_time\" content=\"2026-02-12T10:23:19+00:00\" \/>\n<meta name=\"twitter:card\" content=\"summary_large_image\" \/>\n<meta name=\"twitter:label1\" content=\"Dur\u00e9e de lecture estim\u00e9e\" \/>\n\t<meta name=\"twitter:data1\" content=\"2 minutes\" \/>\n<script type=\"application\/ld+json\" class=\"yoast-schema-graph\">{\"@context\":\"https:\\\/\\\/schema.org\",\"@graph\":[{\"@type\":\"WebPage\",\"@id\":\"https:\\\/\\\/ses-creative.com\\\/fr\\\/produit\\\/shake-a-slime-juicy-studio-2\\\/\",\"url\":\"https:\\\/\\\/ses-creative.com\\\/fr\\\/produit\\\/shake-a-slime-juicy-studio-2\\\/\",\"name\":\"Shake-a-Slime - Juicy studio - SES Creative\",\"isPartOf\":{\"@id\":\"https:\\\/\\\/ses-creative.com\\\/#website\"},\"datePublished\":\"2026-02-12T10:09:53+00:00\",\"dateModified\":\"2026-02-12T10:23:19+00:00\",\"breadcrumb\":{\"@id\":\"https:\\\/\\\/ses-creative.com\\\/fr\\\/produit\\\/shake-a-slime-juicy-studio-2\\\/#breadcrumb\"},\"inLanguage\":\"fr-FR\",\"potentialAction\":[{\"@type\":\"ReadAction\",\"target\":[\"https:\\\/\\\/ses-creative.com\\\/fr\\\/produit\\\/shake-a-slime-juicy-studio-2\\\/\"]}]},{\"@type\":\"BreadcrumbList\",\"@id\":\"https:\\\/\\\/ses-creative.com\\\/fr\\\/produit\\\/shake-a-slime-juicy-studio-2\\\/#breadcrumb\",\"itemListElement\":[{\"@type\":\"ListItem\",\"position\":1,\"name\":\"Boutique\",\"item\":\"https:\\\/\\\/ses-creative.com\\\/fr\\\/boutique\\\/\"},{\"@type\":\"ListItem\",\"position\":2,\"name\":\"Slime\",\"item\":\"https:\\\/\\\/ses-creative.com\\\/fr\\\/product-categorie\\\/slime\\\/\"},{\"@type\":\"ListItem\",\"position\":3,\"name\":\"Shake-a-Slime &#8211; Juicy studio\"}]},{\"@type\":\"WebSite\",\"@id\":\"https:\\\/\\\/ses-creative.com\\\/#website\",\"url\":\"https:\\\/\\\/ses-creative.com\\\/\",\"name\":\"SES Creative\",\"description\":\"\",\"publisher\":{\"@id\":\"https:\\\/\\\/ses-creative.com\\\/#organization\"},\"potentialAction\":[{\"@type\":\"SearchAction\",\"target\":{\"@type\":\"EntryPoint\",\"urlTemplate\":\"https:\\\/\\\/ses-creative.com\\\/?s={search_term_string}\"},\"query-input\":{\"@type\":\"PropertyValueSpecification\",\"valueRequired\":true,\"valueName\":\"search_term_string\"}}],\"inLanguage\":\"fr-FR\"},{\"@type\":\"Organization\",\"@id\":\"https:\\\/\\\/ses-creative.com\\\/#organization\",\"name\":\"SES Creative\",\"url\":\"https:\\\/\\\/ses-creative.com\\\/\",\"logo\":{\"@type\":\"ImageObject\",\"inLanguage\":\"fr-FR\",\"@id\":\"https:\\\/\\\/ses-creative.com\\\/#\\\/schema\\\/logo\\\/image\\\/\",\"url\":\"https:\\\/\\\/ses-creative.com\\\/wp-content\\\/uploads\\\/2025\\\/10\\\/ses-creative-logo.jpg\",\"contentUrl\":\"https:\\\/\\\/ses-creative.com\\\/wp-content\\\/uploads\\\/2025\\\/10\\\/ses-creative-logo.jpg\",\"width\":2037,\"height\":2037,\"caption\":\"SES Creative\"},\"image\":{\"@id\":\"https:\\\/\\\/ses-creative.com\\\/#\\\/schema\\\/logo\\\/image\\\/\"}}]}<\/script>\n<!-- \/ Yoast SEO plugin. -->","yoast_head_json":{"title":"Shake-a-Slime - Juicy studio - SES Creative","robots":{"index":"index","follow":"follow","max-snippet":"max-snippet:-1","max-image-preview":"max-image-preview:large","max-video-preview":"max-video-preview:-1"},"canonical":"https:\/\/ses-creative.com\/fr\/produit\/shake-a-slime-juicy-studio-2\/","og_locale":"fr_FR","og_type":"article","og_title":"Shake-a-Slime - Juicy studio - SES Creative","og_description":"M\u00e9langer du slime n&rsquo;a jamais \u00e9t\u00e9 aussi amusant\u00a0: cr\u00e9ez des slimes super cool avec le Shake a slime juicy studio\u00a0! Avec le studio Shake a Slime de SES Creative, devenez un v\u00e9ritable chef du slime\u00a0! Choisissez vos couleurs de slime pr\u00e9f\u00e9r\u00e9es, prenez les plus belles d\u00e9corations dans les plateaux de tri pratiques et secouez-les dans [&hellip;]","og_url":"https:\/\/ses-creative.com\/fr\/produit\/shake-a-slime-juicy-studio-2\/","og_site_name":"SES Creative","article_modified_time":"2026-02-12T10:23:19+00:00","twitter_card":"summary_large_image","twitter_misc":{"Dur\u00e9e de lecture estim\u00e9e":"2 minutes"},"schema":{"@context":"https:\/\/schema.org","@graph":[{"@type":"WebPage","@id":"https:\/\/ses-creative.com\/fr\/produit\/shake-a-slime-juicy-studio-2\/","url":"https:\/\/ses-creative.com\/fr\/produit\/shake-a-slime-juicy-studio-2\/","name":"Shake-a-Slime - Juicy studio - SES Creative","isPartOf":{"@id":"https:\/\/ses-creative.com\/#website"},"datePublished":"2026-02-12T10:09:53+00:00","dateModified":"2026-02-12T10:23:19+00:00","breadcrumb":{"@id":"https:\/\/ses-creative.com\/fr\/produit\/shake-a-slime-juicy-studio-2\/#breadcrumb"},"inLanguage":"fr-FR","potentialAction":[{"@type":"ReadAction","target":["https:\/\/ses-creative.com\/fr\/produit\/shake-a-slime-juicy-studio-2\/"]}]},{"@type":"BreadcrumbList","@id":"https:\/\/ses-creative.com\/fr\/produit\/shake-a-slime-juicy-studio-2\/#breadcrumb","itemListElement":[{"@type":"ListItem","position":1,"name":"Boutique","item":"https:\/\/ses-creative.com\/fr\/boutique\/"},{"@type":"ListItem","position":2,"name":"Slime","item":"https:\/\/ses-creative.com\/fr\/product-categorie\/slime\/"},{"@type":"ListItem","position":3,"name":"Shake-a-Slime &#8211; Juicy studio"}]},{"@type":"WebSite","@id":"https:\/\/ses-creative.com\/#website","url":"https:\/\/ses-creative.com\/","name":"SES Creative","description":"","publisher":{"@id":"https:\/\/ses-creative.com\/#organization"},"potentialAction":[{"@type":"SearchAction","target":{"@type":"EntryPoint","urlTemplate":"https:\/\/ses-creative.com\/?s={search_term_string}"},"query-input":{"@type":"PropertyValueSpecification","valueRequired":true,"valueName":"search_term_string"}}],"inLanguage":"fr-FR"},{"@type":"Organization","@id":"https:\/\/ses-creative.com\/#organization","name":"SES Creative","url":"https:\/\/ses-creative.com\/","logo":{"@type":"ImageObject","inLanguage":"fr-FR","@id":"https:\/\/ses-creative.com\/#\/schema\/logo\/image\/","url":"https:\/\/ses-creative.com\/wp-content\/uploads\/2025\/10\/ses-creative-logo.jpg","contentUrl":"https:\/\/ses-creative.com\/wp-content\/uploads\/2025\/10\/ses-creative-logo.jpg","width":2037,"height":2037,"caption":"SES Creative"},"image":{"@id":"https:\/\/ses-creative.com\/#\/schema\/logo\/image\/"}}]}},"_links":{"self":[{"href":"https:\/\/ses-creative.com\/fr\/wp-json\/wp\/v2\/product\/118475","targetHints":{"allow":["GET"]}}],"collection":[{"href":"https:\/\/ses-creative.com\/fr\/wp-json\/wp\/v2\/product"}],"about":[{"href":"https:\/\/ses-creative.com\/fr\/wp-json\/wp\/v2\/types\/product"}],"replies":[{"embeddable":true,"href":"https:\/\/ses-creative.com\/fr\/wp-json\/wp\/v2\/comments?post=118475"}],"wp:attachment":[{"href":"https:\/\/ses-creative.com\/fr\/wp-json\/wp\/v2\/media?parent=118475"}],"wp:term":[{"taxonomy":"product_brand","embeddable":true,"href":"https:\/\/ses-creative.com\/fr\/wp-json\/wp\/v2\/product_brand?post=118475"},{"taxonomy":"product_cat","embeddable":true,"href":"https:\/\/ses-creative.com\/fr\/wp-json\/wp\/v2\/product_cat?post=118475"},{"taxonomy":"product_tag","embeddable":true,"href":"https:\/\/ses-creative.com\/fr\/wp-json\/wp\/v2\/product_tag?post=118475"}],"curies":[{"name":"wp","href":"https:\/\/api.w.org\/{rel}","templated":true}]}}