











{"id":118474,"date":"2026-02-12T10:09:53","date_gmt":"2026-02-12T10:09:53","guid":{"rendered":"https:\/\/ses-creative.com\/?post_type=product&#038;p=118474"},"modified":"2026-02-12T10:23:19","modified_gmt":"2026-02-12T10:23:19","slug":"slime-paillettes-violettes-140-g","status":"publish","type":"product","link":"https:\/\/ses-creative.com\/fr\/produit\/slime-paillettes-violettes-140-g\/","title":{"rendered":"Slime &#8211; Paillettes violettes 140 g"},"content":{"rendered":"<p>Amusez-vous avec le slime violet paillet\u00e9<br \/>\nD\u00e9couvrez le plaisir scintillant du Slime &#8211; paillet\u00e9 violet ! Ce pot de 140 grammes est rempli de slime violet paillet\u00e9, parfait pour les enfants et les amateurs de slime. Gr\u00e2ce \u00e0 ses paillettes envo\u00fbtantes et \u00e0 sa texture extensible, ce slime offre des possibilit\u00e9s infinies de jeu et de cr\u00e9ativit\u00e9.<br \/>\nCe qui rend ce set g\u00e9nial<br \/>\n&#8211;    Couleur violette joyeuse et ludique avec des paillettes, parfaite pour agrandir votre collection de slime<br \/>\n&#8211;    Le slime de SES Creative est s\u00fbr, fabriqu\u00e9 et test\u00e9 aux Pays-Bas<br \/>\n&#8211;    Le slime est sans gluten et facile \u00e0 laver<br \/>\n&#8211;    Jouer et toucher avec vos mains procure une exp\u00e9rience sensorielle et tactile positive<br \/>\n&#8211; D\u00e9couvrez le plaisir du slime avec le slime de SES Creative<br \/>\nUn plaisir de jeu sans fin avec le slime<br \/>\nAvec sa couleur violette vive et ses paillettes scintillantes, ce slime apporte de la magie \u00e0 chaque aventure cr\u00e9ative. Que vous le pressiez, l&rsquo;\u00e9tiriez ou le modeliez, ce slime paillet\u00e9 est aussi amusant \u00e0 jouer qu&rsquo;agr\u00e9able \u00e0 regarder. Id\u00e9al pour ajouter de l&rsquo;\u00e9clat et de la joie \u00e0 toute activit\u00e9 cr\u00e9ative.<br \/>\nContenu du kit<br \/>\n&#8211;    Slime violet paillet\u00e9 en pot de 140 grammes<br \/>\nPourquoi choisir SES Creative ?<br \/>\nChez SES Creative, nous accordons une grande importance \u00e0 la s\u00e9curit\u00e9. C&rsquo;est pourquoi nos produits sont fabriqu\u00e9s et test\u00e9s dans notre usine aux Pays-Bas, conform\u00e9ment aux normes de s\u00e9curit\u00e9 europ\u00e9ennes les plus strictes. Les jouets SES Creative sont source de plaisir et permettent aux enfants d&rsquo;\u00eatre fiers de leur travail, ce qui stimule leur cr\u00e9ativit\u00e9 et leur d\u00e9veloppement.<br \/>\nRamenez le slime violet paillet\u00e9 \u00e0 la maison<br \/>\nPlongez votre enfant dans un monde de cr\u00e9ativit\u00e9 \u00e9tincelante. De la cr\u00e9ation de designs uniques \u00e0 la texture scintillante, ce slime est un succ\u00e8s garanti pour tous ceux qui aiment les jeux brillants et mall\u00e9ables !<\/p>\n","protected":false},"excerpt":{"rendered":"<p>Amusez-vous avec le slime violet paillet\u00e9 D\u00e9couvrez le plaisir scintillant du Slime &#8211; paillet\u00e9 violet ! Ce pot de 140 grammes est rempli de slime violet paillet\u00e9, parfait pour les enfants et les amateurs de slime. Gr\u00e2ce \u00e0 ses paillettes envo\u00fbtantes et \u00e0 sa texture extensible, ce slime offre des possibilit\u00e9s infinies de jeu et [&hellip;]<\/p>\n","protected":false},"featured_media":105516,"comment_status":"closed","ping_status":"closed","template":"","meta":{"_acf_changed":false},"product_brand":[],"product_cat":[127],"product_tag":[],"class_list":{"0":"post-118474","1":"product","2":"type-product","3":"status-publish","4":"has-post-thumbnail","6":"product_cat-slime","7":"pa_leeftijd-filter-3-4-ans","8":"pa_meest-populair-bij-garcons-filles","10":"first","11":"instock","12":"shipping-taxable","13":"product-type-simple"},"acf":[],"yoast_head":"<!-- This site is optimized with the Yoast SEO plugin v27.4 - https:\/\/yoast.com\/product\/yoast-seo-wordpress\/ -->\n<title>Slime - Paillettes violettes 140 g - SES Creative<\/title>\n<meta name=\"robots\" content=\"index, follow, max-snippet:-1, max-image-preview:large, max-video-preview:-1\" \/>\n<link rel=\"canonical\" href=\"https:\/\/ses-creative.com\/fr\/produit\/slime-paillettes-violettes-140-g\/\" \/>\n<meta property=\"og:locale\" content=\"fr_FR\" \/>\n<meta property=\"og:type\" content=\"article\" \/>\n<meta property=\"og:title\" content=\"Slime - Paillettes violettes 140 g - SES Creative\" \/>\n<meta property=\"og:description\" content=\"Amusez-vous avec le slime violet paillet\u00e9 D\u00e9couvrez le plaisir scintillant du Slime &#8211; paillet\u00e9 violet ! Ce pot de 140 grammes est rempli de slime violet paillet\u00e9, parfait pour les enfants et les amateurs de slime. Gr\u00e2ce \u00e0 ses paillettes envo\u00fbtantes et \u00e0 sa texture extensible, ce slime offre des possibilit\u00e9s infinies de jeu et [&hellip;]\" \/>\n<meta property=\"og:url\" content=\"https:\/\/ses-creative.com\/fr\/produit\/slime-paillettes-violettes-140-g\/\" \/>\n<meta property=\"og:site_name\" content=\"SES Creative\" \/>\n<meta property=\"article:modified_time\" content=\"2026-02-12T10:23:19+00:00\" \/>\n<meta name=\"twitter:card\" content=\"summary_large_image\" \/>\n<meta name=\"twitter:label1\" content=\"Dur\u00e9e de lecture estim\u00e9e\" \/>\n\t<meta name=\"twitter:data1\" content=\"2 minutes\" \/>\n<script type=\"application\/ld+json\" class=\"yoast-schema-graph\">{\"@context\":\"https:\\\/\\\/schema.org\",\"@graph\":[{\"@type\":\"WebPage\",\"@id\":\"https:\\\/\\\/ses-creative.com\\\/fr\\\/produit\\\/slime-paillettes-violettes-140-g\\\/\",\"url\":\"https:\\\/\\\/ses-creative.com\\\/fr\\\/produit\\\/slime-paillettes-violettes-140-g\\\/\",\"name\":\"Slime - Paillettes violettes 140 g - SES Creative\",\"isPartOf\":{\"@id\":\"https:\\\/\\\/ses-creative.com\\\/#website\"},\"primaryImageOfPage\":{\"@id\":\"https:\\\/\\\/ses-creative.com\\\/fr\\\/produit\\\/slime-paillettes-violettes-140-g\\\/#primaryimage\"},\"image\":{\"@id\":\"https:\\\/\\\/ses-creative.com\\\/fr\\\/produit\\\/slime-paillettes-violettes-140-g\\\/#primaryimage\"},\"thumbnailUrl\":\"https:\\\/\\\/ses-creative.com\\\/wp-content\\\/uploads\\\/2026\\\/01\\\/150441.jpg\",\"datePublished\":\"2026-02-12T10:09:53+00:00\",\"dateModified\":\"2026-02-12T10:23:19+00:00\",\"breadcrumb\":{\"@id\":\"https:\\\/\\\/ses-creative.com\\\/fr\\\/produit\\\/slime-paillettes-violettes-140-g\\\/#breadcrumb\"},\"inLanguage\":\"fr-FR\",\"potentialAction\":[{\"@type\":\"ReadAction\",\"target\":[\"https:\\\/\\\/ses-creative.com\\\/fr\\\/produit\\\/slime-paillettes-violettes-140-g\\\/\"]}]},{\"@type\":\"ImageObject\",\"inLanguage\":\"fr-FR\",\"@id\":\"https:\\\/\\\/ses-creative.com\\\/fr\\\/produit\\\/slime-paillettes-violettes-140-g\\\/#primaryimage\",\"url\":\"https:\\\/\\\/ses-creative.com\\\/wp-content\\\/uploads\\\/2026\\\/01\\\/150441.jpg\",\"contentUrl\":\"https:\\\/\\\/ses-creative.com\\\/wp-content\\\/uploads\\\/2026\\\/01\\\/150441.jpg\",\"width\":652,\"height\":529},{\"@type\":\"BreadcrumbList\",\"@id\":\"https:\\\/\\\/ses-creative.com\\\/fr\\\/produit\\\/slime-paillettes-violettes-140-g\\\/#breadcrumb\",\"itemListElement\":[{\"@type\":\"ListItem\",\"position\":1,\"name\":\"Boutique\",\"item\":\"https:\\\/\\\/ses-creative.com\\\/fr\\\/boutique\\\/\"},{\"@type\":\"ListItem\",\"position\":2,\"name\":\"Slime\",\"item\":\"https:\\\/\\\/ses-creative.com\\\/fr\\\/product-categorie\\\/slime\\\/\"},{\"@type\":\"ListItem\",\"position\":3,\"name\":\"Slime &#8211; Paillettes violettes 140 g\"}]},{\"@type\":\"WebSite\",\"@id\":\"https:\\\/\\\/ses-creative.com\\\/#website\",\"url\":\"https:\\\/\\\/ses-creative.com\\\/\",\"name\":\"SES Creative\",\"description\":\"\",\"publisher\":{\"@id\":\"https:\\\/\\\/ses-creative.com\\\/#organization\"},\"potentialAction\":[{\"@type\":\"SearchAction\",\"target\":{\"@type\":\"EntryPoint\",\"urlTemplate\":\"https:\\\/\\\/ses-creative.com\\\/?s={search_term_string}\"},\"query-input\":{\"@type\":\"PropertyValueSpecification\",\"valueRequired\":true,\"valueName\":\"search_term_string\"}}],\"inLanguage\":\"fr-FR\"},{\"@type\":\"Organization\",\"@id\":\"https:\\\/\\\/ses-creative.com\\\/#organization\",\"name\":\"SES Creative\",\"url\":\"https:\\\/\\\/ses-creative.com\\\/\",\"logo\":{\"@type\":\"ImageObject\",\"inLanguage\":\"fr-FR\",\"@id\":\"https:\\\/\\\/ses-creative.com\\\/#\\\/schema\\\/logo\\\/image\\\/\",\"url\":\"https:\\\/\\\/ses-creative.com\\\/wp-content\\\/uploads\\\/2025\\\/10\\\/ses-creative-logo.jpg\",\"contentUrl\":\"https:\\\/\\\/ses-creative.com\\\/wp-content\\\/uploads\\\/2025\\\/10\\\/ses-creative-logo.jpg\",\"width\":2037,\"height\":2037,\"caption\":\"SES Creative\"},\"image\":{\"@id\":\"https:\\\/\\\/ses-creative.com\\\/#\\\/schema\\\/logo\\\/image\\\/\"}}]}<\/script>\n<!-- \/ Yoast SEO plugin. -->","yoast_head_json":{"title":"Slime - Paillettes violettes 140 g - SES Creative","robots":{"index":"index","follow":"follow","max-snippet":"max-snippet:-1","max-image-preview":"max-image-preview:large","max-video-preview":"max-video-preview:-1"},"canonical":"https:\/\/ses-creative.com\/fr\/produit\/slime-paillettes-violettes-140-g\/","og_locale":"fr_FR","og_type":"article","og_title":"Slime - Paillettes violettes 140 g - SES Creative","og_description":"Amusez-vous avec le slime violet paillet\u00e9 D\u00e9couvrez le plaisir scintillant du Slime &#8211; paillet\u00e9 violet ! Ce pot de 140 grammes est rempli de slime violet paillet\u00e9, parfait pour les enfants et les amateurs de slime. Gr\u00e2ce \u00e0 ses paillettes envo\u00fbtantes et \u00e0 sa texture extensible, ce slime offre des possibilit\u00e9s infinies de jeu et [&hellip;]","og_url":"https:\/\/ses-creative.com\/fr\/produit\/slime-paillettes-violettes-140-g\/","og_site_name":"SES Creative","article_modified_time":"2026-02-12T10:23:19+00:00","twitter_card":"summary_large_image","twitter_misc":{"Dur\u00e9e de lecture estim\u00e9e":"2 minutes"},"schema":{"@context":"https:\/\/schema.org","@graph":[{"@type":"WebPage","@id":"https:\/\/ses-creative.com\/fr\/produit\/slime-paillettes-violettes-140-g\/","url":"https:\/\/ses-creative.com\/fr\/produit\/slime-paillettes-violettes-140-g\/","name":"Slime - Paillettes violettes 140 g - SES Creative","isPartOf":{"@id":"https:\/\/ses-creative.com\/#website"},"primaryImageOfPage":{"@id":"https:\/\/ses-creative.com\/fr\/produit\/slime-paillettes-violettes-140-g\/#primaryimage"},"image":{"@id":"https:\/\/ses-creative.com\/fr\/produit\/slime-paillettes-violettes-140-g\/#primaryimage"},"thumbnailUrl":"https:\/\/ses-creative.com\/wp-content\/uploads\/2026\/01\/150441.jpg","datePublished":"2026-02-12T10:09:53+00:00","dateModified":"2026-02-12T10:23:19+00:00","breadcrumb":{"@id":"https:\/\/ses-creative.com\/fr\/produit\/slime-paillettes-violettes-140-g\/#breadcrumb"},"inLanguage":"fr-FR","potentialAction":[{"@type":"ReadAction","target":["https:\/\/ses-creative.com\/fr\/produit\/slime-paillettes-violettes-140-g\/"]}]},{"@type":"ImageObject","inLanguage":"fr-FR","@id":"https:\/\/ses-creative.com\/fr\/produit\/slime-paillettes-violettes-140-g\/#primaryimage","url":"https:\/\/ses-creative.com\/wp-content\/uploads\/2026\/01\/150441.jpg","contentUrl":"https:\/\/ses-creative.com\/wp-content\/uploads\/2026\/01\/150441.jpg","width":652,"height":529},{"@type":"BreadcrumbList","@id":"https:\/\/ses-creative.com\/fr\/produit\/slime-paillettes-violettes-140-g\/#breadcrumb","itemListElement":[{"@type":"ListItem","position":1,"name":"Boutique","item":"https:\/\/ses-creative.com\/fr\/boutique\/"},{"@type":"ListItem","position":2,"name":"Slime","item":"https:\/\/ses-creative.com\/fr\/product-categorie\/slime\/"},{"@type":"ListItem","position":3,"name":"Slime &#8211; Paillettes violettes 140 g"}]},{"@type":"WebSite","@id":"https:\/\/ses-creative.com\/#website","url":"https:\/\/ses-creative.com\/","name":"SES Creative","description":"","publisher":{"@id":"https:\/\/ses-creative.com\/#organization"},"potentialAction":[{"@type":"SearchAction","target":{"@type":"EntryPoint","urlTemplate":"https:\/\/ses-creative.com\/?s={search_term_string}"},"query-input":{"@type":"PropertyValueSpecification","valueRequired":true,"valueName":"search_term_string"}}],"inLanguage":"fr-FR"},{"@type":"Organization","@id":"https:\/\/ses-creative.com\/#organization","name":"SES Creative","url":"https:\/\/ses-creative.com\/","logo":{"@type":"ImageObject","inLanguage":"fr-FR","@id":"https:\/\/ses-creative.com\/#\/schema\/logo\/image\/","url":"https:\/\/ses-creative.com\/wp-content\/uploads\/2025\/10\/ses-creative-logo.jpg","contentUrl":"https:\/\/ses-creative.com\/wp-content\/uploads\/2025\/10\/ses-creative-logo.jpg","width":2037,"height":2037,"caption":"SES Creative"},"image":{"@id":"https:\/\/ses-creative.com\/#\/schema\/logo\/image\/"}}]}},"_links":{"self":[{"href":"https:\/\/ses-creative.com\/fr\/wp-json\/wp\/v2\/product\/118474","targetHints":{"allow":["GET"]}}],"collection":[{"href":"https:\/\/ses-creative.com\/fr\/wp-json\/wp\/v2\/product"}],"about":[{"href":"https:\/\/ses-creative.com\/fr\/wp-json\/wp\/v2\/types\/product"}],"replies":[{"embeddable":true,"href":"https:\/\/ses-creative.com\/fr\/wp-json\/wp\/v2\/comments?post=118474"}],"wp:featuredmedia":[{"embeddable":true,"href":"https:\/\/ses-creative.com\/fr\/wp-json\/wp\/v2\/media\/105516"}],"wp:attachment":[{"href":"https:\/\/ses-creative.com\/fr\/wp-json\/wp\/v2\/media?parent=118474"}],"wp:term":[{"taxonomy":"product_brand","embeddable":true,"href":"https:\/\/ses-creative.com\/fr\/wp-json\/wp\/v2\/product_brand?post=118474"},{"taxonomy":"product_cat","embeddable":true,"href":"https:\/\/ses-creative.com\/fr\/wp-json\/wp\/v2\/product_cat?post=118474"},{"taxonomy":"product_tag","embeddable":true,"href":"https:\/\/ses-creative.com\/fr\/wp-json\/wp\/v2\/product_tag?post=118474"}],"curies":[{"name":"wp","href":"https:\/\/api.w.org\/{rel}","templated":true}]}}