











{"id":118466,"date":"2026-02-12T10:09:52","date_gmt":"2026-02-12T10:09:52","guid":{"rendered":"https:\/\/ses-creative.com\/?post_type=product&#038;p=118466"},"modified":"2026-02-12T10:23:18","modified_gmt":"2026-02-12T10:23:18","slug":"slime-marbre-pack-duo-400-g","status":"publish","type":"product","link":"https:\/\/ses-creative.com\/fr\/produit\/slime-marbre-pack-duo-400-g\/","title":{"rendered":"Slime marbr\u00e9 &#8211; Pack duo 400\u00a0g"},"content":{"rendered":"<p>Marble Slime &#8211; Duo pack : double plaisir !<br \/>\nAvec le Marble Slime &#8211; Duo pack de SES Creative, vous obtenez pas moins de 400 grammes de slime pr\u00eat \u00e0 l&#8217;emploi dans les couleurs bleu, rose et violet. Ce slime est d\u00e9licieusement doux, mall\u00e9able et procure deux fois plus de plaisir ! Les couleurs peuvent \u00eatre m\u00e9lang\u00e9es pour obtenir un magnifique effet marbr\u00e9. Parfait pour les enfants qui aiment les jeux sensoriels et les exp\u00e9riences.<br \/>\nCe qui rend ce set g\u00e9nial<br \/>\n&#8211;    Commencez \u00e0 jouer imm\u00e9diatement avec la p\u00e2te \u00e0 modeler pr\u00eate \u00e0 l&#8217;emploi<br \/>\n&#8211;    Deux pots de slime marbr\u00e9 pour encore plus de plaisir. M\u00e9langez et jouez avec les diff\u00e9rentes couleurs<br \/>\n&#8211;    Jouez avec vos mains. D\u00e9veloppe les capacit\u00e9s motrices<br \/>\n&#8211;    Le slime est sans danger, sans gluten et facilement lavable<br \/>\n&#8211;    Parfait pour les enfants \u00e0 partir de 3 ans<br \/>\nSlime ultra-doux et color\u00e9<br \/>\nLe kit Marble Slime offre un plaisir sans fin sans avoir \u00e0 fabriquer soi-m\u00eame le slime. Ce slime pr\u00eat \u00e0 l&#8217;emploi est non seulement facile \u00e0 utiliser, mais il offre \u00e9galement une exp\u00e9rience sensorielle incroyable. En m\u00e9langeant les diff\u00e9rentes couleurs, on obtient un motif marbr\u00e9 unique qui fascine les enfants. Le slime est doux, extensible et parfait pour \u00eatre malax\u00e9 et jou\u00e9.<br \/>\nContenu du kit<br \/>\n&#8211;    Slime marbr\u00e9 bleu et rose (200 grammes)<br \/>\n&#8211;    Slime marbr\u00e9 violet et vert (200 grammes)<br \/>\nPourquoi choisir SES Creative ?<br \/>\nChez SES Creative, nous accordons une grande importance \u00e0 la s\u00e9curit\u00e9. C&rsquo;est pourquoi nos produits sont fabriqu\u00e9s et test\u00e9s dans notre usine aux Pays-Bas, conform\u00e9ment aux normes de s\u00e9curit\u00e9 europ\u00e9ennes les plus strictes. Les jouets SES Creative sont source de plaisir et permettent aux enfants d&rsquo;\u00eatre fiers de leur travail, ce qui stimule leur cr\u00e9ativit\u00e9 et leur d\u00e9veloppement.<br \/>\nPr\u00eat pour des aventures avec la p\u00e2te \u00e0 modeler ?<br \/>\nProcurez-vous le Marble Slime &#8211; Duo de SES Creative et d\u00e9couvrez \u00e0 quel point il est amusant de jouer avec du slime. M\u00e9langez, p\u00e9trissez et profitez d&rsquo;un apr\u00e8s-midi plein de plaisir avec le slime. Qu&rsquo;attendez-vous ? Commencez d\u00e8s aujourd&rsquo;hui vos aventures avec le slime !<\/p>\n","protected":false},"excerpt":{"rendered":"<p>Marble Slime &#8211; Duo pack : double plaisir ! Avec le Marble Slime &#8211; Duo pack de SES Creative, vous obtenez pas moins de 400 grammes de slime pr\u00eat \u00e0 l&#8217;emploi dans les couleurs bleu, rose et violet. Ce slime est d\u00e9licieusement doux, mall\u00e9able et procure deux fois plus de plaisir ! Les couleurs peuvent [&hellip;]<\/p>\n","protected":false},"featured_media":107573,"comment_status":"closed","ping_status":"closed","template":"","meta":{"_acf_changed":false},"product_brand":[],"product_cat":[127],"product_tag":[],"class_list":{"0":"post-118466","1":"product","2":"type-product","3":"status-publish","4":"has-post-thumbnail","6":"product_cat-slime","7":"pa_leeftijd-filter-3-4-ans","8":"pa_meest-populair-bij-garcons-filles","10":"first","11":"instock","12":"shipping-taxable","13":"product-type-simple"},"acf":[],"yoast_head":"<!-- This site is optimized with the Yoast SEO plugin v27.4 - https:\/\/yoast.com\/product\/yoast-seo-wordpress\/ -->\n<title>Slime marbr\u00e9 - Pack duo 400\u00a0g - SES Creative<\/title>\n<meta name=\"robots\" content=\"index, follow, max-snippet:-1, max-image-preview:large, max-video-preview:-1\" \/>\n<link rel=\"canonical\" href=\"https:\/\/ses-creative.com\/fr\/produit\/slime-marbre-pack-duo-400-g\/\" \/>\n<meta property=\"og:locale\" content=\"fr_FR\" \/>\n<meta property=\"og:type\" content=\"article\" \/>\n<meta property=\"og:title\" content=\"Slime marbr\u00e9 - Pack duo 400\u00a0g - SES Creative\" \/>\n<meta property=\"og:description\" content=\"Marble Slime &#8211; Duo pack : double plaisir ! Avec le Marble Slime &#8211; Duo pack de SES Creative, vous obtenez pas moins de 400 grammes de slime pr\u00eat \u00e0 l&#8217;emploi dans les couleurs bleu, rose et violet. Ce slime est d\u00e9licieusement doux, mall\u00e9able et procure deux fois plus de plaisir ! Les couleurs peuvent [&hellip;]\" \/>\n<meta property=\"og:url\" content=\"https:\/\/ses-creative.com\/fr\/produit\/slime-marbre-pack-duo-400-g\/\" \/>\n<meta property=\"og:site_name\" content=\"SES Creative\" \/>\n<meta property=\"article:modified_time\" content=\"2026-02-12T10:23:18+00:00\" \/>\n<meta name=\"twitter:card\" content=\"summary_large_image\" \/>\n<meta name=\"twitter:label1\" content=\"Dur\u00e9e de lecture estim\u00e9e\" \/>\n\t<meta name=\"twitter:data1\" content=\"2 minutes\" \/>\n<script type=\"application\/ld+json\" class=\"yoast-schema-graph\">{\"@context\":\"https:\\\/\\\/schema.org\",\"@graph\":[{\"@type\":\"WebPage\",\"@id\":\"https:\\\/\\\/ses-creative.com\\\/fr\\\/produit\\\/slime-marbre-pack-duo-400-g\\\/\",\"url\":\"https:\\\/\\\/ses-creative.com\\\/fr\\\/produit\\\/slime-marbre-pack-duo-400-g\\\/\",\"name\":\"Slime marbr\u00e9 - Pack duo 400\u00a0g - SES Creative\",\"isPartOf\":{\"@id\":\"https:\\\/\\\/ses-creative.com\\\/#website\"},\"primaryImageOfPage\":{\"@id\":\"https:\\\/\\\/ses-creative.com\\\/fr\\\/produit\\\/slime-marbre-pack-duo-400-g\\\/#primaryimage\"},\"image\":{\"@id\":\"https:\\\/\\\/ses-creative.com\\\/fr\\\/produit\\\/slime-marbre-pack-duo-400-g\\\/#primaryimage\"},\"thumbnailUrl\":\"https:\\\/\\\/ses-creative.com\\\/wp-content\\\/uploads\\\/2026\\\/01\\\/150251-1.jpg\",\"datePublished\":\"2026-02-12T10:09:52+00:00\",\"dateModified\":\"2026-02-12T10:23:18+00:00\",\"breadcrumb\":{\"@id\":\"https:\\\/\\\/ses-creative.com\\\/fr\\\/produit\\\/slime-marbre-pack-duo-400-g\\\/#breadcrumb\"},\"inLanguage\":\"fr-FR\",\"potentialAction\":[{\"@type\":\"ReadAction\",\"target\":[\"https:\\\/\\\/ses-creative.com\\\/fr\\\/produit\\\/slime-marbre-pack-duo-400-g\\\/\"]}]},{\"@type\":\"ImageObject\",\"inLanguage\":\"fr-FR\",\"@id\":\"https:\\\/\\\/ses-creative.com\\\/fr\\\/produit\\\/slime-marbre-pack-duo-400-g\\\/#primaryimage\",\"url\":\"https:\\\/\\\/ses-creative.com\\\/wp-content\\\/uploads\\\/2026\\\/01\\\/150251-1.jpg\",\"contentUrl\":\"https:\\\/\\\/ses-creative.com\\\/wp-content\\\/uploads\\\/2026\\\/01\\\/150251-1.jpg\",\"width\":1000,\"height\":1000},{\"@type\":\"BreadcrumbList\",\"@id\":\"https:\\\/\\\/ses-creative.com\\\/fr\\\/produit\\\/slime-marbre-pack-duo-400-g\\\/#breadcrumb\",\"itemListElement\":[{\"@type\":\"ListItem\",\"position\":1,\"name\":\"Boutique\",\"item\":\"https:\\\/\\\/ses-creative.com\\\/fr\\\/boutique\\\/\"},{\"@type\":\"ListItem\",\"position\":2,\"name\":\"Slime\",\"item\":\"https:\\\/\\\/ses-creative.com\\\/fr\\\/product-categorie\\\/slime\\\/\"},{\"@type\":\"ListItem\",\"position\":3,\"name\":\"Slime marbr\u00e9 &#8211; Pack duo 400\u00a0g\"}]},{\"@type\":\"WebSite\",\"@id\":\"https:\\\/\\\/ses-creative.com\\\/#website\",\"url\":\"https:\\\/\\\/ses-creative.com\\\/\",\"name\":\"SES Creative\",\"description\":\"\",\"publisher\":{\"@id\":\"https:\\\/\\\/ses-creative.com\\\/#organization\"},\"potentialAction\":[{\"@type\":\"SearchAction\",\"target\":{\"@type\":\"EntryPoint\",\"urlTemplate\":\"https:\\\/\\\/ses-creative.com\\\/?s={search_term_string}\"},\"query-input\":{\"@type\":\"PropertyValueSpecification\",\"valueRequired\":true,\"valueName\":\"search_term_string\"}}],\"inLanguage\":\"fr-FR\"},{\"@type\":\"Organization\",\"@id\":\"https:\\\/\\\/ses-creative.com\\\/#organization\",\"name\":\"SES Creative\",\"url\":\"https:\\\/\\\/ses-creative.com\\\/\",\"logo\":{\"@type\":\"ImageObject\",\"inLanguage\":\"fr-FR\",\"@id\":\"https:\\\/\\\/ses-creative.com\\\/#\\\/schema\\\/logo\\\/image\\\/\",\"url\":\"https:\\\/\\\/ses-creative.com\\\/wp-content\\\/uploads\\\/2025\\\/10\\\/ses-creative-logo.jpg\",\"contentUrl\":\"https:\\\/\\\/ses-creative.com\\\/wp-content\\\/uploads\\\/2025\\\/10\\\/ses-creative-logo.jpg\",\"width\":2037,\"height\":2037,\"caption\":\"SES Creative\"},\"image\":{\"@id\":\"https:\\\/\\\/ses-creative.com\\\/#\\\/schema\\\/logo\\\/image\\\/\"}}]}<\/script>\n<!-- \/ Yoast SEO plugin. -->","yoast_head_json":{"title":"Slime marbr\u00e9 - Pack duo 400\u00a0g - SES Creative","robots":{"index":"index","follow":"follow","max-snippet":"max-snippet:-1","max-image-preview":"max-image-preview:large","max-video-preview":"max-video-preview:-1"},"canonical":"https:\/\/ses-creative.com\/fr\/produit\/slime-marbre-pack-duo-400-g\/","og_locale":"fr_FR","og_type":"article","og_title":"Slime marbr\u00e9 - Pack duo 400\u00a0g - SES Creative","og_description":"Marble Slime &#8211; Duo pack : double plaisir ! Avec le Marble Slime &#8211; Duo pack de SES Creative, vous obtenez pas moins de 400 grammes de slime pr\u00eat \u00e0 l&#8217;emploi dans les couleurs bleu, rose et violet. Ce slime est d\u00e9licieusement doux, mall\u00e9able et procure deux fois plus de plaisir ! Les couleurs peuvent [&hellip;]","og_url":"https:\/\/ses-creative.com\/fr\/produit\/slime-marbre-pack-duo-400-g\/","og_site_name":"SES Creative","article_modified_time":"2026-02-12T10:23:18+00:00","twitter_card":"summary_large_image","twitter_misc":{"Dur\u00e9e de lecture estim\u00e9e":"2 minutes"},"schema":{"@context":"https:\/\/schema.org","@graph":[{"@type":"WebPage","@id":"https:\/\/ses-creative.com\/fr\/produit\/slime-marbre-pack-duo-400-g\/","url":"https:\/\/ses-creative.com\/fr\/produit\/slime-marbre-pack-duo-400-g\/","name":"Slime marbr\u00e9 - Pack duo 400\u00a0g - SES Creative","isPartOf":{"@id":"https:\/\/ses-creative.com\/#website"},"primaryImageOfPage":{"@id":"https:\/\/ses-creative.com\/fr\/produit\/slime-marbre-pack-duo-400-g\/#primaryimage"},"image":{"@id":"https:\/\/ses-creative.com\/fr\/produit\/slime-marbre-pack-duo-400-g\/#primaryimage"},"thumbnailUrl":"https:\/\/ses-creative.com\/wp-content\/uploads\/2026\/01\/150251-1.jpg","datePublished":"2026-02-12T10:09:52+00:00","dateModified":"2026-02-12T10:23:18+00:00","breadcrumb":{"@id":"https:\/\/ses-creative.com\/fr\/produit\/slime-marbre-pack-duo-400-g\/#breadcrumb"},"inLanguage":"fr-FR","potentialAction":[{"@type":"ReadAction","target":["https:\/\/ses-creative.com\/fr\/produit\/slime-marbre-pack-duo-400-g\/"]}]},{"@type":"ImageObject","inLanguage":"fr-FR","@id":"https:\/\/ses-creative.com\/fr\/produit\/slime-marbre-pack-duo-400-g\/#primaryimage","url":"https:\/\/ses-creative.com\/wp-content\/uploads\/2026\/01\/150251-1.jpg","contentUrl":"https:\/\/ses-creative.com\/wp-content\/uploads\/2026\/01\/150251-1.jpg","width":1000,"height":1000},{"@type":"BreadcrumbList","@id":"https:\/\/ses-creative.com\/fr\/produit\/slime-marbre-pack-duo-400-g\/#breadcrumb","itemListElement":[{"@type":"ListItem","position":1,"name":"Boutique","item":"https:\/\/ses-creative.com\/fr\/boutique\/"},{"@type":"ListItem","position":2,"name":"Slime","item":"https:\/\/ses-creative.com\/fr\/product-categorie\/slime\/"},{"@type":"ListItem","position":3,"name":"Slime marbr\u00e9 &#8211; Pack duo 400\u00a0g"}]},{"@type":"WebSite","@id":"https:\/\/ses-creative.com\/#website","url":"https:\/\/ses-creative.com\/","name":"SES Creative","description":"","publisher":{"@id":"https:\/\/ses-creative.com\/#organization"},"potentialAction":[{"@type":"SearchAction","target":{"@type":"EntryPoint","urlTemplate":"https:\/\/ses-creative.com\/?s={search_term_string}"},"query-input":{"@type":"PropertyValueSpecification","valueRequired":true,"valueName":"search_term_string"}}],"inLanguage":"fr-FR"},{"@type":"Organization","@id":"https:\/\/ses-creative.com\/#organization","name":"SES Creative","url":"https:\/\/ses-creative.com\/","logo":{"@type":"ImageObject","inLanguage":"fr-FR","@id":"https:\/\/ses-creative.com\/#\/schema\/logo\/image\/","url":"https:\/\/ses-creative.com\/wp-content\/uploads\/2025\/10\/ses-creative-logo.jpg","contentUrl":"https:\/\/ses-creative.com\/wp-content\/uploads\/2025\/10\/ses-creative-logo.jpg","width":2037,"height":2037,"caption":"SES Creative"},"image":{"@id":"https:\/\/ses-creative.com\/#\/schema\/logo\/image\/"}}]}},"_links":{"self":[{"href":"https:\/\/ses-creative.com\/fr\/wp-json\/wp\/v2\/product\/118466","targetHints":{"allow":["GET"]}}],"collection":[{"href":"https:\/\/ses-creative.com\/fr\/wp-json\/wp\/v2\/product"}],"about":[{"href":"https:\/\/ses-creative.com\/fr\/wp-json\/wp\/v2\/types\/product"}],"replies":[{"embeddable":true,"href":"https:\/\/ses-creative.com\/fr\/wp-json\/wp\/v2\/comments?post=118466"}],"wp:featuredmedia":[{"embeddable":true,"href":"https:\/\/ses-creative.com\/fr\/wp-json\/wp\/v2\/media\/107573"}],"wp:attachment":[{"href":"https:\/\/ses-creative.com\/fr\/wp-json\/wp\/v2\/media?parent=118466"}],"wp:term":[{"taxonomy":"product_brand","embeddable":true,"href":"https:\/\/ses-creative.com\/fr\/wp-json\/wp\/v2\/product_brand?post=118466"},{"taxonomy":"product_cat","embeddable":true,"href":"https:\/\/ses-creative.com\/fr\/wp-json\/wp\/v2\/product_cat?post=118466"},{"taxonomy":"product_tag","embeddable":true,"href":"https:\/\/ses-creative.com\/fr\/wp-json\/wp\/v2\/product_tag?post=118466"}],"curies":[{"name":"wp","href":"https:\/\/api.w.org\/{rel}","templated":true}]}}