











{"id":118465,"date":"2026-02-12T10:09:51","date_gmt":"2026-02-12T10:09:51","guid":{"rendered":"https:\/\/ses-creative.com\/?post_type=product&#038;p=118465"},"modified":"2026-02-12T10:23:18","modified_gmt":"2026-02-12T10:23:18","slug":"slime-marbre-rose-et-violet-200-g","status":"publish","type":"product","link":"https:\/\/ses-creative.com\/fr\/produit\/slime-marbre-rose-et-violet-200-g\/","title":{"rendered":"Slime marbr\u00e9 &#8211; Rose et violet 200\u00a0g"},"content":{"rendered":"<p>Marble Slime &#8211; Rose et violet : un plaisir sans fin !<br \/>\nAvec le slime marbr\u00e9 de SES Creative, dans les couleurs rose et violet, vous pouvez utiliser 200 grammes de slime pr\u00eat \u00e0 l&#8217;emploi pour un plaisir de jeu ultime. Ce slime est d\u00e9licieusement doux et pr\u00e9sente un bel effet marbr\u00e9 lorsque vous m\u00e9langez les couleurs. Parfait pour les enfants qui aiment malaxer et exp\u00e9rimenter !<br \/>\nCe qui rend ce set g\u00e9nial<br \/>\n&#8211;    Commencez \u00e0 jouer imm\u00e9diatement avec le slime pr\u00eat \u00e0 l&#8217;emploi<br \/>\n&#8211;    Deux couleurs de slime : rose et violet, dans un seul pot. Cr\u00e9ez un magnifique effet marbr\u00e9<br \/>\n&#8211;    Jouez avec vos mains. D\u00e9veloppe les capacit\u00e9s motrices<br \/>\n&#8211;    Le slime est sans danger, sans gluten et facile \u00e0 laver<br \/>\n&#8211;    Parfait pour les enfants \u00e0 partir de 3 ans<br \/>\nCr\u00e9ez votre propre effet marbr\u00e9 !<br \/>\nLe Marble Slime est facile \u00e0 malaxer et \u00e0 modeler. En m\u00e9langeant les couleurs rose et violet, vous obtenez un magnifique motif marbr\u00e9. Que vous gardiez les couleurs s\u00e9par\u00e9es ou que vous les m\u00e9langiez, ce slime offre une exp\u00e9rience ludique et sensorielle. Id\u00e9al pour les enfants qui aiment jouer avec leurs mains et s&rsquo;adonner \u00e0 des aventures slime !<br \/>\nCette p\u00e2te \u00e0 modeler pr\u00eate \u00e0 l&#8217;emploi offre un plaisir imm\u00e9diat sans que vous ayez \u00e0 la fabriquer vous-m\u00eame. Elle est s\u00fbre, facile \u00e0 nettoyer et offre une exp\u00e9rience de jeu formidable. De plus, l&rsquo;exp\u00e9rimentation des couleurs stimule la cr\u00e9ativit\u00e9 des enfants.<br \/>\nContenu du kit<br \/>\n&#8211;    Slime marbr\u00e9 rose et violet (200 grammes)<br \/>\nPourquoi choisir SES Creative ?<br \/>\nChez SES Creative, nous accordons une grande importance \u00e0 la s\u00e9curit\u00e9. C&rsquo;est pourquoi nos produits sont fabriqu\u00e9s et test\u00e9s dans notre usine aux Pays-Bas, conform\u00e9ment aux normes de s\u00e9curit\u00e9 europ\u00e9ennes les plus strictes. Les jouets SES Creative sont source de plaisir et permettent aux enfants d&rsquo;\u00eatre fiers de leur travail, ce qui stimule leur cr\u00e9ativit\u00e9 et leur d\u00e9veloppement.<br \/>\nPr\u00eat \u00e0 vous amuser avec la p\u00e2te \u00e0 modeler ?<br \/>\nProcurez-vous le kit Marble Slime &#8211; Rose et violet de SES Creative et d\u00e9couvrez \u00e0 quel point il est amusant de jouer avec du slime. P\u00e9trissez, m\u00e9langez et profitez d&rsquo;un apr\u00e8s-midi plein d&rsquo;aventures avec le slime. Qu&rsquo;attendez-vous ? Commencez d\u00e8s aujourd&rsquo;hui \u00e0 vous amuser avec ce slime color\u00e9 !<\/p>\n","protected":false},"excerpt":{"rendered":"<p>Marble Slime &#8211; Rose et violet : un plaisir sans fin ! Avec le slime marbr\u00e9 de SES Creative, dans les couleurs rose et violet, vous pouvez utiliser 200 grammes de slime pr\u00eat \u00e0 l&#8217;emploi pour un plaisir de jeu ultime. Ce slime est d\u00e9licieusement doux et pr\u00e9sente un bel effet marbr\u00e9 lorsque vous m\u00e9langez [&hellip;]<\/p>\n","protected":false},"featured_media":105336,"comment_status":"closed","ping_status":"closed","template":"","meta":{"_acf_changed":false},"product_brand":[],"product_cat":[127],"product_tag":[],"class_list":{"0":"post-118465","1":"product","2":"type-product","3":"status-publish","4":"has-post-thumbnail","6":"product_cat-slime","7":"pa_leeftijd-filter-3-4-ans","8":"pa_meest-populair-bij-garcons-filles","10":"first","11":"instock","12":"shipping-taxable","13":"product-type-simple"},"acf":[],"yoast_head":"<!-- This site is optimized with the Yoast SEO plugin v27.4 - https:\/\/yoast.com\/product\/yoast-seo-wordpress\/ -->\n<title>Slime marbr\u00e9 - Rose et violet 200\u00a0g - SES Creative<\/title>\n<meta name=\"robots\" content=\"index, follow, max-snippet:-1, max-image-preview:large, max-video-preview:-1\" \/>\n<link rel=\"canonical\" href=\"https:\/\/ses-creative.com\/fr\/produit\/slime-marbre-rose-et-violet-200-g\/\" \/>\n<meta property=\"og:locale\" content=\"fr_FR\" \/>\n<meta property=\"og:type\" content=\"article\" \/>\n<meta property=\"og:title\" content=\"Slime marbr\u00e9 - Rose et violet 200\u00a0g - SES Creative\" \/>\n<meta property=\"og:description\" content=\"Marble Slime &#8211; Rose et violet : un plaisir sans fin ! Avec le slime marbr\u00e9 de SES Creative, dans les couleurs rose et violet, vous pouvez utiliser 200 grammes de slime pr\u00eat \u00e0 l&#8217;emploi pour un plaisir de jeu ultime. Ce slime est d\u00e9licieusement doux et pr\u00e9sente un bel effet marbr\u00e9 lorsque vous m\u00e9langez [&hellip;]\" \/>\n<meta property=\"og:url\" content=\"https:\/\/ses-creative.com\/fr\/produit\/slime-marbre-rose-et-violet-200-g\/\" \/>\n<meta property=\"og:site_name\" content=\"SES Creative\" \/>\n<meta property=\"article:modified_time\" content=\"2026-02-12T10:23:18+00:00\" \/>\n<meta name=\"twitter:card\" content=\"summary_large_image\" \/>\n<meta name=\"twitter:label1\" content=\"Dur\u00e9e de lecture estim\u00e9e\" \/>\n\t<meta name=\"twitter:data1\" content=\"2 minutes\" \/>\n<script type=\"application\/ld+json\" class=\"yoast-schema-graph\">{\"@context\":\"https:\\\/\\\/schema.org\",\"@graph\":[{\"@type\":\"WebPage\",\"@id\":\"https:\\\/\\\/ses-creative.com\\\/fr\\\/produit\\\/slime-marbre-rose-et-violet-200-g\\\/\",\"url\":\"https:\\\/\\\/ses-creative.com\\\/fr\\\/produit\\\/slime-marbre-rose-et-violet-200-g\\\/\",\"name\":\"Slime marbr\u00e9 - Rose et violet 200\u00a0g - SES Creative\",\"isPartOf\":{\"@id\":\"https:\\\/\\\/ses-creative.com\\\/#website\"},\"primaryImageOfPage\":{\"@id\":\"https:\\\/\\\/ses-creative.com\\\/fr\\\/produit\\\/slime-marbre-rose-et-violet-200-g\\\/#primaryimage\"},\"image\":{\"@id\":\"https:\\\/\\\/ses-creative.com\\\/fr\\\/produit\\\/slime-marbre-rose-et-violet-200-g\\\/#primaryimage\"},\"thumbnailUrl\":\"https:\\\/\\\/ses-creative.com\\\/wp-content\\\/uploads\\\/2026\\\/01\\\/150241.jpg\",\"datePublished\":\"2026-02-12T10:09:51+00:00\",\"dateModified\":\"2026-02-12T10:23:18+00:00\",\"breadcrumb\":{\"@id\":\"https:\\\/\\\/ses-creative.com\\\/fr\\\/produit\\\/slime-marbre-rose-et-violet-200-g\\\/#breadcrumb\"},\"inLanguage\":\"fr-FR\",\"potentialAction\":[{\"@type\":\"ReadAction\",\"target\":[\"https:\\\/\\\/ses-creative.com\\\/fr\\\/produit\\\/slime-marbre-rose-et-violet-200-g\\\/\"]}]},{\"@type\":\"ImageObject\",\"inLanguage\":\"fr-FR\",\"@id\":\"https:\\\/\\\/ses-creative.com\\\/fr\\\/produit\\\/slime-marbre-rose-et-violet-200-g\\\/#primaryimage\",\"url\":\"https:\\\/\\\/ses-creative.com\\\/wp-content\\\/uploads\\\/2026\\\/01\\\/150241.jpg\",\"contentUrl\":\"https:\\\/\\\/ses-creative.com\\\/wp-content\\\/uploads\\\/2026\\\/01\\\/150241.jpg\",\"width\":1000,\"height\":1000},{\"@type\":\"BreadcrumbList\",\"@id\":\"https:\\\/\\\/ses-creative.com\\\/fr\\\/produit\\\/slime-marbre-rose-et-violet-200-g\\\/#breadcrumb\",\"itemListElement\":[{\"@type\":\"ListItem\",\"position\":1,\"name\":\"Boutique\",\"item\":\"https:\\\/\\\/ses-creative.com\\\/fr\\\/boutique\\\/\"},{\"@type\":\"ListItem\",\"position\":2,\"name\":\"Slime\",\"item\":\"https:\\\/\\\/ses-creative.com\\\/fr\\\/product-categorie\\\/slime\\\/\"},{\"@type\":\"ListItem\",\"position\":3,\"name\":\"Slime marbr\u00e9 &#8211; Rose et violet 200\u00a0g\"}]},{\"@type\":\"WebSite\",\"@id\":\"https:\\\/\\\/ses-creative.com\\\/#website\",\"url\":\"https:\\\/\\\/ses-creative.com\\\/\",\"name\":\"SES Creative\",\"description\":\"\",\"publisher\":{\"@id\":\"https:\\\/\\\/ses-creative.com\\\/#organization\"},\"potentialAction\":[{\"@type\":\"SearchAction\",\"target\":{\"@type\":\"EntryPoint\",\"urlTemplate\":\"https:\\\/\\\/ses-creative.com\\\/?s={search_term_string}\"},\"query-input\":{\"@type\":\"PropertyValueSpecification\",\"valueRequired\":true,\"valueName\":\"search_term_string\"}}],\"inLanguage\":\"fr-FR\"},{\"@type\":\"Organization\",\"@id\":\"https:\\\/\\\/ses-creative.com\\\/#organization\",\"name\":\"SES Creative\",\"url\":\"https:\\\/\\\/ses-creative.com\\\/\",\"logo\":{\"@type\":\"ImageObject\",\"inLanguage\":\"fr-FR\",\"@id\":\"https:\\\/\\\/ses-creative.com\\\/#\\\/schema\\\/logo\\\/image\\\/\",\"url\":\"https:\\\/\\\/ses-creative.com\\\/wp-content\\\/uploads\\\/2025\\\/10\\\/ses-creative-logo.jpg\",\"contentUrl\":\"https:\\\/\\\/ses-creative.com\\\/wp-content\\\/uploads\\\/2025\\\/10\\\/ses-creative-logo.jpg\",\"width\":2037,\"height\":2037,\"caption\":\"SES Creative\"},\"image\":{\"@id\":\"https:\\\/\\\/ses-creative.com\\\/#\\\/schema\\\/logo\\\/image\\\/\"}}]}<\/script>\n<!-- \/ Yoast SEO plugin. -->","yoast_head_json":{"title":"Slime marbr\u00e9 - Rose et violet 200\u00a0g - SES Creative","robots":{"index":"index","follow":"follow","max-snippet":"max-snippet:-1","max-image-preview":"max-image-preview:large","max-video-preview":"max-video-preview:-1"},"canonical":"https:\/\/ses-creative.com\/fr\/produit\/slime-marbre-rose-et-violet-200-g\/","og_locale":"fr_FR","og_type":"article","og_title":"Slime marbr\u00e9 - Rose et violet 200\u00a0g - SES Creative","og_description":"Marble Slime &#8211; Rose et violet : un plaisir sans fin ! Avec le slime marbr\u00e9 de SES Creative, dans les couleurs rose et violet, vous pouvez utiliser 200 grammes de slime pr\u00eat \u00e0 l&#8217;emploi pour un plaisir de jeu ultime. Ce slime est d\u00e9licieusement doux et pr\u00e9sente un bel effet marbr\u00e9 lorsque vous m\u00e9langez [&hellip;]","og_url":"https:\/\/ses-creative.com\/fr\/produit\/slime-marbre-rose-et-violet-200-g\/","og_site_name":"SES Creative","article_modified_time":"2026-02-12T10:23:18+00:00","twitter_card":"summary_large_image","twitter_misc":{"Dur\u00e9e de lecture estim\u00e9e":"2 minutes"},"schema":{"@context":"https:\/\/schema.org","@graph":[{"@type":"WebPage","@id":"https:\/\/ses-creative.com\/fr\/produit\/slime-marbre-rose-et-violet-200-g\/","url":"https:\/\/ses-creative.com\/fr\/produit\/slime-marbre-rose-et-violet-200-g\/","name":"Slime marbr\u00e9 - Rose et violet 200\u00a0g - SES Creative","isPartOf":{"@id":"https:\/\/ses-creative.com\/#website"},"primaryImageOfPage":{"@id":"https:\/\/ses-creative.com\/fr\/produit\/slime-marbre-rose-et-violet-200-g\/#primaryimage"},"image":{"@id":"https:\/\/ses-creative.com\/fr\/produit\/slime-marbre-rose-et-violet-200-g\/#primaryimage"},"thumbnailUrl":"https:\/\/ses-creative.com\/wp-content\/uploads\/2026\/01\/150241.jpg","datePublished":"2026-02-12T10:09:51+00:00","dateModified":"2026-02-12T10:23:18+00:00","breadcrumb":{"@id":"https:\/\/ses-creative.com\/fr\/produit\/slime-marbre-rose-et-violet-200-g\/#breadcrumb"},"inLanguage":"fr-FR","potentialAction":[{"@type":"ReadAction","target":["https:\/\/ses-creative.com\/fr\/produit\/slime-marbre-rose-et-violet-200-g\/"]}]},{"@type":"ImageObject","inLanguage":"fr-FR","@id":"https:\/\/ses-creative.com\/fr\/produit\/slime-marbre-rose-et-violet-200-g\/#primaryimage","url":"https:\/\/ses-creative.com\/wp-content\/uploads\/2026\/01\/150241.jpg","contentUrl":"https:\/\/ses-creative.com\/wp-content\/uploads\/2026\/01\/150241.jpg","width":1000,"height":1000},{"@type":"BreadcrumbList","@id":"https:\/\/ses-creative.com\/fr\/produit\/slime-marbre-rose-et-violet-200-g\/#breadcrumb","itemListElement":[{"@type":"ListItem","position":1,"name":"Boutique","item":"https:\/\/ses-creative.com\/fr\/boutique\/"},{"@type":"ListItem","position":2,"name":"Slime","item":"https:\/\/ses-creative.com\/fr\/product-categorie\/slime\/"},{"@type":"ListItem","position":3,"name":"Slime marbr\u00e9 &#8211; Rose et violet 200\u00a0g"}]},{"@type":"WebSite","@id":"https:\/\/ses-creative.com\/#website","url":"https:\/\/ses-creative.com\/","name":"SES Creative","description":"","publisher":{"@id":"https:\/\/ses-creative.com\/#organization"},"potentialAction":[{"@type":"SearchAction","target":{"@type":"EntryPoint","urlTemplate":"https:\/\/ses-creative.com\/?s={search_term_string}"},"query-input":{"@type":"PropertyValueSpecification","valueRequired":true,"valueName":"search_term_string"}}],"inLanguage":"fr-FR"},{"@type":"Organization","@id":"https:\/\/ses-creative.com\/#organization","name":"SES Creative","url":"https:\/\/ses-creative.com\/","logo":{"@type":"ImageObject","inLanguage":"fr-FR","@id":"https:\/\/ses-creative.com\/#\/schema\/logo\/image\/","url":"https:\/\/ses-creative.com\/wp-content\/uploads\/2025\/10\/ses-creative-logo.jpg","contentUrl":"https:\/\/ses-creative.com\/wp-content\/uploads\/2025\/10\/ses-creative-logo.jpg","width":2037,"height":2037,"caption":"SES Creative"},"image":{"@id":"https:\/\/ses-creative.com\/#\/schema\/logo\/image\/"}}]}},"_links":{"self":[{"href":"https:\/\/ses-creative.com\/fr\/wp-json\/wp\/v2\/product\/118465","targetHints":{"allow":["GET"]}}],"collection":[{"href":"https:\/\/ses-creative.com\/fr\/wp-json\/wp\/v2\/product"}],"about":[{"href":"https:\/\/ses-creative.com\/fr\/wp-json\/wp\/v2\/types\/product"}],"replies":[{"embeddable":true,"href":"https:\/\/ses-creative.com\/fr\/wp-json\/wp\/v2\/comments?post=118465"}],"wp:featuredmedia":[{"embeddable":true,"href":"https:\/\/ses-creative.com\/fr\/wp-json\/wp\/v2\/media\/105336"}],"wp:attachment":[{"href":"https:\/\/ses-creative.com\/fr\/wp-json\/wp\/v2\/media?parent=118465"}],"wp:term":[{"taxonomy":"product_brand","embeddable":true,"href":"https:\/\/ses-creative.com\/fr\/wp-json\/wp\/v2\/product_brand?post=118465"},{"taxonomy":"product_cat","embeddable":true,"href":"https:\/\/ses-creative.com\/fr\/wp-json\/wp\/v2\/product_cat?post=118465"},{"taxonomy":"product_tag","embeddable":true,"href":"https:\/\/ses-creative.com\/fr\/wp-json\/wp\/v2\/product_tag?post=118465"}],"curies":[{"name":"wp","href":"https:\/\/api.w.org\/{rel}","templated":true}]}}