











{"id":118464,"date":"2026-02-12T10:09:51","date_gmt":"2026-02-12T10:09:51","guid":{"rendered":"https:\/\/ses-creative.com\/?post_type=product&#038;p=118464"},"modified":"2026-02-12T10:23:17","modified_gmt":"2026-02-12T10:23:17","slug":"slime-marbre-vert-et-bleu-200-g","status":"publish","type":"product","link":"https:\/\/ses-creative.com\/fr\/produit\/slime-marbre-vert-et-bleu-200-g\/","title":{"rendered":"Slime marbr\u00e9 &#8211; Vert et bleu 200\u00a0g"},"content":{"rendered":"<p>Slime Time avec Marble Slime &#8211; Vert et bleu !<br \/>\nSlime time ! Tu n&rsquo;as pas peur de te salir les mains ? Avec ce slime marbr\u00e9 vert et bleu, tu peux malaxer, \u00e9tirer et jouer \u00e0 l&rsquo;infini. Les deux couleurs dans un seul pot cr\u00e9ent un effet marbr\u00e9 unique qui change \u00e0 chaque fois que tu joues avec. Parfait pour les enfants qui aiment les jeux cr\u00e9atifs et tactiles.<br \/>\nCe qui rend ce set g\u00e9nial<br \/>\n&#8211;    Commencez \u00e0 jouer imm\u00e9diatement avec le slime pr\u00eat \u00e0 l&#8217;emploi<br \/>\n&#8211;    Deux couleurs de slime : vert et bleu, dans un seul pot. Cr\u00e9ez un magnifique effet marbr\u00e9<br \/>\n&#8211;    Jouez avec vos mains. D\u00e9veloppe les capacit\u00e9s motrices<br \/>\n&#8211;    Le slime est sans danger, sans gluten et facile \u00e0 laver<br \/>\n&#8211;    Parfait pour les enfants \u00e0 partir de 3 ans<br \/>\nCr\u00e9ez votre propre effet marbr\u00e9 !<br \/>\nAvec ce slime marbr\u00e9, les enfants peuvent laisser libre cours \u00e0 leur cr\u00e9ativit\u00e9 et cr\u00e9er des motifs uniques en m\u00e9langeant les couleurs. Sa texture douce et extensible garantit un plaisir de jeu sans fin, \u00e0 la maison comme en d\u00e9placement.<br \/>\nContenu du kit<br \/>\n&#8211; Slime marbr\u00e9 vert et bleu en pot (200 g)<br \/>\nPourquoi choisir SES Creative ?<br \/>\nChez SES Creative, nous accordons une grande importance \u00e0 la s\u00e9curit\u00e9. C&rsquo;est pourquoi nos produits sont fabriqu\u00e9s et test\u00e9s dans notre usine aux Pays-Bas, conform\u00e9ment aux normes de s\u00e9curit\u00e9 europ\u00e9ennes les plus strictes. Les jouets SES Creative sont source de plaisir et permettent aux enfants d&rsquo;\u00eatre fiers de leur travail, ce qui stimule leur cr\u00e9ativit\u00e9 et leur d\u00e9veloppement.<br \/>\nCommencez \u00e0 jouer d\u00e8s aujourd&rsquo;hui !<br \/>\nD\u00e9couvrez la magie du slime marbr\u00e9 et profitez du plaisir color\u00e9 que procure ce slime vert et bleu. Parfait pour des heures de jeu cr\u00e9atif !<\/p>\n","protected":false},"excerpt":{"rendered":"<p>Slime Time avec Marble Slime &#8211; Vert et bleu ! Slime time ! Tu n&rsquo;as pas peur de te salir les mains ? Avec ce slime marbr\u00e9 vert et bleu, tu peux malaxer, \u00e9tirer et jouer \u00e0 l&rsquo;infini. Les deux couleurs dans un seul pot cr\u00e9ent un effet marbr\u00e9 unique qui change \u00e0 chaque fois [&hellip;]<\/p>\n","protected":false},"featured_media":105316,"comment_status":"closed","ping_status":"closed","template":"","meta":{"_acf_changed":false},"product_brand":[],"product_cat":[127],"product_tag":[],"class_list":{"0":"post-118464","1":"product","2":"type-product","3":"status-publish","4":"has-post-thumbnail","6":"product_cat-slime","7":"pa_leeftijd-filter-3-4-ans","8":"pa_meest-populair-bij-garcons-filles","10":"first","11":"instock","12":"shipping-taxable","13":"product-type-simple"},"acf":[],"yoast_head":"<!-- This site is optimized with the Yoast SEO plugin v27.4 - https:\/\/yoast.com\/product\/yoast-seo-wordpress\/ -->\n<title>Slime marbr\u00e9 - Vert et bleu 200\u00a0g - SES Creative<\/title>\n<meta name=\"robots\" content=\"index, follow, max-snippet:-1, max-image-preview:large, max-video-preview:-1\" \/>\n<link rel=\"canonical\" href=\"https:\/\/ses-creative.com\/fr\/produit\/slime-marbre-vert-et-bleu-200-g\/\" \/>\n<meta property=\"og:locale\" content=\"fr_FR\" \/>\n<meta property=\"og:type\" content=\"article\" \/>\n<meta property=\"og:title\" content=\"Slime marbr\u00e9 - Vert et bleu 200\u00a0g - SES Creative\" \/>\n<meta property=\"og:description\" content=\"Slime Time avec Marble Slime &#8211; Vert et bleu ! Slime time ! Tu n&rsquo;as pas peur de te salir les mains ? Avec ce slime marbr\u00e9 vert et bleu, tu peux malaxer, \u00e9tirer et jouer \u00e0 l&rsquo;infini. Les deux couleurs dans un seul pot cr\u00e9ent un effet marbr\u00e9 unique qui change \u00e0 chaque fois [&hellip;]\" \/>\n<meta property=\"og:url\" content=\"https:\/\/ses-creative.com\/fr\/produit\/slime-marbre-vert-et-bleu-200-g\/\" \/>\n<meta property=\"og:site_name\" content=\"SES Creative\" \/>\n<meta property=\"article:modified_time\" content=\"2026-02-12T10:23:17+00:00\" \/>\n<meta name=\"twitter:card\" content=\"summary_large_image\" \/>\n<meta name=\"twitter:label1\" content=\"Dur\u00e9e de lecture estim\u00e9e\" \/>\n\t<meta name=\"twitter:data1\" content=\"1 minute\" \/>\n<script type=\"application\/ld+json\" class=\"yoast-schema-graph\">{\"@context\":\"https:\\\/\\\/schema.org\",\"@graph\":[{\"@type\":\"WebPage\",\"@id\":\"https:\\\/\\\/ses-creative.com\\\/fr\\\/produit\\\/slime-marbre-vert-et-bleu-200-g\\\/\",\"url\":\"https:\\\/\\\/ses-creative.com\\\/fr\\\/produit\\\/slime-marbre-vert-et-bleu-200-g\\\/\",\"name\":\"Slime marbr\u00e9 - Vert et bleu 200\u00a0g - SES Creative\",\"isPartOf\":{\"@id\":\"https:\\\/\\\/ses-creative.com\\\/#website\"},\"primaryImageOfPage\":{\"@id\":\"https:\\\/\\\/ses-creative.com\\\/fr\\\/produit\\\/slime-marbre-vert-et-bleu-200-g\\\/#primaryimage\"},\"image\":{\"@id\":\"https:\\\/\\\/ses-creative.com\\\/fr\\\/produit\\\/slime-marbre-vert-et-bleu-200-g\\\/#primaryimage\"},\"thumbnailUrl\":\"https:\\\/\\\/ses-creative.com\\\/wp-content\\\/uploads\\\/2026\\\/01\\\/150221.jpg\",\"datePublished\":\"2026-02-12T10:09:51+00:00\",\"dateModified\":\"2026-02-12T10:23:17+00:00\",\"breadcrumb\":{\"@id\":\"https:\\\/\\\/ses-creative.com\\\/fr\\\/produit\\\/slime-marbre-vert-et-bleu-200-g\\\/#breadcrumb\"},\"inLanguage\":\"fr-FR\",\"potentialAction\":[{\"@type\":\"ReadAction\",\"target\":[\"https:\\\/\\\/ses-creative.com\\\/fr\\\/produit\\\/slime-marbre-vert-et-bleu-200-g\\\/\"]}]},{\"@type\":\"ImageObject\",\"inLanguage\":\"fr-FR\",\"@id\":\"https:\\\/\\\/ses-creative.com\\\/fr\\\/produit\\\/slime-marbre-vert-et-bleu-200-g\\\/#primaryimage\",\"url\":\"https:\\\/\\\/ses-creative.com\\\/wp-content\\\/uploads\\\/2026\\\/01\\\/150221.jpg\",\"contentUrl\":\"https:\\\/\\\/ses-creative.com\\\/wp-content\\\/uploads\\\/2026\\\/01\\\/150221.jpg\",\"width\":1000,\"height\":1000},{\"@type\":\"BreadcrumbList\",\"@id\":\"https:\\\/\\\/ses-creative.com\\\/fr\\\/produit\\\/slime-marbre-vert-et-bleu-200-g\\\/#breadcrumb\",\"itemListElement\":[{\"@type\":\"ListItem\",\"position\":1,\"name\":\"Boutique\",\"item\":\"https:\\\/\\\/ses-creative.com\\\/fr\\\/boutique\\\/\"},{\"@type\":\"ListItem\",\"position\":2,\"name\":\"Slime\",\"item\":\"https:\\\/\\\/ses-creative.com\\\/fr\\\/product-categorie\\\/slime\\\/\"},{\"@type\":\"ListItem\",\"position\":3,\"name\":\"Slime marbr\u00e9 &#8211; Vert et bleu 200\u00a0g\"}]},{\"@type\":\"WebSite\",\"@id\":\"https:\\\/\\\/ses-creative.com\\\/#website\",\"url\":\"https:\\\/\\\/ses-creative.com\\\/\",\"name\":\"SES Creative\",\"description\":\"\",\"publisher\":{\"@id\":\"https:\\\/\\\/ses-creative.com\\\/#organization\"},\"potentialAction\":[{\"@type\":\"SearchAction\",\"target\":{\"@type\":\"EntryPoint\",\"urlTemplate\":\"https:\\\/\\\/ses-creative.com\\\/?s={search_term_string}\"},\"query-input\":{\"@type\":\"PropertyValueSpecification\",\"valueRequired\":true,\"valueName\":\"search_term_string\"}}],\"inLanguage\":\"fr-FR\"},{\"@type\":\"Organization\",\"@id\":\"https:\\\/\\\/ses-creative.com\\\/#organization\",\"name\":\"SES Creative\",\"url\":\"https:\\\/\\\/ses-creative.com\\\/\",\"logo\":{\"@type\":\"ImageObject\",\"inLanguage\":\"fr-FR\",\"@id\":\"https:\\\/\\\/ses-creative.com\\\/#\\\/schema\\\/logo\\\/image\\\/\",\"url\":\"https:\\\/\\\/ses-creative.com\\\/wp-content\\\/uploads\\\/2025\\\/10\\\/ses-creative-logo.jpg\",\"contentUrl\":\"https:\\\/\\\/ses-creative.com\\\/wp-content\\\/uploads\\\/2025\\\/10\\\/ses-creative-logo.jpg\",\"width\":2037,\"height\":2037,\"caption\":\"SES Creative\"},\"image\":{\"@id\":\"https:\\\/\\\/ses-creative.com\\\/#\\\/schema\\\/logo\\\/image\\\/\"}}]}<\/script>\n<!-- \/ Yoast SEO plugin. -->","yoast_head_json":{"title":"Slime marbr\u00e9 - Vert et bleu 200\u00a0g - SES Creative","robots":{"index":"index","follow":"follow","max-snippet":"max-snippet:-1","max-image-preview":"max-image-preview:large","max-video-preview":"max-video-preview:-1"},"canonical":"https:\/\/ses-creative.com\/fr\/produit\/slime-marbre-vert-et-bleu-200-g\/","og_locale":"fr_FR","og_type":"article","og_title":"Slime marbr\u00e9 - Vert et bleu 200\u00a0g - SES Creative","og_description":"Slime Time avec Marble Slime &#8211; Vert et bleu ! Slime time ! Tu n&rsquo;as pas peur de te salir les mains ? Avec ce slime marbr\u00e9 vert et bleu, tu peux malaxer, \u00e9tirer et jouer \u00e0 l&rsquo;infini. Les deux couleurs dans un seul pot cr\u00e9ent un effet marbr\u00e9 unique qui change \u00e0 chaque fois [&hellip;]","og_url":"https:\/\/ses-creative.com\/fr\/produit\/slime-marbre-vert-et-bleu-200-g\/","og_site_name":"SES Creative","article_modified_time":"2026-02-12T10:23:17+00:00","twitter_card":"summary_large_image","twitter_misc":{"Dur\u00e9e de lecture estim\u00e9e":"1 minute"},"schema":{"@context":"https:\/\/schema.org","@graph":[{"@type":"WebPage","@id":"https:\/\/ses-creative.com\/fr\/produit\/slime-marbre-vert-et-bleu-200-g\/","url":"https:\/\/ses-creative.com\/fr\/produit\/slime-marbre-vert-et-bleu-200-g\/","name":"Slime marbr\u00e9 - Vert et bleu 200\u00a0g - SES Creative","isPartOf":{"@id":"https:\/\/ses-creative.com\/#website"},"primaryImageOfPage":{"@id":"https:\/\/ses-creative.com\/fr\/produit\/slime-marbre-vert-et-bleu-200-g\/#primaryimage"},"image":{"@id":"https:\/\/ses-creative.com\/fr\/produit\/slime-marbre-vert-et-bleu-200-g\/#primaryimage"},"thumbnailUrl":"https:\/\/ses-creative.com\/wp-content\/uploads\/2026\/01\/150221.jpg","datePublished":"2026-02-12T10:09:51+00:00","dateModified":"2026-02-12T10:23:17+00:00","breadcrumb":{"@id":"https:\/\/ses-creative.com\/fr\/produit\/slime-marbre-vert-et-bleu-200-g\/#breadcrumb"},"inLanguage":"fr-FR","potentialAction":[{"@type":"ReadAction","target":["https:\/\/ses-creative.com\/fr\/produit\/slime-marbre-vert-et-bleu-200-g\/"]}]},{"@type":"ImageObject","inLanguage":"fr-FR","@id":"https:\/\/ses-creative.com\/fr\/produit\/slime-marbre-vert-et-bleu-200-g\/#primaryimage","url":"https:\/\/ses-creative.com\/wp-content\/uploads\/2026\/01\/150221.jpg","contentUrl":"https:\/\/ses-creative.com\/wp-content\/uploads\/2026\/01\/150221.jpg","width":1000,"height":1000},{"@type":"BreadcrumbList","@id":"https:\/\/ses-creative.com\/fr\/produit\/slime-marbre-vert-et-bleu-200-g\/#breadcrumb","itemListElement":[{"@type":"ListItem","position":1,"name":"Boutique","item":"https:\/\/ses-creative.com\/fr\/boutique\/"},{"@type":"ListItem","position":2,"name":"Slime","item":"https:\/\/ses-creative.com\/fr\/product-categorie\/slime\/"},{"@type":"ListItem","position":3,"name":"Slime marbr\u00e9 &#8211; Vert et bleu 200\u00a0g"}]},{"@type":"WebSite","@id":"https:\/\/ses-creative.com\/#website","url":"https:\/\/ses-creative.com\/","name":"SES Creative","description":"","publisher":{"@id":"https:\/\/ses-creative.com\/#organization"},"potentialAction":[{"@type":"SearchAction","target":{"@type":"EntryPoint","urlTemplate":"https:\/\/ses-creative.com\/?s={search_term_string}"},"query-input":{"@type":"PropertyValueSpecification","valueRequired":true,"valueName":"search_term_string"}}],"inLanguage":"fr-FR"},{"@type":"Organization","@id":"https:\/\/ses-creative.com\/#organization","name":"SES Creative","url":"https:\/\/ses-creative.com\/","logo":{"@type":"ImageObject","inLanguage":"fr-FR","@id":"https:\/\/ses-creative.com\/#\/schema\/logo\/image\/","url":"https:\/\/ses-creative.com\/wp-content\/uploads\/2025\/10\/ses-creative-logo.jpg","contentUrl":"https:\/\/ses-creative.com\/wp-content\/uploads\/2025\/10\/ses-creative-logo.jpg","width":2037,"height":2037,"caption":"SES Creative"},"image":{"@id":"https:\/\/ses-creative.com\/#\/schema\/logo\/image\/"}}]}},"_links":{"self":[{"href":"https:\/\/ses-creative.com\/fr\/wp-json\/wp\/v2\/product\/118464","targetHints":{"allow":["GET"]}}],"collection":[{"href":"https:\/\/ses-creative.com\/fr\/wp-json\/wp\/v2\/product"}],"about":[{"href":"https:\/\/ses-creative.com\/fr\/wp-json\/wp\/v2\/types\/product"}],"replies":[{"embeddable":true,"href":"https:\/\/ses-creative.com\/fr\/wp-json\/wp\/v2\/comments?post=118464"}],"wp:featuredmedia":[{"embeddable":true,"href":"https:\/\/ses-creative.com\/fr\/wp-json\/wp\/v2\/media\/105316"}],"wp:attachment":[{"href":"https:\/\/ses-creative.com\/fr\/wp-json\/wp\/v2\/media?parent=118464"}],"wp:term":[{"taxonomy":"product_brand","embeddable":true,"href":"https:\/\/ses-creative.com\/fr\/wp-json\/wp\/v2\/product_brand?post=118464"},{"taxonomy":"product_cat","embeddable":true,"href":"https:\/\/ses-creative.com\/fr\/wp-json\/wp\/v2\/product_cat?post=118464"},{"taxonomy":"product_tag","embeddable":true,"href":"https:\/\/ses-creative.com\/fr\/wp-json\/wp\/v2\/product_tag?post=118464"}],"curies":[{"name":"wp","href":"https:\/\/api.w.org\/{rel}","templated":true}]}}