











{"id":118463,"date":"2026-02-12T10:09:51","date_gmt":"2026-02-12T10:09:51","guid":{"rendered":"https:\/\/ses-creative.com\/?post_type=product&#038;p=118463"},"modified":"2026-02-12T10:23:17","modified_gmt":"2026-02-12T10:23:17","slug":"slime-marbre-bleu-et-rose-200-g","status":"publish","type":"product","link":"https:\/\/ses-creative.com\/fr\/produit\/slime-marbre-bleu-et-rose-200-g\/","title":{"rendered":"Slime marbr\u00e9 &#8211; Bleu et rose 200\u00a0g"},"content":{"rendered":"<p>Slime Time avec du slime marbr\u00e9 bleu et rose !<br \/>\nC&rsquo;est l&rsquo;heure du slime ! Tu n&rsquo;as pas peur de te salir les mains ? Alors ce slime marbr\u00e9 est exactement ce qu&rsquo;il te faut. Avec un m\u00e9lange de bleu et de rose, tu cr\u00e9es un effet marbr\u00e9 qui est non seulement super amusant \u00e0 jouer, mais qui est aussi tr\u00e8s joli. Le slime est pr\u00eat \u00e0 l&#8217;emploi, tu peux donc te lancer imm\u00e9diatement !<br \/>\nCe qui rend ce set g\u00e9nial<br \/>\n&#8211;    Commencez \u00e0 jouer imm\u00e9diatement avec le slime pr\u00eat \u00e0 l&#8217;emploi<br \/>\n&#8211;    Deux couleurs de slime : bleu et rose, dans un seul pot. Cr\u00e9ez un magnifique effet marbr\u00e9<br \/>\n&#8211;    Jouez avec vos mains. D\u00e9veloppez vos capacit\u00e9s motrices<br \/>\n&#8211;    Le slime est sans danger, sans gluten et facile \u00e0 laver<br \/>\n&#8211;    Parfait pour les enfants \u00e0 partir de 3 ans<br \/>\nLaissez libre cours \u00e0 votre cr\u00e9ativit\u00e9 avec Marble Slime<br \/>\nCe slime marbr\u00e9 est non seulement agr\u00e9able \u00e0 malaxer, \u00e9tirer et \u00e9tirer, mais il offre \u00e9galement un spectacle visuel gr\u00e2ce \u00e0 son magnifique m\u00e9lange de couleurs. C&rsquo;est un slime comme vous n&rsquo;en avez jamais vu !<br \/>\nContenu du kit<br \/>\n&#8211; Slime marbr\u00e9 bleu et rose en pot (200 g)<br \/>\nPourquoi choisir SES Creative ?<br \/>\nChez SES Creative, nous accordons une grande importance \u00e0 la s\u00e9curit\u00e9. C&rsquo;est pourquoi nos produits sont fabriqu\u00e9s et test\u00e9s dans notre usine aux Pays-Bas, conform\u00e9ment aux normes de s\u00e9curit\u00e9 europ\u00e9ennes les plus strictes. Les jouets SES Creative sont source de plaisir et permettent aux enfants d&rsquo;\u00eatre fiers de leur travail, ce qui stimule leur cr\u00e9ativit\u00e9 et leur d\u00e9veloppement.<br \/>\nCommencez d\u00e8s aujourd&rsquo;hui \u00e0 vous amuser avec le slime !<br \/>\nProcurez-vous le slime marbr\u00e9 et d\u00e9couvrez le plaisir de jouer avec du slime. Parfait pour les enfants qui aiment les activit\u00e9s manuelles et les jeux sensoriels !<\/p>\n","protected":false},"excerpt":{"rendered":"<p>Slime Time avec du slime marbr\u00e9 bleu et rose ! C&rsquo;est l&rsquo;heure du slime ! Tu n&rsquo;as pas peur de te salir les mains ? Alors ce slime marbr\u00e9 est exactement ce qu&rsquo;il te faut. Avec un m\u00e9lange de bleu et de rose, tu cr\u00e9es un effet marbr\u00e9 qui est non seulement super amusant \u00e0 [&hellip;]<\/p>\n","protected":false},"featured_media":105296,"comment_status":"closed","ping_status":"closed","template":"","meta":{"_acf_changed":false},"product_brand":[],"product_cat":[127],"product_tag":[],"class_list":{"0":"post-118463","1":"product","2":"type-product","3":"status-publish","4":"has-post-thumbnail","6":"product_cat-slime","7":"pa_leeftijd-filter-3-4-ans","8":"pa_meest-populair-bij-garcons-filles","10":"first","11":"instock","12":"shipping-taxable","13":"product-type-simple"},"acf":[],"yoast_head":"<!-- This site is optimized with the Yoast SEO plugin v27.4 - https:\/\/yoast.com\/product\/yoast-seo-wordpress\/ -->\n<title>Slime marbr\u00e9 - Bleu et rose 200\u00a0g - SES Creative<\/title>\n<meta name=\"robots\" content=\"index, follow, max-snippet:-1, max-image-preview:large, max-video-preview:-1\" \/>\n<link rel=\"canonical\" href=\"https:\/\/ses-creative.com\/fr\/produit\/slime-marbre-bleu-et-rose-200-g\/\" \/>\n<meta property=\"og:locale\" content=\"fr_FR\" \/>\n<meta property=\"og:type\" content=\"article\" \/>\n<meta property=\"og:title\" content=\"Slime marbr\u00e9 - Bleu et rose 200\u00a0g - SES Creative\" \/>\n<meta property=\"og:description\" content=\"Slime Time avec du slime marbr\u00e9 bleu et rose ! C&rsquo;est l&rsquo;heure du slime ! Tu n&rsquo;as pas peur de te salir les mains ? Alors ce slime marbr\u00e9 est exactement ce qu&rsquo;il te faut. Avec un m\u00e9lange de bleu et de rose, tu cr\u00e9es un effet marbr\u00e9 qui est non seulement super amusant \u00e0 [&hellip;]\" \/>\n<meta property=\"og:url\" content=\"https:\/\/ses-creative.com\/fr\/produit\/slime-marbre-bleu-et-rose-200-g\/\" \/>\n<meta property=\"og:site_name\" content=\"SES Creative\" \/>\n<meta property=\"article:modified_time\" content=\"2026-02-12T10:23:17+00:00\" \/>\n<meta name=\"twitter:card\" content=\"summary_large_image\" \/>\n<meta name=\"twitter:label1\" content=\"Dur\u00e9e de lecture estim\u00e9e\" \/>\n\t<meta name=\"twitter:data1\" content=\"2 minutes\" \/>\n<script type=\"application\/ld+json\" class=\"yoast-schema-graph\">{\"@context\":\"https:\\\/\\\/schema.org\",\"@graph\":[{\"@type\":\"WebPage\",\"@id\":\"https:\\\/\\\/ses-creative.com\\\/fr\\\/produit\\\/slime-marbre-bleu-et-rose-200-g\\\/\",\"url\":\"https:\\\/\\\/ses-creative.com\\\/fr\\\/produit\\\/slime-marbre-bleu-et-rose-200-g\\\/\",\"name\":\"Slime marbr\u00e9 - Bleu et rose 200\u00a0g - SES Creative\",\"isPartOf\":{\"@id\":\"https:\\\/\\\/ses-creative.com\\\/#website\"},\"primaryImageOfPage\":{\"@id\":\"https:\\\/\\\/ses-creative.com\\\/fr\\\/produit\\\/slime-marbre-bleu-et-rose-200-g\\\/#primaryimage\"},\"image\":{\"@id\":\"https:\\\/\\\/ses-creative.com\\\/fr\\\/produit\\\/slime-marbre-bleu-et-rose-200-g\\\/#primaryimage\"},\"thumbnailUrl\":\"https:\\\/\\\/ses-creative.com\\\/wp-content\\\/uploads\\\/2026\\\/01\\\/150211.jpg\",\"datePublished\":\"2026-02-12T10:09:51+00:00\",\"dateModified\":\"2026-02-12T10:23:17+00:00\",\"breadcrumb\":{\"@id\":\"https:\\\/\\\/ses-creative.com\\\/fr\\\/produit\\\/slime-marbre-bleu-et-rose-200-g\\\/#breadcrumb\"},\"inLanguage\":\"fr-FR\",\"potentialAction\":[{\"@type\":\"ReadAction\",\"target\":[\"https:\\\/\\\/ses-creative.com\\\/fr\\\/produit\\\/slime-marbre-bleu-et-rose-200-g\\\/\"]}]},{\"@type\":\"ImageObject\",\"inLanguage\":\"fr-FR\",\"@id\":\"https:\\\/\\\/ses-creative.com\\\/fr\\\/produit\\\/slime-marbre-bleu-et-rose-200-g\\\/#primaryimage\",\"url\":\"https:\\\/\\\/ses-creative.com\\\/wp-content\\\/uploads\\\/2026\\\/01\\\/150211.jpg\",\"contentUrl\":\"https:\\\/\\\/ses-creative.com\\\/wp-content\\\/uploads\\\/2026\\\/01\\\/150211.jpg\",\"width\":1000,\"height\":1000},{\"@type\":\"BreadcrumbList\",\"@id\":\"https:\\\/\\\/ses-creative.com\\\/fr\\\/produit\\\/slime-marbre-bleu-et-rose-200-g\\\/#breadcrumb\",\"itemListElement\":[{\"@type\":\"ListItem\",\"position\":1,\"name\":\"Boutique\",\"item\":\"https:\\\/\\\/ses-creative.com\\\/fr\\\/boutique\\\/\"},{\"@type\":\"ListItem\",\"position\":2,\"name\":\"Slime\",\"item\":\"https:\\\/\\\/ses-creative.com\\\/fr\\\/product-categorie\\\/slime\\\/\"},{\"@type\":\"ListItem\",\"position\":3,\"name\":\"Slime marbr\u00e9 &#8211; Bleu et rose 200\u00a0g\"}]},{\"@type\":\"WebSite\",\"@id\":\"https:\\\/\\\/ses-creative.com\\\/#website\",\"url\":\"https:\\\/\\\/ses-creative.com\\\/\",\"name\":\"SES Creative\",\"description\":\"\",\"publisher\":{\"@id\":\"https:\\\/\\\/ses-creative.com\\\/#organization\"},\"potentialAction\":[{\"@type\":\"SearchAction\",\"target\":{\"@type\":\"EntryPoint\",\"urlTemplate\":\"https:\\\/\\\/ses-creative.com\\\/?s={search_term_string}\"},\"query-input\":{\"@type\":\"PropertyValueSpecification\",\"valueRequired\":true,\"valueName\":\"search_term_string\"}}],\"inLanguage\":\"fr-FR\"},{\"@type\":\"Organization\",\"@id\":\"https:\\\/\\\/ses-creative.com\\\/#organization\",\"name\":\"SES Creative\",\"url\":\"https:\\\/\\\/ses-creative.com\\\/\",\"logo\":{\"@type\":\"ImageObject\",\"inLanguage\":\"fr-FR\",\"@id\":\"https:\\\/\\\/ses-creative.com\\\/#\\\/schema\\\/logo\\\/image\\\/\",\"url\":\"https:\\\/\\\/ses-creative.com\\\/wp-content\\\/uploads\\\/2025\\\/10\\\/ses-creative-logo.jpg\",\"contentUrl\":\"https:\\\/\\\/ses-creative.com\\\/wp-content\\\/uploads\\\/2025\\\/10\\\/ses-creative-logo.jpg\",\"width\":2037,\"height\":2037,\"caption\":\"SES Creative\"},\"image\":{\"@id\":\"https:\\\/\\\/ses-creative.com\\\/#\\\/schema\\\/logo\\\/image\\\/\"}}]}<\/script>\n<!-- \/ Yoast SEO plugin. -->","yoast_head_json":{"title":"Slime marbr\u00e9 - Bleu et rose 200\u00a0g - SES Creative","robots":{"index":"index","follow":"follow","max-snippet":"max-snippet:-1","max-image-preview":"max-image-preview:large","max-video-preview":"max-video-preview:-1"},"canonical":"https:\/\/ses-creative.com\/fr\/produit\/slime-marbre-bleu-et-rose-200-g\/","og_locale":"fr_FR","og_type":"article","og_title":"Slime marbr\u00e9 - Bleu et rose 200\u00a0g - SES Creative","og_description":"Slime Time avec du slime marbr\u00e9 bleu et rose ! C&rsquo;est l&rsquo;heure du slime ! Tu n&rsquo;as pas peur de te salir les mains ? Alors ce slime marbr\u00e9 est exactement ce qu&rsquo;il te faut. Avec un m\u00e9lange de bleu et de rose, tu cr\u00e9es un effet marbr\u00e9 qui est non seulement super amusant \u00e0 [&hellip;]","og_url":"https:\/\/ses-creative.com\/fr\/produit\/slime-marbre-bleu-et-rose-200-g\/","og_site_name":"SES Creative","article_modified_time":"2026-02-12T10:23:17+00:00","twitter_card":"summary_large_image","twitter_misc":{"Dur\u00e9e de lecture estim\u00e9e":"2 minutes"},"schema":{"@context":"https:\/\/schema.org","@graph":[{"@type":"WebPage","@id":"https:\/\/ses-creative.com\/fr\/produit\/slime-marbre-bleu-et-rose-200-g\/","url":"https:\/\/ses-creative.com\/fr\/produit\/slime-marbre-bleu-et-rose-200-g\/","name":"Slime marbr\u00e9 - Bleu et rose 200\u00a0g - SES Creative","isPartOf":{"@id":"https:\/\/ses-creative.com\/#website"},"primaryImageOfPage":{"@id":"https:\/\/ses-creative.com\/fr\/produit\/slime-marbre-bleu-et-rose-200-g\/#primaryimage"},"image":{"@id":"https:\/\/ses-creative.com\/fr\/produit\/slime-marbre-bleu-et-rose-200-g\/#primaryimage"},"thumbnailUrl":"https:\/\/ses-creative.com\/wp-content\/uploads\/2026\/01\/150211.jpg","datePublished":"2026-02-12T10:09:51+00:00","dateModified":"2026-02-12T10:23:17+00:00","breadcrumb":{"@id":"https:\/\/ses-creative.com\/fr\/produit\/slime-marbre-bleu-et-rose-200-g\/#breadcrumb"},"inLanguage":"fr-FR","potentialAction":[{"@type":"ReadAction","target":["https:\/\/ses-creative.com\/fr\/produit\/slime-marbre-bleu-et-rose-200-g\/"]}]},{"@type":"ImageObject","inLanguage":"fr-FR","@id":"https:\/\/ses-creative.com\/fr\/produit\/slime-marbre-bleu-et-rose-200-g\/#primaryimage","url":"https:\/\/ses-creative.com\/wp-content\/uploads\/2026\/01\/150211.jpg","contentUrl":"https:\/\/ses-creative.com\/wp-content\/uploads\/2026\/01\/150211.jpg","width":1000,"height":1000},{"@type":"BreadcrumbList","@id":"https:\/\/ses-creative.com\/fr\/produit\/slime-marbre-bleu-et-rose-200-g\/#breadcrumb","itemListElement":[{"@type":"ListItem","position":1,"name":"Boutique","item":"https:\/\/ses-creative.com\/fr\/boutique\/"},{"@type":"ListItem","position":2,"name":"Slime","item":"https:\/\/ses-creative.com\/fr\/product-categorie\/slime\/"},{"@type":"ListItem","position":3,"name":"Slime marbr\u00e9 &#8211; Bleu et rose 200\u00a0g"}]},{"@type":"WebSite","@id":"https:\/\/ses-creative.com\/#website","url":"https:\/\/ses-creative.com\/","name":"SES Creative","description":"","publisher":{"@id":"https:\/\/ses-creative.com\/#organization"},"potentialAction":[{"@type":"SearchAction","target":{"@type":"EntryPoint","urlTemplate":"https:\/\/ses-creative.com\/?s={search_term_string}"},"query-input":{"@type":"PropertyValueSpecification","valueRequired":true,"valueName":"search_term_string"}}],"inLanguage":"fr-FR"},{"@type":"Organization","@id":"https:\/\/ses-creative.com\/#organization","name":"SES Creative","url":"https:\/\/ses-creative.com\/","logo":{"@type":"ImageObject","inLanguage":"fr-FR","@id":"https:\/\/ses-creative.com\/#\/schema\/logo\/image\/","url":"https:\/\/ses-creative.com\/wp-content\/uploads\/2025\/10\/ses-creative-logo.jpg","contentUrl":"https:\/\/ses-creative.com\/wp-content\/uploads\/2025\/10\/ses-creative-logo.jpg","width":2037,"height":2037,"caption":"SES Creative"},"image":{"@id":"https:\/\/ses-creative.com\/#\/schema\/logo\/image\/"}}]}},"_links":{"self":[{"href":"https:\/\/ses-creative.com\/fr\/wp-json\/wp\/v2\/product\/118463","targetHints":{"allow":["GET"]}}],"collection":[{"href":"https:\/\/ses-creative.com\/fr\/wp-json\/wp\/v2\/product"}],"about":[{"href":"https:\/\/ses-creative.com\/fr\/wp-json\/wp\/v2\/types\/product"}],"replies":[{"embeddable":true,"href":"https:\/\/ses-creative.com\/fr\/wp-json\/wp\/v2\/comments?post=118463"}],"wp:featuredmedia":[{"embeddable":true,"href":"https:\/\/ses-creative.com\/fr\/wp-json\/wp\/v2\/media\/105296"}],"wp:attachment":[{"href":"https:\/\/ses-creative.com\/fr\/wp-json\/wp\/v2\/media?parent=118463"}],"wp:term":[{"taxonomy":"product_brand","embeddable":true,"href":"https:\/\/ses-creative.com\/fr\/wp-json\/wp\/v2\/product_brand?post=118463"},{"taxonomy":"product_cat","embeddable":true,"href":"https:\/\/ses-creative.com\/fr\/wp-json\/wp\/v2\/product_cat?post=118463"},{"taxonomy":"product_tag","embeddable":true,"href":"https:\/\/ses-creative.com\/fr\/wp-json\/wp\/v2\/product_tag?post=118463"}],"curies":[{"name":"wp","href":"https:\/\/api.w.org\/{rel}","templated":true}]}}