











{"id":118462,"date":"2026-02-12T10:09:51","date_gmt":"2026-02-12T10:09:51","guid":{"rendered":"https:\/\/ses-creative.com\/?post_type=product&#038;p=118462"},"modified":"2026-02-12T10:23:17","modified_gmt":"2026-02-12T10:23:17","slug":"slime-melange-tout-mania","status":"publish","type":"product","link":"https:\/\/ses-creative.com\/fr\/produit\/slime-melange-tout-mania\/","title":{"rendered":"Slime &#8211; M\u00e9lange tout mania"},"content":{"rendered":"<p>Slime \u2013 Mix it Mania : un plaisir sans fin !<br \/>\nCe kit de slime Mix it Mania est le r\u00eave de tous les enfants ! Avec pas moins de 7 pots de slime, les possibilit\u00e9s sont infinies. M\u00e9langez les couleurs de slime ou ajoutez-y des perles, des boules en mousse, des \u00e9toiles phosphorescentes ou des pompons paillet\u00e9s. Tout est possible avec le kit Mix it Mania ! Le slime de SES Creative est sans danger pour les enfants et r\u00e9pond \u00e0 toutes les exigences de s\u00e9curit\u00e9.<br \/>\nCe qui rend ce kit g\u00e9nial<br \/>\n&#8211;    Commencez \u00e0 jouer imm\u00e9diatement avec le slime pr\u00eat \u00e0 l&#8217;emploi<br \/>\n&#8211;    De jolies perles, des boules et des \u00e9toiles phosphorescentes pour d\u00e9corer votre slime<br \/>\n&#8211;    Comprend une p\u00e2te \u00e0 modeler sp\u00e9ciale parfum\u00e9e, phosphorescente ou paillet\u00e9e<br \/>\n&#8211;    Le slime est facilement lavable<br \/>\n&#8211;    Le slime est s\u00fbr et adapt\u00e9 aux enfants. Fabriqu\u00e9 et test\u00e9 aux Pays-Bas<br \/>\nCr\u00e9ez votre propre slime magique<br \/>\nAvec ce kit, les enfants peuvent exp\u00e9rimenter \u00e0 l&rsquo;infini et cr\u00e9er leurs propres slims uniques. Les textures color\u00e9es et vari\u00e9es garantissent des heures de plaisir et stimulent la cr\u00e9ativit\u00e9 et l&rsquo;imagination des enfants.<br \/>\nLe kit Mix it Mania est parfait pour les enfants qui aiment bricoler et d\u00e9couvrir. Il est non seulement amusant, mais aussi s\u00fbr et facile \u00e0 nettoyer. Les parents peuvent \u00eatre assur\u00e9s que leurs enfants jouent avec un produit qui r\u00e9pond aux normes de s\u00e9curit\u00e9 les plus strictes.<br \/>\nContenu du kit<br \/>\n&#8211;    Slime dans les couleurs vert, bleu, violet paillet\u00e9, rose, rouge et transparent<br \/>\n&#8211;    Slime de diff\u00e9rentes couleurs, \u00e9paisseurs et parfums<br \/>\n&#8211;    Slime avec paillettes<br \/>\n&#8211;    Perles, pompons et \u00e9toiles phosphorescentes pour d\u00e9corer le slime<br \/>\nPourquoi choisir SES Creative ?<br \/>\nChez SES Creative, nous accordons une grande importance \u00e0 la s\u00e9curit\u00e9. C&rsquo;est pourquoi nos produits sont fabriqu\u00e9s et test\u00e9s dans notre usine aux Pays-Bas, conform\u00e9ment aux normes de s\u00e9curit\u00e9 europ\u00e9ennes les plus strictes. Les jouets SES Creative sont source de plaisir et permettent aux enfants d&rsquo;\u00eatre fiers de leur travail, ce qui stimule leur cr\u00e9ativit\u00e9 et leur d\u00e9veloppement.<br \/>\nCommencez d\u00e8s aujourd&rsquo;hui avec Mix it Mania<br \/>\nD\u00e9couvrez la magie du slime et laissez libre cours \u00e0 votre cr\u00e9ativit\u00e9 avec le kit Mix it Mania de SES Creative. Parfait pour s&rsquo;amuser sans fin !<\/p>\n","protected":false},"excerpt":{"rendered":"<p>Slime \u2013 Mix it Mania : un plaisir sans fin ! Ce kit de slime Mix it Mania est le r\u00eave de tous les enfants ! Avec pas moins de 7 pots de slime, les possibilit\u00e9s sont infinies. M\u00e9langez les couleurs de slime ou ajoutez-y des perles, des boules en mousse, des \u00e9toiles phosphorescentes ou [&hellip;]<\/p>\n","protected":false},"featured_media":105276,"comment_status":"closed","ping_status":"closed","template":"","meta":{"_acf_changed":false},"product_brand":[],"product_cat":[127],"product_tag":[],"class_list":{"0":"post-118462","1":"product","2":"type-product","3":"status-publish","4":"has-post-thumbnail","6":"product_cat-slime","7":"pa_collecties-slime-lab","8":"pa_leeftijd-filter-3-4-ans","9":"pa_meest-populair-bij-garcons-filles","11":"first","12":"instock","13":"shipping-taxable","14":"product-type-simple"},"acf":[],"yoast_head":"<!-- This site is optimized with the Yoast SEO plugin v27.4 - https:\/\/yoast.com\/product\/yoast-seo-wordpress\/ -->\n<title>Slime - M\u00e9lange tout mania - SES Creative<\/title>\n<meta name=\"robots\" content=\"index, follow, max-snippet:-1, max-image-preview:large, max-video-preview:-1\" \/>\n<link rel=\"canonical\" href=\"https:\/\/ses-creative.com\/fr\/produit\/slime-melange-tout-mania\/\" \/>\n<meta property=\"og:locale\" content=\"fr_FR\" \/>\n<meta property=\"og:type\" content=\"article\" \/>\n<meta property=\"og:title\" content=\"Slime - M\u00e9lange tout mania - SES Creative\" \/>\n<meta property=\"og:description\" content=\"Slime \u2013 Mix it Mania : un plaisir sans fin ! Ce kit de slime Mix it Mania est le r\u00eave de tous les enfants ! Avec pas moins de 7 pots de slime, les possibilit\u00e9s sont infinies. M\u00e9langez les couleurs de slime ou ajoutez-y des perles, des boules en mousse, des \u00e9toiles phosphorescentes ou [&hellip;]\" \/>\n<meta property=\"og:url\" content=\"https:\/\/ses-creative.com\/fr\/produit\/slime-melange-tout-mania\/\" \/>\n<meta property=\"og:site_name\" content=\"SES Creative\" \/>\n<meta property=\"article:modified_time\" content=\"2026-02-12T10:23:17+00:00\" \/>\n<meta name=\"twitter:card\" content=\"summary_large_image\" \/>\n<meta name=\"twitter:label1\" content=\"Dur\u00e9e de lecture estim\u00e9e\" \/>\n\t<meta name=\"twitter:data1\" content=\"2 minutes\" \/>\n<script type=\"application\/ld+json\" class=\"yoast-schema-graph\">{\"@context\":\"https:\\\/\\\/schema.org\",\"@graph\":[{\"@type\":\"WebPage\",\"@id\":\"https:\\\/\\\/ses-creative.com\\\/fr\\\/produit\\\/slime-melange-tout-mania\\\/\",\"url\":\"https:\\\/\\\/ses-creative.com\\\/fr\\\/produit\\\/slime-melange-tout-mania\\\/\",\"name\":\"Slime - M\u00e9lange tout mania - SES Creative\",\"isPartOf\":{\"@id\":\"https:\\\/\\\/ses-creative.com\\\/#website\"},\"primaryImageOfPage\":{\"@id\":\"https:\\\/\\\/ses-creative.com\\\/fr\\\/produit\\\/slime-melange-tout-mania\\\/#primaryimage\"},\"image\":{\"@id\":\"https:\\\/\\\/ses-creative.com\\\/fr\\\/produit\\\/slime-melange-tout-mania\\\/#primaryimage\"},\"thumbnailUrl\":\"https:\\\/\\\/ses-creative.com\\\/wp-content\\\/uploads\\\/2026\\\/01\\\/150191.jpg\",\"datePublished\":\"2026-02-12T10:09:51+00:00\",\"dateModified\":\"2026-02-12T10:23:17+00:00\",\"breadcrumb\":{\"@id\":\"https:\\\/\\\/ses-creative.com\\\/fr\\\/produit\\\/slime-melange-tout-mania\\\/#breadcrumb\"},\"inLanguage\":\"fr-FR\",\"potentialAction\":[{\"@type\":\"ReadAction\",\"target\":[\"https:\\\/\\\/ses-creative.com\\\/fr\\\/produit\\\/slime-melange-tout-mania\\\/\"]}]},{\"@type\":\"ImageObject\",\"inLanguage\":\"fr-FR\",\"@id\":\"https:\\\/\\\/ses-creative.com\\\/fr\\\/produit\\\/slime-melange-tout-mania\\\/#primaryimage\",\"url\":\"https:\\\/\\\/ses-creative.com\\\/wp-content\\\/uploads\\\/2026\\\/01\\\/150191.jpg\",\"contentUrl\":\"https:\\\/\\\/ses-creative.com\\\/wp-content\\\/uploads\\\/2026\\\/01\\\/150191.jpg\",\"width\":1000,\"height\":1000},{\"@type\":\"BreadcrumbList\",\"@id\":\"https:\\\/\\\/ses-creative.com\\\/fr\\\/produit\\\/slime-melange-tout-mania\\\/#breadcrumb\",\"itemListElement\":[{\"@type\":\"ListItem\",\"position\":1,\"name\":\"Boutique\",\"item\":\"https:\\\/\\\/ses-creative.com\\\/fr\\\/boutique\\\/\"},{\"@type\":\"ListItem\",\"position\":2,\"name\":\"Slime\",\"item\":\"https:\\\/\\\/ses-creative.com\\\/fr\\\/product-categorie\\\/slime\\\/\"},{\"@type\":\"ListItem\",\"position\":3,\"name\":\"Slime &#8211; M\u00e9lange tout mania\"}]},{\"@type\":\"WebSite\",\"@id\":\"https:\\\/\\\/ses-creative.com\\\/#website\",\"url\":\"https:\\\/\\\/ses-creative.com\\\/\",\"name\":\"SES Creative\",\"description\":\"\",\"publisher\":{\"@id\":\"https:\\\/\\\/ses-creative.com\\\/#organization\"},\"potentialAction\":[{\"@type\":\"SearchAction\",\"target\":{\"@type\":\"EntryPoint\",\"urlTemplate\":\"https:\\\/\\\/ses-creative.com\\\/?s={search_term_string}\"},\"query-input\":{\"@type\":\"PropertyValueSpecification\",\"valueRequired\":true,\"valueName\":\"search_term_string\"}}],\"inLanguage\":\"fr-FR\"},{\"@type\":\"Organization\",\"@id\":\"https:\\\/\\\/ses-creative.com\\\/#organization\",\"name\":\"SES Creative\",\"url\":\"https:\\\/\\\/ses-creative.com\\\/\",\"logo\":{\"@type\":\"ImageObject\",\"inLanguage\":\"fr-FR\",\"@id\":\"https:\\\/\\\/ses-creative.com\\\/#\\\/schema\\\/logo\\\/image\\\/\",\"url\":\"https:\\\/\\\/ses-creative.com\\\/wp-content\\\/uploads\\\/2025\\\/10\\\/ses-creative-logo.jpg\",\"contentUrl\":\"https:\\\/\\\/ses-creative.com\\\/wp-content\\\/uploads\\\/2025\\\/10\\\/ses-creative-logo.jpg\",\"width\":2037,\"height\":2037,\"caption\":\"SES Creative\"},\"image\":{\"@id\":\"https:\\\/\\\/ses-creative.com\\\/#\\\/schema\\\/logo\\\/image\\\/\"}}]}<\/script>\n<!-- \/ Yoast SEO plugin. -->","yoast_head_json":{"title":"Slime - M\u00e9lange tout mania - SES Creative","robots":{"index":"index","follow":"follow","max-snippet":"max-snippet:-1","max-image-preview":"max-image-preview:large","max-video-preview":"max-video-preview:-1"},"canonical":"https:\/\/ses-creative.com\/fr\/produit\/slime-melange-tout-mania\/","og_locale":"fr_FR","og_type":"article","og_title":"Slime - M\u00e9lange tout mania - SES Creative","og_description":"Slime \u2013 Mix it Mania : un plaisir sans fin ! Ce kit de slime Mix it Mania est le r\u00eave de tous les enfants ! Avec pas moins de 7 pots de slime, les possibilit\u00e9s sont infinies. M\u00e9langez les couleurs de slime ou ajoutez-y des perles, des boules en mousse, des \u00e9toiles phosphorescentes ou [&hellip;]","og_url":"https:\/\/ses-creative.com\/fr\/produit\/slime-melange-tout-mania\/","og_site_name":"SES Creative","article_modified_time":"2026-02-12T10:23:17+00:00","twitter_card":"summary_large_image","twitter_misc":{"Dur\u00e9e de lecture estim\u00e9e":"2 minutes"},"schema":{"@context":"https:\/\/schema.org","@graph":[{"@type":"WebPage","@id":"https:\/\/ses-creative.com\/fr\/produit\/slime-melange-tout-mania\/","url":"https:\/\/ses-creative.com\/fr\/produit\/slime-melange-tout-mania\/","name":"Slime - M\u00e9lange tout mania - SES Creative","isPartOf":{"@id":"https:\/\/ses-creative.com\/#website"},"primaryImageOfPage":{"@id":"https:\/\/ses-creative.com\/fr\/produit\/slime-melange-tout-mania\/#primaryimage"},"image":{"@id":"https:\/\/ses-creative.com\/fr\/produit\/slime-melange-tout-mania\/#primaryimage"},"thumbnailUrl":"https:\/\/ses-creative.com\/wp-content\/uploads\/2026\/01\/150191.jpg","datePublished":"2026-02-12T10:09:51+00:00","dateModified":"2026-02-12T10:23:17+00:00","breadcrumb":{"@id":"https:\/\/ses-creative.com\/fr\/produit\/slime-melange-tout-mania\/#breadcrumb"},"inLanguage":"fr-FR","potentialAction":[{"@type":"ReadAction","target":["https:\/\/ses-creative.com\/fr\/produit\/slime-melange-tout-mania\/"]}]},{"@type":"ImageObject","inLanguage":"fr-FR","@id":"https:\/\/ses-creative.com\/fr\/produit\/slime-melange-tout-mania\/#primaryimage","url":"https:\/\/ses-creative.com\/wp-content\/uploads\/2026\/01\/150191.jpg","contentUrl":"https:\/\/ses-creative.com\/wp-content\/uploads\/2026\/01\/150191.jpg","width":1000,"height":1000},{"@type":"BreadcrumbList","@id":"https:\/\/ses-creative.com\/fr\/produit\/slime-melange-tout-mania\/#breadcrumb","itemListElement":[{"@type":"ListItem","position":1,"name":"Boutique","item":"https:\/\/ses-creative.com\/fr\/boutique\/"},{"@type":"ListItem","position":2,"name":"Slime","item":"https:\/\/ses-creative.com\/fr\/product-categorie\/slime\/"},{"@type":"ListItem","position":3,"name":"Slime &#8211; M\u00e9lange tout mania"}]},{"@type":"WebSite","@id":"https:\/\/ses-creative.com\/#website","url":"https:\/\/ses-creative.com\/","name":"SES Creative","description":"","publisher":{"@id":"https:\/\/ses-creative.com\/#organization"},"potentialAction":[{"@type":"SearchAction","target":{"@type":"EntryPoint","urlTemplate":"https:\/\/ses-creative.com\/?s={search_term_string}"},"query-input":{"@type":"PropertyValueSpecification","valueRequired":true,"valueName":"search_term_string"}}],"inLanguage":"fr-FR"},{"@type":"Organization","@id":"https:\/\/ses-creative.com\/#organization","name":"SES Creative","url":"https:\/\/ses-creative.com\/","logo":{"@type":"ImageObject","inLanguage":"fr-FR","@id":"https:\/\/ses-creative.com\/#\/schema\/logo\/image\/","url":"https:\/\/ses-creative.com\/wp-content\/uploads\/2025\/10\/ses-creative-logo.jpg","contentUrl":"https:\/\/ses-creative.com\/wp-content\/uploads\/2025\/10\/ses-creative-logo.jpg","width":2037,"height":2037,"caption":"SES Creative"},"image":{"@id":"https:\/\/ses-creative.com\/#\/schema\/logo\/image\/"}}]}},"_links":{"self":[{"href":"https:\/\/ses-creative.com\/fr\/wp-json\/wp\/v2\/product\/118462","targetHints":{"allow":["GET"]}}],"collection":[{"href":"https:\/\/ses-creative.com\/fr\/wp-json\/wp\/v2\/product"}],"about":[{"href":"https:\/\/ses-creative.com\/fr\/wp-json\/wp\/v2\/types\/product"}],"replies":[{"embeddable":true,"href":"https:\/\/ses-creative.com\/fr\/wp-json\/wp\/v2\/comments?post=118462"}],"wp:featuredmedia":[{"embeddable":true,"href":"https:\/\/ses-creative.com\/fr\/wp-json\/wp\/v2\/media\/105276"}],"wp:attachment":[{"href":"https:\/\/ses-creative.com\/fr\/wp-json\/wp\/v2\/media?parent=118462"}],"wp:term":[{"taxonomy":"product_brand","embeddable":true,"href":"https:\/\/ses-creative.com\/fr\/wp-json\/wp\/v2\/product_brand?post=118462"},{"taxonomy":"product_cat","embeddable":true,"href":"https:\/\/ses-creative.com\/fr\/wp-json\/wp\/v2\/product_cat?post=118462"},{"taxonomy":"product_tag","embeddable":true,"href":"https:\/\/ses-creative.com\/fr\/wp-json\/wp\/v2\/product_tag?post=118462"}],"curies":[{"name":"wp","href":"https:\/\/api.w.org\/{rel}","templated":true}]}}