











{"id":118461,"date":"2026-02-12T10:09:51","date_gmt":"2026-02-12T10:09:51","guid":{"rendered":"https:\/\/ses-creative.com\/?post_type=product&#038;p=118461"},"modified":"2026-02-12T10:23:17","modified_gmt":"2026-02-12T10:23:17","slug":"slime-melangez-des-potions-magiques","status":"publish","type":"product","link":"https:\/\/ses-creative.com\/fr\/produit\/slime-melangez-des-potions-magiques\/","title":{"rendered":"Slime &#8211; M\u00e9langez des potions magiques"},"content":{"rendered":"<p>Cr\u00e9ez vos propres potions !<br \/>\nEntrez dans un monde plein de magie et de cr\u00e9ativit\u00e9 avec le kit Slime &#8211; Mix it magic potions ! Parfait pour les jeunes sorciers et les fans de slime, ce kit enchanteur permet aux enfants de cr\u00e9er leurs propres potions magiques avec du slime color\u00e9 et des perles magiques. Du m\u00e9lange de la potion magique parfaite \u00e0 la d\u00e9coration d&rsquo;adorables flacons, ce kit offre des possibilit\u00e9s infinies pour un jeu imaginatif. Les enfants peuvent inventer des histoires autour de leurs potions magiques, les partager avec leurs amis ou exposer fi\u00e8rement leurs cr\u00e9ations.<br \/>\nCe qui rend ce kit g\u00e9nial<br \/>\n&#8211;    Cr\u00e9ez des potions magiques uniques avec ce kit et devenez un ma\u00eetre des potions<br \/>\n&#8211;    Diff\u00e9rentes couleurs et perles pour les personnaliser \u00e0 votre guise<br \/>\n&#8211;    Stimule la cr\u00e9ativit\u00e9 et l&rsquo;imagination<br \/>\n&#8211; D\u00e9corez avec des autocollants<br \/>\n&#8211;    Exp\u00e9rimentez et d\u00e9couvrez avec ce kit de fabrication de slime et explorez le monde des exp\u00e9riences scientifiques<br \/>\nPotions magiques avec du slime<br \/>\nLa fabrication de potions magiques est simple et amusante : les enfants peuvent m\u00e9langer les colorants avec la p\u00e2te, ajouter des perles pour un effet scintillant et verser leurs cr\u00e9ations dans les flacons. Le kit contient tout le n\u00e9cessaire pour cr\u00e9er cinq potions magiques uniques : gu\u00e9rison, force, d\u00e9tente, amour et \u00e9nergie. Une fois les potions magiques pr\u00eates, les flacons peuvent \u00eatre d\u00e9cor\u00e9s avec les autocollants paillet\u00e9s inclus dans le kit, les transformant ainsi en magnifiques vitrines de cr\u00e9ativit\u00e9 magique. Le kit Slime &#8211; Mix it magic potions stimule la motricit\u00e9 fine, la cr\u00e9ativit\u00e9 et le jeu imaginatif.<br \/>\nContenu du kit<br \/>\n&#8211;    5 flacons de potions magiques<br \/>\n&#8211;    Tout le n\u00e9cessaire pour fabriquer du slime de diff\u00e9rentes couleurs (rouge, jaune, bleu)<br \/>\n&#8211;    Perles et autocollants<br \/>\n&#8211;    Instructions<br \/>\nPourquoi choisir SES Creative ?<br \/>\nChez SES Creative, nous accordons une grande importance \u00e0 la s\u00e9curit\u00e9. C&rsquo;est pourquoi nos produits sont fabriqu\u00e9s et test\u00e9s dans notre usine aux Pays-Bas, conform\u00e9ment aux normes de s\u00e9curit\u00e9 europ\u00e9ennes les plus strictes. Les jouets SES Creative sont source de plaisir et permettent aux enfants d&rsquo;\u00eatre fiers de leur travail, ce qui stimule leur cr\u00e9ativit\u00e9 et leur d\u00e9veloppement.<br \/>\nAdoptez le kit Slime &#8211; Mix it magic potions<br \/>\nLaissez libre cours \u00e0 la cr\u00e9ativit\u00e9 de votre enfant. Qu&rsquo;il s&rsquo;agisse de m\u00e9langer des potions magiques color\u00e9es ou de d\u00e9corer des flacons enchanteurs, ce kit stimulera son imagination et inspirera des aventures magiques. Que le plaisir des potions magiques commence !<\/p>\n","protected":false},"excerpt":{"rendered":"<p>Cr\u00e9ez vos propres potions ! Entrez dans un monde plein de magie et de cr\u00e9ativit\u00e9 avec le kit Slime &#8211; Mix it magic potions ! Parfait pour les jeunes sorciers et les fans de slime, ce kit enchanteur permet aux enfants de cr\u00e9er leurs propres potions magiques avec du slime color\u00e9 et des perles magiques. [&hellip;]<\/p>\n","protected":false},"featured_media":105256,"comment_status":"closed","ping_status":"closed","template":"","meta":{"_acf_changed":false},"product_brand":[],"product_cat":[127],"product_tag":[],"class_list":{"0":"post-118461","1":"product","2":"type-product","3":"status-publish","4":"has-post-thumbnail","6":"product_cat-slime","7":"pa_collecties-slime-lab","8":"pa_leeftijd-filter-4-6-ans","9":"pa_meest-populair-bij-garcons-filles","11":"first","12":"instock","13":"shipping-taxable","14":"product-type-simple"},"acf":[],"yoast_head":"<!-- This site is optimized with the Yoast SEO plugin v27.4 - https:\/\/yoast.com\/product\/yoast-seo-wordpress\/ -->\n<title>Slime - M\u00e9langez des potions magiques - SES Creative<\/title>\n<meta name=\"robots\" content=\"index, follow, max-snippet:-1, max-image-preview:large, max-video-preview:-1\" \/>\n<link rel=\"canonical\" href=\"https:\/\/ses-creative.com\/fr\/produit\/slime-melangez-des-potions-magiques\/\" \/>\n<meta property=\"og:locale\" content=\"fr_FR\" \/>\n<meta property=\"og:type\" content=\"article\" \/>\n<meta property=\"og:title\" content=\"Slime - M\u00e9langez des potions magiques - SES Creative\" \/>\n<meta property=\"og:description\" content=\"Cr\u00e9ez vos propres potions ! Entrez dans un monde plein de magie et de cr\u00e9ativit\u00e9 avec le kit Slime &#8211; Mix it magic potions ! Parfait pour les jeunes sorciers et les fans de slime, ce kit enchanteur permet aux enfants de cr\u00e9er leurs propres potions magiques avec du slime color\u00e9 et des perles magiques. [&hellip;]\" \/>\n<meta property=\"og:url\" content=\"https:\/\/ses-creative.com\/fr\/produit\/slime-melangez-des-potions-magiques\/\" \/>\n<meta property=\"og:site_name\" content=\"SES Creative\" \/>\n<meta property=\"article:modified_time\" content=\"2026-02-12T10:23:17+00:00\" \/>\n<meta name=\"twitter:card\" content=\"summary_large_image\" \/>\n<meta name=\"twitter:label1\" content=\"Dur\u00e9e de lecture estim\u00e9e\" \/>\n\t<meta name=\"twitter:data1\" content=\"2 minutes\" \/>\n<script type=\"application\/ld+json\" class=\"yoast-schema-graph\">{\"@context\":\"https:\\\/\\\/schema.org\",\"@graph\":[{\"@type\":\"WebPage\",\"@id\":\"https:\\\/\\\/ses-creative.com\\\/fr\\\/produit\\\/slime-melangez-des-potions-magiques\\\/\",\"url\":\"https:\\\/\\\/ses-creative.com\\\/fr\\\/produit\\\/slime-melangez-des-potions-magiques\\\/\",\"name\":\"Slime - M\u00e9langez des potions magiques - SES Creative\",\"isPartOf\":{\"@id\":\"https:\\\/\\\/ses-creative.com\\\/#website\"},\"primaryImageOfPage\":{\"@id\":\"https:\\\/\\\/ses-creative.com\\\/fr\\\/produit\\\/slime-melangez-des-potions-magiques\\\/#primaryimage\"},\"image\":{\"@id\":\"https:\\\/\\\/ses-creative.com\\\/fr\\\/produit\\\/slime-melangez-des-potions-magiques\\\/#primaryimage\"},\"thumbnailUrl\":\"https:\\\/\\\/ses-creative.com\\\/wp-content\\\/uploads\\\/2026\\\/01\\\/150181.jpg\",\"datePublished\":\"2026-02-12T10:09:51+00:00\",\"dateModified\":\"2026-02-12T10:23:17+00:00\",\"breadcrumb\":{\"@id\":\"https:\\\/\\\/ses-creative.com\\\/fr\\\/produit\\\/slime-melangez-des-potions-magiques\\\/#breadcrumb\"},\"inLanguage\":\"fr-FR\",\"potentialAction\":[{\"@type\":\"ReadAction\",\"target\":[\"https:\\\/\\\/ses-creative.com\\\/fr\\\/produit\\\/slime-melangez-des-potions-magiques\\\/\"]}]},{\"@type\":\"ImageObject\",\"inLanguage\":\"fr-FR\",\"@id\":\"https:\\\/\\\/ses-creative.com\\\/fr\\\/produit\\\/slime-melangez-des-potions-magiques\\\/#primaryimage\",\"url\":\"https:\\\/\\\/ses-creative.com\\\/wp-content\\\/uploads\\\/2026\\\/01\\\/150181.jpg\",\"contentUrl\":\"https:\\\/\\\/ses-creative.com\\\/wp-content\\\/uploads\\\/2026\\\/01\\\/150181.jpg\",\"width\":1000,\"height\":1000},{\"@type\":\"BreadcrumbList\",\"@id\":\"https:\\\/\\\/ses-creative.com\\\/fr\\\/produit\\\/slime-melangez-des-potions-magiques\\\/#breadcrumb\",\"itemListElement\":[{\"@type\":\"ListItem\",\"position\":1,\"name\":\"Boutique\",\"item\":\"https:\\\/\\\/ses-creative.com\\\/fr\\\/boutique\\\/\"},{\"@type\":\"ListItem\",\"position\":2,\"name\":\"Slime\",\"item\":\"https:\\\/\\\/ses-creative.com\\\/fr\\\/product-categorie\\\/slime\\\/\"},{\"@type\":\"ListItem\",\"position\":3,\"name\":\"Slime &#8211; M\u00e9langez des potions magiques\"}]},{\"@type\":\"WebSite\",\"@id\":\"https:\\\/\\\/ses-creative.com\\\/#website\",\"url\":\"https:\\\/\\\/ses-creative.com\\\/\",\"name\":\"SES Creative\",\"description\":\"\",\"publisher\":{\"@id\":\"https:\\\/\\\/ses-creative.com\\\/#organization\"},\"potentialAction\":[{\"@type\":\"SearchAction\",\"target\":{\"@type\":\"EntryPoint\",\"urlTemplate\":\"https:\\\/\\\/ses-creative.com\\\/?s={search_term_string}\"},\"query-input\":{\"@type\":\"PropertyValueSpecification\",\"valueRequired\":true,\"valueName\":\"search_term_string\"}}],\"inLanguage\":\"fr-FR\"},{\"@type\":\"Organization\",\"@id\":\"https:\\\/\\\/ses-creative.com\\\/#organization\",\"name\":\"SES Creative\",\"url\":\"https:\\\/\\\/ses-creative.com\\\/\",\"logo\":{\"@type\":\"ImageObject\",\"inLanguage\":\"fr-FR\",\"@id\":\"https:\\\/\\\/ses-creative.com\\\/#\\\/schema\\\/logo\\\/image\\\/\",\"url\":\"https:\\\/\\\/ses-creative.com\\\/wp-content\\\/uploads\\\/2025\\\/10\\\/ses-creative-logo.jpg\",\"contentUrl\":\"https:\\\/\\\/ses-creative.com\\\/wp-content\\\/uploads\\\/2025\\\/10\\\/ses-creative-logo.jpg\",\"width\":2037,\"height\":2037,\"caption\":\"SES Creative\"},\"image\":{\"@id\":\"https:\\\/\\\/ses-creative.com\\\/#\\\/schema\\\/logo\\\/image\\\/\"}}]}<\/script>\n<!-- \/ Yoast SEO plugin. -->","yoast_head_json":{"title":"Slime - M\u00e9langez des potions magiques - SES Creative","robots":{"index":"index","follow":"follow","max-snippet":"max-snippet:-1","max-image-preview":"max-image-preview:large","max-video-preview":"max-video-preview:-1"},"canonical":"https:\/\/ses-creative.com\/fr\/produit\/slime-melangez-des-potions-magiques\/","og_locale":"fr_FR","og_type":"article","og_title":"Slime - M\u00e9langez des potions magiques - SES Creative","og_description":"Cr\u00e9ez vos propres potions ! Entrez dans un monde plein de magie et de cr\u00e9ativit\u00e9 avec le kit Slime &#8211; Mix it magic potions ! Parfait pour les jeunes sorciers et les fans de slime, ce kit enchanteur permet aux enfants de cr\u00e9er leurs propres potions magiques avec du slime color\u00e9 et des perles magiques. [&hellip;]","og_url":"https:\/\/ses-creative.com\/fr\/produit\/slime-melangez-des-potions-magiques\/","og_site_name":"SES Creative","article_modified_time":"2026-02-12T10:23:17+00:00","twitter_card":"summary_large_image","twitter_misc":{"Dur\u00e9e de lecture estim\u00e9e":"2 minutes"},"schema":{"@context":"https:\/\/schema.org","@graph":[{"@type":"WebPage","@id":"https:\/\/ses-creative.com\/fr\/produit\/slime-melangez-des-potions-magiques\/","url":"https:\/\/ses-creative.com\/fr\/produit\/slime-melangez-des-potions-magiques\/","name":"Slime - M\u00e9langez des potions magiques - SES Creative","isPartOf":{"@id":"https:\/\/ses-creative.com\/#website"},"primaryImageOfPage":{"@id":"https:\/\/ses-creative.com\/fr\/produit\/slime-melangez-des-potions-magiques\/#primaryimage"},"image":{"@id":"https:\/\/ses-creative.com\/fr\/produit\/slime-melangez-des-potions-magiques\/#primaryimage"},"thumbnailUrl":"https:\/\/ses-creative.com\/wp-content\/uploads\/2026\/01\/150181.jpg","datePublished":"2026-02-12T10:09:51+00:00","dateModified":"2026-02-12T10:23:17+00:00","breadcrumb":{"@id":"https:\/\/ses-creative.com\/fr\/produit\/slime-melangez-des-potions-magiques\/#breadcrumb"},"inLanguage":"fr-FR","potentialAction":[{"@type":"ReadAction","target":["https:\/\/ses-creative.com\/fr\/produit\/slime-melangez-des-potions-magiques\/"]}]},{"@type":"ImageObject","inLanguage":"fr-FR","@id":"https:\/\/ses-creative.com\/fr\/produit\/slime-melangez-des-potions-magiques\/#primaryimage","url":"https:\/\/ses-creative.com\/wp-content\/uploads\/2026\/01\/150181.jpg","contentUrl":"https:\/\/ses-creative.com\/wp-content\/uploads\/2026\/01\/150181.jpg","width":1000,"height":1000},{"@type":"BreadcrumbList","@id":"https:\/\/ses-creative.com\/fr\/produit\/slime-melangez-des-potions-magiques\/#breadcrumb","itemListElement":[{"@type":"ListItem","position":1,"name":"Boutique","item":"https:\/\/ses-creative.com\/fr\/boutique\/"},{"@type":"ListItem","position":2,"name":"Slime","item":"https:\/\/ses-creative.com\/fr\/product-categorie\/slime\/"},{"@type":"ListItem","position":3,"name":"Slime &#8211; M\u00e9langez des potions magiques"}]},{"@type":"WebSite","@id":"https:\/\/ses-creative.com\/#website","url":"https:\/\/ses-creative.com\/","name":"SES Creative","description":"","publisher":{"@id":"https:\/\/ses-creative.com\/#organization"},"potentialAction":[{"@type":"SearchAction","target":{"@type":"EntryPoint","urlTemplate":"https:\/\/ses-creative.com\/?s={search_term_string}"},"query-input":{"@type":"PropertyValueSpecification","valueRequired":true,"valueName":"search_term_string"}}],"inLanguage":"fr-FR"},{"@type":"Organization","@id":"https:\/\/ses-creative.com\/#organization","name":"SES Creative","url":"https:\/\/ses-creative.com\/","logo":{"@type":"ImageObject","inLanguage":"fr-FR","@id":"https:\/\/ses-creative.com\/#\/schema\/logo\/image\/","url":"https:\/\/ses-creative.com\/wp-content\/uploads\/2025\/10\/ses-creative-logo.jpg","contentUrl":"https:\/\/ses-creative.com\/wp-content\/uploads\/2025\/10\/ses-creative-logo.jpg","width":2037,"height":2037,"caption":"SES Creative"},"image":{"@id":"https:\/\/ses-creative.com\/#\/schema\/logo\/image\/"}}]}},"_links":{"self":[{"href":"https:\/\/ses-creative.com\/fr\/wp-json\/wp\/v2\/product\/118461","targetHints":{"allow":["GET"]}}],"collection":[{"href":"https:\/\/ses-creative.com\/fr\/wp-json\/wp\/v2\/product"}],"about":[{"href":"https:\/\/ses-creative.com\/fr\/wp-json\/wp\/v2\/types\/product"}],"replies":[{"embeddable":true,"href":"https:\/\/ses-creative.com\/fr\/wp-json\/wp\/v2\/comments?post=118461"}],"wp:featuredmedia":[{"embeddable":true,"href":"https:\/\/ses-creative.com\/fr\/wp-json\/wp\/v2\/media\/105256"}],"wp:attachment":[{"href":"https:\/\/ses-creative.com\/fr\/wp-json\/wp\/v2\/media?parent=118461"}],"wp:term":[{"taxonomy":"product_brand","embeddable":true,"href":"https:\/\/ses-creative.com\/fr\/wp-json\/wp\/v2\/product_brand?post=118461"},{"taxonomy":"product_cat","embeddable":true,"href":"https:\/\/ses-creative.com\/fr\/wp-json\/wp\/v2\/product_cat?post=118461"},{"taxonomy":"product_tag","embeddable":true,"href":"https:\/\/ses-creative.com\/fr\/wp-json\/wp\/v2\/product_tag?post=118461"}],"curies":[{"name":"wp","href":"https:\/\/api.w.org\/{rel}","templated":true}]}}