











{"id":118460,"date":"2026-02-12T10:09:51","date_gmt":"2026-02-12T10:09:51","guid":{"rendered":"https:\/\/ses-creative.com\/?post_type=product&#038;p=118460"},"modified":"2026-02-12T10:23:17","modified_gmt":"2026-02-12T10:23:17","slug":"labo-de-couleurs-de-slime-licorne","status":"publish","type":"product","link":"https:\/\/ses-creative.com\/fr\/produit\/labo-de-couleurs-de-slime-licorne\/","title":{"rendered":"Labo de couleurs de slime &#8211; Licorne"},"content":{"rendered":"<p>Cr\u00e9ez un slime magique avec le laboratoire de couleurs Unicorn !<br \/>\nC&rsquo;est l&rsquo;heure du slime ! Avec ce laboratoire de couleurs pour slime, les enfants peuvent cr\u00e9er leur propre slime licorne magique. M\u00e9langez les diff\u00e9rentes couleurs et cr\u00e9ez vos propres slimes uniques. Ajoutez des paillettes et d&rsquo;autres surprises pour rendre votre slime encore plus sp\u00e9cial. Parfait pour les jeunes scientifiques qui aiment les licornes et les exp\u00e9riences !<br \/>\nCe qui rend ce kit g\u00e9nial<br \/>\n&#8211;    M\u00e9langez vous-m\u00eame les couleurs de votre slime<br \/>\n&#8211;    Cr\u00e9ez diff\u00e9rents types de slime licorne<br \/>\n&#8211;    Stimule la cr\u00e9ativit\u00e9 et l&rsquo;exp\u00e9rimentation<br \/>\n&#8211;    S\u00fbr et facile \u00e0 utiliser<br \/>\n&#8211;    Parfait pour les enfants \u00e0 partir de 5 ans<br \/>\nD\u00e9couvrez le plaisir de cr\u00e9er du slime<br \/>\nAvec ce kit, les enfants peuvent cr\u00e9er leur propre slime magique en m\u00e9langeant des couleurs et des paillettes. Le th\u00e8me unique de la licorne rend ce kit encore plus sp\u00e9cial et garantit un plaisir de jeu sans fin. Id\u00e9al pour les enfants qui aiment exp\u00e9rimenter et bricoler.<br \/>\nCe kit est id\u00e9al pour les parents qui souhaitent faire profiter leurs enfants d&rsquo;une activit\u00e9 cr\u00e9ative et \u00e9ducative. Il offre une fa\u00e7on amusante de jouer et d&rsquo;exp\u00e9rimenter, tout en stimulant la cr\u00e9ativit\u00e9 et la curiosit\u00e9 de votre enfant.<br \/>\nContenu du kit<br \/>\n&#8211;    Flacon licorne<br \/>\n&#8211;    Slime transparent<br \/>\n&#8211; Colorant bleu et rouge<br \/>\n&#8211;    Tout le n\u00e9cessaire pour m\u00e9langer les couleurs<br \/>\n&#8211;    Instructions<br \/>\nPourquoi choisir SES Creative ?<br \/>\nChez SES Creative, nous accordons une grande importance \u00e0 la s\u00e9curit\u00e9. C&rsquo;est pourquoi nos produits sont fabriqu\u00e9s et test\u00e9s dans notre usine aux Pays-Bas, conform\u00e9ment aux normes de s\u00e9curit\u00e9 europ\u00e9ennes les plus strictes. Les jouets SES Creative sont source de plaisir et permettent aux enfants d&rsquo;\u00eatre fiers de leur travail, ce qui stimule leur cr\u00e9ativit\u00e9 et leur d\u00e9veloppement.<br \/>\nCommencez d\u00e8s aujourd&rsquo;hui \u00e0 cr\u00e9er votre slime licorne<br \/>\nD\u00e9couvrez le plaisir de cr\u00e9er du slime avec ce laboratoire magique aux couleurs de licorne. Parfait pour des heures de jeu cr\u00e9atif !<\/p>\n","protected":false},"excerpt":{"rendered":"<p>Cr\u00e9ez un slime magique avec le laboratoire de couleurs Unicorn ! C&rsquo;est l&rsquo;heure du slime ! Avec ce laboratoire de couleurs pour slime, les enfants peuvent cr\u00e9er leur propre slime licorne magique. M\u00e9langez les diff\u00e9rentes couleurs et cr\u00e9ez vos propres slimes uniques. Ajoutez des paillettes et d&rsquo;autres surprises pour rendre votre slime encore plus sp\u00e9cial. [&hellip;]<\/p>\n","protected":false},"featured_media":105236,"comment_status":"closed","ping_status":"closed","template":"","meta":{"_acf_changed":false},"product_brand":[],"product_cat":[127],"product_tag":[],"class_list":{"0":"post-118460","1":"product","2":"type-product","3":"status-publish","4":"has-post-thumbnail","6":"product_cat-slime","7":"pa_collecties-slime-lab","8":"pa_leeftijd-filter-4-6-ans","9":"pa_meest-populair-bij-garcons-filles","11":"first","12":"instock","13":"shipping-taxable","14":"product-type-simple"},"acf":[],"yoast_head":"<!-- This site is optimized with the Yoast SEO plugin v27.4 - https:\/\/yoast.com\/product\/yoast-seo-wordpress\/ -->\n<title>Labo de couleurs de slime - Licorne - SES Creative<\/title>\n<meta name=\"robots\" content=\"index, follow, max-snippet:-1, max-image-preview:large, max-video-preview:-1\" \/>\n<link rel=\"canonical\" href=\"https:\/\/ses-creative.com\/fr\/produit\/labo-de-couleurs-de-slime-licorne\/\" \/>\n<meta property=\"og:locale\" content=\"fr_FR\" \/>\n<meta property=\"og:type\" content=\"article\" \/>\n<meta property=\"og:title\" content=\"Labo de couleurs de slime - Licorne - SES Creative\" \/>\n<meta property=\"og:description\" content=\"Cr\u00e9ez un slime magique avec le laboratoire de couleurs Unicorn ! C&rsquo;est l&rsquo;heure du slime ! Avec ce laboratoire de couleurs pour slime, les enfants peuvent cr\u00e9er leur propre slime licorne magique. M\u00e9langez les diff\u00e9rentes couleurs et cr\u00e9ez vos propres slimes uniques. Ajoutez des paillettes et d&rsquo;autres surprises pour rendre votre slime encore plus sp\u00e9cial. [&hellip;]\" \/>\n<meta property=\"og:url\" content=\"https:\/\/ses-creative.com\/fr\/produit\/labo-de-couleurs-de-slime-licorne\/\" \/>\n<meta property=\"og:site_name\" content=\"SES Creative\" \/>\n<meta property=\"article:modified_time\" content=\"2026-02-12T10:23:17+00:00\" \/>\n<meta name=\"twitter:card\" content=\"summary_large_image\" \/>\n<meta name=\"twitter:label1\" content=\"Dur\u00e9e de lecture estim\u00e9e\" \/>\n\t<meta name=\"twitter:data1\" content=\"2 minutes\" \/>\n<script type=\"application\/ld+json\" class=\"yoast-schema-graph\">{\"@context\":\"https:\\\/\\\/schema.org\",\"@graph\":[{\"@type\":\"WebPage\",\"@id\":\"https:\\\/\\\/ses-creative.com\\\/fr\\\/produit\\\/labo-de-couleurs-de-slime-licorne\\\/\",\"url\":\"https:\\\/\\\/ses-creative.com\\\/fr\\\/produit\\\/labo-de-couleurs-de-slime-licorne\\\/\",\"name\":\"Labo de couleurs de slime - Licorne - SES Creative\",\"isPartOf\":{\"@id\":\"https:\\\/\\\/ses-creative.com\\\/#website\"},\"primaryImageOfPage\":{\"@id\":\"https:\\\/\\\/ses-creative.com\\\/fr\\\/produit\\\/labo-de-couleurs-de-slime-licorne\\\/#primaryimage\"},\"image\":{\"@id\":\"https:\\\/\\\/ses-creative.com\\\/fr\\\/produit\\\/labo-de-couleurs-de-slime-licorne\\\/#primaryimage\"},\"thumbnailUrl\":\"https:\\\/\\\/ses-creative.com\\\/wp-content\\\/uploads\\\/2026\\\/01\\\/150161.jpg\",\"datePublished\":\"2026-02-12T10:09:51+00:00\",\"dateModified\":\"2026-02-12T10:23:17+00:00\",\"breadcrumb\":{\"@id\":\"https:\\\/\\\/ses-creative.com\\\/fr\\\/produit\\\/labo-de-couleurs-de-slime-licorne\\\/#breadcrumb\"},\"inLanguage\":\"fr-FR\",\"potentialAction\":[{\"@type\":\"ReadAction\",\"target\":[\"https:\\\/\\\/ses-creative.com\\\/fr\\\/produit\\\/labo-de-couleurs-de-slime-licorne\\\/\"]}]},{\"@type\":\"ImageObject\",\"inLanguage\":\"fr-FR\",\"@id\":\"https:\\\/\\\/ses-creative.com\\\/fr\\\/produit\\\/labo-de-couleurs-de-slime-licorne\\\/#primaryimage\",\"url\":\"https:\\\/\\\/ses-creative.com\\\/wp-content\\\/uploads\\\/2026\\\/01\\\/150161.jpg\",\"contentUrl\":\"https:\\\/\\\/ses-creative.com\\\/wp-content\\\/uploads\\\/2026\\\/01\\\/150161.jpg\",\"width\":1000,\"height\":1000},{\"@type\":\"BreadcrumbList\",\"@id\":\"https:\\\/\\\/ses-creative.com\\\/fr\\\/produit\\\/labo-de-couleurs-de-slime-licorne\\\/#breadcrumb\",\"itemListElement\":[{\"@type\":\"ListItem\",\"position\":1,\"name\":\"Boutique\",\"item\":\"https:\\\/\\\/ses-creative.com\\\/fr\\\/boutique\\\/\"},{\"@type\":\"ListItem\",\"position\":2,\"name\":\"Slime\",\"item\":\"https:\\\/\\\/ses-creative.com\\\/fr\\\/product-categorie\\\/slime\\\/\"},{\"@type\":\"ListItem\",\"position\":3,\"name\":\"Labo de couleurs de slime &#8211; Licorne\"}]},{\"@type\":\"WebSite\",\"@id\":\"https:\\\/\\\/ses-creative.com\\\/#website\",\"url\":\"https:\\\/\\\/ses-creative.com\\\/\",\"name\":\"SES Creative\",\"description\":\"\",\"publisher\":{\"@id\":\"https:\\\/\\\/ses-creative.com\\\/#organization\"},\"potentialAction\":[{\"@type\":\"SearchAction\",\"target\":{\"@type\":\"EntryPoint\",\"urlTemplate\":\"https:\\\/\\\/ses-creative.com\\\/?s={search_term_string}\"},\"query-input\":{\"@type\":\"PropertyValueSpecification\",\"valueRequired\":true,\"valueName\":\"search_term_string\"}}],\"inLanguage\":\"fr-FR\"},{\"@type\":\"Organization\",\"@id\":\"https:\\\/\\\/ses-creative.com\\\/#organization\",\"name\":\"SES Creative\",\"url\":\"https:\\\/\\\/ses-creative.com\\\/\",\"logo\":{\"@type\":\"ImageObject\",\"inLanguage\":\"fr-FR\",\"@id\":\"https:\\\/\\\/ses-creative.com\\\/#\\\/schema\\\/logo\\\/image\\\/\",\"url\":\"https:\\\/\\\/ses-creative.com\\\/wp-content\\\/uploads\\\/2025\\\/10\\\/ses-creative-logo.jpg\",\"contentUrl\":\"https:\\\/\\\/ses-creative.com\\\/wp-content\\\/uploads\\\/2025\\\/10\\\/ses-creative-logo.jpg\",\"width\":2037,\"height\":2037,\"caption\":\"SES Creative\"},\"image\":{\"@id\":\"https:\\\/\\\/ses-creative.com\\\/#\\\/schema\\\/logo\\\/image\\\/\"}}]}<\/script>\n<!-- \/ Yoast SEO plugin. -->","yoast_head_json":{"title":"Labo de couleurs de slime - Licorne - SES Creative","robots":{"index":"index","follow":"follow","max-snippet":"max-snippet:-1","max-image-preview":"max-image-preview:large","max-video-preview":"max-video-preview:-1"},"canonical":"https:\/\/ses-creative.com\/fr\/produit\/labo-de-couleurs-de-slime-licorne\/","og_locale":"fr_FR","og_type":"article","og_title":"Labo de couleurs de slime - Licorne - SES Creative","og_description":"Cr\u00e9ez un slime magique avec le laboratoire de couleurs Unicorn ! C&rsquo;est l&rsquo;heure du slime ! Avec ce laboratoire de couleurs pour slime, les enfants peuvent cr\u00e9er leur propre slime licorne magique. M\u00e9langez les diff\u00e9rentes couleurs et cr\u00e9ez vos propres slimes uniques. Ajoutez des paillettes et d&rsquo;autres surprises pour rendre votre slime encore plus sp\u00e9cial. [&hellip;]","og_url":"https:\/\/ses-creative.com\/fr\/produit\/labo-de-couleurs-de-slime-licorne\/","og_site_name":"SES Creative","article_modified_time":"2026-02-12T10:23:17+00:00","twitter_card":"summary_large_image","twitter_misc":{"Dur\u00e9e de lecture estim\u00e9e":"2 minutes"},"schema":{"@context":"https:\/\/schema.org","@graph":[{"@type":"WebPage","@id":"https:\/\/ses-creative.com\/fr\/produit\/labo-de-couleurs-de-slime-licorne\/","url":"https:\/\/ses-creative.com\/fr\/produit\/labo-de-couleurs-de-slime-licorne\/","name":"Labo de couleurs de slime - Licorne - SES Creative","isPartOf":{"@id":"https:\/\/ses-creative.com\/#website"},"primaryImageOfPage":{"@id":"https:\/\/ses-creative.com\/fr\/produit\/labo-de-couleurs-de-slime-licorne\/#primaryimage"},"image":{"@id":"https:\/\/ses-creative.com\/fr\/produit\/labo-de-couleurs-de-slime-licorne\/#primaryimage"},"thumbnailUrl":"https:\/\/ses-creative.com\/wp-content\/uploads\/2026\/01\/150161.jpg","datePublished":"2026-02-12T10:09:51+00:00","dateModified":"2026-02-12T10:23:17+00:00","breadcrumb":{"@id":"https:\/\/ses-creative.com\/fr\/produit\/labo-de-couleurs-de-slime-licorne\/#breadcrumb"},"inLanguage":"fr-FR","potentialAction":[{"@type":"ReadAction","target":["https:\/\/ses-creative.com\/fr\/produit\/labo-de-couleurs-de-slime-licorne\/"]}]},{"@type":"ImageObject","inLanguage":"fr-FR","@id":"https:\/\/ses-creative.com\/fr\/produit\/labo-de-couleurs-de-slime-licorne\/#primaryimage","url":"https:\/\/ses-creative.com\/wp-content\/uploads\/2026\/01\/150161.jpg","contentUrl":"https:\/\/ses-creative.com\/wp-content\/uploads\/2026\/01\/150161.jpg","width":1000,"height":1000},{"@type":"BreadcrumbList","@id":"https:\/\/ses-creative.com\/fr\/produit\/labo-de-couleurs-de-slime-licorne\/#breadcrumb","itemListElement":[{"@type":"ListItem","position":1,"name":"Boutique","item":"https:\/\/ses-creative.com\/fr\/boutique\/"},{"@type":"ListItem","position":2,"name":"Slime","item":"https:\/\/ses-creative.com\/fr\/product-categorie\/slime\/"},{"@type":"ListItem","position":3,"name":"Labo de couleurs de slime &#8211; Licorne"}]},{"@type":"WebSite","@id":"https:\/\/ses-creative.com\/#website","url":"https:\/\/ses-creative.com\/","name":"SES Creative","description":"","publisher":{"@id":"https:\/\/ses-creative.com\/#organization"},"potentialAction":[{"@type":"SearchAction","target":{"@type":"EntryPoint","urlTemplate":"https:\/\/ses-creative.com\/?s={search_term_string}"},"query-input":{"@type":"PropertyValueSpecification","valueRequired":true,"valueName":"search_term_string"}}],"inLanguage":"fr-FR"},{"@type":"Organization","@id":"https:\/\/ses-creative.com\/#organization","name":"SES Creative","url":"https:\/\/ses-creative.com\/","logo":{"@type":"ImageObject","inLanguage":"fr-FR","@id":"https:\/\/ses-creative.com\/#\/schema\/logo\/image\/","url":"https:\/\/ses-creative.com\/wp-content\/uploads\/2025\/10\/ses-creative-logo.jpg","contentUrl":"https:\/\/ses-creative.com\/wp-content\/uploads\/2025\/10\/ses-creative-logo.jpg","width":2037,"height":2037,"caption":"SES Creative"},"image":{"@id":"https:\/\/ses-creative.com\/#\/schema\/logo\/image\/"}}]}},"_links":{"self":[{"href":"https:\/\/ses-creative.com\/fr\/wp-json\/wp\/v2\/product\/118460","targetHints":{"allow":["GET"]}}],"collection":[{"href":"https:\/\/ses-creative.com\/fr\/wp-json\/wp\/v2\/product"}],"about":[{"href":"https:\/\/ses-creative.com\/fr\/wp-json\/wp\/v2\/types\/product"}],"replies":[{"embeddable":true,"href":"https:\/\/ses-creative.com\/fr\/wp-json\/wp\/v2\/comments?post=118460"}],"wp:featuredmedia":[{"embeddable":true,"href":"https:\/\/ses-creative.com\/fr\/wp-json\/wp\/v2\/media\/105236"}],"wp:attachment":[{"href":"https:\/\/ses-creative.com\/fr\/wp-json\/wp\/v2\/media?parent=118460"}],"wp:term":[{"taxonomy":"product_brand","embeddable":true,"href":"https:\/\/ses-creative.com\/fr\/wp-json\/wp\/v2\/product_brand?post=118460"},{"taxonomy":"product_cat","embeddable":true,"href":"https:\/\/ses-creative.com\/fr\/wp-json\/wp\/v2\/product_cat?post=118460"},{"taxonomy":"product_tag","embeddable":true,"href":"https:\/\/ses-creative.com\/fr\/wp-json\/wp\/v2\/product_tag?post=118460"}],"curies":[{"name":"wp","href":"https:\/\/api.w.org\/{rel}","templated":true}]}}