











{"id":118459,"date":"2026-02-12T10:09:50","date_gmt":"2026-02-12T10:09:50","guid":{"rendered":"https:\/\/ses-creative.com\/?post_type=product&#038;p=118459"},"modified":"2026-02-12T10:23:17","modified_gmt":"2026-02-12T10:23:17","slug":"slime-lab-phosphorescent","status":"publish","type":"product","link":"https:\/\/ses-creative.com\/fr\/produit\/slime-lab-phosphorescent\/","title":{"rendered":"Slime lab &#8211; Phosphorescent"},"content":{"rendered":"<p>Fabriquez votre propre slime phosphorescent avec le Slime Lab !<br \/>\nC&rsquo;est l&rsquo;heure du slime ! Vous n&rsquo;avez pas peur de vous salir les mains et vous vous lancez dans le slime lab avec la derni\u00e8re tendance : cr\u00e9er du slime phosphorescent. M\u00e9langez les ingr\u00e9dients, ajoutez les couleurs et regardez votre slime briller dans le noir. Parfait pour les enfants qui aiment exp\u00e9rimenter et jouer !<br \/>\nCe qui rend ce kit g\u00e9nial<br \/>\n&#8211;    M\u00e9langez et jouez<br \/>\n&#8211;    Jouets STEM<br \/>\n&#8211;    Le slime est facilement lavable<br \/>\n&#8211;    Stimule la cr\u00e9ativit\u00e9 et la curiosit\u00e9<br \/>\n&#8211;    Convient aux enfants \u00e0 partir de 8 ans<br \/>\nCr\u00e9ez votre propre slime phosphorescent<br \/>\nAvec ce kit, les enfants peuvent cr\u00e9er leur propre slime phosphorescent. La combinaison de la poudre de slime et de la magie phosphorescente cr\u00e9e des effets magiques dans le noir. Une excellente fa\u00e7on d&rsquo;\u00eatre cr\u00e9atif tout en apprenant quelque chose de nouveau.<br \/>\nCe kit est id\u00e9al pour les parents qui souhaitent faire profiter leurs enfants d&rsquo;une activit\u00e9 cr\u00e9ative et scientifique. Il offre une fa\u00e7on amusante de jouer et d&rsquo;apprendre, tout en stimulant l&rsquo;imagination et la pens\u00e9e scientifique de votre enfant.<br \/>\nContenu du kit<br \/>\n&#8211;    Tout le n\u00e9cessaire pour fabriquer soi-m\u00eame du slime phosphorescent<br \/>\n&#8211;    Mat\u00e9riel n\u00e9cessaire pour fabriquer de la p\u00e2te \u00e0 modeler bleue et jaune<br \/>\n&#8211;    Des \u00e9toiles et des autocollants phosphorescents<br \/>\n&#8211;    Paillettes<br \/>\nPourquoi choisir SES Creative ?<br \/>\nChez SES Creative, nous accordons une grande importance \u00e0 la s\u00e9curit\u00e9. C&rsquo;est pourquoi nos produits sont fabriqu\u00e9s et test\u00e9s dans notre usine aux Pays-Bas, conform\u00e9ment aux normes de s\u00e9curit\u00e9 europ\u00e9ennes les plus strictes. Les jouets SES Creative sont source de plaisir et permettent aux enfants d&rsquo;\u00eatre fiers de leur travail, ce qui stimule leur cr\u00e9ativit\u00e9 et leur d\u00e9veloppement.<br \/>\nCommencez d\u00e8s aujourd&rsquo;hui \u00e0 fabriquer du slime phosphorescent<br \/>\nD\u00e9couvrez le plaisir de fabriquer du slime et cr\u00e9ez les plus belles cr\u00e9ations de slime phosphorescent avec ce kit complet. Parfait pour des heures de jeu cr\u00e9atif !<\/p>\n","protected":false},"excerpt":{"rendered":"<p>Fabriquez votre propre slime phosphorescent avec le Slime Lab ! C&rsquo;est l&rsquo;heure du slime ! Vous n&rsquo;avez pas peur de vous salir les mains et vous vous lancez dans le slime lab avec la derni\u00e8re tendance : cr\u00e9er du slime phosphorescent. M\u00e9langez les ingr\u00e9dients, ajoutez les couleurs et regardez votre slime briller dans le noir. [&hellip;]<\/p>\n","protected":false},"featured_media":105216,"comment_status":"closed","ping_status":"closed","template":"","meta":{"_acf_changed":false},"product_brand":[],"product_cat":[127],"product_tag":[],"class_list":{"0":"post-118459","1":"product","2":"type-product","3":"status-publish","4":"has-post-thumbnail","6":"product_cat-slime","7":"pa_collecties-slime-lab","8":"pa_leeftijd-filter-6-ans","9":"pa_meest-populair-bij-garcons-filles","11":"first","12":"instock","13":"shipping-taxable","14":"product-type-simple"},"acf":[],"yoast_head":"<!-- This site is optimized with the Yoast SEO plugin v27.4 - https:\/\/yoast.com\/product\/yoast-seo-wordpress\/ -->\n<title>Slime lab - Phosphorescent - SES Creative<\/title>\n<meta name=\"robots\" content=\"index, follow, max-snippet:-1, max-image-preview:large, max-video-preview:-1\" \/>\n<link rel=\"canonical\" href=\"https:\/\/ses-creative.com\/fr\/produit\/slime-lab-phosphorescent\/\" \/>\n<meta property=\"og:locale\" content=\"fr_FR\" \/>\n<meta property=\"og:type\" content=\"article\" \/>\n<meta property=\"og:title\" content=\"Slime lab - Phosphorescent - SES Creative\" \/>\n<meta property=\"og:description\" content=\"Fabriquez votre propre slime phosphorescent avec le Slime Lab ! C&rsquo;est l&rsquo;heure du slime ! Vous n&rsquo;avez pas peur de vous salir les mains et vous vous lancez dans le slime lab avec la derni\u00e8re tendance : cr\u00e9er du slime phosphorescent. M\u00e9langez les ingr\u00e9dients, ajoutez les couleurs et regardez votre slime briller dans le noir. [&hellip;]\" \/>\n<meta property=\"og:url\" content=\"https:\/\/ses-creative.com\/fr\/produit\/slime-lab-phosphorescent\/\" \/>\n<meta property=\"og:site_name\" content=\"SES Creative\" \/>\n<meta property=\"article:modified_time\" content=\"2026-02-12T10:23:17+00:00\" \/>\n<meta name=\"twitter:card\" content=\"summary_large_image\" \/>\n<meta name=\"twitter:label1\" content=\"Dur\u00e9e de lecture estim\u00e9e\" \/>\n\t<meta name=\"twitter:data1\" content=\"2 minutes\" \/>\n<script type=\"application\/ld+json\" class=\"yoast-schema-graph\">{\"@context\":\"https:\\\/\\\/schema.org\",\"@graph\":[{\"@type\":\"WebPage\",\"@id\":\"https:\\\/\\\/ses-creative.com\\\/fr\\\/produit\\\/slime-lab-phosphorescent\\\/\",\"url\":\"https:\\\/\\\/ses-creative.com\\\/fr\\\/produit\\\/slime-lab-phosphorescent\\\/\",\"name\":\"Slime lab - Phosphorescent - SES Creative\",\"isPartOf\":{\"@id\":\"https:\\\/\\\/ses-creative.com\\\/#website\"},\"primaryImageOfPage\":{\"@id\":\"https:\\\/\\\/ses-creative.com\\\/fr\\\/produit\\\/slime-lab-phosphorescent\\\/#primaryimage\"},\"image\":{\"@id\":\"https:\\\/\\\/ses-creative.com\\\/fr\\\/produit\\\/slime-lab-phosphorescent\\\/#primaryimage\"},\"thumbnailUrl\":\"https:\\\/\\\/ses-creative.com\\\/wp-content\\\/uploads\\\/2026\\\/01\\\/150151.jpg\",\"datePublished\":\"2026-02-12T10:09:50+00:00\",\"dateModified\":\"2026-02-12T10:23:17+00:00\",\"breadcrumb\":{\"@id\":\"https:\\\/\\\/ses-creative.com\\\/fr\\\/produit\\\/slime-lab-phosphorescent\\\/#breadcrumb\"},\"inLanguage\":\"fr-FR\",\"potentialAction\":[{\"@type\":\"ReadAction\",\"target\":[\"https:\\\/\\\/ses-creative.com\\\/fr\\\/produit\\\/slime-lab-phosphorescent\\\/\"]}]},{\"@type\":\"ImageObject\",\"inLanguage\":\"fr-FR\",\"@id\":\"https:\\\/\\\/ses-creative.com\\\/fr\\\/produit\\\/slime-lab-phosphorescent\\\/#primaryimage\",\"url\":\"https:\\\/\\\/ses-creative.com\\\/wp-content\\\/uploads\\\/2026\\\/01\\\/150151.jpg\",\"contentUrl\":\"https:\\\/\\\/ses-creative.com\\\/wp-content\\\/uploads\\\/2026\\\/01\\\/150151.jpg\",\"width\":1000,\"height\":1000},{\"@type\":\"BreadcrumbList\",\"@id\":\"https:\\\/\\\/ses-creative.com\\\/fr\\\/produit\\\/slime-lab-phosphorescent\\\/#breadcrumb\",\"itemListElement\":[{\"@type\":\"ListItem\",\"position\":1,\"name\":\"Boutique\",\"item\":\"https:\\\/\\\/ses-creative.com\\\/fr\\\/boutique\\\/\"},{\"@type\":\"ListItem\",\"position\":2,\"name\":\"Slime\",\"item\":\"https:\\\/\\\/ses-creative.com\\\/fr\\\/product-categorie\\\/slime\\\/\"},{\"@type\":\"ListItem\",\"position\":3,\"name\":\"Slime lab &#8211; Phosphorescent\"}]},{\"@type\":\"WebSite\",\"@id\":\"https:\\\/\\\/ses-creative.com\\\/#website\",\"url\":\"https:\\\/\\\/ses-creative.com\\\/\",\"name\":\"SES Creative\",\"description\":\"\",\"publisher\":{\"@id\":\"https:\\\/\\\/ses-creative.com\\\/#organization\"},\"potentialAction\":[{\"@type\":\"SearchAction\",\"target\":{\"@type\":\"EntryPoint\",\"urlTemplate\":\"https:\\\/\\\/ses-creative.com\\\/?s={search_term_string}\"},\"query-input\":{\"@type\":\"PropertyValueSpecification\",\"valueRequired\":true,\"valueName\":\"search_term_string\"}}],\"inLanguage\":\"fr-FR\"},{\"@type\":\"Organization\",\"@id\":\"https:\\\/\\\/ses-creative.com\\\/#organization\",\"name\":\"SES Creative\",\"url\":\"https:\\\/\\\/ses-creative.com\\\/\",\"logo\":{\"@type\":\"ImageObject\",\"inLanguage\":\"fr-FR\",\"@id\":\"https:\\\/\\\/ses-creative.com\\\/#\\\/schema\\\/logo\\\/image\\\/\",\"url\":\"https:\\\/\\\/ses-creative.com\\\/wp-content\\\/uploads\\\/2025\\\/10\\\/ses-creative-logo.jpg\",\"contentUrl\":\"https:\\\/\\\/ses-creative.com\\\/wp-content\\\/uploads\\\/2025\\\/10\\\/ses-creative-logo.jpg\",\"width\":2037,\"height\":2037,\"caption\":\"SES Creative\"},\"image\":{\"@id\":\"https:\\\/\\\/ses-creative.com\\\/#\\\/schema\\\/logo\\\/image\\\/\"}}]}<\/script>\n<!-- \/ Yoast SEO plugin. -->","yoast_head_json":{"title":"Slime lab - Phosphorescent - SES Creative","robots":{"index":"index","follow":"follow","max-snippet":"max-snippet:-1","max-image-preview":"max-image-preview:large","max-video-preview":"max-video-preview:-1"},"canonical":"https:\/\/ses-creative.com\/fr\/produit\/slime-lab-phosphorescent\/","og_locale":"fr_FR","og_type":"article","og_title":"Slime lab - Phosphorescent - SES Creative","og_description":"Fabriquez votre propre slime phosphorescent avec le Slime Lab ! C&rsquo;est l&rsquo;heure du slime ! Vous n&rsquo;avez pas peur de vous salir les mains et vous vous lancez dans le slime lab avec la derni\u00e8re tendance : cr\u00e9er du slime phosphorescent. M\u00e9langez les ingr\u00e9dients, ajoutez les couleurs et regardez votre slime briller dans le noir. [&hellip;]","og_url":"https:\/\/ses-creative.com\/fr\/produit\/slime-lab-phosphorescent\/","og_site_name":"SES Creative","article_modified_time":"2026-02-12T10:23:17+00:00","twitter_card":"summary_large_image","twitter_misc":{"Dur\u00e9e de lecture estim\u00e9e":"2 minutes"},"schema":{"@context":"https:\/\/schema.org","@graph":[{"@type":"WebPage","@id":"https:\/\/ses-creative.com\/fr\/produit\/slime-lab-phosphorescent\/","url":"https:\/\/ses-creative.com\/fr\/produit\/slime-lab-phosphorescent\/","name":"Slime lab - Phosphorescent - SES Creative","isPartOf":{"@id":"https:\/\/ses-creative.com\/#website"},"primaryImageOfPage":{"@id":"https:\/\/ses-creative.com\/fr\/produit\/slime-lab-phosphorescent\/#primaryimage"},"image":{"@id":"https:\/\/ses-creative.com\/fr\/produit\/slime-lab-phosphorescent\/#primaryimage"},"thumbnailUrl":"https:\/\/ses-creative.com\/wp-content\/uploads\/2026\/01\/150151.jpg","datePublished":"2026-02-12T10:09:50+00:00","dateModified":"2026-02-12T10:23:17+00:00","breadcrumb":{"@id":"https:\/\/ses-creative.com\/fr\/produit\/slime-lab-phosphorescent\/#breadcrumb"},"inLanguage":"fr-FR","potentialAction":[{"@type":"ReadAction","target":["https:\/\/ses-creative.com\/fr\/produit\/slime-lab-phosphorescent\/"]}]},{"@type":"ImageObject","inLanguage":"fr-FR","@id":"https:\/\/ses-creative.com\/fr\/produit\/slime-lab-phosphorescent\/#primaryimage","url":"https:\/\/ses-creative.com\/wp-content\/uploads\/2026\/01\/150151.jpg","contentUrl":"https:\/\/ses-creative.com\/wp-content\/uploads\/2026\/01\/150151.jpg","width":1000,"height":1000},{"@type":"BreadcrumbList","@id":"https:\/\/ses-creative.com\/fr\/produit\/slime-lab-phosphorescent\/#breadcrumb","itemListElement":[{"@type":"ListItem","position":1,"name":"Boutique","item":"https:\/\/ses-creative.com\/fr\/boutique\/"},{"@type":"ListItem","position":2,"name":"Slime","item":"https:\/\/ses-creative.com\/fr\/product-categorie\/slime\/"},{"@type":"ListItem","position":3,"name":"Slime lab &#8211; Phosphorescent"}]},{"@type":"WebSite","@id":"https:\/\/ses-creative.com\/#website","url":"https:\/\/ses-creative.com\/","name":"SES Creative","description":"","publisher":{"@id":"https:\/\/ses-creative.com\/#organization"},"potentialAction":[{"@type":"SearchAction","target":{"@type":"EntryPoint","urlTemplate":"https:\/\/ses-creative.com\/?s={search_term_string}"},"query-input":{"@type":"PropertyValueSpecification","valueRequired":true,"valueName":"search_term_string"}}],"inLanguage":"fr-FR"},{"@type":"Organization","@id":"https:\/\/ses-creative.com\/#organization","name":"SES Creative","url":"https:\/\/ses-creative.com\/","logo":{"@type":"ImageObject","inLanguage":"fr-FR","@id":"https:\/\/ses-creative.com\/#\/schema\/logo\/image\/","url":"https:\/\/ses-creative.com\/wp-content\/uploads\/2025\/10\/ses-creative-logo.jpg","contentUrl":"https:\/\/ses-creative.com\/wp-content\/uploads\/2025\/10\/ses-creative-logo.jpg","width":2037,"height":2037,"caption":"SES Creative"},"image":{"@id":"https:\/\/ses-creative.com\/#\/schema\/logo\/image\/"}}]}},"_links":{"self":[{"href":"https:\/\/ses-creative.com\/fr\/wp-json\/wp\/v2\/product\/118459","targetHints":{"allow":["GET"]}}],"collection":[{"href":"https:\/\/ses-creative.com\/fr\/wp-json\/wp\/v2\/product"}],"about":[{"href":"https:\/\/ses-creative.com\/fr\/wp-json\/wp\/v2\/types\/product"}],"replies":[{"embeddable":true,"href":"https:\/\/ses-creative.com\/fr\/wp-json\/wp\/v2\/comments?post=118459"}],"wp:featuredmedia":[{"embeddable":true,"href":"https:\/\/ses-creative.com\/fr\/wp-json\/wp\/v2\/media\/105216"}],"wp:attachment":[{"href":"https:\/\/ses-creative.com\/fr\/wp-json\/wp\/v2\/media?parent=118459"}],"wp:term":[{"taxonomy":"product_brand","embeddable":true,"href":"https:\/\/ses-creative.com\/fr\/wp-json\/wp\/v2\/product_brand?post=118459"},{"taxonomy":"product_cat","embeddable":true,"href":"https:\/\/ses-creative.com\/fr\/wp-json\/wp\/v2\/product_cat?post=118459"},{"taxonomy":"product_tag","embeddable":true,"href":"https:\/\/ses-creative.com\/fr\/wp-json\/wp\/v2\/product_tag?post=118459"}],"curies":[{"name":"wp","href":"https:\/\/api.w.org\/{rel}","templated":true}]}}