











{"id":118458,"date":"2026-02-12T10:09:50","date_gmt":"2026-02-12T10:09:50","guid":{"rendered":"https:\/\/ses-creative.com\/?post_type=product&#038;p=118458"},"modified":"2026-02-12T10:23:16","modified_gmt":"2026-02-12T10:23:16","slug":"labo-a-slime-licorne","status":"publish","type":"product","link":"https:\/\/ses-creative.com\/fr\/produit\/labo-a-slime-licorne\/","title":{"rendered":"Labo \u00e0 slime &#8211; Licorne"},"content":{"rendered":"<p>Cr\u00e9ez un slime licorne magique avec le Slime Lab !<br \/>\nFabriquer du slime n&rsquo;a jamais \u00e9t\u00e9 aussi amusant et magique ! Avec le Slime Lab &#8211; Licorne de SES Creative, vous pouvez cr\u00e9er votre propre slime licorne dans des couleurs scintillantes. M\u00e9langez votre slime, choisissez vos perles pr\u00e9f\u00e9r\u00e9es et ajoutez des paillettes magiques pour un effet encore plus sp\u00e9cial. C&rsquo;est le jouet STEM parfait pour les enfants \u00e0 partir de 8 ans qui aiment les exp\u00e9riences cr\u00e9atives.<br \/>\nCe qui rend ce set g\u00e9nial<br \/>\n&#8211;    M\u00e9langez et jouez avec votre propre slime licorne<br \/>\n&#8211;    Ce slime est sans gluten<br \/>\n&#8211;    Les perles et les paillettes sont totalement sans danger<br \/>\n&#8211;    Parfait pour les enfants \u00e0 partir de 8 ans<br \/>\n&#8211;    Des heures de plaisir et d&rsquo;exp\u00e9rimentation<br \/>\nCr\u00e9ez votre propre slime licorne magique<br \/>\nAvec ce kit, les enfants peuvent cr\u00e9er leur propre slime et le personnaliser avec des paillettes color\u00e9es et des colorants. Le processus de m\u00e9lange et d&rsquo;exp\u00e9rimentation de diff\u00e9rentes combinaisons rend ce kit non seulement amusant, mais aussi \u00e9ducatif. Les enfants peuvent s&rsquo;initier \u00e0 la chimie de base de mani\u00e8re ludique tout en laissant libre cours \u00e0 leur cr\u00e9ativit\u00e9.<br \/>\nQue vous jouiez seul ou avec des amis, ce kit contient tout ce dont vous avez besoin pour une aventure magique avec la p\u00e2te \u00e0 modeler. C&rsquo;est le moyen id\u00e9al pour occuper les enfants et leur faire d\u00e9couvrir la magie de la p\u00e2te \u00e0 modeler faite maison.<br \/>\nContenu du kit<br \/>\n&#8211;    Tout le n\u00e9cessaire pour fabriquer du slime rose paillet\u00e9<br \/>\n&#8211;    Perles<br \/>\n&#8211;    Sachet ziplock licorne avec autocollant<br \/>\nPourquoi choisir SES Creative ?<br \/>\nChez SES Creative, nous accordons une grande importance \u00e0 la s\u00e9curit\u00e9. C&rsquo;est pourquoi nos produits sont fabriqu\u00e9s et test\u00e9s dans notre usine aux Pays-Bas, conform\u00e9ment aux normes de s\u00e9curit\u00e9 europ\u00e9ennes les plus strictes. Les jouets SES Creative sont source de plaisir et permettent aux enfants d&rsquo;\u00eatre fiers de leur travail, ce qui stimule leur cr\u00e9ativit\u00e9 et leur d\u00e9veloppement.<br \/>\nCommencez d\u00e8s aujourd&rsquo;hui \u00e0 cr\u00e9er votre propre slime licorne !<br \/>\nAvec le Slime Lab &#8211; Licorne, les enfants peuvent cr\u00e9er leur propre slime magique et s&rsquo;amuser sans fin. Rassemblez le mat\u00e9riel et commencez \u00e0 cr\u00e9er vos propres slimes uniques !<\/p>\n","protected":false},"excerpt":{"rendered":"<p>Cr\u00e9ez un slime licorne magique avec le Slime Lab ! Fabriquer du slime n&rsquo;a jamais \u00e9t\u00e9 aussi amusant et magique ! Avec le Slime Lab &#8211; Licorne de SES Creative, vous pouvez cr\u00e9er votre propre slime licorne dans des couleurs scintillantes. M\u00e9langez votre slime, choisissez vos perles pr\u00e9f\u00e9r\u00e9es et ajoutez des paillettes magiques pour un [&hellip;]<\/p>\n","protected":false},"featured_media":105196,"comment_status":"closed","ping_status":"closed","template":"","meta":{"_acf_changed":false},"product_brand":[],"product_cat":[127],"product_tag":[],"class_list":{"0":"post-118458","1":"product","2":"type-product","3":"status-publish","4":"has-post-thumbnail","6":"product_cat-slime","7":"pa_collecties-slime-lab","8":"pa_leeftijd-filter-6-ans","9":"pa_meest-populair-bij-garcons-filles","11":"first","12":"instock","13":"shipping-taxable","14":"product-type-simple"},"acf":[],"yoast_head":"<!-- This site is optimized with the Yoast SEO plugin v27.4 - https:\/\/yoast.com\/product\/yoast-seo-wordpress\/ -->\n<title>Labo \u00e0 slime - Licorne - SES Creative<\/title>\n<meta name=\"robots\" content=\"index, follow, max-snippet:-1, max-image-preview:large, max-video-preview:-1\" \/>\n<link rel=\"canonical\" href=\"https:\/\/ses-creative.com\/fr\/produit\/labo-a-slime-licorne\/\" \/>\n<meta property=\"og:locale\" content=\"fr_FR\" \/>\n<meta property=\"og:type\" content=\"article\" \/>\n<meta property=\"og:title\" content=\"Labo \u00e0 slime - Licorne - SES Creative\" \/>\n<meta property=\"og:description\" content=\"Cr\u00e9ez un slime licorne magique avec le Slime Lab ! Fabriquer du slime n&rsquo;a jamais \u00e9t\u00e9 aussi amusant et magique ! Avec le Slime Lab &#8211; Licorne de SES Creative, vous pouvez cr\u00e9er votre propre slime licorne dans des couleurs scintillantes. M\u00e9langez votre slime, choisissez vos perles pr\u00e9f\u00e9r\u00e9es et ajoutez des paillettes magiques pour un [&hellip;]\" \/>\n<meta property=\"og:url\" content=\"https:\/\/ses-creative.com\/fr\/produit\/labo-a-slime-licorne\/\" \/>\n<meta property=\"og:site_name\" content=\"SES Creative\" \/>\n<meta property=\"article:modified_time\" content=\"2026-02-12T10:23:16+00:00\" \/>\n<meta name=\"twitter:card\" content=\"summary_large_image\" \/>\n<meta name=\"twitter:label1\" content=\"Dur\u00e9e de lecture estim\u00e9e\" \/>\n\t<meta name=\"twitter:data1\" content=\"2 minutes\" \/>\n<script type=\"application\/ld+json\" class=\"yoast-schema-graph\">{\"@context\":\"https:\\\/\\\/schema.org\",\"@graph\":[{\"@type\":\"WebPage\",\"@id\":\"https:\\\/\\\/ses-creative.com\\\/fr\\\/produit\\\/labo-a-slime-licorne\\\/\",\"url\":\"https:\\\/\\\/ses-creative.com\\\/fr\\\/produit\\\/labo-a-slime-licorne\\\/\",\"name\":\"Labo \u00e0 slime - Licorne - SES Creative\",\"isPartOf\":{\"@id\":\"https:\\\/\\\/ses-creative.com\\\/#website\"},\"primaryImageOfPage\":{\"@id\":\"https:\\\/\\\/ses-creative.com\\\/fr\\\/produit\\\/labo-a-slime-licorne\\\/#primaryimage\"},\"image\":{\"@id\":\"https:\\\/\\\/ses-creative.com\\\/fr\\\/produit\\\/labo-a-slime-licorne\\\/#primaryimage\"},\"thumbnailUrl\":\"https:\\\/\\\/ses-creative.com\\\/wp-content\\\/uploads\\\/2026\\\/01\\\/150131.jpg\",\"datePublished\":\"2026-02-12T10:09:50+00:00\",\"dateModified\":\"2026-02-12T10:23:16+00:00\",\"breadcrumb\":{\"@id\":\"https:\\\/\\\/ses-creative.com\\\/fr\\\/produit\\\/labo-a-slime-licorne\\\/#breadcrumb\"},\"inLanguage\":\"fr-FR\",\"potentialAction\":[{\"@type\":\"ReadAction\",\"target\":[\"https:\\\/\\\/ses-creative.com\\\/fr\\\/produit\\\/labo-a-slime-licorne\\\/\"]}]},{\"@type\":\"ImageObject\",\"inLanguage\":\"fr-FR\",\"@id\":\"https:\\\/\\\/ses-creative.com\\\/fr\\\/produit\\\/labo-a-slime-licorne\\\/#primaryimage\",\"url\":\"https:\\\/\\\/ses-creative.com\\\/wp-content\\\/uploads\\\/2026\\\/01\\\/150131.jpg\",\"contentUrl\":\"https:\\\/\\\/ses-creative.com\\\/wp-content\\\/uploads\\\/2026\\\/01\\\/150131.jpg\",\"width\":1000,\"height\":1000},{\"@type\":\"BreadcrumbList\",\"@id\":\"https:\\\/\\\/ses-creative.com\\\/fr\\\/produit\\\/labo-a-slime-licorne\\\/#breadcrumb\",\"itemListElement\":[{\"@type\":\"ListItem\",\"position\":1,\"name\":\"Boutique\",\"item\":\"https:\\\/\\\/ses-creative.com\\\/fr\\\/boutique\\\/\"},{\"@type\":\"ListItem\",\"position\":2,\"name\":\"Slime\",\"item\":\"https:\\\/\\\/ses-creative.com\\\/fr\\\/product-categorie\\\/slime\\\/\"},{\"@type\":\"ListItem\",\"position\":3,\"name\":\"Labo \u00e0 slime &#8211; Licorne\"}]},{\"@type\":\"WebSite\",\"@id\":\"https:\\\/\\\/ses-creative.com\\\/#website\",\"url\":\"https:\\\/\\\/ses-creative.com\\\/\",\"name\":\"SES Creative\",\"description\":\"\",\"publisher\":{\"@id\":\"https:\\\/\\\/ses-creative.com\\\/#organization\"},\"potentialAction\":[{\"@type\":\"SearchAction\",\"target\":{\"@type\":\"EntryPoint\",\"urlTemplate\":\"https:\\\/\\\/ses-creative.com\\\/?s={search_term_string}\"},\"query-input\":{\"@type\":\"PropertyValueSpecification\",\"valueRequired\":true,\"valueName\":\"search_term_string\"}}],\"inLanguage\":\"fr-FR\"},{\"@type\":\"Organization\",\"@id\":\"https:\\\/\\\/ses-creative.com\\\/#organization\",\"name\":\"SES Creative\",\"url\":\"https:\\\/\\\/ses-creative.com\\\/\",\"logo\":{\"@type\":\"ImageObject\",\"inLanguage\":\"fr-FR\",\"@id\":\"https:\\\/\\\/ses-creative.com\\\/#\\\/schema\\\/logo\\\/image\\\/\",\"url\":\"https:\\\/\\\/ses-creative.com\\\/wp-content\\\/uploads\\\/2025\\\/10\\\/ses-creative-logo.jpg\",\"contentUrl\":\"https:\\\/\\\/ses-creative.com\\\/wp-content\\\/uploads\\\/2025\\\/10\\\/ses-creative-logo.jpg\",\"width\":2037,\"height\":2037,\"caption\":\"SES Creative\"},\"image\":{\"@id\":\"https:\\\/\\\/ses-creative.com\\\/#\\\/schema\\\/logo\\\/image\\\/\"}}]}<\/script>\n<!-- \/ Yoast SEO plugin. -->","yoast_head_json":{"title":"Labo \u00e0 slime - Licorne - SES Creative","robots":{"index":"index","follow":"follow","max-snippet":"max-snippet:-1","max-image-preview":"max-image-preview:large","max-video-preview":"max-video-preview:-1"},"canonical":"https:\/\/ses-creative.com\/fr\/produit\/labo-a-slime-licorne\/","og_locale":"fr_FR","og_type":"article","og_title":"Labo \u00e0 slime - Licorne - SES Creative","og_description":"Cr\u00e9ez un slime licorne magique avec le Slime Lab ! Fabriquer du slime n&rsquo;a jamais \u00e9t\u00e9 aussi amusant et magique ! Avec le Slime Lab &#8211; Licorne de SES Creative, vous pouvez cr\u00e9er votre propre slime licorne dans des couleurs scintillantes. M\u00e9langez votre slime, choisissez vos perles pr\u00e9f\u00e9r\u00e9es et ajoutez des paillettes magiques pour un [&hellip;]","og_url":"https:\/\/ses-creative.com\/fr\/produit\/labo-a-slime-licorne\/","og_site_name":"SES Creative","article_modified_time":"2026-02-12T10:23:16+00:00","twitter_card":"summary_large_image","twitter_misc":{"Dur\u00e9e de lecture estim\u00e9e":"2 minutes"},"schema":{"@context":"https:\/\/schema.org","@graph":[{"@type":"WebPage","@id":"https:\/\/ses-creative.com\/fr\/produit\/labo-a-slime-licorne\/","url":"https:\/\/ses-creative.com\/fr\/produit\/labo-a-slime-licorne\/","name":"Labo \u00e0 slime - Licorne - SES Creative","isPartOf":{"@id":"https:\/\/ses-creative.com\/#website"},"primaryImageOfPage":{"@id":"https:\/\/ses-creative.com\/fr\/produit\/labo-a-slime-licorne\/#primaryimage"},"image":{"@id":"https:\/\/ses-creative.com\/fr\/produit\/labo-a-slime-licorne\/#primaryimage"},"thumbnailUrl":"https:\/\/ses-creative.com\/wp-content\/uploads\/2026\/01\/150131.jpg","datePublished":"2026-02-12T10:09:50+00:00","dateModified":"2026-02-12T10:23:16+00:00","breadcrumb":{"@id":"https:\/\/ses-creative.com\/fr\/produit\/labo-a-slime-licorne\/#breadcrumb"},"inLanguage":"fr-FR","potentialAction":[{"@type":"ReadAction","target":["https:\/\/ses-creative.com\/fr\/produit\/labo-a-slime-licorne\/"]}]},{"@type":"ImageObject","inLanguage":"fr-FR","@id":"https:\/\/ses-creative.com\/fr\/produit\/labo-a-slime-licorne\/#primaryimage","url":"https:\/\/ses-creative.com\/wp-content\/uploads\/2026\/01\/150131.jpg","contentUrl":"https:\/\/ses-creative.com\/wp-content\/uploads\/2026\/01\/150131.jpg","width":1000,"height":1000},{"@type":"BreadcrumbList","@id":"https:\/\/ses-creative.com\/fr\/produit\/labo-a-slime-licorne\/#breadcrumb","itemListElement":[{"@type":"ListItem","position":1,"name":"Boutique","item":"https:\/\/ses-creative.com\/fr\/boutique\/"},{"@type":"ListItem","position":2,"name":"Slime","item":"https:\/\/ses-creative.com\/fr\/product-categorie\/slime\/"},{"@type":"ListItem","position":3,"name":"Labo \u00e0 slime &#8211; Licorne"}]},{"@type":"WebSite","@id":"https:\/\/ses-creative.com\/#website","url":"https:\/\/ses-creative.com\/","name":"SES Creative","description":"","publisher":{"@id":"https:\/\/ses-creative.com\/#organization"},"potentialAction":[{"@type":"SearchAction","target":{"@type":"EntryPoint","urlTemplate":"https:\/\/ses-creative.com\/?s={search_term_string}"},"query-input":{"@type":"PropertyValueSpecification","valueRequired":true,"valueName":"search_term_string"}}],"inLanguage":"fr-FR"},{"@type":"Organization","@id":"https:\/\/ses-creative.com\/#organization","name":"SES Creative","url":"https:\/\/ses-creative.com\/","logo":{"@type":"ImageObject","inLanguage":"fr-FR","@id":"https:\/\/ses-creative.com\/#\/schema\/logo\/image\/","url":"https:\/\/ses-creative.com\/wp-content\/uploads\/2025\/10\/ses-creative-logo.jpg","contentUrl":"https:\/\/ses-creative.com\/wp-content\/uploads\/2025\/10\/ses-creative-logo.jpg","width":2037,"height":2037,"caption":"SES Creative"},"image":{"@id":"https:\/\/ses-creative.com\/#\/schema\/logo\/image\/"}}]}},"_links":{"self":[{"href":"https:\/\/ses-creative.com\/fr\/wp-json\/wp\/v2\/product\/118458","targetHints":{"allow":["GET"]}}],"collection":[{"href":"https:\/\/ses-creative.com\/fr\/wp-json\/wp\/v2\/product"}],"about":[{"href":"https:\/\/ses-creative.com\/fr\/wp-json\/wp\/v2\/types\/product"}],"replies":[{"embeddable":true,"href":"https:\/\/ses-creative.com\/fr\/wp-json\/wp\/v2\/comments?post=118458"}],"wp:featuredmedia":[{"embeddable":true,"href":"https:\/\/ses-creative.com\/fr\/wp-json\/wp\/v2\/media\/105196"}],"wp:attachment":[{"href":"https:\/\/ses-creative.com\/fr\/wp-json\/wp\/v2\/media?parent=118458"}],"wp:term":[{"taxonomy":"product_brand","embeddable":true,"href":"https:\/\/ses-creative.com\/fr\/wp-json\/wp\/v2\/product_brand?post=118458"},{"taxonomy":"product_cat","embeddable":true,"href":"https:\/\/ses-creative.com\/fr\/wp-json\/wp\/v2\/product_cat?post=118458"},{"taxonomy":"product_tag","embeddable":true,"href":"https:\/\/ses-creative.com\/fr\/wp-json\/wp\/v2\/product_tag?post=118458"}],"curies":[{"name":"wp","href":"https:\/\/api.w.org\/{rel}","templated":true}]}}